{"id":17119,"date":"2026-01-13T16:33:11","date_gmt":"2026-01-13T14:33:11","guid":{"rendered":"https:\/\/mekulo.com\/no\/produkt\/90-graders-rettvinklet-klemme\/"},"modified":"2026-01-13T16:33:11","modified_gmt":"2026-01-13T14:33:11","slug":"90-graders-rettvinklet-klemme","status":"publish","type":"product","link":"https:\/\/mekulo.com\/no\/produkt\/90-graders-rettvinklet-klemme\/","title":{"rendered":"90-graders rettvinklet klemme"},"content":{"rendered":"<p style=\"text-align: center\" data-start=\"0\" data-end=\"67\"><strong data-start=\"0\" data-end=\"67\">Holder hj\u00f8rnene perfekt i 90\u00b0 for n\u00f8yaktig og stabil montering. \ud83d\udcd0\ud83d\udee0\ufe0f<\/strong><\/p>\n<p data-start=\"69\" data-end=\"286\"><img fetchpriority=\"high\" decoding=\"async\" class=\"size-full wp-image-45535 aligncenter\" src=\"https:\/\/keluvo.com\/template\/wp-content\/uploads\/sites\/5\/2025\/12\/102212-ezgif.com-video-to-webp-converter-1-2.webp\" alt=\"\" width=\"500\" height=\"500\" \/><\/p>\n<h2 style=\"text-align: center\" data-start=\"288\" data-end=\"308\"><strong>Hovedfordeler<\/strong><\/h2>\n<p data-start=\"311\" data-end=\"377\">\ud83d\udcd0 Perfekt 90\u00b0 justering &#8211; holder hj\u00f8rnene rette og n\u00f8yaktige.<\/p>\n<p data-start=\"380\" data-end=\"444\">\ud83d\udcaa Sterk klemmekraft &#8211; holder materialene godt p\u00e5 plass.<\/p>\n<p data-start=\"447\" data-end=\"525\">\ud83d\udee0\ufe0f Allsidig bruk &#8211; perfekt til trebearbeiding, sveising, rammer og skap.<\/p>\n<p data-start=\"528\" data-end=\"601\">\ud83e\uddf1 Slitesterk metallkonstruksjon &#8211; robust aluminiumslegering for langvarig bruk.<\/p>\n<p data-start=\"604\" data-end=\"666\">\u2699\ufe0f Justerbar rekkevidde &#8211; klemmer fast materialer med en tykkelse p\u00e5 opptil 70 mm.<\/p>\n<p data-start=\"669\" data-end=\"732\">\u270b Enkel h\u00e5ndtering &#8211; lettvektsdesign reduserer tretthet i hendene.<\/p>\n<p data-start=\"669\" data-end=\"732\"><img decoding=\"async\" class=\"size-full wp-image-45536 aligncenter\" src=\"https:\/\/keluvo.com\/template\/wp-content\/uploads\/sites\/5\/2025\/12\/102211-ezgif.com-video-to-webp-converter-1-2.webp\" alt=\"\" width=\"500\" height=\"500\" \/><\/p>\n<h2 style=\"text-align: center\" data-start=\"734\" data-end=\"752\"><strong>Slik Bruker Du Klemmen<\/strong><\/h2>\n<ol data-start=\"753\" data-end=\"980\">\n<li data-start=\"753\" data-end=\"804\">\n<p data-start=\"756\" data-end=\"804\">\u00c5pne klemmen ved \u00e5 vri p\u00e5 det gjengede h\u00e5ndtaket.<\/p>\n<\/li>\n<li data-start=\"805\" data-end=\"865\">\n<p data-start=\"808\" data-end=\"865\">Plasser de to arbeidsstykkene i klemmen i en vinkel p\u00e5 90 grader.<\/p>\n<\/li>\n<li data-start=\"866\" data-end=\"921\">\n<p data-start=\"869\" data-end=\"921\">Stram h\u00e5ndtaket til materialene sitter godt fast.<\/p>\n<\/li>\n<li data-start=\"922\" data-end=\"980\">\n<p data-start=\"925\" data-end=\"980\">Fortsett med boring, liming, sveising eller festing.<\/p>\n<\/li>\n<\/ol>\n<h2 style=\"text-align: center\" data-start=\"982\" data-end=\"1004\"><strong>Produktdetaljer<\/strong><\/h2>\n<ul data-start=\"1005\" data-end=\"1240\">\n<li data-start=\"1051\" data-end=\"1079\">\n<p data-start=\"1053\" data-end=\"1079\">Materiale: aluminiumslegering<\/p>\n<\/li>\n<li data-start=\"1080\" data-end=\"1106\">\n<p data-start=\"1082\" data-end=\"1106\">Struktur: vinkelklemme<\/p>\n<\/li>\n<li data-start=\"1107\" data-end=\"1128\">\n<p data-start=\"1109\" data-end=\"1128\">Vinkel: 90 grader<\/p>\n<\/li>\n<li data-start=\"1129\" data-end=\"1159\">\n<p data-start=\"1131\" data-end=\"1159\">Maksimalt klemmeomr\u00e5de: 70 mm<\/p>\n<\/li>\n<li data-start=\"1160\" data-end=\"1212\">\n<p data-start=\"1162\" data-end=\"1212\">Anvendelse: trebearbeiding, metallbearbeiding, gj\u00f8r-det-selv-prosjekter<\/p>\n<\/li>\n<li data-start=\"1213\" data-end=\"1240\">\n<p data-start=\"1215\" data-end=\"1240\">Standard: standard st\u00f8rrelse<\/p>\n<\/li>\n<\/ul>\n<h2 style=\"text-align: center\" data-start=\"1242\" data-end=\"1265\"><strong>Pakken Inneholder<\/strong><\/h2>\n<ul data-start=\"1266\" data-end=\"1301\">\n<li data-start=\"1266\" data-end=\"1301\">\n<p data-start=\"1268\" data-end=\"1301\">1x 90-graders rettvinklet klemme.<\/p>\n<\/li>\n<\/ul>\n","protected":false},"excerpt":{"rendered":"<p>Denne 90-graders vinkelklemmen hjelper deg med \u00e5 justere og feste materialer i en presis rett vinkel for rene, profesjonelle resultater. Den er ideell for trearbeid, sveising og gj\u00f8r-det-selv-prosjekter der n\u00f8yaktighet og stabilitet er viktig. En p\u00e5litelig klemme som gj\u00f8r vinkelskj\u00f8ter raskere, enklere og mer presise for alle prosjekter.<\/p>\n","protected":false},"featured_media":17115,"comment_status":"open","ping_status":"closed","template":"","meta":{"site-sidebar-layout":"default","site-content-layout":"","ast-site-content-layout":"default","site-content-style":"default","site-sidebar-style":"default","ast-global-header-display":"","ast-banner-title-visibility":"","ast-main-header-display":"","ast-hfb-above-header-display":"","ast-hfb-below-header-display":"","ast-hfb-mobile-header-display":"","site-post-title":"","ast-breadcrumbs-content":"","ast-featured-img":"","footer-sml-layout":"","theme-transparent-header-meta":"default","adv-header-id-meta":"","stick-header-meta":"","header-above-stick-meta":"","header-main-stick-meta":"","header-below-stick-meta":"","astra-migrate-meta-layouts":"set","ast-page-background-enabled":"default","ast-page-background-meta":{"desktop":{"background-color":"var(--ast-global-color-5)","background-image":"","background-repeat":"repeat","background-position":"center center","background-size":"auto","background-attachment":"scroll","background-type":"","background-media":"","overlay-type":"","overlay-color":"","overlay-opacity":"","overlay-gradient":""},"tablet":{"background-color":"","background-image":"","background-repeat":"repeat","background-position":"center center","background-size":"auto","background-attachment":"scroll","background-type":"","background-media":"","overlay-type":"","overlay-color":"","overlay-opacity":"","overlay-gradient":""},"mobile":{"background-color":"","background-image":"","background-repeat":"repeat","background-position":"center center","background-size":"auto","background-attachment":"scroll","background-type":"","background-media":"","overlay-type":"","overlay-color":"","overlay-opacity":"","overlay-gradient":""}},"ast-content-background-meta":{"desktop":{"background-color":"var(--ast-global-color-4)","background-image":"","background-repeat":"repeat","background-position":"center center","background-size":"auto","background-attachment":"scroll","background-type":"","background-media":"","overlay-type":"","overlay-color":"","overlay-opacity":"","overlay-gradient":""},"tablet":{"background-color":"var(--ast-global-color-4)","background-image":"","background-repeat":"repeat","background-position":"center center","background-size":"auto","background-attachment":"scroll","background-type":"","background-media":"","overlay-type":"","overlay-color":"","overlay-opacity":"","overlay-gradient":""},"mobile":{"background-color":"var(--ast-global-color-4)","background-image":"","background-repeat":"repeat","background-position":"center center","background-size":"auto","background-attachment":"scroll","background-type":"","background-media":"","overlay-type":"","overlay-color":"","overlay-opacity":"","overlay-gradient":""}}},"product_brand":[],"product_cat":[171],"product_tag":[],"class_list":{"0":"post-17119","1":"product","2":"type-product","3":"status-publish","4":"has-post-thumbnail","6":"product_cat-verktoy","7":"desktop-align-left","8":"tablet-align-left","9":"mobile-align-left","11":"first","12":"instock","13":"shipping-taxable","14":"purchasable","15":"product-type-simple"},"yoast_head":"<!-- This site is optimized with the Yoast SEO plugin v26.6 - https:\/\/yoast.com\/wordpress\/plugins\/seo\/ -->\n<title>90-graders rettvinklet klemme - Mekulo NO<\/title>\n<meta name=\"robots\" content=\"index, follow, max-snippet:-1, max-image-preview:large, max-video-preview:-1\" \/>\n<link rel=\"canonical\" href=\"https:\/\/mekulo.com\/no\/produkt\/90-graders-rettvinklet-klemme\/\" \/>\n<meta property=\"og:locale\" content=\"nb_NO\" \/>\n<meta property=\"og:type\" content=\"article\" \/>\n<meta property=\"og:title\" content=\"90-graders rettvinklet klemme - Mekulo NO\" \/>\n<meta property=\"og:description\" content=\"Denne 90-graders vinkelklemmen hjelper deg med \u00e5 justere og feste materialer i en presis rett vinkel for rene, profesjonelle resultater. Den er ideell for trearbeid, sveising og gj\u00f8r-det-selv-prosjekter der n\u00f8yaktighet og stabilitet er viktig. En p\u00e5litelig klemme som gj\u00f8r vinkelskj\u00f8ter raskere, enklere og mer presise for alle prosjekter.\" \/>\n<meta property=\"og:url\" content=\"https:\/\/mekulo.com\/no\/produkt\/90-graders-rettvinklet-klemme\/\" \/>\n<meta property=\"og:site_name\" content=\"Mekulo NO\" \/>\n<meta property=\"og:image\" content=\"https:\/\/mekulo.com\/no\/wp-content\/uploads\/sites\/10\/2026\/01\/f6804mo-1.jpg\" \/>\n\t<meta property=\"og:image:width\" content=\"1080\" \/>\n\t<meta property=\"og:image:height\" content=\"1080\" \/>\n\t<meta property=\"og:image:type\" content=\"image\/jpeg\" \/>\n<meta name=\"twitter:card\" content=\"summary_large_image\" \/>\n<meta name=\"twitter:label1\" content=\"Ansl. lesetid\" \/>\n\t<meta name=\"twitter:data1\" content=\"2 minutter\" \/>\n<script type=\"application\/ld+json\" class=\"yoast-schema-graph\">{\"@context\":\"https:\/\/schema.org\",\"@graph\":[{\"@type\":\"WebPage\",\"@id\":\"https:\/\/mekulo.com\/no\/produkt\/90-graders-rettvinklet-klemme\/\",\"url\":\"https:\/\/mekulo.com\/no\/produkt\/90-graders-rettvinklet-klemme\/\",\"name\":\"90-graders rettvinklet klemme - Mekulo NO\",\"isPartOf\":{\"@id\":\"https:\/\/mekulo.com\/no\/#website\"},\"primaryImageOfPage\":{\"@id\":\"https:\/\/mekulo.com\/no\/produkt\/90-graders-rettvinklet-klemme\/#primaryimage\"},\"image\":{\"@id\":\"https:\/\/mekulo.com\/no\/produkt\/90-graders-rettvinklet-klemme\/#primaryimage\"},\"thumbnailUrl\":\"https:\/\/mekulo.com\/no\/wp-content\/uploads\/sites\/10\/2026\/01\/f6804mo-1.jpg\",\"datePublished\":\"2026-01-13T14:33:11+00:00\",\"breadcrumb\":{\"@id\":\"https:\/\/mekulo.com\/no\/produkt\/90-graders-rettvinklet-klemme\/#breadcrumb\"},\"inLanguage\":\"nb-NO\",\"potentialAction\":[{\"@type\":\"ReadAction\",\"target\":[\"https:\/\/mekulo.com\/no\/produkt\/90-graders-rettvinklet-klemme\/\"]}]},{\"@type\":\"ImageObject\",\"inLanguage\":\"nb-NO\",\"@id\":\"https:\/\/mekulo.com\/no\/produkt\/90-graders-rettvinklet-klemme\/#primaryimage\",\"url\":\"https:\/\/mekulo.com\/no\/wp-content\/uploads\/sites\/10\/2026\/01\/f6804mo-1.jpg\",\"contentUrl\":\"https:\/\/mekulo.com\/no\/wp-content\/uploads\/sites\/10\/2026\/01\/f6804mo-1.jpg\",\"width\":1080,\"height\":1080},{\"@type\":\"BreadcrumbList\",\"@id\":\"https:\/\/mekulo.com\/no\/produkt\/90-graders-rettvinklet-klemme\/#breadcrumb\",\"itemListElement\":[{\"@type\":\"ListItem\",\"position\":1,\"name\":\"Home\",\"item\":\"https:\/\/mekulo.com\/no\/\"},{\"@type\":\"ListItem\",\"position\":2,\"name\":\"Butikk\",\"item\":\"https:\/\/mekulo.com\/no\/butikk\/\"},{\"@type\":\"ListItem\",\"position\":3,\"name\":\"90-graders rettvinklet klemme\"}]},{\"@type\":\"WebSite\",\"@id\":\"https:\/\/mekulo.com\/no\/#website\",\"url\":\"https:\/\/mekulo.com\/no\/\",\"name\":\"Mekulo NO\",\"description\":\"\",\"publisher\":{\"@id\":\"https:\/\/mekulo.com\/no\/#organization\"},\"potentialAction\":[{\"@type\":\"SearchAction\",\"target\":{\"@type\":\"EntryPoint\",\"urlTemplate\":\"https:\/\/mekulo.com\/no\/?s={search_term_string}\"},\"query-input\":{\"@type\":\"PropertyValueSpecification\",\"valueRequired\":true,\"valueName\":\"search_term_string\"}}],\"inLanguage\":\"nb-NO\"},{\"@type\":\"Organization\",\"@id\":\"https:\/\/mekulo.com\/no\/#organization\",\"name\":\"Mekulo\",\"url\":\"https:\/\/mekulo.com\/no\/\",\"logo\":{\"@type\":\"ImageObject\",\"inLanguage\":\"nb-NO\",\"@id\":\"https:\/\/mekulo.com\/no\/#\/schema\/logo\/image\/\",\"url\":\"https:\/\/mekulo.com\/no\/wp-content\/uploads\/sites\/10\/2025\/12\/favicon_mekulo.png\",\"contentUrl\":\"https:\/\/mekulo.com\/no\/wp-content\/uploads\/sites\/10\/2025\/12\/favicon_mekulo.png\",\"width\":50,\"height\":50,\"caption\":\"Mekulo\"},\"image\":{\"@id\":\"https:\/\/mekulo.com\/no\/#\/schema\/logo\/image\/\"}}]}<\/script>\n<!-- \/ Yoast SEO plugin. -->","yoast_head_json":{"title":"90-graders rettvinklet klemme - Mekulo NO","robots":{"index":"index","follow":"follow","max-snippet":"max-snippet:-1","max-image-preview":"max-image-preview:large","max-video-preview":"max-video-preview:-1"},"canonical":"https:\/\/mekulo.com\/no\/produkt\/90-graders-rettvinklet-klemme\/","og_locale":"nb_NO","og_type":"article","og_title":"90-graders rettvinklet klemme - Mekulo NO","og_description":"Denne 90-graders vinkelklemmen hjelper deg med \u00e5 justere og feste materialer i en presis rett vinkel for rene, profesjonelle resultater. Den er ideell for trearbeid, sveising og gj\u00f8r-det-selv-prosjekter der n\u00f8yaktighet og stabilitet er viktig. En p\u00e5litelig klemme som gj\u00f8r vinkelskj\u00f8ter raskere, enklere og mer presise for alle prosjekter.","og_url":"https:\/\/mekulo.com\/no\/produkt\/90-graders-rettvinklet-klemme\/","og_site_name":"Mekulo NO","og_image":[{"width":1080,"height":1080,"url":"https:\/\/mekulo.com\/no\/wp-content\/uploads\/sites\/10\/2026\/01\/f6804mo-1.jpg","type":"image\/jpeg"}],"twitter_card":"summary_large_image","twitter_misc":{"Ansl. lesetid":"2 minutter"},"schema":{"@context":"https:\/\/schema.org","@graph":[{"@type":"WebPage","@id":"https:\/\/mekulo.com\/no\/produkt\/90-graders-rettvinklet-klemme\/","url":"https:\/\/mekulo.com\/no\/produkt\/90-graders-rettvinklet-klemme\/","name":"90-graders rettvinklet klemme - Mekulo NO","isPartOf":{"@id":"https:\/\/mekulo.com\/no\/#website"},"primaryImageOfPage":{"@id":"https:\/\/mekulo.com\/no\/produkt\/90-graders-rettvinklet-klemme\/#primaryimage"},"image":{"@id":"https:\/\/mekulo.com\/no\/produkt\/90-graders-rettvinklet-klemme\/#primaryimage"},"thumbnailUrl":"https:\/\/mekulo.com\/no\/wp-content\/uploads\/sites\/10\/2026\/01\/f6804mo-1.jpg","datePublished":"2026-01-13T14:33:11+00:00","breadcrumb":{"@id":"https:\/\/mekulo.com\/no\/produkt\/90-graders-rettvinklet-klemme\/#breadcrumb"},"inLanguage":"nb-NO","potentialAction":[{"@type":"ReadAction","target":["https:\/\/mekulo.com\/no\/produkt\/90-graders-rettvinklet-klemme\/"]}]},{"@type":"ImageObject","inLanguage":"nb-NO","@id":"https:\/\/mekulo.com\/no\/produkt\/90-graders-rettvinklet-klemme\/#primaryimage","url":"https:\/\/mekulo.com\/no\/wp-content\/uploads\/sites\/10\/2026\/01\/f6804mo-1.jpg","contentUrl":"https:\/\/mekulo.com\/no\/wp-content\/uploads\/sites\/10\/2026\/01\/f6804mo-1.jpg","width":1080,"height":1080},{"@type":"BreadcrumbList","@id":"https:\/\/mekulo.com\/no\/produkt\/90-graders-rettvinklet-klemme\/#breadcrumb","itemListElement":[{"@type":"ListItem","position":1,"name":"Home","item":"https:\/\/mekulo.com\/no\/"},{"@type":"ListItem","position":2,"name":"Butikk","item":"https:\/\/mekulo.com\/no\/butikk\/"},{"@type":"ListItem","position":3,"name":"90-graders rettvinklet klemme"}]},{"@type":"WebSite","@id":"https:\/\/mekulo.com\/no\/#website","url":"https:\/\/mekulo.com\/no\/","name":"Mekulo NO","description":"","publisher":{"@id":"https:\/\/mekulo.com\/no\/#organization"},"potentialAction":[{"@type":"SearchAction","target":{"@type":"EntryPoint","urlTemplate":"https:\/\/mekulo.com\/no\/?s={search_term_string}"},"query-input":{"@type":"PropertyValueSpecification","valueRequired":true,"valueName":"search_term_string"}}],"inLanguage":"nb-NO"},{"@type":"Organization","@id":"https:\/\/mekulo.com\/no\/#organization","name":"Mekulo","url":"https:\/\/mekulo.com\/no\/","logo":{"@type":"ImageObject","inLanguage":"nb-NO","@id":"https:\/\/mekulo.com\/no\/#\/schema\/logo\/image\/","url":"https:\/\/mekulo.com\/no\/wp-content\/uploads\/sites\/10\/2025\/12\/favicon_mekulo.png","contentUrl":"https:\/\/mekulo.com\/no\/wp-content\/uploads\/sites\/10\/2025\/12\/favicon_mekulo.png","width":50,"height":50,"caption":"Mekulo"},"image":{"@id":"https:\/\/mekulo.com\/no\/#\/schema\/logo\/image\/"}}]}},"_links":{"self":[{"href":"https:\/\/mekulo.com\/no\/wp-json\/wp\/v2\/product\/17119","targetHints":{"allow":["GET"]}}],"collection":[{"href":"https:\/\/mekulo.com\/no\/wp-json\/wp\/v2\/product"}],"about":[{"href":"https:\/\/mekulo.com\/no\/wp-json\/wp\/v2\/types\/product"}],"replies":[{"embeddable":true,"href":"https:\/\/mekulo.com\/no\/wp-json\/wp\/v2\/comments?post=17119"}],"wp:featuredmedia":[{"embeddable":true,"href":"https:\/\/mekulo.com\/no\/wp-json\/wp\/v2\/media\/17115"}],"wp:attachment":[{"href":"https:\/\/mekulo.com\/no\/wp-json\/wp\/v2\/media?parent=17119"}],"wp:term":[{"taxonomy":"product_brand","embeddable":true,"href":"https:\/\/mekulo.com\/no\/wp-json\/wp\/v2\/product_brand?post=17119"},{"taxonomy":"product_cat","embeddable":true,"href":"https:\/\/mekulo.com\/no\/wp-json\/wp\/v2\/product_cat?post=17119"},{"taxonomy":"product_tag","embeddable":true,"href":"https:\/\/mekulo.com\/no\/wp-json\/wp\/v2\/product_tag?post=17119"}],"curies":[{"name":"wp","href":"https:\/\/api.w.org\/{rel}","templated":true}]}}