{"id":17102,"date":"2026-01-13T16:31:52","date_gmt":"2026-01-13T14:31:52","guid":{"rendered":"https:\/\/mekulo.com\/no\/produkt\/hurtigreparerende-panelklemmer\/"},"modified":"2026-01-13T16:32:05","modified_gmt":"2026-01-13T14:32:05","slug":"hurtigreparerende-panelklemmer","status":"publish","type":"product","link":"https:\/\/mekulo.com\/no\/produkt\/hurtigreparerende-panelklemmer\/","title":{"rendered":"Hurtigreparerende panelklemmer"},"content":{"rendered":"<p style=\"text-align: center\" data-start=\"0\" data-end=\"63\"><strong data-start=\"0\" data-end=\"63\">Fikser paneler og skuffefronter perfekt p\u00e5 plass p\u00e5 f\u00e5 sekunder. \ud83d\udd12\ud83e\uddf0<\/strong><\/p>\n<p data-start=\"65\" data-end=\"294\"><img fetchpriority=\"high\" decoding=\"async\" class=\"size-full wp-image-45574 aligncenter\" src=\"https:\/\/keluvo.com\/template\/wp-content\/uploads\/sites\/5\/2025\/12\/102218-ezgif.com-video-to-webp-converter-1-1.webp\" alt=\"\" width=\"500\" height=\"500\" \/><\/p>\n<h2 style=\"text-align: center\" data-start=\"296\" data-end=\"316\"><strong>Hovedfordeler<\/strong><\/h2>\n<p data-start=\"319\" data-end=\"382\">\ud83d\udd12 Stabil klemming \u2013 holder panelene fast uten \u00e5 skli.<\/p>\n<p data-start=\"385\" data-end=\"454\">\ud83c\udfaf N\u00f8yaktig justering \u2013 holder skuffefronter perfekt plassert.<\/p>\n<p data-start=\"457\" data-end=\"522\">\ud83d\udcaa Sterkt rustfritt st\u00e5l \u2013 motst\u00e5r b\u00f8ying og deformasjon.<\/p>\n<p data-start=\"525\" data-end=\"595\">\ud83e\uddf0 Verkt\u00f8yfri posisjonering \u2013 raskt oppsett uten behov for ekstra verkt\u00f8y.<\/p>\n<p data-start=\"598\" data-end=\"667\">\u270b Komfortabelt grep \u2013 stjerneknottdesign beskytter hendene under bruk.<\/p>\n<p data-start=\"670\" data-end=\"736\">\ud83e\udeb5 Overflatesikre pads \u2013 jevnt trykk uten merker eller skader.<\/p>\n<p data-start=\"670\" data-end=\"736\"><img decoding=\"async\" class=\"size-full wp-image-45573 aligncenter\" src=\"https:\/\/keluvo.com\/template\/wp-content\/uploads\/sites\/5\/2025\/12\/102219-ezgif.com-video-to-webp-converter-1-1.webp\" alt=\"\" width=\"500\" height=\"500\" \/><\/p>\n<h2 style=\"text-align: center\" data-start=\"738\" data-end=\"756\"><strong>Slik Bruker Du Den<\/strong><\/h2>\n<ol data-start=\"757\" data-end=\"1001\">\n<li data-start=\"757\" data-end=\"806\">\n<p data-start=\"760\" data-end=\"806\">Plasser klemmen p\u00e5 panelet eller skuffefronten.<\/p>\n<\/li>\n<li data-start=\"807\" data-end=\"861\">\n<p data-start=\"810\" data-end=\"861\">Juster klemmehodet til \u00f8nsket posisjon.<\/p>\n<\/li>\n<li data-start=\"862\" data-end=\"915\">\n<p data-start=\"865\" data-end=\"915\">Stram stjerneknotten til panelet er festet.<\/p>\n<\/li>\n<li data-start=\"916\" data-end=\"956\">\n<p data-start=\"919\" data-end=\"956\">Bor eller fest panelet p\u00e5 plass.<\/p>\n<\/li>\n<li data-start=\"957\" data-end=\"1001\">\n<p data-start=\"960\" data-end=\"1001\">Slipp og fjern klemmen n\u00e5r den er festet.<\/p>\n<\/li>\n<\/ol>\n<h2 style=\"text-align: center\" data-start=\"1003\" data-end=\"1025\"><strong>Produktdetaljer<\/strong><\/h2>\n<ul data-start=\"1026\" data-end=\"1331\">\n<li data-start=\"1069\" data-end=\"1098\">\n<p data-start=\"1071\" data-end=\"1098\">Materiale: rustfritt st\u00e5l<\/p>\n<\/li>\n<li data-start=\"1121\" data-end=\"1162\">\n<p data-start=\"1123\" data-end=\"1162\">Produktst\u00f8rrelse: ca. 73 x 60 x 50 mm<\/p>\n<\/li>\n<li data-start=\"1212\" data-end=\"1266\">\n<p data-start=\"1214\" data-end=\"1266\">Design: forsterket klemmeoverflate, sklisikre pads<\/p>\n<\/li>\n<li data-start=\"1267\" data-end=\"1331\">\n<p data-start=\"1269\" data-end=\"1331\">Anvendelse: skuffefronter, skappaneler, trearbeidsprosjekter<\/p>\n<\/li>\n<\/ul>\n<h2 style=\"text-align: center\" data-start=\"1333\" data-end=\"1356\"><strong>Pakken Inneholder<\/strong><\/h2>\n<ul data-start=\"1357\" data-end=\"1388\">\n<li data-start=\"1357\" data-end=\"1388\">\n<p data-start=\"1359\" data-end=\"1388\">1, 2x hurtigreparasjonsklemme for panel.<\/p>\n<\/li>\n<\/ul>\n","protected":false},"excerpt":{"rendered":"<p>Disse hurtigreparerende panelklemmene gj\u00f8r det raskt og n\u00f8yaktig \u00e5 justere, holde og feste paneler. Med sterk klemmekraft og jevn justering hjelper de deg med \u00e5 montere skuffefronter og skappaneler sikkert uten \u00e5 skade overflaten. Et p\u00e5litelig trebearbeidingsverkt\u00f8y som sparer tid og gir rene, profesjonelle resultater hver gang.<\/p>\n","protected":false},"featured_media":17098,"comment_status":"open","ping_status":"closed","template":"","meta":{"site-sidebar-layout":"default","site-content-layout":"","ast-site-content-layout":"default","site-content-style":"default","site-sidebar-style":"default","ast-global-header-display":"","ast-banner-title-visibility":"","ast-main-header-display":"","ast-hfb-above-header-display":"","ast-hfb-below-header-display":"","ast-hfb-mobile-header-display":"","site-post-title":"","ast-breadcrumbs-content":"","ast-featured-img":"","footer-sml-layout":"","theme-transparent-header-meta":"default","adv-header-id-meta":"","stick-header-meta":"","header-above-stick-meta":"","header-main-stick-meta":"","header-below-stick-meta":"","astra-migrate-meta-layouts":"set","ast-page-background-enabled":"default","ast-page-background-meta":{"desktop":{"background-color":"var(--ast-global-color-5)","background-image":"","background-repeat":"repeat","background-position":"center center","background-size":"auto","background-attachment":"scroll","background-type":"","background-media":"","overlay-type":"","overlay-color":"","overlay-opacity":"","overlay-gradient":""},"tablet":{"background-color":"","background-image":"","background-repeat":"repeat","background-position":"center center","background-size":"auto","background-attachment":"scroll","background-type":"","background-media":"","overlay-type":"","overlay-color":"","overlay-opacity":"","overlay-gradient":""},"mobile":{"background-color":"","background-image":"","background-repeat":"repeat","background-position":"center center","background-size":"auto","background-attachment":"scroll","background-type":"","background-media":"","overlay-type":"","overlay-color":"","overlay-opacity":"","overlay-gradient":""}},"ast-content-background-meta":{"desktop":{"background-color":"var(--ast-global-color-4)","background-image":"","background-repeat":"repeat","background-position":"center center","background-size":"auto","background-attachment":"scroll","background-type":"","background-media":"","overlay-type":"","overlay-color":"","overlay-opacity":"","overlay-gradient":""},"tablet":{"background-color":"var(--ast-global-color-4)","background-image":"","background-repeat":"repeat","background-position":"center center","background-size":"auto","background-attachment":"scroll","background-type":"","background-media":"","overlay-type":"","overlay-color":"","overlay-opacity":"","overlay-gradient":""},"mobile":{"background-color":"var(--ast-global-color-4)","background-image":"","background-repeat":"repeat","background-position":"center center","background-size":"auto","background-attachment":"scroll","background-type":"","background-media":"","overlay-type":"","overlay-color":"","overlay-opacity":"","overlay-gradient":""}}},"product_brand":[],"product_cat":[168,171],"product_tag":[],"class_list":{"0":"post-17102","1":"product","2":"type-product","3":"status-publish","4":"has-post-thumbnail","6":"product_cat-husholdningsartikler","7":"product_cat-verktoy","8":"pa_60013_5oh9kafc-1-stk","9":"pa_60013_5oh9kafc-2-stk","10":"pa_60013_88jxhot7-solv","11":"pa_60013_88jxhot7-svart","12":"desktop-align-left","13":"tablet-align-left","14":"mobile-align-left","16":"first","17":"instock","18":"shipping-taxable","19":"purchasable","20":"product-type-variable","21":"has-default-attributes"},"yoast_head":"<!-- This site is optimized with the Yoast SEO plugin v26.6 - https:\/\/yoast.com\/wordpress\/plugins\/seo\/ -->\n<title>Hurtigreparerende panelklemmer - Mekulo NO<\/title>\n<meta name=\"robots\" content=\"index, follow, max-snippet:-1, max-image-preview:large, max-video-preview:-1\" \/>\n<link rel=\"canonical\" href=\"https:\/\/mekulo.com\/no\/produkt\/hurtigreparerende-panelklemmer\/\" \/>\n<meta property=\"og:locale\" content=\"nb_NO\" \/>\n<meta property=\"og:type\" content=\"article\" \/>\n<meta property=\"og:title\" content=\"Hurtigreparerende panelklemmer - Mekulo NO\" \/>\n<meta property=\"og:description\" content=\"Disse hurtigreparerende panelklemmene gj\u00f8r det raskt og n\u00f8yaktig \u00e5 justere, holde og feste paneler. Med sterk klemmekraft og jevn justering hjelper de deg med \u00e5 montere skuffefronter og skappaneler sikkert uten \u00e5 skade overflaten. Et p\u00e5litelig trebearbeidingsverkt\u00f8y som sparer tid og gir rene, profesjonelle resultater hver gang.\" \/>\n<meta property=\"og:url\" content=\"https:\/\/mekulo.com\/no\/produkt\/hurtigreparerende-panelklemmer\/\" \/>\n<meta property=\"og:site_name\" content=\"Mekulo NO\" \/>\n<meta property=\"article:modified_time\" content=\"2026-01-13T14:32:05+00:00\" \/>\n<meta property=\"og:image\" content=\"https:\/\/mekulo.com\/no\/wp-content\/uploads\/sites\/10\/2026\/01\/o22nr90-1.jpeg\" \/>\n\t<meta property=\"og:image:width\" content=\"1001\" \/>\n\t<meta property=\"og:image:height\" content=\"1001\" \/>\n\t<meta property=\"og:image:type\" content=\"image\/jpeg\" \/>\n<meta name=\"twitter:card\" content=\"summary_large_image\" \/>\n<meta name=\"twitter:label1\" content=\"Ansl. lesetid\" \/>\n\t<meta name=\"twitter:data1\" content=\"2 minutter\" \/>\n<script type=\"application\/ld+json\" class=\"yoast-schema-graph\">{\"@context\":\"https:\/\/schema.org\",\"@graph\":[{\"@type\":\"WebPage\",\"@id\":\"https:\/\/mekulo.com\/no\/produkt\/hurtigreparerende-panelklemmer\/\",\"url\":\"https:\/\/mekulo.com\/no\/produkt\/hurtigreparerende-panelklemmer\/\",\"name\":\"Hurtigreparerende panelklemmer - Mekulo NO\",\"isPartOf\":{\"@id\":\"https:\/\/mekulo.com\/no\/#website\"},\"primaryImageOfPage\":{\"@id\":\"https:\/\/mekulo.com\/no\/produkt\/hurtigreparerende-panelklemmer\/#primaryimage\"},\"image\":{\"@id\":\"https:\/\/mekulo.com\/no\/produkt\/hurtigreparerende-panelklemmer\/#primaryimage\"},\"thumbnailUrl\":\"https:\/\/mekulo.com\/no\/wp-content\/uploads\/sites\/10\/2026\/01\/o22nr90-1.jpeg\",\"datePublished\":\"2026-01-13T14:31:52+00:00\",\"dateModified\":\"2026-01-13T14:32:05+00:00\",\"breadcrumb\":{\"@id\":\"https:\/\/mekulo.com\/no\/produkt\/hurtigreparerende-panelklemmer\/#breadcrumb\"},\"inLanguage\":\"nb-NO\",\"potentialAction\":[{\"@type\":\"ReadAction\",\"target\":[\"https:\/\/mekulo.com\/no\/produkt\/hurtigreparerende-panelklemmer\/\"]}]},{\"@type\":\"ImageObject\",\"inLanguage\":\"nb-NO\",\"@id\":\"https:\/\/mekulo.com\/no\/produkt\/hurtigreparerende-panelklemmer\/#primaryimage\",\"url\":\"https:\/\/mekulo.com\/no\/wp-content\/uploads\/sites\/10\/2026\/01\/o22nr90-1.jpeg\",\"contentUrl\":\"https:\/\/mekulo.com\/no\/wp-content\/uploads\/sites\/10\/2026\/01\/o22nr90-1.jpeg\",\"width\":1001,\"height\":1001},{\"@type\":\"BreadcrumbList\",\"@id\":\"https:\/\/mekulo.com\/no\/produkt\/hurtigreparerende-panelklemmer\/#breadcrumb\",\"itemListElement\":[{\"@type\":\"ListItem\",\"position\":1,\"name\":\"Home\",\"item\":\"https:\/\/mekulo.com\/no\/\"},{\"@type\":\"ListItem\",\"position\":2,\"name\":\"Butikk\",\"item\":\"https:\/\/mekulo.com\/no\/butikk\/\"},{\"@type\":\"ListItem\",\"position\":3,\"name\":\"Hurtigreparerende panelklemmer\"}]},{\"@type\":\"WebSite\",\"@id\":\"https:\/\/mekulo.com\/no\/#website\",\"url\":\"https:\/\/mekulo.com\/no\/\",\"name\":\"Mekulo NO\",\"description\":\"\",\"publisher\":{\"@id\":\"https:\/\/mekulo.com\/no\/#organization\"},\"potentialAction\":[{\"@type\":\"SearchAction\",\"target\":{\"@type\":\"EntryPoint\",\"urlTemplate\":\"https:\/\/mekulo.com\/no\/?s={search_term_string}\"},\"query-input\":{\"@type\":\"PropertyValueSpecification\",\"valueRequired\":true,\"valueName\":\"search_term_string\"}}],\"inLanguage\":\"nb-NO\"},{\"@type\":\"Organization\",\"@id\":\"https:\/\/mekulo.com\/no\/#organization\",\"name\":\"Mekulo\",\"url\":\"https:\/\/mekulo.com\/no\/\",\"logo\":{\"@type\":\"ImageObject\",\"inLanguage\":\"nb-NO\",\"@id\":\"https:\/\/mekulo.com\/no\/#\/schema\/logo\/image\/\",\"url\":\"https:\/\/mekulo.com\/no\/wp-content\/uploads\/sites\/10\/2025\/12\/favicon_mekulo.png\",\"contentUrl\":\"https:\/\/mekulo.com\/no\/wp-content\/uploads\/sites\/10\/2025\/12\/favicon_mekulo.png\",\"width\":50,\"height\":50,\"caption\":\"Mekulo\"},\"image\":{\"@id\":\"https:\/\/mekulo.com\/no\/#\/schema\/logo\/image\/\"}}]}<\/script>\n<!-- \/ Yoast SEO plugin. -->","yoast_head_json":{"title":"Hurtigreparerende panelklemmer - Mekulo NO","robots":{"index":"index","follow":"follow","max-snippet":"max-snippet:-1","max-image-preview":"max-image-preview:large","max-video-preview":"max-video-preview:-1"},"canonical":"https:\/\/mekulo.com\/no\/produkt\/hurtigreparerende-panelklemmer\/","og_locale":"nb_NO","og_type":"article","og_title":"Hurtigreparerende panelklemmer - Mekulo NO","og_description":"Disse hurtigreparerende panelklemmene gj\u00f8r det raskt og n\u00f8yaktig \u00e5 justere, holde og feste paneler. Med sterk klemmekraft og jevn justering hjelper de deg med \u00e5 montere skuffefronter og skappaneler sikkert uten \u00e5 skade overflaten. Et p\u00e5litelig trebearbeidingsverkt\u00f8y som sparer tid og gir rene, profesjonelle resultater hver gang.","og_url":"https:\/\/mekulo.com\/no\/produkt\/hurtigreparerende-panelklemmer\/","og_site_name":"Mekulo NO","article_modified_time":"2026-01-13T14:32:05+00:00","og_image":[{"width":1001,"height":1001,"url":"https:\/\/mekulo.com\/no\/wp-content\/uploads\/sites\/10\/2026\/01\/o22nr90-1.jpeg","type":"image\/jpeg"}],"twitter_card":"summary_large_image","twitter_misc":{"Ansl. lesetid":"2 minutter"},"schema":{"@context":"https:\/\/schema.org","@graph":[{"@type":"WebPage","@id":"https:\/\/mekulo.com\/no\/produkt\/hurtigreparerende-panelklemmer\/","url":"https:\/\/mekulo.com\/no\/produkt\/hurtigreparerende-panelklemmer\/","name":"Hurtigreparerende panelklemmer - Mekulo NO","isPartOf":{"@id":"https:\/\/mekulo.com\/no\/#website"},"primaryImageOfPage":{"@id":"https:\/\/mekulo.com\/no\/produkt\/hurtigreparerende-panelklemmer\/#primaryimage"},"image":{"@id":"https:\/\/mekulo.com\/no\/produkt\/hurtigreparerende-panelklemmer\/#primaryimage"},"thumbnailUrl":"https:\/\/mekulo.com\/no\/wp-content\/uploads\/sites\/10\/2026\/01\/o22nr90-1.jpeg","datePublished":"2026-01-13T14:31:52+00:00","dateModified":"2026-01-13T14:32:05+00:00","breadcrumb":{"@id":"https:\/\/mekulo.com\/no\/produkt\/hurtigreparerende-panelklemmer\/#breadcrumb"},"inLanguage":"nb-NO","potentialAction":[{"@type":"ReadAction","target":["https:\/\/mekulo.com\/no\/produkt\/hurtigreparerende-panelklemmer\/"]}]},{"@type":"ImageObject","inLanguage":"nb-NO","@id":"https:\/\/mekulo.com\/no\/produkt\/hurtigreparerende-panelklemmer\/#primaryimage","url":"https:\/\/mekulo.com\/no\/wp-content\/uploads\/sites\/10\/2026\/01\/o22nr90-1.jpeg","contentUrl":"https:\/\/mekulo.com\/no\/wp-content\/uploads\/sites\/10\/2026\/01\/o22nr90-1.jpeg","width":1001,"height":1001},{"@type":"BreadcrumbList","@id":"https:\/\/mekulo.com\/no\/produkt\/hurtigreparerende-panelklemmer\/#breadcrumb","itemListElement":[{"@type":"ListItem","position":1,"name":"Home","item":"https:\/\/mekulo.com\/no\/"},{"@type":"ListItem","position":2,"name":"Butikk","item":"https:\/\/mekulo.com\/no\/butikk\/"},{"@type":"ListItem","position":3,"name":"Hurtigreparerende panelklemmer"}]},{"@type":"WebSite","@id":"https:\/\/mekulo.com\/no\/#website","url":"https:\/\/mekulo.com\/no\/","name":"Mekulo NO","description":"","publisher":{"@id":"https:\/\/mekulo.com\/no\/#organization"},"potentialAction":[{"@type":"SearchAction","target":{"@type":"EntryPoint","urlTemplate":"https:\/\/mekulo.com\/no\/?s={search_term_string}"},"query-input":{"@type":"PropertyValueSpecification","valueRequired":true,"valueName":"search_term_string"}}],"inLanguage":"nb-NO"},{"@type":"Organization","@id":"https:\/\/mekulo.com\/no\/#organization","name":"Mekulo","url":"https:\/\/mekulo.com\/no\/","logo":{"@type":"ImageObject","inLanguage":"nb-NO","@id":"https:\/\/mekulo.com\/no\/#\/schema\/logo\/image\/","url":"https:\/\/mekulo.com\/no\/wp-content\/uploads\/sites\/10\/2025\/12\/favicon_mekulo.png","contentUrl":"https:\/\/mekulo.com\/no\/wp-content\/uploads\/sites\/10\/2025\/12\/favicon_mekulo.png","width":50,"height":50,"caption":"Mekulo"},"image":{"@id":"https:\/\/mekulo.com\/no\/#\/schema\/logo\/image\/"}}]}},"_links":{"self":[{"href":"https:\/\/mekulo.com\/no\/wp-json\/wp\/v2\/product\/17102","targetHints":{"allow":["GET"]}}],"collection":[{"href":"https:\/\/mekulo.com\/no\/wp-json\/wp\/v2\/product"}],"about":[{"href":"https:\/\/mekulo.com\/no\/wp-json\/wp\/v2\/types\/product"}],"replies":[{"embeddable":true,"href":"https:\/\/mekulo.com\/no\/wp-json\/wp\/v2\/comments?post=17102"}],"wp:featuredmedia":[{"embeddable":true,"href":"https:\/\/mekulo.com\/no\/wp-json\/wp\/v2\/media\/17098"}],"wp:attachment":[{"href":"https:\/\/mekulo.com\/no\/wp-json\/wp\/v2\/media?parent=17102"}],"wp:term":[{"taxonomy":"product_brand","embeddable":true,"href":"https:\/\/mekulo.com\/no\/wp-json\/wp\/v2\/product_brand?post=17102"},{"taxonomy":"product_cat","embeddable":true,"href":"https:\/\/mekulo.com\/no\/wp-json\/wp\/v2\/product_cat?post=17102"},{"taxonomy":"product_tag","embeddable":true,"href":"https:\/\/mekulo.com\/no\/wp-json\/wp\/v2\/product_tag?post=17102"}],"curies":[{"name":"wp","href":"https:\/\/api.w.org\/{rel}","templated":true}]}}