{"id":17093,"date":"2026-01-13T16:30:24","date_gmt":"2026-01-13T14:30:24","guid":{"rendered":"https:\/\/mekulo.com\/no\/produkt\/bremseblodningssett-2-stk\/"},"modified":"2026-01-22T17:48:43","modified_gmt":"2026-01-22T15:48:43","slug":"bremseblodningssett-2-stk","status":"publish","type":"product","link":"https:\/\/mekulo.com\/no\/produkt\/bremseblodningssett-2-stk\/","title":{"rendered":"Bremsebl\u00f8dningssett (2 stk)"},"content":{"rendered":"<p style=\"text-align: center\" data-start=\"0\" data-end=\"61\"><strong data-start=\"0\" data-end=\"61\">Luft bremsene dine enkelt og trygt med ett enkelt verkt\u00f8y. <\/strong><span style=\"font-size: 16px;font-style: normal;font-weight: 400\">\ud83d\ude97\u00a0<\/span><\/p>\n<p data-start=\"63\" data-end=\"322\"><img fetchpriority=\"high\" decoding=\"async\" class=\"size-full wp-image-46234 aligncenter\" src=\"https:\/\/keluvo.com\/template\/wp-content\/uploads\/sites\/5\/2025\/12\/10229-ezgif.com-video-to-webp-converter-4.webp\" alt=\"\" width=\"500\" height=\"889\" \/><\/p>\n<h2 style=\"text-align: center\" data-start=\"598\" data-end=\"618\">\ud83d\udd27 Hovedfordeler<\/h2>\n<p data-start=\"621\" data-end=\"683\">\ud83d\udd01 Enveisventilsystem &#8211; Stopper luft fra \u00e5 str\u00f8mme tilbake.<\/p>\n<p data-start=\"686\" data-end=\"751\">\ud83d\udca8 Effektiv luftfjerning &#8211; Hjelper med \u00e5 skape fast bremserespons.<\/p>\n<p data-start=\"754\" data-end=\"803\">\ud83e\uddf0 DIY-vennlig &#8211; En-person bremsebl\u00f8dning.<\/p>\n<p data-start=\"806\" data-end=\"863\">\ud83d\udd17 Hurtigklipsforbindelse &#8211; Rask oppsett uten verkt\u00f8y.<\/p>\n<p data-start=\"866\" data-end=\"923\">\ud83e\udeb6 Lett og b\u00e6rbar &#8211; Enkel \u00e5 oppbevare og b\u00e6re.<\/p>\n<p data-start=\"926\" data-end=\"984\">\ud83d\udee0\ufe0f Slitesterkt aluminiumshus &#8211; Motstandsdyktig mot bremsev\u00e6ske.<\/p>\n<p data-start=\"926\" data-end=\"984\"><img decoding=\"async\" class=\"size-full wp-image-46235 aligncenter\" src=\"https:\/\/keluvo.com\/template\/wp-content\/uploads\/sites\/5\/2025\/12\/4bcbf81afb287dfda666e749e96b87d9e2e57672-700.jpg\" alt=\"\" width=\"1080\" height=\"1080\" \/><\/p>\n<h2 style=\"text-align: center\" data-start=\"986\" data-end=\"1003\">\u25b6\ufe0f Slik bruker du det<\/h2>\n<ol data-start=\"1004\" data-end=\"1218\">\n<li data-start=\"1004\" data-end=\"1040\">\n<p data-start=\"1007\" data-end=\"1040\">L\u00f8s bremseutluftingsskruen.<\/p>\n<\/li>\n<li data-start=\"1041\" data-end=\"1110\">\n<p data-start=\"1044\" data-end=\"1110\">Koble til utluftingsslangen (pilen peker bort fra tykkelsen).<\/p>\n<\/li>\n<li data-start=\"1111\" data-end=\"1161\">\n<p data-start=\"1114\" data-end=\"1161\">Trykk sakte p\u00e5 bremsepedalen for \u00e5 presse luften ut.<\/p>\n<\/li>\n<li data-start=\"1162\" data-end=\"1218\">\n<p data-start=\"1165\" data-end=\"1218\">Fyll p\u00e5 bremsev\u00e6ske etter behov og lukk utluftingen.<\/p>\n<\/li>\n<\/ol>\n<h2 style=\"text-align: center\" data-start=\"1220\" data-end=\"1242\">\ud83d\udccf Produktdetaljer<\/h2>\n<ul data-start=\"1243\" data-end=\"1437\">\n<li data-start=\"1289\" data-end=\"1317\">\n<p data-start=\"1291\" data-end=\"1317\">Materiale: Aluminiumsskall<\/p>\n<\/li>\n<li data-start=\"1318\" data-end=\"1335\">\n<p data-start=\"1320\" data-end=\"1335\">Farge: S\u00f8lv<\/p>\n<\/li>\n<li data-start=\"1336\" data-end=\"1359\">\n<p data-start=\"1338\" data-end=\"1359\">Vekt: Ca. 30 g<\/p>\n<\/li>\n<li data-start=\"1360\" data-end=\"1401\">\n<p data-start=\"1362\" data-end=\"1401\">Slangetype: Fleksibel, lettb\u00f8yd design<\/p>\n<\/li>\n<li data-start=\"1402\" data-end=\"1437\">\n<p data-start=\"1404\" data-end=\"1437\">Ventiltype: Enveis tilbakeslagsventil<\/p>\n<\/li>\n<\/ul>\n<h2 style=\"text-align: center\" data-start=\"1439\" data-end=\"1462\">\ud83d\udce6 Pakken inneholder<\/h2>\n<ul data-start=\"1463\" data-end=\"1544\" data-is-last-node=\"\" data-is-only-node=\"\">\n<li data-start=\"1463\" data-end=\"1514\">\n<p data-start=\"1465\" data-end=\"1514\">2x bremsebl\u00f8dningsslange med enveis tilbakeslagsventil<\/p>\n<\/li>\n<li data-start=\"1515\" data-end=\"1544\" data-is-last-node=\"\">\n<p data-start=\"1517\" data-end=\"1544\" data-is-last-node=\"\">4x reservemunnstykker.<\/p>\n<\/li>\n<\/ul>\n","protected":false},"excerpt":{"rendered":"<p>Med dette bremseutluftingssettet kan du fjerne luft fra bremse- eller clutchsystemet uten hjelp, noe som gj\u00f8r bremsevedlikeholdet raskere og renere. Enveisventilen hindrer luft i \u00e5 komme tilbake i systemet, noe som gir deg en fast og p\u00e5litelig bremsepedal hver gang. Denne profesjonelle bremseutlufteren er perfekt for gj\u00f8r-det-selv-bileiere og verksteder. Den fleksible slangen n\u00e5r ut i trange vinkler, mens aluminiumshuset motst\u00e5r korrosjon av bremsev\u00e6ske og er lett for enkel h\u00e5ndtering.<\/p>\n","protected":false},"featured_media":17089,"comment_status":"open","ping_status":"closed","template":"","meta":{"site-sidebar-layout":"default","site-content-layout":"","ast-site-content-layout":"default","site-content-style":"default","site-sidebar-style":"default","ast-global-header-display":"","ast-banner-title-visibility":"","ast-main-header-display":"","ast-hfb-above-header-display":"","ast-hfb-below-header-display":"","ast-hfb-mobile-header-display":"","site-post-title":"","ast-breadcrumbs-content":"","ast-featured-img":"","footer-sml-layout":"","theme-transparent-header-meta":"default","adv-header-id-meta":"","stick-header-meta":"","header-above-stick-meta":"","header-main-stick-meta":"","header-below-stick-meta":"","astra-migrate-meta-layouts":"set","ast-page-background-enabled":"default","ast-page-background-meta":{"desktop":{"background-color":"var(--ast-global-color-5)","background-image":"","background-repeat":"repeat","background-position":"center center","background-size":"auto","background-attachment":"scroll","background-type":"","background-media":"","overlay-type":"","overlay-color":"","overlay-opacity":"","overlay-gradient":""},"tablet":{"background-color":"","background-image":"","background-repeat":"repeat","background-position":"center center","background-size":"auto","background-attachment":"scroll","background-type":"","background-media":"","overlay-type":"","overlay-color":"","overlay-opacity":"","overlay-gradient":""},"mobile":{"background-color":"","background-image":"","background-repeat":"repeat","background-position":"center center","background-size":"auto","background-attachment":"scroll","background-type":"","background-media":"","overlay-type":"","overlay-color":"","overlay-opacity":"","overlay-gradient":""}},"ast-content-background-meta":{"desktop":{"background-color":"var(--ast-global-color-4)","background-image":"","background-repeat":"repeat","background-position":"center center","background-size":"auto","background-attachment":"scroll","background-type":"","background-media":"","overlay-type":"","overlay-color":"","overlay-opacity":"","overlay-gradient":""},"tablet":{"background-color":"var(--ast-global-color-4)","background-image":"","background-repeat":"repeat","background-position":"center center","background-size":"auto","background-attachment":"scroll","background-type":"","background-media":"","overlay-type":"","overlay-color":"","overlay-opacity":"","overlay-gradient":""},"mobile":{"background-color":"var(--ast-global-color-4)","background-image":"","background-repeat":"repeat","background-position":"center center","background-size":"auto","background-attachment":"scroll","background-type":"","background-media":"","overlay-type":"","overlay-color":"","overlay-opacity":"","overlay-gradient":""}}},"product_brand":[],"product_cat":[161,171],"product_tag":[],"class_list":{"0":"post-17093","1":"product","2":"type-product","3":"status-publish","4":"has-post-thumbnail","6":"product_cat-bilprodukter","7":"product_cat-verktoy","8":"desktop-align-left","9":"tablet-align-left","10":"mobile-align-left","12":"first","13":"instock","14":"shipping-taxable","15":"purchasable","16":"product-type-simple"},"yoast_head":"<!-- This site is optimized with the Yoast SEO plugin v26.6 - https:\/\/yoast.com\/wordpress\/plugins\/seo\/ -->\n<title>Bremsebl\u00f8dningssett (2 stk) - Mekulo NO<\/title>\n<meta name=\"robots\" content=\"index, follow, max-snippet:-1, max-image-preview:large, max-video-preview:-1\" \/>\n<link rel=\"canonical\" href=\"https:\/\/mekulo.com\/no\/produkt\/bremseblodningssett-2-stk\/\" \/>\n<meta property=\"og:locale\" content=\"nb_NO\" \/>\n<meta property=\"og:type\" content=\"article\" \/>\n<meta property=\"og:title\" content=\"Bremsebl\u00f8dningssett (2 stk) - Mekulo NO\" \/>\n<meta property=\"og:description\" content=\"Med dette bremseutluftingssettet kan du fjerne luft fra bremse- eller clutchsystemet uten hjelp, noe som gj\u00f8r bremsevedlikeholdet raskere og renere. Enveisventilen hindrer luft i \u00e5 komme tilbake i systemet, noe som gir deg en fast og p\u00e5litelig bremsepedal hver gang. Denne profesjonelle bremseutlufteren er perfekt for gj\u00f8r-det-selv-bileiere og verksteder. Den fleksible slangen n\u00e5r ut i trange vinkler, mens aluminiumshuset motst\u00e5r korrosjon av bremsev\u00e6ske og er lett for enkel h\u00e5ndtering.\" \/>\n<meta property=\"og:url\" content=\"https:\/\/mekulo.com\/no\/produkt\/bremseblodningssett-2-stk\/\" \/>\n<meta property=\"og:site_name\" content=\"Mekulo NO\" \/>\n<meta property=\"article:modified_time\" content=\"2026-01-22T15:48:43+00:00\" \/>\n<meta property=\"og:image\" content=\"https:\/\/mekulo.com\/no\/wp-content\/uploads\/sites\/10\/2026\/01\/7ge0mh4-1.jpg\" \/>\n\t<meta property=\"og:image:width\" content=\"960\" \/>\n\t<meta property=\"og:image:height\" content=\"960\" \/>\n\t<meta property=\"og:image:type\" content=\"image\/jpeg\" \/>\n<meta name=\"twitter:card\" content=\"summary_large_image\" \/>\n<meta name=\"twitter:label1\" content=\"Ansl. lesetid\" \/>\n\t<meta name=\"twitter:data1\" content=\"2 minutter\" \/>\n<script type=\"application\/ld+json\" class=\"yoast-schema-graph\">{\"@context\":\"https:\/\/schema.org\",\"@graph\":[{\"@type\":\"WebPage\",\"@id\":\"https:\/\/mekulo.com\/no\/produkt\/bremseblodningssett-2-stk\/\",\"url\":\"https:\/\/mekulo.com\/no\/produkt\/bremseblodningssett-2-stk\/\",\"name\":\"Bremsebl\u00f8dningssett (2 stk) - Mekulo NO\",\"isPartOf\":{\"@id\":\"https:\/\/mekulo.com\/no\/#website\"},\"primaryImageOfPage\":{\"@id\":\"https:\/\/mekulo.com\/no\/produkt\/bremseblodningssett-2-stk\/#primaryimage\"},\"image\":{\"@id\":\"https:\/\/mekulo.com\/no\/produkt\/bremseblodningssett-2-stk\/#primaryimage\"},\"thumbnailUrl\":\"https:\/\/mekulo.com\/no\/wp-content\/uploads\/sites\/10\/2026\/01\/7ge0mh4-1.jpg\",\"datePublished\":\"2026-01-13T14:30:24+00:00\",\"dateModified\":\"2026-01-22T15:48:43+00:00\",\"breadcrumb\":{\"@id\":\"https:\/\/mekulo.com\/no\/produkt\/bremseblodningssett-2-stk\/#breadcrumb\"},\"inLanguage\":\"nb-NO\",\"potentialAction\":[{\"@type\":\"ReadAction\",\"target\":[\"https:\/\/mekulo.com\/no\/produkt\/bremseblodningssett-2-stk\/\"]}]},{\"@type\":\"ImageObject\",\"inLanguage\":\"nb-NO\",\"@id\":\"https:\/\/mekulo.com\/no\/produkt\/bremseblodningssett-2-stk\/#primaryimage\",\"url\":\"https:\/\/mekulo.com\/no\/wp-content\/uploads\/sites\/10\/2026\/01\/7ge0mh4-1.jpg\",\"contentUrl\":\"https:\/\/mekulo.com\/no\/wp-content\/uploads\/sites\/10\/2026\/01\/7ge0mh4-1.jpg\",\"width\":960,\"height\":960},{\"@type\":\"BreadcrumbList\",\"@id\":\"https:\/\/mekulo.com\/no\/produkt\/bremseblodningssett-2-stk\/#breadcrumb\",\"itemListElement\":[{\"@type\":\"ListItem\",\"position\":1,\"name\":\"Home\",\"item\":\"https:\/\/mekulo.com\/no\/\"},{\"@type\":\"ListItem\",\"position\":2,\"name\":\"Butikk\",\"item\":\"https:\/\/mekulo.com\/no\/butikk\/\"},{\"@type\":\"ListItem\",\"position\":3,\"name\":\"Bremsebl\u00f8dningssett (2 stk)\"}]},{\"@type\":\"WebSite\",\"@id\":\"https:\/\/mekulo.com\/no\/#website\",\"url\":\"https:\/\/mekulo.com\/no\/\",\"name\":\"Mekulo NO\",\"description\":\"\",\"publisher\":{\"@id\":\"https:\/\/mekulo.com\/no\/#organization\"},\"potentialAction\":[{\"@type\":\"SearchAction\",\"target\":{\"@type\":\"EntryPoint\",\"urlTemplate\":\"https:\/\/mekulo.com\/no\/?s={search_term_string}\"},\"query-input\":{\"@type\":\"PropertyValueSpecification\",\"valueRequired\":true,\"valueName\":\"search_term_string\"}}],\"inLanguage\":\"nb-NO\"},{\"@type\":\"Organization\",\"@id\":\"https:\/\/mekulo.com\/no\/#organization\",\"name\":\"Mekulo\",\"url\":\"https:\/\/mekulo.com\/no\/\",\"logo\":{\"@type\":\"ImageObject\",\"inLanguage\":\"nb-NO\",\"@id\":\"https:\/\/mekulo.com\/no\/#\/schema\/logo\/image\/\",\"url\":\"https:\/\/mekulo.com\/no\/wp-content\/uploads\/sites\/10\/2025\/12\/favicon_mekulo.png\",\"contentUrl\":\"https:\/\/mekulo.com\/no\/wp-content\/uploads\/sites\/10\/2025\/12\/favicon_mekulo.png\",\"width\":50,\"height\":50,\"caption\":\"Mekulo\"},\"image\":{\"@id\":\"https:\/\/mekulo.com\/no\/#\/schema\/logo\/image\/\"}}]}<\/script>\n<!-- \/ Yoast SEO plugin. -->","yoast_head_json":{"title":"Bremsebl\u00f8dningssett (2 stk) - Mekulo NO","robots":{"index":"index","follow":"follow","max-snippet":"max-snippet:-1","max-image-preview":"max-image-preview:large","max-video-preview":"max-video-preview:-1"},"canonical":"https:\/\/mekulo.com\/no\/produkt\/bremseblodningssett-2-stk\/","og_locale":"nb_NO","og_type":"article","og_title":"Bremsebl\u00f8dningssett (2 stk) - Mekulo NO","og_description":"Med dette bremseutluftingssettet kan du fjerne luft fra bremse- eller clutchsystemet uten hjelp, noe som gj\u00f8r bremsevedlikeholdet raskere og renere. Enveisventilen hindrer luft i \u00e5 komme tilbake i systemet, noe som gir deg en fast og p\u00e5litelig bremsepedal hver gang. Denne profesjonelle bremseutlufteren er perfekt for gj\u00f8r-det-selv-bileiere og verksteder. Den fleksible slangen n\u00e5r ut i trange vinkler, mens aluminiumshuset motst\u00e5r korrosjon av bremsev\u00e6ske og er lett for enkel h\u00e5ndtering.","og_url":"https:\/\/mekulo.com\/no\/produkt\/bremseblodningssett-2-stk\/","og_site_name":"Mekulo NO","article_modified_time":"2026-01-22T15:48:43+00:00","og_image":[{"width":960,"height":960,"url":"https:\/\/mekulo.com\/no\/wp-content\/uploads\/sites\/10\/2026\/01\/7ge0mh4-1.jpg","type":"image\/jpeg"}],"twitter_card":"summary_large_image","twitter_misc":{"Ansl. lesetid":"2 minutter"},"schema":{"@context":"https:\/\/schema.org","@graph":[{"@type":"WebPage","@id":"https:\/\/mekulo.com\/no\/produkt\/bremseblodningssett-2-stk\/","url":"https:\/\/mekulo.com\/no\/produkt\/bremseblodningssett-2-stk\/","name":"Bremsebl\u00f8dningssett (2 stk) - Mekulo NO","isPartOf":{"@id":"https:\/\/mekulo.com\/no\/#website"},"primaryImageOfPage":{"@id":"https:\/\/mekulo.com\/no\/produkt\/bremseblodningssett-2-stk\/#primaryimage"},"image":{"@id":"https:\/\/mekulo.com\/no\/produkt\/bremseblodningssett-2-stk\/#primaryimage"},"thumbnailUrl":"https:\/\/mekulo.com\/no\/wp-content\/uploads\/sites\/10\/2026\/01\/7ge0mh4-1.jpg","datePublished":"2026-01-13T14:30:24+00:00","dateModified":"2026-01-22T15:48:43+00:00","breadcrumb":{"@id":"https:\/\/mekulo.com\/no\/produkt\/bremseblodningssett-2-stk\/#breadcrumb"},"inLanguage":"nb-NO","potentialAction":[{"@type":"ReadAction","target":["https:\/\/mekulo.com\/no\/produkt\/bremseblodningssett-2-stk\/"]}]},{"@type":"ImageObject","inLanguage":"nb-NO","@id":"https:\/\/mekulo.com\/no\/produkt\/bremseblodningssett-2-stk\/#primaryimage","url":"https:\/\/mekulo.com\/no\/wp-content\/uploads\/sites\/10\/2026\/01\/7ge0mh4-1.jpg","contentUrl":"https:\/\/mekulo.com\/no\/wp-content\/uploads\/sites\/10\/2026\/01\/7ge0mh4-1.jpg","width":960,"height":960},{"@type":"BreadcrumbList","@id":"https:\/\/mekulo.com\/no\/produkt\/bremseblodningssett-2-stk\/#breadcrumb","itemListElement":[{"@type":"ListItem","position":1,"name":"Home","item":"https:\/\/mekulo.com\/no\/"},{"@type":"ListItem","position":2,"name":"Butikk","item":"https:\/\/mekulo.com\/no\/butikk\/"},{"@type":"ListItem","position":3,"name":"Bremsebl\u00f8dningssett (2 stk)"}]},{"@type":"WebSite","@id":"https:\/\/mekulo.com\/no\/#website","url":"https:\/\/mekulo.com\/no\/","name":"Mekulo NO","description":"","publisher":{"@id":"https:\/\/mekulo.com\/no\/#organization"},"potentialAction":[{"@type":"SearchAction","target":{"@type":"EntryPoint","urlTemplate":"https:\/\/mekulo.com\/no\/?s={search_term_string}"},"query-input":{"@type":"PropertyValueSpecification","valueRequired":true,"valueName":"search_term_string"}}],"inLanguage":"nb-NO"},{"@type":"Organization","@id":"https:\/\/mekulo.com\/no\/#organization","name":"Mekulo","url":"https:\/\/mekulo.com\/no\/","logo":{"@type":"ImageObject","inLanguage":"nb-NO","@id":"https:\/\/mekulo.com\/no\/#\/schema\/logo\/image\/","url":"https:\/\/mekulo.com\/no\/wp-content\/uploads\/sites\/10\/2025\/12\/favicon_mekulo.png","contentUrl":"https:\/\/mekulo.com\/no\/wp-content\/uploads\/sites\/10\/2025\/12\/favicon_mekulo.png","width":50,"height":50,"caption":"Mekulo"},"image":{"@id":"https:\/\/mekulo.com\/no\/#\/schema\/logo\/image\/"}}]}},"_links":{"self":[{"href":"https:\/\/mekulo.com\/no\/wp-json\/wp\/v2\/product\/17093","targetHints":{"allow":["GET"]}}],"collection":[{"href":"https:\/\/mekulo.com\/no\/wp-json\/wp\/v2\/product"}],"about":[{"href":"https:\/\/mekulo.com\/no\/wp-json\/wp\/v2\/types\/product"}],"replies":[{"embeddable":true,"href":"https:\/\/mekulo.com\/no\/wp-json\/wp\/v2\/comments?post=17093"}],"wp:featuredmedia":[{"embeddable":true,"href":"https:\/\/mekulo.com\/no\/wp-json\/wp\/v2\/media\/17089"}],"wp:attachment":[{"href":"https:\/\/mekulo.com\/no\/wp-json\/wp\/v2\/media?parent=17093"}],"wp:term":[{"taxonomy":"product_brand","embeddable":true,"href":"https:\/\/mekulo.com\/no\/wp-json\/wp\/v2\/product_brand?post=17093"},{"taxonomy":"product_cat","embeddable":true,"href":"https:\/\/mekulo.com\/no\/wp-json\/wp\/v2\/product_cat?post=17093"},{"taxonomy":"product_tag","embeddable":true,"href":"https:\/\/mekulo.com\/no\/wp-json\/wp\/v2\/product_tag?post=17093"}],"curies":[{"name":"wp","href":"https:\/\/api.w.org\/{rel}","templated":true}]}}