{"id":17084,"date":"2026-01-13T16:29:38","date_gmt":"2026-01-13T14:29:38","guid":{"rendered":"https:\/\/mekulo.com\/no\/produkt\/krolltang\/"},"modified":"2026-01-22T17:48:41","modified_gmt":"2026-01-22T15:48:41","slug":"krolltang","status":"publish","type":"product","link":"https:\/\/mekulo.com\/no\/produkt\/krolltang\/","title":{"rendered":"Kr\u00f8lltang"},"content":{"rendered":"<p style=\"text-align: center\" data-start=\"0\" data-end=\"68\"><strong data-start=\"0\" data-end=\"68\">Skap Perfekte Kr\u00f8ller Raskt Med Glatte, Skinnende Resultater Hver Gang.<\/strong><span style=\"font-size: 16px;font-style: normal;font-weight: 400\">\u2728<\/span><\/p>\n<p data-start=\"70\" data-end=\"309\"><img fetchpriority=\"high\" decoding=\"async\" class=\"size-full wp-image-46151 aligncenter\" src=\"https:\/\/keluvo.com\/template\/wp-content\/uploads\/sites\/5\/2025\/12\/10224-ezgif.com-video-to-webp-converter-6.webp\" alt=\"\" width=\"500\" height=\"889\" \/><\/p>\n<h2 style=\"text-align: center\" data-start=\"534\" data-end=\"554\">\ud83d\udc96 Hovedfordeler<\/h2>\n<p data-start=\"557\" data-end=\"608\">\ud83d\udd25 \u00d8yeblikkelig oppvarming &#8211; Klar p\u00e5 bare 10 sekunder.<\/p>\n<p data-start=\"611\" data-end=\"678\">\ud83d\udcab Slank 9 mm t\u00f8nne &#8211; Perfekt for stramme kr\u00f8ller og strandb\u00f8lger.<\/p>\n<p data-start=\"611\" data-end=\"678\">\u2728 Anti-frizz-teknologi &#8211; Negative ioner gir glans.<\/p>\n<p data-start=\"681\" data-end=\"736\">\ud83e\uddf4 Jevn varmefordeling &#8211; Ingen hot spots eller skader.<\/p>\n<p data-start=\"798\" data-end=\"859\">\ud83d\udee1\ufe0f Sikker \u00e5 bruke &#8211; Varmebestandig spiss og sammenleggbart stativ.<\/p>\n<p data-start=\"862\" data-end=\"915\">\ud83c\udf0d Reisevennlig &#8211; Fungerer over hele verden (100\u2013240V).<\/p>\n<p data-start=\"862\" data-end=\"915\"><img decoding=\"async\" class=\"size-full wp-image-46150 aligncenter\" src=\"https:\/\/keluvo.com\/template\/wp-content\/uploads\/sites\/5\/2025\/12\/10225-ezgif.com-video-to-webp-converter-6.webp\" alt=\"\" width=\"500\" height=\"889\" \/><\/p>\n<h2 style=\"text-align: center\" data-start=\"917\" data-end=\"934\">\ud83d\udd27 Slik Bruker Du Den<\/h2>\n<ol data-start=\"935\" data-end=\"1171\">\n<li data-start=\"935\" data-end=\"994\">\n<p data-start=\"938\" data-end=\"994\">Koble inn kr\u00f8llestaven og velg varmeinnstilling.<\/p>\n<\/li>\n<li data-start=\"995\" data-end=\"1037\">\n<p data-start=\"998\" data-end=\"1037\">Vent noen sekunder til den varmes opp.<\/p>\n<\/li>\n<li data-start=\"1038\" data-end=\"1090\">\n<p data-start=\"1041\" data-end=\"1090\">Vikle en liten del av h\u00e5ret rundt skaftet.<\/p>\n<\/li>\n<li data-start=\"1091\" data-end=\"1132\">\n<p data-start=\"1094\" data-end=\"1132\">Hold kort, og slipp deretter kr\u00f8llen.<\/p>\n<\/li>\n<li data-start=\"1133\" data-end=\"1171\">\n<p data-start=\"1136\" data-end=\"1171\">Gjenta til stylingen er ferdig.<\/p>\n<\/li>\n<\/ol>\n<h2 style=\"text-align: center\" data-start=\"1173\" data-end=\"1195\">\ud83d\udccf Produktdetaljer<\/h2>\n<ul data-start=\"1196\" data-end=\"1430\">\n<li data-start=\"1196\" data-end=\"1232\">\n<p data-start=\"1198\" data-end=\"1232\">Diameter p\u00e5 skaftet: 9 mm<\/p>\n<\/li>\n<li data-start=\"1233\" data-end=\"1276\">\n<p data-start=\"1235\" data-end=\"1276\">Varmeinnstillinger: 150 \u00b0C \u2013 200 \u00b0C (2 niv\u00e5er)<\/p>\n<\/li>\n<li data-start=\"1277\" data-end=\"1317\">\n<p data-start=\"1279\" data-end=\"1317\">Varmemateriale: Turmalin keramikk<\/p>\n<\/li>\n<li data-start=\"1318\" data-end=\"1332\">\n<p data-start=\"1320\" data-end=\"1332\">Effekt: 25W<\/p>\n<\/li>\n<li data-start=\"1333\" data-end=\"1354\">\n<p data-start=\"1335\" data-end=\"1354\">Spenning: 100\u2013240V<\/p>\n<\/li>\n<li data-start=\"1355\" data-end=\"1390\">\n<p data-start=\"1357\" data-end=\"1390\">Ledningslengde: 1.8 m svingbar kabel<\/p>\n<\/li>\n<li data-start=\"1391\" data-end=\"1406\">\n<p data-start=\"1393\" data-end=\"1406\">Farge: Svart-rosa<\/p>\n<\/li>\n<li data-start=\"1407\" data-end=\"1430\">\n<p data-start=\"1409\" data-end=\"1430\">Skallmateriale: ABS<\/p>\n<\/li>\n<li data-start=\"1407\" data-end=\"1430\">\n<p data-start=\"1409\" data-end=\"1430\">Size: 31 x 14.7 cm<\/p>\n<\/li>\n<li data-start=\"1407\" data-end=\"1430\">Str\u00f8m: EU-kontakt<\/li>\n<\/ul>\n<h2 style=\"text-align: center\" data-start=\"1432\" data-end=\"1455\">\ud83d\udce6 Pakken Inneholder<\/h2>\n<ul data-start=\"1456\" data-end=\"1485\" data-is-last-node=\"\" data-is-only-node=\"\">\n<li data-start=\"1456\" data-end=\"1485\" data-is-last-node=\"\">\n<p data-start=\"1458\" data-end=\"1485\" data-is-last-node=\"\">1x kr\u00f8llstav.<\/p>\n<\/li>\n<\/ul>\n","protected":false},"excerpt":{"rendered":"<p>Denne kr\u00f8llestaven varmes opp p\u00e5 sekunder og hjelper deg med \u00e5 style stramme kr\u00f8ller eller myke b\u00f8lger p\u00e5 en enkel m\u00e5te. Det slanke keramiske skaftet og den h\u00e5rvennlige teknologien reduserer krusing og beskytter h\u00e5ret ditt, samtidig som du f\u00e5r en langvarig stil hjemme eller p\u00e5 farten. Med umiddelbar varme og jevn temperaturkontroll styler denne kr\u00f8llestaven h\u00e5ret raskt uten \u00e5 dra i det eller skade det. Den kompakte og lette designen gj\u00f8r den ideell til daglig bruk og p\u00e5 reise.<\/p>\n","protected":false},"featured_media":17080,"comment_status":"open","ping_status":"closed","template":"","meta":{"site-sidebar-layout":"default","site-content-layout":"","ast-site-content-layout":"default","site-content-style":"default","site-sidebar-style":"default","ast-global-header-display":"","ast-banner-title-visibility":"","ast-main-header-display":"","ast-hfb-above-header-display":"","ast-hfb-below-header-display":"","ast-hfb-mobile-header-display":"","site-post-title":"","ast-breadcrumbs-content":"","ast-featured-img":"","footer-sml-layout":"","theme-transparent-header-meta":"default","adv-header-id-meta":"","stick-header-meta":"","header-above-stick-meta":"","header-main-stick-meta":"","header-below-stick-meta":"","astra-migrate-meta-layouts":"set","ast-page-background-enabled":"default","ast-page-background-meta":{"desktop":{"background-color":"var(--ast-global-color-5)","background-image":"","background-repeat":"repeat","background-position":"center center","background-size":"auto","background-attachment":"scroll","background-type":"","background-media":"","overlay-type":"","overlay-color":"","overlay-opacity":"","overlay-gradient":""},"tablet":{"background-color":"","background-image":"","background-repeat":"repeat","background-position":"center center","background-size":"auto","background-attachment":"scroll","background-type":"","background-media":"","overlay-type":"","overlay-color":"","overlay-opacity":"","overlay-gradient":""},"mobile":{"background-color":"","background-image":"","background-repeat":"repeat","background-position":"center center","background-size":"auto","background-attachment":"scroll","background-type":"","background-media":"","overlay-type":"","overlay-color":"","overlay-opacity":"","overlay-gradient":""}},"ast-content-background-meta":{"desktop":{"background-color":"var(--ast-global-color-4)","background-image":"","background-repeat":"repeat","background-position":"center center","background-size":"auto","background-attachment":"scroll","background-type":"","background-media":"","overlay-type":"","overlay-color":"","overlay-opacity":"","overlay-gradient":""},"tablet":{"background-color":"var(--ast-global-color-4)","background-image":"","background-repeat":"repeat","background-position":"center center","background-size":"auto","background-attachment":"scroll","background-type":"","background-media":"","overlay-type":"","overlay-color":"","overlay-opacity":"","overlay-gradient":""},"mobile":{"background-color":"var(--ast-global-color-4)","background-image":"","background-repeat":"repeat","background-position":"center center","background-size":"auto","background-attachment":"scroll","background-type":"","background-media":"","overlay-type":"","overlay-color":"","overlay-opacity":"","overlay-gradient":""}}},"product_brand":[],"product_cat":[162],"product_tag":[],"class_list":{"0":"post-17084","1":"product","2":"type-product","3":"status-publish","4":"has-post-thumbnail","6":"product_cat-skjonnhets-og-hygieneprodukter","7":"desktop-align-left","8":"tablet-align-left","9":"mobile-align-left","11":"first","12":"instock","13":"shipping-taxable","14":"purchasable","15":"product-type-simple"},"yoast_head":"<!-- This site is optimized with the Yoast SEO plugin v26.6 - https:\/\/yoast.com\/wordpress\/plugins\/seo\/ -->\n<title>Kr\u00f8lltang - Mekulo NO<\/title>\n<meta name=\"robots\" content=\"index, follow, max-snippet:-1, max-image-preview:large, max-video-preview:-1\" \/>\n<link rel=\"canonical\" href=\"https:\/\/mekulo.com\/no\/produkt\/krolltang\/\" \/>\n<meta property=\"og:locale\" content=\"nb_NO\" \/>\n<meta property=\"og:type\" content=\"article\" \/>\n<meta property=\"og:title\" content=\"Kr\u00f8lltang - Mekulo NO\" \/>\n<meta property=\"og:description\" content=\"Denne kr\u00f8llestaven varmes opp p\u00e5 sekunder og hjelper deg med \u00e5 style stramme kr\u00f8ller eller myke b\u00f8lger p\u00e5 en enkel m\u00e5te. Det slanke keramiske skaftet og den h\u00e5rvennlige teknologien reduserer krusing og beskytter h\u00e5ret ditt, samtidig som du f\u00e5r en langvarig stil hjemme eller p\u00e5 farten. Med umiddelbar varme og jevn temperaturkontroll styler denne kr\u00f8llestaven h\u00e5ret raskt uten \u00e5 dra i det eller skade det. Den kompakte og lette designen gj\u00f8r den ideell til daglig bruk og p\u00e5 reise.\" \/>\n<meta property=\"og:url\" content=\"https:\/\/mekulo.com\/no\/produkt\/krolltang\/\" \/>\n<meta property=\"og:site_name\" content=\"Mekulo NO\" \/>\n<meta property=\"article:modified_time\" content=\"2026-01-22T15:48:41+00:00\" \/>\n<meta property=\"og:image\" content=\"https:\/\/mekulo.com\/no\/wp-content\/uploads\/sites\/10\/2026\/01\/f49iuy2-1.jpeg\" \/>\n\t<meta property=\"og:image:width\" content=\"1280\" \/>\n\t<meta property=\"og:image:height\" content=\"1280\" \/>\n\t<meta property=\"og:image:type\" content=\"image\/jpeg\" \/>\n<meta name=\"twitter:card\" content=\"summary_large_image\" \/>\n<meta name=\"twitter:label1\" content=\"Ansl. lesetid\" \/>\n\t<meta name=\"twitter:data1\" content=\"2 minutter\" \/>\n<script type=\"application\/ld+json\" class=\"yoast-schema-graph\">{\"@context\":\"https:\/\/schema.org\",\"@graph\":[{\"@type\":\"WebPage\",\"@id\":\"https:\/\/mekulo.com\/no\/produkt\/krolltang\/\",\"url\":\"https:\/\/mekulo.com\/no\/produkt\/krolltang\/\",\"name\":\"Kr\u00f8lltang - Mekulo NO\",\"isPartOf\":{\"@id\":\"https:\/\/mekulo.com\/no\/#website\"},\"primaryImageOfPage\":{\"@id\":\"https:\/\/mekulo.com\/no\/produkt\/krolltang\/#primaryimage\"},\"image\":{\"@id\":\"https:\/\/mekulo.com\/no\/produkt\/krolltang\/#primaryimage\"},\"thumbnailUrl\":\"https:\/\/mekulo.com\/no\/wp-content\/uploads\/sites\/10\/2026\/01\/f49iuy2-1.jpeg\",\"datePublished\":\"2026-01-13T14:29:38+00:00\",\"dateModified\":\"2026-01-22T15:48:41+00:00\",\"breadcrumb\":{\"@id\":\"https:\/\/mekulo.com\/no\/produkt\/krolltang\/#breadcrumb\"},\"inLanguage\":\"nb-NO\",\"potentialAction\":[{\"@type\":\"ReadAction\",\"target\":[\"https:\/\/mekulo.com\/no\/produkt\/krolltang\/\"]}]},{\"@type\":\"ImageObject\",\"inLanguage\":\"nb-NO\",\"@id\":\"https:\/\/mekulo.com\/no\/produkt\/krolltang\/#primaryimage\",\"url\":\"https:\/\/mekulo.com\/no\/wp-content\/uploads\/sites\/10\/2026\/01\/f49iuy2-1.jpeg\",\"contentUrl\":\"https:\/\/mekulo.com\/no\/wp-content\/uploads\/sites\/10\/2026\/01\/f49iuy2-1.jpeg\",\"width\":1280,\"height\":1280},{\"@type\":\"BreadcrumbList\",\"@id\":\"https:\/\/mekulo.com\/no\/produkt\/krolltang\/#breadcrumb\",\"itemListElement\":[{\"@type\":\"ListItem\",\"position\":1,\"name\":\"Home\",\"item\":\"https:\/\/mekulo.com\/no\/\"},{\"@type\":\"ListItem\",\"position\":2,\"name\":\"Butikk\",\"item\":\"https:\/\/mekulo.com\/no\/butikk\/\"},{\"@type\":\"ListItem\",\"position\":3,\"name\":\"Kr\u00f8lltang\"}]},{\"@type\":\"WebSite\",\"@id\":\"https:\/\/mekulo.com\/no\/#website\",\"url\":\"https:\/\/mekulo.com\/no\/\",\"name\":\"Mekulo NO\",\"description\":\"\",\"publisher\":{\"@id\":\"https:\/\/mekulo.com\/no\/#organization\"},\"potentialAction\":[{\"@type\":\"SearchAction\",\"target\":{\"@type\":\"EntryPoint\",\"urlTemplate\":\"https:\/\/mekulo.com\/no\/?s={search_term_string}\"},\"query-input\":{\"@type\":\"PropertyValueSpecification\",\"valueRequired\":true,\"valueName\":\"search_term_string\"}}],\"inLanguage\":\"nb-NO\"},{\"@type\":\"Organization\",\"@id\":\"https:\/\/mekulo.com\/no\/#organization\",\"name\":\"Mekulo\",\"url\":\"https:\/\/mekulo.com\/no\/\",\"logo\":{\"@type\":\"ImageObject\",\"inLanguage\":\"nb-NO\",\"@id\":\"https:\/\/mekulo.com\/no\/#\/schema\/logo\/image\/\",\"url\":\"https:\/\/mekulo.com\/no\/wp-content\/uploads\/sites\/10\/2025\/12\/favicon_mekulo.png\",\"contentUrl\":\"https:\/\/mekulo.com\/no\/wp-content\/uploads\/sites\/10\/2025\/12\/favicon_mekulo.png\",\"width\":50,\"height\":50,\"caption\":\"Mekulo\"},\"image\":{\"@id\":\"https:\/\/mekulo.com\/no\/#\/schema\/logo\/image\/\"}}]}<\/script>\n<!-- \/ Yoast SEO plugin. -->","yoast_head_json":{"title":"Kr\u00f8lltang - Mekulo NO","robots":{"index":"index","follow":"follow","max-snippet":"max-snippet:-1","max-image-preview":"max-image-preview:large","max-video-preview":"max-video-preview:-1"},"canonical":"https:\/\/mekulo.com\/no\/produkt\/krolltang\/","og_locale":"nb_NO","og_type":"article","og_title":"Kr\u00f8lltang - Mekulo NO","og_description":"Denne kr\u00f8llestaven varmes opp p\u00e5 sekunder og hjelper deg med \u00e5 style stramme kr\u00f8ller eller myke b\u00f8lger p\u00e5 en enkel m\u00e5te. Det slanke keramiske skaftet og den h\u00e5rvennlige teknologien reduserer krusing og beskytter h\u00e5ret ditt, samtidig som du f\u00e5r en langvarig stil hjemme eller p\u00e5 farten. Med umiddelbar varme og jevn temperaturkontroll styler denne kr\u00f8llestaven h\u00e5ret raskt uten \u00e5 dra i det eller skade det. Den kompakte og lette designen gj\u00f8r den ideell til daglig bruk og p\u00e5 reise.","og_url":"https:\/\/mekulo.com\/no\/produkt\/krolltang\/","og_site_name":"Mekulo NO","article_modified_time":"2026-01-22T15:48:41+00:00","og_image":[{"width":1280,"height":1280,"url":"https:\/\/mekulo.com\/no\/wp-content\/uploads\/sites\/10\/2026\/01\/f49iuy2-1.jpeg","type":"image\/jpeg"}],"twitter_card":"summary_large_image","twitter_misc":{"Ansl. lesetid":"2 minutter"},"schema":{"@context":"https:\/\/schema.org","@graph":[{"@type":"WebPage","@id":"https:\/\/mekulo.com\/no\/produkt\/krolltang\/","url":"https:\/\/mekulo.com\/no\/produkt\/krolltang\/","name":"Kr\u00f8lltang - Mekulo NO","isPartOf":{"@id":"https:\/\/mekulo.com\/no\/#website"},"primaryImageOfPage":{"@id":"https:\/\/mekulo.com\/no\/produkt\/krolltang\/#primaryimage"},"image":{"@id":"https:\/\/mekulo.com\/no\/produkt\/krolltang\/#primaryimage"},"thumbnailUrl":"https:\/\/mekulo.com\/no\/wp-content\/uploads\/sites\/10\/2026\/01\/f49iuy2-1.jpeg","datePublished":"2026-01-13T14:29:38+00:00","dateModified":"2026-01-22T15:48:41+00:00","breadcrumb":{"@id":"https:\/\/mekulo.com\/no\/produkt\/krolltang\/#breadcrumb"},"inLanguage":"nb-NO","potentialAction":[{"@type":"ReadAction","target":["https:\/\/mekulo.com\/no\/produkt\/krolltang\/"]}]},{"@type":"ImageObject","inLanguage":"nb-NO","@id":"https:\/\/mekulo.com\/no\/produkt\/krolltang\/#primaryimage","url":"https:\/\/mekulo.com\/no\/wp-content\/uploads\/sites\/10\/2026\/01\/f49iuy2-1.jpeg","contentUrl":"https:\/\/mekulo.com\/no\/wp-content\/uploads\/sites\/10\/2026\/01\/f49iuy2-1.jpeg","width":1280,"height":1280},{"@type":"BreadcrumbList","@id":"https:\/\/mekulo.com\/no\/produkt\/krolltang\/#breadcrumb","itemListElement":[{"@type":"ListItem","position":1,"name":"Home","item":"https:\/\/mekulo.com\/no\/"},{"@type":"ListItem","position":2,"name":"Butikk","item":"https:\/\/mekulo.com\/no\/butikk\/"},{"@type":"ListItem","position":3,"name":"Kr\u00f8lltang"}]},{"@type":"WebSite","@id":"https:\/\/mekulo.com\/no\/#website","url":"https:\/\/mekulo.com\/no\/","name":"Mekulo NO","description":"","publisher":{"@id":"https:\/\/mekulo.com\/no\/#organization"},"potentialAction":[{"@type":"SearchAction","target":{"@type":"EntryPoint","urlTemplate":"https:\/\/mekulo.com\/no\/?s={search_term_string}"},"query-input":{"@type":"PropertyValueSpecification","valueRequired":true,"valueName":"search_term_string"}}],"inLanguage":"nb-NO"},{"@type":"Organization","@id":"https:\/\/mekulo.com\/no\/#organization","name":"Mekulo","url":"https:\/\/mekulo.com\/no\/","logo":{"@type":"ImageObject","inLanguage":"nb-NO","@id":"https:\/\/mekulo.com\/no\/#\/schema\/logo\/image\/","url":"https:\/\/mekulo.com\/no\/wp-content\/uploads\/sites\/10\/2025\/12\/favicon_mekulo.png","contentUrl":"https:\/\/mekulo.com\/no\/wp-content\/uploads\/sites\/10\/2025\/12\/favicon_mekulo.png","width":50,"height":50,"caption":"Mekulo"},"image":{"@id":"https:\/\/mekulo.com\/no\/#\/schema\/logo\/image\/"}}]}},"_links":{"self":[{"href":"https:\/\/mekulo.com\/no\/wp-json\/wp\/v2\/product\/17084","targetHints":{"allow":["GET"]}}],"collection":[{"href":"https:\/\/mekulo.com\/no\/wp-json\/wp\/v2\/product"}],"about":[{"href":"https:\/\/mekulo.com\/no\/wp-json\/wp\/v2\/types\/product"}],"replies":[{"embeddable":true,"href":"https:\/\/mekulo.com\/no\/wp-json\/wp\/v2\/comments?post=17084"}],"wp:featuredmedia":[{"embeddable":true,"href":"https:\/\/mekulo.com\/no\/wp-json\/wp\/v2\/media\/17080"}],"wp:attachment":[{"href":"https:\/\/mekulo.com\/no\/wp-json\/wp\/v2\/media?parent=17084"}],"wp:term":[{"taxonomy":"product_brand","embeddable":true,"href":"https:\/\/mekulo.com\/no\/wp-json\/wp\/v2\/product_brand?post=17084"},{"taxonomy":"product_cat","embeddable":true,"href":"https:\/\/mekulo.com\/no\/wp-json\/wp\/v2\/product_cat?post=17084"},{"taxonomy":"product_tag","embeddable":true,"href":"https:\/\/mekulo.com\/no\/wp-json\/wp\/v2\/product_tag?post=17084"}],"curies":[{"name":"wp","href":"https:\/\/api.w.org\/{rel}","templated":true}]}}