{"id":17062,"date":"2026-01-13T16:27:08","date_gmt":"2026-01-13T14:27:08","guid":{"rendered":"https:\/\/mekulo.com\/no\/produkt\/ga-sele-for-babyer\/"},"modified":"2026-01-22T17:47:45","modified_gmt":"2026-01-22T15:47:45","slug":"ga-sele-for-babyer","status":"publish","type":"product","link":"https:\/\/mekulo.com\/no\/produkt\/ga-sele-for-babyer\/","title":{"rendered":"G\u00e5-sele for babyer"},"content":{"rendered":"<p style=\"text-align: center;\" data-start=\"0\" data-end=\"76\"><strong data-start=\"0\" data-end=\"76\">Hjelper Babyen Din Med \u00c5 L\u00e6re \u00c5 G\u00e5 Trygt Og Selvsikkert Uten \u00c5 Belaste Ryggen.<\/strong><span style=\"font-size: 16px; font-style: normal; font-weight: 400;\">\ud83d\udc76<\/span><\/p>\n<p data-start=\"78\" data-end=\"318\"><img fetchpriority=\"high\" decoding=\"async\" class=\"size-full wp-image-46295 aligncenter\" src=\"https:\/\/keluvo.com\/template\/wp-content\/uploads\/sites\/5\/2025\/12\/102215-ezgif.com-video-to-webp-converter-3.webp\" alt=\"\" width=\"500\" height=\"889\" \/><\/p>\n<h2 style=\"text-align: center;\" data-start=\"610\" data-end=\"630\">\ud83c\udf1f Hovedfordeler<\/h2>\n<p data-start=\"633\" data-end=\"685\">\ud83d\udee1\ufe0f Sikker g\u00e5st\u00f8tte &#8211; Hjelper med \u00e5 forhindre fall.<\/p>\n<p data-start=\"688\" data-end=\"750\">\ud83d\udcaa \u00d8ker babyens selvtillit &#8211; Oppmuntrer til uavhengige trinn.<\/p>\n<p data-start=\"753\" data-end=\"817\">\ud83c\udf2c\ufe0f Pustende &amp; mykt materiale &#8211; Komfortabelt for daglig bruk.<\/p>\n<p data-start=\"820\" data-end=\"886\">\ud83d\udd27 Fullt justerbar passform &#8211; Tilpasser seg babyens st\u00f8rrelse og kl\u00e6r.<\/p>\n<p data-start=\"889\" data-end=\"949\">\ud83e\uddcd Ryggvennlig for foreldre &#8211; Ingen b\u00f8ying eller ryggsmerter.<\/p>\n<p data-start=\"952\" data-end=\"1004\">\ud83c\udf1e Bruk hele \u00e5ret &#8211; Ideell selv i varmt v\u00e6r.<\/p>\n<p data-start=\"952\" data-end=\"1004\"><img decoding=\"async\" class=\"size-full wp-image-46299 aligncenter\" src=\"https:\/\/keluvo.com\/template\/wp-content\/uploads\/sites\/5\/2025\/12\/102214-ezgif.com-video-to-webp-converter-4.webp\" alt=\"\" width=\"500\" height=\"889\" \/><\/p>\n<h2 style=\"text-align: center;\" data-start=\"1006\" data-end=\"1023\">\u25b6\ufe0f Slik Bruker Du Selen<\/h2>\n<ol data-start=\"1024\" data-end=\"1215\">\n<li data-start=\"1024\" data-end=\"1072\">\n<p data-start=\"1027\" data-end=\"1072\">Plasser selen rundt babyens bryst.<\/p>\n<\/li>\n<li data-start=\"1073\" data-end=\"1126\">\n<p data-start=\"1076\" data-end=\"1126\">Juster stroppene slik at de sitter godt og komfortabelt.<\/p>\n<\/li>\n<li data-start=\"1127\" data-end=\"1162\">\n<p data-start=\"1130\" data-end=\"1162\">Hold godt i h\u00e5ndtaksstroppene.<\/p>\n<\/li>\n<li data-start=\"1163\" data-end=\"1215\">\n<p data-start=\"1166\" data-end=\"1215\">Veiled babyen din mens de g\u00e5r i sitt eget tempo.<\/p>\n<\/li>\n<\/ol>\n<h2 style=\"text-align: center;\" data-start=\"1217\" data-end=\"1239\">\ud83d\udccf Produktdetaljer<\/h2>\n<ul data-start=\"1240\" data-end=\"1508\">\n<li data-start=\"1279\" data-end=\"1330\">\n<p data-start=\"1281\" data-end=\"1330\">Materiale: Oxford-klut + svamp fuglenett<\/p>\n<\/li>\n<li data-start=\"1351\" data-end=\"1377\">\n<p data-start=\"1353\" data-end=\"1377\">St\u00f8rrelse: 68 cm<\/p>\n<\/li>\n<li data-start=\"1378\" data-end=\"1428\">\n<p data-start=\"1380\" data-end=\"1428\">Brystomkrets: 40\u201360 cm<\/p>\n<\/li>\n<li data-start=\"1429\" data-end=\"1458\">\n<p data-start=\"1431\" data-end=\"1458\">Passende alder: 8\u201318 m\u00e5neder<\/p>\n<\/li>\n<li data-start=\"1459\" data-end=\"1482\">\n<p data-start=\"1461\" data-end=\"1482\">Maksimal belastning: 30 kg<\/p>\n<\/li>\n<li data-start=\"1483\" data-end=\"1508\">\n<p data-start=\"1485\" data-end=\"1508\">Vekt: Ca. 100 g<\/p>\n<\/li>\n<\/ul>\n<h2 style=\"text-align: center;\" data-start=\"1510\" data-end=\"1533\">\ud83d\udce6 Pakken Inkluderer<\/h2>\n<ul data-start=\"1534\" data-end=\"1560\" data-is-last-node=\"\" data-is-only-node=\"\">\n<li data-start=\"1534\" data-end=\"1560\" data-is-last-node=\"\">\n<p data-start=\"1536\" data-end=\"1560\" data-is-last-node=\"\">1x g\u00e5sele for baby.<\/p>\n<\/li>\n<\/ul>\n","protected":false},"excerpt":{"rendered":"<p>Denne g\u00e5stolen er en myk, justerbar g\u00e5sele som st\u00f8tter barnet n\u00e5r det tar sine f\u00f8rste skritt. Den bidrar til \u00e5 forbedre balansen og selvtilliten, samtidig som den holder babyen trygg og gir foreldrene bedre kontroll uten \u00e5 b\u00f8ye eller dra. Denne g\u00e5selen er utviklet for babyer i alderen 8-18 m\u00e5neder, og st\u00f8tter babyens bryst og kropp p\u00e5 en sk\u00e5nsom m\u00e5te samtidig som den tillater naturlig bevegelse. Det pustende materialet holder babyen komfortabel i alle \u00e5rstider, mens de justerbare stroppene vokser med barnet.<\/p>\n","protected":false},"featured_media":17058,"comment_status":"open","ping_status":"closed","template":"","meta":{"site-sidebar-layout":"default","site-content-layout":"","ast-site-content-layout":"default","site-content-style":"default","site-sidebar-style":"default","ast-global-header-display":"","ast-banner-title-visibility":"","ast-main-header-display":"","ast-hfb-above-header-display":"","ast-hfb-below-header-display":"","ast-hfb-mobile-header-display":"","site-post-title":"","ast-breadcrumbs-content":"","ast-featured-img":"","footer-sml-layout":"","theme-transparent-header-meta":"default","adv-header-id-meta":"","stick-header-meta":"","header-above-stick-meta":"","header-main-stick-meta":"","header-below-stick-meta":"","astra-migrate-meta-layouts":"set","ast-page-background-enabled":"default","ast-page-background-meta":{"desktop":{"background-color":"var(--ast-global-color-5)","background-image":"","background-repeat":"repeat","background-position":"center center","background-size":"auto","background-attachment":"scroll","background-type":"","background-media":"","overlay-type":"","overlay-color":"","overlay-opacity":"","overlay-gradient":""},"tablet":{"background-color":"","background-image":"","background-repeat":"repeat","background-position":"center center","background-size":"auto","background-attachment":"scroll","background-type":"","background-media":"","overlay-type":"","overlay-color":"","overlay-opacity":"","overlay-gradient":""},"mobile":{"background-color":"","background-image":"","background-repeat":"repeat","background-position":"center center","background-size":"auto","background-attachment":"scroll","background-type":"","background-media":"","overlay-type":"","overlay-color":"","overlay-opacity":"","overlay-gradient":""}},"ast-content-background-meta":{"desktop":{"background-color":"var(--ast-global-color-4)","background-image":"","background-repeat":"repeat","background-position":"center center","background-size":"auto","background-attachment":"scroll","background-type":"","background-media":"","overlay-type":"","overlay-color":"","overlay-opacity":"","overlay-gradient":""},"tablet":{"background-color":"var(--ast-global-color-4)","background-image":"","background-repeat":"repeat","background-position":"center center","background-size":"auto","background-attachment":"scroll","background-type":"","background-media":"","overlay-type":"","overlay-color":"","overlay-opacity":"","overlay-gradient":""},"mobile":{"background-color":"var(--ast-global-color-4)","background-image":"","background-repeat":"repeat","background-position":"center center","background-size":"auto","background-attachment":"scroll","background-type":"","background-media":"","overlay-type":"","overlay-color":"","overlay-opacity":"","overlay-gradient":""}}},"product_brand":[],"product_cat":[172],"product_tag":[],"class_list":{"0":"post-17062","1":"product","2":"type-product","3":"status-publish","4":"has-post-thumbnail","6":"product_cat-leker-barne-og-babyprodukter","7":"desktop-align-left","8":"tablet-align-left","9":"mobile-align-left","11":"first","12":"instock","13":"shipping-taxable","14":"purchasable","15":"product-type-simple"},"yoast_head":"<!-- This site is optimized with the Yoast SEO plugin v26.6 - https:\/\/yoast.com\/wordpress\/plugins\/seo\/ -->\n<title>G\u00e5-sele for babyer - Mekulo NO<\/title>\n<meta name=\"robots\" content=\"index, follow, max-snippet:-1, max-image-preview:large, max-video-preview:-1\" \/>\n<link rel=\"canonical\" href=\"https:\/\/mekulo.com\/no\/produkt\/ga-sele-for-babyer\/\" \/>\n<meta property=\"og:locale\" content=\"nb_NO\" \/>\n<meta property=\"og:type\" content=\"article\" \/>\n<meta property=\"og:title\" content=\"G\u00e5-sele for babyer - Mekulo NO\" \/>\n<meta property=\"og:description\" content=\"Denne g\u00e5stolen er en myk, justerbar g\u00e5sele som st\u00f8tter barnet n\u00e5r det tar sine f\u00f8rste skritt. Den bidrar til \u00e5 forbedre balansen og selvtilliten, samtidig som den holder babyen trygg og gir foreldrene bedre kontroll uten \u00e5 b\u00f8ye eller dra. Denne g\u00e5selen er utviklet for babyer i alderen 8-18 m\u00e5neder, og st\u00f8tter babyens bryst og kropp p\u00e5 en sk\u00e5nsom m\u00e5te samtidig som den tillater naturlig bevegelse. Det pustende materialet holder babyen komfortabel i alle \u00e5rstider, mens de justerbare stroppene vokser med barnet.\" \/>\n<meta property=\"og:url\" content=\"https:\/\/mekulo.com\/no\/produkt\/ga-sele-for-babyer\/\" \/>\n<meta property=\"og:site_name\" content=\"Mekulo NO\" \/>\n<meta property=\"article:modified_time\" content=\"2026-01-22T15:47:45+00:00\" \/>\n<meta property=\"og:image\" content=\"https:\/\/mekulo.com\/no\/wp-content\/uploads\/sites\/10\/2026\/01\/2fdmlgl-1.webp\" \/>\n\t<meta property=\"og:image:width\" content=\"800\" \/>\n\t<meta property=\"og:image:height\" content=\"800\" \/>\n\t<meta property=\"og:image:type\" content=\"image\/webp\" \/>\n<meta name=\"twitter:card\" content=\"summary_large_image\" \/>\n<meta name=\"twitter:label1\" content=\"Ansl. lesetid\" \/>\n\t<meta name=\"twitter:data1\" content=\"2 minutter\" \/>\n<script type=\"application\/ld+json\" class=\"yoast-schema-graph\">{\"@context\":\"https:\/\/schema.org\",\"@graph\":[{\"@type\":\"WebPage\",\"@id\":\"https:\/\/mekulo.com\/no\/produkt\/ga-sele-for-babyer\/\",\"url\":\"https:\/\/mekulo.com\/no\/produkt\/ga-sele-for-babyer\/\",\"name\":\"G\u00e5-sele for babyer - Mekulo NO\",\"isPartOf\":{\"@id\":\"https:\/\/mekulo.com\/no\/#website\"},\"primaryImageOfPage\":{\"@id\":\"https:\/\/mekulo.com\/no\/produkt\/ga-sele-for-babyer\/#primaryimage\"},\"image\":{\"@id\":\"https:\/\/mekulo.com\/no\/produkt\/ga-sele-for-babyer\/#primaryimage\"},\"thumbnailUrl\":\"https:\/\/mekulo.com\/no\/wp-content\/uploads\/sites\/10\/2026\/01\/2fdmlgl-1.webp\",\"datePublished\":\"2026-01-13T14:27:08+00:00\",\"dateModified\":\"2026-01-22T15:47:45+00:00\",\"breadcrumb\":{\"@id\":\"https:\/\/mekulo.com\/no\/produkt\/ga-sele-for-babyer\/#breadcrumb\"},\"inLanguage\":\"nb-NO\",\"potentialAction\":[{\"@type\":\"ReadAction\",\"target\":[\"https:\/\/mekulo.com\/no\/produkt\/ga-sele-for-babyer\/\"]}]},{\"@type\":\"ImageObject\",\"inLanguage\":\"nb-NO\",\"@id\":\"https:\/\/mekulo.com\/no\/produkt\/ga-sele-for-babyer\/#primaryimage\",\"url\":\"https:\/\/mekulo.com\/no\/wp-content\/uploads\/sites\/10\/2026\/01\/2fdmlgl-1.webp\",\"contentUrl\":\"https:\/\/mekulo.com\/no\/wp-content\/uploads\/sites\/10\/2026\/01\/2fdmlgl-1.webp\",\"width\":800,\"height\":800},{\"@type\":\"BreadcrumbList\",\"@id\":\"https:\/\/mekulo.com\/no\/produkt\/ga-sele-for-babyer\/#breadcrumb\",\"itemListElement\":[{\"@type\":\"ListItem\",\"position\":1,\"name\":\"Home\",\"item\":\"https:\/\/mekulo.com\/no\/\"},{\"@type\":\"ListItem\",\"position\":2,\"name\":\"Butikk\",\"item\":\"https:\/\/mekulo.com\/no\/butikk\/\"},{\"@type\":\"ListItem\",\"position\":3,\"name\":\"G\u00e5-sele for babyer\"}]},{\"@type\":\"WebSite\",\"@id\":\"https:\/\/mekulo.com\/no\/#website\",\"url\":\"https:\/\/mekulo.com\/no\/\",\"name\":\"Mekulo NO\",\"description\":\"\",\"publisher\":{\"@id\":\"https:\/\/mekulo.com\/no\/#organization\"},\"potentialAction\":[{\"@type\":\"SearchAction\",\"target\":{\"@type\":\"EntryPoint\",\"urlTemplate\":\"https:\/\/mekulo.com\/no\/?s={search_term_string}\"},\"query-input\":{\"@type\":\"PropertyValueSpecification\",\"valueRequired\":true,\"valueName\":\"search_term_string\"}}],\"inLanguage\":\"nb-NO\"},{\"@type\":\"Organization\",\"@id\":\"https:\/\/mekulo.com\/no\/#organization\",\"name\":\"Mekulo\",\"url\":\"https:\/\/mekulo.com\/no\/\",\"logo\":{\"@type\":\"ImageObject\",\"inLanguage\":\"nb-NO\",\"@id\":\"https:\/\/mekulo.com\/no\/#\/schema\/logo\/image\/\",\"url\":\"https:\/\/mekulo.com\/no\/wp-content\/uploads\/sites\/10\/2025\/12\/favicon_mekulo.png\",\"contentUrl\":\"https:\/\/mekulo.com\/no\/wp-content\/uploads\/sites\/10\/2025\/12\/favicon_mekulo.png\",\"width\":50,\"height\":50,\"caption\":\"Mekulo\"},\"image\":{\"@id\":\"https:\/\/mekulo.com\/no\/#\/schema\/logo\/image\/\"}}]}<\/script>\n<!-- \/ Yoast SEO plugin. -->","yoast_head_json":{"title":"G\u00e5-sele for babyer - Mekulo NO","robots":{"index":"index","follow":"follow","max-snippet":"max-snippet:-1","max-image-preview":"max-image-preview:large","max-video-preview":"max-video-preview:-1"},"canonical":"https:\/\/mekulo.com\/no\/produkt\/ga-sele-for-babyer\/","og_locale":"nb_NO","og_type":"article","og_title":"G\u00e5-sele for babyer - Mekulo NO","og_description":"Denne g\u00e5stolen er en myk, justerbar g\u00e5sele som st\u00f8tter barnet n\u00e5r det tar sine f\u00f8rste skritt. Den bidrar til \u00e5 forbedre balansen og selvtilliten, samtidig som den holder babyen trygg og gir foreldrene bedre kontroll uten \u00e5 b\u00f8ye eller dra. Denne g\u00e5selen er utviklet for babyer i alderen 8-18 m\u00e5neder, og st\u00f8tter babyens bryst og kropp p\u00e5 en sk\u00e5nsom m\u00e5te samtidig som den tillater naturlig bevegelse. Det pustende materialet holder babyen komfortabel i alle \u00e5rstider, mens de justerbare stroppene vokser med barnet.","og_url":"https:\/\/mekulo.com\/no\/produkt\/ga-sele-for-babyer\/","og_site_name":"Mekulo NO","article_modified_time":"2026-01-22T15:47:45+00:00","og_image":[{"width":800,"height":800,"url":"https:\/\/mekulo.com\/no\/wp-content\/uploads\/sites\/10\/2026\/01\/2fdmlgl-1.webp","type":"image\/webp"}],"twitter_card":"summary_large_image","twitter_misc":{"Ansl. lesetid":"2 minutter"},"schema":{"@context":"https:\/\/schema.org","@graph":[{"@type":"WebPage","@id":"https:\/\/mekulo.com\/no\/produkt\/ga-sele-for-babyer\/","url":"https:\/\/mekulo.com\/no\/produkt\/ga-sele-for-babyer\/","name":"G\u00e5-sele for babyer - Mekulo NO","isPartOf":{"@id":"https:\/\/mekulo.com\/no\/#website"},"primaryImageOfPage":{"@id":"https:\/\/mekulo.com\/no\/produkt\/ga-sele-for-babyer\/#primaryimage"},"image":{"@id":"https:\/\/mekulo.com\/no\/produkt\/ga-sele-for-babyer\/#primaryimage"},"thumbnailUrl":"https:\/\/mekulo.com\/no\/wp-content\/uploads\/sites\/10\/2026\/01\/2fdmlgl-1.webp","datePublished":"2026-01-13T14:27:08+00:00","dateModified":"2026-01-22T15:47:45+00:00","breadcrumb":{"@id":"https:\/\/mekulo.com\/no\/produkt\/ga-sele-for-babyer\/#breadcrumb"},"inLanguage":"nb-NO","potentialAction":[{"@type":"ReadAction","target":["https:\/\/mekulo.com\/no\/produkt\/ga-sele-for-babyer\/"]}]},{"@type":"ImageObject","inLanguage":"nb-NO","@id":"https:\/\/mekulo.com\/no\/produkt\/ga-sele-for-babyer\/#primaryimage","url":"https:\/\/mekulo.com\/no\/wp-content\/uploads\/sites\/10\/2026\/01\/2fdmlgl-1.webp","contentUrl":"https:\/\/mekulo.com\/no\/wp-content\/uploads\/sites\/10\/2026\/01\/2fdmlgl-1.webp","width":800,"height":800},{"@type":"BreadcrumbList","@id":"https:\/\/mekulo.com\/no\/produkt\/ga-sele-for-babyer\/#breadcrumb","itemListElement":[{"@type":"ListItem","position":1,"name":"Home","item":"https:\/\/mekulo.com\/no\/"},{"@type":"ListItem","position":2,"name":"Butikk","item":"https:\/\/mekulo.com\/no\/butikk\/"},{"@type":"ListItem","position":3,"name":"G\u00e5-sele for babyer"}]},{"@type":"WebSite","@id":"https:\/\/mekulo.com\/no\/#website","url":"https:\/\/mekulo.com\/no\/","name":"Mekulo NO","description":"","publisher":{"@id":"https:\/\/mekulo.com\/no\/#organization"},"potentialAction":[{"@type":"SearchAction","target":{"@type":"EntryPoint","urlTemplate":"https:\/\/mekulo.com\/no\/?s={search_term_string}"},"query-input":{"@type":"PropertyValueSpecification","valueRequired":true,"valueName":"search_term_string"}}],"inLanguage":"nb-NO"},{"@type":"Organization","@id":"https:\/\/mekulo.com\/no\/#organization","name":"Mekulo","url":"https:\/\/mekulo.com\/no\/","logo":{"@type":"ImageObject","inLanguage":"nb-NO","@id":"https:\/\/mekulo.com\/no\/#\/schema\/logo\/image\/","url":"https:\/\/mekulo.com\/no\/wp-content\/uploads\/sites\/10\/2025\/12\/favicon_mekulo.png","contentUrl":"https:\/\/mekulo.com\/no\/wp-content\/uploads\/sites\/10\/2025\/12\/favicon_mekulo.png","width":50,"height":50,"caption":"Mekulo"},"image":{"@id":"https:\/\/mekulo.com\/no\/#\/schema\/logo\/image\/"}}]}},"_links":{"self":[{"href":"https:\/\/mekulo.com\/no\/wp-json\/wp\/v2\/product\/17062","targetHints":{"allow":["GET"]}}],"collection":[{"href":"https:\/\/mekulo.com\/no\/wp-json\/wp\/v2\/product"}],"about":[{"href":"https:\/\/mekulo.com\/no\/wp-json\/wp\/v2\/types\/product"}],"replies":[{"embeddable":true,"href":"https:\/\/mekulo.com\/no\/wp-json\/wp\/v2\/comments?post=17062"}],"wp:featuredmedia":[{"embeddable":true,"href":"https:\/\/mekulo.com\/no\/wp-json\/wp\/v2\/media\/17058"}],"wp:attachment":[{"href":"https:\/\/mekulo.com\/no\/wp-json\/wp\/v2\/media?parent=17062"}],"wp:term":[{"taxonomy":"product_brand","embeddable":true,"href":"https:\/\/mekulo.com\/no\/wp-json\/wp\/v2\/product_brand?post=17062"},{"taxonomy":"product_cat","embeddable":true,"href":"https:\/\/mekulo.com\/no\/wp-json\/wp\/v2\/product_cat?post=17062"},{"taxonomy":"product_tag","embeddable":true,"href":"https:\/\/mekulo.com\/no\/wp-json\/wp\/v2\/product_tag?post=17062"}],"curies":[{"name":"wp","href":"https:\/\/api.w.org\/{rel}","templated":true}]}}