{"id":16768,"date":"2026-01-09T13:02:33","date_gmt":"2026-01-09T11:02:33","guid":{"rendered":"https:\/\/mekulo.com\/no\/produkt\/mini-desktop-basketballspill\/"},"modified":"2026-01-09T17:28:04","modified_gmt":"2026-01-09T15:28:04","slug":"mini-desktop-basketballspill","status":"publish","type":"product","link":"https:\/\/mekulo.com\/no\/produkt\/mini-desktop-basketballspill\/","title":{"rendered":"Mini desktop basketballspill"},"content":{"rendered":"<p style=\"text-align: center;\" data-start=\"0\" data-end=\"62\"><strong data-start=\"0\" data-end=\"62\">F\u00e5 basketballmoro i arkadestil til skrivebordet ditt p\u00e5 f\u00e5 sekunder. \ud83c\udfc0<\/strong><\/p>\n<p data-start=\"64\" data-end=\"275\"><img fetchpriority=\"high\" decoding=\"async\" class=\"size-full wp-image-48318 aligncenter\" src=\"https:\/\/keluvo.com\/template\/wp-content\/uploads\/sites\/5\/2026\/01\/122120-ezgif.com-video-to-webp-converter.webp\" alt=\"\" width=\"500\" height=\"500\" \/><\/p>\n<h2 style=\"text-align: center;\" data-start=\"282\" data-end=\"302\"><strong>Hovedfordeler<\/strong><\/h2>\n<p data-start=\"306\" data-end=\"379\">\ud83c\udfaf Skyting med ett trykk &#8211; Enkel kontroll for enkel sikting og skyting.<\/p>\n<p data-start=\"382\" data-end=\"453\">\u23f1\ufe0f Automatisk poengsum og tidtaker &#8211; 60 sekunders utfordring sporer hver kurv.<\/p>\n<p data-start=\"456\" data-end=\"530\">\ud83d\udd0a Lys og lydeffekter &#8211; Jublende lyder gj\u00f8r hvert skudd spennende.<\/p>\n<p data-start=\"533\" data-end=\"604\">\ud83e\ude99 Myntaktivert spill &#8211; Start hver runde som et ekte arkadespill.<\/p>\n<p data-start=\"607\" data-end=\"674\">\ud83d\udc68\u200d\ud83d\udc69\u200d\ud83d\udc67 Moro for alle aldre &#8211; perfekt for barn, ten\u00e5ringer og voksne.<br \/>\n<img decoding=\"async\" class=\"size-full wp-image-48319 aligncenter\" src=\"https:\/\/keluvo.com\/template\/wp-content\/uploads\/sites\/5\/2026\/01\/122119-ezgif.com-video-to-webp-converter.webp\" alt=\"\" width=\"500\" height=\"500\" \/><\/p>\n<h2 style=\"text-align: center;\" data-start=\"681\" data-end=\"698\">Hvordan bruke<\/h2>\n<ol data-start=\"700\" data-end=\"957\">\n<li data-start=\"700\" data-end=\"759\">\n<p data-start=\"703\" data-end=\"759\">Sett inn 3 AA-batterier.<\/p>\n<\/li>\n<li data-start=\"760\" data-end=\"801\">\n<p data-start=\"763\" data-end=\"801\">Sett inn en spillmynt for \u00e5 starte en runde.<\/p>\n<\/li>\n<li data-start=\"802\" data-end=\"849\">\n<p data-start=\"805\" data-end=\"849\">Trykk p\u00e5 knappen for \u00e5 skyte basketballene.<\/p>\n<\/li>\n<li data-start=\"850\" data-end=\"906\">\n<p data-start=\"853\" data-end=\"906\">F\u00e5 s\u00e5 mange poeng som mulig innen 60 sekunder.<\/p>\n<\/li>\n<li data-start=\"907\" data-end=\"957\">\n<p data-start=\"910\" data-end=\"957\">Sjekk poengsummen din og pr\u00f8v \u00e5 sl\u00e5 den i neste runde.<\/p>\n<\/li>\n<\/ol>\n<h2 style=\"text-align: center;\" data-start=\"964\" data-end=\"986\">Produktdetaljer<\/h2>\n<ul data-start=\"988\" data-end=\"1220\">\n<li data-start=\"1035\" data-end=\"1083\">\n<p data-start=\"1037\" data-end=\"1083\">Material: ABS-plast, elektroniske komponenter<\/p>\n<\/li>\n<li data-start=\"1084\" data-end=\"1138\">\n<p data-start=\"1086\" data-end=\"1138\">St\u00f8rrelse: 22,2 x 15 x 15,7 cm<\/p>\n<\/li>\n<li data-start=\"1139\" data-end=\"1168\">\n<p data-start=\"1141\" data-end=\"1168\">Anbefalt alder: 3+ \u00e5r<\/p>\n<\/li>\n<li data-start=\"1169\" data-end=\"1220\">\n<p data-start=\"1171\" data-end=\"1220\">Spenning: 3x AA-batterier<\/p>\n<\/li>\n<\/ul>\n<h2 style=\"text-align: center;\" data-start=\"1227\" data-end=\"1250\">Pakken inneholder<\/h2>\n<ul data-start=\"1252\" data-end=\"1342\">\n<li data-start=\"1252\" data-end=\"1296\">Alternativ A: 1x mini stasjon\u00e6r basketballspillmaskin, 10x minibasketballer<\/li>\n<li data-start=\"1252\" data-end=\"1296\">Alternativ B: 1x mini stasjon\u00e6r basketballspillmaskin, 10x minibasketballer, 12x spillmynter.<\/li>\n<\/ul>\n","protected":false},"excerpt":{"rendered":"<p>Dette mini-basketballspillet er et raskt og spennende spill med lys, lyd og automatisk poengberegning. Det er enkelt \u00e5 bruke, morsomt for alle aldre og perfekt for raske spill hjemme, p\u00e5 kontoret eller med venner. Perfekt som gave eller som et morsomt skrivebordsspill som gir umiddelbar spenning hvor som helst.<\/p>\n","protected":false},"featured_media":16764,"comment_status":"open","ping_status":"closed","template":"","meta":{"site-sidebar-layout":"default","site-content-layout":"","ast-site-content-layout":"default","site-content-style":"default","site-sidebar-style":"default","ast-global-header-display":"","ast-banner-title-visibility":"","ast-main-header-display":"","ast-hfb-above-header-display":"","ast-hfb-below-header-display":"","ast-hfb-mobile-header-display":"","site-post-title":"","ast-breadcrumbs-content":"","ast-featured-img":"","footer-sml-layout":"","theme-transparent-header-meta":"default","adv-header-id-meta":"","stick-header-meta":"","header-above-stick-meta":"","header-main-stick-meta":"","header-below-stick-meta":"","astra-migrate-meta-layouts":"set","ast-page-background-enabled":"default","ast-page-background-meta":{"desktop":{"background-color":"var(--ast-global-color-5)","background-image":"","background-repeat":"repeat","background-position":"center center","background-size":"auto","background-attachment":"scroll","background-type":"","background-media":"","overlay-type":"","overlay-color":"","overlay-opacity":"","overlay-gradient":""},"tablet":{"background-color":"","background-image":"","background-repeat":"repeat","background-position":"center center","background-size":"auto","background-attachment":"scroll","background-type":"","background-media":"","overlay-type":"","overlay-color":"","overlay-opacity":"","overlay-gradient":""},"mobile":{"background-color":"","background-image":"","background-repeat":"repeat","background-position":"center center","background-size":"auto","background-attachment":"scroll","background-type":"","background-media":"","overlay-type":"","overlay-color":"","overlay-opacity":"","overlay-gradient":""}},"ast-content-background-meta":{"desktop":{"background-color":"var(--ast-global-color-4)","background-image":"","background-repeat":"repeat","background-position":"center center","background-size":"auto","background-attachment":"scroll","background-type":"","background-media":"","overlay-type":"","overlay-color":"","overlay-opacity":"","overlay-gradient":""},"tablet":{"background-color":"var(--ast-global-color-4)","background-image":"","background-repeat":"repeat","background-position":"center center","background-size":"auto","background-attachment":"scroll","background-type":"","background-media":"","overlay-type":"","overlay-color":"","overlay-opacity":"","overlay-gradient":""},"mobile":{"background-color":"var(--ast-global-color-4)","background-image":"","background-repeat":"repeat","background-position":"center center","background-size":"auto","background-attachment":"scroll","background-type":"","background-media":"","overlay-type":"","overlay-color":"","overlay-opacity":"","overlay-gradient":""}}},"product_brand":[],"product_cat":[172],"product_tag":[],"class_list":{"0":"post-16768","1":"product","2":"type-product","3":"status-publish","4":"has-post-thumbnail","6":"product_cat-leker-barne-og-babyprodukter","7":"pa_66599_bgcsmb35-a","8":"pa_66599_bgcsmb35-b","9":"desktop-align-left","10":"tablet-align-left","11":"mobile-align-left","13":"first","14":"instock","15":"shipping-taxable","16":"purchasable","17":"product-type-variable"},"yoast_head":"<!-- This site is optimized with the Yoast SEO plugin v26.6 - https:\/\/yoast.com\/wordpress\/plugins\/seo\/ -->\n<title>Mini desktop basketballspill - Mekulo NO<\/title>\n<meta name=\"robots\" content=\"index, follow, max-snippet:-1, max-image-preview:large, max-video-preview:-1\" \/>\n<link rel=\"canonical\" href=\"https:\/\/mekulo.com\/no\/produkt\/mini-desktop-basketballspill\/\" \/>\n<meta property=\"og:locale\" content=\"nb_NO\" \/>\n<meta property=\"og:type\" content=\"article\" \/>\n<meta property=\"og:title\" content=\"Mini desktop basketballspill - Mekulo NO\" \/>\n<meta property=\"og:description\" content=\"Dette mini-basketballspillet er et raskt og spennende spill med lys, lyd og automatisk poengberegning. Det er enkelt \u00e5 bruke, morsomt for alle aldre og perfekt for raske spill hjemme, p\u00e5 kontoret eller med venner. Perfekt som gave eller som et morsomt skrivebordsspill som gir umiddelbar spenning hvor som helst.\" \/>\n<meta property=\"og:url\" content=\"https:\/\/mekulo.com\/no\/produkt\/mini-desktop-basketballspill\/\" \/>\n<meta property=\"og:site_name\" content=\"Mekulo NO\" \/>\n<meta property=\"article:modified_time\" content=\"2026-01-09T15:28:04+00:00\" \/>\n<meta property=\"og:image\" content=\"https:\/\/mekulo.com\/no\/wp-content\/uploads\/sites\/10\/2026\/01\/7xwkbd0-1.webp\" \/>\n\t<meta property=\"og:image:width\" content=\"713\" \/>\n\t<meta property=\"og:image:height\" content=\"713\" \/>\n\t<meta property=\"og:image:type\" content=\"image\/webp\" \/>\n<meta name=\"twitter:card\" content=\"summary_large_image\" \/>\n<meta name=\"twitter:label1\" content=\"Ansl. lesetid\" \/>\n\t<meta name=\"twitter:data1\" content=\"2 minutter\" \/>\n<script type=\"application\/ld+json\" class=\"yoast-schema-graph\">{\"@context\":\"https:\/\/schema.org\",\"@graph\":[{\"@type\":\"WebPage\",\"@id\":\"https:\/\/mekulo.com\/no\/produkt\/mini-desktop-basketballspill\/\",\"url\":\"https:\/\/mekulo.com\/no\/produkt\/mini-desktop-basketballspill\/\",\"name\":\"Mini desktop basketballspill - Mekulo NO\",\"isPartOf\":{\"@id\":\"https:\/\/mekulo.com\/no\/#website\"},\"primaryImageOfPage\":{\"@id\":\"https:\/\/mekulo.com\/no\/produkt\/mini-desktop-basketballspill\/#primaryimage\"},\"image\":{\"@id\":\"https:\/\/mekulo.com\/no\/produkt\/mini-desktop-basketballspill\/#primaryimage\"},\"thumbnailUrl\":\"https:\/\/mekulo.com\/no\/wp-content\/uploads\/sites\/10\/2026\/01\/7xwkbd0-1.webp\",\"datePublished\":\"2026-01-09T11:02:33+00:00\",\"dateModified\":\"2026-01-09T15:28:04+00:00\",\"breadcrumb\":{\"@id\":\"https:\/\/mekulo.com\/no\/produkt\/mini-desktop-basketballspill\/#breadcrumb\"},\"inLanguage\":\"nb-NO\",\"potentialAction\":[{\"@type\":\"ReadAction\",\"target\":[\"https:\/\/mekulo.com\/no\/produkt\/mini-desktop-basketballspill\/\"]}]},{\"@type\":\"ImageObject\",\"inLanguage\":\"nb-NO\",\"@id\":\"https:\/\/mekulo.com\/no\/produkt\/mini-desktop-basketballspill\/#primaryimage\",\"url\":\"https:\/\/mekulo.com\/no\/wp-content\/uploads\/sites\/10\/2026\/01\/7xwkbd0-1.webp\",\"contentUrl\":\"https:\/\/mekulo.com\/no\/wp-content\/uploads\/sites\/10\/2026\/01\/7xwkbd0-1.webp\",\"width\":713,\"height\":713},{\"@type\":\"BreadcrumbList\",\"@id\":\"https:\/\/mekulo.com\/no\/produkt\/mini-desktop-basketballspill\/#breadcrumb\",\"itemListElement\":[{\"@type\":\"ListItem\",\"position\":1,\"name\":\"Home\",\"item\":\"https:\/\/mekulo.com\/no\/\"},{\"@type\":\"ListItem\",\"position\":2,\"name\":\"Butikk\",\"item\":\"https:\/\/mekulo.com\/no\/butikk\/\"},{\"@type\":\"ListItem\",\"position\":3,\"name\":\"Mini desktop basketballspill\"}]},{\"@type\":\"WebSite\",\"@id\":\"https:\/\/mekulo.com\/no\/#website\",\"url\":\"https:\/\/mekulo.com\/no\/\",\"name\":\"Mekulo NO\",\"description\":\"\",\"publisher\":{\"@id\":\"https:\/\/mekulo.com\/no\/#organization\"},\"potentialAction\":[{\"@type\":\"SearchAction\",\"target\":{\"@type\":\"EntryPoint\",\"urlTemplate\":\"https:\/\/mekulo.com\/no\/?s={search_term_string}\"},\"query-input\":{\"@type\":\"PropertyValueSpecification\",\"valueRequired\":true,\"valueName\":\"search_term_string\"}}],\"inLanguage\":\"nb-NO\"},{\"@type\":\"Organization\",\"@id\":\"https:\/\/mekulo.com\/no\/#organization\",\"name\":\"Mekulo\",\"url\":\"https:\/\/mekulo.com\/no\/\",\"logo\":{\"@type\":\"ImageObject\",\"inLanguage\":\"nb-NO\",\"@id\":\"https:\/\/mekulo.com\/no\/#\/schema\/logo\/image\/\",\"url\":\"https:\/\/mekulo.com\/no\/wp-content\/uploads\/sites\/10\/2025\/12\/favicon_mekulo.png\",\"contentUrl\":\"https:\/\/mekulo.com\/no\/wp-content\/uploads\/sites\/10\/2025\/12\/favicon_mekulo.png\",\"width\":50,\"height\":50,\"caption\":\"Mekulo\"},\"image\":{\"@id\":\"https:\/\/mekulo.com\/no\/#\/schema\/logo\/image\/\"}}]}<\/script>\n<!-- \/ Yoast SEO plugin. -->","yoast_head_json":{"title":"Mini desktop basketballspill - Mekulo NO","robots":{"index":"index","follow":"follow","max-snippet":"max-snippet:-1","max-image-preview":"max-image-preview:large","max-video-preview":"max-video-preview:-1"},"canonical":"https:\/\/mekulo.com\/no\/produkt\/mini-desktop-basketballspill\/","og_locale":"nb_NO","og_type":"article","og_title":"Mini desktop basketballspill - Mekulo NO","og_description":"Dette mini-basketballspillet er et raskt og spennende spill med lys, lyd og automatisk poengberegning. Det er enkelt \u00e5 bruke, morsomt for alle aldre og perfekt for raske spill hjemme, p\u00e5 kontoret eller med venner. Perfekt som gave eller som et morsomt skrivebordsspill som gir umiddelbar spenning hvor som helst.","og_url":"https:\/\/mekulo.com\/no\/produkt\/mini-desktop-basketballspill\/","og_site_name":"Mekulo NO","article_modified_time":"2026-01-09T15:28:04+00:00","og_image":[{"width":713,"height":713,"url":"https:\/\/mekulo.com\/no\/wp-content\/uploads\/sites\/10\/2026\/01\/7xwkbd0-1.webp","type":"image\/webp"}],"twitter_card":"summary_large_image","twitter_misc":{"Ansl. lesetid":"2 minutter"},"schema":{"@context":"https:\/\/schema.org","@graph":[{"@type":"WebPage","@id":"https:\/\/mekulo.com\/no\/produkt\/mini-desktop-basketballspill\/","url":"https:\/\/mekulo.com\/no\/produkt\/mini-desktop-basketballspill\/","name":"Mini desktop basketballspill - Mekulo NO","isPartOf":{"@id":"https:\/\/mekulo.com\/no\/#website"},"primaryImageOfPage":{"@id":"https:\/\/mekulo.com\/no\/produkt\/mini-desktop-basketballspill\/#primaryimage"},"image":{"@id":"https:\/\/mekulo.com\/no\/produkt\/mini-desktop-basketballspill\/#primaryimage"},"thumbnailUrl":"https:\/\/mekulo.com\/no\/wp-content\/uploads\/sites\/10\/2026\/01\/7xwkbd0-1.webp","datePublished":"2026-01-09T11:02:33+00:00","dateModified":"2026-01-09T15:28:04+00:00","breadcrumb":{"@id":"https:\/\/mekulo.com\/no\/produkt\/mini-desktop-basketballspill\/#breadcrumb"},"inLanguage":"nb-NO","potentialAction":[{"@type":"ReadAction","target":["https:\/\/mekulo.com\/no\/produkt\/mini-desktop-basketballspill\/"]}]},{"@type":"ImageObject","inLanguage":"nb-NO","@id":"https:\/\/mekulo.com\/no\/produkt\/mini-desktop-basketballspill\/#primaryimage","url":"https:\/\/mekulo.com\/no\/wp-content\/uploads\/sites\/10\/2026\/01\/7xwkbd0-1.webp","contentUrl":"https:\/\/mekulo.com\/no\/wp-content\/uploads\/sites\/10\/2026\/01\/7xwkbd0-1.webp","width":713,"height":713},{"@type":"BreadcrumbList","@id":"https:\/\/mekulo.com\/no\/produkt\/mini-desktop-basketballspill\/#breadcrumb","itemListElement":[{"@type":"ListItem","position":1,"name":"Home","item":"https:\/\/mekulo.com\/no\/"},{"@type":"ListItem","position":2,"name":"Butikk","item":"https:\/\/mekulo.com\/no\/butikk\/"},{"@type":"ListItem","position":3,"name":"Mini desktop basketballspill"}]},{"@type":"WebSite","@id":"https:\/\/mekulo.com\/no\/#website","url":"https:\/\/mekulo.com\/no\/","name":"Mekulo NO","description":"","publisher":{"@id":"https:\/\/mekulo.com\/no\/#organization"},"potentialAction":[{"@type":"SearchAction","target":{"@type":"EntryPoint","urlTemplate":"https:\/\/mekulo.com\/no\/?s={search_term_string}"},"query-input":{"@type":"PropertyValueSpecification","valueRequired":true,"valueName":"search_term_string"}}],"inLanguage":"nb-NO"},{"@type":"Organization","@id":"https:\/\/mekulo.com\/no\/#organization","name":"Mekulo","url":"https:\/\/mekulo.com\/no\/","logo":{"@type":"ImageObject","inLanguage":"nb-NO","@id":"https:\/\/mekulo.com\/no\/#\/schema\/logo\/image\/","url":"https:\/\/mekulo.com\/no\/wp-content\/uploads\/sites\/10\/2025\/12\/favicon_mekulo.png","contentUrl":"https:\/\/mekulo.com\/no\/wp-content\/uploads\/sites\/10\/2025\/12\/favicon_mekulo.png","width":50,"height":50,"caption":"Mekulo"},"image":{"@id":"https:\/\/mekulo.com\/no\/#\/schema\/logo\/image\/"}}]}},"_links":{"self":[{"href":"https:\/\/mekulo.com\/no\/wp-json\/wp\/v2\/product\/16768","targetHints":{"allow":["GET"]}}],"collection":[{"href":"https:\/\/mekulo.com\/no\/wp-json\/wp\/v2\/product"}],"about":[{"href":"https:\/\/mekulo.com\/no\/wp-json\/wp\/v2\/types\/product"}],"replies":[{"embeddable":true,"href":"https:\/\/mekulo.com\/no\/wp-json\/wp\/v2\/comments?post=16768"}],"wp:featuredmedia":[{"embeddable":true,"href":"https:\/\/mekulo.com\/no\/wp-json\/wp\/v2\/media\/16764"}],"wp:attachment":[{"href":"https:\/\/mekulo.com\/no\/wp-json\/wp\/v2\/media?parent=16768"}],"wp:term":[{"taxonomy":"product_brand","embeddable":true,"href":"https:\/\/mekulo.com\/no\/wp-json\/wp\/v2\/product_brand?post=16768"},{"taxonomy":"product_cat","embeddable":true,"href":"https:\/\/mekulo.com\/no\/wp-json\/wp\/v2\/product_cat?post=16768"},{"taxonomy":"product_tag","embeddable":true,"href":"https:\/\/mekulo.com\/no\/wp-json\/wp\/v2\/product_tag?post=16768"}],"curies":[{"name":"wp","href":"https:\/\/api.w.org\/{rel}","templated":true}]}}