{"id":16747,"date":"2026-01-09T13:01:11","date_gmt":"2026-01-09T11:01:11","guid":{"rendered":"https:\/\/mekulo.com\/no\/produkt\/elektronisk-maleskje\/"},"modified":"2026-01-09T17:24:20","modified_gmt":"2026-01-09T15:24:20","slug":"elektronisk-maleskje","status":"publish","type":"product","link":"https:\/\/mekulo.com\/no\/produkt\/elektronisk-maleskje\/","title":{"rendered":"Elektronisk m\u00e5leskje"},"content":{"rendered":"<p style=\"text-align: center;\" data-start=\"0\" data-end=\"67\"><strong data-start=\"0\" data-end=\"67\">M\u00e5l ingredienser n\u00f8yaktig hver gang med en smart skje. \ud83e\udd44<\/strong><\/p>\n<p data-start=\"69\" data-end=\"313\"><img fetchpriority=\"high\" decoding=\"async\" class=\"size-full wp-image-48299 aligncenter\" src=\"https:\/\/keluvo.com\/template\/wp-content\/uploads\/sites\/5\/2026\/01\/122118-ezgif.com-video-to-webp-converter.webp\" alt=\"\" width=\"500\" height=\"500\" \/><\/p>\n<h2 style=\"text-align: center;\" data-start=\"320\" data-end=\"340\">Hovedfordeler<\/h2>\n<p data-start=\"344\" data-end=\"408\">\u2696\ufe0f Veiing med h\u00f8y presisjon &#8211; M\u00e5ler fra 0,5 g opp til 500 g.<\/p>\n<p data-start=\"411\" data-end=\"478\">\ud83d\udcfa Tydelig LED-skjerm &#8211; Lettlest skjerm som viser n\u00f8yaktig vekt.<\/p>\n<p data-start=\"481\" data-end=\"547\">\ud83d\udd04 Flere enheter &#8211; Bytt mellom gram (g) og unser (oz).<\/p>\n<p data-start=\"550\" data-end=\"624\">\ud83e\uddfc Avtakbar &amp; enkel \u00e5 rengj\u00f8re &#8211; Skjehodet kan tas av for rask vask.<\/p>\n<p data-start=\"627\" data-end=\"691\">\ud83d\udd0b Automatisk avstengning &#8211; Sparer batteri etter 2 minutter uten bruk.<\/p>\n<p data-start=\"627\" data-end=\"691\"><img decoding=\"async\" class=\"size-full wp-image-48301 aligncenter\" src=\"https:\/\/keluvo.com\/template\/wp-content\/uploads\/sites\/5\/2026\/01\/122117-ezgif.com-video-to-gif-converter.gif\" alt=\"\" width=\"500\" height=\"500\" \/><\/p>\n<h2 style=\"text-align: center;\" data-start=\"698\" data-end=\"718\"><strong>Slik Bruker Du Den<\/strong><\/h2>\n<ol data-start=\"720\" data-end=\"980\">\n<li data-start=\"720\" data-end=\"764\">\n<p data-start=\"723\" data-end=\"764\">Sett inn et CR2032-batteri (medf\u00f8lger ikke).<\/p>\n<\/li>\n<li data-start=\"765\" data-end=\"811\">\n<p data-start=\"768\" data-end=\"811\">Sl\u00e5 p\u00e5 skjeen ved hjelp av str\u00f8mknappen.<\/p>\n<\/li>\n<li data-start=\"812\" data-end=\"853\">\n<p data-start=\"815\" data-end=\"853\">Legg ingrediensen i skjeen.<\/p>\n<\/li>\n<li data-start=\"854\" data-end=\"911\">\n<p data-start=\"857\" data-end=\"911\">Bruk tarafunksjonen til \u00e5 nullstille vekten ved behov.<\/p>\n<\/li>\n<li data-start=\"912\" data-end=\"951\">\n<p data-start=\"915\" data-end=\"951\">Les av resultatet p\u00e5 LED-skjermen.<\/p>\n<\/li>\n<li data-start=\"952\" data-end=\"980\">\n<p data-start=\"955\" data-end=\"980\">Bytt enhet ved behov.<\/p>\n<\/li>\n<\/ol>\n<h2 style=\"text-align: center;\" data-start=\"987\" data-end=\"1009\"><strong>Produktdetaljer<\/strong><\/h2>\n<ul data-start=\"1011\" data-end=\"1269\">\n<li data-start=\"1056\" data-end=\"1087\">\n<p data-start=\"1058\" data-end=\"1087\">Veieomr\u00e5de: 0,5g &#8211; 500g<\/p>\n<\/li>\n<li data-start=\"1088\" data-end=\"1117\">\n<p data-start=\"1090\" data-end=\"1117\">M\u00e5leenheter: g \/ oz<\/p>\n<\/li>\n<li data-start=\"1118\" data-end=\"1141\">\n<p data-start=\"1120\" data-end=\"1141\">Display: LED-skjerm<\/p>\n<\/li>\n<li data-start=\"1142\" data-end=\"1195\">\n<p data-start=\"1144\" data-end=\"1195\">Batteri: 1x CR2032 knappbatteri (ikke inkludert)<\/p>\n<\/li>\n<li data-start=\"1196\" data-end=\"1231\">\n<p data-start=\"1198\" data-end=\"1231\">Automatisk avstengning: Etter ~2 minutter<\/p>\n<\/li>\n<li data-start=\"1232\" data-end=\"1269\">\n<p data-start=\"1234\" data-end=\"1269\">Bruk: Faste og flytende ingredienser<\/p>\n<\/li>\n<li data-start=\"1232\" data-end=\"1269\">St\u00f8rrelse: 15,5 x 7 x 5,8 cm<\/li>\n<\/ul>\n<h2 style=\"text-align: center;\" data-start=\"1276\" data-end=\"1299\"><strong>Pakken inkluderer<\/strong><\/h2>\n<ul data-start=\"1301\" data-end=\"1360\" data-is-last-node=\"\" data-is-only-node=\"\">\n<li data-start=\"1301\" data-end=\"1360\" data-is-last-node=\"\">\n<p data-start=\"1303\" data-end=\"1360\" data-is-last-node=\"\">1x elektronisk m\u00e5leskje.<\/p>\n<\/li>\n<\/ul>\n","protected":false},"excerpt":{"rendered":"<p>Denne elektroniske m\u00e5leskjeen kombinerer en digital vekt og en skje i ett og samme verkt\u00f8y, noe som gj\u00f8r det enkelt \u00e5 veie sm\u00e5 mengder ingredienser med h\u00f8y presisjon. Den er perfekt til matlaging, baking, slanking og alle andre oppgaver der n\u00f8yaktige m\u00e5l er viktige.<\/p>\n","protected":false},"featured_media":16743,"comment_status":"open","ping_status":"closed","template":"","meta":{"site-sidebar-layout":"default","site-content-layout":"","ast-site-content-layout":"default","site-content-style":"default","site-sidebar-style":"default","ast-global-header-display":"","ast-banner-title-visibility":"","ast-main-header-display":"","ast-hfb-above-header-display":"","ast-hfb-below-header-display":"","ast-hfb-mobile-header-display":"","site-post-title":"","ast-breadcrumbs-content":"","ast-featured-img":"","footer-sml-layout":"","theme-transparent-header-meta":"default","adv-header-id-meta":"","stick-header-meta":"","header-above-stick-meta":"","header-main-stick-meta":"","header-below-stick-meta":"","astra-migrate-meta-layouts":"set","ast-page-background-enabled":"default","ast-page-background-meta":{"desktop":{"background-color":"var(--ast-global-color-5)","background-image":"","background-repeat":"repeat","background-position":"center center","background-size":"auto","background-attachment":"scroll","background-type":"","background-media":"","overlay-type":"","overlay-color":"","overlay-opacity":"","overlay-gradient":""},"tablet":{"background-color":"","background-image":"","background-repeat":"repeat","background-position":"center center","background-size":"auto","background-attachment":"scroll","background-type":"","background-media":"","overlay-type":"","overlay-color":"","overlay-opacity":"","overlay-gradient":""},"mobile":{"background-color":"","background-image":"","background-repeat":"repeat","background-position":"center center","background-size":"auto","background-attachment":"scroll","background-type":"","background-media":"","overlay-type":"","overlay-color":"","overlay-opacity":"","overlay-gradient":""}},"ast-content-background-meta":{"desktop":{"background-color":"var(--ast-global-color-4)","background-image":"","background-repeat":"repeat","background-position":"center center","background-size":"auto","background-attachment":"scroll","background-type":"","background-media":"","overlay-type":"","overlay-color":"","overlay-opacity":"","overlay-gradient":""},"tablet":{"background-color":"var(--ast-global-color-4)","background-image":"","background-repeat":"repeat","background-position":"center center","background-size":"auto","background-attachment":"scroll","background-type":"","background-media":"","overlay-type":"","overlay-color":"","overlay-opacity":"","overlay-gradient":""},"mobile":{"background-color":"var(--ast-global-color-4)","background-image":"","background-repeat":"repeat","background-position":"center center","background-size":"auto","background-attachment":"scroll","background-type":"","background-media":"","overlay-type":"","overlay-color":"","overlay-opacity":"","overlay-gradient":""}}},"product_brand":[],"product_cat":[168],"product_tag":[],"class_list":{"0":"post-16747","1":"product","2":"type-product","3":"status-publish","4":"has-post-thumbnail","6":"product_cat-husholdningsartikler","7":"pa_66567_93h6oio8-gronn","8":"pa_66567_93h6oio8-hvit","9":"pa_66567_93h6oio8-lysegronn","10":"pa_66567_93h6oio8-rod","11":"pa_66567_93h6oio8-rosa","12":"pa_66567_93h6oio8-svart","13":"desktop-align-left","14":"tablet-align-left","15":"mobile-align-left","17":"first","18":"instock","19":"shipping-taxable","20":"purchasable","21":"product-type-variable"},"yoast_head":"<!-- This site is optimized with the Yoast SEO plugin v26.6 - https:\/\/yoast.com\/wordpress\/plugins\/seo\/ -->\n<title>Elektronisk m\u00e5leskje - Mekulo NO<\/title>\n<meta name=\"robots\" content=\"index, follow, max-snippet:-1, max-image-preview:large, max-video-preview:-1\" \/>\n<link rel=\"canonical\" href=\"https:\/\/mekulo.com\/no\/produkt\/elektronisk-maleskje\/\" \/>\n<meta property=\"og:locale\" content=\"nb_NO\" \/>\n<meta property=\"og:type\" content=\"article\" \/>\n<meta property=\"og:title\" content=\"Elektronisk m\u00e5leskje - Mekulo NO\" \/>\n<meta property=\"og:description\" content=\"Denne elektroniske m\u00e5leskjeen kombinerer en digital vekt og en skje i ett og samme verkt\u00f8y, noe som gj\u00f8r det enkelt \u00e5 veie sm\u00e5 mengder ingredienser med h\u00f8y presisjon. Den er perfekt til matlaging, baking, slanking og alle andre oppgaver der n\u00f8yaktige m\u00e5l er viktige.\" \/>\n<meta property=\"og:url\" content=\"https:\/\/mekulo.com\/no\/produkt\/elektronisk-maleskje\/\" \/>\n<meta property=\"og:site_name\" content=\"Mekulo NO\" \/>\n<meta property=\"article:modified_time\" content=\"2026-01-09T15:24:20+00:00\" \/>\n<meta property=\"og:image\" content=\"https:\/\/mekulo.com\/no\/wp-content\/uploads\/sites\/10\/2026\/01\/afu3kc6-1.jpg\" \/>\n\t<meta property=\"og:image:width\" content=\"1080\" \/>\n\t<meta property=\"og:image:height\" content=\"1080\" \/>\n\t<meta property=\"og:image:type\" content=\"image\/jpeg\" \/>\n<meta name=\"twitter:card\" content=\"summary_large_image\" \/>\n<meta name=\"twitter:label1\" content=\"Ansl. lesetid\" \/>\n\t<meta name=\"twitter:data1\" content=\"2 minutter\" \/>\n<script type=\"application\/ld+json\" class=\"yoast-schema-graph\">{\"@context\":\"https:\/\/schema.org\",\"@graph\":[{\"@type\":\"WebPage\",\"@id\":\"https:\/\/mekulo.com\/no\/produkt\/elektronisk-maleskje\/\",\"url\":\"https:\/\/mekulo.com\/no\/produkt\/elektronisk-maleskje\/\",\"name\":\"Elektronisk m\u00e5leskje - Mekulo NO\",\"isPartOf\":{\"@id\":\"https:\/\/mekulo.com\/no\/#website\"},\"primaryImageOfPage\":{\"@id\":\"https:\/\/mekulo.com\/no\/produkt\/elektronisk-maleskje\/#primaryimage\"},\"image\":{\"@id\":\"https:\/\/mekulo.com\/no\/produkt\/elektronisk-maleskje\/#primaryimage\"},\"thumbnailUrl\":\"https:\/\/mekulo.com\/no\/wp-content\/uploads\/sites\/10\/2026\/01\/afu3kc6-1.jpg\",\"datePublished\":\"2026-01-09T11:01:11+00:00\",\"dateModified\":\"2026-01-09T15:24:20+00:00\",\"breadcrumb\":{\"@id\":\"https:\/\/mekulo.com\/no\/produkt\/elektronisk-maleskje\/#breadcrumb\"},\"inLanguage\":\"nb-NO\",\"potentialAction\":[{\"@type\":\"ReadAction\",\"target\":[\"https:\/\/mekulo.com\/no\/produkt\/elektronisk-maleskje\/\"]}]},{\"@type\":\"ImageObject\",\"inLanguage\":\"nb-NO\",\"@id\":\"https:\/\/mekulo.com\/no\/produkt\/elektronisk-maleskje\/#primaryimage\",\"url\":\"https:\/\/mekulo.com\/no\/wp-content\/uploads\/sites\/10\/2026\/01\/afu3kc6-1.jpg\",\"contentUrl\":\"https:\/\/mekulo.com\/no\/wp-content\/uploads\/sites\/10\/2026\/01\/afu3kc6-1.jpg\",\"width\":1080,\"height\":1080},{\"@type\":\"BreadcrumbList\",\"@id\":\"https:\/\/mekulo.com\/no\/produkt\/elektronisk-maleskje\/#breadcrumb\",\"itemListElement\":[{\"@type\":\"ListItem\",\"position\":1,\"name\":\"Home\",\"item\":\"https:\/\/mekulo.com\/no\/\"},{\"@type\":\"ListItem\",\"position\":2,\"name\":\"Butikk\",\"item\":\"https:\/\/mekulo.com\/no\/butikk\/\"},{\"@type\":\"ListItem\",\"position\":3,\"name\":\"Elektronisk m\u00e5leskje\"}]},{\"@type\":\"WebSite\",\"@id\":\"https:\/\/mekulo.com\/no\/#website\",\"url\":\"https:\/\/mekulo.com\/no\/\",\"name\":\"Mekulo NO\",\"description\":\"\",\"publisher\":{\"@id\":\"https:\/\/mekulo.com\/no\/#organization\"},\"potentialAction\":[{\"@type\":\"SearchAction\",\"target\":{\"@type\":\"EntryPoint\",\"urlTemplate\":\"https:\/\/mekulo.com\/no\/?s={search_term_string}\"},\"query-input\":{\"@type\":\"PropertyValueSpecification\",\"valueRequired\":true,\"valueName\":\"search_term_string\"}}],\"inLanguage\":\"nb-NO\"},{\"@type\":\"Organization\",\"@id\":\"https:\/\/mekulo.com\/no\/#organization\",\"name\":\"Mekulo\",\"url\":\"https:\/\/mekulo.com\/no\/\",\"logo\":{\"@type\":\"ImageObject\",\"inLanguage\":\"nb-NO\",\"@id\":\"https:\/\/mekulo.com\/no\/#\/schema\/logo\/image\/\",\"url\":\"https:\/\/mekulo.com\/no\/wp-content\/uploads\/sites\/10\/2025\/12\/favicon_mekulo.png\",\"contentUrl\":\"https:\/\/mekulo.com\/no\/wp-content\/uploads\/sites\/10\/2025\/12\/favicon_mekulo.png\",\"width\":50,\"height\":50,\"caption\":\"Mekulo\"},\"image\":{\"@id\":\"https:\/\/mekulo.com\/no\/#\/schema\/logo\/image\/\"}}]}<\/script>\n<!-- \/ Yoast SEO plugin. -->","yoast_head_json":{"title":"Elektronisk m\u00e5leskje - Mekulo NO","robots":{"index":"index","follow":"follow","max-snippet":"max-snippet:-1","max-image-preview":"max-image-preview:large","max-video-preview":"max-video-preview:-1"},"canonical":"https:\/\/mekulo.com\/no\/produkt\/elektronisk-maleskje\/","og_locale":"nb_NO","og_type":"article","og_title":"Elektronisk m\u00e5leskje - Mekulo NO","og_description":"Denne elektroniske m\u00e5leskjeen kombinerer en digital vekt og en skje i ett og samme verkt\u00f8y, noe som gj\u00f8r det enkelt \u00e5 veie sm\u00e5 mengder ingredienser med h\u00f8y presisjon. Den er perfekt til matlaging, baking, slanking og alle andre oppgaver der n\u00f8yaktige m\u00e5l er viktige.","og_url":"https:\/\/mekulo.com\/no\/produkt\/elektronisk-maleskje\/","og_site_name":"Mekulo NO","article_modified_time":"2026-01-09T15:24:20+00:00","og_image":[{"width":1080,"height":1080,"url":"https:\/\/mekulo.com\/no\/wp-content\/uploads\/sites\/10\/2026\/01\/afu3kc6-1.jpg","type":"image\/jpeg"}],"twitter_card":"summary_large_image","twitter_misc":{"Ansl. lesetid":"2 minutter"},"schema":{"@context":"https:\/\/schema.org","@graph":[{"@type":"WebPage","@id":"https:\/\/mekulo.com\/no\/produkt\/elektronisk-maleskje\/","url":"https:\/\/mekulo.com\/no\/produkt\/elektronisk-maleskje\/","name":"Elektronisk m\u00e5leskje - Mekulo NO","isPartOf":{"@id":"https:\/\/mekulo.com\/no\/#website"},"primaryImageOfPage":{"@id":"https:\/\/mekulo.com\/no\/produkt\/elektronisk-maleskje\/#primaryimage"},"image":{"@id":"https:\/\/mekulo.com\/no\/produkt\/elektronisk-maleskje\/#primaryimage"},"thumbnailUrl":"https:\/\/mekulo.com\/no\/wp-content\/uploads\/sites\/10\/2026\/01\/afu3kc6-1.jpg","datePublished":"2026-01-09T11:01:11+00:00","dateModified":"2026-01-09T15:24:20+00:00","breadcrumb":{"@id":"https:\/\/mekulo.com\/no\/produkt\/elektronisk-maleskje\/#breadcrumb"},"inLanguage":"nb-NO","potentialAction":[{"@type":"ReadAction","target":["https:\/\/mekulo.com\/no\/produkt\/elektronisk-maleskje\/"]}]},{"@type":"ImageObject","inLanguage":"nb-NO","@id":"https:\/\/mekulo.com\/no\/produkt\/elektronisk-maleskje\/#primaryimage","url":"https:\/\/mekulo.com\/no\/wp-content\/uploads\/sites\/10\/2026\/01\/afu3kc6-1.jpg","contentUrl":"https:\/\/mekulo.com\/no\/wp-content\/uploads\/sites\/10\/2026\/01\/afu3kc6-1.jpg","width":1080,"height":1080},{"@type":"BreadcrumbList","@id":"https:\/\/mekulo.com\/no\/produkt\/elektronisk-maleskje\/#breadcrumb","itemListElement":[{"@type":"ListItem","position":1,"name":"Home","item":"https:\/\/mekulo.com\/no\/"},{"@type":"ListItem","position":2,"name":"Butikk","item":"https:\/\/mekulo.com\/no\/butikk\/"},{"@type":"ListItem","position":3,"name":"Elektronisk m\u00e5leskje"}]},{"@type":"WebSite","@id":"https:\/\/mekulo.com\/no\/#website","url":"https:\/\/mekulo.com\/no\/","name":"Mekulo NO","description":"","publisher":{"@id":"https:\/\/mekulo.com\/no\/#organization"},"potentialAction":[{"@type":"SearchAction","target":{"@type":"EntryPoint","urlTemplate":"https:\/\/mekulo.com\/no\/?s={search_term_string}"},"query-input":{"@type":"PropertyValueSpecification","valueRequired":true,"valueName":"search_term_string"}}],"inLanguage":"nb-NO"},{"@type":"Organization","@id":"https:\/\/mekulo.com\/no\/#organization","name":"Mekulo","url":"https:\/\/mekulo.com\/no\/","logo":{"@type":"ImageObject","inLanguage":"nb-NO","@id":"https:\/\/mekulo.com\/no\/#\/schema\/logo\/image\/","url":"https:\/\/mekulo.com\/no\/wp-content\/uploads\/sites\/10\/2025\/12\/favicon_mekulo.png","contentUrl":"https:\/\/mekulo.com\/no\/wp-content\/uploads\/sites\/10\/2025\/12\/favicon_mekulo.png","width":50,"height":50,"caption":"Mekulo"},"image":{"@id":"https:\/\/mekulo.com\/no\/#\/schema\/logo\/image\/"}}]}},"_links":{"self":[{"href":"https:\/\/mekulo.com\/no\/wp-json\/wp\/v2\/product\/16747","targetHints":{"allow":["GET"]}}],"collection":[{"href":"https:\/\/mekulo.com\/no\/wp-json\/wp\/v2\/product"}],"about":[{"href":"https:\/\/mekulo.com\/no\/wp-json\/wp\/v2\/types\/product"}],"replies":[{"embeddable":true,"href":"https:\/\/mekulo.com\/no\/wp-json\/wp\/v2\/comments?post=16747"}],"wp:featuredmedia":[{"embeddable":true,"href":"https:\/\/mekulo.com\/no\/wp-json\/wp\/v2\/media\/16743"}],"wp:attachment":[{"href":"https:\/\/mekulo.com\/no\/wp-json\/wp\/v2\/media?parent=16747"}],"wp:term":[{"taxonomy":"product_brand","embeddable":true,"href":"https:\/\/mekulo.com\/no\/wp-json\/wp\/v2\/product_brand?post=16747"},{"taxonomy":"product_cat","embeddable":true,"href":"https:\/\/mekulo.com\/no\/wp-json\/wp\/v2\/product_cat?post=16747"},{"taxonomy":"product_tag","embeddable":true,"href":"https:\/\/mekulo.com\/no\/wp-json\/wp\/v2\/product_tag?post=16747"}],"curies":[{"name":"wp","href":"https:\/\/api.w.org\/{rel}","templated":true}]}}