{"id":16703,"date":"2026-01-09T12:58:08","date_gmt":"2026-01-09T10:58:08","guid":{"rendered":"https:\/\/mekulo.com\/no\/produkt\/erstatningssett-for-hengsler-til-toalettsete\/"},"modified":"2026-01-09T17:20:23","modified_gmt":"2026-01-09T15:20:23","slug":"erstatningssett-for-hengsler-til-toalettsete","status":"publish","type":"product","link":"https:\/\/mekulo.com\/no\/produkt\/erstatningssett-for-hengsler-til-toalettsete\/","title":{"rendered":"Erstatningssett for hengsler til toalettsete"},"content":{"rendered":"<p style=\"text-align: center;\" data-start=\"0\" data-end=\"58\"><strong data-start=\"0\" data-end=\"58\">Fikser l\u00f8se eller \u00f8delagte toalettseter raskt og sikkert. \ud83d\udebd<\/strong><\/p>\n<p data-start=\"60\" data-end=\"321\"><img fetchpriority=\"high\" decoding=\"async\" class=\"size-full wp-image-48259 aligncenter\" src=\"https:\/\/keluvo.com\/template\/wp-content\/uploads\/sites\/5\/2026\/01\/122114-ezgif.com-video-to-webp-converter.webp\" alt=\"\" width=\"500\" height=\"500\" \/><\/p>\n<h2 style=\"text-align: center;\" data-start=\"328\" data-end=\"348\"><strong>Hovedfordeler<\/strong><\/h2>\n<p data-start=\"352\" data-end=\"418\">\ud83d\udd29 Sterkt rustfritt st\u00e5l &#8211; Rustbestandig og bygget for \u00e5 vare.<\/p>\n<p data-start=\"421\" data-end=\"482\">\ud83d\udee0\ufe0f Enkel utskifting &#8211; Fikser raskt skadde eller l\u00f8se hengsler.<\/p>\n<p data-start=\"485\" data-end=\"561\">\ud83d\udd04 Universell passform &#8211; Passer til de fleste standard toalettseter med toppfestede hengsler.<\/p>\n<p data-start=\"564\" data-end=\"633\">\ud83d\udebf Ideell for vegghengte toaletter &#8211; Fungerer for rygg-til-vegg-design.<\/p>\n<p data-start=\"636\" data-end=\"695\">\ud83d\udcaa Sikkert grep &#8211; Holder toalettlokket stabilt og fast.<\/p>\n<p data-start=\"636\" data-end=\"695\"><img decoding=\"async\" class=\"size-full wp-image-48260 aligncenter\" src=\"https:\/\/keluvo.com\/template\/wp-content\/uploads\/sites\/5\/2026\/01\/122113-ezgif.com-video-to-webp-converter.webp\" alt=\"\" width=\"500\" height=\"500\" \/><\/p>\n<h2 style=\"text-align: center;\" data-start=\"702\" data-end=\"719\"><strong>Slik Bruker Du Det<\/strong><\/h2>\n<ol data-start=\"721\" data-end=\"976\">\n<li data-start=\"721\" data-end=\"771\">\n<p data-start=\"724\" data-end=\"771\">Fjern de gamle eller skadede hengslene p\u00e5 toalettsetet.<\/p>\n<\/li>\n<li data-start=\"772\" data-end=\"825\">\n<p data-start=\"775\" data-end=\"825\">Sett de nye hengslene inn i hullene p\u00e5 toalettlokket.<\/p>\n<\/li>\n<li data-start=\"826\" data-end=\"878\">\n<p data-start=\"829\" data-end=\"878\">Juster hengslene med festepunktene p\u00e5 toalettet.<\/p>\n<\/li>\n<li data-start=\"879\" data-end=\"928\">\n<p data-start=\"882\" data-end=\"928\">Stram til setet er sikkert og stabilt.<\/p>\n<\/li>\n<li data-start=\"929\" data-end=\"976\">\n<p data-start=\"932\" data-end=\"976\">Test lokket for \u00e5 se om det \u00e5pnes og lukkes jevnt.<\/p>\n<\/li>\n<\/ol>\n<h2 style=\"text-align: center;\" data-start=\"983\" data-end=\"1005\"><strong>Produktdetaljer<\/strong><\/h2>\n<ul data-start=\"1007\" data-end=\"1255\">\n<li data-start=\"1059\" data-end=\"1088\">\n<p data-start=\"1061\" data-end=\"1088\">Materiale: Rustfritt st\u00e5l<\/p>\n<\/li>\n<li data-start=\"1089\" data-end=\"1106\">\n<p data-start=\"1091\" data-end=\"1106\">Farge: S\u00f8lv<\/p>\n<\/li>\n<li data-start=\"1107\" data-end=\"1129\">\n<p data-start=\"1109\" data-end=\"1129\">Pinnediameter: 8 mm<\/p>\n<\/li>\n<li data-start=\"1130\" data-end=\"1167\">\n<p data-start=\"1132\" data-end=\"1167\">Diskst\u00f8rrelser: 45 mm, 55 mm, 60 mm<\/p>\n<\/li>\n<li data-start=\"1168\" data-end=\"1232\">\n<p data-start=\"1170\" data-end=\"1232\">Kompatibilitet: De fleste standard toalettlokk med toppfestede hengsler<\/p>\n<\/li>\n<\/ul>\n<h2 style=\"text-align: center;\" data-start=\"1262\" data-end=\"1285\"><strong>Pakken inneholder<\/strong><\/h2>\n<ul data-start=\"1287\" data-end=\"1323\" data-is-last-node=\"\" data-is-only-node=\"\">\n<li data-start=\"1287\" data-end=\"1323\" data-is-last-node=\"\">\n<p data-start=\"1289\" data-end=\"1323\" data-is-last-node=\"\">1, 2, 3x par erstatningshengsler for toalettsete (2, 4, 6 stk).<\/p>\n<\/li>\n<\/ul>\n","protected":false},"excerpt":{"rendered":"<p>Med dette utskiftingssettet for toalettsetehengsler kan du reparere et l\u00f8st, vaklende eller \u00f8delagt toalettsete p\u00e5 f\u00e5 minutter. Det er laget av slitesterkt rustfritt st\u00e5l og gir en sterk og langvarig l\u00f8sning for de fleste standard toalettlokk uten at du trenger \u00e5 bytte ut hele setet.<\/p>\n","protected":false},"featured_media":16699,"comment_status":"open","ping_status":"closed","template":"","meta":{"site-sidebar-layout":"default","site-content-layout":"","ast-site-content-layout":"default","site-content-style":"default","site-sidebar-style":"default","ast-global-header-display":"","ast-banner-title-visibility":"","ast-main-header-display":"","ast-hfb-above-header-display":"","ast-hfb-below-header-display":"","ast-hfb-mobile-header-display":"","site-post-title":"","ast-breadcrumbs-content":"","ast-featured-img":"","footer-sml-layout":"","theme-transparent-header-meta":"default","adv-header-id-meta":"","stick-header-meta":"","header-above-stick-meta":"","header-main-stick-meta":"","header-below-stick-meta":"","astra-migrate-meta-layouts":"set","ast-page-background-enabled":"default","ast-page-background-meta":{"desktop":{"background-color":"var(--ast-global-color-5)","background-image":"","background-repeat":"repeat","background-position":"center center","background-size":"auto","background-attachment":"scroll","background-type":"","background-media":"","overlay-type":"","overlay-color":"","overlay-opacity":"","overlay-gradient":""},"tablet":{"background-color":"","background-image":"","background-repeat":"repeat","background-position":"center center","background-size":"auto","background-attachment":"scroll","background-type":"","background-media":"","overlay-type":"","overlay-color":"","overlay-opacity":"","overlay-gradient":""},"mobile":{"background-color":"","background-image":"","background-repeat":"repeat","background-position":"center center","background-size":"auto","background-attachment":"scroll","background-type":"","background-media":"","overlay-type":"","overlay-color":"","overlay-opacity":"","overlay-gradient":""}},"ast-content-background-meta":{"desktop":{"background-color":"var(--ast-global-color-4)","background-image":"","background-repeat":"repeat","background-position":"center center","background-size":"auto","background-attachment":"scroll","background-type":"","background-media":"","overlay-type":"","overlay-color":"","overlay-opacity":"","overlay-gradient":""},"tablet":{"background-color":"var(--ast-global-color-4)","background-image":"","background-repeat":"repeat","background-position":"center center","background-size":"auto","background-attachment":"scroll","background-type":"","background-media":"","overlay-type":"","overlay-color":"","overlay-opacity":"","overlay-gradient":""},"mobile":{"background-color":"var(--ast-global-color-4)","background-image":"","background-repeat":"repeat","background-position":"center center","background-size":"auto","background-attachment":"scroll","background-type":"","background-media":"","overlay-type":"","overlay-color":"","overlay-opacity":"","overlay-gradient":""}}},"product_brand":[],"product_cat":[168],"product_tag":[],"class_list":{"0":"post-16703","1":"product","2":"type-product","3":"status-publish","4":"has-post-thumbnail","6":"product_cat-husholdningsartikler","7":"pa_66504_36fu1xc6-45-mm","8":"pa_66504_36fu1xc6-55-mm","9":"pa_66504_36fu1xc6-60-mm","10":"pa_66504_v22r8mjw-1-par","11":"pa_66504_v22r8mjw-2-par","12":"pa_66504_v22r8mjw-3-par","13":"desktop-align-left","14":"tablet-align-left","15":"mobile-align-left","17":"first","18":"instock","19":"shipping-taxable","20":"purchasable","21":"product-type-variable","22":"has-default-attributes"},"yoast_head":"<!-- This site is optimized with the Yoast SEO plugin v26.6 - https:\/\/yoast.com\/wordpress\/plugins\/seo\/ -->\n<title>Erstatningssett for hengsler til toalettsete - Mekulo NO<\/title>\n<meta name=\"robots\" content=\"index, follow, max-snippet:-1, max-image-preview:large, max-video-preview:-1\" \/>\n<link rel=\"canonical\" href=\"https:\/\/mekulo.com\/no\/produkt\/erstatningssett-for-hengsler-til-toalettsete\/\" \/>\n<meta property=\"og:locale\" content=\"nb_NO\" \/>\n<meta property=\"og:type\" content=\"article\" \/>\n<meta property=\"og:title\" content=\"Erstatningssett for hengsler til toalettsete - Mekulo NO\" \/>\n<meta property=\"og:description\" content=\"Med dette utskiftingssettet for toalettsetehengsler kan du reparere et l\u00f8st, vaklende eller \u00f8delagt toalettsete p\u00e5 f\u00e5 minutter. Det er laget av slitesterkt rustfritt st\u00e5l og gir en sterk og langvarig l\u00f8sning for de fleste standard toalettlokk uten at du trenger \u00e5 bytte ut hele setet.\" \/>\n<meta property=\"og:url\" content=\"https:\/\/mekulo.com\/no\/produkt\/erstatningssett-for-hengsler-til-toalettsete\/\" \/>\n<meta property=\"og:site_name\" content=\"Mekulo NO\" \/>\n<meta property=\"article:modified_time\" content=\"2026-01-09T15:20:23+00:00\" \/>\n<meta property=\"og:image\" content=\"https:\/\/mekulo.com\/no\/wp-content\/uploads\/sites\/10\/2026\/01\/njpy8k2-1.jpg\" \/>\n\t<meta property=\"og:image:width\" content=\"1080\" \/>\n\t<meta property=\"og:image:height\" content=\"1080\" \/>\n\t<meta property=\"og:image:type\" content=\"image\/jpeg\" \/>\n<meta name=\"twitter:card\" content=\"summary_large_image\" \/>\n<meta name=\"twitter:label1\" content=\"Ansl. lesetid\" \/>\n\t<meta name=\"twitter:data1\" content=\"2 minutter\" \/>\n<script type=\"application\/ld+json\" class=\"yoast-schema-graph\">{\"@context\":\"https:\/\/schema.org\",\"@graph\":[{\"@type\":\"WebPage\",\"@id\":\"https:\/\/mekulo.com\/no\/produkt\/erstatningssett-for-hengsler-til-toalettsete\/\",\"url\":\"https:\/\/mekulo.com\/no\/produkt\/erstatningssett-for-hengsler-til-toalettsete\/\",\"name\":\"Erstatningssett for hengsler til toalettsete - Mekulo NO\",\"isPartOf\":{\"@id\":\"https:\/\/mekulo.com\/no\/#website\"},\"primaryImageOfPage\":{\"@id\":\"https:\/\/mekulo.com\/no\/produkt\/erstatningssett-for-hengsler-til-toalettsete\/#primaryimage\"},\"image\":{\"@id\":\"https:\/\/mekulo.com\/no\/produkt\/erstatningssett-for-hengsler-til-toalettsete\/#primaryimage\"},\"thumbnailUrl\":\"https:\/\/mekulo.com\/no\/wp-content\/uploads\/sites\/10\/2026\/01\/njpy8k2-1.jpg\",\"datePublished\":\"2026-01-09T10:58:08+00:00\",\"dateModified\":\"2026-01-09T15:20:23+00:00\",\"breadcrumb\":{\"@id\":\"https:\/\/mekulo.com\/no\/produkt\/erstatningssett-for-hengsler-til-toalettsete\/#breadcrumb\"},\"inLanguage\":\"nb-NO\",\"potentialAction\":[{\"@type\":\"ReadAction\",\"target\":[\"https:\/\/mekulo.com\/no\/produkt\/erstatningssett-for-hengsler-til-toalettsete\/\"]}]},{\"@type\":\"ImageObject\",\"inLanguage\":\"nb-NO\",\"@id\":\"https:\/\/mekulo.com\/no\/produkt\/erstatningssett-for-hengsler-til-toalettsete\/#primaryimage\",\"url\":\"https:\/\/mekulo.com\/no\/wp-content\/uploads\/sites\/10\/2026\/01\/njpy8k2-1.jpg\",\"contentUrl\":\"https:\/\/mekulo.com\/no\/wp-content\/uploads\/sites\/10\/2026\/01\/njpy8k2-1.jpg\",\"width\":1080,\"height\":1080},{\"@type\":\"BreadcrumbList\",\"@id\":\"https:\/\/mekulo.com\/no\/produkt\/erstatningssett-for-hengsler-til-toalettsete\/#breadcrumb\",\"itemListElement\":[{\"@type\":\"ListItem\",\"position\":1,\"name\":\"Home\",\"item\":\"https:\/\/mekulo.com\/no\/\"},{\"@type\":\"ListItem\",\"position\":2,\"name\":\"Butikk\",\"item\":\"https:\/\/mekulo.com\/no\/butikk\/\"},{\"@type\":\"ListItem\",\"position\":3,\"name\":\"Erstatningssett for hengsler til toalettsete\"}]},{\"@type\":\"WebSite\",\"@id\":\"https:\/\/mekulo.com\/no\/#website\",\"url\":\"https:\/\/mekulo.com\/no\/\",\"name\":\"Mekulo NO\",\"description\":\"\",\"publisher\":{\"@id\":\"https:\/\/mekulo.com\/no\/#organization\"},\"potentialAction\":[{\"@type\":\"SearchAction\",\"target\":{\"@type\":\"EntryPoint\",\"urlTemplate\":\"https:\/\/mekulo.com\/no\/?s={search_term_string}\"},\"query-input\":{\"@type\":\"PropertyValueSpecification\",\"valueRequired\":true,\"valueName\":\"search_term_string\"}}],\"inLanguage\":\"nb-NO\"},{\"@type\":\"Organization\",\"@id\":\"https:\/\/mekulo.com\/no\/#organization\",\"name\":\"Mekulo\",\"url\":\"https:\/\/mekulo.com\/no\/\",\"logo\":{\"@type\":\"ImageObject\",\"inLanguage\":\"nb-NO\",\"@id\":\"https:\/\/mekulo.com\/no\/#\/schema\/logo\/image\/\",\"url\":\"https:\/\/mekulo.com\/no\/wp-content\/uploads\/sites\/10\/2025\/12\/favicon_mekulo.png\",\"contentUrl\":\"https:\/\/mekulo.com\/no\/wp-content\/uploads\/sites\/10\/2025\/12\/favicon_mekulo.png\",\"width\":50,\"height\":50,\"caption\":\"Mekulo\"},\"image\":{\"@id\":\"https:\/\/mekulo.com\/no\/#\/schema\/logo\/image\/\"}}]}<\/script>\n<!-- \/ Yoast SEO plugin. -->","yoast_head_json":{"title":"Erstatningssett for hengsler til toalettsete - Mekulo NO","robots":{"index":"index","follow":"follow","max-snippet":"max-snippet:-1","max-image-preview":"max-image-preview:large","max-video-preview":"max-video-preview:-1"},"canonical":"https:\/\/mekulo.com\/no\/produkt\/erstatningssett-for-hengsler-til-toalettsete\/","og_locale":"nb_NO","og_type":"article","og_title":"Erstatningssett for hengsler til toalettsete - Mekulo NO","og_description":"Med dette utskiftingssettet for toalettsetehengsler kan du reparere et l\u00f8st, vaklende eller \u00f8delagt toalettsete p\u00e5 f\u00e5 minutter. Det er laget av slitesterkt rustfritt st\u00e5l og gir en sterk og langvarig l\u00f8sning for de fleste standard toalettlokk uten at du trenger \u00e5 bytte ut hele setet.","og_url":"https:\/\/mekulo.com\/no\/produkt\/erstatningssett-for-hengsler-til-toalettsete\/","og_site_name":"Mekulo NO","article_modified_time":"2026-01-09T15:20:23+00:00","og_image":[{"width":1080,"height":1080,"url":"https:\/\/mekulo.com\/no\/wp-content\/uploads\/sites\/10\/2026\/01\/njpy8k2-1.jpg","type":"image\/jpeg"}],"twitter_card":"summary_large_image","twitter_misc":{"Ansl. lesetid":"2 minutter"},"schema":{"@context":"https:\/\/schema.org","@graph":[{"@type":"WebPage","@id":"https:\/\/mekulo.com\/no\/produkt\/erstatningssett-for-hengsler-til-toalettsete\/","url":"https:\/\/mekulo.com\/no\/produkt\/erstatningssett-for-hengsler-til-toalettsete\/","name":"Erstatningssett for hengsler til toalettsete - Mekulo NO","isPartOf":{"@id":"https:\/\/mekulo.com\/no\/#website"},"primaryImageOfPage":{"@id":"https:\/\/mekulo.com\/no\/produkt\/erstatningssett-for-hengsler-til-toalettsete\/#primaryimage"},"image":{"@id":"https:\/\/mekulo.com\/no\/produkt\/erstatningssett-for-hengsler-til-toalettsete\/#primaryimage"},"thumbnailUrl":"https:\/\/mekulo.com\/no\/wp-content\/uploads\/sites\/10\/2026\/01\/njpy8k2-1.jpg","datePublished":"2026-01-09T10:58:08+00:00","dateModified":"2026-01-09T15:20:23+00:00","breadcrumb":{"@id":"https:\/\/mekulo.com\/no\/produkt\/erstatningssett-for-hengsler-til-toalettsete\/#breadcrumb"},"inLanguage":"nb-NO","potentialAction":[{"@type":"ReadAction","target":["https:\/\/mekulo.com\/no\/produkt\/erstatningssett-for-hengsler-til-toalettsete\/"]}]},{"@type":"ImageObject","inLanguage":"nb-NO","@id":"https:\/\/mekulo.com\/no\/produkt\/erstatningssett-for-hengsler-til-toalettsete\/#primaryimage","url":"https:\/\/mekulo.com\/no\/wp-content\/uploads\/sites\/10\/2026\/01\/njpy8k2-1.jpg","contentUrl":"https:\/\/mekulo.com\/no\/wp-content\/uploads\/sites\/10\/2026\/01\/njpy8k2-1.jpg","width":1080,"height":1080},{"@type":"BreadcrumbList","@id":"https:\/\/mekulo.com\/no\/produkt\/erstatningssett-for-hengsler-til-toalettsete\/#breadcrumb","itemListElement":[{"@type":"ListItem","position":1,"name":"Home","item":"https:\/\/mekulo.com\/no\/"},{"@type":"ListItem","position":2,"name":"Butikk","item":"https:\/\/mekulo.com\/no\/butikk\/"},{"@type":"ListItem","position":3,"name":"Erstatningssett for hengsler til toalettsete"}]},{"@type":"WebSite","@id":"https:\/\/mekulo.com\/no\/#website","url":"https:\/\/mekulo.com\/no\/","name":"Mekulo NO","description":"","publisher":{"@id":"https:\/\/mekulo.com\/no\/#organization"},"potentialAction":[{"@type":"SearchAction","target":{"@type":"EntryPoint","urlTemplate":"https:\/\/mekulo.com\/no\/?s={search_term_string}"},"query-input":{"@type":"PropertyValueSpecification","valueRequired":true,"valueName":"search_term_string"}}],"inLanguage":"nb-NO"},{"@type":"Organization","@id":"https:\/\/mekulo.com\/no\/#organization","name":"Mekulo","url":"https:\/\/mekulo.com\/no\/","logo":{"@type":"ImageObject","inLanguage":"nb-NO","@id":"https:\/\/mekulo.com\/no\/#\/schema\/logo\/image\/","url":"https:\/\/mekulo.com\/no\/wp-content\/uploads\/sites\/10\/2025\/12\/favicon_mekulo.png","contentUrl":"https:\/\/mekulo.com\/no\/wp-content\/uploads\/sites\/10\/2025\/12\/favicon_mekulo.png","width":50,"height":50,"caption":"Mekulo"},"image":{"@id":"https:\/\/mekulo.com\/no\/#\/schema\/logo\/image\/"}}]}},"_links":{"self":[{"href":"https:\/\/mekulo.com\/no\/wp-json\/wp\/v2\/product\/16703","targetHints":{"allow":["GET"]}}],"collection":[{"href":"https:\/\/mekulo.com\/no\/wp-json\/wp\/v2\/product"}],"about":[{"href":"https:\/\/mekulo.com\/no\/wp-json\/wp\/v2\/types\/product"}],"replies":[{"embeddable":true,"href":"https:\/\/mekulo.com\/no\/wp-json\/wp\/v2\/comments?post=16703"}],"wp:featuredmedia":[{"embeddable":true,"href":"https:\/\/mekulo.com\/no\/wp-json\/wp\/v2\/media\/16699"}],"wp:attachment":[{"href":"https:\/\/mekulo.com\/no\/wp-json\/wp\/v2\/media?parent=16703"}],"wp:term":[{"taxonomy":"product_brand","embeddable":true,"href":"https:\/\/mekulo.com\/no\/wp-json\/wp\/v2\/product_brand?post=16703"},{"taxonomy":"product_cat","embeddable":true,"href":"https:\/\/mekulo.com\/no\/wp-json\/wp\/v2\/product_cat?post=16703"},{"taxonomy":"product_tag","embeddable":true,"href":"https:\/\/mekulo.com\/no\/wp-json\/wp\/v2\/product_tag?post=16703"}],"curies":[{"name":"wp","href":"https:\/\/api.w.org\/{rel}","templated":true}]}}