{"id":16686,"date":"2026-01-09T12:56:47","date_gmt":"2026-01-09T10:56:47","guid":{"rendered":"https:\/\/mekulo.com\/no\/produkt\/fjernkontroll-for-videorulling\/"},"modified":"2026-01-09T17:18:04","modified_gmt":"2026-01-09T15:18:04","slug":"fjernkontroll-for-videorulling","status":"publish","type":"product","link":"https:\/\/mekulo.com\/no\/produkt\/fjernkontroll-for-videorulling\/","title":{"rendered":"Fjernkontroll for videorulling"},"content":{"rendered":"<p style=\"text-align: center;\" data-start=\"0\" data-end=\"69\"><strong data-start=\"0\" data-end=\"69\">Bla, spill av og kontroller telefonen uten \u00e5 ber\u00f8re skjermen. \ud83d\udcf1<\/strong><\/p>\n<p data-start=\"71\" data-end=\"317\"><img fetchpriority=\"high\" decoding=\"async\" class=\"size-full wp-image-48243 aligncenter\" src=\"https:\/\/keluvo.com\/template\/wp-content\/uploads\/sites\/5\/2026\/01\/122112-ezgif.com-video-to-webp-converter.webp\" alt=\"\" width=\"500\" height=\"500\" \/><\/p>\n<h2 style=\"text-align: center;\" data-start=\"324\" data-end=\"344\"><strong>Hovedfordeler<\/strong><\/h2>\n<p data-start=\"348\" data-end=\"426\">\ud83d\udcf2 Videorullingskontroll &#8211; Rull, spill av, sett p\u00e5 pause og liker videoer enkelt.<\/p>\n<p data-start=\"429\" data-end=\"504\">\ud83d\udcf8 Bildeopptak med \u00e9n knapp &#8211; Ta selfies og gruppebilder p\u00e5 avstand.<\/p>\n<p data-start=\"507\" data-end=\"582\">\ud83d\udd07 Lydl\u00f8se knapper &#8211; Stille drift for sovesaler, biblioteker og kontorer.<\/p>\n<p data-start=\"585\" data-end=\"654\">\ud83d\udcd6 E-boksidevender &#8211; Snu sider uten \u00e5 ber\u00f8re skjermen.<\/p>\n<p data-start=\"657\" data-end=\"725\">\ud83c\udf92 Kompakt og b\u00e6rbar &#8211; Lett og enkel \u00e5 ta med seg hvor som helst.<\/p>\n<p data-start=\"728\" data-end=\"797\">\ud83d\udd0b Lang batterilevetid &#8211; P\u00e5litelig bruk uten hyppig opplading.<\/p>\n<p data-start=\"728\" data-end=\"797\"><img decoding=\"async\" class=\"size-full wp-image-48246 aligncenter\" src=\"https:\/\/keluvo.com\/template\/wp-content\/uploads\/sites\/5\/2026\/01\/122111-ezgif.com-video-to-webp-converter.webp\" alt=\"\" width=\"500\" height=\"500\" \/><\/p>\n<h2 style=\"text-align: center;\" data-start=\"804\" data-end=\"822\"><strong>Slik Bruker Du Den<\/strong><\/h2>\n<ol data-start=\"824\" data-end=\"1075\">\n<li data-start=\"824\" data-end=\"871\">\n<p data-start=\"827\" data-end=\"871\">Sl\u00e5 p\u00e5 Bluetooth p\u00e5 telefonen eller nettbrettet.<\/p>\n<\/li>\n<li data-start=\"872\" data-end=\"910\">\n<p data-start=\"875\" data-end=\"910\">Par fjernkontrollen med enheten.<\/p>\n<\/li>\n<li data-start=\"911\" data-end=\"959\">\n<p data-start=\"914\" data-end=\"959\">\u00c5pne en video-, kamera-, musikk- eller e-bok-app.<\/p>\n<\/li>\n<li data-start=\"960\" data-end=\"1020\">\n<p data-start=\"963\" data-end=\"1020\">Bruk knappene til \u00e5 bla, spille av, sette p\u00e5 pause eller ta bilder.<\/p>\n<\/li>\n<li data-start=\"1021\" data-end=\"1075\">\n<p data-start=\"1024\" data-end=\"1075\">Nyt h\u00e5ndfri kontroll fra opptil 10 meters avstand.<\/p>\n<\/li>\n<\/ol>\n<h2 style=\"text-align: center;\" data-start=\"1082\" data-end=\"1104\"><strong>Produktdetaljer<\/strong><\/h2>\n<ul data-start=\"1106\" data-end=\"1339\">\n<li data-start=\"1147\" data-end=\"1164\">\n<p data-start=\"1149\" data-end=\"1164\">Materiale: ABS<\/p>\n<\/li>\n<li data-start=\"1165\" data-end=\"1204\">\n<p data-start=\"1167\" data-end=\"1204\">St\u00f8rrelse: 7,7 x 4,4 cm<\/p>\n<\/li>\n<li data-start=\"1205\" data-end=\"1230\">\n<p data-start=\"1207\" data-end=\"1230\">Tilkobling: Bluetooth<\/p>\n<\/li>\n<li data-start=\"1231\" data-end=\"1257\">\n<p data-start=\"1233\" data-end=\"1257\">Rekkevidde: Opptil 10 meter<\/p>\n<\/li>\n<li data-start=\"1258\" data-end=\"1300\">\n<p data-start=\"1260\" data-end=\"1300\">Kompatibilitet: iOS- og Android-enheter<\/p>\n<\/li>\n<li data-start=\"1321\" data-end=\"1339\">\n<p data-start=\"1323\" data-end=\"1339\">Type: B\u00e6rbar<\/p>\n<\/li>\n<\/ul>\n<h2 style=\"text-align: center;\" data-start=\"1346\" data-end=\"1369\"><strong>Pakken inkluderer<\/strong><\/h2>\n<ul data-start=\"1371\" data-end=\"1399\" data-is-last-node=\"\" data-is-only-node=\"\">\n<li data-start=\"1371\" data-end=\"1399\" data-is-last-node=\"\">\n<p data-start=\"1373\" data-end=\"1399\" data-is-last-node=\"\">1, 2x video-rullefjernkontroll(er).<\/p>\n<\/li>\n<\/ul>\n","protected":false},"excerpt":{"rendered":"<p>Med denne fjernkontrollen kan du styre videoer, bilder, musikk og e-b\u00f8ker p\u00e5 avstand ved hjelp av Bluetooth. Den er liten, stilleg\u00e5ende og enkel \u00e5 bruke, noe som gj\u00f8r den perfekt til \u00e5 se p\u00e5 videoer, ta bilder eller lese h\u00e5ndfritt hjemme eller p\u00e5 farten.<\/p>\n","protected":false},"featured_media":16682,"comment_status":"open","ping_status":"closed","template":"","meta":{"site-sidebar-layout":"default","site-content-layout":"","ast-site-content-layout":"default","site-content-style":"default","site-sidebar-style":"default","ast-global-header-display":"","ast-banner-title-visibility":"","ast-main-header-display":"","ast-hfb-above-header-display":"","ast-hfb-below-header-display":"","ast-hfb-mobile-header-display":"","site-post-title":"","ast-breadcrumbs-content":"","ast-featured-img":"","footer-sml-layout":"","theme-transparent-header-meta":"default","adv-header-id-meta":"","stick-header-meta":"","header-above-stick-meta":"","header-main-stick-meta":"","header-below-stick-meta":"","astra-migrate-meta-layouts":"set","ast-page-background-enabled":"default","ast-page-background-meta":{"desktop":{"background-color":"var(--ast-global-color-5)","background-image":"","background-repeat":"repeat","background-position":"center center","background-size":"auto","background-attachment":"scroll","background-type":"","background-media":"","overlay-type":"","overlay-color":"","overlay-opacity":"","overlay-gradient":""},"tablet":{"background-color":"","background-image":"","background-repeat":"repeat","background-position":"center center","background-size":"auto","background-attachment":"scroll","background-type":"","background-media":"","overlay-type":"","overlay-color":"","overlay-opacity":"","overlay-gradient":""},"mobile":{"background-color":"","background-image":"","background-repeat":"repeat","background-position":"center center","background-size":"auto","background-attachment":"scroll","background-type":"","background-media":"","overlay-type":"","overlay-color":"","overlay-opacity":"","overlay-gradient":""}},"ast-content-background-meta":{"desktop":{"background-color":"var(--ast-global-color-4)","background-image":"","background-repeat":"repeat","background-position":"center center","background-size":"auto","background-attachment":"scroll","background-type":"","background-media":"","overlay-type":"","overlay-color":"","overlay-opacity":"","overlay-gradient":""},"tablet":{"background-color":"var(--ast-global-color-4)","background-image":"","background-repeat":"repeat","background-position":"center center","background-size":"auto","background-attachment":"scroll","background-type":"","background-media":"","overlay-type":"","overlay-color":"","overlay-opacity":"","overlay-gradient":""},"mobile":{"background-color":"var(--ast-global-color-4)","background-image":"","background-repeat":"repeat","background-position":"center center","background-size":"auto","background-attachment":"scroll","background-type":"","background-media":"","overlay-type":"","overlay-color":"","overlay-opacity":"","overlay-gradient":""}}},"product_brand":[],"product_cat":[173],"product_tag":[],"class_list":{"0":"post-16686","1":"product","2":"type-product","3":"status-publish","4":"has-post-thumbnail","6":"product_cat-elektronikk","7":"pa_66502_dhfqa0l6-hvit","8":"pa_66502_dhfqa0l6-svart","9":"pa_66502_izqadvaf-1-stk","10":"pa_66502_izqadvaf-2-stk","11":"desktop-align-left","12":"tablet-align-left","13":"mobile-align-left","15":"first","16":"instock","17":"shipping-taxable","18":"purchasable","19":"product-type-variable","20":"has-default-attributes"},"yoast_head":"<!-- This site is optimized with the Yoast SEO plugin v26.6 - https:\/\/yoast.com\/wordpress\/plugins\/seo\/ -->\n<title>Fjernkontroll for videorulling - Mekulo NO<\/title>\n<meta name=\"robots\" content=\"index, follow, max-snippet:-1, max-image-preview:large, max-video-preview:-1\" \/>\n<link rel=\"canonical\" href=\"https:\/\/mekulo.com\/no\/produkt\/fjernkontroll-for-videorulling\/\" \/>\n<meta property=\"og:locale\" content=\"nb_NO\" \/>\n<meta property=\"og:type\" content=\"article\" \/>\n<meta property=\"og:title\" content=\"Fjernkontroll for videorulling - Mekulo NO\" \/>\n<meta property=\"og:description\" content=\"Med denne fjernkontrollen kan du styre videoer, bilder, musikk og e-b\u00f8ker p\u00e5 avstand ved hjelp av Bluetooth. Den er liten, stilleg\u00e5ende og enkel \u00e5 bruke, noe som gj\u00f8r den perfekt til \u00e5 se p\u00e5 videoer, ta bilder eller lese h\u00e5ndfritt hjemme eller p\u00e5 farten.\" \/>\n<meta property=\"og:url\" content=\"https:\/\/mekulo.com\/no\/produkt\/fjernkontroll-for-videorulling\/\" \/>\n<meta property=\"og:site_name\" content=\"Mekulo NO\" \/>\n<meta property=\"article:modified_time\" content=\"2026-01-09T15:18:04+00:00\" \/>\n<meta property=\"og:image\" content=\"https:\/\/mekulo.com\/no\/wp-content\/uploads\/sites\/10\/2026\/01\/3gxj2ti-1.webp\" \/>\n\t<meta property=\"og:image:width\" content=\"713\" \/>\n\t<meta property=\"og:image:height\" content=\"713\" \/>\n\t<meta property=\"og:image:type\" content=\"image\/webp\" \/>\n<meta name=\"twitter:card\" content=\"summary_large_image\" \/>\n<meta name=\"twitter:label1\" content=\"Ansl. lesetid\" \/>\n\t<meta name=\"twitter:data1\" content=\"2 minutter\" \/>\n<script type=\"application\/ld+json\" class=\"yoast-schema-graph\">{\"@context\":\"https:\/\/schema.org\",\"@graph\":[{\"@type\":\"WebPage\",\"@id\":\"https:\/\/mekulo.com\/no\/produkt\/fjernkontroll-for-videorulling\/\",\"url\":\"https:\/\/mekulo.com\/no\/produkt\/fjernkontroll-for-videorulling\/\",\"name\":\"Fjernkontroll for videorulling - Mekulo NO\",\"isPartOf\":{\"@id\":\"https:\/\/mekulo.com\/no\/#website\"},\"primaryImageOfPage\":{\"@id\":\"https:\/\/mekulo.com\/no\/produkt\/fjernkontroll-for-videorulling\/#primaryimage\"},\"image\":{\"@id\":\"https:\/\/mekulo.com\/no\/produkt\/fjernkontroll-for-videorulling\/#primaryimage\"},\"thumbnailUrl\":\"https:\/\/mekulo.com\/no\/wp-content\/uploads\/sites\/10\/2026\/01\/3gxj2ti-1.webp\",\"datePublished\":\"2026-01-09T10:56:47+00:00\",\"dateModified\":\"2026-01-09T15:18:04+00:00\",\"breadcrumb\":{\"@id\":\"https:\/\/mekulo.com\/no\/produkt\/fjernkontroll-for-videorulling\/#breadcrumb\"},\"inLanguage\":\"nb-NO\",\"potentialAction\":[{\"@type\":\"ReadAction\",\"target\":[\"https:\/\/mekulo.com\/no\/produkt\/fjernkontroll-for-videorulling\/\"]}]},{\"@type\":\"ImageObject\",\"inLanguage\":\"nb-NO\",\"@id\":\"https:\/\/mekulo.com\/no\/produkt\/fjernkontroll-for-videorulling\/#primaryimage\",\"url\":\"https:\/\/mekulo.com\/no\/wp-content\/uploads\/sites\/10\/2026\/01\/3gxj2ti-1.webp\",\"contentUrl\":\"https:\/\/mekulo.com\/no\/wp-content\/uploads\/sites\/10\/2026\/01\/3gxj2ti-1.webp\",\"width\":713,\"height\":713},{\"@type\":\"BreadcrumbList\",\"@id\":\"https:\/\/mekulo.com\/no\/produkt\/fjernkontroll-for-videorulling\/#breadcrumb\",\"itemListElement\":[{\"@type\":\"ListItem\",\"position\":1,\"name\":\"Home\",\"item\":\"https:\/\/mekulo.com\/no\/\"},{\"@type\":\"ListItem\",\"position\":2,\"name\":\"Butikk\",\"item\":\"https:\/\/mekulo.com\/no\/butikk\/\"},{\"@type\":\"ListItem\",\"position\":3,\"name\":\"Fjernkontroll for videorulling\"}]},{\"@type\":\"WebSite\",\"@id\":\"https:\/\/mekulo.com\/no\/#website\",\"url\":\"https:\/\/mekulo.com\/no\/\",\"name\":\"Mekulo NO\",\"description\":\"\",\"publisher\":{\"@id\":\"https:\/\/mekulo.com\/no\/#organization\"},\"potentialAction\":[{\"@type\":\"SearchAction\",\"target\":{\"@type\":\"EntryPoint\",\"urlTemplate\":\"https:\/\/mekulo.com\/no\/?s={search_term_string}\"},\"query-input\":{\"@type\":\"PropertyValueSpecification\",\"valueRequired\":true,\"valueName\":\"search_term_string\"}}],\"inLanguage\":\"nb-NO\"},{\"@type\":\"Organization\",\"@id\":\"https:\/\/mekulo.com\/no\/#organization\",\"name\":\"Mekulo\",\"url\":\"https:\/\/mekulo.com\/no\/\",\"logo\":{\"@type\":\"ImageObject\",\"inLanguage\":\"nb-NO\",\"@id\":\"https:\/\/mekulo.com\/no\/#\/schema\/logo\/image\/\",\"url\":\"https:\/\/mekulo.com\/no\/wp-content\/uploads\/sites\/10\/2025\/12\/favicon_mekulo.png\",\"contentUrl\":\"https:\/\/mekulo.com\/no\/wp-content\/uploads\/sites\/10\/2025\/12\/favicon_mekulo.png\",\"width\":50,\"height\":50,\"caption\":\"Mekulo\"},\"image\":{\"@id\":\"https:\/\/mekulo.com\/no\/#\/schema\/logo\/image\/\"}}]}<\/script>\n<!-- \/ Yoast SEO plugin. -->","yoast_head_json":{"title":"Fjernkontroll for videorulling - Mekulo NO","robots":{"index":"index","follow":"follow","max-snippet":"max-snippet:-1","max-image-preview":"max-image-preview:large","max-video-preview":"max-video-preview:-1"},"canonical":"https:\/\/mekulo.com\/no\/produkt\/fjernkontroll-for-videorulling\/","og_locale":"nb_NO","og_type":"article","og_title":"Fjernkontroll for videorulling - Mekulo NO","og_description":"Med denne fjernkontrollen kan du styre videoer, bilder, musikk og e-b\u00f8ker p\u00e5 avstand ved hjelp av Bluetooth. Den er liten, stilleg\u00e5ende og enkel \u00e5 bruke, noe som gj\u00f8r den perfekt til \u00e5 se p\u00e5 videoer, ta bilder eller lese h\u00e5ndfritt hjemme eller p\u00e5 farten.","og_url":"https:\/\/mekulo.com\/no\/produkt\/fjernkontroll-for-videorulling\/","og_site_name":"Mekulo NO","article_modified_time":"2026-01-09T15:18:04+00:00","og_image":[{"width":713,"height":713,"url":"https:\/\/mekulo.com\/no\/wp-content\/uploads\/sites\/10\/2026\/01\/3gxj2ti-1.webp","type":"image\/webp"}],"twitter_card":"summary_large_image","twitter_misc":{"Ansl. lesetid":"2 minutter"},"schema":{"@context":"https:\/\/schema.org","@graph":[{"@type":"WebPage","@id":"https:\/\/mekulo.com\/no\/produkt\/fjernkontroll-for-videorulling\/","url":"https:\/\/mekulo.com\/no\/produkt\/fjernkontroll-for-videorulling\/","name":"Fjernkontroll for videorulling - Mekulo NO","isPartOf":{"@id":"https:\/\/mekulo.com\/no\/#website"},"primaryImageOfPage":{"@id":"https:\/\/mekulo.com\/no\/produkt\/fjernkontroll-for-videorulling\/#primaryimage"},"image":{"@id":"https:\/\/mekulo.com\/no\/produkt\/fjernkontroll-for-videorulling\/#primaryimage"},"thumbnailUrl":"https:\/\/mekulo.com\/no\/wp-content\/uploads\/sites\/10\/2026\/01\/3gxj2ti-1.webp","datePublished":"2026-01-09T10:56:47+00:00","dateModified":"2026-01-09T15:18:04+00:00","breadcrumb":{"@id":"https:\/\/mekulo.com\/no\/produkt\/fjernkontroll-for-videorulling\/#breadcrumb"},"inLanguage":"nb-NO","potentialAction":[{"@type":"ReadAction","target":["https:\/\/mekulo.com\/no\/produkt\/fjernkontroll-for-videorulling\/"]}]},{"@type":"ImageObject","inLanguage":"nb-NO","@id":"https:\/\/mekulo.com\/no\/produkt\/fjernkontroll-for-videorulling\/#primaryimage","url":"https:\/\/mekulo.com\/no\/wp-content\/uploads\/sites\/10\/2026\/01\/3gxj2ti-1.webp","contentUrl":"https:\/\/mekulo.com\/no\/wp-content\/uploads\/sites\/10\/2026\/01\/3gxj2ti-1.webp","width":713,"height":713},{"@type":"BreadcrumbList","@id":"https:\/\/mekulo.com\/no\/produkt\/fjernkontroll-for-videorulling\/#breadcrumb","itemListElement":[{"@type":"ListItem","position":1,"name":"Home","item":"https:\/\/mekulo.com\/no\/"},{"@type":"ListItem","position":2,"name":"Butikk","item":"https:\/\/mekulo.com\/no\/butikk\/"},{"@type":"ListItem","position":3,"name":"Fjernkontroll for videorulling"}]},{"@type":"WebSite","@id":"https:\/\/mekulo.com\/no\/#website","url":"https:\/\/mekulo.com\/no\/","name":"Mekulo NO","description":"","publisher":{"@id":"https:\/\/mekulo.com\/no\/#organization"},"potentialAction":[{"@type":"SearchAction","target":{"@type":"EntryPoint","urlTemplate":"https:\/\/mekulo.com\/no\/?s={search_term_string}"},"query-input":{"@type":"PropertyValueSpecification","valueRequired":true,"valueName":"search_term_string"}}],"inLanguage":"nb-NO"},{"@type":"Organization","@id":"https:\/\/mekulo.com\/no\/#organization","name":"Mekulo","url":"https:\/\/mekulo.com\/no\/","logo":{"@type":"ImageObject","inLanguage":"nb-NO","@id":"https:\/\/mekulo.com\/no\/#\/schema\/logo\/image\/","url":"https:\/\/mekulo.com\/no\/wp-content\/uploads\/sites\/10\/2025\/12\/favicon_mekulo.png","contentUrl":"https:\/\/mekulo.com\/no\/wp-content\/uploads\/sites\/10\/2025\/12\/favicon_mekulo.png","width":50,"height":50,"caption":"Mekulo"},"image":{"@id":"https:\/\/mekulo.com\/no\/#\/schema\/logo\/image\/"}}]}},"_links":{"self":[{"href":"https:\/\/mekulo.com\/no\/wp-json\/wp\/v2\/product\/16686","targetHints":{"allow":["GET"]}}],"collection":[{"href":"https:\/\/mekulo.com\/no\/wp-json\/wp\/v2\/product"}],"about":[{"href":"https:\/\/mekulo.com\/no\/wp-json\/wp\/v2\/types\/product"}],"replies":[{"embeddable":true,"href":"https:\/\/mekulo.com\/no\/wp-json\/wp\/v2\/comments?post=16686"}],"wp:featuredmedia":[{"embeddable":true,"href":"https:\/\/mekulo.com\/no\/wp-json\/wp\/v2\/media\/16682"}],"wp:attachment":[{"href":"https:\/\/mekulo.com\/no\/wp-json\/wp\/v2\/media?parent=16686"}],"wp:term":[{"taxonomy":"product_brand","embeddable":true,"href":"https:\/\/mekulo.com\/no\/wp-json\/wp\/v2\/product_brand?post=16686"},{"taxonomy":"product_cat","embeddable":true,"href":"https:\/\/mekulo.com\/no\/wp-json\/wp\/v2\/product_cat?post=16686"},{"taxonomy":"product_tag","embeddable":true,"href":"https:\/\/mekulo.com\/no\/wp-json\/wp\/v2\/product_tag?post=16686"}],"curies":[{"name":"wp","href":"https:\/\/api.w.org\/{rel}","templated":true}]}}