{"id":16669,"date":"2026-01-09T12:55:32","date_gmt":"2026-01-09T10:55:32","guid":{"rendered":"https:\/\/mekulo.com\/no\/produkt\/hengende-organisering-av-handvesker\/"},"modified":"2026-01-09T17:14:59","modified_gmt":"2026-01-09T15:14:59","slug":"hengende-organisering-av-handvesker","status":"publish","type":"product","link":"https:\/\/mekulo.com\/no\/produkt\/hengende-organisering-av-handvesker\/","title":{"rendered":"Hengende organisering av h\u00e5ndvesker"},"content":{"rendered":"<p style=\"text-align: center;\" data-start=\"0\" data-end=\"72\"><strong data-start=\"0\" data-end=\"72\">Hold h\u00e5ndveskene dine ryddige, synlige og st\u00f8vfrie p\u00e5 ett enkelt sted. \ud83d\udc5c<\/strong><\/p>\n<p data-start=\"74\" data-end=\"310\"><img fetchpriority=\"high\" decoding=\"async\" class=\"size-full wp-image-48190 aligncenter\" src=\"https:\/\/keluvo.com\/template\/wp-content\/uploads\/sites\/5\/2026\/01\/12216-ezgif.com-video-to-webp-converter.webp\" alt=\"\" width=\"500\" height=\"667\" \/><\/p>\n<h2 style=\"text-align: center;\" data-start=\"317\" data-end=\"337\"><strong>\ud83c\udf1f Hovedfordeler<\/strong><\/h2>\n<p data-start=\"341\" data-end=\"409\">\ud83d\udc5c Oppbevaring av flere vesker &#8211; Har plass til flere vesker i \u00e9n organisering.<\/p>\n<p data-start=\"412\" data-end=\"474\">\ud83e\uddf1 Veggmontert og sammenleggbar &#8211; Sparer plass n\u00e5r den ikke er i bruk.<\/p>\n<p data-start=\"477\" data-end=\"545\">\ud83e\uddfc St\u00f8vtett beskyttelse &#8211; Holder veskene rene og velholdte.<\/p>\n<p data-start=\"548\" data-end=\"617\">\ud83c\udf92 Dobbeltsidig design &#8211; Mer oppbevaringsplass uten \u00e5 ta mer plass.<\/p>\n<p data-start=\"620\" data-end=\"683\">\u2728 Elegant skinnutseende &#8211; Stilig og slitesterk for alle rom.<\/p>\n<p data-start=\"620\" data-end=\"683\"><img decoding=\"async\" class=\"size-full wp-image-48195 aligncenter\" src=\"https:\/\/keluvo.com\/template\/wp-content\/uploads\/sites\/5\/2026\/01\/12215-ezgif.com-video-to-webp-converter.webp\" alt=\"\" width=\"500\" height=\"667\" \/><\/p>\n<h2 style=\"text-align: center;\" data-start=\"690\" data-end=\"708\"><strong>\ud83d\udee0\ufe0f Slik Bruker Du Den<\/strong><\/h2>\n<ol data-start=\"710\" data-end=\"922\">\n<li data-start=\"710\" data-end=\"759\">\n<p data-start=\"713\" data-end=\"759\">Heng opp organisatoren p\u00e5 en vegg, d\u00f8r eller krok.<\/p>\n<\/li>\n<li data-start=\"760\" data-end=\"808\">\n<p data-start=\"763\" data-end=\"808\">\u00c5pne begge sider for \u00e5 f\u00e5 tilgang til alle rommene.<\/p>\n<\/li>\n<li data-start=\"809\" data-end=\"875\">\n<p data-start=\"812\" data-end=\"875\">Legg vesker, tilbeh\u00f8r eller sm\u00e5ting i hver lomme.<\/p>\n<\/li>\n<li data-start=\"876\" data-end=\"922\">\n<p data-start=\"879\" data-end=\"922\">Brett den flatt n\u00e5r den ikke er i bruk for \u00e5 spare plass.<\/p>\n<\/li>\n<\/ol>\n<h2 style=\"text-align: center;\" data-start=\"929\" data-end=\"951\"><strong>\ud83d\udccf Produktdetaljer<\/strong><\/h2>\n<ul data-start=\"953\" data-end=\"1245\">\n<li data-start=\"997\" data-end=\"1031\">\n<p data-start=\"999\" data-end=\"1031\">Materiale: Skinn av h\u00f8y kvalitet<\/p>\n<\/li>\n<li data-start=\"1032\" data-end=\"1080\">\n<p data-start=\"1034\" data-end=\"1080\">Design: Veggmontert, sammenleggbar, dobbeltsidig<\/p>\n<\/li>\n<li data-start=\"1081\" data-end=\"1137\">\n<p data-start=\"1083\" data-end=\"1137\">Funksjoner: Flerlagslommer, st\u00f8vtett beskyttelse<\/p>\n<\/li>\n<li data-start=\"1138\" data-end=\"1184\">\n<p data-start=\"1140\" data-end=\"1184\">Bruk: H\u00e5ndvesker, sko, kl\u00e6r, tilbeh\u00f8r<\/p>\n<\/li>\n<li data-start=\"1185\" data-end=\"1245\">\n<p data-start=\"1187\" data-end=\"1245\">Egnet for: Soverom, skap, inngangspartier, sm\u00e5 rom<\/p>\n<\/li>\n<li data-start=\"1185\" data-end=\"1245\">Stil: 6 rutenett (93 x 35 cm), 8 rutenett (110 x 35 cm)<\/li>\n<\/ul>\n<h2 style=\"text-align: center;\" data-start=\"1252\" data-end=\"1275\"><strong>\ud83d\udce6 Pakken inkluderer<\/strong><\/h2>\n<ul data-start=\"1277\" data-end=\"1308\" data-is-last-node=\"\" data-is-only-node=\"\">\n<li data-start=\"1277\" data-end=\"1308\" data-is-last-node=\"\">\n<p data-start=\"1279\" data-end=\"1308\" data-is-last-node=\"\">1x hengende h\u00e5ndveskearrang\u00f8r.<\/p>\n<\/li>\n<\/ul>\n","protected":false},"excerpt":{"rendered":"<p>Denne hengende veskeoppbevaringen lagrer flere vesker samtidig og sparer gulv- og skapplass. Den veggmonterte, sammenleggbare designen holder tilbeh\u00f8ret ditt organisert, beskyttet og lett tilgjengelig &#8211; perfekt for sm\u00e5 rom eller overfylte skap.<\/p>\n","protected":false},"featured_media":16665,"comment_status":"open","ping_status":"closed","template":"","meta":{"site-sidebar-layout":"default","site-content-layout":"","ast-site-content-layout":"default","site-content-style":"default","site-sidebar-style":"default","ast-global-header-display":"","ast-banner-title-visibility":"","ast-main-header-display":"","ast-hfb-above-header-display":"","ast-hfb-below-header-display":"","ast-hfb-mobile-header-display":"","site-post-title":"","ast-breadcrumbs-content":"","ast-featured-img":"","footer-sml-layout":"","theme-transparent-header-meta":"default","adv-header-id-meta":"","stick-header-meta":"","header-above-stick-meta":"","header-main-stick-meta":"","header-below-stick-meta":"","astra-migrate-meta-layouts":"set","ast-page-background-enabled":"default","ast-page-background-meta":{"desktop":{"background-color":"var(--ast-global-color-5)","background-image":"","background-repeat":"repeat","background-position":"center center","background-size":"auto","background-attachment":"scroll","background-type":"","background-media":"","overlay-type":"","overlay-color":"","overlay-opacity":"","overlay-gradient":""},"tablet":{"background-color":"","background-image":"","background-repeat":"repeat","background-position":"center center","background-size":"auto","background-attachment":"scroll","background-type":"","background-media":"","overlay-type":"","overlay-color":"","overlay-opacity":"","overlay-gradient":""},"mobile":{"background-color":"","background-image":"","background-repeat":"repeat","background-position":"center center","background-size":"auto","background-attachment":"scroll","background-type":"","background-media":"","overlay-type":"","overlay-color":"","overlay-opacity":"","overlay-gradient":""}},"ast-content-background-meta":{"desktop":{"background-color":"var(--ast-global-color-4)","background-image":"","background-repeat":"repeat","background-position":"center center","background-size":"auto","background-attachment":"scroll","background-type":"","background-media":"","overlay-type":"","overlay-color":"","overlay-opacity":"","overlay-gradient":""},"tablet":{"background-color":"var(--ast-global-color-4)","background-image":"","background-repeat":"repeat","background-position":"center center","background-size":"auto","background-attachment":"scroll","background-type":"","background-media":"","overlay-type":"","overlay-color":"","overlay-opacity":"","overlay-gradient":""},"mobile":{"background-color":"var(--ast-global-color-4)","background-image":"","background-repeat":"repeat","background-position":"center center","background-size":"auto","background-attachment":"scroll","background-type":"","background-media":"","overlay-type":"","overlay-color":"","overlay-opacity":"","overlay-gradient":""}}},"product_brand":[],"product_cat":[168],"product_tag":[],"class_list":{"0":"post-16669","1":"product","2":"type-product","3":"status-publish","4":"has-post-thumbnail","6":"product_cat-husholdningsartikler","7":"pa_66401_inpfywbn-hvit","8":"pa_66401_inpfywbn-svart","9":"pa_66401_sh0b9ut4-6-rutenett","10":"pa_66401_sh0b9ut4-8-rutenett","11":"desktop-align-left","12":"tablet-align-left","13":"mobile-align-left","15":"first","16":"instock","17":"shipping-taxable","18":"purchasable","19":"product-type-variable","20":"has-default-attributes"},"yoast_head":"<!-- This site is optimized with the Yoast SEO plugin v26.6 - https:\/\/yoast.com\/wordpress\/plugins\/seo\/ -->\n<title>Hengende organisering av h\u00e5ndvesker - Mekulo NO<\/title>\n<meta name=\"robots\" content=\"index, follow, max-snippet:-1, max-image-preview:large, max-video-preview:-1\" \/>\n<link rel=\"canonical\" href=\"https:\/\/mekulo.com\/no\/produkt\/hengende-organisering-av-handvesker\/\" \/>\n<meta property=\"og:locale\" content=\"nb_NO\" \/>\n<meta property=\"og:type\" content=\"article\" \/>\n<meta property=\"og:title\" content=\"Hengende organisering av h\u00e5ndvesker - Mekulo NO\" \/>\n<meta property=\"og:description\" content=\"Denne hengende veskeoppbevaringen lagrer flere vesker samtidig og sparer gulv- og skapplass. Den veggmonterte, sammenleggbare designen holder tilbeh\u00f8ret ditt organisert, beskyttet og lett tilgjengelig - perfekt for sm\u00e5 rom eller overfylte skap.\" \/>\n<meta property=\"og:url\" content=\"https:\/\/mekulo.com\/no\/produkt\/hengende-organisering-av-handvesker\/\" \/>\n<meta property=\"og:site_name\" content=\"Mekulo NO\" \/>\n<meta property=\"article:modified_time\" content=\"2026-01-09T15:14:59+00:00\" \/>\n<meta property=\"og:image\" content=\"https:\/\/mekulo.com\/no\/wp-content\/uploads\/sites\/10\/2026\/01\/zqsfr3y-1.webp\" \/>\n\t<meta property=\"og:image:width\" content=\"800\" \/>\n\t<meta property=\"og:image:height\" content=\"800\" \/>\n\t<meta property=\"og:image:type\" content=\"image\/webp\" \/>\n<meta name=\"twitter:card\" content=\"summary_large_image\" \/>\n<meta name=\"twitter:label1\" content=\"Ansl. lesetid\" \/>\n\t<meta name=\"twitter:data1\" content=\"2 minutter\" \/>\n<script type=\"application\/ld+json\" class=\"yoast-schema-graph\">{\"@context\":\"https:\/\/schema.org\",\"@graph\":[{\"@type\":\"WebPage\",\"@id\":\"https:\/\/mekulo.com\/no\/produkt\/hengende-organisering-av-handvesker\/\",\"url\":\"https:\/\/mekulo.com\/no\/produkt\/hengende-organisering-av-handvesker\/\",\"name\":\"Hengende organisering av h\u00e5ndvesker - Mekulo NO\",\"isPartOf\":{\"@id\":\"https:\/\/mekulo.com\/no\/#website\"},\"primaryImageOfPage\":{\"@id\":\"https:\/\/mekulo.com\/no\/produkt\/hengende-organisering-av-handvesker\/#primaryimage\"},\"image\":{\"@id\":\"https:\/\/mekulo.com\/no\/produkt\/hengende-organisering-av-handvesker\/#primaryimage\"},\"thumbnailUrl\":\"https:\/\/mekulo.com\/no\/wp-content\/uploads\/sites\/10\/2026\/01\/zqsfr3y-1.webp\",\"datePublished\":\"2026-01-09T10:55:32+00:00\",\"dateModified\":\"2026-01-09T15:14:59+00:00\",\"breadcrumb\":{\"@id\":\"https:\/\/mekulo.com\/no\/produkt\/hengende-organisering-av-handvesker\/#breadcrumb\"},\"inLanguage\":\"nb-NO\",\"potentialAction\":[{\"@type\":\"ReadAction\",\"target\":[\"https:\/\/mekulo.com\/no\/produkt\/hengende-organisering-av-handvesker\/\"]}]},{\"@type\":\"ImageObject\",\"inLanguage\":\"nb-NO\",\"@id\":\"https:\/\/mekulo.com\/no\/produkt\/hengende-organisering-av-handvesker\/#primaryimage\",\"url\":\"https:\/\/mekulo.com\/no\/wp-content\/uploads\/sites\/10\/2026\/01\/zqsfr3y-1.webp\",\"contentUrl\":\"https:\/\/mekulo.com\/no\/wp-content\/uploads\/sites\/10\/2026\/01\/zqsfr3y-1.webp\",\"width\":800,\"height\":800},{\"@type\":\"BreadcrumbList\",\"@id\":\"https:\/\/mekulo.com\/no\/produkt\/hengende-organisering-av-handvesker\/#breadcrumb\",\"itemListElement\":[{\"@type\":\"ListItem\",\"position\":1,\"name\":\"Home\",\"item\":\"https:\/\/mekulo.com\/no\/\"},{\"@type\":\"ListItem\",\"position\":2,\"name\":\"Butikk\",\"item\":\"https:\/\/mekulo.com\/no\/butikk\/\"},{\"@type\":\"ListItem\",\"position\":3,\"name\":\"Hengende organisering av h\u00e5ndvesker\"}]},{\"@type\":\"WebSite\",\"@id\":\"https:\/\/mekulo.com\/no\/#website\",\"url\":\"https:\/\/mekulo.com\/no\/\",\"name\":\"Mekulo NO\",\"description\":\"\",\"publisher\":{\"@id\":\"https:\/\/mekulo.com\/no\/#organization\"},\"potentialAction\":[{\"@type\":\"SearchAction\",\"target\":{\"@type\":\"EntryPoint\",\"urlTemplate\":\"https:\/\/mekulo.com\/no\/?s={search_term_string}\"},\"query-input\":{\"@type\":\"PropertyValueSpecification\",\"valueRequired\":true,\"valueName\":\"search_term_string\"}}],\"inLanguage\":\"nb-NO\"},{\"@type\":\"Organization\",\"@id\":\"https:\/\/mekulo.com\/no\/#organization\",\"name\":\"Mekulo\",\"url\":\"https:\/\/mekulo.com\/no\/\",\"logo\":{\"@type\":\"ImageObject\",\"inLanguage\":\"nb-NO\",\"@id\":\"https:\/\/mekulo.com\/no\/#\/schema\/logo\/image\/\",\"url\":\"https:\/\/mekulo.com\/no\/wp-content\/uploads\/sites\/10\/2025\/12\/favicon_mekulo.png\",\"contentUrl\":\"https:\/\/mekulo.com\/no\/wp-content\/uploads\/sites\/10\/2025\/12\/favicon_mekulo.png\",\"width\":50,\"height\":50,\"caption\":\"Mekulo\"},\"image\":{\"@id\":\"https:\/\/mekulo.com\/no\/#\/schema\/logo\/image\/\"}}]}<\/script>\n<!-- \/ Yoast SEO plugin. -->","yoast_head_json":{"title":"Hengende organisering av h\u00e5ndvesker - Mekulo NO","robots":{"index":"index","follow":"follow","max-snippet":"max-snippet:-1","max-image-preview":"max-image-preview:large","max-video-preview":"max-video-preview:-1"},"canonical":"https:\/\/mekulo.com\/no\/produkt\/hengende-organisering-av-handvesker\/","og_locale":"nb_NO","og_type":"article","og_title":"Hengende organisering av h\u00e5ndvesker - Mekulo NO","og_description":"Denne hengende veskeoppbevaringen lagrer flere vesker samtidig og sparer gulv- og skapplass. Den veggmonterte, sammenleggbare designen holder tilbeh\u00f8ret ditt organisert, beskyttet og lett tilgjengelig - perfekt for sm\u00e5 rom eller overfylte skap.","og_url":"https:\/\/mekulo.com\/no\/produkt\/hengende-organisering-av-handvesker\/","og_site_name":"Mekulo NO","article_modified_time":"2026-01-09T15:14:59+00:00","og_image":[{"width":800,"height":800,"url":"https:\/\/mekulo.com\/no\/wp-content\/uploads\/sites\/10\/2026\/01\/zqsfr3y-1.webp","type":"image\/webp"}],"twitter_card":"summary_large_image","twitter_misc":{"Ansl. lesetid":"2 minutter"},"schema":{"@context":"https:\/\/schema.org","@graph":[{"@type":"WebPage","@id":"https:\/\/mekulo.com\/no\/produkt\/hengende-organisering-av-handvesker\/","url":"https:\/\/mekulo.com\/no\/produkt\/hengende-organisering-av-handvesker\/","name":"Hengende organisering av h\u00e5ndvesker - Mekulo NO","isPartOf":{"@id":"https:\/\/mekulo.com\/no\/#website"},"primaryImageOfPage":{"@id":"https:\/\/mekulo.com\/no\/produkt\/hengende-organisering-av-handvesker\/#primaryimage"},"image":{"@id":"https:\/\/mekulo.com\/no\/produkt\/hengende-organisering-av-handvesker\/#primaryimage"},"thumbnailUrl":"https:\/\/mekulo.com\/no\/wp-content\/uploads\/sites\/10\/2026\/01\/zqsfr3y-1.webp","datePublished":"2026-01-09T10:55:32+00:00","dateModified":"2026-01-09T15:14:59+00:00","breadcrumb":{"@id":"https:\/\/mekulo.com\/no\/produkt\/hengende-organisering-av-handvesker\/#breadcrumb"},"inLanguage":"nb-NO","potentialAction":[{"@type":"ReadAction","target":["https:\/\/mekulo.com\/no\/produkt\/hengende-organisering-av-handvesker\/"]}]},{"@type":"ImageObject","inLanguage":"nb-NO","@id":"https:\/\/mekulo.com\/no\/produkt\/hengende-organisering-av-handvesker\/#primaryimage","url":"https:\/\/mekulo.com\/no\/wp-content\/uploads\/sites\/10\/2026\/01\/zqsfr3y-1.webp","contentUrl":"https:\/\/mekulo.com\/no\/wp-content\/uploads\/sites\/10\/2026\/01\/zqsfr3y-1.webp","width":800,"height":800},{"@type":"BreadcrumbList","@id":"https:\/\/mekulo.com\/no\/produkt\/hengende-organisering-av-handvesker\/#breadcrumb","itemListElement":[{"@type":"ListItem","position":1,"name":"Home","item":"https:\/\/mekulo.com\/no\/"},{"@type":"ListItem","position":2,"name":"Butikk","item":"https:\/\/mekulo.com\/no\/butikk\/"},{"@type":"ListItem","position":3,"name":"Hengende organisering av h\u00e5ndvesker"}]},{"@type":"WebSite","@id":"https:\/\/mekulo.com\/no\/#website","url":"https:\/\/mekulo.com\/no\/","name":"Mekulo NO","description":"","publisher":{"@id":"https:\/\/mekulo.com\/no\/#organization"},"potentialAction":[{"@type":"SearchAction","target":{"@type":"EntryPoint","urlTemplate":"https:\/\/mekulo.com\/no\/?s={search_term_string}"},"query-input":{"@type":"PropertyValueSpecification","valueRequired":true,"valueName":"search_term_string"}}],"inLanguage":"nb-NO"},{"@type":"Organization","@id":"https:\/\/mekulo.com\/no\/#organization","name":"Mekulo","url":"https:\/\/mekulo.com\/no\/","logo":{"@type":"ImageObject","inLanguage":"nb-NO","@id":"https:\/\/mekulo.com\/no\/#\/schema\/logo\/image\/","url":"https:\/\/mekulo.com\/no\/wp-content\/uploads\/sites\/10\/2025\/12\/favicon_mekulo.png","contentUrl":"https:\/\/mekulo.com\/no\/wp-content\/uploads\/sites\/10\/2025\/12\/favicon_mekulo.png","width":50,"height":50,"caption":"Mekulo"},"image":{"@id":"https:\/\/mekulo.com\/no\/#\/schema\/logo\/image\/"}}]}},"_links":{"self":[{"href":"https:\/\/mekulo.com\/no\/wp-json\/wp\/v2\/product\/16669","targetHints":{"allow":["GET"]}}],"collection":[{"href":"https:\/\/mekulo.com\/no\/wp-json\/wp\/v2\/product"}],"about":[{"href":"https:\/\/mekulo.com\/no\/wp-json\/wp\/v2\/types\/product"}],"replies":[{"embeddable":true,"href":"https:\/\/mekulo.com\/no\/wp-json\/wp\/v2\/comments?post=16669"}],"wp:featuredmedia":[{"embeddable":true,"href":"https:\/\/mekulo.com\/no\/wp-json\/wp\/v2\/media\/16665"}],"wp:attachment":[{"href":"https:\/\/mekulo.com\/no\/wp-json\/wp\/v2\/media?parent=16669"}],"wp:term":[{"taxonomy":"product_brand","embeddable":true,"href":"https:\/\/mekulo.com\/no\/wp-json\/wp\/v2\/product_brand?post=16669"},{"taxonomy":"product_cat","embeddable":true,"href":"https:\/\/mekulo.com\/no\/wp-json\/wp\/v2\/product_cat?post=16669"},{"taxonomy":"product_tag","embeddable":true,"href":"https:\/\/mekulo.com\/no\/wp-json\/wp\/v2\/product_tag?post=16669"}],"curies":[{"name":"wp","href":"https:\/\/api.w.org\/{rel}","templated":true}]}}