{"id":16640,"date":"2026-01-09T12:53:56","date_gmt":"2026-01-09T10:53:56","guid":{"rendered":"https:\/\/mekulo.com\/no\/produkt\/krydderorganisator-i-flere-lag\/"},"modified":"2026-01-09T17:13:23","modified_gmt":"2026-01-09T15:13:23","slug":"krydderorganisator-i-flere-lag","status":"publish","type":"product","link":"https:\/\/mekulo.com\/no\/produkt\/krydderorganisator-i-flere-lag\/","title":{"rendered":"Krydderorganisator i flere lag"},"content":{"rendered":"<p style=\"text-align: center;\" data-start=\"0\" data-end=\"82\"><strong data-start=\"0\" data-end=\"82\">Hold alle krydderne dine ferske, organiserte og lett tilgjengelige p\u00e5 ett kompakt sted. \ud83e\udeda<\/strong><\/p>\n<p data-start=\"84\" data-end=\"295\"><img fetchpriority=\"high\" decoding=\"async\" class=\"size-full wp-image-48215 aligncenter\" src=\"https:\/\/keluvo.com\/template\/wp-content\/uploads\/sites\/5\/2026\/01\/122110-ezgif.com-video-to-webp-converter.webp\" alt=\"\" width=\"500\" height=\"500\" \/><\/p>\n<h2 style=\"text-align: center;\" data-start=\"302\" data-end=\"322\"><strong>Hovedfordeler<\/strong><\/h2>\n<p data-start=\"326\" data-end=\"397\">\ud83e\uddc2 Oppbevaring i flere lag &#8211; Organiserer mange krydder i \u00e9n kompakt boks.<\/p>\n<p data-start=\"400\" data-end=\"462\">\ud83d\udd12 Lufttett forsegling &#8211; Holder krydderet friskt og t\u00f8rt lenger.<\/p>\n<p data-start=\"465\" data-end=\"526\">\ud83e\uddfc Lett \u00e5 rengj\u00f8re &#8211; Glatte overflater og avtakbare lag.<\/p>\n<p data-start=\"529\" data-end=\"594\">\ud83c\udf7d\ufe0f Matvaregodkjent materiale &#8211; Sikker og slitesterk ABS-konstruksjon.<\/p>\n<p data-start=\"597\" data-end=\"667\">\u2728 Moderne design &#8211; Tilf\u00f8rer kj\u00f8kkenet et rent og elegant preg.<\/p>\n<p data-start=\"597\" data-end=\"667\"><img decoding=\"async\" class=\"size-full wp-image-48216 aligncenter\" src=\"https:\/\/keluvo.com\/template\/wp-content\/uploads\/sites\/5\/2026\/01\/12219-ezgif.com-video-to-webp-converter.webp\" alt=\"\" width=\"500\" height=\"500\" \/><\/p>\n<h2 style=\"text-align: center;\" data-start=\"674\" data-end=\"692\"><strong>Slik Bruker Du Den<\/strong><\/h2>\n<ol data-start=\"694\" data-end=\"969\">\n<li data-start=\"694\" data-end=\"752\">\n<p data-start=\"697\" data-end=\"752\">\u00c5pne organisatoren og skill lagene fra hverandre ved behov.<\/p>\n<\/li>\n<li data-start=\"753\" data-end=\"815\">\n<p data-start=\"756\" data-end=\"815\">Fyll hvert lag med krydder, urter eller sm\u00e5 ingredienser.<\/p>\n<\/li>\n<li data-start=\"816\" data-end=\"863\">\n<p data-start=\"819\" data-end=\"863\">Lukk lokket godt for \u00e5 forsegle ferskheten.<\/p>\n<\/li>\n<li data-start=\"864\" data-end=\"911\">\n<p data-start=\"867\" data-end=\"911\">Plasser p\u00e5 en benkeplate eller inne i et skap.<\/p>\n<\/li>\n<li data-start=\"912\" data-end=\"969\">\n<p data-start=\"915\" data-end=\"969\">\u00c5pne de enkelte lagene mens du lager mat for rask tilgang.<\/p>\n<\/li>\n<\/ol>\n<h2 style=\"text-align: center;\" data-start=\"976\" data-end=\"998\"><strong>Produktdetaljer<\/strong><\/h2>\n<ul data-start=\"1000\" data-end=\"1219\">\n<li data-start=\"1046\" data-end=\"1074\">\n<p data-start=\"1048\" data-end=\"1074\">Materiale: ABS av matkvalitet<\/p>\n<\/li>\n<li data-start=\"1092\" data-end=\"1131\">\n<p data-start=\"1094\" data-end=\"1131\">Design: Flerlags, forseglet oppbevaring<\/p>\n<\/li>\n<li data-start=\"1160\" data-end=\"1219\">\n<p data-start=\"1162\" data-end=\"1219\">Bruk: Krydder, urter, hvitl\u00f8k, ingef\u00e6r, sm\u00e5 kj\u00f8kkenartikler<\/p>\n<\/li>\n<li data-start=\"1160\" data-end=\"1219\">Stil: 1 lag (15 x 6,8 cm), 2 lag (15 x 12,5 cm), 3 lag (15 x 18 cm), 4 lag (15 x 24 cm), 5 lag (15 x 29,5 cm)<\/li>\n<\/ul>\n<h2 style=\"text-align: center;\" data-start=\"1226\" data-end=\"1249\"><strong>Pakken inneholder<\/strong><\/h2>\n<ul data-start=\"1251\" data-end=\"1284\" data-is-last-node=\"\" data-is-only-node=\"\">\n<li data-start=\"1251\" data-end=\"1284\" data-is-last-node=\"\">\n<p data-start=\"1253\" data-end=\"1284\" data-is-last-node=\"\">1x flerlags krydderoppbevaring (1 lag, 2 lag, 3 lag, 4 lag, 5 lag.).<\/p>\n<\/li>\n<\/ul>\n","protected":false},"excerpt":{"rendered":"<p>Denne krydderoppbevaringen i flere lag hjelper deg med \u00e5 oppbevare og beskytte krydder, urter og andre sm\u00e5ting p\u00e5 kj\u00f8kkenet, samtidig som du sparer plass. Den forseglede designen holder innholdet friskt, og det moderne utseendet passer perfekt inn i ethvert kj\u00f8kken.<\/p>\n","protected":false},"featured_media":16636,"comment_status":"open","ping_status":"closed","template":"","meta":{"site-sidebar-layout":"default","site-content-layout":"","ast-site-content-layout":"default","site-content-style":"default","site-sidebar-style":"default","ast-global-header-display":"","ast-banner-title-visibility":"","ast-main-header-display":"","ast-hfb-above-header-display":"","ast-hfb-below-header-display":"","ast-hfb-mobile-header-display":"","site-post-title":"","ast-breadcrumbs-content":"","ast-featured-img":"","footer-sml-layout":"","ast-disable-related-posts":"","theme-transparent-header-meta":"default","adv-header-id-meta":"","stick-header-meta":"","header-above-stick-meta":"","header-main-stick-meta":"","header-below-stick-meta":"","astra-migrate-meta-layouts":"set","ast-page-background-enabled":"default","ast-page-background-meta":{"desktop":{"background-color":"var(--ast-global-color-5)","background-image":"","background-repeat":"repeat","background-position":"center center","background-size":"auto","background-attachment":"scroll","background-type":"","background-media":"","overlay-type":"","overlay-color":"","overlay-opacity":"","overlay-gradient":""},"tablet":{"background-color":"","background-image":"","background-repeat":"repeat","background-position":"center center","background-size":"auto","background-attachment":"scroll","background-type":"","background-media":"","overlay-type":"","overlay-color":"","overlay-opacity":"","overlay-gradient":""},"mobile":{"background-color":"","background-image":"","background-repeat":"repeat","background-position":"center center","background-size":"auto","background-attachment":"scroll","background-type":"","background-media":"","overlay-type":"","overlay-color":"","overlay-opacity":"","overlay-gradient":""}},"ast-content-background-meta":{"desktop":{"background-color":"var(--ast-global-color-4)","background-image":"","background-repeat":"repeat","background-position":"center center","background-size":"auto","background-attachment":"scroll","background-type":"","background-media":"","overlay-type":"","overlay-color":"","overlay-opacity":"","overlay-gradient":""},"tablet":{"background-color":"var(--ast-global-color-4)","background-image":"","background-repeat":"repeat","background-position":"center center","background-size":"auto","background-attachment":"scroll","background-type":"","background-media":"","overlay-type":"","overlay-color":"","overlay-opacity":"","overlay-gradient":""},"mobile":{"background-color":"var(--ast-global-color-4)","background-image":"","background-repeat":"repeat","background-position":"center center","background-size":"auto","background-attachment":"scroll","background-type":"","background-media":"","overlay-type":"","overlay-color":"","overlay-opacity":"","overlay-gradient":""}}},"product_brand":[],"product_cat":[168],"product_tag":[],"class_list":{"0":"post-16640","1":"product","2":"type-product","3":"status-publish","4":"has-post-thumbnail","6":"product_cat-husholdningsartikler","7":"pa_66345_swchtc10-hvit","8":"pa_66345_swchtc10-rod","9":"pa_66345_za537ral-1-lag","10":"pa_66345_za537ral-2-lag","11":"pa_66345_za537ral-3-lag","12":"pa_66345_za537ral-4-lag","13":"pa_66345_za537ral-5-lag","14":"desktop-align-left","15":"tablet-align-left","16":"mobile-align-left","18":"first","19":"instock","20":"shipping-taxable","21":"purchasable","22":"product-type-variable","23":"has-default-attributes"},"yoast_head":"<!-- This site is optimized with the Yoast SEO plugin v27.4 - https:\/\/yoast.com\/product\/yoast-seo-wordpress\/ -->\n<title>Krydderorganisator i flere lag - Mekulo NO<\/title>\n<meta name=\"robots\" content=\"index, follow, max-snippet:-1, max-image-preview:large, max-video-preview:-1\" \/>\n<link rel=\"canonical\" href=\"https:\/\/mekulo.com\/no\/produkt\/krydderorganisator-i-flere-lag\/\" \/>\n<meta property=\"og:locale\" content=\"nb_NO\" \/>\n<meta property=\"og:type\" content=\"article\" \/>\n<meta property=\"og:title\" content=\"Krydderorganisator i flere lag - Mekulo NO\" \/>\n<meta property=\"og:description\" content=\"Denne krydderoppbevaringen i flere lag hjelper deg med \u00e5 oppbevare og beskytte krydder, urter og andre sm\u00e5ting p\u00e5 kj\u00f8kkenet, samtidig som du sparer plass. Den forseglede designen holder innholdet friskt, og det moderne utseendet passer perfekt inn i ethvert kj\u00f8kken.\" \/>\n<meta property=\"og:url\" content=\"https:\/\/mekulo.com\/no\/produkt\/krydderorganisator-i-flere-lag\/\" \/>\n<meta property=\"og:site_name\" content=\"Mekulo NO\" \/>\n<meta property=\"article:modified_time\" content=\"2026-01-09T15:13:23+00:00\" \/>\n<meta property=\"og:image\" content=\"https:\/\/mekulo.com\/no\/wp-content\/uploads\/sites\/10\/2026\/01\/gpr9hhc-1.webp\" \/>\n\t<meta property=\"og:image:width\" content=\"800\" \/>\n\t<meta property=\"og:image:height\" content=\"800\" \/>\n\t<meta property=\"og:image:type\" content=\"image\/webp\" \/>\n<meta name=\"twitter:card\" content=\"summary_large_image\" \/>\n<meta name=\"twitter:label1\" content=\"Ansl. lesetid\" \/>\n\t<meta name=\"twitter:data1\" content=\"2 minutter\" \/>\n<script type=\"application\/ld+json\" class=\"yoast-schema-graph\">{\"@context\":\"https:\\\/\\\/schema.org\",\"@graph\":[{\"@type\":\"WebPage\",\"@id\":\"https:\\\/\\\/mekulo.com\\\/no\\\/produkt\\\/krydderorganisator-i-flere-lag\\\/\",\"url\":\"https:\\\/\\\/mekulo.com\\\/no\\\/produkt\\\/krydderorganisator-i-flere-lag\\\/\",\"name\":\"Krydderorganisator i flere lag - Mekulo NO\",\"isPartOf\":{\"@id\":\"https:\\\/\\\/mekulo.com\\\/no\\\/#website\"},\"primaryImageOfPage\":{\"@id\":\"https:\\\/\\\/mekulo.com\\\/no\\\/produkt\\\/krydderorganisator-i-flere-lag\\\/#primaryimage\"},\"image\":{\"@id\":\"https:\\\/\\\/mekulo.com\\\/no\\\/produkt\\\/krydderorganisator-i-flere-lag\\\/#primaryimage\"},\"thumbnailUrl\":\"https:\\\/\\\/mekulo.com\\\/no\\\/wp-content\\\/uploads\\\/sites\\\/10\\\/2026\\\/01\\\/gpr9hhc-1.webp\",\"datePublished\":\"2026-01-09T10:53:56+00:00\",\"dateModified\":\"2026-01-09T15:13:23+00:00\",\"breadcrumb\":{\"@id\":\"https:\\\/\\\/mekulo.com\\\/no\\\/produkt\\\/krydderorganisator-i-flere-lag\\\/#breadcrumb\"},\"inLanguage\":\"nb-NO\",\"potentialAction\":[{\"@type\":\"ReadAction\",\"target\":[\"https:\\\/\\\/mekulo.com\\\/no\\\/produkt\\\/krydderorganisator-i-flere-lag\\\/\"]}]},{\"@type\":\"ImageObject\",\"inLanguage\":\"nb-NO\",\"@id\":\"https:\\\/\\\/mekulo.com\\\/no\\\/produkt\\\/krydderorganisator-i-flere-lag\\\/#primaryimage\",\"url\":\"https:\\\/\\\/mekulo.com\\\/no\\\/wp-content\\\/uploads\\\/sites\\\/10\\\/2026\\\/01\\\/gpr9hhc-1.webp\",\"contentUrl\":\"https:\\\/\\\/mekulo.com\\\/no\\\/wp-content\\\/uploads\\\/sites\\\/10\\\/2026\\\/01\\\/gpr9hhc-1.webp\",\"width\":800,\"height\":800},{\"@type\":\"BreadcrumbList\",\"@id\":\"https:\\\/\\\/mekulo.com\\\/no\\\/produkt\\\/krydderorganisator-i-flere-lag\\\/#breadcrumb\",\"itemListElement\":[{\"@type\":\"ListItem\",\"position\":1,\"name\":\"Home\",\"item\":\"https:\\\/\\\/mekulo.com\\\/no\\\/\"},{\"@type\":\"ListItem\",\"position\":2,\"name\":\"Butikk\",\"item\":\"https:\\\/\\\/mekulo.com\\\/no\\\/butikk\\\/\"},{\"@type\":\"ListItem\",\"position\":3,\"name\":\"Krydderorganisator i flere lag\"}]},{\"@type\":\"WebSite\",\"@id\":\"https:\\\/\\\/mekulo.com\\\/no\\\/#website\",\"url\":\"https:\\\/\\\/mekulo.com\\\/no\\\/\",\"name\":\"Mekulo NO\",\"description\":\"\",\"publisher\":{\"@id\":\"https:\\\/\\\/mekulo.com\\\/no\\\/#organization\"},\"potentialAction\":[{\"@type\":\"SearchAction\",\"target\":{\"@type\":\"EntryPoint\",\"urlTemplate\":\"https:\\\/\\\/mekulo.com\\\/no\\\/?s={search_term_string}\"},\"query-input\":{\"@type\":\"PropertyValueSpecification\",\"valueRequired\":true,\"valueName\":\"search_term_string\"}}],\"inLanguage\":\"nb-NO\"},{\"@type\":\"Organization\",\"@id\":\"https:\\\/\\\/mekulo.com\\\/no\\\/#organization\",\"name\":\"Mekulo\",\"url\":\"https:\\\/\\\/mekulo.com\\\/no\\\/\",\"logo\":{\"@type\":\"ImageObject\",\"inLanguage\":\"nb-NO\",\"@id\":\"https:\\\/\\\/mekulo.com\\\/no\\\/#\\\/schema\\\/logo\\\/image\\\/\",\"url\":\"https:\\\/\\\/mekulo.com\\\/no\\\/wp-content\\\/uploads\\\/sites\\\/10\\\/2025\\\/12\\\/favicon_mekulo.png\",\"contentUrl\":\"https:\\\/\\\/mekulo.com\\\/no\\\/wp-content\\\/uploads\\\/sites\\\/10\\\/2025\\\/12\\\/favicon_mekulo.png\",\"width\":50,\"height\":50,\"caption\":\"Mekulo\"},\"image\":{\"@id\":\"https:\\\/\\\/mekulo.com\\\/no\\\/#\\\/schema\\\/logo\\\/image\\\/\"}}]}<\/script>\n<!-- \/ Yoast SEO plugin. -->","yoast_head_json":{"title":"Krydderorganisator i flere lag - Mekulo NO","robots":{"index":"index","follow":"follow","max-snippet":"max-snippet:-1","max-image-preview":"max-image-preview:large","max-video-preview":"max-video-preview:-1"},"canonical":"https:\/\/mekulo.com\/no\/produkt\/krydderorganisator-i-flere-lag\/","og_locale":"nb_NO","og_type":"article","og_title":"Krydderorganisator i flere lag - Mekulo NO","og_description":"Denne krydderoppbevaringen i flere lag hjelper deg med \u00e5 oppbevare og beskytte krydder, urter og andre sm\u00e5ting p\u00e5 kj\u00f8kkenet, samtidig som du sparer plass. Den forseglede designen holder innholdet friskt, og det moderne utseendet passer perfekt inn i ethvert kj\u00f8kken.","og_url":"https:\/\/mekulo.com\/no\/produkt\/krydderorganisator-i-flere-lag\/","og_site_name":"Mekulo NO","article_modified_time":"2026-01-09T15:13:23+00:00","og_image":[{"width":800,"height":800,"url":"https:\/\/mekulo.com\/no\/wp-content\/uploads\/sites\/10\/2026\/01\/gpr9hhc-1.webp","type":"image\/webp"}],"twitter_card":"summary_large_image","twitter_misc":{"Ansl. lesetid":"2 minutter"},"schema":{"@context":"https:\/\/schema.org","@graph":[{"@type":"WebPage","@id":"https:\/\/mekulo.com\/no\/produkt\/krydderorganisator-i-flere-lag\/","url":"https:\/\/mekulo.com\/no\/produkt\/krydderorganisator-i-flere-lag\/","name":"Krydderorganisator i flere lag - Mekulo NO","isPartOf":{"@id":"https:\/\/mekulo.com\/no\/#website"},"primaryImageOfPage":{"@id":"https:\/\/mekulo.com\/no\/produkt\/krydderorganisator-i-flere-lag\/#primaryimage"},"image":{"@id":"https:\/\/mekulo.com\/no\/produkt\/krydderorganisator-i-flere-lag\/#primaryimage"},"thumbnailUrl":"https:\/\/mekulo.com\/no\/wp-content\/uploads\/sites\/10\/2026\/01\/gpr9hhc-1.webp","datePublished":"2026-01-09T10:53:56+00:00","dateModified":"2026-01-09T15:13:23+00:00","breadcrumb":{"@id":"https:\/\/mekulo.com\/no\/produkt\/krydderorganisator-i-flere-lag\/#breadcrumb"},"inLanguage":"nb-NO","potentialAction":[{"@type":"ReadAction","target":["https:\/\/mekulo.com\/no\/produkt\/krydderorganisator-i-flere-lag\/"]}]},{"@type":"ImageObject","inLanguage":"nb-NO","@id":"https:\/\/mekulo.com\/no\/produkt\/krydderorganisator-i-flere-lag\/#primaryimage","url":"https:\/\/mekulo.com\/no\/wp-content\/uploads\/sites\/10\/2026\/01\/gpr9hhc-1.webp","contentUrl":"https:\/\/mekulo.com\/no\/wp-content\/uploads\/sites\/10\/2026\/01\/gpr9hhc-1.webp","width":800,"height":800},{"@type":"BreadcrumbList","@id":"https:\/\/mekulo.com\/no\/produkt\/krydderorganisator-i-flere-lag\/#breadcrumb","itemListElement":[{"@type":"ListItem","position":1,"name":"Home","item":"https:\/\/mekulo.com\/no\/"},{"@type":"ListItem","position":2,"name":"Butikk","item":"https:\/\/mekulo.com\/no\/butikk\/"},{"@type":"ListItem","position":3,"name":"Krydderorganisator i flere lag"}]},{"@type":"WebSite","@id":"https:\/\/mekulo.com\/no\/#website","url":"https:\/\/mekulo.com\/no\/","name":"Mekulo NO","description":"","publisher":{"@id":"https:\/\/mekulo.com\/no\/#organization"},"potentialAction":[{"@type":"SearchAction","target":{"@type":"EntryPoint","urlTemplate":"https:\/\/mekulo.com\/no\/?s={search_term_string}"},"query-input":{"@type":"PropertyValueSpecification","valueRequired":true,"valueName":"search_term_string"}}],"inLanguage":"nb-NO"},{"@type":"Organization","@id":"https:\/\/mekulo.com\/no\/#organization","name":"Mekulo","url":"https:\/\/mekulo.com\/no\/","logo":{"@type":"ImageObject","inLanguage":"nb-NO","@id":"https:\/\/mekulo.com\/no\/#\/schema\/logo\/image\/","url":"https:\/\/mekulo.com\/no\/wp-content\/uploads\/sites\/10\/2025\/12\/favicon_mekulo.png","contentUrl":"https:\/\/mekulo.com\/no\/wp-content\/uploads\/sites\/10\/2025\/12\/favicon_mekulo.png","width":50,"height":50,"caption":"Mekulo"},"image":{"@id":"https:\/\/mekulo.com\/no\/#\/schema\/logo\/image\/"}}]}},"_links":{"self":[{"href":"https:\/\/mekulo.com\/no\/wp-json\/wp\/v2\/product\/16640","targetHints":{"allow":["GET"]}}],"collection":[{"href":"https:\/\/mekulo.com\/no\/wp-json\/wp\/v2\/product"}],"about":[{"href":"https:\/\/mekulo.com\/no\/wp-json\/wp\/v2\/types\/product"}],"replies":[{"embeddable":true,"href":"https:\/\/mekulo.com\/no\/wp-json\/wp\/v2\/comments?post=16640"}],"wp:featuredmedia":[{"embeddable":true,"href":"https:\/\/mekulo.com\/no\/wp-json\/wp\/v2\/media\/16636"}],"wp:attachment":[{"href":"https:\/\/mekulo.com\/no\/wp-json\/wp\/v2\/media?parent=16640"}],"wp:term":[{"taxonomy":"product_brand","embeddable":true,"href":"https:\/\/mekulo.com\/no\/wp-json\/wp\/v2\/product_brand?post=16640"},{"taxonomy":"product_cat","embeddable":true,"href":"https:\/\/mekulo.com\/no\/wp-json\/wp\/v2\/product_cat?post=16640"},{"taxonomy":"product_tag","embeddable":true,"href":"https:\/\/mekulo.com\/no\/wp-json\/wp\/v2\/product_tag?post=16640"}],"curies":[{"name":"wp","href":"https:\/\/api.w.org\/{rel}","templated":true}]}}