{"id":16603,"date":"2026-01-09T12:51:49","date_gmt":"2026-01-09T10:51:49","guid":{"rendered":"https:\/\/mekulo.com\/no\/produkt\/stillingskorrigerende-bh\/"},"modified":"2026-01-22T17:47:17","modified_gmt":"2026-01-22T15:47:17","slug":"stillingskorrigerende-bh","status":"publish","type":"product","link":"https:\/\/mekulo.com\/no\/produkt\/stillingskorrigerende-bh\/","title":{"rendered":"Stillingskorrigerende bh"},"content":{"rendered":"<p style=\"text-align: center;\" data-start=\"0\" data-end=\"65\"><strong data-start=\"0\" data-end=\"65\">F\u00f8ler Deg St\u00f8ttet, L\u00f8ftet Og Rettere Hele Dagen &#8211; Uten Ledninger. \ud83d\udc67<\/strong><img fetchpriority=\"high\" decoding=\"async\" class=\" wp-image-48155 aligncenter\" src=\"https:\/\/keluvo.com\/template\/wp-content\/uploads\/sites\/5\/2026\/01\/08af0965797dfcb0b40a0e79847dd332f508f243.webp\" alt=\"\" width=\"500\" height=\"500\" \/><\/p>\n<h2 style=\"text-align: center;\" data-start=\"325\" data-end=\"345\">\ud83c\udf1f Hovedfordeler<\/h2>\n<p data-start=\"349\" data-end=\"427\">\ud83e\uddcd\u200d\u2640\ufe0f Forbedrer holdningen &#8211; Innebygde ryggpaneler trekker skuldrene forsiktig bakover.<\/p>\n<p data-start=\"430\" data-end=\"494\">\ud83c\udfaf Tr\u00e5dl\u00f8st l\u00f8ft &#8211; Naturlig forming uten smerter fra b\u00f8yler.<\/p>\n<p data-start=\"497\" data-end=\"555\">\ud83d\udd17 Spennedesign foran &#8211; Enkel \u00e5 ta av og p\u00e5.<\/p>\n<p data-start=\"558\" data-end=\"618\">\ud83c\udf2c\ufe0f Pustende stoff &#8211; Holder deg kj\u00f8lig og t\u00f8rr hele dagen.<\/p>\n<p data-start=\"621\" data-end=\"674\">\ud83d\udc57 S\u00f8ml\u00f8s under kl\u00e6r &#8211; Ingen linjer, ingen buler.<\/p>\n<p data-start=\"677\" data-end=\"739\">\ud83d\ude0c Komfort hele dagen &#8211; Myk, elastisk og ikke begrensende.<\/p>\n<p data-start=\"677\" data-end=\"739\"><img decoding=\"async\" class=\"size-full wp-image-48156 aligncenter\" src=\"https:\/\/keluvo.com\/template\/wp-content\/uploads\/sites\/5\/2026\/01\/12214-ezgif.com-video-to-webp-converter.webp\" alt=\"\" width=\"500\" height=\"500\" \/><\/p>\n<h2 style=\"text-align: center;\" data-start=\"746\" data-end=\"763\">\ud83d\udc5a Slik Bruker Du Den<\/h2>\n<ol data-start=\"765\" data-end=\"974\">\n<li data-start=\"765\" data-end=\"813\">\n<p data-start=\"768\" data-end=\"813\">Slipp armene inn i stroppene som en vest.<\/p>\n<\/li>\n<li data-start=\"814\" data-end=\"855\">\n<p data-start=\"817\" data-end=\"855\">Fest den fremre spennen komfortabelt.<\/p>\n<\/li>\n<li data-start=\"856\" data-end=\"917\">\n<p data-start=\"859\" data-end=\"917\">Juster BH-en slik at den sitter jevnt p\u00e5 ryggen og brystet.<\/p>\n<\/li>\n<li data-start=\"918\" data-end=\"974\">\n<p data-start=\"921\" data-end=\"974\">Nyt bedre holdning og behagelig st\u00f8tte hele dagen.<\/p>\n<\/li>\n<\/ol>\n<h2 style=\"text-align: center;\" data-start=\"981\" data-end=\"1003\">\ud83d\udccf Produktdetaljer<\/h2>\n<ul data-start=\"1005\" data-end=\"1401\">\n<li data-start=\"1055\" data-end=\"1084\">\n<p data-start=\"1057\" data-end=\"1084\">Materiale: Spandex + Nylon<\/p>\n<\/li>\n<li data-start=\"1085\" data-end=\"1107\">\n<p data-start=\"1087\" data-end=\"1107\">Cup st\u00f8rrelser: M \u2013 5XL<\/p>\n<\/li>\n<li data-start=\"1108\" data-end=\"1266\">\n<p data-start=\"1110\" data-end=\"1123\">B\u00e5ndst\u00f8rrelser: <span style=\"font-size: 16px;\">M: 32\/70 ABC, <\/span><span style=\"font-size: 16px;\">L: 34\/75 ABC, <\/span><span style=\"font-size: 16px;\">XL: 36\/80 ABC, <\/span><span style=\"font-size: 16px;\">2XL: 38\/85 ABC, <\/span><span style=\"font-size: 16px;\">3XL: 40\/90 ABC, <\/span><span style=\"font-size: 16px;\">4XL: 42\/95 ABC, <\/span><span style=\"font-size: 16px;\">5XL: 44\/100 ABC<\/span><\/p>\n<\/li>\n<li data-start=\"1267\" data-end=\"1325\">\n<p data-start=\"1269\" data-end=\"1325\">Clukning: Spenne foran med tre krok- og \u00f8yelukkinger<\/p>\n<\/li>\n<li data-start=\"1351\" data-end=\"1401\">\n<p data-start=\"1353\" data-end=\"1401\">Design: Tr\u00e5dl\u00f8s, s\u00f8ml\u00f8s, holdningsst\u00f8ttende<\/p>\n<\/li>\n<\/ul>\n<h2 style=\"text-align: center;\" data-start=\"1408\" data-end=\"1431\">\ud83d\udce6 Pakken inneholder<\/h2>\n<ul data-start=\"1433\" data-end=\"1470\" data-is-last-node=\"\" data-is-only-node=\"\">\n<li data-start=\"1433\" data-end=\"1470\" data-is-last-node=\"\">\n<p data-start=\"1435\" data-end=\"1470\" data-is-last-node=\"\">1x holdningskorrigerende BH.<\/p>\n<\/li>\n<\/ul>\n","protected":false},"excerpt":{"rendered":"<p style=\"text-align: left;\" data-start=\"67\" data-end=\"318\">Denne holdningskorrigerende BH-en st\u00f8tter ryggen samtidig som den l\u00f8fter og former bysten din for et naturlig og selvsikkert utseende. Den er designet for hverdagskomfort og hjelper deg \u00e5 st\u00e5 h\u00f8yere, samtidig som den f\u00f8les lett, pustende og sikker under alle antrekk.<\/p>\n<p data-start=\"67\" data-end=\"318\">\n","protected":false},"featured_media":16599,"comment_status":"open","ping_status":"closed","template":"","meta":{"site-sidebar-layout":"default","site-content-layout":"","ast-site-content-layout":"default","site-content-style":"default","site-sidebar-style":"default","ast-global-header-display":"","ast-banner-title-visibility":"","ast-main-header-display":"","ast-hfb-above-header-display":"","ast-hfb-below-header-display":"","ast-hfb-mobile-header-display":"","site-post-title":"","ast-breadcrumbs-content":"","ast-featured-img":"","footer-sml-layout":"","theme-transparent-header-meta":"default","adv-header-id-meta":"","stick-header-meta":"","header-above-stick-meta":"","header-main-stick-meta":"","header-below-stick-meta":"","astra-migrate-meta-layouts":"set","ast-page-background-enabled":"default","ast-page-background-meta":{"desktop":{"background-color":"var(--ast-global-color-5)","background-image":"","background-repeat":"repeat","background-position":"center center","background-size":"auto","background-attachment":"scroll","background-type":"","background-media":"","overlay-type":"","overlay-color":"","overlay-opacity":"","overlay-gradient":""},"tablet":{"background-color":"","background-image":"","background-repeat":"repeat","background-position":"center center","background-size":"auto","background-attachment":"scroll","background-type":"","background-media":"","overlay-type":"","overlay-color":"","overlay-opacity":"","overlay-gradient":""},"mobile":{"background-color":"","background-image":"","background-repeat":"repeat","background-position":"center center","background-size":"auto","background-attachment":"scroll","background-type":"","background-media":"","overlay-type":"","overlay-color":"","overlay-opacity":"","overlay-gradient":""}},"ast-content-background-meta":{"desktop":{"background-color":"var(--ast-global-color-4)","background-image":"","background-repeat":"repeat","background-position":"center center","background-size":"auto","background-attachment":"scroll","background-type":"","background-media":"","overlay-type":"","overlay-color":"","overlay-opacity":"","overlay-gradient":""},"tablet":{"background-color":"var(--ast-global-color-4)","background-image":"","background-repeat":"repeat","background-position":"center center","background-size":"auto","background-attachment":"scroll","background-type":"","background-media":"","overlay-type":"","overlay-color":"","overlay-opacity":"","overlay-gradient":""},"mobile":{"background-color":"var(--ast-global-color-4)","background-image":"","background-repeat":"repeat","background-position":"center center","background-size":"auto","background-attachment":"scroll","background-type":"","background-media":"","overlay-type":"","overlay-color":"","overlay-opacity":"","overlay-gradient":""}}},"product_brand":[],"product_cat":[165],"product_tag":[],"class_list":{"0":"post-16603","1":"product","2":"type-product","3":"status-publish","4":"has-post-thumbnail","6":"product_cat-fottoy-tilbehor","7":"pa_66117_39v8q6sz-3xl","8":"pa_66117_39v8q6sz-4xl","9":"pa_66117_39v8q6sz-5xl","10":"pa_66117_39v8q6sz-l","11":"pa_66117_39v8q6sz-m","12":"pa_66117_39v8q6sz-xl","13":"pa_66117_39v8q6sz-xxl","14":"pa_66117_r5a8g4dq-beige","15":"pa_66117_r5a8g4dq-svart","16":"desktop-align-left","17":"tablet-align-left","18":"mobile-align-left","20":"first","21":"instock","22":"shipping-taxable","23":"purchasable","24":"product-type-variable","25":"has-default-attributes"},"yoast_head":"<!-- This site is optimized with the Yoast SEO plugin v26.6 - https:\/\/yoast.com\/wordpress\/plugins\/seo\/ -->\n<title>Stillingskorrigerende bh - Mekulo NO<\/title>\n<meta name=\"robots\" content=\"index, follow, max-snippet:-1, max-image-preview:large, max-video-preview:-1\" \/>\n<link rel=\"canonical\" href=\"https:\/\/mekulo.com\/no\/produkt\/stillingskorrigerende-bh\/\" \/>\n<meta property=\"og:locale\" content=\"nb_NO\" \/>\n<meta property=\"og:type\" content=\"article\" \/>\n<meta property=\"og:title\" content=\"Stillingskorrigerende bh - Mekulo NO\" \/>\n<meta property=\"og:description\" content=\"Denne holdningskorrigerende BH-en st\u00f8tter ryggen samtidig som den l\u00f8fter og former bysten din for et naturlig og selvsikkert utseende. Den er designet for hverdagskomfort og hjelper deg \u00e5 st\u00e5 h\u00f8yere, samtidig som den f\u00f8les lett, pustende og sikker under alle antrekk.\" \/>\n<meta property=\"og:url\" content=\"https:\/\/mekulo.com\/no\/produkt\/stillingskorrigerende-bh\/\" \/>\n<meta property=\"og:site_name\" content=\"Mekulo NO\" \/>\n<meta property=\"article:modified_time\" content=\"2026-01-22T15:47:17+00:00\" \/>\n<meta property=\"og:image\" content=\"https:\/\/mekulo.com\/no\/wp-content\/uploads\/sites\/10\/2026\/01\/wmimv1q-1.jpg\" \/>\n\t<meta property=\"og:image:width\" content=\"1080\" \/>\n\t<meta property=\"og:image:height\" content=\"1080\" \/>\n\t<meta property=\"og:image:type\" content=\"image\/jpeg\" \/>\n<meta name=\"twitter:card\" content=\"summary_large_image\" \/>\n<meta name=\"twitter:label1\" content=\"Ansl. lesetid\" \/>\n\t<meta name=\"twitter:data1\" content=\"2 minutter\" \/>\n<script type=\"application\/ld+json\" class=\"yoast-schema-graph\">{\"@context\":\"https:\/\/schema.org\",\"@graph\":[{\"@type\":\"WebPage\",\"@id\":\"https:\/\/mekulo.com\/no\/produkt\/stillingskorrigerende-bh\/\",\"url\":\"https:\/\/mekulo.com\/no\/produkt\/stillingskorrigerende-bh\/\",\"name\":\"Stillingskorrigerende bh - Mekulo NO\",\"isPartOf\":{\"@id\":\"https:\/\/mekulo.com\/no\/#website\"},\"primaryImageOfPage\":{\"@id\":\"https:\/\/mekulo.com\/no\/produkt\/stillingskorrigerende-bh\/#primaryimage\"},\"image\":{\"@id\":\"https:\/\/mekulo.com\/no\/produkt\/stillingskorrigerende-bh\/#primaryimage\"},\"thumbnailUrl\":\"https:\/\/mekulo.com\/no\/wp-content\/uploads\/sites\/10\/2026\/01\/wmimv1q-1.jpg\",\"datePublished\":\"2026-01-09T10:51:49+00:00\",\"dateModified\":\"2026-01-22T15:47:17+00:00\",\"breadcrumb\":{\"@id\":\"https:\/\/mekulo.com\/no\/produkt\/stillingskorrigerende-bh\/#breadcrumb\"},\"inLanguage\":\"nb-NO\",\"potentialAction\":[{\"@type\":\"ReadAction\",\"target\":[\"https:\/\/mekulo.com\/no\/produkt\/stillingskorrigerende-bh\/\"]}]},{\"@type\":\"ImageObject\",\"inLanguage\":\"nb-NO\",\"@id\":\"https:\/\/mekulo.com\/no\/produkt\/stillingskorrigerende-bh\/#primaryimage\",\"url\":\"https:\/\/mekulo.com\/no\/wp-content\/uploads\/sites\/10\/2026\/01\/wmimv1q-1.jpg\",\"contentUrl\":\"https:\/\/mekulo.com\/no\/wp-content\/uploads\/sites\/10\/2026\/01\/wmimv1q-1.jpg\",\"width\":1080,\"height\":1080},{\"@type\":\"BreadcrumbList\",\"@id\":\"https:\/\/mekulo.com\/no\/produkt\/stillingskorrigerende-bh\/#breadcrumb\",\"itemListElement\":[{\"@type\":\"ListItem\",\"position\":1,\"name\":\"Home\",\"item\":\"https:\/\/mekulo.com\/no\/\"},{\"@type\":\"ListItem\",\"position\":2,\"name\":\"Butikk\",\"item\":\"https:\/\/mekulo.com\/no\/butikk\/\"},{\"@type\":\"ListItem\",\"position\":3,\"name\":\"Stillingskorrigerende bh\"}]},{\"@type\":\"WebSite\",\"@id\":\"https:\/\/mekulo.com\/no\/#website\",\"url\":\"https:\/\/mekulo.com\/no\/\",\"name\":\"Mekulo NO\",\"description\":\"\",\"publisher\":{\"@id\":\"https:\/\/mekulo.com\/no\/#organization\"},\"potentialAction\":[{\"@type\":\"SearchAction\",\"target\":{\"@type\":\"EntryPoint\",\"urlTemplate\":\"https:\/\/mekulo.com\/no\/?s={search_term_string}\"},\"query-input\":{\"@type\":\"PropertyValueSpecification\",\"valueRequired\":true,\"valueName\":\"search_term_string\"}}],\"inLanguage\":\"nb-NO\"},{\"@type\":\"Organization\",\"@id\":\"https:\/\/mekulo.com\/no\/#organization\",\"name\":\"Mekulo\",\"url\":\"https:\/\/mekulo.com\/no\/\",\"logo\":{\"@type\":\"ImageObject\",\"inLanguage\":\"nb-NO\",\"@id\":\"https:\/\/mekulo.com\/no\/#\/schema\/logo\/image\/\",\"url\":\"https:\/\/mekulo.com\/no\/wp-content\/uploads\/sites\/10\/2025\/12\/favicon_mekulo.png\",\"contentUrl\":\"https:\/\/mekulo.com\/no\/wp-content\/uploads\/sites\/10\/2025\/12\/favicon_mekulo.png\",\"width\":50,\"height\":50,\"caption\":\"Mekulo\"},\"image\":{\"@id\":\"https:\/\/mekulo.com\/no\/#\/schema\/logo\/image\/\"}}]}<\/script>\n<!-- \/ Yoast SEO plugin. -->","yoast_head_json":{"title":"Stillingskorrigerende bh - Mekulo NO","robots":{"index":"index","follow":"follow","max-snippet":"max-snippet:-1","max-image-preview":"max-image-preview:large","max-video-preview":"max-video-preview:-1"},"canonical":"https:\/\/mekulo.com\/no\/produkt\/stillingskorrigerende-bh\/","og_locale":"nb_NO","og_type":"article","og_title":"Stillingskorrigerende bh - Mekulo NO","og_description":"Denne holdningskorrigerende BH-en st\u00f8tter ryggen samtidig som den l\u00f8fter og former bysten din for et naturlig og selvsikkert utseende. Den er designet for hverdagskomfort og hjelper deg \u00e5 st\u00e5 h\u00f8yere, samtidig som den f\u00f8les lett, pustende og sikker under alle antrekk.","og_url":"https:\/\/mekulo.com\/no\/produkt\/stillingskorrigerende-bh\/","og_site_name":"Mekulo NO","article_modified_time":"2026-01-22T15:47:17+00:00","og_image":[{"width":1080,"height":1080,"url":"https:\/\/mekulo.com\/no\/wp-content\/uploads\/sites\/10\/2026\/01\/wmimv1q-1.jpg","type":"image\/jpeg"}],"twitter_card":"summary_large_image","twitter_misc":{"Ansl. lesetid":"2 minutter"},"schema":{"@context":"https:\/\/schema.org","@graph":[{"@type":"WebPage","@id":"https:\/\/mekulo.com\/no\/produkt\/stillingskorrigerende-bh\/","url":"https:\/\/mekulo.com\/no\/produkt\/stillingskorrigerende-bh\/","name":"Stillingskorrigerende bh - Mekulo NO","isPartOf":{"@id":"https:\/\/mekulo.com\/no\/#website"},"primaryImageOfPage":{"@id":"https:\/\/mekulo.com\/no\/produkt\/stillingskorrigerende-bh\/#primaryimage"},"image":{"@id":"https:\/\/mekulo.com\/no\/produkt\/stillingskorrigerende-bh\/#primaryimage"},"thumbnailUrl":"https:\/\/mekulo.com\/no\/wp-content\/uploads\/sites\/10\/2026\/01\/wmimv1q-1.jpg","datePublished":"2026-01-09T10:51:49+00:00","dateModified":"2026-01-22T15:47:17+00:00","breadcrumb":{"@id":"https:\/\/mekulo.com\/no\/produkt\/stillingskorrigerende-bh\/#breadcrumb"},"inLanguage":"nb-NO","potentialAction":[{"@type":"ReadAction","target":["https:\/\/mekulo.com\/no\/produkt\/stillingskorrigerende-bh\/"]}]},{"@type":"ImageObject","inLanguage":"nb-NO","@id":"https:\/\/mekulo.com\/no\/produkt\/stillingskorrigerende-bh\/#primaryimage","url":"https:\/\/mekulo.com\/no\/wp-content\/uploads\/sites\/10\/2026\/01\/wmimv1q-1.jpg","contentUrl":"https:\/\/mekulo.com\/no\/wp-content\/uploads\/sites\/10\/2026\/01\/wmimv1q-1.jpg","width":1080,"height":1080},{"@type":"BreadcrumbList","@id":"https:\/\/mekulo.com\/no\/produkt\/stillingskorrigerende-bh\/#breadcrumb","itemListElement":[{"@type":"ListItem","position":1,"name":"Home","item":"https:\/\/mekulo.com\/no\/"},{"@type":"ListItem","position":2,"name":"Butikk","item":"https:\/\/mekulo.com\/no\/butikk\/"},{"@type":"ListItem","position":3,"name":"Stillingskorrigerende bh"}]},{"@type":"WebSite","@id":"https:\/\/mekulo.com\/no\/#website","url":"https:\/\/mekulo.com\/no\/","name":"Mekulo NO","description":"","publisher":{"@id":"https:\/\/mekulo.com\/no\/#organization"},"potentialAction":[{"@type":"SearchAction","target":{"@type":"EntryPoint","urlTemplate":"https:\/\/mekulo.com\/no\/?s={search_term_string}"},"query-input":{"@type":"PropertyValueSpecification","valueRequired":true,"valueName":"search_term_string"}}],"inLanguage":"nb-NO"},{"@type":"Organization","@id":"https:\/\/mekulo.com\/no\/#organization","name":"Mekulo","url":"https:\/\/mekulo.com\/no\/","logo":{"@type":"ImageObject","inLanguage":"nb-NO","@id":"https:\/\/mekulo.com\/no\/#\/schema\/logo\/image\/","url":"https:\/\/mekulo.com\/no\/wp-content\/uploads\/sites\/10\/2025\/12\/favicon_mekulo.png","contentUrl":"https:\/\/mekulo.com\/no\/wp-content\/uploads\/sites\/10\/2025\/12\/favicon_mekulo.png","width":50,"height":50,"caption":"Mekulo"},"image":{"@id":"https:\/\/mekulo.com\/no\/#\/schema\/logo\/image\/"}}]}},"_links":{"self":[{"href":"https:\/\/mekulo.com\/no\/wp-json\/wp\/v2\/product\/16603","targetHints":{"allow":["GET"]}}],"collection":[{"href":"https:\/\/mekulo.com\/no\/wp-json\/wp\/v2\/product"}],"about":[{"href":"https:\/\/mekulo.com\/no\/wp-json\/wp\/v2\/types\/product"}],"replies":[{"embeddable":true,"href":"https:\/\/mekulo.com\/no\/wp-json\/wp\/v2\/comments?post=16603"}],"wp:featuredmedia":[{"embeddable":true,"href":"https:\/\/mekulo.com\/no\/wp-json\/wp\/v2\/media\/16599"}],"wp:attachment":[{"href":"https:\/\/mekulo.com\/no\/wp-json\/wp\/v2\/media?parent=16603"}],"wp:term":[{"taxonomy":"product_brand","embeddable":true,"href":"https:\/\/mekulo.com\/no\/wp-json\/wp\/v2\/product_brand?post=16603"},{"taxonomy":"product_cat","embeddable":true,"href":"https:\/\/mekulo.com\/no\/wp-json\/wp\/v2\/product_cat?post=16603"},{"taxonomy":"product_tag","embeddable":true,"href":"https:\/\/mekulo.com\/no\/wp-json\/wp\/v2\/product_tag?post=16603"}],"curies":[{"name":"wp","href":"https:\/\/api.w.org\/{rel}","templated":true}]}}