{"id":16521,"date":"2026-01-09T12:46:40","date_gmt":"2026-01-09T10:46:40","guid":{"rendered":"https:\/\/mekulo.com\/no\/produkt\/beskyttende-knebeskyttere-mot-kulde\/"},"modified":"2026-02-11T12:46:06","modified_gmt":"2026-02-11T10:46:06","slug":"beskyttende-knebeskyttere-mot-kulde","status":"publish","type":"product","link":"https:\/\/mekulo.com\/no\/produkt\/beskyttende-knebeskyttere-mot-kulde\/","title":{"rendered":"Beskyttende knebeskyttere mot kulde"},"content":{"rendered":"<p style=\"text-align: center;\" data-start=\"0\" data-end=\"69\"><strong data-start=\"0\" data-end=\"69\">Holder kn\u00e6rne varme, beskyttet og komfortable i kaldt v\u00e6r. \u2744\ufe0f<\/strong><\/p>\n<p data-start=\"71\" data-end=\"314\"><img fetchpriority=\"high\" decoding=\"async\" class=\"size-full wp-image-48072 aligncenter\" src=\"https:\/\/keluvo.com\/template\/wp-content\/uploads\/sites\/5\/2026\/01\/12212-ezgif.com-video-to-webp-converter.webp\" alt=\"\" width=\"500\" height=\"500\" \/><\/p>\n<h2 style=\"text-align: center;\" data-start=\"321\" data-end=\"341\">Hovedfordeler<\/h2>\n<p data-start=\"345\" data-end=\"411\">\u2744\ufe0f Kulde- og vindbeskyttelse &#8211; Holder kn\u00e6rne varme i kaldt v\u00e6r.<\/p>\n<p data-start=\"414\" data-end=\"481\">\ud83c\udf2c\ufe0f Pustende materiale &#8211; Forhindrer overoppheting og ubehag.<\/p>\n<p data-start=\"484\" data-end=\"535\">\ud83d\udd12 Sklisikker passform &#8211; Holder seg p\u00e5 plass mens du beveger deg.<\/p>\n<p data-start=\"538\" data-end=\"598\">\ud83e\uddf5 H\u00f8y elastisitet &#8211; Sitter komfortabelt uten trykk.<\/p>\n<p data-start=\"601\" data-end=\"660\">\ud83d\udcaa Slitesterk og vaskbar &#8211; Bygget for langvarig daglig bruk.<\/p>\n<p data-start=\"663\" data-end=\"724\">\ud83d\udc69\u200d\ud83e\uddb1\ud83d\udc68 Unisex-design &#8211; Passer for b\u00e5de menn og kvinner.<\/p>\n<p data-start=\"663\" data-end=\"724\"><img decoding=\"async\" class=\"size-full wp-image-48071 aligncenter\" src=\"https:\/\/keluvo.com\/template\/wp-content\/uploads\/sites\/5\/2026\/01\/12213-ezgif.com-video-to-webp-converter.webp\" alt=\"\" width=\"500\" height=\"500\" \/><\/p>\n<h2 style=\"text-align: center;\" data-start=\"731\" data-end=\"748\"><strong>Slik Bruker Du Dem<\/strong><\/h2>\n<ol data-start=\"750\" data-end=\"970\">\n<li data-start=\"750\" data-end=\"790\">\n<p data-start=\"753\" data-end=\"790\">F\u00f8r kneputene over bena.<\/p>\n<\/li>\n<li data-start=\"791\" data-end=\"837\">\n<p data-start=\"794\" data-end=\"837\">Juster dem slik at de dekker kneomr\u00e5det helt.<\/p>\n<\/li>\n<li data-start=\"838\" data-end=\"886\">\n<p data-start=\"841\" data-end=\"886\">Pass p\u00e5 at de sitter godt uten \u00e5 skli.<\/p>\n<\/li>\n<li data-start=\"887\" data-end=\"930\">\n<p data-start=\"890\" data-end=\"930\">Bruk under eller over kl\u00e6r etter behov.<\/p>\n<\/li>\n<li data-start=\"931\" data-end=\"970\">\n<p data-start=\"934\" data-end=\"970\">Vask etter bruk og la dem luftt\u00f8rke.<\/p>\n<\/li>\n<\/ol>\n<h2 style=\"text-align: center;\"><strong>Produktdetaljer<\/strong><\/h2>\n<ul data-start=\"1001\" data-end=\"1473\">\n<li data-start=\"1045\" data-end=\"1074\">\n<p data-start=\"1047\" data-end=\"1074\">Materiale: Polyesterfiber<\/p>\n<\/li>\n<li data-start=\"1075\" data-end=\"1095\">\n<p data-start=\"1077\" data-end=\"1095\">Lengde: 42-45 cm<\/p>\n<\/li>\n<li data-start=\"1096\" data-end=\"1132\">\n<p data-start=\"1098\" data-end=\"1132\">Beinomkrets: Ca. 40 cm<\/p>\n<\/li>\n<li data-start=\"1133\" data-end=\"1153\">\n<p data-start=\"1135\" data-end=\"1153\">Tykkelse: Tykk<\/p>\n<\/li>\n<li data-start=\"1154\" data-end=\"1188\">\n<p data-start=\"1156\" data-end=\"1188\">Vekt: Ca. 168 g per par<\/p>\n<\/li>\n<li data-start=\"1189\" data-end=\"1223\">\n<p data-start=\"1191\" data-end=\"1223\">Sesong: V\u00e5r, h\u00f8st, vinter<\/p>\n<\/li>\n<li data-start=\"1224\" data-end=\"1242\">\n<p data-start=\"1226\" data-end=\"1242\">Kj\u00f8nn: Unisex<\/p>\n<\/li>\n<li data-start=\"1243\" data-end=\"1303\">\n<p data-start=\"1245\" data-end=\"1303\">Funksjoner: Pustende, varm, vindtett, elastisk, sklisikker<\/p>\n<\/li>\n<\/ul>\n<h2 style=\"text-align: center;\" data-start=\"1480\" data-end=\"1503\"><strong>Pakken inneholder<\/strong><\/h2>\n<ul data-start=\"1505\" data-end=\"1544\" data-is-last-node=\"\" data-is-only-node=\"\">\n<li data-start=\"1505\" data-end=\"1544\" data-is-last-node=\"\">\n<p data-start=\"1507\" data-end=\"1544\" data-is-last-node=\"\">1, 2, 3x par kuldebeskyttende knebeskyttere.<\/p>\n<\/li>\n<\/ul>\n","protected":false},"excerpt":{"rendered":"<p>Disse kuldebeskyttende knebeskytterne er designet for \u00e5 beskytte kn\u00e6rne mot vind og lave temperaturer, samtidig som de puster og er komfortable. De er perfekte for daglig bruk, utend\u00f8rsaktiviteter, arbeid eller sport om h\u00f8sten, vinteren og tidlig p\u00e5 v\u00e5ren.<\/p>\n","protected":false},"featured_media":16517,"comment_status":"open","ping_status":"closed","template":"","meta":{"site-sidebar-layout":"default","site-content-layout":"","ast-site-content-layout":"default","site-content-style":"default","site-sidebar-style":"default","ast-global-header-display":"","ast-banner-title-visibility":"","ast-main-header-display":"","ast-hfb-above-header-display":"","ast-hfb-below-header-display":"","ast-hfb-mobile-header-display":"","site-post-title":"","ast-breadcrumbs-content":"","ast-featured-img":"","footer-sml-layout":"","theme-transparent-header-meta":"default","adv-header-id-meta":"","stick-header-meta":"","header-above-stick-meta":"","header-main-stick-meta":"","header-below-stick-meta":"","astra-migrate-meta-layouts":"set","ast-page-background-enabled":"default","ast-page-background-meta":{"desktop":{"background-color":"var(--ast-global-color-5)","background-image":"","background-repeat":"repeat","background-position":"center center","background-size":"auto","background-attachment":"scroll","background-type":"","background-media":"","overlay-type":"","overlay-color":"","overlay-opacity":"","overlay-gradient":""},"tablet":{"background-color":"","background-image":"","background-repeat":"repeat","background-position":"center center","background-size":"auto","background-attachment":"scroll","background-type":"","background-media":"","overlay-type":"","overlay-color":"","overlay-opacity":"","overlay-gradient":""},"mobile":{"background-color":"","background-image":"","background-repeat":"repeat","background-position":"center center","background-size":"auto","background-attachment":"scroll","background-type":"","background-media":"","overlay-type":"","overlay-color":"","overlay-opacity":"","overlay-gradient":""}},"ast-content-background-meta":{"desktop":{"background-color":"var(--ast-global-color-4)","background-image":"","background-repeat":"repeat","background-position":"center center","background-size":"auto","background-attachment":"scroll","background-type":"","background-media":"","overlay-type":"","overlay-color":"","overlay-opacity":"","overlay-gradient":""},"tablet":{"background-color":"var(--ast-global-color-4)","background-image":"","background-repeat":"repeat","background-position":"center center","background-size":"auto","background-attachment":"scroll","background-type":"","background-media":"","overlay-type":"","overlay-color":"","overlay-opacity":"","overlay-gradient":""},"mobile":{"background-color":"var(--ast-global-color-4)","background-image":"","background-repeat":"repeat","background-position":"center center","background-size":"auto","background-attachment":"scroll","background-type":"","background-media":"","overlay-type":"","overlay-color":"","overlay-opacity":"","overlay-gradient":""}}},"product_brand":[],"product_cat":[165],"product_tag":[],"class_list":{"0":"post-16521","1":"product","2":"type-product","3":"status-publish","4":"has-post-thumbnail","6":"product_cat-fottoy-tilbehor","7":"pa_66070_7gxuo55m-1-par","8":"pa_66070_7gxuo55m-2-par","9":"pa_66070_7gxuo55m-3-par","10":"pa_66070_7qe1icin-brun","11":"pa_66070_7qe1icin-gull","12":"pa_66070_7qe1icin-kaffe","13":"pa_66070_7qe1icin-leopardbrun","14":"pa_66070_7qe1icin-svart","15":"desktop-align-left","16":"tablet-align-left","17":"mobile-align-left","19":"first","20":"instock","21":"shipping-taxable","22":"purchasable","23":"product-type-variable","24":"has-default-attributes"},"yoast_head":"<!-- This site is optimized with the Yoast SEO plugin v26.6 - https:\/\/yoast.com\/wordpress\/plugins\/seo\/ -->\n<title>Beskyttende knebeskyttere mot kulde - Mekulo NO<\/title>\n<meta name=\"robots\" content=\"index, follow, max-snippet:-1, max-image-preview:large, max-video-preview:-1\" \/>\n<link rel=\"canonical\" href=\"https:\/\/mekulo.com\/no\/produkt\/beskyttende-knebeskyttere-mot-kulde\/\" \/>\n<meta property=\"og:locale\" content=\"nb_NO\" \/>\n<meta property=\"og:type\" content=\"article\" \/>\n<meta property=\"og:title\" content=\"Beskyttende knebeskyttere mot kulde - Mekulo NO\" \/>\n<meta property=\"og:description\" content=\"Disse kuldebeskyttende knebeskytterne er designet for \u00e5 beskytte kn\u00e6rne mot vind og lave temperaturer, samtidig som de puster og er komfortable. De er perfekte for daglig bruk, utend\u00f8rsaktiviteter, arbeid eller sport om h\u00f8sten, vinteren og tidlig p\u00e5 v\u00e5ren.\" \/>\n<meta property=\"og:url\" content=\"https:\/\/mekulo.com\/no\/produkt\/beskyttende-knebeskyttere-mot-kulde\/\" \/>\n<meta property=\"og:site_name\" content=\"Mekulo NO\" \/>\n<meta property=\"article:modified_time\" content=\"2026-02-11T10:46:06+00:00\" \/>\n<meta property=\"og:image\" content=\"https:\/\/mekulo.com\/no\/wp-content\/uploads\/sites\/10\/2026\/01\/9lwh8u6-1.jpeg\" \/>\n\t<meta property=\"og:image:width\" content=\"800\" \/>\n\t<meta property=\"og:image:height\" content=\"800\" \/>\n\t<meta property=\"og:image:type\" content=\"image\/jpeg\" \/>\n<meta name=\"twitter:card\" content=\"summary_large_image\" \/>\n<meta name=\"twitter:label1\" content=\"Ansl. lesetid\" \/>\n\t<meta name=\"twitter:data1\" content=\"2 minutter\" \/>\n<script type=\"application\/ld+json\" class=\"yoast-schema-graph\">{\"@context\":\"https:\/\/schema.org\",\"@graph\":[{\"@type\":\"WebPage\",\"@id\":\"https:\/\/mekulo.com\/no\/produkt\/beskyttende-knebeskyttere-mot-kulde\/\",\"url\":\"https:\/\/mekulo.com\/no\/produkt\/beskyttende-knebeskyttere-mot-kulde\/\",\"name\":\"Beskyttende knebeskyttere mot kulde - Mekulo NO\",\"isPartOf\":{\"@id\":\"https:\/\/mekulo.com\/no\/#website\"},\"primaryImageOfPage\":{\"@id\":\"https:\/\/mekulo.com\/no\/produkt\/beskyttende-knebeskyttere-mot-kulde\/#primaryimage\"},\"image\":{\"@id\":\"https:\/\/mekulo.com\/no\/produkt\/beskyttende-knebeskyttere-mot-kulde\/#primaryimage\"},\"thumbnailUrl\":\"https:\/\/mekulo.com\/no\/wp-content\/uploads\/sites\/10\/2026\/01\/9lwh8u6-1.jpeg\",\"datePublished\":\"2026-01-09T10:46:40+00:00\",\"dateModified\":\"2026-02-11T10:46:06+00:00\",\"breadcrumb\":{\"@id\":\"https:\/\/mekulo.com\/no\/produkt\/beskyttende-knebeskyttere-mot-kulde\/#breadcrumb\"},\"inLanguage\":\"nb-NO\",\"potentialAction\":[{\"@type\":\"ReadAction\",\"target\":[\"https:\/\/mekulo.com\/no\/produkt\/beskyttende-knebeskyttere-mot-kulde\/\"]}]},{\"@type\":\"ImageObject\",\"inLanguage\":\"nb-NO\",\"@id\":\"https:\/\/mekulo.com\/no\/produkt\/beskyttende-knebeskyttere-mot-kulde\/#primaryimage\",\"url\":\"https:\/\/mekulo.com\/no\/wp-content\/uploads\/sites\/10\/2026\/01\/9lwh8u6-1.jpeg\",\"contentUrl\":\"https:\/\/mekulo.com\/no\/wp-content\/uploads\/sites\/10\/2026\/01\/9lwh8u6-1.jpeg\",\"width\":800,\"height\":800},{\"@type\":\"BreadcrumbList\",\"@id\":\"https:\/\/mekulo.com\/no\/produkt\/beskyttende-knebeskyttere-mot-kulde\/#breadcrumb\",\"itemListElement\":[{\"@type\":\"ListItem\",\"position\":1,\"name\":\"Home\",\"item\":\"https:\/\/mekulo.com\/no\/\"},{\"@type\":\"ListItem\",\"position\":2,\"name\":\"Butikk\",\"item\":\"https:\/\/mekulo.com\/no\/butikk\/\"},{\"@type\":\"ListItem\",\"position\":3,\"name\":\"Beskyttende knebeskyttere mot kulde\"}]},{\"@type\":\"WebSite\",\"@id\":\"https:\/\/mekulo.com\/no\/#website\",\"url\":\"https:\/\/mekulo.com\/no\/\",\"name\":\"Mekulo NO\",\"description\":\"\",\"publisher\":{\"@id\":\"https:\/\/mekulo.com\/no\/#organization\"},\"potentialAction\":[{\"@type\":\"SearchAction\",\"target\":{\"@type\":\"EntryPoint\",\"urlTemplate\":\"https:\/\/mekulo.com\/no\/?s={search_term_string}\"},\"query-input\":{\"@type\":\"PropertyValueSpecification\",\"valueRequired\":true,\"valueName\":\"search_term_string\"}}],\"inLanguage\":\"nb-NO\"},{\"@type\":\"Organization\",\"@id\":\"https:\/\/mekulo.com\/no\/#organization\",\"name\":\"Mekulo\",\"url\":\"https:\/\/mekulo.com\/no\/\",\"logo\":{\"@type\":\"ImageObject\",\"inLanguage\":\"nb-NO\",\"@id\":\"https:\/\/mekulo.com\/no\/#\/schema\/logo\/image\/\",\"url\":\"https:\/\/mekulo.com\/no\/wp-content\/uploads\/sites\/10\/2025\/12\/favicon_mekulo.png\",\"contentUrl\":\"https:\/\/mekulo.com\/no\/wp-content\/uploads\/sites\/10\/2025\/12\/favicon_mekulo.png\",\"width\":50,\"height\":50,\"caption\":\"Mekulo\"},\"image\":{\"@id\":\"https:\/\/mekulo.com\/no\/#\/schema\/logo\/image\/\"}}]}<\/script>\n<!-- \/ Yoast SEO plugin. -->","yoast_head_json":{"title":"Beskyttende knebeskyttere mot kulde - Mekulo NO","robots":{"index":"index","follow":"follow","max-snippet":"max-snippet:-1","max-image-preview":"max-image-preview:large","max-video-preview":"max-video-preview:-1"},"canonical":"https:\/\/mekulo.com\/no\/produkt\/beskyttende-knebeskyttere-mot-kulde\/","og_locale":"nb_NO","og_type":"article","og_title":"Beskyttende knebeskyttere mot kulde - Mekulo NO","og_description":"Disse kuldebeskyttende knebeskytterne er designet for \u00e5 beskytte kn\u00e6rne mot vind og lave temperaturer, samtidig som de puster og er komfortable. De er perfekte for daglig bruk, utend\u00f8rsaktiviteter, arbeid eller sport om h\u00f8sten, vinteren og tidlig p\u00e5 v\u00e5ren.","og_url":"https:\/\/mekulo.com\/no\/produkt\/beskyttende-knebeskyttere-mot-kulde\/","og_site_name":"Mekulo NO","article_modified_time":"2026-02-11T10:46:06+00:00","og_image":[{"width":800,"height":800,"url":"https:\/\/mekulo.com\/no\/wp-content\/uploads\/sites\/10\/2026\/01\/9lwh8u6-1.jpeg","type":"image\/jpeg"}],"twitter_card":"summary_large_image","twitter_misc":{"Ansl. lesetid":"2 minutter"},"schema":{"@context":"https:\/\/schema.org","@graph":[{"@type":"WebPage","@id":"https:\/\/mekulo.com\/no\/produkt\/beskyttende-knebeskyttere-mot-kulde\/","url":"https:\/\/mekulo.com\/no\/produkt\/beskyttende-knebeskyttere-mot-kulde\/","name":"Beskyttende knebeskyttere mot kulde - Mekulo NO","isPartOf":{"@id":"https:\/\/mekulo.com\/no\/#website"},"primaryImageOfPage":{"@id":"https:\/\/mekulo.com\/no\/produkt\/beskyttende-knebeskyttere-mot-kulde\/#primaryimage"},"image":{"@id":"https:\/\/mekulo.com\/no\/produkt\/beskyttende-knebeskyttere-mot-kulde\/#primaryimage"},"thumbnailUrl":"https:\/\/mekulo.com\/no\/wp-content\/uploads\/sites\/10\/2026\/01\/9lwh8u6-1.jpeg","datePublished":"2026-01-09T10:46:40+00:00","dateModified":"2026-02-11T10:46:06+00:00","breadcrumb":{"@id":"https:\/\/mekulo.com\/no\/produkt\/beskyttende-knebeskyttere-mot-kulde\/#breadcrumb"},"inLanguage":"nb-NO","potentialAction":[{"@type":"ReadAction","target":["https:\/\/mekulo.com\/no\/produkt\/beskyttende-knebeskyttere-mot-kulde\/"]}]},{"@type":"ImageObject","inLanguage":"nb-NO","@id":"https:\/\/mekulo.com\/no\/produkt\/beskyttende-knebeskyttere-mot-kulde\/#primaryimage","url":"https:\/\/mekulo.com\/no\/wp-content\/uploads\/sites\/10\/2026\/01\/9lwh8u6-1.jpeg","contentUrl":"https:\/\/mekulo.com\/no\/wp-content\/uploads\/sites\/10\/2026\/01\/9lwh8u6-1.jpeg","width":800,"height":800},{"@type":"BreadcrumbList","@id":"https:\/\/mekulo.com\/no\/produkt\/beskyttende-knebeskyttere-mot-kulde\/#breadcrumb","itemListElement":[{"@type":"ListItem","position":1,"name":"Home","item":"https:\/\/mekulo.com\/no\/"},{"@type":"ListItem","position":2,"name":"Butikk","item":"https:\/\/mekulo.com\/no\/butikk\/"},{"@type":"ListItem","position":3,"name":"Beskyttende knebeskyttere mot kulde"}]},{"@type":"WebSite","@id":"https:\/\/mekulo.com\/no\/#website","url":"https:\/\/mekulo.com\/no\/","name":"Mekulo NO","description":"","publisher":{"@id":"https:\/\/mekulo.com\/no\/#organization"},"potentialAction":[{"@type":"SearchAction","target":{"@type":"EntryPoint","urlTemplate":"https:\/\/mekulo.com\/no\/?s={search_term_string}"},"query-input":{"@type":"PropertyValueSpecification","valueRequired":true,"valueName":"search_term_string"}}],"inLanguage":"nb-NO"},{"@type":"Organization","@id":"https:\/\/mekulo.com\/no\/#organization","name":"Mekulo","url":"https:\/\/mekulo.com\/no\/","logo":{"@type":"ImageObject","inLanguage":"nb-NO","@id":"https:\/\/mekulo.com\/no\/#\/schema\/logo\/image\/","url":"https:\/\/mekulo.com\/no\/wp-content\/uploads\/sites\/10\/2025\/12\/favicon_mekulo.png","contentUrl":"https:\/\/mekulo.com\/no\/wp-content\/uploads\/sites\/10\/2025\/12\/favicon_mekulo.png","width":50,"height":50,"caption":"Mekulo"},"image":{"@id":"https:\/\/mekulo.com\/no\/#\/schema\/logo\/image\/"}}]}},"_links":{"self":[{"href":"https:\/\/mekulo.com\/no\/wp-json\/wp\/v2\/product\/16521","targetHints":{"allow":["GET"]}}],"collection":[{"href":"https:\/\/mekulo.com\/no\/wp-json\/wp\/v2\/product"}],"about":[{"href":"https:\/\/mekulo.com\/no\/wp-json\/wp\/v2\/types\/product"}],"replies":[{"embeddable":true,"href":"https:\/\/mekulo.com\/no\/wp-json\/wp\/v2\/comments?post=16521"}],"wp:featuredmedia":[{"embeddable":true,"href":"https:\/\/mekulo.com\/no\/wp-json\/wp\/v2\/media\/16517"}],"wp:attachment":[{"href":"https:\/\/mekulo.com\/no\/wp-json\/wp\/v2\/media?parent=16521"}],"wp:term":[{"taxonomy":"product_brand","embeddable":true,"href":"https:\/\/mekulo.com\/no\/wp-json\/wp\/v2\/product_brand?post=16521"},{"taxonomy":"product_cat","embeddable":true,"href":"https:\/\/mekulo.com\/no\/wp-json\/wp\/v2\/product_cat?post=16521"},{"taxonomy":"product_tag","embeddable":true,"href":"https:\/\/mekulo.com\/no\/wp-json\/wp\/v2\/product_tag?post=16521"}],"curies":[{"name":"wp","href":"https:\/\/api.w.org\/{rel}","templated":true}]}}