{"id":16506,"date":"2026-01-09T12:45:08","date_gmt":"2026-01-09T10:45:08","guid":{"rendered":"https:\/\/mekulo.com\/no\/produkt\/multireiseveske-med-stor-kapasitet\/"},"modified":"2026-01-22T17:47:17","modified_gmt":"2026-01-22T15:47:17","slug":"multireiseveske-med-stor-kapasitet","status":"publish","type":"product","link":"https:\/\/mekulo.com\/no\/produkt\/multireiseveske-med-stor-kapasitet\/","title":{"rendered":"Multireiseveske med stor kapasitet"},"content":{"rendered":"<div class=\"flex max-w-full flex-col grow\">\n<div class=\"min-h-8 text-message relative flex w-full flex-col items-end gap-2 text-start break-words whitespace-normal [.text-message+&amp;]:mt-1\" dir=\"auto\" data-message-author-role=\"assistant\" data-message-id=\"f4d4b13c-df73-40f3-916e-07fd2497e5cb\" data-message-model-slug=\"gpt-5-2\">\n<div class=\"flex w-full flex-col gap-1 empty:hidden first:pt-[1px]\">\n<div class=\"markdown prose dark:prose-invert w-full break-words light markdown-new-styling\">\n<p style=\"text-align: center;\" data-start=\"0\" data-end=\"72\"><strong data-start=\"0\" data-end=\"72\">Ta Med Deg Alt Du Trenger I En Stilig Og Komfortabel Reiseveske. \ud83d\udc5c<\/strong><\/p>\n<p data-start=\"74\" data-end=\"333\"><img fetchpriority=\"high\" decoding=\"async\" class=\" wp-image-48056 aligncenter\" src=\"https:\/\/keluvo.com\/template\/wp-content\/uploads\/sites\/5\/2026\/01\/399fc6b60d33b4f77404947348f273e063258211326021005538273EN29cce7a2541c09a96ab34a2966ac532aa.gif\" alt=\"\" width=\"503\" height=\"660\" \/><\/p>\n<h2 style=\"text-align: center;\" data-start=\"340\" data-end=\"360\">\ud83c\udf92 Hovedfordeler<\/h2>\n<p data-start=\"364\" data-end=\"448\">\ud83e\uddf3 Stor oppbevaringskapasitet &#8211; Passer til kl\u00e6r, b\u00f8ker, dingser og daglige n\u00f8dvendigheter.<\/p>\n<p data-start=\"451\" data-end=\"514\">\ud83d\udd10 Skjult glidel\u00e5slomme &#8211; Holder verdisaker trygge og sikre.<\/p>\n<p data-start=\"517\" data-end=\"590\">\ud83d\udcaa Myk, men robust &#8211; Komfortabel \u00e5 b\u00e6re, sterk nok til \u00e5 reise.<\/p>\n<p data-start=\"593\" data-end=\"656\">\ud83e\uddf5 Slitesterk oxfordduk &#8211; Motst\u00e5r slitasje over tid.<\/p>\n<p data-start=\"659\" data-end=\"729\">\ud83c\udfa8 Trendy design &#8211; Kontrastfarger gir et moderne motetouch.<\/p>\n<p data-start=\"732\" data-end=\"803\">\ud83d\udc57 Koreansk stil &#8211; Stilig valg for hverdags- og reisebruk.<\/p>\n<p data-start=\"732\" data-end=\"803\"><img decoding=\"async\" class=\" wp-image-48055 aligncenter\" src=\"https:\/\/keluvo.com\/template\/wp-content\/uploads\/sites\/5\/2026\/01\/cc0e71049551b51f8608b3bd445878c063258211326021005538273EN25cd6a063c51df65aa0d61bbfd9882874.gif\" alt=\"\" width=\"499\" height=\"654\" \/><\/p>\n<h2 style=\"text-align: center;\" data-start=\"810\" data-end=\"827\">\ud83e\udded Slik Bruker Du Den<\/h2>\n<ol data-start=\"829\" data-end=\"1082\">\n<li data-start=\"829\" data-end=\"881\">\n<p data-start=\"832\" data-end=\"881\">\u00c5pne hovedrommet for \u00e5 pakke st\u00f8rre gjenstander.<\/p>\n<\/li>\n<li data-start=\"882\" data-end=\"931\">\n<p data-start=\"885\" data-end=\"931\">Oppbevar verdisaker i den skjulte glidel\u00e5slommen.<\/p>\n<\/li>\n<li data-start=\"932\" data-end=\"977\">\n<p data-start=\"935\" data-end=\"977\">Juster stroppene for en behagelig passform.<\/p>\n<\/li>\n<li data-start=\"978\" data-end=\"1027\">\n<p data-start=\"981\" data-end=\"1027\">Fest glidel\u00e5sen i alle rommene f\u00f8r du beveger deg.<\/p>\n<\/li>\n<li data-start=\"1028\" data-end=\"1082\">\n<p data-start=\"1031\" data-end=\"1082\">Bruk den til reise, skole, jobb eller uformelle utflukter.<\/p>\n<\/li>\n<\/ol>\n<h2 style=\"text-align: center;\" data-start=\"1089\" data-end=\"1111\">\ud83d\udcd0 Produktdetaljer<\/h2>\n<ul data-start=\"1113\" data-end=\"1405\">\n<li data-start=\"1163\" data-end=\"1189\">\n<p data-start=\"1165\" data-end=\"1189\">Materiale: Oxford-stoff<\/p>\n<\/li>\n<li data-start=\"1190\" data-end=\"1244\">\n<p data-start=\"1192\" data-end=\"1244\">Struktur: Hovedrom + skjult glidel\u00e5slomme<\/p>\n<\/li>\n<li data-start=\"1245\" data-end=\"1299\">\n<p data-start=\"1247\" data-end=\"1299\">Designstil: Koreansk stil med kontrastfarger<\/p>\n<\/li>\n<li data-start=\"1300\" data-end=\"1345\">\n<p data-start=\"1302\" data-end=\"1345\">Textur: Myk f\u00f8lelse med robust holdbarhet<\/p>\n<\/li>\n<li data-start=\"1346\" data-end=\"1405\">\n<p data-start=\"1348\" data-end=\"1405\">Egnet for: Reise, daglig bruk, skole, uformelle utflukter<\/p>\n<\/li>\n<li data-start=\"1346\" data-end=\"1405\">St\u00f8rrelse: 25 x 36 x 12 cm<\/li>\n<\/ul>\n<h2 style=\"text-align: center;\" data-start=\"1412\" data-end=\"1435\">\ud83d\udce6 Pakken inkluderer<\/h2>\n<ul data-start=\"1437\" data-end=\"1474\" data-is-last-node=\"\" data-is-only-node=\"\">\n<li data-start=\"1437\" data-end=\"1474\" data-is-last-node=\"\">\n<p data-start=\"1439\" data-end=\"1474\" data-is-last-node=\"\">1x stor kapasitet multi reiseveske.<\/p>\n<\/li>\n<\/ul>\n<\/div>\n<\/div>\n<\/div>\n<\/div>\n","protected":false},"excerpt":{"rendered":"<p>Denne reisevesken med stor kapasitet er designet for \u00e5 romme alt du trenger til daglig og p\u00e5 reise. Med en smart innvendig utforming, slitesterkt Oxford-stoff og et trendy koreansk design er den perfekt for fritidsreiser, skole, jobb eller hverdagsutflukter.<\/p>\n","protected":false},"featured_media":16502,"comment_status":"open","ping_status":"closed","template":"","meta":{"site-sidebar-layout":"default","site-content-layout":"","ast-site-content-layout":"default","site-content-style":"default","site-sidebar-style":"default","ast-global-header-display":"","ast-banner-title-visibility":"","ast-main-header-display":"","ast-hfb-above-header-display":"","ast-hfb-below-header-display":"","ast-hfb-mobile-header-display":"","site-post-title":"","ast-breadcrumbs-content":"","ast-featured-img":"","footer-sml-layout":"","theme-transparent-header-meta":"default","adv-header-id-meta":"","stick-header-meta":"","header-above-stick-meta":"","header-main-stick-meta":"","header-below-stick-meta":"","astra-migrate-meta-layouts":"set","ast-page-background-enabled":"default","ast-page-background-meta":{"desktop":{"background-color":"var(--ast-global-color-5)","background-image":"","background-repeat":"repeat","background-position":"center center","background-size":"auto","background-attachment":"scroll","background-type":"","background-media":"","overlay-type":"","overlay-color":"","overlay-opacity":"","overlay-gradient":""},"tablet":{"background-color":"","background-image":"","background-repeat":"repeat","background-position":"center center","background-size":"auto","background-attachment":"scroll","background-type":"","background-media":"","overlay-type":"","overlay-color":"","overlay-opacity":"","overlay-gradient":""},"mobile":{"background-color":"","background-image":"","background-repeat":"repeat","background-position":"center center","background-size":"auto","background-attachment":"scroll","background-type":"","background-media":"","overlay-type":"","overlay-color":"","overlay-opacity":"","overlay-gradient":""}},"ast-content-background-meta":{"desktop":{"background-color":"var(--ast-global-color-4)","background-image":"","background-repeat":"repeat","background-position":"center center","background-size":"auto","background-attachment":"scroll","background-type":"","background-media":"","overlay-type":"","overlay-color":"","overlay-opacity":"","overlay-gradient":""},"tablet":{"background-color":"var(--ast-global-color-4)","background-image":"","background-repeat":"repeat","background-position":"center center","background-size":"auto","background-attachment":"scroll","background-type":"","background-media":"","overlay-type":"","overlay-color":"","overlay-opacity":"","overlay-gradient":""},"mobile":{"background-color":"var(--ast-global-color-4)","background-image":"","background-repeat":"repeat","background-position":"center center","background-size":"auto","background-attachment":"scroll","background-type":"","background-media":"","overlay-type":"","overlay-color":"","overlay-opacity":"","overlay-gradient":""}}},"product_brand":[],"product_cat":[165],"product_tag":[],"class_list":{"0":"post-16506","1":"product","2":"type-product","3":"status-publish","4":"has-post-thumbnail","6":"product_cat-fottoy-tilbehor","7":"pa_66065_fviq0zg9-hvit","8":"pa_66065_fviq0zg9-oransje","9":"pa_66065_fviq0zg9-svart","10":"desktop-align-left","11":"tablet-align-left","12":"mobile-align-left","14":"first","15":"instock","16":"shipping-taxable","17":"purchasable","18":"product-type-variable"},"yoast_head":"<!-- This site is optimized with the Yoast SEO plugin v26.6 - https:\/\/yoast.com\/wordpress\/plugins\/seo\/ -->\n<title>Multireiseveske med stor kapasitet - Mekulo NO<\/title>\n<meta name=\"robots\" content=\"index, follow, max-snippet:-1, max-image-preview:large, max-video-preview:-1\" \/>\n<link rel=\"canonical\" href=\"https:\/\/mekulo.com\/no\/produkt\/multireiseveske-med-stor-kapasitet\/\" \/>\n<meta property=\"og:locale\" content=\"nb_NO\" \/>\n<meta property=\"og:type\" content=\"article\" \/>\n<meta property=\"og:title\" content=\"Multireiseveske med stor kapasitet - Mekulo NO\" \/>\n<meta property=\"og:description\" content=\"Denne reisevesken med stor kapasitet er designet for \u00e5 romme alt du trenger til daglig og p\u00e5 reise. Med en smart innvendig utforming, slitesterkt Oxford-stoff og et trendy koreansk design er den perfekt for fritidsreiser, skole, jobb eller hverdagsutflukter.\" \/>\n<meta property=\"og:url\" content=\"https:\/\/mekulo.com\/no\/produkt\/multireiseveske-med-stor-kapasitet\/\" \/>\n<meta property=\"og:site_name\" content=\"Mekulo NO\" \/>\n<meta property=\"article:modified_time\" content=\"2026-01-22T15:47:17+00:00\" \/>\n<meta property=\"og:image\" content=\"https:\/\/mekulo.com\/no\/wp-content\/uploads\/sites\/10\/2026\/01\/fkeikgy-1.jpg\" \/>\n\t<meta property=\"og:image:width\" content=\"800\" \/>\n\t<meta property=\"og:image:height\" content=\"800\" \/>\n\t<meta property=\"og:image:type\" content=\"image\/jpeg\" \/>\n<meta name=\"twitter:card\" content=\"summary_large_image\" \/>\n<meta name=\"twitter:label1\" content=\"Ansl. lesetid\" \/>\n\t<meta name=\"twitter:data1\" content=\"2 minutter\" \/>\n<script type=\"application\/ld+json\" class=\"yoast-schema-graph\">{\"@context\":\"https:\/\/schema.org\",\"@graph\":[{\"@type\":\"WebPage\",\"@id\":\"https:\/\/mekulo.com\/no\/produkt\/multireiseveske-med-stor-kapasitet\/\",\"url\":\"https:\/\/mekulo.com\/no\/produkt\/multireiseveske-med-stor-kapasitet\/\",\"name\":\"Multireiseveske med stor kapasitet - Mekulo NO\",\"isPartOf\":{\"@id\":\"https:\/\/mekulo.com\/no\/#website\"},\"primaryImageOfPage\":{\"@id\":\"https:\/\/mekulo.com\/no\/produkt\/multireiseveske-med-stor-kapasitet\/#primaryimage\"},\"image\":{\"@id\":\"https:\/\/mekulo.com\/no\/produkt\/multireiseveske-med-stor-kapasitet\/#primaryimage\"},\"thumbnailUrl\":\"https:\/\/mekulo.com\/no\/wp-content\/uploads\/sites\/10\/2026\/01\/fkeikgy-1.jpg\",\"datePublished\":\"2026-01-09T10:45:08+00:00\",\"dateModified\":\"2026-01-22T15:47:17+00:00\",\"breadcrumb\":{\"@id\":\"https:\/\/mekulo.com\/no\/produkt\/multireiseveske-med-stor-kapasitet\/#breadcrumb\"},\"inLanguage\":\"nb-NO\",\"potentialAction\":[{\"@type\":\"ReadAction\",\"target\":[\"https:\/\/mekulo.com\/no\/produkt\/multireiseveske-med-stor-kapasitet\/\"]}]},{\"@type\":\"ImageObject\",\"inLanguage\":\"nb-NO\",\"@id\":\"https:\/\/mekulo.com\/no\/produkt\/multireiseveske-med-stor-kapasitet\/#primaryimage\",\"url\":\"https:\/\/mekulo.com\/no\/wp-content\/uploads\/sites\/10\/2026\/01\/fkeikgy-1.jpg\",\"contentUrl\":\"https:\/\/mekulo.com\/no\/wp-content\/uploads\/sites\/10\/2026\/01\/fkeikgy-1.jpg\",\"width\":800,\"height\":800},{\"@type\":\"BreadcrumbList\",\"@id\":\"https:\/\/mekulo.com\/no\/produkt\/multireiseveske-med-stor-kapasitet\/#breadcrumb\",\"itemListElement\":[{\"@type\":\"ListItem\",\"position\":1,\"name\":\"Home\",\"item\":\"https:\/\/mekulo.com\/no\/\"},{\"@type\":\"ListItem\",\"position\":2,\"name\":\"Butikk\",\"item\":\"https:\/\/mekulo.com\/no\/butikk\/\"},{\"@type\":\"ListItem\",\"position\":3,\"name\":\"Multireiseveske med stor kapasitet\"}]},{\"@type\":\"WebSite\",\"@id\":\"https:\/\/mekulo.com\/no\/#website\",\"url\":\"https:\/\/mekulo.com\/no\/\",\"name\":\"Mekulo NO\",\"description\":\"\",\"publisher\":{\"@id\":\"https:\/\/mekulo.com\/no\/#organization\"},\"potentialAction\":[{\"@type\":\"SearchAction\",\"target\":{\"@type\":\"EntryPoint\",\"urlTemplate\":\"https:\/\/mekulo.com\/no\/?s={search_term_string}\"},\"query-input\":{\"@type\":\"PropertyValueSpecification\",\"valueRequired\":true,\"valueName\":\"search_term_string\"}}],\"inLanguage\":\"nb-NO\"},{\"@type\":\"Organization\",\"@id\":\"https:\/\/mekulo.com\/no\/#organization\",\"name\":\"Mekulo\",\"url\":\"https:\/\/mekulo.com\/no\/\",\"logo\":{\"@type\":\"ImageObject\",\"inLanguage\":\"nb-NO\",\"@id\":\"https:\/\/mekulo.com\/no\/#\/schema\/logo\/image\/\",\"url\":\"https:\/\/mekulo.com\/no\/wp-content\/uploads\/sites\/10\/2025\/12\/favicon_mekulo.png\",\"contentUrl\":\"https:\/\/mekulo.com\/no\/wp-content\/uploads\/sites\/10\/2025\/12\/favicon_mekulo.png\",\"width\":50,\"height\":50,\"caption\":\"Mekulo\"},\"image\":{\"@id\":\"https:\/\/mekulo.com\/no\/#\/schema\/logo\/image\/\"}}]}<\/script>\n<!-- \/ Yoast SEO plugin. -->","yoast_head_json":{"title":"Multireiseveske med stor kapasitet - Mekulo NO","robots":{"index":"index","follow":"follow","max-snippet":"max-snippet:-1","max-image-preview":"max-image-preview:large","max-video-preview":"max-video-preview:-1"},"canonical":"https:\/\/mekulo.com\/no\/produkt\/multireiseveske-med-stor-kapasitet\/","og_locale":"nb_NO","og_type":"article","og_title":"Multireiseveske med stor kapasitet - Mekulo NO","og_description":"Denne reisevesken med stor kapasitet er designet for \u00e5 romme alt du trenger til daglig og p\u00e5 reise. Med en smart innvendig utforming, slitesterkt Oxford-stoff og et trendy koreansk design er den perfekt for fritidsreiser, skole, jobb eller hverdagsutflukter.","og_url":"https:\/\/mekulo.com\/no\/produkt\/multireiseveske-med-stor-kapasitet\/","og_site_name":"Mekulo NO","article_modified_time":"2026-01-22T15:47:17+00:00","og_image":[{"width":800,"height":800,"url":"https:\/\/mekulo.com\/no\/wp-content\/uploads\/sites\/10\/2026\/01\/fkeikgy-1.jpg","type":"image\/jpeg"}],"twitter_card":"summary_large_image","twitter_misc":{"Ansl. lesetid":"2 minutter"},"schema":{"@context":"https:\/\/schema.org","@graph":[{"@type":"WebPage","@id":"https:\/\/mekulo.com\/no\/produkt\/multireiseveske-med-stor-kapasitet\/","url":"https:\/\/mekulo.com\/no\/produkt\/multireiseveske-med-stor-kapasitet\/","name":"Multireiseveske med stor kapasitet - Mekulo NO","isPartOf":{"@id":"https:\/\/mekulo.com\/no\/#website"},"primaryImageOfPage":{"@id":"https:\/\/mekulo.com\/no\/produkt\/multireiseveske-med-stor-kapasitet\/#primaryimage"},"image":{"@id":"https:\/\/mekulo.com\/no\/produkt\/multireiseveske-med-stor-kapasitet\/#primaryimage"},"thumbnailUrl":"https:\/\/mekulo.com\/no\/wp-content\/uploads\/sites\/10\/2026\/01\/fkeikgy-1.jpg","datePublished":"2026-01-09T10:45:08+00:00","dateModified":"2026-01-22T15:47:17+00:00","breadcrumb":{"@id":"https:\/\/mekulo.com\/no\/produkt\/multireiseveske-med-stor-kapasitet\/#breadcrumb"},"inLanguage":"nb-NO","potentialAction":[{"@type":"ReadAction","target":["https:\/\/mekulo.com\/no\/produkt\/multireiseveske-med-stor-kapasitet\/"]}]},{"@type":"ImageObject","inLanguage":"nb-NO","@id":"https:\/\/mekulo.com\/no\/produkt\/multireiseveske-med-stor-kapasitet\/#primaryimage","url":"https:\/\/mekulo.com\/no\/wp-content\/uploads\/sites\/10\/2026\/01\/fkeikgy-1.jpg","contentUrl":"https:\/\/mekulo.com\/no\/wp-content\/uploads\/sites\/10\/2026\/01\/fkeikgy-1.jpg","width":800,"height":800},{"@type":"BreadcrumbList","@id":"https:\/\/mekulo.com\/no\/produkt\/multireiseveske-med-stor-kapasitet\/#breadcrumb","itemListElement":[{"@type":"ListItem","position":1,"name":"Home","item":"https:\/\/mekulo.com\/no\/"},{"@type":"ListItem","position":2,"name":"Butikk","item":"https:\/\/mekulo.com\/no\/butikk\/"},{"@type":"ListItem","position":3,"name":"Multireiseveske med stor kapasitet"}]},{"@type":"WebSite","@id":"https:\/\/mekulo.com\/no\/#website","url":"https:\/\/mekulo.com\/no\/","name":"Mekulo NO","description":"","publisher":{"@id":"https:\/\/mekulo.com\/no\/#organization"},"potentialAction":[{"@type":"SearchAction","target":{"@type":"EntryPoint","urlTemplate":"https:\/\/mekulo.com\/no\/?s={search_term_string}"},"query-input":{"@type":"PropertyValueSpecification","valueRequired":true,"valueName":"search_term_string"}}],"inLanguage":"nb-NO"},{"@type":"Organization","@id":"https:\/\/mekulo.com\/no\/#organization","name":"Mekulo","url":"https:\/\/mekulo.com\/no\/","logo":{"@type":"ImageObject","inLanguage":"nb-NO","@id":"https:\/\/mekulo.com\/no\/#\/schema\/logo\/image\/","url":"https:\/\/mekulo.com\/no\/wp-content\/uploads\/sites\/10\/2025\/12\/favicon_mekulo.png","contentUrl":"https:\/\/mekulo.com\/no\/wp-content\/uploads\/sites\/10\/2025\/12\/favicon_mekulo.png","width":50,"height":50,"caption":"Mekulo"},"image":{"@id":"https:\/\/mekulo.com\/no\/#\/schema\/logo\/image\/"}}]}},"_links":{"self":[{"href":"https:\/\/mekulo.com\/no\/wp-json\/wp\/v2\/product\/16506","targetHints":{"allow":["GET"]}}],"collection":[{"href":"https:\/\/mekulo.com\/no\/wp-json\/wp\/v2\/product"}],"about":[{"href":"https:\/\/mekulo.com\/no\/wp-json\/wp\/v2\/types\/product"}],"replies":[{"embeddable":true,"href":"https:\/\/mekulo.com\/no\/wp-json\/wp\/v2\/comments?post=16506"}],"wp:featuredmedia":[{"embeddable":true,"href":"https:\/\/mekulo.com\/no\/wp-json\/wp\/v2\/media\/16502"}],"wp:attachment":[{"href":"https:\/\/mekulo.com\/no\/wp-json\/wp\/v2\/media?parent=16506"}],"wp:term":[{"taxonomy":"product_brand","embeddable":true,"href":"https:\/\/mekulo.com\/no\/wp-json\/wp\/v2\/product_brand?post=16506"},{"taxonomy":"product_cat","embeddable":true,"href":"https:\/\/mekulo.com\/no\/wp-json\/wp\/v2\/product_cat?post=16506"},{"taxonomy":"product_tag","embeddable":true,"href":"https:\/\/mekulo.com\/no\/wp-json\/wp\/v2\/product_tag?post=16506"}],"curies":[{"name":"wp","href":"https:\/\/api.w.org\/{rel}","templated":true}]}}