{"id":16472,"date":"2026-01-09T12:42:26","date_gmt":"2026-01-09T10:42:26","guid":{"rendered":"https:\/\/mekulo.com\/no\/produkt\/utendors-telefonholder\/"},"modified":"2026-01-09T16:58:10","modified_gmt":"2026-01-09T14:58:10","slug":"utendors-telefonholder","status":"publish","type":"product","link":"https:\/\/mekulo.com\/no\/produkt\/utendors-telefonholder\/","title":{"rendered":"Utend\u00f8rs telefonholder"},"content":{"rendered":"<p style=\"text-align: center;\" data-start=\"0\" data-end=\"70\"><strong data-start=\"0\" data-end=\"70\">Hold telefonen sikker og h\u00e5ndfri under alle utend\u00f8rsaktiviteter. \ud83d\udcf1<\/strong><img fetchpriority=\"high\" decoding=\"async\" class=\" wp-image-47975 aligncenter\" src=\"https:\/\/keluvo.com\/template\/wp-content\/uploads\/sites\/5\/2025\/12\/b28f1fd719a133eba8c44e8973ff490e2faa2c96.webp\" alt=\"\" width=\"502\" height=\"502\" \/><\/p>\n<h2 style=\"text-align: center;\" data-start=\"323\" data-end=\"343\"><strong>\ud83d\udd12 Hovedfordeler<\/strong><\/h2>\n<p data-start=\"347\" data-end=\"426\">\ud83d\udcf1 Sikkert grep om telefonen &#8211; Sklisikre silikonstrips forhindrer fall og risting.<\/p>\n<p data-start=\"429\" data-end=\"510\">\ud83e\uddf2 MOLLE-kompatibel &#8211; Festes til vester, ryggsekker, brystvester og vesker.<\/p>\n<p data-start=\"513\" data-end=\"582\">\u270b H\u00e5ndfri bruk &#8211; Brystmontert posisjon holder hendene frie.<\/p>\n<p data-start=\"585\" data-end=\"654\">\ud83e\udeb6 Lett design &#8211; Bare 140 g, ingen ekstra byrde n\u00e5r du beveger deg.<\/p>\n<p data-start=\"657\" data-end=\"720\">\ud83c\udf27\ufe0f Utend\u00f8rs beskyttelse &#8211; Motst\u00e5r regn, st\u00f8v og sollys.<\/p>\n<p data-start=\"723\" data-end=\"782\">\ud83d\udd04 Rask tilgang &#8211; Flip-\u00e5pen design for rask bruk av telefonen.<\/p>\n<p data-start=\"723\" data-end=\"782\"><img decoding=\"async\" class=\" wp-image-47974 aligncenter\" src=\"https:\/\/keluvo.com\/template\/wp-content\/uploads\/sites\/5\/2025\/12\/c7a5a508b18e0cd2774ac65ed51d955aa053e06f.webp\" alt=\"\" width=\"524\" height=\"392\" \/><\/p>\n<h2 style=\"text-align: center;\" data-start=\"789\" data-end=\"806\"><strong>\ud83e\udded Slik bruker du<\/strong><\/h2>\n<ol data-start=\"808\" data-end=\"1055\">\n<li data-start=\"808\" data-end=\"867\">\n<p data-start=\"811\" data-end=\"867\">Fest holderen til MOLLE-overflaten p\u00e5 utstyret ditt.<\/p>\n<\/li>\n<li data-start=\"868\" data-end=\"895\">\n<p data-start=\"871\" data-end=\"895\">\u00c5pne frontspennen.<\/p>\n<\/li>\n<li data-start=\"896\" data-end=\"930\">\n<p data-start=\"899\" data-end=\"930\">Trekk silikonstroppen tilbake.<\/p>\n<\/li>\n<li data-start=\"931\" data-end=\"971\">\n<p data-start=\"934\" data-end=\"971\">Plasser telefonen inni holderen.<\/p>\n<\/li>\n<li data-start=\"972\" data-end=\"1015\">\n<p data-start=\"975\" data-end=\"1015\">Fest stroppen og lukk spennen.<\/p>\n<\/li>\n<li data-start=\"1016\" data-end=\"1055\">\n<p data-start=\"1019\" data-end=\"1055\">Juster for komfort og begynn \u00e5 bevege deg.<\/p>\n<\/li>\n<\/ol>\n<h2 style=\"text-align: center;\" data-start=\"1062\" data-end=\"1084\"><strong>\ud83d\udcd0 Produktdetaljer<\/strong><\/h2>\n<ul data-start=\"1086\" data-end=\"1473\">\n<li data-start=\"1164\" data-end=\"1215\">\n<p data-start=\"1166\" data-end=\"1215\">Telefonst\u00f8rrelseskompatibilitet: 4,7&#8243;-6,7&#8243; smarttelefoner<\/p>\n<\/li>\n<li data-start=\"1241\" data-end=\"1295\">\n<p data-start=\"1243\" data-end=\"1295\">Materiale: Slitesterkt stoff med silikonstriper<\/p>\n<\/li>\n<li data-start=\"1296\" data-end=\"1406\">\n<p data-start=\"1298\" data-end=\"1406\">Bemerkninger: Ikke kompatibel med telefoner med sentrerte kameraer; telefoner med tre kameraer kan delvis dekke en linse<\/p>\n<\/li>\n<li data-start=\"1407\" data-end=\"1473\">\n<p data-start=\"1409\" data-end=\"1473\">Bruk etui: Taktisk, jakt, camping, utend\u00f8rs trening, reise<\/p>\n<\/li>\n<\/ul>\n<h2 style=\"text-align: center;\" data-start=\"1480\" data-end=\"1503\"><strong>\ud83d\udce6 Pakken inkluderer<\/strong><\/h2>\n<ul data-start=\"1505\" data-end=\"1531\" data-is-last-node=\"\" data-is-only-node=\"\">\n<li data-start=\"1505\" data-end=\"1531\" data-is-last-node=\"\">\n<p data-start=\"1507\" data-end=\"1531\" data-is-last-node=\"\">1x utend\u00f8rs telefonholder.<\/p>\n<\/li>\n<\/ul>\n","protected":false},"excerpt":{"rendered":"<p style=\"text-align: left;\" data-start=\"72\" data-end=\"316\">Denne telefonholderen monteres direkte p\u00e5 MOLLE-utstyr og holder telefonen p\u00e5 plass mens du beveger deg. Den er lett, enkel \u00e5 montere og perfekt for jakt, camping, trening eller taktisk bruk der rask tilgang og stabilitet er viktig.<\/p>\n<p data-start=\"72\" data-end=\"316\">\n","protected":false},"featured_media":16468,"comment_status":"open","ping_status":"closed","template":"","meta":{"site-sidebar-layout":"default","site-content-layout":"","ast-site-content-layout":"default","site-content-style":"default","site-sidebar-style":"default","ast-global-header-display":"","ast-banner-title-visibility":"","ast-main-header-display":"","ast-hfb-above-header-display":"","ast-hfb-below-header-display":"","ast-hfb-mobile-header-display":"","site-post-title":"","ast-breadcrumbs-content":"","ast-featured-img":"","footer-sml-layout":"","theme-transparent-header-meta":"default","adv-header-id-meta":"","stick-header-meta":"","header-above-stick-meta":"","header-main-stick-meta":"","header-below-stick-meta":"","astra-migrate-meta-layouts":"set","ast-page-background-enabled":"default","ast-page-background-meta":{"desktop":{"background-color":"var(--ast-global-color-5)","background-image":"","background-repeat":"repeat","background-position":"center center","background-size":"auto","background-attachment":"scroll","background-type":"","background-media":"","overlay-type":"","overlay-color":"","overlay-opacity":"","overlay-gradient":""},"tablet":{"background-color":"","background-image":"","background-repeat":"repeat","background-position":"center center","background-size":"auto","background-attachment":"scroll","background-type":"","background-media":"","overlay-type":"","overlay-color":"","overlay-opacity":"","overlay-gradient":""},"mobile":{"background-color":"","background-image":"","background-repeat":"repeat","background-position":"center center","background-size":"auto","background-attachment":"scroll","background-type":"","background-media":"","overlay-type":"","overlay-color":"","overlay-opacity":"","overlay-gradient":""}},"ast-content-background-meta":{"desktop":{"background-color":"var(--ast-global-color-4)","background-image":"","background-repeat":"repeat","background-position":"center center","background-size":"auto","background-attachment":"scroll","background-type":"","background-media":"","overlay-type":"","overlay-color":"","overlay-opacity":"","overlay-gradient":""},"tablet":{"background-color":"var(--ast-global-color-4)","background-image":"","background-repeat":"repeat","background-position":"center center","background-size":"auto","background-attachment":"scroll","background-type":"","background-media":"","overlay-type":"","overlay-color":"","overlay-opacity":"","overlay-gradient":""},"mobile":{"background-color":"var(--ast-global-color-4)","background-image":"","background-repeat":"repeat","background-position":"center center","background-size":"auto","background-attachment":"scroll","background-type":"","background-media":"","overlay-type":"","overlay-color":"","overlay-opacity":"","overlay-gradient":""}}},"product_brand":[],"product_cat":[167],"product_tag":[],"class_list":{"0":"post-16472","1":"product","2":"type-product","3":"status-publish","4":"has-post-thumbnail","6":"product_cat-fotturer-camping-og-fritidsartikler","7":"pa_65946_w75eetf2-gronn","8":"pa_65946_w75eetf2-khaki","9":"pa_65946_w75eetf2-svart","10":"desktop-align-left","11":"tablet-align-left","12":"mobile-align-left","14":"first","15":"instock","16":"shipping-taxable","17":"purchasable","18":"product-type-variable"},"yoast_head":"<!-- This site is optimized with the Yoast SEO plugin v26.6 - https:\/\/yoast.com\/wordpress\/plugins\/seo\/ -->\n<title>Utend\u00f8rs telefonholder - Mekulo NO<\/title>\n<meta name=\"robots\" content=\"index, follow, max-snippet:-1, max-image-preview:large, max-video-preview:-1\" \/>\n<link rel=\"canonical\" href=\"https:\/\/mekulo.com\/no\/produkt\/utendors-telefonholder\/\" \/>\n<meta property=\"og:locale\" content=\"nb_NO\" \/>\n<meta property=\"og:type\" content=\"article\" \/>\n<meta property=\"og:title\" content=\"Utend\u00f8rs telefonholder - Mekulo NO\" \/>\n<meta property=\"og:description\" content=\"Denne telefonholderen monteres direkte p\u00e5 MOLLE-utstyr og holder telefonen p\u00e5 plass mens du beveger deg. Den er lett, enkel \u00e5 montere og perfekt for jakt, camping, trening eller taktisk bruk der rask tilgang og stabilitet er viktig.\" \/>\n<meta property=\"og:url\" content=\"https:\/\/mekulo.com\/no\/produkt\/utendors-telefonholder\/\" \/>\n<meta property=\"og:site_name\" content=\"Mekulo NO\" \/>\n<meta property=\"article:modified_time\" content=\"2026-01-09T14:58:10+00:00\" \/>\n<meta property=\"og:image\" content=\"https:\/\/mekulo.com\/no\/wp-content\/uploads\/sites\/10\/2026\/01\/aqs6j6i-1.jpeg\" \/>\n\t<meta property=\"og:image:width\" content=\"1000\" \/>\n\t<meta property=\"og:image:height\" content=\"1000\" \/>\n\t<meta property=\"og:image:type\" content=\"image\/jpeg\" \/>\n<meta name=\"twitter:card\" content=\"summary_large_image\" \/>\n<meta name=\"twitter:label1\" content=\"Ansl. lesetid\" \/>\n\t<meta name=\"twitter:data1\" content=\"2 minutter\" \/>\n<script type=\"application\/ld+json\" class=\"yoast-schema-graph\">{\"@context\":\"https:\/\/schema.org\",\"@graph\":[{\"@type\":\"WebPage\",\"@id\":\"https:\/\/mekulo.com\/no\/produkt\/utendors-telefonholder\/\",\"url\":\"https:\/\/mekulo.com\/no\/produkt\/utendors-telefonholder\/\",\"name\":\"Utend\u00f8rs telefonholder - Mekulo NO\",\"isPartOf\":{\"@id\":\"https:\/\/mekulo.com\/no\/#website\"},\"primaryImageOfPage\":{\"@id\":\"https:\/\/mekulo.com\/no\/produkt\/utendors-telefonholder\/#primaryimage\"},\"image\":{\"@id\":\"https:\/\/mekulo.com\/no\/produkt\/utendors-telefonholder\/#primaryimage\"},\"thumbnailUrl\":\"https:\/\/mekulo.com\/no\/wp-content\/uploads\/sites\/10\/2026\/01\/aqs6j6i-1.jpeg\",\"datePublished\":\"2026-01-09T10:42:26+00:00\",\"dateModified\":\"2026-01-09T14:58:10+00:00\",\"breadcrumb\":{\"@id\":\"https:\/\/mekulo.com\/no\/produkt\/utendors-telefonholder\/#breadcrumb\"},\"inLanguage\":\"nb-NO\",\"potentialAction\":[{\"@type\":\"ReadAction\",\"target\":[\"https:\/\/mekulo.com\/no\/produkt\/utendors-telefonholder\/\"]}]},{\"@type\":\"ImageObject\",\"inLanguage\":\"nb-NO\",\"@id\":\"https:\/\/mekulo.com\/no\/produkt\/utendors-telefonholder\/#primaryimage\",\"url\":\"https:\/\/mekulo.com\/no\/wp-content\/uploads\/sites\/10\/2026\/01\/aqs6j6i-1.jpeg\",\"contentUrl\":\"https:\/\/mekulo.com\/no\/wp-content\/uploads\/sites\/10\/2026\/01\/aqs6j6i-1.jpeg\",\"width\":1000,\"height\":1000},{\"@type\":\"BreadcrumbList\",\"@id\":\"https:\/\/mekulo.com\/no\/produkt\/utendors-telefonholder\/#breadcrumb\",\"itemListElement\":[{\"@type\":\"ListItem\",\"position\":1,\"name\":\"Home\",\"item\":\"https:\/\/mekulo.com\/no\/\"},{\"@type\":\"ListItem\",\"position\":2,\"name\":\"Butikk\",\"item\":\"https:\/\/mekulo.com\/no\/butikk\/\"},{\"@type\":\"ListItem\",\"position\":3,\"name\":\"Utend\u00f8rs telefonholder\"}]},{\"@type\":\"WebSite\",\"@id\":\"https:\/\/mekulo.com\/no\/#website\",\"url\":\"https:\/\/mekulo.com\/no\/\",\"name\":\"Mekulo NO\",\"description\":\"\",\"publisher\":{\"@id\":\"https:\/\/mekulo.com\/no\/#organization\"},\"potentialAction\":[{\"@type\":\"SearchAction\",\"target\":{\"@type\":\"EntryPoint\",\"urlTemplate\":\"https:\/\/mekulo.com\/no\/?s={search_term_string}\"},\"query-input\":{\"@type\":\"PropertyValueSpecification\",\"valueRequired\":true,\"valueName\":\"search_term_string\"}}],\"inLanguage\":\"nb-NO\"},{\"@type\":\"Organization\",\"@id\":\"https:\/\/mekulo.com\/no\/#organization\",\"name\":\"Mekulo\",\"url\":\"https:\/\/mekulo.com\/no\/\",\"logo\":{\"@type\":\"ImageObject\",\"inLanguage\":\"nb-NO\",\"@id\":\"https:\/\/mekulo.com\/no\/#\/schema\/logo\/image\/\",\"url\":\"https:\/\/mekulo.com\/no\/wp-content\/uploads\/sites\/10\/2025\/12\/favicon_mekulo.png\",\"contentUrl\":\"https:\/\/mekulo.com\/no\/wp-content\/uploads\/sites\/10\/2025\/12\/favicon_mekulo.png\",\"width\":50,\"height\":50,\"caption\":\"Mekulo\"},\"image\":{\"@id\":\"https:\/\/mekulo.com\/no\/#\/schema\/logo\/image\/\"}}]}<\/script>\n<!-- \/ Yoast SEO plugin. -->","yoast_head_json":{"title":"Utend\u00f8rs telefonholder - Mekulo NO","robots":{"index":"index","follow":"follow","max-snippet":"max-snippet:-1","max-image-preview":"max-image-preview:large","max-video-preview":"max-video-preview:-1"},"canonical":"https:\/\/mekulo.com\/no\/produkt\/utendors-telefonholder\/","og_locale":"nb_NO","og_type":"article","og_title":"Utend\u00f8rs telefonholder - Mekulo NO","og_description":"Denne telefonholderen monteres direkte p\u00e5 MOLLE-utstyr og holder telefonen p\u00e5 plass mens du beveger deg. Den er lett, enkel \u00e5 montere og perfekt for jakt, camping, trening eller taktisk bruk der rask tilgang og stabilitet er viktig.","og_url":"https:\/\/mekulo.com\/no\/produkt\/utendors-telefonholder\/","og_site_name":"Mekulo NO","article_modified_time":"2026-01-09T14:58:10+00:00","og_image":[{"width":1000,"height":1000,"url":"https:\/\/mekulo.com\/no\/wp-content\/uploads\/sites\/10\/2026\/01\/aqs6j6i-1.jpeg","type":"image\/jpeg"}],"twitter_card":"summary_large_image","twitter_misc":{"Ansl. lesetid":"2 minutter"},"schema":{"@context":"https:\/\/schema.org","@graph":[{"@type":"WebPage","@id":"https:\/\/mekulo.com\/no\/produkt\/utendors-telefonholder\/","url":"https:\/\/mekulo.com\/no\/produkt\/utendors-telefonholder\/","name":"Utend\u00f8rs telefonholder - Mekulo NO","isPartOf":{"@id":"https:\/\/mekulo.com\/no\/#website"},"primaryImageOfPage":{"@id":"https:\/\/mekulo.com\/no\/produkt\/utendors-telefonholder\/#primaryimage"},"image":{"@id":"https:\/\/mekulo.com\/no\/produkt\/utendors-telefonholder\/#primaryimage"},"thumbnailUrl":"https:\/\/mekulo.com\/no\/wp-content\/uploads\/sites\/10\/2026\/01\/aqs6j6i-1.jpeg","datePublished":"2026-01-09T10:42:26+00:00","dateModified":"2026-01-09T14:58:10+00:00","breadcrumb":{"@id":"https:\/\/mekulo.com\/no\/produkt\/utendors-telefonholder\/#breadcrumb"},"inLanguage":"nb-NO","potentialAction":[{"@type":"ReadAction","target":["https:\/\/mekulo.com\/no\/produkt\/utendors-telefonholder\/"]}]},{"@type":"ImageObject","inLanguage":"nb-NO","@id":"https:\/\/mekulo.com\/no\/produkt\/utendors-telefonholder\/#primaryimage","url":"https:\/\/mekulo.com\/no\/wp-content\/uploads\/sites\/10\/2026\/01\/aqs6j6i-1.jpeg","contentUrl":"https:\/\/mekulo.com\/no\/wp-content\/uploads\/sites\/10\/2026\/01\/aqs6j6i-1.jpeg","width":1000,"height":1000},{"@type":"BreadcrumbList","@id":"https:\/\/mekulo.com\/no\/produkt\/utendors-telefonholder\/#breadcrumb","itemListElement":[{"@type":"ListItem","position":1,"name":"Home","item":"https:\/\/mekulo.com\/no\/"},{"@type":"ListItem","position":2,"name":"Butikk","item":"https:\/\/mekulo.com\/no\/butikk\/"},{"@type":"ListItem","position":3,"name":"Utend\u00f8rs telefonholder"}]},{"@type":"WebSite","@id":"https:\/\/mekulo.com\/no\/#website","url":"https:\/\/mekulo.com\/no\/","name":"Mekulo NO","description":"","publisher":{"@id":"https:\/\/mekulo.com\/no\/#organization"},"potentialAction":[{"@type":"SearchAction","target":{"@type":"EntryPoint","urlTemplate":"https:\/\/mekulo.com\/no\/?s={search_term_string}"},"query-input":{"@type":"PropertyValueSpecification","valueRequired":true,"valueName":"search_term_string"}}],"inLanguage":"nb-NO"},{"@type":"Organization","@id":"https:\/\/mekulo.com\/no\/#organization","name":"Mekulo","url":"https:\/\/mekulo.com\/no\/","logo":{"@type":"ImageObject","inLanguage":"nb-NO","@id":"https:\/\/mekulo.com\/no\/#\/schema\/logo\/image\/","url":"https:\/\/mekulo.com\/no\/wp-content\/uploads\/sites\/10\/2025\/12\/favicon_mekulo.png","contentUrl":"https:\/\/mekulo.com\/no\/wp-content\/uploads\/sites\/10\/2025\/12\/favicon_mekulo.png","width":50,"height":50,"caption":"Mekulo"},"image":{"@id":"https:\/\/mekulo.com\/no\/#\/schema\/logo\/image\/"}}]}},"_links":{"self":[{"href":"https:\/\/mekulo.com\/no\/wp-json\/wp\/v2\/product\/16472","targetHints":{"allow":["GET"]}}],"collection":[{"href":"https:\/\/mekulo.com\/no\/wp-json\/wp\/v2\/product"}],"about":[{"href":"https:\/\/mekulo.com\/no\/wp-json\/wp\/v2\/types\/product"}],"replies":[{"embeddable":true,"href":"https:\/\/mekulo.com\/no\/wp-json\/wp\/v2\/comments?post=16472"}],"wp:featuredmedia":[{"embeddable":true,"href":"https:\/\/mekulo.com\/no\/wp-json\/wp\/v2\/media\/16468"}],"wp:attachment":[{"href":"https:\/\/mekulo.com\/no\/wp-json\/wp\/v2\/media?parent=16472"}],"wp:term":[{"taxonomy":"product_brand","embeddable":true,"href":"https:\/\/mekulo.com\/no\/wp-json\/wp\/v2\/product_brand?post=16472"},{"taxonomy":"product_cat","embeddable":true,"href":"https:\/\/mekulo.com\/no\/wp-json\/wp\/v2\/product_cat?post=16472"},{"taxonomy":"product_tag","embeddable":true,"href":"https:\/\/mekulo.com\/no\/wp-json\/wp\/v2\/product_tag?post=16472"}],"curies":[{"name":"wp","href":"https:\/\/api.w.org\/{rel}","templated":true}]}}