{"id":16399,"date":"2026-01-09T12:37:38","date_gmt":"2026-01-09T10:37:38","guid":{"rendered":"https:\/\/mekulo.com\/no\/produkt\/parykk-i-naturlig-kort-har\/"},"modified":"2026-01-09T16:50:10","modified_gmt":"2026-01-09T14:50:10","slug":"parykk-i-naturlig-kort-har","status":"publish","type":"product","link":"https:\/\/mekulo.com\/no\/produkt\/parykk-i-naturlig-kort-har\/","title":{"rendered":"Parykk i naturlig kort h\u00e5r"},"content":{"rendered":"<p style=\"text-align: center;\" data-start=\"0\" data-end=\"77\"><strong data-start=\"0\" data-end=\"77\">Oppfrisk looken din \u00f8yeblikkelig med naturlig lugg &#8211; uten behov for klipping. \ud83d\udc71\u200d\u2640\ufe0f\ud83d\udc87\u200d\u2640\ufe0f<\/strong><\/p>\n<p data-start=\"79\" data-end=\"360\"><img fetchpriority=\"high\" decoding=\"async\" class=\"size-full wp-image-47891 aligncenter\" src=\"https:\/\/keluvo.com\/template\/wp-content\/uploads\/sites\/5\/2025\/12\/122127-ezgif.com-video-to-webp-converter-1.webp\" alt=\"\" width=\"500\" height=\"500\" \/><\/p>\n<h2 style=\"text-align: center;\" data-start=\"367\" data-end=\"387\">\ud83c\udf1f Hovedfordeler<\/h2>\n<p data-start=\"391\" data-end=\"476\">\u2702\ufe0f Ingen klipping n\u00f8dvendig &#8211; f\u00e5 stilig lugg uten \u00e5 binde deg til en ekte h\u00e5rklipp.<\/p>\n<p data-start=\"479\" data-end=\"547\">\ud83d\udd25 Varmebestandig fiber &#8211; kan kr\u00f8lles eller glattes trygt.<\/p>\n<p data-start=\"550\" data-end=\"609\">\ud83d\udcce Enkel klipp-inn-design &#8211; festes og fjernes p\u00e5 f\u00e5 sekunder.<\/p>\n<p data-start=\"612\" data-end=\"673\">\ud83c\udf3f Naturlig utseende &#8211; passer s\u00f8ml\u00f8st sammen med det ekte h\u00e5ret ditt.<\/p>\n<p data-start=\"676\" data-end=\"732\">\ud83e\udeb6 Lett komfort &#8211; bare 45 g for bruk hele dagen.<\/p>\n<p data-start=\"735\" data-end=\"800\">\ud83c\udfa8 Ren fargefinish &#8211; rene, realistiske farger uten glans.<\/p>\n<p data-start=\"735\" data-end=\"800\"><img decoding=\"async\" class=\"size-full wp-image-47890 aligncenter\" src=\"https:\/\/keluvo.com\/template\/wp-content\/uploads\/sites\/5\/2025\/12\/122128-ezgif.com-video-to-webp-converter-1.webp\" alt=\"\" width=\"500\" height=\"500\" \/><\/p>\n<h2 style=\"text-align: center;\" data-start=\"807\" data-end=\"824\">\ud83e\udde9 Slik Bruker Du Den<\/h2>\n<ol data-start=\"826\" data-end=\"1061\">\n<li data-start=\"826\" data-end=\"858\">\n<p data-start=\"829\" data-end=\"858\">\u00c5pne klipset p\u00e5 luggen.<\/p>\n<\/li>\n<li data-start=\"859\" data-end=\"908\">\n<p data-start=\"862\" data-end=\"908\">Plasser parykken foran h\u00e5rfestet.<\/p>\n<\/li>\n<li data-start=\"909\" data-end=\"957\">\n<p data-start=\"912\" data-end=\"957\">Klikk klipset igjen for \u00e5 feste den p\u00e5 plass.<\/p>\n<\/li>\n<li data-start=\"958\" data-end=\"1012\">\n<p data-start=\"961\" data-end=\"1012\">Style med fingrene eller et varmeverkt\u00f8y om n\u00f8dvendig.<\/p>\n<\/li>\n<li data-start=\"1013\" data-end=\"1061\">\n<p data-start=\"1016\" data-end=\"1061\">Fjern enkelt n\u00e5r du er ferdig &#8211; ingen rester eller skader.<\/p>\n<\/li>\n<\/ol>\n<h2 style=\"text-align: center;\" data-start=\"1068\" data-end=\"1090\">\ud83d\udccc Produktdetaljer<\/h2>\n<ul data-start=\"1092\" data-end=\"1332\">\n<li data-start=\"1133\" data-end=\"1179\">\n<p data-start=\"1135\" data-end=\"1179\">Materiale: Syntetisk fiber med h\u00f8y temperatur<\/p>\n<\/li>\n<li data-start=\"1180\" data-end=\"1207\">\n<p data-start=\"1182\" data-end=\"1207\">Type lugg: Stump smell<\/p>\n<\/li>\n<li data-start=\"1208\" data-end=\"1236\">\n<p data-start=\"1210\" data-end=\"1236\">Feste type: Klipp inn<\/p>\n<\/li>\n<li data-start=\"1237\" data-end=\"1252\">\n<p data-start=\"1239\" data-end=\"1252\">Vekt: 45g<\/p>\n<\/li>\n<li data-start=\"1280\" data-end=\"1332\">\n<p data-start=\"1282\" data-end=\"1332\">Varmestyling: Ja, kan permanentes eller rettes ut<\/p>\n<\/li>\n<\/ul>\n<h2 style=\"text-align: center;\" data-start=\"1339\" data-end=\"1362\">\ud83d\udce6 Pakken inkluderer<\/h2>\n<ul data-start=\"1364\" data-end=\"1411\" data-is-last-node=\"\" data-is-only-node=\"\">\n<li data-start=\"1364\" data-end=\"1411\" data-is-last-node=\"\">\n<p data-start=\"1366\" data-end=\"1411\" data-is-last-node=\"\">1x naturlig kort h\u00e5rparykk.<\/p>\n<\/li>\n<\/ul>\n","protected":false},"excerpt":{"rendered":"<p>Med denne naturlige korth\u00e5rsparykken med clip-in-lugg kan du endre frisyre p\u00e5 f\u00e5 sekunder uten \u00e5 klippe eller skade det ekte h\u00e5ret ditt. Parykken er laget av h\u00f8ytemperaturfiber som smelter jevnt sammen med h\u00e5ret ditt og kan styles slik at den passer til hverdags, jobb eller spesielle anledninger.<\/p>\n","protected":false},"featured_media":16395,"comment_status":"open","ping_status":"closed","template":"","meta":{"site-sidebar-layout":"default","site-content-layout":"","ast-site-content-layout":"default","site-content-style":"default","site-sidebar-style":"default","ast-global-header-display":"","ast-banner-title-visibility":"","ast-main-header-display":"","ast-hfb-above-header-display":"","ast-hfb-below-header-display":"","ast-hfb-mobile-header-display":"","site-post-title":"","ast-breadcrumbs-content":"","ast-featured-img":"","footer-sml-layout":"","theme-transparent-header-meta":"default","adv-header-id-meta":"","stick-header-meta":"","header-above-stick-meta":"","header-main-stick-meta":"","header-below-stick-meta":"","astra-migrate-meta-layouts":"set","ast-page-background-enabled":"default","ast-page-background-meta":{"desktop":{"background-color":"var(--ast-global-color-5)","background-image":"","background-repeat":"repeat","background-position":"center center","background-size":"auto","background-attachment":"scroll","background-type":"","background-media":"","overlay-type":"","overlay-color":"","overlay-opacity":"","overlay-gradient":""},"tablet":{"background-color":"","background-image":"","background-repeat":"repeat","background-position":"center center","background-size":"auto","background-attachment":"scroll","background-type":"","background-media":"","overlay-type":"","overlay-color":"","overlay-opacity":"","overlay-gradient":""},"mobile":{"background-color":"","background-image":"","background-repeat":"repeat","background-position":"center center","background-size":"auto","background-attachment":"scroll","background-type":"","background-media":"","overlay-type":"","overlay-color":"","overlay-opacity":"","overlay-gradient":""}},"ast-content-background-meta":{"desktop":{"background-color":"var(--ast-global-color-4)","background-image":"","background-repeat":"repeat","background-position":"center center","background-size":"auto","background-attachment":"scroll","background-type":"","background-media":"","overlay-type":"","overlay-color":"","overlay-opacity":"","overlay-gradient":""},"tablet":{"background-color":"var(--ast-global-color-4)","background-image":"","background-repeat":"repeat","background-position":"center center","background-size":"auto","background-attachment":"scroll","background-type":"","background-media":"","overlay-type":"","overlay-color":"","overlay-opacity":"","overlay-gradient":""},"mobile":{"background-color":"var(--ast-global-color-4)","background-image":"","background-repeat":"repeat","background-position":"center center","background-size":"auto","background-attachment":"scroll","background-type":"","background-media":"","overlay-type":"","overlay-color":"","overlay-opacity":"","overlay-gradient":""}}},"product_brand":[],"product_cat":[15],"product_tag":[],"class_list":{"0":"post-16399","1":"product","2":"type-product","3":"status-publish","4":"has-post-thumbnail","6":"product_cat-uncategorized","7":"pa_65625_8czql1w7-a","8":"pa_65625_8czql1w7-b","9":"pa_65625_8czql1w7-c","10":"pa_65625_8czql1w7-d","11":"pa_65625_8czql1w7-e","12":"pa_65625_8czql1w7-f","13":"pa_65625_8czql1w7-g","14":"pa_65625_8czql1w7-h","15":"pa_65625_8czql1w7-i","16":"pa_65625_8czql1w7-j","17":"pa_65625_8czql1w7-k","18":"desktop-align-left","19":"tablet-align-left","20":"mobile-align-left","22":"first","23":"instock","24":"shipping-taxable","25":"purchasable","26":"product-type-variable"},"yoast_head":"<!-- This site is optimized with the Yoast SEO plugin v26.6 - https:\/\/yoast.com\/wordpress\/plugins\/seo\/ -->\n<title>Parykk i naturlig kort h\u00e5r - Mekulo NO<\/title>\n<meta name=\"robots\" content=\"index, follow, max-snippet:-1, max-image-preview:large, max-video-preview:-1\" \/>\n<link rel=\"canonical\" href=\"https:\/\/mekulo.com\/no\/produkt\/parykk-i-naturlig-kort-har\/\" \/>\n<meta property=\"og:locale\" content=\"nb_NO\" \/>\n<meta property=\"og:type\" content=\"article\" \/>\n<meta property=\"og:title\" content=\"Parykk i naturlig kort h\u00e5r - Mekulo NO\" \/>\n<meta property=\"og:description\" content=\"Med denne naturlige korth\u00e5rsparykken med clip-in-lugg kan du endre frisyre p\u00e5 f\u00e5 sekunder uten \u00e5 klippe eller skade det ekte h\u00e5ret ditt. Parykken er laget av h\u00f8ytemperaturfiber som smelter jevnt sammen med h\u00e5ret ditt og kan styles slik at den passer til hverdags, jobb eller spesielle anledninger.\" \/>\n<meta property=\"og:url\" content=\"https:\/\/mekulo.com\/no\/produkt\/parykk-i-naturlig-kort-har\/\" \/>\n<meta property=\"og:site_name\" content=\"Mekulo NO\" \/>\n<meta property=\"article:modified_time\" content=\"2026-01-09T14:50:10+00:00\" \/>\n<meta property=\"og:image\" content=\"https:\/\/mekulo.com\/no\/wp-content\/uploads\/sites\/10\/2026\/01\/otgn1fc-1.jpg\" \/>\n\t<meta property=\"og:image:width\" content=\"800\" \/>\n\t<meta property=\"og:image:height\" content=\"800\" \/>\n\t<meta property=\"og:image:type\" content=\"image\/jpeg\" \/>\n<meta name=\"twitter:card\" content=\"summary_large_image\" \/>\n<meta name=\"twitter:label1\" content=\"Ansl. lesetid\" \/>\n\t<meta name=\"twitter:data1\" content=\"2 minutter\" \/>\n<script type=\"application\/ld+json\" class=\"yoast-schema-graph\">{\"@context\":\"https:\/\/schema.org\",\"@graph\":[{\"@type\":\"WebPage\",\"@id\":\"https:\/\/mekulo.com\/no\/produkt\/parykk-i-naturlig-kort-har\/\",\"url\":\"https:\/\/mekulo.com\/no\/produkt\/parykk-i-naturlig-kort-har\/\",\"name\":\"Parykk i naturlig kort h\u00e5r - Mekulo NO\",\"isPartOf\":{\"@id\":\"https:\/\/mekulo.com\/no\/#website\"},\"primaryImageOfPage\":{\"@id\":\"https:\/\/mekulo.com\/no\/produkt\/parykk-i-naturlig-kort-har\/#primaryimage\"},\"image\":{\"@id\":\"https:\/\/mekulo.com\/no\/produkt\/parykk-i-naturlig-kort-har\/#primaryimage\"},\"thumbnailUrl\":\"https:\/\/mekulo.com\/no\/wp-content\/uploads\/sites\/10\/2026\/01\/otgn1fc-1.jpg\",\"datePublished\":\"2026-01-09T10:37:38+00:00\",\"dateModified\":\"2026-01-09T14:50:10+00:00\",\"breadcrumb\":{\"@id\":\"https:\/\/mekulo.com\/no\/produkt\/parykk-i-naturlig-kort-har\/#breadcrumb\"},\"inLanguage\":\"nb-NO\",\"potentialAction\":[{\"@type\":\"ReadAction\",\"target\":[\"https:\/\/mekulo.com\/no\/produkt\/parykk-i-naturlig-kort-har\/\"]}]},{\"@type\":\"ImageObject\",\"inLanguage\":\"nb-NO\",\"@id\":\"https:\/\/mekulo.com\/no\/produkt\/parykk-i-naturlig-kort-har\/#primaryimage\",\"url\":\"https:\/\/mekulo.com\/no\/wp-content\/uploads\/sites\/10\/2026\/01\/otgn1fc-1.jpg\",\"contentUrl\":\"https:\/\/mekulo.com\/no\/wp-content\/uploads\/sites\/10\/2026\/01\/otgn1fc-1.jpg\",\"width\":800,\"height\":800},{\"@type\":\"BreadcrumbList\",\"@id\":\"https:\/\/mekulo.com\/no\/produkt\/parykk-i-naturlig-kort-har\/#breadcrumb\",\"itemListElement\":[{\"@type\":\"ListItem\",\"position\":1,\"name\":\"Home\",\"item\":\"https:\/\/mekulo.com\/no\/\"},{\"@type\":\"ListItem\",\"position\":2,\"name\":\"Butikk\",\"item\":\"https:\/\/mekulo.com\/no\/butikk\/\"},{\"@type\":\"ListItem\",\"position\":3,\"name\":\"Parykk i naturlig kort h\u00e5r\"}]},{\"@type\":\"WebSite\",\"@id\":\"https:\/\/mekulo.com\/no\/#website\",\"url\":\"https:\/\/mekulo.com\/no\/\",\"name\":\"Mekulo NO\",\"description\":\"\",\"publisher\":{\"@id\":\"https:\/\/mekulo.com\/no\/#organization\"},\"potentialAction\":[{\"@type\":\"SearchAction\",\"target\":{\"@type\":\"EntryPoint\",\"urlTemplate\":\"https:\/\/mekulo.com\/no\/?s={search_term_string}\"},\"query-input\":{\"@type\":\"PropertyValueSpecification\",\"valueRequired\":true,\"valueName\":\"search_term_string\"}}],\"inLanguage\":\"nb-NO\"},{\"@type\":\"Organization\",\"@id\":\"https:\/\/mekulo.com\/no\/#organization\",\"name\":\"Mekulo\",\"url\":\"https:\/\/mekulo.com\/no\/\",\"logo\":{\"@type\":\"ImageObject\",\"inLanguage\":\"nb-NO\",\"@id\":\"https:\/\/mekulo.com\/no\/#\/schema\/logo\/image\/\",\"url\":\"https:\/\/mekulo.com\/no\/wp-content\/uploads\/sites\/10\/2025\/12\/favicon_mekulo.png\",\"contentUrl\":\"https:\/\/mekulo.com\/no\/wp-content\/uploads\/sites\/10\/2025\/12\/favicon_mekulo.png\",\"width\":50,\"height\":50,\"caption\":\"Mekulo\"},\"image\":{\"@id\":\"https:\/\/mekulo.com\/no\/#\/schema\/logo\/image\/\"}}]}<\/script>\n<!-- \/ Yoast SEO plugin. -->","yoast_head_json":{"title":"Parykk i naturlig kort h\u00e5r - Mekulo NO","robots":{"index":"index","follow":"follow","max-snippet":"max-snippet:-1","max-image-preview":"max-image-preview:large","max-video-preview":"max-video-preview:-1"},"canonical":"https:\/\/mekulo.com\/no\/produkt\/parykk-i-naturlig-kort-har\/","og_locale":"nb_NO","og_type":"article","og_title":"Parykk i naturlig kort h\u00e5r - Mekulo NO","og_description":"Med denne naturlige korth\u00e5rsparykken med clip-in-lugg kan du endre frisyre p\u00e5 f\u00e5 sekunder uten \u00e5 klippe eller skade det ekte h\u00e5ret ditt. Parykken er laget av h\u00f8ytemperaturfiber som smelter jevnt sammen med h\u00e5ret ditt og kan styles slik at den passer til hverdags, jobb eller spesielle anledninger.","og_url":"https:\/\/mekulo.com\/no\/produkt\/parykk-i-naturlig-kort-har\/","og_site_name":"Mekulo NO","article_modified_time":"2026-01-09T14:50:10+00:00","og_image":[{"width":800,"height":800,"url":"https:\/\/mekulo.com\/no\/wp-content\/uploads\/sites\/10\/2026\/01\/otgn1fc-1.jpg","type":"image\/jpeg"}],"twitter_card":"summary_large_image","twitter_misc":{"Ansl. lesetid":"2 minutter"},"schema":{"@context":"https:\/\/schema.org","@graph":[{"@type":"WebPage","@id":"https:\/\/mekulo.com\/no\/produkt\/parykk-i-naturlig-kort-har\/","url":"https:\/\/mekulo.com\/no\/produkt\/parykk-i-naturlig-kort-har\/","name":"Parykk i naturlig kort h\u00e5r - Mekulo NO","isPartOf":{"@id":"https:\/\/mekulo.com\/no\/#website"},"primaryImageOfPage":{"@id":"https:\/\/mekulo.com\/no\/produkt\/parykk-i-naturlig-kort-har\/#primaryimage"},"image":{"@id":"https:\/\/mekulo.com\/no\/produkt\/parykk-i-naturlig-kort-har\/#primaryimage"},"thumbnailUrl":"https:\/\/mekulo.com\/no\/wp-content\/uploads\/sites\/10\/2026\/01\/otgn1fc-1.jpg","datePublished":"2026-01-09T10:37:38+00:00","dateModified":"2026-01-09T14:50:10+00:00","breadcrumb":{"@id":"https:\/\/mekulo.com\/no\/produkt\/parykk-i-naturlig-kort-har\/#breadcrumb"},"inLanguage":"nb-NO","potentialAction":[{"@type":"ReadAction","target":["https:\/\/mekulo.com\/no\/produkt\/parykk-i-naturlig-kort-har\/"]}]},{"@type":"ImageObject","inLanguage":"nb-NO","@id":"https:\/\/mekulo.com\/no\/produkt\/parykk-i-naturlig-kort-har\/#primaryimage","url":"https:\/\/mekulo.com\/no\/wp-content\/uploads\/sites\/10\/2026\/01\/otgn1fc-1.jpg","contentUrl":"https:\/\/mekulo.com\/no\/wp-content\/uploads\/sites\/10\/2026\/01\/otgn1fc-1.jpg","width":800,"height":800},{"@type":"BreadcrumbList","@id":"https:\/\/mekulo.com\/no\/produkt\/parykk-i-naturlig-kort-har\/#breadcrumb","itemListElement":[{"@type":"ListItem","position":1,"name":"Home","item":"https:\/\/mekulo.com\/no\/"},{"@type":"ListItem","position":2,"name":"Butikk","item":"https:\/\/mekulo.com\/no\/butikk\/"},{"@type":"ListItem","position":3,"name":"Parykk i naturlig kort h\u00e5r"}]},{"@type":"WebSite","@id":"https:\/\/mekulo.com\/no\/#website","url":"https:\/\/mekulo.com\/no\/","name":"Mekulo NO","description":"","publisher":{"@id":"https:\/\/mekulo.com\/no\/#organization"},"potentialAction":[{"@type":"SearchAction","target":{"@type":"EntryPoint","urlTemplate":"https:\/\/mekulo.com\/no\/?s={search_term_string}"},"query-input":{"@type":"PropertyValueSpecification","valueRequired":true,"valueName":"search_term_string"}}],"inLanguage":"nb-NO"},{"@type":"Organization","@id":"https:\/\/mekulo.com\/no\/#organization","name":"Mekulo","url":"https:\/\/mekulo.com\/no\/","logo":{"@type":"ImageObject","inLanguage":"nb-NO","@id":"https:\/\/mekulo.com\/no\/#\/schema\/logo\/image\/","url":"https:\/\/mekulo.com\/no\/wp-content\/uploads\/sites\/10\/2025\/12\/favicon_mekulo.png","contentUrl":"https:\/\/mekulo.com\/no\/wp-content\/uploads\/sites\/10\/2025\/12\/favicon_mekulo.png","width":50,"height":50,"caption":"Mekulo"},"image":{"@id":"https:\/\/mekulo.com\/no\/#\/schema\/logo\/image\/"}}]}},"_links":{"self":[{"href":"https:\/\/mekulo.com\/no\/wp-json\/wp\/v2\/product\/16399","targetHints":{"allow":["GET"]}}],"collection":[{"href":"https:\/\/mekulo.com\/no\/wp-json\/wp\/v2\/product"}],"about":[{"href":"https:\/\/mekulo.com\/no\/wp-json\/wp\/v2\/types\/product"}],"replies":[{"embeddable":true,"href":"https:\/\/mekulo.com\/no\/wp-json\/wp\/v2\/comments?post=16399"}],"wp:featuredmedia":[{"embeddable":true,"href":"https:\/\/mekulo.com\/no\/wp-json\/wp\/v2\/media\/16395"}],"wp:attachment":[{"href":"https:\/\/mekulo.com\/no\/wp-json\/wp\/v2\/media?parent=16399"}],"wp:term":[{"taxonomy":"product_brand","embeddable":true,"href":"https:\/\/mekulo.com\/no\/wp-json\/wp\/v2\/product_brand?post=16399"},{"taxonomy":"product_cat","embeddable":true,"href":"https:\/\/mekulo.com\/no\/wp-json\/wp\/v2\/product_cat?post=16399"},{"taxonomy":"product_tag","embeddable":true,"href":"https:\/\/mekulo.com\/no\/wp-json\/wp\/v2\/product_tag?post=16399"}],"curies":[{"name":"wp","href":"https:\/\/api.w.org\/{rel}","templated":true}]}}