{"id":16362,"date":"2026-01-09T12:33:30","date_gmt":"2026-01-09T10:33:30","guid":{"rendered":"https:\/\/mekulo.com\/no\/produkt\/sett-med-hoytrykksforlenger\/"},"modified":"2026-01-09T16:42:48","modified_gmt":"2026-01-09T14:42:48","slug":"sett-med-hoytrykksforlenger","status":"publish","type":"product","link":"https:\/\/mekulo.com\/no\/produkt\/sett-med-hoytrykksforlenger\/","title":{"rendered":"Sett med h\u00f8ytrykksforlenger"},"content":{"rendered":"<p style=\"text-align: center;\" data-start=\"0\" data-end=\"69\"><strong data-start=\"0\" data-end=\"69\">Rengj\u00f8r h\u00f8ye og vanskelig tilgjengelige omr\u00e5der trygt uten bruk av stige. \ud83d\udca6<\/strong><img fetchpriority=\"high\" decoding=\"async\" class=\"size-full wp-image-48211 aligncenter\" src=\"https:\/\/keluvo.com\/template\/wp-content\/uploads\/sites\/5\/2026\/01\/12217-ezgif.com-video-to-webp-converter.webp\" alt=\"\" width=\"500\" height=\"500\" \/><\/p>\n<h2 style=\"text-align: center;\" data-start=\"318\" data-end=\"338\"><strong>Hovedfordeler<\/strong><\/h2>\n<p data-start=\"342\" data-end=\"427\">\ud83c\udfe0 N\u00e5 enkelt h\u00f8ye steder &#8211; Rengj\u00f8r tak, takrenner og vinduer fra bakken.<\/p>\n<p data-start=\"430\" data-end=\"508\">\ud83d\udca6 Flere munnstykker &#8211; 0\u00b0, 15\u00b0, 25\u00b0, 40\u00b0 og s\u00e5pemunnstykke for enhver jobb.<\/p>\n<p data-start=\"511\" data-end=\"586\">\ud83e\uddf1 Kraftig konstruksjon &#8211; Messing og rustfritt st\u00e5l for lang levetid.<\/p>\n<p data-start=\"589\" data-end=\"663\">\ud83d\udd27 Hurtigkoblingssystem &#8211; Rask montering med 0,6 cm hurtigkobling.<\/p>\n<p data-start=\"666\" data-end=\"737\">\ud83c\udf00 Rette og buede skaft &#8211; Perfekt for takrenner og trange vinkler.<\/p>\n<p data-start=\"666\" data-end=\"737\"><img decoding=\"async\" class=\"size-full wp-image-48210 aligncenter\" src=\"https:\/\/keluvo.com\/template\/wp-content\/uploads\/sites\/5\/2026\/01\/12218-ezgif.com-video-to-webp-converter.webp\" alt=\"\" width=\"500\" height=\"500\" \/><\/p>\n<h2 style=\"text-align: center;\" data-start=\"744\" data-end=\"762\"><strong>Slik Bruker Du Det<\/strong><\/h2>\n<ol data-start=\"764\" data-end=\"1053\">\n<li data-start=\"764\" data-end=\"846\">\n<p data-start=\"767\" data-end=\"846\">Koble skaftsettet til h\u00f8ytrykksspyleren ved hjelp av hurtigkoblingen.<\/p>\n<\/li>\n<li data-start=\"847\" data-end=\"894\">\n<p data-start=\"850\" data-end=\"894\">Velg og fest dysespissen du trenger.<\/p>\n<\/li>\n<li data-start=\"895\" data-end=\"950\">\n<p data-start=\"898\" data-end=\"950\">Kombiner rette eller buede forlengelser etter behov.<\/p>\n<\/li>\n<li data-start=\"951\" data-end=\"1022\">\n<p data-start=\"954\" data-end=\"1022\">Begynn \u00e5 rengj\u00f8re h\u00f8ye eller vanskelig tilgjengelige omr\u00e5der trygt fra bakken.<\/p>\n<\/li>\n<li data-start=\"1023\" data-end=\"1053\">\n<p data-start=\"1026\" data-end=\"1053\">Ta av og oppbevar etter bruk.<\/p>\n<\/li>\n<\/ol>\n<h2 style=\"text-align: center;\" data-start=\"1060\" data-end=\"1082\"><strong>Produktdetaljer<\/strong><\/h2>\n<ul data-start=\"1084\" data-end=\"1384\">\n<li data-start=\"1135\" data-end=\"1174\">\n<p data-start=\"1137\" data-end=\"1174\">Materiale: Messing og rustfritt st\u00e5l<\/p>\n<\/li>\n<li data-start=\"1175\" data-end=\"1207\">\n<p data-start=\"1177\" data-end=\"1207\">Maks. trykk: Opptil 4000 PSI<\/p>\n<\/li>\n<li data-start=\"1208\" data-end=\"1247\">\n<p data-start=\"1210\" data-end=\"1247\">Temperaturbestandighet: Opp til 140 \u00b0C<\/p>\n<\/li>\n<li data-start=\"1248\" data-end=\"1300\">\n<p data-start=\"1250\" data-end=\"1300\">Inkluderte dyser: 0\u00b0, 15\u00b0, 25\u00b0, 40\u00b0, s\u00e5pemunnstykke<\/p>\n<\/li>\n<li data-start=\"1301\" data-end=\"1335\">\n<p data-start=\"1303\" data-end=\"1335\">Kobling: 0,6 cm hurtigkobling<\/p>\n<\/li>\n<li data-start=\"1336\" data-end=\"1384\">\n<p data-start=\"1338\" data-end=\"1384\">Bruk: Takrenner, tak, vinduer, vegger, markiser<\/p>\n<\/li>\n<\/ul>\n<h2 style=\"text-align: center;\" data-start=\"1391\" data-end=\"1414\"><strong>Pakken inneholder<\/strong><\/h2>\n<ul data-start=\"1416\" data-end=\"1554\" data-is-last-node=\"\" data-is-only-node=\"\">\n<li data-start=\"1416\" data-end=\"1467\">\n<p data-start=\"1418\" data-end=\"1467\">1x sett med h\u00f8ytrykksforlengelsesr\u00f8r (4000 PSI).<\/p>\n<\/li>\n<\/ul>\n","protected":false},"excerpt":{"rendered":"<p style=\"text-align: left;\" data-start=\"71\" data-end=\"311\">Med dette settet med h\u00f8ytrykksforlenger kommer du enkelt til p\u00e5 tak, takrenner, vinduer og markiser. Med en sterk konstruksjon i rustfritt st\u00e5l og messing samt flere munnstykker, gir det kraftig og presis rengj\u00f8ring for mange utend\u00f8rsoppgaver.<\/p>\n<p data-start=\"71\" data-end=\"311\">\n","protected":false},"featured_media":16358,"comment_status":"open","ping_status":"closed","template":"","meta":{"site-sidebar-layout":"default","site-content-layout":"","ast-site-content-layout":"default","site-content-style":"default","site-sidebar-style":"default","ast-global-header-display":"","ast-banner-title-visibility":"","ast-main-header-display":"","ast-hfb-above-header-display":"","ast-hfb-below-header-display":"","ast-hfb-mobile-header-display":"","site-post-title":"","ast-breadcrumbs-content":"","ast-featured-img":"","footer-sml-layout":"","ast-disable-related-posts":"","theme-transparent-header-meta":"default","adv-header-id-meta":"","stick-header-meta":"","header-above-stick-meta":"","header-main-stick-meta":"","header-below-stick-meta":"","astra-migrate-meta-layouts":"set","ast-page-background-enabled":"default","ast-page-background-meta":{"desktop":{"background-color":"var(--ast-global-color-5)","background-image":"","background-repeat":"repeat","background-position":"center center","background-size":"auto","background-attachment":"scroll","background-type":"","background-media":"","overlay-type":"","overlay-color":"","overlay-opacity":"","overlay-gradient":""},"tablet":{"background-color":"","background-image":"","background-repeat":"repeat","background-position":"center center","background-size":"auto","background-attachment":"scroll","background-type":"","background-media":"","overlay-type":"","overlay-color":"","overlay-opacity":"","overlay-gradient":""},"mobile":{"background-color":"","background-image":"","background-repeat":"repeat","background-position":"center center","background-size":"auto","background-attachment":"scroll","background-type":"","background-media":"","overlay-type":"","overlay-color":"","overlay-opacity":"","overlay-gradient":""}},"ast-content-background-meta":{"desktop":{"background-color":"var(--ast-global-color-4)","background-image":"","background-repeat":"repeat","background-position":"center center","background-size":"auto","background-attachment":"scroll","background-type":"","background-media":"","overlay-type":"","overlay-color":"","overlay-opacity":"","overlay-gradient":""},"tablet":{"background-color":"var(--ast-global-color-4)","background-image":"","background-repeat":"repeat","background-position":"center center","background-size":"auto","background-attachment":"scroll","background-type":"","background-media":"","overlay-type":"","overlay-color":"","overlay-opacity":"","overlay-gradient":""},"mobile":{"background-color":"var(--ast-global-color-4)","background-image":"","background-repeat":"repeat","background-position":"center center","background-size":"auto","background-attachment":"scroll","background-type":"","background-media":"","overlay-type":"","overlay-color":"","overlay-opacity":"","overlay-gradient":""}}},"product_brand":[],"product_cat":[15],"product_tag":[],"class_list":{"0":"post-16362","1":"product","2":"type-product","3":"status-publish","4":"has-post-thumbnail","6":"product_cat-uncategorized","7":"desktop-align-left","8":"tablet-align-left","9":"mobile-align-left","11":"first","12":"instock","13":"shipping-taxable","14":"purchasable","15":"product-type-simple"},"yoast_head":"<!-- This site is optimized with the Yoast SEO plugin v27.4 - https:\/\/yoast.com\/product\/yoast-seo-wordpress\/ -->\n<title>Sett med h\u00f8ytrykksforlenger - Mekulo NO<\/title>\n<meta name=\"robots\" content=\"index, follow, max-snippet:-1, max-image-preview:large, max-video-preview:-1\" \/>\n<link rel=\"canonical\" href=\"https:\/\/mekulo.com\/no\/produkt\/sett-med-hoytrykksforlenger\/\" \/>\n<meta property=\"og:locale\" content=\"nb_NO\" \/>\n<meta property=\"og:type\" content=\"article\" \/>\n<meta property=\"og:title\" content=\"Sett med h\u00f8ytrykksforlenger - Mekulo NO\" \/>\n<meta property=\"og:description\" content=\"Med dette settet med h\u00f8ytrykksforlenger kommer du enkelt til p\u00e5 tak, takrenner, vinduer og markiser. Med en sterk konstruksjon i rustfritt st\u00e5l og messing samt flere munnstykker, gir det kraftig og presis rengj\u00f8ring for mange utend\u00f8rsoppgaver.\" \/>\n<meta property=\"og:url\" content=\"https:\/\/mekulo.com\/no\/produkt\/sett-med-hoytrykksforlenger\/\" \/>\n<meta property=\"og:site_name\" content=\"Mekulo NO\" \/>\n<meta property=\"article:modified_time\" content=\"2026-01-09T14:42:48+00:00\" \/>\n<meta property=\"og:image\" content=\"https:\/\/mekulo.com\/no\/wp-content\/uploads\/sites\/10\/2026\/01\/fqco1gh-1.webp\" \/>\n\t<meta property=\"og:image:width\" content=\"600\" \/>\n\t<meta property=\"og:image:height\" content=\"600\" \/>\n\t<meta property=\"og:image:type\" content=\"image\/webp\" \/>\n<meta name=\"twitter:card\" content=\"summary_large_image\" \/>\n<meta name=\"twitter:label1\" content=\"Ansl. lesetid\" \/>\n\t<meta name=\"twitter:data1\" content=\"2 minutter\" \/>\n<script type=\"application\/ld+json\" class=\"yoast-schema-graph\">{\"@context\":\"https:\\\/\\\/schema.org\",\"@graph\":[{\"@type\":\"WebPage\",\"@id\":\"https:\\\/\\\/mekulo.com\\\/no\\\/produkt\\\/sett-med-hoytrykksforlenger\\\/\",\"url\":\"https:\\\/\\\/mekulo.com\\\/no\\\/produkt\\\/sett-med-hoytrykksforlenger\\\/\",\"name\":\"Sett med h\u00f8ytrykksforlenger - Mekulo NO\",\"isPartOf\":{\"@id\":\"https:\\\/\\\/mekulo.com\\\/no\\\/#website\"},\"primaryImageOfPage\":{\"@id\":\"https:\\\/\\\/mekulo.com\\\/no\\\/produkt\\\/sett-med-hoytrykksforlenger\\\/#primaryimage\"},\"image\":{\"@id\":\"https:\\\/\\\/mekulo.com\\\/no\\\/produkt\\\/sett-med-hoytrykksforlenger\\\/#primaryimage\"},\"thumbnailUrl\":\"https:\\\/\\\/mekulo.com\\\/no\\\/wp-content\\\/uploads\\\/sites\\\/10\\\/2026\\\/01\\\/fqco1gh-1.webp\",\"datePublished\":\"2026-01-09T10:33:30+00:00\",\"dateModified\":\"2026-01-09T14:42:48+00:00\",\"breadcrumb\":{\"@id\":\"https:\\\/\\\/mekulo.com\\\/no\\\/produkt\\\/sett-med-hoytrykksforlenger\\\/#breadcrumb\"},\"inLanguage\":\"nb-NO\",\"potentialAction\":[{\"@type\":\"ReadAction\",\"target\":[\"https:\\\/\\\/mekulo.com\\\/no\\\/produkt\\\/sett-med-hoytrykksforlenger\\\/\"]}]},{\"@type\":\"ImageObject\",\"inLanguage\":\"nb-NO\",\"@id\":\"https:\\\/\\\/mekulo.com\\\/no\\\/produkt\\\/sett-med-hoytrykksforlenger\\\/#primaryimage\",\"url\":\"https:\\\/\\\/mekulo.com\\\/no\\\/wp-content\\\/uploads\\\/sites\\\/10\\\/2026\\\/01\\\/fqco1gh-1.webp\",\"contentUrl\":\"https:\\\/\\\/mekulo.com\\\/no\\\/wp-content\\\/uploads\\\/sites\\\/10\\\/2026\\\/01\\\/fqco1gh-1.webp\",\"width\":600,\"height\":600},{\"@type\":\"BreadcrumbList\",\"@id\":\"https:\\\/\\\/mekulo.com\\\/no\\\/produkt\\\/sett-med-hoytrykksforlenger\\\/#breadcrumb\",\"itemListElement\":[{\"@type\":\"ListItem\",\"position\":1,\"name\":\"Home\",\"item\":\"https:\\\/\\\/mekulo.com\\\/no\\\/\"},{\"@type\":\"ListItem\",\"position\":2,\"name\":\"Butikk\",\"item\":\"https:\\\/\\\/mekulo.com\\\/no\\\/butikk\\\/\"},{\"@type\":\"ListItem\",\"position\":3,\"name\":\"Sett med h\u00f8ytrykksforlenger\"}]},{\"@type\":\"WebSite\",\"@id\":\"https:\\\/\\\/mekulo.com\\\/no\\\/#website\",\"url\":\"https:\\\/\\\/mekulo.com\\\/no\\\/\",\"name\":\"Mekulo NO\",\"description\":\"\",\"publisher\":{\"@id\":\"https:\\\/\\\/mekulo.com\\\/no\\\/#organization\"},\"potentialAction\":[{\"@type\":\"SearchAction\",\"target\":{\"@type\":\"EntryPoint\",\"urlTemplate\":\"https:\\\/\\\/mekulo.com\\\/no\\\/?s={search_term_string}\"},\"query-input\":{\"@type\":\"PropertyValueSpecification\",\"valueRequired\":true,\"valueName\":\"search_term_string\"}}],\"inLanguage\":\"nb-NO\"},{\"@type\":\"Organization\",\"@id\":\"https:\\\/\\\/mekulo.com\\\/no\\\/#organization\",\"name\":\"Mekulo\",\"url\":\"https:\\\/\\\/mekulo.com\\\/no\\\/\",\"logo\":{\"@type\":\"ImageObject\",\"inLanguage\":\"nb-NO\",\"@id\":\"https:\\\/\\\/mekulo.com\\\/no\\\/#\\\/schema\\\/logo\\\/image\\\/\",\"url\":\"https:\\\/\\\/mekulo.com\\\/no\\\/wp-content\\\/uploads\\\/sites\\\/10\\\/2025\\\/12\\\/favicon_mekulo.png\",\"contentUrl\":\"https:\\\/\\\/mekulo.com\\\/no\\\/wp-content\\\/uploads\\\/sites\\\/10\\\/2025\\\/12\\\/favicon_mekulo.png\",\"width\":50,\"height\":50,\"caption\":\"Mekulo\"},\"image\":{\"@id\":\"https:\\\/\\\/mekulo.com\\\/no\\\/#\\\/schema\\\/logo\\\/image\\\/\"}}]}<\/script>\n<!-- \/ Yoast SEO plugin. -->","yoast_head_json":{"title":"Sett med h\u00f8ytrykksforlenger - Mekulo NO","robots":{"index":"index","follow":"follow","max-snippet":"max-snippet:-1","max-image-preview":"max-image-preview:large","max-video-preview":"max-video-preview:-1"},"canonical":"https:\/\/mekulo.com\/no\/produkt\/sett-med-hoytrykksforlenger\/","og_locale":"nb_NO","og_type":"article","og_title":"Sett med h\u00f8ytrykksforlenger - Mekulo NO","og_description":"Med dette settet med h\u00f8ytrykksforlenger kommer du enkelt til p\u00e5 tak, takrenner, vinduer og markiser. Med en sterk konstruksjon i rustfritt st\u00e5l og messing samt flere munnstykker, gir det kraftig og presis rengj\u00f8ring for mange utend\u00f8rsoppgaver.","og_url":"https:\/\/mekulo.com\/no\/produkt\/sett-med-hoytrykksforlenger\/","og_site_name":"Mekulo NO","article_modified_time":"2026-01-09T14:42:48+00:00","og_image":[{"width":600,"height":600,"url":"https:\/\/mekulo.com\/no\/wp-content\/uploads\/sites\/10\/2026\/01\/fqco1gh-1.webp","type":"image\/webp"}],"twitter_card":"summary_large_image","twitter_misc":{"Ansl. lesetid":"2 minutter"},"schema":{"@context":"https:\/\/schema.org","@graph":[{"@type":"WebPage","@id":"https:\/\/mekulo.com\/no\/produkt\/sett-med-hoytrykksforlenger\/","url":"https:\/\/mekulo.com\/no\/produkt\/sett-med-hoytrykksforlenger\/","name":"Sett med h\u00f8ytrykksforlenger - Mekulo NO","isPartOf":{"@id":"https:\/\/mekulo.com\/no\/#website"},"primaryImageOfPage":{"@id":"https:\/\/mekulo.com\/no\/produkt\/sett-med-hoytrykksforlenger\/#primaryimage"},"image":{"@id":"https:\/\/mekulo.com\/no\/produkt\/sett-med-hoytrykksforlenger\/#primaryimage"},"thumbnailUrl":"https:\/\/mekulo.com\/no\/wp-content\/uploads\/sites\/10\/2026\/01\/fqco1gh-1.webp","datePublished":"2026-01-09T10:33:30+00:00","dateModified":"2026-01-09T14:42:48+00:00","breadcrumb":{"@id":"https:\/\/mekulo.com\/no\/produkt\/sett-med-hoytrykksforlenger\/#breadcrumb"},"inLanguage":"nb-NO","potentialAction":[{"@type":"ReadAction","target":["https:\/\/mekulo.com\/no\/produkt\/sett-med-hoytrykksforlenger\/"]}]},{"@type":"ImageObject","inLanguage":"nb-NO","@id":"https:\/\/mekulo.com\/no\/produkt\/sett-med-hoytrykksforlenger\/#primaryimage","url":"https:\/\/mekulo.com\/no\/wp-content\/uploads\/sites\/10\/2026\/01\/fqco1gh-1.webp","contentUrl":"https:\/\/mekulo.com\/no\/wp-content\/uploads\/sites\/10\/2026\/01\/fqco1gh-1.webp","width":600,"height":600},{"@type":"BreadcrumbList","@id":"https:\/\/mekulo.com\/no\/produkt\/sett-med-hoytrykksforlenger\/#breadcrumb","itemListElement":[{"@type":"ListItem","position":1,"name":"Home","item":"https:\/\/mekulo.com\/no\/"},{"@type":"ListItem","position":2,"name":"Butikk","item":"https:\/\/mekulo.com\/no\/butikk\/"},{"@type":"ListItem","position":3,"name":"Sett med h\u00f8ytrykksforlenger"}]},{"@type":"WebSite","@id":"https:\/\/mekulo.com\/no\/#website","url":"https:\/\/mekulo.com\/no\/","name":"Mekulo NO","description":"","publisher":{"@id":"https:\/\/mekulo.com\/no\/#organization"},"potentialAction":[{"@type":"SearchAction","target":{"@type":"EntryPoint","urlTemplate":"https:\/\/mekulo.com\/no\/?s={search_term_string}"},"query-input":{"@type":"PropertyValueSpecification","valueRequired":true,"valueName":"search_term_string"}}],"inLanguage":"nb-NO"},{"@type":"Organization","@id":"https:\/\/mekulo.com\/no\/#organization","name":"Mekulo","url":"https:\/\/mekulo.com\/no\/","logo":{"@type":"ImageObject","inLanguage":"nb-NO","@id":"https:\/\/mekulo.com\/no\/#\/schema\/logo\/image\/","url":"https:\/\/mekulo.com\/no\/wp-content\/uploads\/sites\/10\/2025\/12\/favicon_mekulo.png","contentUrl":"https:\/\/mekulo.com\/no\/wp-content\/uploads\/sites\/10\/2025\/12\/favicon_mekulo.png","width":50,"height":50,"caption":"Mekulo"},"image":{"@id":"https:\/\/mekulo.com\/no\/#\/schema\/logo\/image\/"}}]}},"_links":{"self":[{"href":"https:\/\/mekulo.com\/no\/wp-json\/wp\/v2\/product\/16362","targetHints":{"allow":["GET"]}}],"collection":[{"href":"https:\/\/mekulo.com\/no\/wp-json\/wp\/v2\/product"}],"about":[{"href":"https:\/\/mekulo.com\/no\/wp-json\/wp\/v2\/types\/product"}],"replies":[{"embeddable":true,"href":"https:\/\/mekulo.com\/no\/wp-json\/wp\/v2\/comments?post=16362"}],"wp:featuredmedia":[{"embeddable":true,"href":"https:\/\/mekulo.com\/no\/wp-json\/wp\/v2\/media\/16358"}],"wp:attachment":[{"href":"https:\/\/mekulo.com\/no\/wp-json\/wp\/v2\/media?parent=16362"}],"wp:term":[{"taxonomy":"product_brand","embeddable":true,"href":"https:\/\/mekulo.com\/no\/wp-json\/wp\/v2\/product_brand?post=16362"},{"taxonomy":"product_cat","embeddable":true,"href":"https:\/\/mekulo.com\/no\/wp-json\/wp\/v2\/product_cat?post=16362"},{"taxonomy":"product_tag","embeddable":true,"href":"https:\/\/mekulo.com\/no\/wp-json\/wp\/v2\/product_tag?post=16362"}],"curies":[{"name":"wp","href":"https:\/\/api.w.org\/{rel}","templated":true}]}}