{"id":16323,"date":"2026-01-09T12:31:27","date_gmt":"2026-01-09T10:31:27","guid":{"rendered":"https:\/\/mekulo.com\/no\/produkt\/silikon-bakematte-for-frityrgryter\/"},"modified":"2026-01-09T16:40:53","modified_gmt":"2026-01-09T14:40:53","slug":"silikon-bakematte-for-frityrgryter","status":"publish","type":"product","link":"https:\/\/mekulo.com\/no\/produkt\/silikon-bakematte-for-frityrgryter\/","title":{"rendered":"Silikon bakematte for frityrgryter"},"content":{"rendered":"<p style=\"text-align: center;\" data-start=\"35\" data-end=\"103\"><strong data-start=\"35\" data-end=\"103\">Hold frityrkokeren ren mens du lager bedre og sunnere m\u00e5ltider. \ud83e\udd69<\/strong><\/p>\n<p data-start=\"105\" data-end=\"332\"><img fetchpriority=\"high\" decoding=\"async\" class=\"size-full wp-image-47781 aligncenter\" src=\"https:\/\/keluvo.com\/template\/wp-content\/uploads\/sites\/5\/2025\/12\/122116-ezgif.com-video-to-webp-converter-2.webp\" alt=\"\" width=\"500\" height=\"667\" \/><\/p>\n<h2 style=\"text-align: center;\" data-start=\"339\" data-end=\"361\"><strong>\ud83c\udf73 Hovedfordeler<\/strong><\/h2>\n<p data-start=\"364\" data-end=\"430\">\u267b\ufe0f Gjenbrukbar og milj\u00f8vennlig &#8211; Ingen flere engangspapir.<\/p>\n<p data-start=\"433\" data-end=\"493\">\ud83e\uddfc Enkel \u00e5 rengj\u00f8re &#8211; Non-stick og t\u00e5ler oppvaskmaskin.<\/p>\n<p data-start=\"496\" data-end=\"546\">\ud83d\udd25 Varmebestandig &#8211; Sikker fra -40 \u00b0C til 240 \u00b0C.<\/p>\n<p data-start=\"549\" data-end=\"609\">\ud83c\udf2c\ufe0f Bedre luftsirkulasjon &#8211; Designet for jevn tilberedning.<\/p>\n<p data-start=\"612\" data-end=\"682\">\ud83e\udd69 Saftigere mat &#8211; Oljen dreneres naturlig samtidig som fuktigheten holdes inne.<\/p>\n<p data-start=\"685\" data-end=\"749\">\ud83d\udee1\ufe0f Matvaregodkjent silikon &#8211; giftfri og trygg for daglig bruk.<\/p>\n<p data-start=\"685\" data-end=\"749\"><img decoding=\"async\" class=\"size-full wp-image-47779 aligncenter\" src=\"https:\/\/keluvo.com\/template\/wp-content\/uploads\/sites\/5\/2025\/12\/122117-ezgif.com-video-to-webp-converter-2.webp\" alt=\"\" width=\"500\" height=\"667\" \/><\/p>\n<h2 style=\"text-align: center;\" data-start=\"756\" data-end=\"775\"><strong>\u25b6\ufe0f Slik Bruker Du Den<\/strong><\/h2>\n<ol data-start=\"776\" data-end=\"994\">\n<li data-start=\"776\" data-end=\"832\">\n<p data-start=\"779\" data-end=\"832\">Plasser silikonmatten i frityrgrytekurven.<\/p>\n<\/li>\n<li data-start=\"833\" data-end=\"870\">\n<p data-start=\"836\" data-end=\"870\">Legg maten opp\u00e5 matten.<\/p>\n<\/li>\n<li data-start=\"871\" data-end=\"908\">\n<p data-start=\"874\" data-end=\"908\">Stek som vanlig i frityrgryten.<\/p>\n<\/li>\n<li data-start=\"909\" data-end=\"943\">\n<p data-start=\"912\" data-end=\"943\">Fjern matten etter tilberedning.<\/p>\n<\/li>\n<li data-start=\"944\" data-end=\"994\">\n<p data-start=\"947\" data-end=\"994\">Skyll eller legg den i oppvaskmaskinen for rengj\u00f8ring.<\/p>\n<\/li>\n<\/ol>\n<h2 style=\"text-align: center;\" data-start=\"1001\" data-end=\"1025\"><strong>\ud83d\udccf Produktdetaljer<\/strong><\/h2>\n<ul data-start=\"1026\" data-end=\"1281\">\n<li data-start=\"1026\" data-end=\"1059\">\n<p data-start=\"1028\" data-end=\"1059\">Materiale: Matvaregodkjent silikon<\/p>\n<\/li>\n<li data-start=\"1109\" data-end=\"1135\">\n<p data-start=\"1111\" data-end=\"1135\">Bunndiameter: 18 cm<\/p>\n<\/li>\n<li data-start=\"1136\" data-end=\"1159\">\n<p data-start=\"1138\" data-end=\"1159\">Toppdiameter: 20 cm<\/p>\n<\/li>\n<li data-start=\"1160\" data-end=\"1178\">\n<p data-start=\"1162\" data-end=\"1178\">H\u00f8yde: 4,5 cm<\/p>\n<\/li>\n<li data-start=\"1179\" data-end=\"1216\">\n<p data-start=\"1181\" data-end=\"1216\">Temperaturomr\u00e5de: -40 \u00b0C til 240 \u00b0C<\/p>\n<\/li>\n<li data-start=\"1217\" data-end=\"1256\">\n<p data-start=\"1219\" data-end=\"1256\">Kompatibilitet: Passer til de fleste frityrkokere<\/p>\n<\/li>\n<li data-start=\"1257\" data-end=\"1281\">\n<p data-start=\"1259\" data-end=\"1281\">T\u00e5ler oppvaskmaskin: Ja<\/p>\n<\/li>\n<\/ul>\n<h2 style=\"text-align: center;\" data-start=\"1288\" data-end=\"1313\"><strong>\ud83d\udce6 Pakken inneholder<\/strong><\/h2>\n<ul data-start=\"1314\" data-end=\"1351\">\n<li data-start=\"1314\" data-end=\"1351\">\n<p data-start=\"1316\" data-end=\"1351\">1, 2, 3 x bakematte(r) i silikon for frityrgryter.<\/p>\n<\/li>\n<\/ul>\n","protected":false},"excerpt":{"rendered":"<p>Denne gjenbrukbare bakematten i silikon sitter inne i frityrgrytekurven for \u00e5 fange opp olje og matrester, samtidig som den varme luften kan sirkulere skikkelig. Den erstatter engangspapir, sparer penger og gj\u00f8r rengj\u00f8ringen rask og enkel. En enkel kj\u00f8kkenoppgradering som sparer tid, penger og krefter &#8211; hver gang du lager mat.<\/p>\n","protected":false},"featured_media":16319,"comment_status":"open","ping_status":"closed","template":"","meta":{"site-sidebar-layout":"default","site-content-layout":"","ast-site-content-layout":"default","site-content-style":"default","site-sidebar-style":"default","ast-global-header-display":"","ast-banner-title-visibility":"","ast-main-header-display":"","ast-hfb-above-header-display":"","ast-hfb-below-header-display":"","ast-hfb-mobile-header-display":"","site-post-title":"","ast-breadcrumbs-content":"","ast-featured-img":"","footer-sml-layout":"","theme-transparent-header-meta":"default","adv-header-id-meta":"","stick-header-meta":"","header-above-stick-meta":"","header-main-stick-meta":"","header-below-stick-meta":"","astra-migrate-meta-layouts":"set","ast-page-background-enabled":"default","ast-page-background-meta":{"desktop":{"background-color":"var(--ast-global-color-5)","background-image":"","background-repeat":"repeat","background-position":"center center","background-size":"auto","background-attachment":"scroll","background-type":"","background-media":"","overlay-type":"","overlay-color":"","overlay-opacity":"","overlay-gradient":""},"tablet":{"background-color":"","background-image":"","background-repeat":"repeat","background-position":"center center","background-size":"auto","background-attachment":"scroll","background-type":"","background-media":"","overlay-type":"","overlay-color":"","overlay-opacity":"","overlay-gradient":""},"mobile":{"background-color":"","background-image":"","background-repeat":"repeat","background-position":"center center","background-size":"auto","background-attachment":"scroll","background-type":"","background-media":"","overlay-type":"","overlay-color":"","overlay-opacity":"","overlay-gradient":""}},"ast-content-background-meta":{"desktop":{"background-color":"var(--ast-global-color-4)","background-image":"","background-repeat":"repeat","background-position":"center center","background-size":"auto","background-attachment":"scroll","background-type":"","background-media":"","overlay-type":"","overlay-color":"","overlay-opacity":"","overlay-gradient":""},"tablet":{"background-color":"var(--ast-global-color-4)","background-image":"","background-repeat":"repeat","background-position":"center center","background-size":"auto","background-attachment":"scroll","background-type":"","background-media":"","overlay-type":"","overlay-color":"","overlay-opacity":"","overlay-gradient":""},"mobile":{"background-color":"var(--ast-global-color-4)","background-image":"","background-repeat":"repeat","background-position":"center center","background-size":"auto","background-attachment":"scroll","background-type":"","background-media":"","overlay-type":"","overlay-color":"","overlay-opacity":"","overlay-gradient":""}}},"product_brand":[],"product_cat":[168],"product_tag":[],"class_list":{"0":"post-16323","1":"product","2":"type-product","3":"status-publish","4":"has-post-thumbnail","6":"product_cat-husholdningsartikler","7":"pa_65534_82lfgpkk-bla","8":"pa_65534_82lfgpkk-brun","9":"pa_65534_82lfgpkk-gra","10":"pa_65534_82lfgpkk-rod","11":"pa_65534_82lfgpkk-rosa","12":"pa_65534_xswk7grf-1-stk","13":"pa_65534_xswk7grf-2-stk","14":"pa_65534_xswk7grf-3-stk","15":"desktop-align-left","16":"tablet-align-left","17":"mobile-align-left","19":"first","20":"instock","21":"shipping-taxable","22":"purchasable","23":"product-type-variable","24":"has-default-attributes"},"yoast_head":"<!-- This site is optimized with the Yoast SEO plugin v26.6 - https:\/\/yoast.com\/wordpress\/plugins\/seo\/ -->\n<title>Silikon bakematte for frityrgryter - Mekulo NO<\/title>\n<meta name=\"robots\" content=\"index, follow, max-snippet:-1, max-image-preview:large, max-video-preview:-1\" \/>\n<link rel=\"canonical\" href=\"https:\/\/mekulo.com\/no\/produkt\/silikon-bakematte-for-frityrgryter\/\" \/>\n<meta property=\"og:locale\" content=\"nb_NO\" \/>\n<meta property=\"og:type\" content=\"article\" \/>\n<meta property=\"og:title\" content=\"Silikon bakematte for frityrgryter - Mekulo NO\" \/>\n<meta property=\"og:description\" content=\"Denne gjenbrukbare bakematten i silikon sitter inne i frityrgrytekurven for \u00e5 fange opp olje og matrester, samtidig som den varme luften kan sirkulere skikkelig. Den erstatter engangspapir, sparer penger og gj\u00f8r rengj\u00f8ringen rask og enkel. En enkel kj\u00f8kkenoppgradering som sparer tid, penger og krefter - hver gang du lager mat.\" \/>\n<meta property=\"og:url\" content=\"https:\/\/mekulo.com\/no\/produkt\/silikon-bakematte-for-frityrgryter\/\" \/>\n<meta property=\"og:site_name\" content=\"Mekulo NO\" \/>\n<meta property=\"article:modified_time\" content=\"2026-01-09T14:40:53+00:00\" \/>\n<meta property=\"og:image\" content=\"https:\/\/mekulo.com\/no\/wp-content\/uploads\/sites\/10\/2026\/01\/77ga4zi-1.jpg\" \/>\n\t<meta property=\"og:image:width\" content=\"800\" \/>\n\t<meta property=\"og:image:height\" content=\"800\" \/>\n\t<meta property=\"og:image:type\" content=\"image\/jpeg\" \/>\n<meta name=\"twitter:card\" content=\"summary_large_image\" \/>\n<meta name=\"twitter:label1\" content=\"Ansl. lesetid\" \/>\n\t<meta name=\"twitter:data1\" content=\"2 minutter\" \/>\n<script type=\"application\/ld+json\" class=\"yoast-schema-graph\">{\"@context\":\"https:\/\/schema.org\",\"@graph\":[{\"@type\":\"WebPage\",\"@id\":\"https:\/\/mekulo.com\/no\/produkt\/silikon-bakematte-for-frityrgryter\/\",\"url\":\"https:\/\/mekulo.com\/no\/produkt\/silikon-bakematte-for-frityrgryter\/\",\"name\":\"Silikon bakematte for frityrgryter - Mekulo NO\",\"isPartOf\":{\"@id\":\"https:\/\/mekulo.com\/no\/#website\"},\"primaryImageOfPage\":{\"@id\":\"https:\/\/mekulo.com\/no\/produkt\/silikon-bakematte-for-frityrgryter\/#primaryimage\"},\"image\":{\"@id\":\"https:\/\/mekulo.com\/no\/produkt\/silikon-bakematte-for-frityrgryter\/#primaryimage\"},\"thumbnailUrl\":\"https:\/\/mekulo.com\/no\/wp-content\/uploads\/sites\/10\/2026\/01\/77ga4zi-1.jpg\",\"datePublished\":\"2026-01-09T10:31:27+00:00\",\"dateModified\":\"2026-01-09T14:40:53+00:00\",\"breadcrumb\":{\"@id\":\"https:\/\/mekulo.com\/no\/produkt\/silikon-bakematte-for-frityrgryter\/#breadcrumb\"},\"inLanguage\":\"nb-NO\",\"potentialAction\":[{\"@type\":\"ReadAction\",\"target\":[\"https:\/\/mekulo.com\/no\/produkt\/silikon-bakematte-for-frityrgryter\/\"]}]},{\"@type\":\"ImageObject\",\"inLanguage\":\"nb-NO\",\"@id\":\"https:\/\/mekulo.com\/no\/produkt\/silikon-bakematte-for-frityrgryter\/#primaryimage\",\"url\":\"https:\/\/mekulo.com\/no\/wp-content\/uploads\/sites\/10\/2026\/01\/77ga4zi-1.jpg\",\"contentUrl\":\"https:\/\/mekulo.com\/no\/wp-content\/uploads\/sites\/10\/2026\/01\/77ga4zi-1.jpg\",\"width\":800,\"height\":800},{\"@type\":\"BreadcrumbList\",\"@id\":\"https:\/\/mekulo.com\/no\/produkt\/silikon-bakematte-for-frityrgryter\/#breadcrumb\",\"itemListElement\":[{\"@type\":\"ListItem\",\"position\":1,\"name\":\"Home\",\"item\":\"https:\/\/mekulo.com\/no\/\"},{\"@type\":\"ListItem\",\"position\":2,\"name\":\"Butikk\",\"item\":\"https:\/\/mekulo.com\/no\/butikk\/\"},{\"@type\":\"ListItem\",\"position\":3,\"name\":\"Silikon bakematte for frityrgryter\"}]},{\"@type\":\"WebSite\",\"@id\":\"https:\/\/mekulo.com\/no\/#website\",\"url\":\"https:\/\/mekulo.com\/no\/\",\"name\":\"Mekulo NO\",\"description\":\"\",\"publisher\":{\"@id\":\"https:\/\/mekulo.com\/no\/#organization\"},\"potentialAction\":[{\"@type\":\"SearchAction\",\"target\":{\"@type\":\"EntryPoint\",\"urlTemplate\":\"https:\/\/mekulo.com\/no\/?s={search_term_string}\"},\"query-input\":{\"@type\":\"PropertyValueSpecification\",\"valueRequired\":true,\"valueName\":\"search_term_string\"}}],\"inLanguage\":\"nb-NO\"},{\"@type\":\"Organization\",\"@id\":\"https:\/\/mekulo.com\/no\/#organization\",\"name\":\"Mekulo\",\"url\":\"https:\/\/mekulo.com\/no\/\",\"logo\":{\"@type\":\"ImageObject\",\"inLanguage\":\"nb-NO\",\"@id\":\"https:\/\/mekulo.com\/no\/#\/schema\/logo\/image\/\",\"url\":\"https:\/\/mekulo.com\/no\/wp-content\/uploads\/sites\/10\/2025\/12\/favicon_mekulo.png\",\"contentUrl\":\"https:\/\/mekulo.com\/no\/wp-content\/uploads\/sites\/10\/2025\/12\/favicon_mekulo.png\",\"width\":50,\"height\":50,\"caption\":\"Mekulo\"},\"image\":{\"@id\":\"https:\/\/mekulo.com\/no\/#\/schema\/logo\/image\/\"}}]}<\/script>\n<!-- \/ Yoast SEO plugin. -->","yoast_head_json":{"title":"Silikon bakematte for frityrgryter - Mekulo NO","robots":{"index":"index","follow":"follow","max-snippet":"max-snippet:-1","max-image-preview":"max-image-preview:large","max-video-preview":"max-video-preview:-1"},"canonical":"https:\/\/mekulo.com\/no\/produkt\/silikon-bakematte-for-frityrgryter\/","og_locale":"nb_NO","og_type":"article","og_title":"Silikon bakematte for frityrgryter - Mekulo NO","og_description":"Denne gjenbrukbare bakematten i silikon sitter inne i frityrgrytekurven for \u00e5 fange opp olje og matrester, samtidig som den varme luften kan sirkulere skikkelig. Den erstatter engangspapir, sparer penger og gj\u00f8r rengj\u00f8ringen rask og enkel. En enkel kj\u00f8kkenoppgradering som sparer tid, penger og krefter - hver gang du lager mat.","og_url":"https:\/\/mekulo.com\/no\/produkt\/silikon-bakematte-for-frityrgryter\/","og_site_name":"Mekulo NO","article_modified_time":"2026-01-09T14:40:53+00:00","og_image":[{"width":800,"height":800,"url":"https:\/\/mekulo.com\/no\/wp-content\/uploads\/sites\/10\/2026\/01\/77ga4zi-1.jpg","type":"image\/jpeg"}],"twitter_card":"summary_large_image","twitter_misc":{"Ansl. lesetid":"2 minutter"},"schema":{"@context":"https:\/\/schema.org","@graph":[{"@type":"WebPage","@id":"https:\/\/mekulo.com\/no\/produkt\/silikon-bakematte-for-frityrgryter\/","url":"https:\/\/mekulo.com\/no\/produkt\/silikon-bakematte-for-frityrgryter\/","name":"Silikon bakematte for frityrgryter - Mekulo NO","isPartOf":{"@id":"https:\/\/mekulo.com\/no\/#website"},"primaryImageOfPage":{"@id":"https:\/\/mekulo.com\/no\/produkt\/silikon-bakematte-for-frityrgryter\/#primaryimage"},"image":{"@id":"https:\/\/mekulo.com\/no\/produkt\/silikon-bakematte-for-frityrgryter\/#primaryimage"},"thumbnailUrl":"https:\/\/mekulo.com\/no\/wp-content\/uploads\/sites\/10\/2026\/01\/77ga4zi-1.jpg","datePublished":"2026-01-09T10:31:27+00:00","dateModified":"2026-01-09T14:40:53+00:00","breadcrumb":{"@id":"https:\/\/mekulo.com\/no\/produkt\/silikon-bakematte-for-frityrgryter\/#breadcrumb"},"inLanguage":"nb-NO","potentialAction":[{"@type":"ReadAction","target":["https:\/\/mekulo.com\/no\/produkt\/silikon-bakematte-for-frityrgryter\/"]}]},{"@type":"ImageObject","inLanguage":"nb-NO","@id":"https:\/\/mekulo.com\/no\/produkt\/silikon-bakematte-for-frityrgryter\/#primaryimage","url":"https:\/\/mekulo.com\/no\/wp-content\/uploads\/sites\/10\/2026\/01\/77ga4zi-1.jpg","contentUrl":"https:\/\/mekulo.com\/no\/wp-content\/uploads\/sites\/10\/2026\/01\/77ga4zi-1.jpg","width":800,"height":800},{"@type":"BreadcrumbList","@id":"https:\/\/mekulo.com\/no\/produkt\/silikon-bakematte-for-frityrgryter\/#breadcrumb","itemListElement":[{"@type":"ListItem","position":1,"name":"Home","item":"https:\/\/mekulo.com\/no\/"},{"@type":"ListItem","position":2,"name":"Butikk","item":"https:\/\/mekulo.com\/no\/butikk\/"},{"@type":"ListItem","position":3,"name":"Silikon bakematte for frityrgryter"}]},{"@type":"WebSite","@id":"https:\/\/mekulo.com\/no\/#website","url":"https:\/\/mekulo.com\/no\/","name":"Mekulo NO","description":"","publisher":{"@id":"https:\/\/mekulo.com\/no\/#organization"},"potentialAction":[{"@type":"SearchAction","target":{"@type":"EntryPoint","urlTemplate":"https:\/\/mekulo.com\/no\/?s={search_term_string}"},"query-input":{"@type":"PropertyValueSpecification","valueRequired":true,"valueName":"search_term_string"}}],"inLanguage":"nb-NO"},{"@type":"Organization","@id":"https:\/\/mekulo.com\/no\/#organization","name":"Mekulo","url":"https:\/\/mekulo.com\/no\/","logo":{"@type":"ImageObject","inLanguage":"nb-NO","@id":"https:\/\/mekulo.com\/no\/#\/schema\/logo\/image\/","url":"https:\/\/mekulo.com\/no\/wp-content\/uploads\/sites\/10\/2025\/12\/favicon_mekulo.png","contentUrl":"https:\/\/mekulo.com\/no\/wp-content\/uploads\/sites\/10\/2025\/12\/favicon_mekulo.png","width":50,"height":50,"caption":"Mekulo"},"image":{"@id":"https:\/\/mekulo.com\/no\/#\/schema\/logo\/image\/"}}]}},"_links":{"self":[{"href":"https:\/\/mekulo.com\/no\/wp-json\/wp\/v2\/product\/16323","targetHints":{"allow":["GET"]}}],"collection":[{"href":"https:\/\/mekulo.com\/no\/wp-json\/wp\/v2\/product"}],"about":[{"href":"https:\/\/mekulo.com\/no\/wp-json\/wp\/v2\/types\/product"}],"replies":[{"embeddable":true,"href":"https:\/\/mekulo.com\/no\/wp-json\/wp\/v2\/comments?post=16323"}],"wp:featuredmedia":[{"embeddable":true,"href":"https:\/\/mekulo.com\/no\/wp-json\/wp\/v2\/media\/16319"}],"wp:attachment":[{"href":"https:\/\/mekulo.com\/no\/wp-json\/wp\/v2\/media?parent=16323"}],"wp:term":[{"taxonomy":"product_brand","embeddable":true,"href":"https:\/\/mekulo.com\/no\/wp-json\/wp\/v2\/product_brand?post=16323"},{"taxonomy":"product_cat","embeddable":true,"href":"https:\/\/mekulo.com\/no\/wp-json\/wp\/v2\/product_cat?post=16323"},{"taxonomy":"product_tag","embeddable":true,"href":"https:\/\/mekulo.com\/no\/wp-json\/wp\/v2\/product_tag?post=16323"}],"curies":[{"name":"wp","href":"https:\/\/api.w.org\/{rel}","templated":true}]}}