{"id":16306,"date":"2026-01-09T12:29:36","date_gmt":"2026-01-09T10:29:36","guid":{"rendered":"https:\/\/mekulo.com\/no\/produkt\/vanntette-speilblader\/"},"modified":"2026-01-09T16:38:24","modified_gmt":"2026-01-09T14:38:24","slug":"vanntette-speilblader","status":"publish","type":"product","link":"https:\/\/mekulo.com\/no\/produkt\/vanntette-speilblader\/","title":{"rendered":"Vanntette speilblader"},"content":{"rendered":"<p style=\"text-align: center;\" data-start=\"30\" data-end=\"98\"><strong data-start=\"30\" data-end=\"98\">Hold sidespeilene klare i regn og st\u00f8v for tryggere kj\u00f8ring. \ud83d\ude98\ud83d\ude97<\/strong><\/p>\n<p data-start=\"100\" data-end=\"296\"><img fetchpriority=\"high\" decoding=\"async\" class=\"size-full wp-image-47762 aligncenter\" src=\"https:\/\/keluvo.com\/template\/wp-content\/uploads\/sites\/5\/2025\/12\/122115-ezgif.com-video-to-webp-converter-2.webp\" alt=\"\" width=\"500\" height=\"500\" \/><\/p>\n<h2 style=\"text-align: center;\" data-start=\"303\" data-end=\"325\">Hovedfordeler<\/h2>\n<p data-start=\"328\" data-end=\"392\">\ud83c\udf27\ufe0f Regnbeskyttelse &#8211; Holder speilene klare i regnv\u00e6r.<\/p>\n<p data-start=\"395\" data-end=\"456\">\ud83d\udc40 Tryggere kj\u00f8ring &#8211; Forbedrer sikten bakover p\u00e5 veien.<\/p>\n<p data-start=\"459\" data-end=\"516\">\u2600\ufe0f St\u00f8vreduksjon &#8211; Mindre smussoppbygging p\u00e5 solfylte dager.<\/p>\n<p data-start=\"519\" data-end=\"582\">\ud83d\udd27 Enkel installasjon &#8211; Lim og fest med tape og spenne.<\/p>\n<p data-start=\"585\" data-end=\"642\">\ud83d\udd04 Universell passform &#8211; Passer til de fleste sidespeil.<\/p>\n<p data-start=\"585\" data-end=\"642\"><img decoding=\"async\" class=\"size-full wp-image-47763 aligncenter\" src=\"https:\/\/keluvo.com\/template\/wp-content\/uploads\/sites\/5\/2025\/12\/122114-ezgif.com-video-to-webp-converter-2.webp\" alt=\"\" width=\"500\" height=\"500\" \/><\/p>\n<h2 style=\"text-align: center;\" data-start=\"649\" data-end=\"668\"><strong>Slik Bruker Du Det<\/strong><\/h2>\n<ol data-start=\"669\" data-end=\"904\">\n<li data-start=\"669\" data-end=\"714\">\n<p data-start=\"672\" data-end=\"714\">Rengj\u00f8r den indre kanten av sidespeilet.<\/p>\n<\/li>\n<li data-start=\"715\" data-end=\"749\">\n<p data-start=\"718\" data-end=\"749\">S\u00f8rg for at overflaten er t\u00f8rr.<\/p>\n<\/li>\n<li data-start=\"750\" data-end=\"786\">\n<p data-start=\"753\" data-end=\"786\">Trekk av den dobbeltsidige tapen.<\/p>\n<\/li>\n<li data-start=\"787\" data-end=\"828\">\n<p data-start=\"790\" data-end=\"828\">Juster og fest bladet p\u00e5 plass.<\/p>\n<\/li>\n<li data-start=\"829\" data-end=\"873\">\n<p data-start=\"832\" data-end=\"873\">Trykk godt med h\u00e5nden eller et h\u00e5ndkle.<\/p>\n<\/li>\n<li data-start=\"874\" data-end=\"904\">\n<p data-start=\"877\" data-end=\"904\">Installasjonen er fullf\u00f8rt.<\/p>\n<\/li>\n<\/ol>\n<h2 style=\"text-align: center;\" data-start=\"911\" data-end=\"935\"><strong>Produktdetaljer<\/strong><\/h2>\n<ul data-start=\"936\" data-end=\"1101\">\n<li data-start=\"936\" data-end=\"958\">\n<p data-start=\"938\" data-end=\"958\">Materiale: Myk PVC<\/p>\n<\/li>\n<li data-start=\"959\" data-end=\"975\">\n<p data-start=\"961\" data-end=\"975\">Cfarge: Svart<\/p>\n<\/li>\n<li data-start=\"976\" data-end=\"995\">\n<p data-start=\"978\" data-end=\"995\">St\u00f8rrelse: 15 x 5 cm<\/p>\n<\/li>\n<li data-start=\"996\" data-end=\"1047\">\n<p data-start=\"998\" data-end=\"1047\">Tilgjengelige kj\u00f8ret\u00f8y: Biler, SUV-er, sm\u00e5 kj\u00f8ret\u00f8y<\/p>\n<\/li>\n<li data-start=\"1048\" data-end=\"1101\">\n<p data-start=\"1050\" data-end=\"1101\">Installasjon: Dobbeltsidig tape + spennefiksering<\/p>\n<\/li>\n<\/ul>\n<h2 style=\"text-align: center;\" data-start=\"1108\" data-end=\"1133\"><strong>Pakken inkluderer<\/strong><\/h2>\n<ul data-start=\"1134\" data-end=\"1166\">\n<li data-start=\"1134\" data-end=\"1166\">\n<p data-start=\"1136\" data-end=\"1166\">2, 4, 6, 8x vanntette speilblader.<\/p>\n<\/li>\n<\/ul>\n","protected":false},"excerpt":{"rendered":"<p>Disse vanntette speilbladene blokkerer regn og reduserer st\u00f8v p\u00e5 sidespeilene, slik at du f\u00e5r en klarere sikt bakover i all slags v\u00e6r. De er enkle \u00e5 montere og passer p\u00e5 de fleste biler, SUV-er og mindre kj\u00f8ret\u00f8y. En enkel oppgradering som forbedrer sikten og gj\u00f8r hver kj\u00f8retur tryggere.<\/p>\n","protected":false},"featured_media":16302,"comment_status":"open","ping_status":"closed","template":"","meta":{"site-sidebar-layout":"default","site-content-layout":"","ast-site-content-layout":"default","site-content-style":"default","site-sidebar-style":"default","ast-global-header-display":"","ast-banner-title-visibility":"","ast-main-header-display":"","ast-hfb-above-header-display":"","ast-hfb-below-header-display":"","ast-hfb-mobile-header-display":"","site-post-title":"","ast-breadcrumbs-content":"","ast-featured-img":"","footer-sml-layout":"","theme-transparent-header-meta":"default","adv-header-id-meta":"","stick-header-meta":"","header-above-stick-meta":"","header-main-stick-meta":"","header-below-stick-meta":"","astra-migrate-meta-layouts":"set","ast-page-background-enabled":"default","ast-page-background-meta":{"desktop":{"background-color":"var(--ast-global-color-5)","background-image":"","background-repeat":"repeat","background-position":"center center","background-size":"auto","background-attachment":"scroll","background-type":"","background-media":"","overlay-type":"","overlay-color":"","overlay-opacity":"","overlay-gradient":""},"tablet":{"background-color":"","background-image":"","background-repeat":"repeat","background-position":"center center","background-size":"auto","background-attachment":"scroll","background-type":"","background-media":"","overlay-type":"","overlay-color":"","overlay-opacity":"","overlay-gradient":""},"mobile":{"background-color":"","background-image":"","background-repeat":"repeat","background-position":"center center","background-size":"auto","background-attachment":"scroll","background-type":"","background-media":"","overlay-type":"","overlay-color":"","overlay-opacity":"","overlay-gradient":""}},"ast-content-background-meta":{"desktop":{"background-color":"var(--ast-global-color-4)","background-image":"","background-repeat":"repeat","background-position":"center center","background-size":"auto","background-attachment":"scroll","background-type":"","background-media":"","overlay-type":"","overlay-color":"","overlay-opacity":"","overlay-gradient":""},"tablet":{"background-color":"var(--ast-global-color-4)","background-image":"","background-repeat":"repeat","background-position":"center center","background-size":"auto","background-attachment":"scroll","background-type":"","background-media":"","overlay-type":"","overlay-color":"","overlay-opacity":"","overlay-gradient":""},"mobile":{"background-color":"var(--ast-global-color-4)","background-image":"","background-repeat":"repeat","background-position":"center center","background-size":"auto","background-attachment":"scroll","background-type":"","background-media":"","overlay-type":"","overlay-color":"","overlay-opacity":"","overlay-gradient":""}}},"product_brand":[],"product_cat":[161],"product_tag":[],"class_list":{"0":"post-16306","1":"product","2":"type-product","3":"status-publish","4":"has-post-thumbnail","6":"product_cat-bilprodukter","7":"pa_65519_55cqqq6f-2-stk","8":"pa_65519_55cqqq6f-4-stk","9":"pa_65519_55cqqq6f-6-stk","10":"pa_65519_55cqqq6f-8-stk","11":"desktop-align-left","12":"tablet-align-left","13":"mobile-align-left","15":"first","16":"instock","17":"shipping-taxable","18":"purchasable","19":"product-type-variable"},"yoast_head":"<!-- This site is optimized with the Yoast SEO plugin v26.6 - https:\/\/yoast.com\/wordpress\/plugins\/seo\/ -->\n<title>Vanntette speilblader - Mekulo NO<\/title>\n<meta name=\"robots\" content=\"index, follow, max-snippet:-1, max-image-preview:large, max-video-preview:-1\" \/>\n<link rel=\"canonical\" href=\"https:\/\/mekulo.com\/no\/produkt\/vanntette-speilblader\/\" \/>\n<meta property=\"og:locale\" content=\"nb_NO\" \/>\n<meta property=\"og:type\" content=\"article\" \/>\n<meta property=\"og:title\" content=\"Vanntette speilblader - Mekulo NO\" \/>\n<meta property=\"og:description\" content=\"Disse vanntette speilbladene blokkerer regn og reduserer st\u00f8v p\u00e5 sidespeilene, slik at du f\u00e5r en klarere sikt bakover i all slags v\u00e6r. De er enkle \u00e5 montere og passer p\u00e5 de fleste biler, SUV-er og mindre kj\u00f8ret\u00f8y. En enkel oppgradering som forbedrer sikten og gj\u00f8r hver kj\u00f8retur tryggere.\" \/>\n<meta property=\"og:url\" content=\"https:\/\/mekulo.com\/no\/produkt\/vanntette-speilblader\/\" \/>\n<meta property=\"og:site_name\" content=\"Mekulo NO\" \/>\n<meta property=\"article:modified_time\" content=\"2026-01-09T14:38:24+00:00\" \/>\n<meta property=\"og:image\" content=\"https:\/\/mekulo.com\/no\/wp-content\/uploads\/sites\/10\/2026\/01\/8oo2psq-1.jpg\" \/>\n\t<meta property=\"og:image:width\" content=\"1080\" \/>\n\t<meta property=\"og:image:height\" content=\"1080\" \/>\n\t<meta property=\"og:image:type\" content=\"image\/jpeg\" \/>\n<meta name=\"twitter:card\" content=\"summary_large_image\" \/>\n<meta name=\"twitter:label1\" content=\"Ansl. lesetid\" \/>\n\t<meta name=\"twitter:data1\" content=\"2 minutter\" \/>\n<script type=\"application\/ld+json\" class=\"yoast-schema-graph\">{\"@context\":\"https:\/\/schema.org\",\"@graph\":[{\"@type\":\"WebPage\",\"@id\":\"https:\/\/mekulo.com\/no\/produkt\/vanntette-speilblader\/\",\"url\":\"https:\/\/mekulo.com\/no\/produkt\/vanntette-speilblader\/\",\"name\":\"Vanntette speilblader - Mekulo NO\",\"isPartOf\":{\"@id\":\"https:\/\/mekulo.com\/no\/#website\"},\"primaryImageOfPage\":{\"@id\":\"https:\/\/mekulo.com\/no\/produkt\/vanntette-speilblader\/#primaryimage\"},\"image\":{\"@id\":\"https:\/\/mekulo.com\/no\/produkt\/vanntette-speilblader\/#primaryimage\"},\"thumbnailUrl\":\"https:\/\/mekulo.com\/no\/wp-content\/uploads\/sites\/10\/2026\/01\/8oo2psq-1.jpg\",\"datePublished\":\"2026-01-09T10:29:36+00:00\",\"dateModified\":\"2026-01-09T14:38:24+00:00\",\"breadcrumb\":{\"@id\":\"https:\/\/mekulo.com\/no\/produkt\/vanntette-speilblader\/#breadcrumb\"},\"inLanguage\":\"nb-NO\",\"potentialAction\":[{\"@type\":\"ReadAction\",\"target\":[\"https:\/\/mekulo.com\/no\/produkt\/vanntette-speilblader\/\"]}]},{\"@type\":\"ImageObject\",\"inLanguage\":\"nb-NO\",\"@id\":\"https:\/\/mekulo.com\/no\/produkt\/vanntette-speilblader\/#primaryimage\",\"url\":\"https:\/\/mekulo.com\/no\/wp-content\/uploads\/sites\/10\/2026\/01\/8oo2psq-1.jpg\",\"contentUrl\":\"https:\/\/mekulo.com\/no\/wp-content\/uploads\/sites\/10\/2026\/01\/8oo2psq-1.jpg\",\"width\":1080,\"height\":1080},{\"@type\":\"BreadcrumbList\",\"@id\":\"https:\/\/mekulo.com\/no\/produkt\/vanntette-speilblader\/#breadcrumb\",\"itemListElement\":[{\"@type\":\"ListItem\",\"position\":1,\"name\":\"Home\",\"item\":\"https:\/\/mekulo.com\/no\/\"},{\"@type\":\"ListItem\",\"position\":2,\"name\":\"Butikk\",\"item\":\"https:\/\/mekulo.com\/no\/butikk\/\"},{\"@type\":\"ListItem\",\"position\":3,\"name\":\"Vanntette speilblader\"}]},{\"@type\":\"WebSite\",\"@id\":\"https:\/\/mekulo.com\/no\/#website\",\"url\":\"https:\/\/mekulo.com\/no\/\",\"name\":\"Mekulo NO\",\"description\":\"\",\"publisher\":{\"@id\":\"https:\/\/mekulo.com\/no\/#organization\"},\"potentialAction\":[{\"@type\":\"SearchAction\",\"target\":{\"@type\":\"EntryPoint\",\"urlTemplate\":\"https:\/\/mekulo.com\/no\/?s={search_term_string}\"},\"query-input\":{\"@type\":\"PropertyValueSpecification\",\"valueRequired\":true,\"valueName\":\"search_term_string\"}}],\"inLanguage\":\"nb-NO\"},{\"@type\":\"Organization\",\"@id\":\"https:\/\/mekulo.com\/no\/#organization\",\"name\":\"Mekulo\",\"url\":\"https:\/\/mekulo.com\/no\/\",\"logo\":{\"@type\":\"ImageObject\",\"inLanguage\":\"nb-NO\",\"@id\":\"https:\/\/mekulo.com\/no\/#\/schema\/logo\/image\/\",\"url\":\"https:\/\/mekulo.com\/no\/wp-content\/uploads\/sites\/10\/2025\/12\/favicon_mekulo.png\",\"contentUrl\":\"https:\/\/mekulo.com\/no\/wp-content\/uploads\/sites\/10\/2025\/12\/favicon_mekulo.png\",\"width\":50,\"height\":50,\"caption\":\"Mekulo\"},\"image\":{\"@id\":\"https:\/\/mekulo.com\/no\/#\/schema\/logo\/image\/\"}}]}<\/script>\n<!-- \/ Yoast SEO plugin. -->","yoast_head_json":{"title":"Vanntette speilblader - Mekulo NO","robots":{"index":"index","follow":"follow","max-snippet":"max-snippet:-1","max-image-preview":"max-image-preview:large","max-video-preview":"max-video-preview:-1"},"canonical":"https:\/\/mekulo.com\/no\/produkt\/vanntette-speilblader\/","og_locale":"nb_NO","og_type":"article","og_title":"Vanntette speilblader - Mekulo NO","og_description":"Disse vanntette speilbladene blokkerer regn og reduserer st\u00f8v p\u00e5 sidespeilene, slik at du f\u00e5r en klarere sikt bakover i all slags v\u00e6r. De er enkle \u00e5 montere og passer p\u00e5 de fleste biler, SUV-er og mindre kj\u00f8ret\u00f8y. En enkel oppgradering som forbedrer sikten og gj\u00f8r hver kj\u00f8retur tryggere.","og_url":"https:\/\/mekulo.com\/no\/produkt\/vanntette-speilblader\/","og_site_name":"Mekulo NO","article_modified_time":"2026-01-09T14:38:24+00:00","og_image":[{"width":1080,"height":1080,"url":"https:\/\/mekulo.com\/no\/wp-content\/uploads\/sites\/10\/2026\/01\/8oo2psq-1.jpg","type":"image\/jpeg"}],"twitter_card":"summary_large_image","twitter_misc":{"Ansl. lesetid":"2 minutter"},"schema":{"@context":"https:\/\/schema.org","@graph":[{"@type":"WebPage","@id":"https:\/\/mekulo.com\/no\/produkt\/vanntette-speilblader\/","url":"https:\/\/mekulo.com\/no\/produkt\/vanntette-speilblader\/","name":"Vanntette speilblader - Mekulo NO","isPartOf":{"@id":"https:\/\/mekulo.com\/no\/#website"},"primaryImageOfPage":{"@id":"https:\/\/mekulo.com\/no\/produkt\/vanntette-speilblader\/#primaryimage"},"image":{"@id":"https:\/\/mekulo.com\/no\/produkt\/vanntette-speilblader\/#primaryimage"},"thumbnailUrl":"https:\/\/mekulo.com\/no\/wp-content\/uploads\/sites\/10\/2026\/01\/8oo2psq-1.jpg","datePublished":"2026-01-09T10:29:36+00:00","dateModified":"2026-01-09T14:38:24+00:00","breadcrumb":{"@id":"https:\/\/mekulo.com\/no\/produkt\/vanntette-speilblader\/#breadcrumb"},"inLanguage":"nb-NO","potentialAction":[{"@type":"ReadAction","target":["https:\/\/mekulo.com\/no\/produkt\/vanntette-speilblader\/"]}]},{"@type":"ImageObject","inLanguage":"nb-NO","@id":"https:\/\/mekulo.com\/no\/produkt\/vanntette-speilblader\/#primaryimage","url":"https:\/\/mekulo.com\/no\/wp-content\/uploads\/sites\/10\/2026\/01\/8oo2psq-1.jpg","contentUrl":"https:\/\/mekulo.com\/no\/wp-content\/uploads\/sites\/10\/2026\/01\/8oo2psq-1.jpg","width":1080,"height":1080},{"@type":"BreadcrumbList","@id":"https:\/\/mekulo.com\/no\/produkt\/vanntette-speilblader\/#breadcrumb","itemListElement":[{"@type":"ListItem","position":1,"name":"Home","item":"https:\/\/mekulo.com\/no\/"},{"@type":"ListItem","position":2,"name":"Butikk","item":"https:\/\/mekulo.com\/no\/butikk\/"},{"@type":"ListItem","position":3,"name":"Vanntette speilblader"}]},{"@type":"WebSite","@id":"https:\/\/mekulo.com\/no\/#website","url":"https:\/\/mekulo.com\/no\/","name":"Mekulo NO","description":"","publisher":{"@id":"https:\/\/mekulo.com\/no\/#organization"},"potentialAction":[{"@type":"SearchAction","target":{"@type":"EntryPoint","urlTemplate":"https:\/\/mekulo.com\/no\/?s={search_term_string}"},"query-input":{"@type":"PropertyValueSpecification","valueRequired":true,"valueName":"search_term_string"}}],"inLanguage":"nb-NO"},{"@type":"Organization","@id":"https:\/\/mekulo.com\/no\/#organization","name":"Mekulo","url":"https:\/\/mekulo.com\/no\/","logo":{"@type":"ImageObject","inLanguage":"nb-NO","@id":"https:\/\/mekulo.com\/no\/#\/schema\/logo\/image\/","url":"https:\/\/mekulo.com\/no\/wp-content\/uploads\/sites\/10\/2025\/12\/favicon_mekulo.png","contentUrl":"https:\/\/mekulo.com\/no\/wp-content\/uploads\/sites\/10\/2025\/12\/favicon_mekulo.png","width":50,"height":50,"caption":"Mekulo"},"image":{"@id":"https:\/\/mekulo.com\/no\/#\/schema\/logo\/image\/"}}]}},"_links":{"self":[{"href":"https:\/\/mekulo.com\/no\/wp-json\/wp\/v2\/product\/16306","targetHints":{"allow":["GET"]}}],"collection":[{"href":"https:\/\/mekulo.com\/no\/wp-json\/wp\/v2\/product"}],"about":[{"href":"https:\/\/mekulo.com\/no\/wp-json\/wp\/v2\/types\/product"}],"replies":[{"embeddable":true,"href":"https:\/\/mekulo.com\/no\/wp-json\/wp\/v2\/comments?post=16306"}],"wp:featuredmedia":[{"embeddable":true,"href":"https:\/\/mekulo.com\/no\/wp-json\/wp\/v2\/media\/16302"}],"wp:attachment":[{"href":"https:\/\/mekulo.com\/no\/wp-json\/wp\/v2\/media?parent=16306"}],"wp:term":[{"taxonomy":"product_brand","embeddable":true,"href":"https:\/\/mekulo.com\/no\/wp-json\/wp\/v2\/product_brand?post=16306"},{"taxonomy":"product_cat","embeddable":true,"href":"https:\/\/mekulo.com\/no\/wp-json\/wp\/v2\/product_cat?post=16306"},{"taxonomy":"product_tag","embeddable":true,"href":"https:\/\/mekulo.com\/no\/wp-json\/wp\/v2\/product_tag?post=16306"}],"curies":[{"name":"wp","href":"https:\/\/api.w.org\/{rel}","templated":true}]}}