{"id":16290,"date":"2026-01-09T12:28:02","date_gmt":"2026-01-09T10:28:02","guid":{"rendered":"https:\/\/mekulo.com\/no\/produkt\/tryllekunstnersett\/"},"modified":"2026-01-22T17:46:01","modified_gmt":"2026-01-22T15:46:01","slug":"tryllekunstnersett","status":"publish","type":"product","link":"https:\/\/mekulo.com\/no\/produkt\/tryllekunstnersett\/","title":{"rendered":"Tryllekunstnersett"},"content":{"rendered":"<p style=\"text-align: center;\" data-start=\"22\" data-end=\"85\"><strong data-start=\"22\" data-end=\"85\">L\u00e6r fantastiske magiske triks og imponer alle p\u00e5 f\u00e5 minutter. \ud83e\uddd9\ud83e\ude84<\/strong><\/p>\n<p data-start=\"87\" data-end=\"295\"><img fetchpriority=\"high\" decoding=\"async\" class=\"size-full wp-image-47822 aligncenter\" src=\"https:\/\/keluvo.com\/template\/wp-content\/uploads\/sites\/5\/2025\/12\/122118-ezgif.com-video-to-webp-converter-2.webp\" alt=\"\" width=\"500\" height=\"500\" \/><\/p>\n<h2 style=\"text-align: center;\" data-start=\"302\" data-end=\"323\"><strong>\u2728 Hovedfordeler<\/strong><\/h2>\n<p data-start=\"326\" data-end=\"396\">\ud83c\udfa9 Alt-i-ett magisk sett &#8211; Inkluderer klassiske magiske rekvisitter og verkt\u00f8y.<\/p>\n<p data-start=\"399\" data-end=\"470\">\ud83c\udfac Enkle videoinstruksjoner &#8211; L\u00e6r triks trinn for trinn p\u00e5 f\u00e5 minutter.<\/p>\n<p data-start=\"473\" data-end=\"543\">\ud83e\udde0 \u00d8ker kreativiteten &#8211; Forbedrer tenkning, fokus og fantasi.<\/p>\n<p data-start=\"546\" data-end=\"617\">\ud83e\udd39 Bygger selvtillit &#8211; Oppmuntrer til opptreden og selvuttrykk.<\/p>\n<p data-start=\"620\" data-end=\"674\">\ud83c\udf92 B\u00e6rbar koffert &#8211; Ta ditt trylleshow hvor som helst.<\/p>\n<p data-start=\"677\" data-end=\"747\">\ud83c\udf81 Perfekt gaveid\u00e9 &#8211; perfekt til bursdager og spesielle anledninger.<\/p>\n<p data-start=\"677\" data-end=\"747\"><img decoding=\"async\" class=\"size-full wp-image-47821 aligncenter\" src=\"https:\/\/keluvo.com\/template\/wp-content\/uploads\/sites\/5\/2025\/12\/122119-ezgif.com-video-to-webp-converter-2.webp\" alt=\"\" width=\"500\" height=\"500\" \/><\/p>\n<h2 style=\"text-align: center;\" data-start=\"754\" data-end=\"773\"><strong>\u25b6\ufe0f Slik Bruker Du Den<\/strong><\/h2>\n<ol data-start=\"774\" data-end=\"1015\">\n<li data-start=\"774\" data-end=\"818\">\n<p data-start=\"777\" data-end=\"818\">\u00c5pne kofferten og velg et trylletriks.<\/p>\n<\/li>\n<li data-start=\"819\" data-end=\"882\">\n<p data-start=\"822\" data-end=\"882\">F\u00f8lg instruksjonene som f\u00f8lger med eller videoveiledningen p\u00e5 nettet.<\/p>\n<\/li>\n<li data-start=\"883\" data-end=\"920\">\n<p data-start=\"886\" data-end=\"920\">\u00d8v p\u00e5 triksene trinn for trinn.<\/p>\n<\/li>\n<li data-start=\"921\" data-end=\"966\">\n<p data-start=\"924\" data-end=\"966\">Utf\u00f8r trikset for venner eller familie.<\/p>\n<\/li>\n<li data-start=\"967\" data-end=\"1015\">\n<p data-start=\"970\" data-end=\"1015\">Oppbevar alle gjenstandene i kofferten etter bruk.<\/p>\n<\/li>\n<\/ol>\n<h2 style=\"text-align: center;\" data-start=\"1022\" data-end=\"1046\"><strong>\ud83d\udce6 Produktdetaljer<\/strong><\/h2>\n<ul data-start=\"1047\" data-end=\"1393\">\n<li data-start=\"1082\" data-end=\"1167\">\n<p data-start=\"1084\" data-end=\"1167\">Inkluderer klassiske tryllerekvisitter (kopper, baller, falske tommeltotter, tryllestav, myntetui med mer)<\/p>\n<\/li>\n<li data-start=\"1168\" data-end=\"1229\">\n<p data-start=\"1170\" data-end=\"1229\">Instruksjoner: Trinn-for-trinn-veiledning + online videoveiledninger<\/p>\n<\/li>\n<li data-start=\"1230\" data-end=\"1264\">\n<p data-start=\"1232\" data-end=\"1264\">Kunnskapsniv\u00e5: Nybegynnervennlig<\/p>\n<\/li>\n<li data-start=\"1265\" data-end=\"1316\">\n<p data-start=\"1267\" data-end=\"1316\">Anvendelse: Lek hjemme, fester, sceneshow, undervisning<\/p>\n<\/li>\n<li data-start=\"1317\" data-end=\"1360\">\n<p data-start=\"1319\" data-end=\"1360\">Materiale: Holdbare, barnesikre materialer<\/p>\n<\/li>\n<li data-start=\"1361\" data-end=\"1393\">\n<p data-start=\"1363\" data-end=\"1393\">Egnet for: Gutter og jenter<\/p>\n<\/li>\n<\/ul>\n<h2 style=\"text-align: center;\" data-start=\"1400\" data-end=\"1425\"><strong>\ud83c\udf81 Pakken inkluderer<\/strong><\/h2>\n<ul data-start=\"1426\" data-end=\"1519\">\n<li data-start=\"1426\" data-end=\"1467\">\n<p data-start=\"1428\" data-end=\"1467\">1x tryllekunstnersett med tilbeh\u00f8r (13, 20, 30 triks)<\/p>\n<\/li>\n<li data-start=\"1468\" data-end=\"1489\">\n<p data-start=\"1470\" data-end=\"1489\">1x b\u00e6reveske.<\/p>\n<\/li>\n<\/ul>\n","protected":false},"excerpt":{"rendered":"<p>Dette tryllekunstsettet inneholder klassiske rekvisitter og enkle instruksjoner som hjelper nybegynnere med \u00e5 utf\u00f8re ekte magi raskt. Perfekt for barn som elsker \u00e5 underholde, l\u00e6re nye ferdigheter og bygge selvtillit gjennom morsom lek. En morsom og l\u00e6rerik m\u00e5te \u00e5 introdusere barn til magiens verden p\u00e5.<\/p>\n","protected":false},"featured_media":16286,"comment_status":"open","ping_status":"closed","template":"","meta":{"site-sidebar-layout":"default","site-content-layout":"","ast-site-content-layout":"default","site-content-style":"default","site-sidebar-style":"default","ast-global-header-display":"","ast-banner-title-visibility":"","ast-main-header-display":"","ast-hfb-above-header-display":"","ast-hfb-below-header-display":"","ast-hfb-mobile-header-display":"","site-post-title":"","ast-breadcrumbs-content":"","ast-featured-img":"","footer-sml-layout":"","theme-transparent-header-meta":"default","adv-header-id-meta":"","stick-header-meta":"","header-above-stick-meta":"","header-main-stick-meta":"","header-below-stick-meta":"","astra-migrate-meta-layouts":"set","ast-page-background-enabled":"default","ast-page-background-meta":{"desktop":{"background-color":"var(--ast-global-color-5)","background-image":"","background-repeat":"repeat","background-position":"center center","background-size":"auto","background-attachment":"scroll","background-type":"","background-media":"","overlay-type":"","overlay-color":"","overlay-opacity":"","overlay-gradient":""},"tablet":{"background-color":"","background-image":"","background-repeat":"repeat","background-position":"center center","background-size":"auto","background-attachment":"scroll","background-type":"","background-media":"","overlay-type":"","overlay-color":"","overlay-opacity":"","overlay-gradient":""},"mobile":{"background-color":"","background-image":"","background-repeat":"repeat","background-position":"center center","background-size":"auto","background-attachment":"scroll","background-type":"","background-media":"","overlay-type":"","overlay-color":"","overlay-opacity":"","overlay-gradient":""}},"ast-content-background-meta":{"desktop":{"background-color":"var(--ast-global-color-4)","background-image":"","background-repeat":"repeat","background-position":"center center","background-size":"auto","background-attachment":"scroll","background-type":"","background-media":"","overlay-type":"","overlay-color":"","overlay-opacity":"","overlay-gradient":""},"tablet":{"background-color":"var(--ast-global-color-4)","background-image":"","background-repeat":"repeat","background-position":"center center","background-size":"auto","background-attachment":"scroll","background-type":"","background-media":"","overlay-type":"","overlay-color":"","overlay-opacity":"","overlay-gradient":""},"mobile":{"background-color":"var(--ast-global-color-4)","background-image":"","background-repeat":"repeat","background-position":"center center","background-size":"auto","background-attachment":"scroll","background-type":"","background-media":"","overlay-type":"","overlay-color":"","overlay-opacity":"","overlay-gradient":""}}},"product_brand":[],"product_cat":[172],"product_tag":[],"class_list":{"0":"post-16290","1":"product","2":"type-product","3":"status-publish","4":"has-post-thumbnail","6":"product_cat-leker-barne-og-babyprodukter","7":"pa_65505_6r9pao53-13-triks","8":"pa_65505_6r9pao53-20-triks","9":"pa_65505_6r9pao53-30-triks","10":"desktop-align-left","11":"tablet-align-left","12":"mobile-align-left","14":"first","15":"instock","16":"shipping-taxable","17":"purchasable","18":"product-type-variable"},"yoast_head":"<!-- This site is optimized with the Yoast SEO plugin v26.6 - https:\/\/yoast.com\/wordpress\/plugins\/seo\/ -->\n<title>Tryllekunstnersett - Mekulo NO<\/title>\n<meta name=\"robots\" content=\"index, follow, max-snippet:-1, max-image-preview:large, max-video-preview:-1\" \/>\n<link rel=\"canonical\" href=\"https:\/\/mekulo.com\/no\/produkt\/tryllekunstnersett\/\" \/>\n<meta property=\"og:locale\" content=\"nb_NO\" \/>\n<meta property=\"og:type\" content=\"article\" \/>\n<meta property=\"og:title\" content=\"Tryllekunstnersett - Mekulo NO\" \/>\n<meta property=\"og:description\" content=\"Dette tryllekunstsettet inneholder klassiske rekvisitter og enkle instruksjoner som hjelper nybegynnere med \u00e5 utf\u00f8re ekte magi raskt. Perfekt for barn som elsker \u00e5 underholde, l\u00e6re nye ferdigheter og bygge selvtillit gjennom morsom lek. En morsom og l\u00e6rerik m\u00e5te \u00e5 introdusere barn til magiens verden p\u00e5.\" \/>\n<meta property=\"og:url\" content=\"https:\/\/mekulo.com\/no\/produkt\/tryllekunstnersett\/\" \/>\n<meta property=\"og:site_name\" content=\"Mekulo NO\" \/>\n<meta property=\"article:modified_time\" content=\"2026-01-22T15:46:01+00:00\" \/>\n<meta property=\"og:image\" content=\"https:\/\/mekulo.com\/no\/wp-content\/uploads\/sites\/10\/2026\/01\/5kmdnt7-1.webp\" \/>\n\t<meta property=\"og:image:width\" content=\"713\" \/>\n\t<meta property=\"og:image:height\" content=\"713\" \/>\n\t<meta property=\"og:image:type\" content=\"image\/webp\" \/>\n<meta name=\"twitter:card\" content=\"summary_large_image\" \/>\n<meta name=\"twitter:label1\" content=\"Ansl. lesetid\" \/>\n\t<meta name=\"twitter:data1\" content=\"2 minutter\" \/>\n<script type=\"application\/ld+json\" class=\"yoast-schema-graph\">{\"@context\":\"https:\/\/schema.org\",\"@graph\":[{\"@type\":\"WebPage\",\"@id\":\"https:\/\/mekulo.com\/no\/produkt\/tryllekunstnersett\/\",\"url\":\"https:\/\/mekulo.com\/no\/produkt\/tryllekunstnersett\/\",\"name\":\"Tryllekunstnersett - Mekulo NO\",\"isPartOf\":{\"@id\":\"https:\/\/mekulo.com\/no\/#website\"},\"primaryImageOfPage\":{\"@id\":\"https:\/\/mekulo.com\/no\/produkt\/tryllekunstnersett\/#primaryimage\"},\"image\":{\"@id\":\"https:\/\/mekulo.com\/no\/produkt\/tryllekunstnersett\/#primaryimage\"},\"thumbnailUrl\":\"https:\/\/mekulo.com\/no\/wp-content\/uploads\/sites\/10\/2026\/01\/5kmdnt7-1.webp\",\"datePublished\":\"2026-01-09T10:28:02+00:00\",\"dateModified\":\"2026-01-22T15:46:01+00:00\",\"breadcrumb\":{\"@id\":\"https:\/\/mekulo.com\/no\/produkt\/tryllekunstnersett\/#breadcrumb\"},\"inLanguage\":\"nb-NO\",\"potentialAction\":[{\"@type\":\"ReadAction\",\"target\":[\"https:\/\/mekulo.com\/no\/produkt\/tryllekunstnersett\/\"]}]},{\"@type\":\"ImageObject\",\"inLanguage\":\"nb-NO\",\"@id\":\"https:\/\/mekulo.com\/no\/produkt\/tryllekunstnersett\/#primaryimage\",\"url\":\"https:\/\/mekulo.com\/no\/wp-content\/uploads\/sites\/10\/2026\/01\/5kmdnt7-1.webp\",\"contentUrl\":\"https:\/\/mekulo.com\/no\/wp-content\/uploads\/sites\/10\/2026\/01\/5kmdnt7-1.webp\",\"width\":713,\"height\":713},{\"@type\":\"BreadcrumbList\",\"@id\":\"https:\/\/mekulo.com\/no\/produkt\/tryllekunstnersett\/#breadcrumb\",\"itemListElement\":[{\"@type\":\"ListItem\",\"position\":1,\"name\":\"Home\",\"item\":\"https:\/\/mekulo.com\/no\/\"},{\"@type\":\"ListItem\",\"position\":2,\"name\":\"Butikk\",\"item\":\"https:\/\/mekulo.com\/no\/butikk\/\"},{\"@type\":\"ListItem\",\"position\":3,\"name\":\"Tryllekunstnersett\"}]},{\"@type\":\"WebSite\",\"@id\":\"https:\/\/mekulo.com\/no\/#website\",\"url\":\"https:\/\/mekulo.com\/no\/\",\"name\":\"Mekulo NO\",\"description\":\"\",\"publisher\":{\"@id\":\"https:\/\/mekulo.com\/no\/#organization\"},\"potentialAction\":[{\"@type\":\"SearchAction\",\"target\":{\"@type\":\"EntryPoint\",\"urlTemplate\":\"https:\/\/mekulo.com\/no\/?s={search_term_string}\"},\"query-input\":{\"@type\":\"PropertyValueSpecification\",\"valueRequired\":true,\"valueName\":\"search_term_string\"}}],\"inLanguage\":\"nb-NO\"},{\"@type\":\"Organization\",\"@id\":\"https:\/\/mekulo.com\/no\/#organization\",\"name\":\"Mekulo\",\"url\":\"https:\/\/mekulo.com\/no\/\",\"logo\":{\"@type\":\"ImageObject\",\"inLanguage\":\"nb-NO\",\"@id\":\"https:\/\/mekulo.com\/no\/#\/schema\/logo\/image\/\",\"url\":\"https:\/\/mekulo.com\/no\/wp-content\/uploads\/sites\/10\/2025\/12\/favicon_mekulo.png\",\"contentUrl\":\"https:\/\/mekulo.com\/no\/wp-content\/uploads\/sites\/10\/2025\/12\/favicon_mekulo.png\",\"width\":50,\"height\":50,\"caption\":\"Mekulo\"},\"image\":{\"@id\":\"https:\/\/mekulo.com\/no\/#\/schema\/logo\/image\/\"}}]}<\/script>\n<!-- \/ Yoast SEO plugin. -->","yoast_head_json":{"title":"Tryllekunstnersett - Mekulo NO","robots":{"index":"index","follow":"follow","max-snippet":"max-snippet:-1","max-image-preview":"max-image-preview:large","max-video-preview":"max-video-preview:-1"},"canonical":"https:\/\/mekulo.com\/no\/produkt\/tryllekunstnersett\/","og_locale":"nb_NO","og_type":"article","og_title":"Tryllekunstnersett - Mekulo NO","og_description":"Dette tryllekunstsettet inneholder klassiske rekvisitter og enkle instruksjoner som hjelper nybegynnere med \u00e5 utf\u00f8re ekte magi raskt. Perfekt for barn som elsker \u00e5 underholde, l\u00e6re nye ferdigheter og bygge selvtillit gjennom morsom lek. En morsom og l\u00e6rerik m\u00e5te \u00e5 introdusere barn til magiens verden p\u00e5.","og_url":"https:\/\/mekulo.com\/no\/produkt\/tryllekunstnersett\/","og_site_name":"Mekulo NO","article_modified_time":"2026-01-22T15:46:01+00:00","og_image":[{"width":713,"height":713,"url":"https:\/\/mekulo.com\/no\/wp-content\/uploads\/sites\/10\/2026\/01\/5kmdnt7-1.webp","type":"image\/webp"}],"twitter_card":"summary_large_image","twitter_misc":{"Ansl. lesetid":"2 minutter"},"schema":{"@context":"https:\/\/schema.org","@graph":[{"@type":"WebPage","@id":"https:\/\/mekulo.com\/no\/produkt\/tryllekunstnersett\/","url":"https:\/\/mekulo.com\/no\/produkt\/tryllekunstnersett\/","name":"Tryllekunstnersett - Mekulo NO","isPartOf":{"@id":"https:\/\/mekulo.com\/no\/#website"},"primaryImageOfPage":{"@id":"https:\/\/mekulo.com\/no\/produkt\/tryllekunstnersett\/#primaryimage"},"image":{"@id":"https:\/\/mekulo.com\/no\/produkt\/tryllekunstnersett\/#primaryimage"},"thumbnailUrl":"https:\/\/mekulo.com\/no\/wp-content\/uploads\/sites\/10\/2026\/01\/5kmdnt7-1.webp","datePublished":"2026-01-09T10:28:02+00:00","dateModified":"2026-01-22T15:46:01+00:00","breadcrumb":{"@id":"https:\/\/mekulo.com\/no\/produkt\/tryllekunstnersett\/#breadcrumb"},"inLanguage":"nb-NO","potentialAction":[{"@type":"ReadAction","target":["https:\/\/mekulo.com\/no\/produkt\/tryllekunstnersett\/"]}]},{"@type":"ImageObject","inLanguage":"nb-NO","@id":"https:\/\/mekulo.com\/no\/produkt\/tryllekunstnersett\/#primaryimage","url":"https:\/\/mekulo.com\/no\/wp-content\/uploads\/sites\/10\/2026\/01\/5kmdnt7-1.webp","contentUrl":"https:\/\/mekulo.com\/no\/wp-content\/uploads\/sites\/10\/2026\/01\/5kmdnt7-1.webp","width":713,"height":713},{"@type":"BreadcrumbList","@id":"https:\/\/mekulo.com\/no\/produkt\/tryllekunstnersett\/#breadcrumb","itemListElement":[{"@type":"ListItem","position":1,"name":"Home","item":"https:\/\/mekulo.com\/no\/"},{"@type":"ListItem","position":2,"name":"Butikk","item":"https:\/\/mekulo.com\/no\/butikk\/"},{"@type":"ListItem","position":3,"name":"Tryllekunstnersett"}]},{"@type":"WebSite","@id":"https:\/\/mekulo.com\/no\/#website","url":"https:\/\/mekulo.com\/no\/","name":"Mekulo NO","description":"","publisher":{"@id":"https:\/\/mekulo.com\/no\/#organization"},"potentialAction":[{"@type":"SearchAction","target":{"@type":"EntryPoint","urlTemplate":"https:\/\/mekulo.com\/no\/?s={search_term_string}"},"query-input":{"@type":"PropertyValueSpecification","valueRequired":true,"valueName":"search_term_string"}}],"inLanguage":"nb-NO"},{"@type":"Organization","@id":"https:\/\/mekulo.com\/no\/#organization","name":"Mekulo","url":"https:\/\/mekulo.com\/no\/","logo":{"@type":"ImageObject","inLanguage":"nb-NO","@id":"https:\/\/mekulo.com\/no\/#\/schema\/logo\/image\/","url":"https:\/\/mekulo.com\/no\/wp-content\/uploads\/sites\/10\/2025\/12\/favicon_mekulo.png","contentUrl":"https:\/\/mekulo.com\/no\/wp-content\/uploads\/sites\/10\/2025\/12\/favicon_mekulo.png","width":50,"height":50,"caption":"Mekulo"},"image":{"@id":"https:\/\/mekulo.com\/no\/#\/schema\/logo\/image\/"}}]}},"_links":{"self":[{"href":"https:\/\/mekulo.com\/no\/wp-json\/wp\/v2\/product\/16290","targetHints":{"allow":["GET"]}}],"collection":[{"href":"https:\/\/mekulo.com\/no\/wp-json\/wp\/v2\/product"}],"about":[{"href":"https:\/\/mekulo.com\/no\/wp-json\/wp\/v2\/types\/product"}],"replies":[{"embeddable":true,"href":"https:\/\/mekulo.com\/no\/wp-json\/wp\/v2\/comments?post=16290"}],"wp:featuredmedia":[{"embeddable":true,"href":"https:\/\/mekulo.com\/no\/wp-json\/wp\/v2\/media\/16286"}],"wp:attachment":[{"href":"https:\/\/mekulo.com\/no\/wp-json\/wp\/v2\/media?parent=16290"}],"wp:term":[{"taxonomy":"product_brand","embeddable":true,"href":"https:\/\/mekulo.com\/no\/wp-json\/wp\/v2\/product_brand?post=16290"},{"taxonomy":"product_cat","embeddable":true,"href":"https:\/\/mekulo.com\/no\/wp-json\/wp\/v2\/product_cat?post=16290"},{"taxonomy":"product_tag","embeddable":true,"href":"https:\/\/mekulo.com\/no\/wp-json\/wp\/v2\/product_tag?post=16290"}],"curies":[{"name":"wp","href":"https:\/\/api.w.org\/{rel}","templated":true}]}}