{"id":16221,"date":"2026-01-09T12:22:32","date_gmt":"2026-01-09T10:22:32","guid":{"rendered":"https:\/\/mekulo.com\/no\/produkt\/poleringsskive-i-ull\/"},"modified":"2026-01-09T16:25:37","modified_gmt":"2026-01-09T14:25:37","slug":"poleringsskive-i-ull","status":"publish","type":"product","link":"https:\/\/mekulo.com\/no\/produkt\/poleringsskive-i-ull\/","title":{"rendered":"Poleringsskive i ull"},"content":{"rendered":"<p style=\"text-align: center;\" data-start=\"25\" data-end=\"99\"><strong data-start=\"25\" data-end=\"99\">Oppn\u00e5 en jevn, skinnende, profesjonell finish p\u00e5 metall, tre og mer. \ud83e\udeb5<\/strong><\/p>\n<p data-start=\"101\" data-end=\"378\"><img fetchpriority=\"high\" decoding=\"async\" class=\"size-full wp-image-47725 aligncenter\" src=\"https:\/\/keluvo.com\/template\/wp-content\/uploads\/sites\/5\/2025\/12\/122111-ezgif.com-video-to-webp-converter-2.webp\" alt=\"\" width=\"500\" height=\"500\" \/><\/p>\n<h2 style=\"text-align: center;\" data-start=\"385\" data-end=\"406\"><strong>Hovedfordeler<\/strong><\/h2>\n<p data-start=\"409\" data-end=\"473\">\ud83d\udc11 F\u00f8rsteklasses ullmateriale &#8211; mykt, slitesterkt og langvarig.<\/p>\n<p data-start=\"476\" data-end=\"543\">\ud83d\udd25 Varme- og slitesterk &#8211; trygg for langvarig polering.<\/p>\n<p data-start=\"546\" data-end=\"613\">\u26a1 Rask poleringsytelse &#8211; st\u00f8tter hastigheter p\u00e5 opptil 3000 o\/min.<\/p>\n<p data-start=\"616\" data-end=\"689\">\ud83e\ude9e H\u00f8yglanset finish &#8211; ideell for sluttpolering og speileffekter.<\/p>\n<p data-start=\"692\" data-end=\"766\">\ud83e\uddf0 Bred kompatibilitet &#8211; Fungerer p\u00e5 metall, tre, stein, glass og mer.<\/p>\n<p data-start=\"692\" data-end=\"766\"><img decoding=\"async\" class=\"size-full wp-image-47723 aligncenter\" src=\"https:\/\/keluvo.com\/template\/wp-content\/uploads\/sites\/5\/2025\/12\/122112-ezgif.com-video-to-webp-converter-2.webp\" alt=\"\" width=\"500\" height=\"500\" \/><\/p>\n<h2 style=\"text-align: center;\" data-start=\"773\" data-end=\"792\"><strong>Slik Bruker Du Den<\/strong><\/h2>\n<ol data-start=\"793\" data-end=\"1063\">\n<li data-start=\"793\" data-end=\"865\">\n<p data-start=\"796\" data-end=\"865\">Fest poleringsskiven til vinkelsliperen eller et kompatibelt verkt\u00f8y.<\/p>\n<\/li>\n<li data-start=\"866\" data-end=\"906\">\n<p data-start=\"869\" data-end=\"906\">P\u00e5f\u00f8r poleringsmiddel om n\u00f8dvendig.<\/p>\n<\/li>\n<li data-start=\"907\" data-end=\"958\">\n<p data-start=\"910\" data-end=\"958\">Poler overflaten forsiktig med jevnt trykk.<\/p>\n<\/li>\n<li data-start=\"959\" data-end=\"1012\">\n<p data-start=\"962\" data-end=\"1012\">Beveg deg jevnt for \u00e5 unng\u00e5 overoppheting av materialet.<\/p>\n<\/li>\n<li data-start=\"1013\" data-end=\"1063\">\n<p data-start=\"1016\" data-end=\"1063\">Rengj\u00f8r skiven etter bruk for lengre levetid.<\/p>\n<\/li>\n<\/ol>\n<h2 style=\"text-align: center;\" data-start=\"1070\" data-end=\"1094\"><strong>Produktdetaljer<\/strong><\/h2>\n<ul data-start=\"1095\" data-end=\"1354\">\n<li data-start=\"1134\" data-end=\"1165\">\n<p data-start=\"1136\" data-end=\"1165\">Materiale: Ull av h\u00f8y kvalitet<\/p>\n<\/li>\n<li data-start=\"1134\" data-end=\"1165\">\n<p data-start=\"1136\" data-end=\"1165\">St\u00f8rrelse: 115 mm, 125 mm<\/p>\n<\/li>\n<li data-start=\"1134\" data-end=\"1165\">\n<p data-start=\"1136\" data-end=\"1165\">Tykkelse: 10 mm<\/p>\n<\/li>\n<li data-start=\"1278\" data-end=\"1307\">\n<p data-start=\"1280\" data-end=\"1307\">Maks hastighet: Opptil 3000 RPM<\/p>\n<\/li>\n<li data-start=\"1308\" data-end=\"1354\">\n<p data-start=\"1310\" data-end=\"1354\">Bruk: Sluttpolering og overflatebehandling<\/p>\n<\/li>\n<\/ul>\n<h2 style=\"text-align: center;\" data-start=\"1361\" data-end=\"1386\"><strong>Pakken inneholder<\/strong><\/h2>\n<ul data-start=\"1387\" data-end=\"1414\">\n<li data-start=\"1387\" data-end=\"1414\">\n<p data-start=\"1389\" data-end=\"1414\">1, 2, 3x ullpoleringsskive.<\/p>\n<\/li>\n<\/ul>\n","protected":false},"excerpt":{"rendered":"<p>Denne poleringsskiven i ull er utviklet for rask og presis sluttpolering, og hjelper deg med \u00e5 gi overflatene et rent og blankt utseende. Den er laget av ull av h\u00f8y kvalitet, er slitesterk, varmebestandig og ideell for \u00e5 fjerne fine riper, oksidasjon og poleringsmerker p\u00e5 mange materialer. Et p\u00e5litelig poleringsverkt\u00f8y som gir jevne resultater, lang levetid og profesjonell glans p\u00e5 hvert eneste prosjekt.<\/p>\n","protected":false},"featured_media":16217,"comment_status":"open","ping_status":"closed","template":"","meta":{"site-sidebar-layout":"default","site-content-layout":"","ast-site-content-layout":"default","site-content-style":"default","site-sidebar-style":"default","ast-global-header-display":"","ast-banner-title-visibility":"","ast-main-header-display":"","ast-hfb-above-header-display":"","ast-hfb-below-header-display":"","ast-hfb-mobile-header-display":"","site-post-title":"","ast-breadcrumbs-content":"","ast-featured-img":"","footer-sml-layout":"","theme-transparent-header-meta":"default","adv-header-id-meta":"","stick-header-meta":"","header-above-stick-meta":"","header-main-stick-meta":"","header-below-stick-meta":"","astra-migrate-meta-layouts":"set","ast-page-background-enabled":"default","ast-page-background-meta":{"desktop":{"background-color":"var(--ast-global-color-5)","background-image":"","background-repeat":"repeat","background-position":"center center","background-size":"auto","background-attachment":"scroll","background-type":"","background-media":"","overlay-type":"","overlay-color":"","overlay-opacity":"","overlay-gradient":""},"tablet":{"background-color":"","background-image":"","background-repeat":"repeat","background-position":"center center","background-size":"auto","background-attachment":"scroll","background-type":"","background-media":"","overlay-type":"","overlay-color":"","overlay-opacity":"","overlay-gradient":""},"mobile":{"background-color":"","background-image":"","background-repeat":"repeat","background-position":"center center","background-size":"auto","background-attachment":"scroll","background-type":"","background-media":"","overlay-type":"","overlay-color":"","overlay-opacity":"","overlay-gradient":""}},"ast-content-background-meta":{"desktop":{"background-color":"var(--ast-global-color-4)","background-image":"","background-repeat":"repeat","background-position":"center center","background-size":"auto","background-attachment":"scroll","background-type":"","background-media":"","overlay-type":"","overlay-color":"","overlay-opacity":"","overlay-gradient":""},"tablet":{"background-color":"var(--ast-global-color-4)","background-image":"","background-repeat":"repeat","background-position":"center center","background-size":"auto","background-attachment":"scroll","background-type":"","background-media":"","overlay-type":"","overlay-color":"","overlay-opacity":"","overlay-gradient":""},"mobile":{"background-color":"var(--ast-global-color-4)","background-image":"","background-repeat":"repeat","background-position":"center center","background-size":"auto","background-attachment":"scroll","background-type":"","background-media":"","overlay-type":"","overlay-color":"","overlay-opacity":"","overlay-gradient":""}}},"product_brand":[],"product_cat":[171],"product_tag":[],"class_list":{"0":"post-16221","1":"product","2":"type-product","3":"status-publish","4":"has-post-thumbnail","6":"product_cat-verktoy","7":"pa_65460_3wu76cax-115-mm","8":"pa_65460_3wu76cax-125-mm","9":"pa_65460_42vwb1e8-1-stk","10":"pa_65460_42vwb1e8-2-stk","11":"pa_65460_42vwb1e8-3-stk","12":"desktop-align-left","13":"tablet-align-left","14":"mobile-align-left","16":"first","17":"instock","18":"shipping-taxable","19":"purchasable","20":"product-type-variable","21":"has-default-attributes"},"yoast_head":"<!-- This site is optimized with the Yoast SEO plugin v26.6 - https:\/\/yoast.com\/wordpress\/plugins\/seo\/ -->\n<title>Poleringsskive i ull - Mekulo NO<\/title>\n<meta name=\"robots\" content=\"index, follow, max-snippet:-1, max-image-preview:large, max-video-preview:-1\" \/>\n<link rel=\"canonical\" href=\"https:\/\/mekulo.com\/no\/produkt\/poleringsskive-i-ull\/\" \/>\n<meta property=\"og:locale\" content=\"nb_NO\" \/>\n<meta property=\"og:type\" content=\"article\" \/>\n<meta property=\"og:title\" content=\"Poleringsskive i ull - Mekulo NO\" \/>\n<meta property=\"og:description\" content=\"Denne poleringsskiven i ull er utviklet for rask og presis sluttpolering, og hjelper deg med \u00e5 gi overflatene et rent og blankt utseende. Den er laget av ull av h\u00f8y kvalitet, er slitesterk, varmebestandig og ideell for \u00e5 fjerne fine riper, oksidasjon og poleringsmerker p\u00e5 mange materialer. Et p\u00e5litelig poleringsverkt\u00f8y som gir jevne resultater, lang levetid og profesjonell glans p\u00e5 hvert eneste prosjekt.\" \/>\n<meta property=\"og:url\" content=\"https:\/\/mekulo.com\/no\/produkt\/poleringsskive-i-ull\/\" \/>\n<meta property=\"og:site_name\" content=\"Mekulo NO\" \/>\n<meta property=\"article:modified_time\" content=\"2026-01-09T14:25:37+00:00\" \/>\n<meta property=\"og:image\" content=\"https:\/\/mekulo.com\/no\/wp-content\/uploads\/sites\/10\/2026\/01\/hf6s04v-1.webp\" \/>\n\t<meta property=\"og:image:width\" content=\"600\" \/>\n\t<meta property=\"og:image:height\" content=\"600\" \/>\n\t<meta property=\"og:image:type\" content=\"image\/webp\" \/>\n<meta name=\"twitter:card\" content=\"summary_large_image\" \/>\n<meta name=\"twitter:label1\" content=\"Ansl. lesetid\" \/>\n\t<meta name=\"twitter:data1\" content=\"2 minutter\" \/>\n<script type=\"application\/ld+json\" class=\"yoast-schema-graph\">{\"@context\":\"https:\/\/schema.org\",\"@graph\":[{\"@type\":\"WebPage\",\"@id\":\"https:\/\/mekulo.com\/no\/produkt\/poleringsskive-i-ull\/\",\"url\":\"https:\/\/mekulo.com\/no\/produkt\/poleringsskive-i-ull\/\",\"name\":\"Poleringsskive i ull - Mekulo NO\",\"isPartOf\":{\"@id\":\"https:\/\/mekulo.com\/no\/#website\"},\"primaryImageOfPage\":{\"@id\":\"https:\/\/mekulo.com\/no\/produkt\/poleringsskive-i-ull\/#primaryimage\"},\"image\":{\"@id\":\"https:\/\/mekulo.com\/no\/produkt\/poleringsskive-i-ull\/#primaryimage\"},\"thumbnailUrl\":\"https:\/\/mekulo.com\/no\/wp-content\/uploads\/sites\/10\/2026\/01\/hf6s04v-1.webp\",\"datePublished\":\"2026-01-09T10:22:32+00:00\",\"dateModified\":\"2026-01-09T14:25:37+00:00\",\"breadcrumb\":{\"@id\":\"https:\/\/mekulo.com\/no\/produkt\/poleringsskive-i-ull\/#breadcrumb\"},\"inLanguage\":\"nb-NO\",\"potentialAction\":[{\"@type\":\"ReadAction\",\"target\":[\"https:\/\/mekulo.com\/no\/produkt\/poleringsskive-i-ull\/\"]}]},{\"@type\":\"ImageObject\",\"inLanguage\":\"nb-NO\",\"@id\":\"https:\/\/mekulo.com\/no\/produkt\/poleringsskive-i-ull\/#primaryimage\",\"url\":\"https:\/\/mekulo.com\/no\/wp-content\/uploads\/sites\/10\/2026\/01\/hf6s04v-1.webp\",\"contentUrl\":\"https:\/\/mekulo.com\/no\/wp-content\/uploads\/sites\/10\/2026\/01\/hf6s04v-1.webp\",\"width\":600,\"height\":600},{\"@type\":\"BreadcrumbList\",\"@id\":\"https:\/\/mekulo.com\/no\/produkt\/poleringsskive-i-ull\/#breadcrumb\",\"itemListElement\":[{\"@type\":\"ListItem\",\"position\":1,\"name\":\"Home\",\"item\":\"https:\/\/mekulo.com\/no\/\"},{\"@type\":\"ListItem\",\"position\":2,\"name\":\"Butikk\",\"item\":\"https:\/\/mekulo.com\/no\/butikk\/\"},{\"@type\":\"ListItem\",\"position\":3,\"name\":\"Poleringsskive i ull\"}]},{\"@type\":\"WebSite\",\"@id\":\"https:\/\/mekulo.com\/no\/#website\",\"url\":\"https:\/\/mekulo.com\/no\/\",\"name\":\"Mekulo NO\",\"description\":\"\",\"publisher\":{\"@id\":\"https:\/\/mekulo.com\/no\/#organization\"},\"potentialAction\":[{\"@type\":\"SearchAction\",\"target\":{\"@type\":\"EntryPoint\",\"urlTemplate\":\"https:\/\/mekulo.com\/no\/?s={search_term_string}\"},\"query-input\":{\"@type\":\"PropertyValueSpecification\",\"valueRequired\":true,\"valueName\":\"search_term_string\"}}],\"inLanguage\":\"nb-NO\"},{\"@type\":\"Organization\",\"@id\":\"https:\/\/mekulo.com\/no\/#organization\",\"name\":\"Mekulo\",\"url\":\"https:\/\/mekulo.com\/no\/\",\"logo\":{\"@type\":\"ImageObject\",\"inLanguage\":\"nb-NO\",\"@id\":\"https:\/\/mekulo.com\/no\/#\/schema\/logo\/image\/\",\"url\":\"https:\/\/mekulo.com\/no\/wp-content\/uploads\/sites\/10\/2025\/12\/favicon_mekulo.png\",\"contentUrl\":\"https:\/\/mekulo.com\/no\/wp-content\/uploads\/sites\/10\/2025\/12\/favicon_mekulo.png\",\"width\":50,\"height\":50,\"caption\":\"Mekulo\"},\"image\":{\"@id\":\"https:\/\/mekulo.com\/no\/#\/schema\/logo\/image\/\"}}]}<\/script>\n<!-- \/ Yoast SEO plugin. -->","yoast_head_json":{"title":"Poleringsskive i ull - Mekulo NO","robots":{"index":"index","follow":"follow","max-snippet":"max-snippet:-1","max-image-preview":"max-image-preview:large","max-video-preview":"max-video-preview:-1"},"canonical":"https:\/\/mekulo.com\/no\/produkt\/poleringsskive-i-ull\/","og_locale":"nb_NO","og_type":"article","og_title":"Poleringsskive i ull - Mekulo NO","og_description":"Denne poleringsskiven i ull er utviklet for rask og presis sluttpolering, og hjelper deg med \u00e5 gi overflatene et rent og blankt utseende. Den er laget av ull av h\u00f8y kvalitet, er slitesterk, varmebestandig og ideell for \u00e5 fjerne fine riper, oksidasjon og poleringsmerker p\u00e5 mange materialer. Et p\u00e5litelig poleringsverkt\u00f8y som gir jevne resultater, lang levetid og profesjonell glans p\u00e5 hvert eneste prosjekt.","og_url":"https:\/\/mekulo.com\/no\/produkt\/poleringsskive-i-ull\/","og_site_name":"Mekulo NO","article_modified_time":"2026-01-09T14:25:37+00:00","og_image":[{"width":600,"height":600,"url":"https:\/\/mekulo.com\/no\/wp-content\/uploads\/sites\/10\/2026\/01\/hf6s04v-1.webp","type":"image\/webp"}],"twitter_card":"summary_large_image","twitter_misc":{"Ansl. lesetid":"2 minutter"},"schema":{"@context":"https:\/\/schema.org","@graph":[{"@type":"WebPage","@id":"https:\/\/mekulo.com\/no\/produkt\/poleringsskive-i-ull\/","url":"https:\/\/mekulo.com\/no\/produkt\/poleringsskive-i-ull\/","name":"Poleringsskive i ull - Mekulo NO","isPartOf":{"@id":"https:\/\/mekulo.com\/no\/#website"},"primaryImageOfPage":{"@id":"https:\/\/mekulo.com\/no\/produkt\/poleringsskive-i-ull\/#primaryimage"},"image":{"@id":"https:\/\/mekulo.com\/no\/produkt\/poleringsskive-i-ull\/#primaryimage"},"thumbnailUrl":"https:\/\/mekulo.com\/no\/wp-content\/uploads\/sites\/10\/2026\/01\/hf6s04v-1.webp","datePublished":"2026-01-09T10:22:32+00:00","dateModified":"2026-01-09T14:25:37+00:00","breadcrumb":{"@id":"https:\/\/mekulo.com\/no\/produkt\/poleringsskive-i-ull\/#breadcrumb"},"inLanguage":"nb-NO","potentialAction":[{"@type":"ReadAction","target":["https:\/\/mekulo.com\/no\/produkt\/poleringsskive-i-ull\/"]}]},{"@type":"ImageObject","inLanguage":"nb-NO","@id":"https:\/\/mekulo.com\/no\/produkt\/poleringsskive-i-ull\/#primaryimage","url":"https:\/\/mekulo.com\/no\/wp-content\/uploads\/sites\/10\/2026\/01\/hf6s04v-1.webp","contentUrl":"https:\/\/mekulo.com\/no\/wp-content\/uploads\/sites\/10\/2026\/01\/hf6s04v-1.webp","width":600,"height":600},{"@type":"BreadcrumbList","@id":"https:\/\/mekulo.com\/no\/produkt\/poleringsskive-i-ull\/#breadcrumb","itemListElement":[{"@type":"ListItem","position":1,"name":"Home","item":"https:\/\/mekulo.com\/no\/"},{"@type":"ListItem","position":2,"name":"Butikk","item":"https:\/\/mekulo.com\/no\/butikk\/"},{"@type":"ListItem","position":3,"name":"Poleringsskive i ull"}]},{"@type":"WebSite","@id":"https:\/\/mekulo.com\/no\/#website","url":"https:\/\/mekulo.com\/no\/","name":"Mekulo NO","description":"","publisher":{"@id":"https:\/\/mekulo.com\/no\/#organization"},"potentialAction":[{"@type":"SearchAction","target":{"@type":"EntryPoint","urlTemplate":"https:\/\/mekulo.com\/no\/?s={search_term_string}"},"query-input":{"@type":"PropertyValueSpecification","valueRequired":true,"valueName":"search_term_string"}}],"inLanguage":"nb-NO"},{"@type":"Organization","@id":"https:\/\/mekulo.com\/no\/#organization","name":"Mekulo","url":"https:\/\/mekulo.com\/no\/","logo":{"@type":"ImageObject","inLanguage":"nb-NO","@id":"https:\/\/mekulo.com\/no\/#\/schema\/logo\/image\/","url":"https:\/\/mekulo.com\/no\/wp-content\/uploads\/sites\/10\/2025\/12\/favicon_mekulo.png","contentUrl":"https:\/\/mekulo.com\/no\/wp-content\/uploads\/sites\/10\/2025\/12\/favicon_mekulo.png","width":50,"height":50,"caption":"Mekulo"},"image":{"@id":"https:\/\/mekulo.com\/no\/#\/schema\/logo\/image\/"}}]}},"_links":{"self":[{"href":"https:\/\/mekulo.com\/no\/wp-json\/wp\/v2\/product\/16221","targetHints":{"allow":["GET"]}}],"collection":[{"href":"https:\/\/mekulo.com\/no\/wp-json\/wp\/v2\/product"}],"about":[{"href":"https:\/\/mekulo.com\/no\/wp-json\/wp\/v2\/types\/product"}],"replies":[{"embeddable":true,"href":"https:\/\/mekulo.com\/no\/wp-json\/wp\/v2\/comments?post=16221"}],"wp:featuredmedia":[{"embeddable":true,"href":"https:\/\/mekulo.com\/no\/wp-json\/wp\/v2\/media\/16217"}],"wp:attachment":[{"href":"https:\/\/mekulo.com\/no\/wp-json\/wp\/v2\/media?parent=16221"}],"wp:term":[{"taxonomy":"product_brand","embeddable":true,"href":"https:\/\/mekulo.com\/no\/wp-json\/wp\/v2\/product_brand?post=16221"},{"taxonomy":"product_cat","embeddable":true,"href":"https:\/\/mekulo.com\/no\/wp-json\/wp\/v2\/product_cat?post=16221"},{"taxonomy":"product_tag","embeddable":true,"href":"https:\/\/mekulo.com\/no\/wp-json\/wp\/v2\/product_tag?post=16221"}],"curies":[{"name":"wp","href":"https:\/\/api.w.org\/{rel}","templated":true}]}}