{"id":16189,"date":"2026-01-09T12:20:21","date_gmt":"2026-01-09T10:20:21","guid":{"rendered":"https:\/\/mekulo.com\/no\/produkt\/justerbare-bukseseler\/"},"modified":"2026-01-09T16:23:28","modified_gmt":"2026-01-09T14:23:28","slug":"justerbare-bukseseler","status":"publish","type":"product","link":"https:\/\/mekulo.com\/no\/produkt\/justerbare-bukseseler\/","title":{"rendered":"Justerbare bukseseler"},"content":{"rendered":"<p style=\"text-align: center;\" data-start=\"27\" data-end=\"95\"><strong data-start=\"27\" data-end=\"95\">Hold deg komfortabel og hold buksene dine perfekt p\u00e5 plass hele dagen. \ud83d\udc56<\/strong><img fetchpriority=\"high\" decoding=\"async\" class=\"size-full wp-image-47671 aligncenter\" src=\"https:\/\/keluvo.com\/template\/wp-content\/uploads\/sites\/5\/2025\/12\/12217-ezgif.com-video-to-webp-converter-2.webp\" alt=\"\" width=\"500\" height=\"500\" \/><\/p>\n<h2 style=\"text-align: center;\" data-start=\"371\" data-end=\"393\"><strong>Hovedfordeler<\/strong><\/h2>\n<p data-start=\"396\" data-end=\"460\">\ud83e\uddf7 Sikker X-formet st\u00f8tte &#8211; Forhindrer at den henger og sklir.<\/p>\n<p data-start=\"463\" data-end=\"532\">\ud83d\udd04 Fullt justerbar passform &#8211; Enkel \u00e5 tilpasse for komfort hele dagen.<\/p>\n<p data-start=\"535\" data-end=\"608\">\ud83e\uddf5 Elastisk og slitesterkt stoff &#8211; Beveger seg med kroppen din uten trykk.<\/p>\n<p data-start=\"611\" data-end=\"684\">\ud83c\udfa9 Stilige metallspenner &#8211; Antikk bronsefinish for et klassisk utseende.<\/p>\n<p data-start=\"687\" data-end=\"750\">\ud83e\uddf3 Lett og reisevennlig &#8211; Lett \u00e5 brette sammen og oppbevare.<\/p>\n<p data-start=\"687\" data-end=\"750\"><img decoding=\"async\" class=\"size-full wp-image-47667 aligncenter\" src=\"https:\/\/keluvo.com\/template\/wp-content\/uploads\/sites\/5\/2025\/12\/12218-ezgif.com-video-to-webp-converter-2.webp\" alt=\"\" width=\"500\" height=\"500\" \/><\/p>\n<h2 style=\"text-align: center;\" data-start=\"757\" data-end=\"776\"><strong>Slik Bruker Du Dem<\/strong><\/h2>\n<ol data-start=\"777\" data-end=\"984\">\n<li data-start=\"777\" data-end=\"838\">\n<p data-start=\"780\" data-end=\"838\">Fest de fire klipsene i bukselinningen.<\/p>\n<\/li>\n<li data-start=\"839\" data-end=\"885\">\n<p data-start=\"842\" data-end=\"885\">Juster stroppene til \u00f8nsket lengde.<\/p>\n<\/li>\n<li data-start=\"886\" data-end=\"938\">\n<p data-start=\"889\" data-end=\"938\">Kryss selene bak i en X-form.<\/p>\n<\/li>\n<li data-start=\"939\" data-end=\"984\">\n<p data-start=\"942\" data-end=\"984\">B\u00e6r dem komfortabelt under eller over kl\u00e6r.<\/p>\n<\/li>\n<\/ol>\n<h2 style=\"text-align: center;\" data-start=\"991\" data-end=\"1015\"><strong>Produktdetaljer<\/strong><\/h2>\n<ul data-start=\"1016\" data-end=\"1256\">\n<li data-start=\"1016\" data-end=\"1047\">\n<p data-start=\"1018\" data-end=\"1047\">Materiale: Elastisk polyester<\/p>\n<\/li>\n<li data-start=\"1048\" data-end=\"1091\">\n<p data-start=\"1050\" data-end=\"1091\">Design: X-formet med 4 avtakbare klips<\/p>\n<\/li>\n<li data-start=\"1092\" data-end=\"1126\">\n<p data-start=\"1094\" data-end=\"1126\">Spenner: Antikk bronsefinish<\/p>\n<\/li>\n<li data-start=\"1127\" data-end=\"1152\">\n<p data-start=\"1129\" data-end=\"1152\">Passform: Fullt justerbar<\/p>\n<\/li>\n<li data-start=\"1153\" data-end=\"1217\">\n<p data-start=\"1155\" data-end=\"1217\">Stil: Passer til forretningsbruk, daglig bruk, arrangementer og reiser<\/p>\n<\/li>\n<li data-start=\"1218\" data-end=\"1236\">\n<p data-start=\"1220\" data-end=\"1236\">St\u00f8rrelse: 120 x 3,5 cm<\/p>\n<\/li>\n<\/ul>\n<h2 style=\"text-align: center;\" data-start=\"1263\" data-end=\"1288\"><strong>Pakken inneholder<\/strong><\/h2>\n<ul data-start=\"1289\" data-end=\"1335\">\n<li data-start=\"1289\" data-end=\"1335\">\n<p data-start=\"1291\" data-end=\"1335\">1, 2x justerbare elastiske X-formede bukseseler.<\/p>\n<\/li>\n<\/ul>\n","protected":false},"excerpt":{"rendered":"<p style=\"text-align: left;\" data-start=\"97\" data-end=\"364\">Disse justerbare bukseselene gir et sikkert og balansert grep uten \u00e5 klemme eller skli. Den elastiske X-formede designen fordeler vekten jevnt, noe som gj\u00f8r dem ideelle for daglig bruk, jobb, reiser og spesielle anledninger, samtidig som de tilf\u00f8rer et rent og stilig utseende til ethvert antrekk. Et praktisk og stilig tilbeh\u00f8r som gir komfort, stabilitet og selvtillit uansett hvor dagen tar deg.<\/p>\n<p data-start=\"97\" data-end=\"364\">\n","protected":false},"featured_media":16185,"comment_status":"open","ping_status":"closed","template":"","meta":{"site-sidebar-layout":"default","site-content-layout":"","ast-site-content-layout":"default","site-content-style":"default","site-sidebar-style":"default","ast-global-header-display":"","ast-banner-title-visibility":"","ast-main-header-display":"","ast-hfb-above-header-display":"","ast-hfb-below-header-display":"","ast-hfb-mobile-header-display":"","site-post-title":"","ast-breadcrumbs-content":"","ast-featured-img":"","footer-sml-layout":"","theme-transparent-header-meta":"default","adv-header-id-meta":"","stick-header-meta":"","header-above-stick-meta":"","header-main-stick-meta":"","header-below-stick-meta":"","astra-migrate-meta-layouts":"set","ast-page-background-enabled":"default","ast-page-background-meta":{"desktop":{"background-color":"var(--ast-global-color-5)","background-image":"","background-repeat":"repeat","background-position":"center center","background-size":"auto","background-attachment":"scroll","background-type":"","background-media":"","overlay-type":"","overlay-color":"","overlay-opacity":"","overlay-gradient":""},"tablet":{"background-color":"","background-image":"","background-repeat":"repeat","background-position":"center center","background-size":"auto","background-attachment":"scroll","background-type":"","background-media":"","overlay-type":"","overlay-color":"","overlay-opacity":"","overlay-gradient":""},"mobile":{"background-color":"","background-image":"","background-repeat":"repeat","background-position":"center center","background-size":"auto","background-attachment":"scroll","background-type":"","background-media":"","overlay-type":"","overlay-color":"","overlay-opacity":"","overlay-gradient":""}},"ast-content-background-meta":{"desktop":{"background-color":"var(--ast-global-color-4)","background-image":"","background-repeat":"repeat","background-position":"center center","background-size":"auto","background-attachment":"scroll","background-type":"","background-media":"","overlay-type":"","overlay-color":"","overlay-opacity":"","overlay-gradient":""},"tablet":{"background-color":"var(--ast-global-color-4)","background-image":"","background-repeat":"repeat","background-position":"center center","background-size":"auto","background-attachment":"scroll","background-type":"","background-media":"","overlay-type":"","overlay-color":"","overlay-opacity":"","overlay-gradient":""},"mobile":{"background-color":"var(--ast-global-color-4)","background-image":"","background-repeat":"repeat","background-position":"center center","background-size":"auto","background-attachment":"scroll","background-type":"","background-media":"","overlay-type":"","overlay-color":"","overlay-opacity":"","overlay-gradient":""}}},"product_brand":[],"product_cat":[165,163],"product_tag":[],"class_list":{"0":"post-16189","1":"product","2":"type-product","3":"status-publish","4":"has-post-thumbnail","6":"product_cat-fottoy-tilbehor","7":"product_cat-herreklaer","8":"pa_65451_qm3hvs40-1-stk","9":"pa_65451_qm3hvs40-2-stk","10":"pa_65451_x5o2rnur-beige","11":"pa_65451_x5o2rnur-bla","12":"pa_65451_x5o2rnur-brun","13":"pa_65451_x5o2rnur-gra","14":"pa_65451_x5o2rnur-gronn","15":"pa_65451_x5o2rnur-svart","16":"desktop-align-left","17":"tablet-align-left","18":"mobile-align-left","20":"first","21":"instock","22":"shipping-taxable","23":"purchasable","24":"product-type-variable","25":"has-default-attributes"},"yoast_head":"<!-- This site is optimized with the Yoast SEO plugin v26.6 - https:\/\/yoast.com\/wordpress\/plugins\/seo\/ -->\n<title>Justerbare bukseseler - Mekulo NO<\/title>\n<meta name=\"robots\" content=\"index, follow, max-snippet:-1, max-image-preview:large, max-video-preview:-1\" \/>\n<link rel=\"canonical\" href=\"https:\/\/mekulo.com\/no\/produkt\/justerbare-bukseseler\/\" \/>\n<meta property=\"og:locale\" content=\"nb_NO\" \/>\n<meta property=\"og:type\" content=\"article\" \/>\n<meta property=\"og:title\" content=\"Justerbare bukseseler - Mekulo NO\" \/>\n<meta property=\"og:description\" content=\"Disse justerbare bukseselene gir et sikkert og balansert grep uten \u00e5 klemme eller skli. Den elastiske X-formede designen fordeler vekten jevnt, noe som gj\u00f8r dem ideelle for daglig bruk, jobb, reiser og spesielle anledninger, samtidig som de tilf\u00f8rer et rent og stilig utseende til ethvert antrekk. Et praktisk og stilig tilbeh\u00f8r som gir komfort, stabilitet og selvtillit uansett hvor dagen tar deg.\" \/>\n<meta property=\"og:url\" content=\"https:\/\/mekulo.com\/no\/produkt\/justerbare-bukseseler\/\" \/>\n<meta property=\"og:site_name\" content=\"Mekulo NO\" \/>\n<meta property=\"article:modified_time\" content=\"2026-01-09T14:23:28+00:00\" \/>\n<meta property=\"og:image\" content=\"https:\/\/mekulo.com\/no\/wp-content\/uploads\/sites\/10\/2026\/01\/dx8busc-1.webp\" \/>\n\t<meta property=\"og:image:width\" content=\"713\" \/>\n\t<meta property=\"og:image:height\" content=\"713\" \/>\n\t<meta property=\"og:image:type\" content=\"image\/webp\" \/>\n<meta name=\"twitter:card\" content=\"summary_large_image\" \/>\n<meta name=\"twitter:label1\" content=\"Ansl. lesetid\" \/>\n\t<meta name=\"twitter:data1\" content=\"2 minutter\" \/>\n<script type=\"application\/ld+json\" class=\"yoast-schema-graph\">{\"@context\":\"https:\/\/schema.org\",\"@graph\":[{\"@type\":\"WebPage\",\"@id\":\"https:\/\/mekulo.com\/no\/produkt\/justerbare-bukseseler\/\",\"url\":\"https:\/\/mekulo.com\/no\/produkt\/justerbare-bukseseler\/\",\"name\":\"Justerbare bukseseler - Mekulo NO\",\"isPartOf\":{\"@id\":\"https:\/\/mekulo.com\/no\/#website\"},\"primaryImageOfPage\":{\"@id\":\"https:\/\/mekulo.com\/no\/produkt\/justerbare-bukseseler\/#primaryimage\"},\"image\":{\"@id\":\"https:\/\/mekulo.com\/no\/produkt\/justerbare-bukseseler\/#primaryimage\"},\"thumbnailUrl\":\"https:\/\/mekulo.com\/no\/wp-content\/uploads\/sites\/10\/2026\/01\/dx8busc-1.webp\",\"datePublished\":\"2026-01-09T10:20:21+00:00\",\"dateModified\":\"2026-01-09T14:23:28+00:00\",\"breadcrumb\":{\"@id\":\"https:\/\/mekulo.com\/no\/produkt\/justerbare-bukseseler\/#breadcrumb\"},\"inLanguage\":\"nb-NO\",\"potentialAction\":[{\"@type\":\"ReadAction\",\"target\":[\"https:\/\/mekulo.com\/no\/produkt\/justerbare-bukseseler\/\"]}]},{\"@type\":\"ImageObject\",\"inLanguage\":\"nb-NO\",\"@id\":\"https:\/\/mekulo.com\/no\/produkt\/justerbare-bukseseler\/#primaryimage\",\"url\":\"https:\/\/mekulo.com\/no\/wp-content\/uploads\/sites\/10\/2026\/01\/dx8busc-1.webp\",\"contentUrl\":\"https:\/\/mekulo.com\/no\/wp-content\/uploads\/sites\/10\/2026\/01\/dx8busc-1.webp\",\"width\":713,\"height\":713},{\"@type\":\"BreadcrumbList\",\"@id\":\"https:\/\/mekulo.com\/no\/produkt\/justerbare-bukseseler\/#breadcrumb\",\"itemListElement\":[{\"@type\":\"ListItem\",\"position\":1,\"name\":\"Home\",\"item\":\"https:\/\/mekulo.com\/no\/\"},{\"@type\":\"ListItem\",\"position\":2,\"name\":\"Butikk\",\"item\":\"https:\/\/mekulo.com\/no\/butikk\/\"},{\"@type\":\"ListItem\",\"position\":3,\"name\":\"Justerbare bukseseler\"}]},{\"@type\":\"WebSite\",\"@id\":\"https:\/\/mekulo.com\/no\/#website\",\"url\":\"https:\/\/mekulo.com\/no\/\",\"name\":\"Mekulo NO\",\"description\":\"\",\"publisher\":{\"@id\":\"https:\/\/mekulo.com\/no\/#organization\"},\"potentialAction\":[{\"@type\":\"SearchAction\",\"target\":{\"@type\":\"EntryPoint\",\"urlTemplate\":\"https:\/\/mekulo.com\/no\/?s={search_term_string}\"},\"query-input\":{\"@type\":\"PropertyValueSpecification\",\"valueRequired\":true,\"valueName\":\"search_term_string\"}}],\"inLanguage\":\"nb-NO\"},{\"@type\":\"Organization\",\"@id\":\"https:\/\/mekulo.com\/no\/#organization\",\"name\":\"Mekulo\",\"url\":\"https:\/\/mekulo.com\/no\/\",\"logo\":{\"@type\":\"ImageObject\",\"inLanguage\":\"nb-NO\",\"@id\":\"https:\/\/mekulo.com\/no\/#\/schema\/logo\/image\/\",\"url\":\"https:\/\/mekulo.com\/no\/wp-content\/uploads\/sites\/10\/2025\/12\/favicon_mekulo.png\",\"contentUrl\":\"https:\/\/mekulo.com\/no\/wp-content\/uploads\/sites\/10\/2025\/12\/favicon_mekulo.png\",\"width\":50,\"height\":50,\"caption\":\"Mekulo\"},\"image\":{\"@id\":\"https:\/\/mekulo.com\/no\/#\/schema\/logo\/image\/\"}}]}<\/script>\n<!-- \/ Yoast SEO plugin. -->","yoast_head_json":{"title":"Justerbare bukseseler - Mekulo NO","robots":{"index":"index","follow":"follow","max-snippet":"max-snippet:-1","max-image-preview":"max-image-preview:large","max-video-preview":"max-video-preview:-1"},"canonical":"https:\/\/mekulo.com\/no\/produkt\/justerbare-bukseseler\/","og_locale":"nb_NO","og_type":"article","og_title":"Justerbare bukseseler - Mekulo NO","og_description":"Disse justerbare bukseselene gir et sikkert og balansert grep uten \u00e5 klemme eller skli. Den elastiske X-formede designen fordeler vekten jevnt, noe som gj\u00f8r dem ideelle for daglig bruk, jobb, reiser og spesielle anledninger, samtidig som de tilf\u00f8rer et rent og stilig utseende til ethvert antrekk. Et praktisk og stilig tilbeh\u00f8r som gir komfort, stabilitet og selvtillit uansett hvor dagen tar deg.","og_url":"https:\/\/mekulo.com\/no\/produkt\/justerbare-bukseseler\/","og_site_name":"Mekulo NO","article_modified_time":"2026-01-09T14:23:28+00:00","og_image":[{"width":713,"height":713,"url":"https:\/\/mekulo.com\/no\/wp-content\/uploads\/sites\/10\/2026\/01\/dx8busc-1.webp","type":"image\/webp"}],"twitter_card":"summary_large_image","twitter_misc":{"Ansl. lesetid":"2 minutter"},"schema":{"@context":"https:\/\/schema.org","@graph":[{"@type":"WebPage","@id":"https:\/\/mekulo.com\/no\/produkt\/justerbare-bukseseler\/","url":"https:\/\/mekulo.com\/no\/produkt\/justerbare-bukseseler\/","name":"Justerbare bukseseler - Mekulo NO","isPartOf":{"@id":"https:\/\/mekulo.com\/no\/#website"},"primaryImageOfPage":{"@id":"https:\/\/mekulo.com\/no\/produkt\/justerbare-bukseseler\/#primaryimage"},"image":{"@id":"https:\/\/mekulo.com\/no\/produkt\/justerbare-bukseseler\/#primaryimage"},"thumbnailUrl":"https:\/\/mekulo.com\/no\/wp-content\/uploads\/sites\/10\/2026\/01\/dx8busc-1.webp","datePublished":"2026-01-09T10:20:21+00:00","dateModified":"2026-01-09T14:23:28+00:00","breadcrumb":{"@id":"https:\/\/mekulo.com\/no\/produkt\/justerbare-bukseseler\/#breadcrumb"},"inLanguage":"nb-NO","potentialAction":[{"@type":"ReadAction","target":["https:\/\/mekulo.com\/no\/produkt\/justerbare-bukseseler\/"]}]},{"@type":"ImageObject","inLanguage":"nb-NO","@id":"https:\/\/mekulo.com\/no\/produkt\/justerbare-bukseseler\/#primaryimage","url":"https:\/\/mekulo.com\/no\/wp-content\/uploads\/sites\/10\/2026\/01\/dx8busc-1.webp","contentUrl":"https:\/\/mekulo.com\/no\/wp-content\/uploads\/sites\/10\/2026\/01\/dx8busc-1.webp","width":713,"height":713},{"@type":"BreadcrumbList","@id":"https:\/\/mekulo.com\/no\/produkt\/justerbare-bukseseler\/#breadcrumb","itemListElement":[{"@type":"ListItem","position":1,"name":"Home","item":"https:\/\/mekulo.com\/no\/"},{"@type":"ListItem","position":2,"name":"Butikk","item":"https:\/\/mekulo.com\/no\/butikk\/"},{"@type":"ListItem","position":3,"name":"Justerbare bukseseler"}]},{"@type":"WebSite","@id":"https:\/\/mekulo.com\/no\/#website","url":"https:\/\/mekulo.com\/no\/","name":"Mekulo NO","description":"","publisher":{"@id":"https:\/\/mekulo.com\/no\/#organization"},"potentialAction":[{"@type":"SearchAction","target":{"@type":"EntryPoint","urlTemplate":"https:\/\/mekulo.com\/no\/?s={search_term_string}"},"query-input":{"@type":"PropertyValueSpecification","valueRequired":true,"valueName":"search_term_string"}}],"inLanguage":"nb-NO"},{"@type":"Organization","@id":"https:\/\/mekulo.com\/no\/#organization","name":"Mekulo","url":"https:\/\/mekulo.com\/no\/","logo":{"@type":"ImageObject","inLanguage":"nb-NO","@id":"https:\/\/mekulo.com\/no\/#\/schema\/logo\/image\/","url":"https:\/\/mekulo.com\/no\/wp-content\/uploads\/sites\/10\/2025\/12\/favicon_mekulo.png","contentUrl":"https:\/\/mekulo.com\/no\/wp-content\/uploads\/sites\/10\/2025\/12\/favicon_mekulo.png","width":50,"height":50,"caption":"Mekulo"},"image":{"@id":"https:\/\/mekulo.com\/no\/#\/schema\/logo\/image\/"}}]}},"_links":{"self":[{"href":"https:\/\/mekulo.com\/no\/wp-json\/wp\/v2\/product\/16189","targetHints":{"allow":["GET"]}}],"collection":[{"href":"https:\/\/mekulo.com\/no\/wp-json\/wp\/v2\/product"}],"about":[{"href":"https:\/\/mekulo.com\/no\/wp-json\/wp\/v2\/types\/product"}],"replies":[{"embeddable":true,"href":"https:\/\/mekulo.com\/no\/wp-json\/wp\/v2\/comments?post=16189"}],"wp:featuredmedia":[{"embeddable":true,"href":"https:\/\/mekulo.com\/no\/wp-json\/wp\/v2\/media\/16185"}],"wp:attachment":[{"href":"https:\/\/mekulo.com\/no\/wp-json\/wp\/v2\/media?parent=16189"}],"wp:term":[{"taxonomy":"product_brand","embeddable":true,"href":"https:\/\/mekulo.com\/no\/wp-json\/wp\/v2\/product_brand?post=16189"},{"taxonomy":"product_cat","embeddable":true,"href":"https:\/\/mekulo.com\/no\/wp-json\/wp\/v2\/product_cat?post=16189"},{"taxonomy":"product_tag","embeddable":true,"href":"https:\/\/mekulo.com\/no\/wp-json\/wp\/v2\/product_tag?post=16189"}],"curies":[{"name":"wp","href":"https:\/\/api.w.org\/{rel}","templated":true}]}}