{"id":16170,"date":"2026-01-09T12:17:25","date_gmt":"2026-01-09T10:17:25","guid":{"rendered":"https:\/\/mekulo.com\/no\/produkt\/baerbar-multifunksjonell-kjottskjaeremaskin\/"},"modified":"2026-01-09T12:17:25","modified_gmt":"2026-01-09T10:17:25","slug":"baerbar-multifunksjonell-kjottskjaeremaskin","status":"publish","type":"product","link":"https:\/\/mekulo.com\/no\/produkt\/baerbar-multifunksjonell-kjottskjaeremaskin\/","title":{"rendered":"B\u00e6rbar multifunksjonell kj\u00f8ttskj\u00e6remaskin"},"content":{"rendered":"<p style=\"text-align: center\" data-start=\"45\" data-end=\"124\"><strong>Skj\u00e6r kj\u00f8tt og gr\u00f8nnsaker jevnt og raskt med mindre anstrengelse og mer kontroll. \ud83e\udd69\ud83c\udf45<\/strong><\/p>\n<p data-start=\"149\" data-end=\"469\"><img fetchpriority=\"high\" decoding=\"async\" class=\" wp-image-47654 aligncenter\" src=\"https:\/\/keluvo.com\/template\/wp-content\/uploads\/sites\/5\/2025\/12\/280x280_3_480x480.webp\" alt=\"\" width=\"500\" height=\"500\" \/><\/p>\n<h2 style=\"text-align: center\" data-start=\"476\" data-end=\"498\"><strong>\ud83d\udd2a Hovedfordeler<\/strong><\/h2>\n<p data-start=\"501\" data-end=\"569\">\u26a1 Rask og jevn oppsk\u00e6ring &#8211; jevne biter p\u00e5 bare noen f\u00e5 sekunder.<\/p>\n<p data-start=\"572\" data-end=\"643\">\ud83d\udd90\ufe0f Enkel og lite anstrengende &#8211; ingen belastning p\u00e5 h\u00e5ndleddet som ved tradisjonelle kniver.<\/p>\n<p data-start=\"646\" data-end=\"713\">\ud83d\udee1\ufe0f Tryggere enn h\u00e5ndskj\u00e6ring &#8211; redusert risiko for utilsiktede kutt.<\/p>\n<p data-start=\"716\" data-end=\"788\">\ud83c\udf56 Kan brukes til flere matvarer &#8211; kj\u00f8tt, gr\u00f8nnsaker, riskaker, ost og mer.<\/p>\n<p data-start=\"791\" data-end=\"852\">\ud83e\uddfc Enkel \u00e5 rengj\u00f8re &#8211; Enkel struktur, hygieniske materialer.<\/p>\n<p data-start=\"791\" data-end=\"852\"><img decoding=\"async\" class=\" wp-image-47653 aligncenter\" src=\"https:\/\/keluvo.com\/template\/wp-content\/uploads\/sites\/5\/2025\/12\/280x280_0_480x480.webp\" alt=\"\" width=\"500\" height=\"500\" \/><\/p>\n<h2 style=\"text-align: center\" data-start=\"859\" data-end=\"878\"><strong>\u25b6\ufe0f Slik bruker du den<\/strong><\/h2>\n<ol data-start=\"879\" data-end=\"1104\">\n<li data-start=\"879\" data-end=\"933\">\n<p data-start=\"882\" data-end=\"933\">Plasser oppskj\u00e6ringsmaskinen p\u00e5 et stabilt bord eller benkeplate.<\/p>\n<\/li>\n<li data-start=\"934\" data-end=\"973\">\n<p data-start=\"937\" data-end=\"973\">Legg maten p\u00e5 underlaget.<\/p>\n<\/li>\n<li data-start=\"974\" data-end=\"1002\">\n<p data-start=\"977\" data-end=\"1002\">Hold godt i h\u00e5ndtaket.<\/p>\n<\/li>\n<li data-start=\"1003\" data-end=\"1049\">\n<p data-start=\"1006\" data-end=\"1049\">Skyv bladet jevnt over maten.<\/p>\n<\/li>\n<li data-start=\"1050\" data-end=\"1104\">\n<p data-start=\"1053\" data-end=\"1104\">Samle opp jevnt oppsk\u00e5rne biter og rengj\u00f8r etter bruk.<\/p>\n<\/li>\n<\/ol>\n<h2 style=\"text-align: center\" data-start=\"1111\" data-end=\"1135\"><strong>\ud83d\udccf Produktdetaljer<\/strong><\/h2>\n<ul data-start=\"1136\" data-end=\"1550\">\n<li data-start=\"1136\" data-end=\"1167\">\n<p data-start=\"1138\" data-end=\"1167\">Bladmateriale: Legert st\u00e5l<\/p>\n<\/li>\n<li data-start=\"1168\" data-end=\"1219\">\n<p data-start=\"1170\" data-end=\"1219\">Basismateriale: Milj\u00f8vennlig teknisk plast<\/p>\n<\/li>\n<li data-start=\"1220\" data-end=\"1252\">\n<p data-start=\"1222\" data-end=\"1252\">Verkt\u00f8ypute: Plast av matkvalitet<\/p>\n<\/li>\n<li data-start=\"1253\" data-end=\"1298\">\n<p data-start=\"1255\" data-end=\"1298\">Hardware: Skruer og muttere i rustfritt st\u00e5l<\/p>\n<\/li>\n<li data-start=\"1299\" data-end=\"1342\">\n<p data-start=\"1301\" data-end=\"1342\">Basest\u00f8rrelse: 32 x 14 cm<\/p>\n<\/li>\n<li data-start=\"1343\" data-end=\"1380\">\n<p data-start=\"1345\" data-end=\"1380\">H\u00e5ndtakslengde: 36,5 cm<\/p>\n<\/li>\n<li data-start=\"1381\" data-end=\"1416\">\n<p data-start=\"1383\" data-end=\"1416\">Bladlengde: 11,5 cm<\/p>\n<\/li>\n<li data-start=\"1417\" data-end=\"1469\">\n<p data-start=\"1419\" data-end=\"1469\">St\u00f8rrelse p\u00e5 bakplate: 10 x 8,5 cm<\/p>\n<\/li>\n<li data-start=\"1470\" data-end=\"1550\">\n<p data-start=\"1472\" data-end=\"1550\">Egnet til: Kj\u00f8tt, fisk, gr\u00f8nnsaker, riskaker, ost, poteter, reddiker<\/p>\n<\/li>\n<\/ul>\n<h2 style=\"text-align: center\" data-start=\"1557\" data-end=\"1582\"><strong>\ud83d\udce6 Pakken inkluderer<\/strong><\/h2>\n<ul data-start=\"1583\" data-end=\"1627\">\n<li data-start=\"1583\" data-end=\"1627\">\n<p data-start=\"1585\" data-end=\"1627\">1x b\u00e6rbar multifunksjonell kj\u00f8ttskj\u00e6rer.<\/p>\n<\/li>\n<\/ul>\n","protected":false},"excerpt":{"rendered":"<p>Denne b\u00e6rbare, multifunksjonelle kj\u00f8ttskj\u00e6remaskinen er et bordverkt\u00f8y som er utviklet for \u00e5 gj\u00f8re matlagingen raskere, tryggere og mer presis. Den skj\u00e6rer kj\u00f8tt, gr\u00f8nnsaker og faste matvarer i ensartede skiver p\u00e5 f\u00e5 sekunder, noe som sparer tid ved matlaging hjemme, grillmat eller i sm\u00e5 restauranter. Den robuste konstruksjonen og det skarpe bladet gir rene, jevne resultater hver gang. Et praktisk kj\u00f8kkenverkt\u00f8y for rask, ren og presis oppskj\u00e6ring &#8211; perfekt til hverdagsmatlaging eller spesielle anledninger.<\/p>\n","protected":false},"featured_media":16166,"comment_status":"open","ping_status":"closed","template":"","meta":{"site-sidebar-layout":"default","site-content-layout":"","ast-site-content-layout":"default","site-content-style":"default","site-sidebar-style":"default","ast-global-header-display":"","ast-banner-title-visibility":"","ast-main-header-display":"","ast-hfb-above-header-display":"","ast-hfb-below-header-display":"","ast-hfb-mobile-header-display":"","site-post-title":"","ast-breadcrumbs-content":"","ast-featured-img":"","footer-sml-layout":"","theme-transparent-header-meta":"default","adv-header-id-meta":"","stick-header-meta":"","header-above-stick-meta":"","header-main-stick-meta":"","header-below-stick-meta":"","astra-migrate-meta-layouts":"set","ast-page-background-enabled":"default","ast-page-background-meta":{"desktop":{"background-color":"var(--ast-global-color-5)","background-image":"","background-repeat":"repeat","background-position":"center center","background-size":"auto","background-attachment":"scroll","background-type":"","background-media":"","overlay-type":"","overlay-color":"","overlay-opacity":"","overlay-gradient":""},"tablet":{"background-color":"","background-image":"","background-repeat":"repeat","background-position":"center center","background-size":"auto","background-attachment":"scroll","background-type":"","background-media":"","overlay-type":"","overlay-color":"","overlay-opacity":"","overlay-gradient":""},"mobile":{"background-color":"","background-image":"","background-repeat":"repeat","background-position":"center center","background-size":"auto","background-attachment":"scroll","background-type":"","background-media":"","overlay-type":"","overlay-color":"","overlay-opacity":"","overlay-gradient":""}},"ast-content-background-meta":{"desktop":{"background-color":"var(--ast-global-color-4)","background-image":"","background-repeat":"repeat","background-position":"center center","background-size":"auto","background-attachment":"scroll","background-type":"","background-media":"","overlay-type":"","overlay-color":"","overlay-opacity":"","overlay-gradient":""},"tablet":{"background-color":"var(--ast-global-color-4)","background-image":"","background-repeat":"repeat","background-position":"center center","background-size":"auto","background-attachment":"scroll","background-type":"","background-media":"","overlay-type":"","overlay-color":"","overlay-opacity":"","overlay-gradient":""},"mobile":{"background-color":"var(--ast-global-color-4)","background-image":"","background-repeat":"repeat","background-position":"center center","background-size":"auto","background-attachment":"scroll","background-type":"","background-media":"","overlay-type":"","overlay-color":"","overlay-opacity":"","overlay-gradient":""}}},"product_brand":[],"product_cat":[168],"product_tag":[],"class_list":{"0":"post-16170","1":"product","2":"type-product","3":"status-publish","4":"has-post-thumbnail","6":"product_cat-husholdningsartikler","7":"desktop-align-left","8":"tablet-align-left","9":"mobile-align-left","11":"first","12":"instock","13":"shipping-taxable","14":"purchasable","15":"product-type-simple"},"yoast_head":"<!-- This site is optimized with the Yoast SEO plugin v26.6 - https:\/\/yoast.com\/wordpress\/plugins\/seo\/ -->\n<title>B\u00e6rbar multifunksjonell kj\u00f8ttskj\u00e6remaskin - Mekulo NO<\/title>\n<meta name=\"robots\" content=\"index, follow, max-snippet:-1, max-image-preview:large, max-video-preview:-1\" \/>\n<link rel=\"canonical\" href=\"https:\/\/mekulo.com\/no\/produkt\/baerbar-multifunksjonell-kjottskjaeremaskin\/\" \/>\n<meta property=\"og:locale\" content=\"nb_NO\" \/>\n<meta property=\"og:type\" content=\"article\" \/>\n<meta property=\"og:title\" content=\"B\u00e6rbar multifunksjonell kj\u00f8ttskj\u00e6remaskin - Mekulo NO\" \/>\n<meta property=\"og:description\" content=\"Denne b\u00e6rbare, multifunksjonelle kj\u00f8ttskj\u00e6remaskinen er et bordverkt\u00f8y som er utviklet for \u00e5 gj\u00f8re matlagingen raskere, tryggere og mer presis. Den skj\u00e6rer kj\u00f8tt, gr\u00f8nnsaker og faste matvarer i ensartede skiver p\u00e5 f\u00e5 sekunder, noe som sparer tid ved matlaging hjemme, grillmat eller i sm\u00e5 restauranter. Den robuste konstruksjonen og det skarpe bladet gir rene, jevne resultater hver gang. Et praktisk kj\u00f8kkenverkt\u00f8y for rask, ren og presis oppskj\u00e6ring - perfekt til hverdagsmatlaging eller spesielle anledninger.\" \/>\n<meta property=\"og:url\" content=\"https:\/\/mekulo.com\/no\/produkt\/baerbar-multifunksjonell-kjottskjaeremaskin\/\" \/>\n<meta property=\"og:site_name\" content=\"Mekulo NO\" \/>\n<meta property=\"og:image\" content=\"https:\/\/mekulo.com\/no\/wp-content\/uploads\/sites\/10\/2026\/01\/knk4pqv-1.jpg\" \/>\n\t<meta property=\"og:image:width\" content=\"1080\" \/>\n\t<meta property=\"og:image:height\" content=\"1080\" \/>\n\t<meta property=\"og:image:type\" content=\"image\/jpeg\" \/>\n<meta name=\"twitter:card\" content=\"summary_large_image\" \/>\n<meta name=\"twitter:label1\" content=\"Ansl. lesetid\" \/>\n\t<meta name=\"twitter:data1\" content=\"2 minutter\" \/>\n<script type=\"application\/ld+json\" class=\"yoast-schema-graph\">{\"@context\":\"https:\/\/schema.org\",\"@graph\":[{\"@type\":\"WebPage\",\"@id\":\"https:\/\/mekulo.com\/no\/produkt\/baerbar-multifunksjonell-kjottskjaeremaskin\/\",\"url\":\"https:\/\/mekulo.com\/no\/produkt\/baerbar-multifunksjonell-kjottskjaeremaskin\/\",\"name\":\"B\u00e6rbar multifunksjonell kj\u00f8ttskj\u00e6remaskin - Mekulo NO\",\"isPartOf\":{\"@id\":\"https:\/\/mekulo.com\/no\/#website\"},\"primaryImageOfPage\":{\"@id\":\"https:\/\/mekulo.com\/no\/produkt\/baerbar-multifunksjonell-kjottskjaeremaskin\/#primaryimage\"},\"image\":{\"@id\":\"https:\/\/mekulo.com\/no\/produkt\/baerbar-multifunksjonell-kjottskjaeremaskin\/#primaryimage\"},\"thumbnailUrl\":\"https:\/\/mekulo.com\/no\/wp-content\/uploads\/sites\/10\/2026\/01\/knk4pqv-1.jpg\",\"datePublished\":\"2026-01-09T10:17:25+00:00\",\"breadcrumb\":{\"@id\":\"https:\/\/mekulo.com\/no\/produkt\/baerbar-multifunksjonell-kjottskjaeremaskin\/#breadcrumb\"},\"inLanguage\":\"nb-NO\",\"potentialAction\":[{\"@type\":\"ReadAction\",\"target\":[\"https:\/\/mekulo.com\/no\/produkt\/baerbar-multifunksjonell-kjottskjaeremaskin\/\"]}]},{\"@type\":\"ImageObject\",\"inLanguage\":\"nb-NO\",\"@id\":\"https:\/\/mekulo.com\/no\/produkt\/baerbar-multifunksjonell-kjottskjaeremaskin\/#primaryimage\",\"url\":\"https:\/\/mekulo.com\/no\/wp-content\/uploads\/sites\/10\/2026\/01\/knk4pqv-1.jpg\",\"contentUrl\":\"https:\/\/mekulo.com\/no\/wp-content\/uploads\/sites\/10\/2026\/01\/knk4pqv-1.jpg\",\"width\":1080,\"height\":1080},{\"@type\":\"BreadcrumbList\",\"@id\":\"https:\/\/mekulo.com\/no\/produkt\/baerbar-multifunksjonell-kjottskjaeremaskin\/#breadcrumb\",\"itemListElement\":[{\"@type\":\"ListItem\",\"position\":1,\"name\":\"Home\",\"item\":\"https:\/\/mekulo.com\/no\/\"},{\"@type\":\"ListItem\",\"position\":2,\"name\":\"Butikk\",\"item\":\"https:\/\/mekulo.com\/no\/butikk\/\"},{\"@type\":\"ListItem\",\"position\":3,\"name\":\"B\u00e6rbar multifunksjonell kj\u00f8ttskj\u00e6remaskin\"}]},{\"@type\":\"WebSite\",\"@id\":\"https:\/\/mekulo.com\/no\/#website\",\"url\":\"https:\/\/mekulo.com\/no\/\",\"name\":\"Mekulo NO\",\"description\":\"\",\"publisher\":{\"@id\":\"https:\/\/mekulo.com\/no\/#organization\"},\"potentialAction\":[{\"@type\":\"SearchAction\",\"target\":{\"@type\":\"EntryPoint\",\"urlTemplate\":\"https:\/\/mekulo.com\/no\/?s={search_term_string}\"},\"query-input\":{\"@type\":\"PropertyValueSpecification\",\"valueRequired\":true,\"valueName\":\"search_term_string\"}}],\"inLanguage\":\"nb-NO\"},{\"@type\":\"Organization\",\"@id\":\"https:\/\/mekulo.com\/no\/#organization\",\"name\":\"Mekulo\",\"url\":\"https:\/\/mekulo.com\/no\/\",\"logo\":{\"@type\":\"ImageObject\",\"inLanguage\":\"nb-NO\",\"@id\":\"https:\/\/mekulo.com\/no\/#\/schema\/logo\/image\/\",\"url\":\"https:\/\/mekulo.com\/no\/wp-content\/uploads\/sites\/10\/2025\/12\/favicon_mekulo.png\",\"contentUrl\":\"https:\/\/mekulo.com\/no\/wp-content\/uploads\/sites\/10\/2025\/12\/favicon_mekulo.png\",\"width\":50,\"height\":50,\"caption\":\"Mekulo\"},\"image\":{\"@id\":\"https:\/\/mekulo.com\/no\/#\/schema\/logo\/image\/\"}}]}<\/script>\n<!-- \/ Yoast SEO plugin. -->","yoast_head_json":{"title":"B\u00e6rbar multifunksjonell kj\u00f8ttskj\u00e6remaskin - Mekulo NO","robots":{"index":"index","follow":"follow","max-snippet":"max-snippet:-1","max-image-preview":"max-image-preview:large","max-video-preview":"max-video-preview:-1"},"canonical":"https:\/\/mekulo.com\/no\/produkt\/baerbar-multifunksjonell-kjottskjaeremaskin\/","og_locale":"nb_NO","og_type":"article","og_title":"B\u00e6rbar multifunksjonell kj\u00f8ttskj\u00e6remaskin - Mekulo NO","og_description":"Denne b\u00e6rbare, multifunksjonelle kj\u00f8ttskj\u00e6remaskinen er et bordverkt\u00f8y som er utviklet for \u00e5 gj\u00f8re matlagingen raskere, tryggere og mer presis. Den skj\u00e6rer kj\u00f8tt, gr\u00f8nnsaker og faste matvarer i ensartede skiver p\u00e5 f\u00e5 sekunder, noe som sparer tid ved matlaging hjemme, grillmat eller i sm\u00e5 restauranter. Den robuste konstruksjonen og det skarpe bladet gir rene, jevne resultater hver gang. Et praktisk kj\u00f8kkenverkt\u00f8y for rask, ren og presis oppskj\u00e6ring - perfekt til hverdagsmatlaging eller spesielle anledninger.","og_url":"https:\/\/mekulo.com\/no\/produkt\/baerbar-multifunksjonell-kjottskjaeremaskin\/","og_site_name":"Mekulo NO","og_image":[{"width":1080,"height":1080,"url":"https:\/\/mekulo.com\/no\/wp-content\/uploads\/sites\/10\/2026\/01\/knk4pqv-1.jpg","type":"image\/jpeg"}],"twitter_card":"summary_large_image","twitter_misc":{"Ansl. lesetid":"2 minutter"},"schema":{"@context":"https:\/\/schema.org","@graph":[{"@type":"WebPage","@id":"https:\/\/mekulo.com\/no\/produkt\/baerbar-multifunksjonell-kjottskjaeremaskin\/","url":"https:\/\/mekulo.com\/no\/produkt\/baerbar-multifunksjonell-kjottskjaeremaskin\/","name":"B\u00e6rbar multifunksjonell kj\u00f8ttskj\u00e6remaskin - Mekulo NO","isPartOf":{"@id":"https:\/\/mekulo.com\/no\/#website"},"primaryImageOfPage":{"@id":"https:\/\/mekulo.com\/no\/produkt\/baerbar-multifunksjonell-kjottskjaeremaskin\/#primaryimage"},"image":{"@id":"https:\/\/mekulo.com\/no\/produkt\/baerbar-multifunksjonell-kjottskjaeremaskin\/#primaryimage"},"thumbnailUrl":"https:\/\/mekulo.com\/no\/wp-content\/uploads\/sites\/10\/2026\/01\/knk4pqv-1.jpg","datePublished":"2026-01-09T10:17:25+00:00","breadcrumb":{"@id":"https:\/\/mekulo.com\/no\/produkt\/baerbar-multifunksjonell-kjottskjaeremaskin\/#breadcrumb"},"inLanguage":"nb-NO","potentialAction":[{"@type":"ReadAction","target":["https:\/\/mekulo.com\/no\/produkt\/baerbar-multifunksjonell-kjottskjaeremaskin\/"]}]},{"@type":"ImageObject","inLanguage":"nb-NO","@id":"https:\/\/mekulo.com\/no\/produkt\/baerbar-multifunksjonell-kjottskjaeremaskin\/#primaryimage","url":"https:\/\/mekulo.com\/no\/wp-content\/uploads\/sites\/10\/2026\/01\/knk4pqv-1.jpg","contentUrl":"https:\/\/mekulo.com\/no\/wp-content\/uploads\/sites\/10\/2026\/01\/knk4pqv-1.jpg","width":1080,"height":1080},{"@type":"BreadcrumbList","@id":"https:\/\/mekulo.com\/no\/produkt\/baerbar-multifunksjonell-kjottskjaeremaskin\/#breadcrumb","itemListElement":[{"@type":"ListItem","position":1,"name":"Home","item":"https:\/\/mekulo.com\/no\/"},{"@type":"ListItem","position":2,"name":"Butikk","item":"https:\/\/mekulo.com\/no\/butikk\/"},{"@type":"ListItem","position":3,"name":"B\u00e6rbar multifunksjonell kj\u00f8ttskj\u00e6remaskin"}]},{"@type":"WebSite","@id":"https:\/\/mekulo.com\/no\/#website","url":"https:\/\/mekulo.com\/no\/","name":"Mekulo NO","description":"","publisher":{"@id":"https:\/\/mekulo.com\/no\/#organization"},"potentialAction":[{"@type":"SearchAction","target":{"@type":"EntryPoint","urlTemplate":"https:\/\/mekulo.com\/no\/?s={search_term_string}"},"query-input":{"@type":"PropertyValueSpecification","valueRequired":true,"valueName":"search_term_string"}}],"inLanguage":"nb-NO"},{"@type":"Organization","@id":"https:\/\/mekulo.com\/no\/#organization","name":"Mekulo","url":"https:\/\/mekulo.com\/no\/","logo":{"@type":"ImageObject","inLanguage":"nb-NO","@id":"https:\/\/mekulo.com\/no\/#\/schema\/logo\/image\/","url":"https:\/\/mekulo.com\/no\/wp-content\/uploads\/sites\/10\/2025\/12\/favicon_mekulo.png","contentUrl":"https:\/\/mekulo.com\/no\/wp-content\/uploads\/sites\/10\/2025\/12\/favicon_mekulo.png","width":50,"height":50,"caption":"Mekulo"},"image":{"@id":"https:\/\/mekulo.com\/no\/#\/schema\/logo\/image\/"}}]}},"_links":{"self":[{"href":"https:\/\/mekulo.com\/no\/wp-json\/wp\/v2\/product\/16170","targetHints":{"allow":["GET"]}}],"collection":[{"href":"https:\/\/mekulo.com\/no\/wp-json\/wp\/v2\/product"}],"about":[{"href":"https:\/\/mekulo.com\/no\/wp-json\/wp\/v2\/types\/product"}],"replies":[{"embeddable":true,"href":"https:\/\/mekulo.com\/no\/wp-json\/wp\/v2\/comments?post=16170"}],"wp:featuredmedia":[{"embeddable":true,"href":"https:\/\/mekulo.com\/no\/wp-json\/wp\/v2\/media\/16166"}],"wp:attachment":[{"href":"https:\/\/mekulo.com\/no\/wp-json\/wp\/v2\/media?parent=16170"}],"wp:term":[{"taxonomy":"product_brand","embeddable":true,"href":"https:\/\/mekulo.com\/no\/wp-json\/wp\/v2\/product_brand?post=16170"},{"taxonomy":"product_cat","embeddable":true,"href":"https:\/\/mekulo.com\/no\/wp-json\/wp\/v2\/product_cat?post=16170"},{"taxonomy":"product_tag","embeddable":true,"href":"https:\/\/mekulo.com\/no\/wp-json\/wp\/v2\/product_tag?post=16170"}],"curies":[{"name":"wp","href":"https:\/\/api.w.org\/{rel}","templated":true}]}}