{"id":16144,"date":"2026-01-09T12:14:09","date_gmt":"2026-01-09T10:14:09","guid":{"rendered":"https:\/\/mekulo.com\/no\/produkt\/flaske-med-oljedispenser\/"},"modified":"2026-01-22T17:46:23","modified_gmt":"2026-01-22T15:46:23","slug":"flaske-med-oljedispenser","status":"publish","type":"product","link":"https:\/\/mekulo.com\/no\/produkt\/flaske-med-oljedispenser\/","title":{"rendered":"Flaske med oljedispenser"},"content":{"rendered":"<p style=\"text-align: center;\" data-start=\"45\" data-end=\"105\"><strong>Hell Olje Rent Og Presist Hver Gang &#8211; Ingen Drypp, Ikke Noe S\u00f8l. \ud83c\udf3b<\/strong><\/p>\n<p data-start=\"130\" data-end=\"400\"><img fetchpriority=\"high\" decoding=\"async\" class=\"size-full wp-image-47634 aligncenter\" src=\"https:\/\/keluvo.com\/template\/wp-content\/uploads\/sites\/5\/2025\/12\/12213-ezgif.com-video-to-webp-converter-2.webp\" alt=\"\" width=\"500\" height=\"500\" \/><\/p>\n<h2 style=\"text-align: center;\" data-start=\"407\" data-end=\"429\"><strong>\ud83e\uded2 Hovedfordeler<\/strong><\/h2>\n<p data-start=\"432\" data-end=\"483\">\ud83d\udca7 Dryppfri helling &#8211; Ingen s\u00f8l eller oljes\u00f8l.<\/p>\n<p data-start=\"486\" data-end=\"540\">\ud83e\uddf4 Bred munn\u00e5pning &#8211; Enkel \u00e5 fylle p\u00e5 og rengj\u00f8re.<\/p>\n<p data-start=\"543\" data-end=\"608\">\ud83d\udd12 Holder innholdet friskt &#8211; Silikonforsegling blokkerer st\u00f8v og luft.<\/p>\n<p data-start=\"611\" data-end=\"672\">\ud83e\uddca Varmebestandig glass &#8211; Sikkert for varme og kalde v\u00e6sker.<\/p>\n<p data-start=\"675\" data-end=\"735\">\u270b Stabilt og komfortabelt grep &#8211; Enkel og trygg h\u00e5ndtering.<\/p>\n<p data-start=\"675\" data-end=\"735\"><img decoding=\"async\" class=\"size-full wp-image-47632 aligncenter\" src=\"https:\/\/keluvo.com\/template\/wp-content\/uploads\/sites\/5\/2025\/12\/12214-ezgif.com-video-to-webp-converter-1.webp\" alt=\"\" width=\"500\" height=\"500\" \/><\/p>\n<h2 style=\"text-align: center;\" data-start=\"742\" data-end=\"761\"><strong>\u25b6\ufe0f Slik Bruker Du Den<\/strong><\/h2>\n<ol data-start=\"762\" data-end=\"1073\">\n<li data-start=\"762\" data-end=\"828\">\n<p data-start=\"765\" data-end=\"828\">\u00c5pne lokket og fyll flasken med olje, eddik eller saus.<\/p>\n<\/li>\n<li data-start=\"829\" data-end=\"880\">\n<p data-start=\"832\" data-end=\"880\">Lukk lokket godt for \u00e5 holde innholdet friskt.<\/p>\n<\/li>\n<li data-start=\"881\" data-end=\"947\">\n<p data-start=\"884\" data-end=\"947\">Vipp flasken for \u00e5 helle &#8211; v\u00e6sken renner jevnt fra tuten.<\/p>\n<\/li>\n<li data-start=\"948\" data-end=\"1017\">\n<p data-start=\"951\" data-end=\"1017\">Sett den tilbake p\u00e5 benken; ingen drypp vil renne ned i flasken.<\/p>\n<\/li>\n<li data-start=\"1018\" data-end=\"1073\">\n<p data-start=\"1021\" data-end=\"1073\">Vask for h\u00e5nd eller skyll etter bruk for enkel rengj\u00f8ring.<\/p>\n<\/li>\n<\/ol>\n<h2 style=\"text-align: center;\" data-start=\"1080\" data-end=\"1104\"><strong>\ud83d\udccf Produktdetaljer<\/strong><\/h2>\n<ul data-start=\"1105\" data-end=\"1360\">\n<li data-start=\"1105\" data-end=\"1154\">\n<p data-start=\"1107\" data-end=\"1154\">Materiale: Borosilikatglass + rustfritt st\u00e5l<\/p>\n<\/li>\n<li data-start=\"1155\" data-end=\"1199\">\n<p data-start=\"1157\" data-end=\"1199\">Kapasitetsalternativer: 500 ml \/ 750 ml \/ 1000 ml<\/p>\n<\/li>\n<li data-start=\"1200\" data-end=\"1231\">\n<p data-start=\"1202\" data-end=\"1231\">500 ml st\u00f8rrelse: 19 x 5 x 9,5 cm<\/p>\n<\/li>\n<li data-start=\"1232\" data-end=\"1265\">\n<p data-start=\"1234\" data-end=\"1265\">750 ml st\u00f8rrelse: 21,5 x 5 x 9,5 cm<\/p>\n<\/li>\n<li data-start=\"1266\" data-end=\"1300\">\n<p data-start=\"1268\" data-end=\"1300\">1000 ml st\u00f8rrelse: 24,5 x 5 x 9,5 cm<\/p>\n<\/li>\n<li data-start=\"1301\" data-end=\"1360\">\n<p data-start=\"1303\" data-end=\"1360\">Funksjoner: Dryppfri tut, silikonforsegling, sklisikker base<\/p>\n<\/li>\n<\/ul>\n<h2 style=\"text-align: center;\" data-start=\"1367\" data-end=\"1392\"><strong>\ud83d\udce6 Pakken inkluderer<\/strong><\/h2>\n<ul data-start=\"1393\" data-end=\"1421\">\n<li data-start=\"1393\" data-end=\"1421\">\n<p data-start=\"1395\" data-end=\"1421\">1, 3x oljedispenserflaske(r).<\/p>\n<\/li>\n<\/ul>\n","protected":false},"excerpt":{"rendered":"<p>Med denne oljedispenserflasken kan du enkelt kontrollere mengden olje, eddik eller saus. Den dryppfrie tuten holder benkeplaten ren, mens den brede \u00e5pningen gj\u00f8r p\u00e5fylling og rengj\u00f8ring raskt og enkelt. Perfekt til daglig matlaging, tilberedning av m\u00e5ltider og bordservering. En ren, stilig og praktisk flaske til ethvert kj\u00f8kken og spisebord.<\/p>\n","protected":false},"featured_media":16140,"comment_status":"open","ping_status":"closed","template":"","meta":{"site-sidebar-layout":"default","site-content-layout":"","ast-site-content-layout":"default","site-content-style":"default","site-sidebar-style":"default","ast-global-header-display":"","ast-banner-title-visibility":"","ast-main-header-display":"","ast-hfb-above-header-display":"","ast-hfb-below-header-display":"","ast-hfb-mobile-header-display":"","site-post-title":"","ast-breadcrumbs-content":"","ast-featured-img":"","footer-sml-layout":"","theme-transparent-header-meta":"default","adv-header-id-meta":"","stick-header-meta":"","header-above-stick-meta":"","header-main-stick-meta":"","header-below-stick-meta":"","astra-migrate-meta-layouts":"set","ast-page-background-enabled":"default","ast-page-background-meta":{"desktop":{"background-color":"var(--ast-global-color-5)","background-image":"","background-repeat":"repeat","background-position":"center center","background-size":"auto","background-attachment":"scroll","background-type":"","background-media":"","overlay-type":"","overlay-color":"","overlay-opacity":"","overlay-gradient":""},"tablet":{"background-color":"","background-image":"","background-repeat":"repeat","background-position":"center center","background-size":"auto","background-attachment":"scroll","background-type":"","background-media":"","overlay-type":"","overlay-color":"","overlay-opacity":"","overlay-gradient":""},"mobile":{"background-color":"","background-image":"","background-repeat":"repeat","background-position":"center center","background-size":"auto","background-attachment":"scroll","background-type":"","background-media":"","overlay-type":"","overlay-color":"","overlay-opacity":"","overlay-gradient":""}},"ast-content-background-meta":{"desktop":{"background-color":"var(--ast-global-color-4)","background-image":"","background-repeat":"repeat","background-position":"center center","background-size":"auto","background-attachment":"scroll","background-type":"","background-media":"","overlay-type":"","overlay-color":"","overlay-opacity":"","overlay-gradient":""},"tablet":{"background-color":"var(--ast-global-color-4)","background-image":"","background-repeat":"repeat","background-position":"center center","background-size":"auto","background-attachment":"scroll","background-type":"","background-media":"","overlay-type":"","overlay-color":"","overlay-opacity":"","overlay-gradient":""},"mobile":{"background-color":"var(--ast-global-color-4)","background-image":"","background-repeat":"repeat","background-position":"center center","background-size":"auto","background-attachment":"scroll","background-type":"","background-media":"","overlay-type":"","overlay-color":"","overlay-opacity":"","overlay-gradient":""}}},"product_brand":[],"product_cat":[168],"product_tag":[],"class_list":{"0":"post-16144","1":"product","2":"type-product","3":"status-publish","4":"has-post-thumbnail","6":"product_cat-husholdningsartikler","7":"pa_65436_3f0gqpht-1000-ml","8":"pa_65436_3f0gqpht-500-ml","9":"pa_65436_3f0gqpht-750-ml","10":"pa_65436_3f0gqpht-sett-med-3-stk","11":"desktop-align-left","12":"tablet-align-left","13":"mobile-align-left","15":"first","16":"instock","17":"shipping-taxable","18":"purchasable","19":"product-type-variable"},"yoast_head":"<!-- This site is optimized with the Yoast SEO plugin v26.6 - https:\/\/yoast.com\/wordpress\/plugins\/seo\/ -->\n<title>Flaske med oljedispenser - Mekulo NO<\/title>\n<meta name=\"robots\" content=\"index, follow, max-snippet:-1, max-image-preview:large, max-video-preview:-1\" \/>\n<link rel=\"canonical\" href=\"https:\/\/mekulo.com\/no\/produkt\/flaske-med-oljedispenser\/\" \/>\n<meta property=\"og:locale\" content=\"nb_NO\" \/>\n<meta property=\"og:type\" content=\"article\" \/>\n<meta property=\"og:title\" content=\"Flaske med oljedispenser - Mekulo NO\" \/>\n<meta property=\"og:description\" content=\"Med denne oljedispenserflasken kan du enkelt kontrollere mengden olje, eddik eller saus. Den dryppfrie tuten holder benkeplaten ren, mens den brede \u00e5pningen gj\u00f8r p\u00e5fylling og rengj\u00f8ring raskt og enkelt. Perfekt til daglig matlaging, tilberedning av m\u00e5ltider og bordservering. En ren, stilig og praktisk flaske til ethvert kj\u00f8kken og spisebord.\" \/>\n<meta property=\"og:url\" content=\"https:\/\/mekulo.com\/no\/produkt\/flaske-med-oljedispenser\/\" \/>\n<meta property=\"og:site_name\" content=\"Mekulo NO\" \/>\n<meta property=\"article:modified_time\" content=\"2026-01-22T15:46:23+00:00\" \/>\n<meta property=\"og:image\" content=\"https:\/\/mekulo.com\/no\/wp-content\/uploads\/sites\/10\/2026\/01\/vn11sde-1.jpg\" \/>\n\t<meta property=\"og:image:width\" content=\"1080\" \/>\n\t<meta property=\"og:image:height\" content=\"1080\" \/>\n\t<meta property=\"og:image:type\" content=\"image\/jpeg\" \/>\n<meta name=\"twitter:card\" content=\"summary_large_image\" \/>\n<meta name=\"twitter:label1\" content=\"Ansl. lesetid\" \/>\n\t<meta name=\"twitter:data1\" content=\"2 minutter\" \/>\n<script type=\"application\/ld+json\" class=\"yoast-schema-graph\">{\"@context\":\"https:\/\/schema.org\",\"@graph\":[{\"@type\":\"WebPage\",\"@id\":\"https:\/\/mekulo.com\/no\/produkt\/flaske-med-oljedispenser\/\",\"url\":\"https:\/\/mekulo.com\/no\/produkt\/flaske-med-oljedispenser\/\",\"name\":\"Flaske med oljedispenser - Mekulo NO\",\"isPartOf\":{\"@id\":\"https:\/\/mekulo.com\/no\/#website\"},\"primaryImageOfPage\":{\"@id\":\"https:\/\/mekulo.com\/no\/produkt\/flaske-med-oljedispenser\/#primaryimage\"},\"image\":{\"@id\":\"https:\/\/mekulo.com\/no\/produkt\/flaske-med-oljedispenser\/#primaryimage\"},\"thumbnailUrl\":\"https:\/\/mekulo.com\/no\/wp-content\/uploads\/sites\/10\/2026\/01\/vn11sde-1.jpg\",\"datePublished\":\"2026-01-09T10:14:09+00:00\",\"dateModified\":\"2026-01-22T15:46:23+00:00\",\"breadcrumb\":{\"@id\":\"https:\/\/mekulo.com\/no\/produkt\/flaske-med-oljedispenser\/#breadcrumb\"},\"inLanguage\":\"nb-NO\",\"potentialAction\":[{\"@type\":\"ReadAction\",\"target\":[\"https:\/\/mekulo.com\/no\/produkt\/flaske-med-oljedispenser\/\"]}]},{\"@type\":\"ImageObject\",\"inLanguage\":\"nb-NO\",\"@id\":\"https:\/\/mekulo.com\/no\/produkt\/flaske-med-oljedispenser\/#primaryimage\",\"url\":\"https:\/\/mekulo.com\/no\/wp-content\/uploads\/sites\/10\/2026\/01\/vn11sde-1.jpg\",\"contentUrl\":\"https:\/\/mekulo.com\/no\/wp-content\/uploads\/sites\/10\/2026\/01\/vn11sde-1.jpg\",\"width\":1080,\"height\":1080},{\"@type\":\"BreadcrumbList\",\"@id\":\"https:\/\/mekulo.com\/no\/produkt\/flaske-med-oljedispenser\/#breadcrumb\",\"itemListElement\":[{\"@type\":\"ListItem\",\"position\":1,\"name\":\"Home\",\"item\":\"https:\/\/mekulo.com\/no\/\"},{\"@type\":\"ListItem\",\"position\":2,\"name\":\"Butikk\",\"item\":\"https:\/\/mekulo.com\/no\/butikk\/\"},{\"@type\":\"ListItem\",\"position\":3,\"name\":\"Flaske med oljedispenser\"}]},{\"@type\":\"WebSite\",\"@id\":\"https:\/\/mekulo.com\/no\/#website\",\"url\":\"https:\/\/mekulo.com\/no\/\",\"name\":\"Mekulo NO\",\"description\":\"\",\"publisher\":{\"@id\":\"https:\/\/mekulo.com\/no\/#organization\"},\"potentialAction\":[{\"@type\":\"SearchAction\",\"target\":{\"@type\":\"EntryPoint\",\"urlTemplate\":\"https:\/\/mekulo.com\/no\/?s={search_term_string}\"},\"query-input\":{\"@type\":\"PropertyValueSpecification\",\"valueRequired\":true,\"valueName\":\"search_term_string\"}}],\"inLanguage\":\"nb-NO\"},{\"@type\":\"Organization\",\"@id\":\"https:\/\/mekulo.com\/no\/#organization\",\"name\":\"Mekulo\",\"url\":\"https:\/\/mekulo.com\/no\/\",\"logo\":{\"@type\":\"ImageObject\",\"inLanguage\":\"nb-NO\",\"@id\":\"https:\/\/mekulo.com\/no\/#\/schema\/logo\/image\/\",\"url\":\"https:\/\/mekulo.com\/no\/wp-content\/uploads\/sites\/10\/2025\/12\/favicon_mekulo.png\",\"contentUrl\":\"https:\/\/mekulo.com\/no\/wp-content\/uploads\/sites\/10\/2025\/12\/favicon_mekulo.png\",\"width\":50,\"height\":50,\"caption\":\"Mekulo\"},\"image\":{\"@id\":\"https:\/\/mekulo.com\/no\/#\/schema\/logo\/image\/\"}}]}<\/script>\n<!-- \/ Yoast SEO plugin. -->","yoast_head_json":{"title":"Flaske med oljedispenser - Mekulo NO","robots":{"index":"index","follow":"follow","max-snippet":"max-snippet:-1","max-image-preview":"max-image-preview:large","max-video-preview":"max-video-preview:-1"},"canonical":"https:\/\/mekulo.com\/no\/produkt\/flaske-med-oljedispenser\/","og_locale":"nb_NO","og_type":"article","og_title":"Flaske med oljedispenser - Mekulo NO","og_description":"Med denne oljedispenserflasken kan du enkelt kontrollere mengden olje, eddik eller saus. Den dryppfrie tuten holder benkeplaten ren, mens den brede \u00e5pningen gj\u00f8r p\u00e5fylling og rengj\u00f8ring raskt og enkelt. Perfekt til daglig matlaging, tilberedning av m\u00e5ltider og bordservering. En ren, stilig og praktisk flaske til ethvert kj\u00f8kken og spisebord.","og_url":"https:\/\/mekulo.com\/no\/produkt\/flaske-med-oljedispenser\/","og_site_name":"Mekulo NO","article_modified_time":"2026-01-22T15:46:23+00:00","og_image":[{"width":1080,"height":1080,"url":"https:\/\/mekulo.com\/no\/wp-content\/uploads\/sites\/10\/2026\/01\/vn11sde-1.jpg","type":"image\/jpeg"}],"twitter_card":"summary_large_image","twitter_misc":{"Ansl. lesetid":"2 minutter"},"schema":{"@context":"https:\/\/schema.org","@graph":[{"@type":"WebPage","@id":"https:\/\/mekulo.com\/no\/produkt\/flaske-med-oljedispenser\/","url":"https:\/\/mekulo.com\/no\/produkt\/flaske-med-oljedispenser\/","name":"Flaske med oljedispenser - Mekulo NO","isPartOf":{"@id":"https:\/\/mekulo.com\/no\/#website"},"primaryImageOfPage":{"@id":"https:\/\/mekulo.com\/no\/produkt\/flaske-med-oljedispenser\/#primaryimage"},"image":{"@id":"https:\/\/mekulo.com\/no\/produkt\/flaske-med-oljedispenser\/#primaryimage"},"thumbnailUrl":"https:\/\/mekulo.com\/no\/wp-content\/uploads\/sites\/10\/2026\/01\/vn11sde-1.jpg","datePublished":"2026-01-09T10:14:09+00:00","dateModified":"2026-01-22T15:46:23+00:00","breadcrumb":{"@id":"https:\/\/mekulo.com\/no\/produkt\/flaske-med-oljedispenser\/#breadcrumb"},"inLanguage":"nb-NO","potentialAction":[{"@type":"ReadAction","target":["https:\/\/mekulo.com\/no\/produkt\/flaske-med-oljedispenser\/"]}]},{"@type":"ImageObject","inLanguage":"nb-NO","@id":"https:\/\/mekulo.com\/no\/produkt\/flaske-med-oljedispenser\/#primaryimage","url":"https:\/\/mekulo.com\/no\/wp-content\/uploads\/sites\/10\/2026\/01\/vn11sde-1.jpg","contentUrl":"https:\/\/mekulo.com\/no\/wp-content\/uploads\/sites\/10\/2026\/01\/vn11sde-1.jpg","width":1080,"height":1080},{"@type":"BreadcrumbList","@id":"https:\/\/mekulo.com\/no\/produkt\/flaske-med-oljedispenser\/#breadcrumb","itemListElement":[{"@type":"ListItem","position":1,"name":"Home","item":"https:\/\/mekulo.com\/no\/"},{"@type":"ListItem","position":2,"name":"Butikk","item":"https:\/\/mekulo.com\/no\/butikk\/"},{"@type":"ListItem","position":3,"name":"Flaske med oljedispenser"}]},{"@type":"WebSite","@id":"https:\/\/mekulo.com\/no\/#website","url":"https:\/\/mekulo.com\/no\/","name":"Mekulo NO","description":"","publisher":{"@id":"https:\/\/mekulo.com\/no\/#organization"},"potentialAction":[{"@type":"SearchAction","target":{"@type":"EntryPoint","urlTemplate":"https:\/\/mekulo.com\/no\/?s={search_term_string}"},"query-input":{"@type":"PropertyValueSpecification","valueRequired":true,"valueName":"search_term_string"}}],"inLanguage":"nb-NO"},{"@type":"Organization","@id":"https:\/\/mekulo.com\/no\/#organization","name":"Mekulo","url":"https:\/\/mekulo.com\/no\/","logo":{"@type":"ImageObject","inLanguage":"nb-NO","@id":"https:\/\/mekulo.com\/no\/#\/schema\/logo\/image\/","url":"https:\/\/mekulo.com\/no\/wp-content\/uploads\/sites\/10\/2025\/12\/favicon_mekulo.png","contentUrl":"https:\/\/mekulo.com\/no\/wp-content\/uploads\/sites\/10\/2025\/12\/favicon_mekulo.png","width":50,"height":50,"caption":"Mekulo"},"image":{"@id":"https:\/\/mekulo.com\/no\/#\/schema\/logo\/image\/"}}]}},"_links":{"self":[{"href":"https:\/\/mekulo.com\/no\/wp-json\/wp\/v2\/product\/16144","targetHints":{"allow":["GET"]}}],"collection":[{"href":"https:\/\/mekulo.com\/no\/wp-json\/wp\/v2\/product"}],"about":[{"href":"https:\/\/mekulo.com\/no\/wp-json\/wp\/v2\/types\/product"}],"replies":[{"embeddable":true,"href":"https:\/\/mekulo.com\/no\/wp-json\/wp\/v2\/comments?post=16144"}],"wp:featuredmedia":[{"embeddable":true,"href":"https:\/\/mekulo.com\/no\/wp-json\/wp\/v2\/media\/16140"}],"wp:attachment":[{"href":"https:\/\/mekulo.com\/no\/wp-json\/wp\/v2\/media?parent=16144"}],"wp:term":[{"taxonomy":"product_brand","embeddable":true,"href":"https:\/\/mekulo.com\/no\/wp-json\/wp\/v2\/product_brand?post=16144"},{"taxonomy":"product_cat","embeddable":true,"href":"https:\/\/mekulo.com\/no\/wp-json\/wp\/v2\/product_cat?post=16144"},{"taxonomy":"product_tag","embeddable":true,"href":"https:\/\/mekulo.com\/no\/wp-json\/wp\/v2\/product_tag?post=16144"}],"curies":[{"name":"wp","href":"https:\/\/api.w.org\/{rel}","templated":true}]}}