{"id":16106,"date":"2026-01-09T12:10:15","date_gmt":"2026-01-09T10:10:15","guid":{"rendered":"https:\/\/mekulo.com\/no\/produkt\/verktoy-for-bremsefjaerskiver\/"},"modified":"2026-01-22T17:48:51","modified_gmt":"2026-01-22T15:48:51","slug":"verktoy-for-bremsefjaerskiver","status":"publish","type":"product","link":"https:\/\/mekulo.com\/no\/produkt\/verktoy-for-bremsefjaerskiver\/","title":{"rendered":"Verkt\u00f8y for bremsefj\u00e6rskiver"},"content":{"rendered":"<p style=\"text-align: center;\" data-start=\"49\" data-end=\"120\"><strong>Komprimerer og monterer bremsefj\u00e6rer raskt og sikkert med mindre anstrengelse. \ud83d\ude97<\/strong><\/p>\n<p data-start=\"145\" data-end=\"436\"><img fetchpriority=\"high\" decoding=\"async\" class=\"size-full wp-image-47597 aligncenter\" src=\"https:\/\/keluvo.com\/template\/wp-content\/uploads\/sites\/5\/2025\/12\/1221-ezgif.com-video-to-webp-converter-2.webp\" alt=\"\" width=\"500\" height=\"500\" \/><\/p>\n<h2 style=\"text-align: center;\" data-start=\"443\" data-end=\"466\"><strong>Hovedfordeler<\/strong><\/h2>\n<p data-start=\"469\" data-end=\"537\">\ud83d\udcaa Sterk st\u00e5lkonstruksjon &#8211; Bygget for krevende bremsearbeid.<\/p>\n<p data-start=\"540\" data-end=\"600\">\u270b Ergonomisk grep &#8211; Reduserer tretthet i hendene under reparasjoner.<\/p>\n<p data-start=\"603\" data-end=\"664\">\ud83d\udd25 Varmebestandig h\u00e5ndtak &#8211; Beskytter hendene mens du arbeider.<\/p>\n<p data-start=\"667\" data-end=\"737\">\u2699\ufe0f Flerbruksverkt\u00f8y &#8211; Fungerer med fj\u00e6rer, kopper og bremsesko.<\/p>\n<p data-start=\"740\" data-end=\"812\">\ud83d\ude97 Bred kompatibilitet &#8211; Passer til biler, lastebiler og motorsykler.<\/p>\n<p data-start=\"740\" data-end=\"812\"><img decoding=\"async\" class=\"size-full wp-image-47592 aligncenter\" src=\"https:\/\/keluvo.com\/template\/wp-content\/uploads\/sites\/5\/2025\/12\/12211-ezgif.com-video-to-webp-converter-2.webp\" alt=\"\" width=\"500\" height=\"500\" \/><\/p>\n<h2 style=\"text-align: center;\" data-start=\"819\" data-end=\"838\"><strong>Slik Bruker Du Verkt\u00f8yet<\/strong><\/h2>\n<ol data-start=\"839\" data-end=\"1094\">\n<li data-start=\"839\" data-end=\"894\">\n<p data-start=\"842\" data-end=\"894\">Posisjoner verkt\u00f8yet over bremsefj\u00e6ren eller bremseskiven.<\/p>\n<\/li>\n<li data-start=\"895\" data-end=\"945\">\n<p data-start=\"898\" data-end=\"945\">Trykk forsiktig for \u00e5 komprimere fj\u00e6ren.<\/p>\n<\/li>\n<li data-start=\"946\" data-end=\"999\">\n<p data-start=\"949\" data-end=\"999\">Fjern eller monter bremsekomponenten etter behov.<\/p>\n<\/li>\n<li data-start=\"1000\" data-end=\"1050\">\n<p data-start=\"1003\" data-end=\"1050\">Slipp trykket sakte for sikker posisjonering.<\/p>\n<\/li>\n<li data-start=\"1051\" data-end=\"1094\">\n<p data-start=\"1054\" data-end=\"1094\">Gjenta for gjenv\u00e6rende bremsekomponenter.<\/p>\n<\/li>\n<\/ol>\n<h2 style=\"text-align: center;\" data-start=\"1101\" data-end=\"1125\"><strong>Produktdetaljer<\/strong><\/h2>\n<ul data-start=\"1126\" data-end=\"1310\">\n<li data-start=\"1126\" data-end=\"1159\">\n<p data-start=\"1128\" data-end=\"1159\">Materiale: St\u00e5l + ABS-plast<\/p>\n<\/li>\n<li data-start=\"1197\" data-end=\"1242\">\n<p data-start=\"1199\" data-end=\"1242\">Dimensjoner: 14,5 x 2,5 cm<\/p>\n<\/li>\n<li data-start=\"1243\" data-end=\"1259\">\n<p data-start=\"1245\" data-end=\"1259\">Vekt: 90 g<\/p>\n<\/li>\n<li data-start=\"1260\" data-end=\"1310\">\n<p data-start=\"1262\" data-end=\"1310\">Bruk: Bremsereparasjoner, mekaniske reparasjoner og reparasjoner i hjemmet<\/p>\n<\/li>\n<\/ul>\n<h2 style=\"text-align: center;\" data-start=\"1317\" data-end=\"1342\"><strong>Pakken inneholder<\/strong><\/h2>\n<ul data-start=\"1343\" data-end=\"1375\">\n<li data-start=\"1343\" data-end=\"1375\">\n<p data-start=\"1345\" data-end=\"1375\">1, 2x bremsefj\u00e6rskiveverkt\u00f8y.<\/p>\n<\/li>\n<\/ul>\n","protected":false},"excerpt":{"rendered":"<p>Bremsefj\u00e6rskiveverkt\u00f8yet gj\u00f8r det raskere og enklere \u00e5 reparere trommelbremser ved \u00e5 hjelpe deg med \u00e5 komprimere, fjerne og montere bremsefj\u00e6rer med full kontroll. Det ergonomiske h\u00e5ndtaket og den sterke st\u00e5lkroppen reduserer belastningen p\u00e5 hendene og forbedrer sikkerheten, enten du er profesjonell mekaniker eller gj\u00f8r-det-selv-bilist.<\/p>\n","protected":false},"featured_media":16102,"comment_status":"open","ping_status":"closed","template":"","meta":{"site-sidebar-layout":"default","site-content-layout":"","ast-site-content-layout":"default","site-content-style":"default","site-sidebar-style":"default","ast-global-header-display":"","ast-banner-title-visibility":"","ast-main-header-display":"","ast-hfb-above-header-display":"","ast-hfb-below-header-display":"","ast-hfb-mobile-header-display":"","site-post-title":"","ast-breadcrumbs-content":"","ast-featured-img":"","footer-sml-layout":"","theme-transparent-header-meta":"default","adv-header-id-meta":"","stick-header-meta":"","header-above-stick-meta":"","header-main-stick-meta":"","header-below-stick-meta":"","astra-migrate-meta-layouts":"set","ast-page-background-enabled":"default","ast-page-background-meta":{"desktop":{"background-color":"var(--ast-global-color-5)","background-image":"","background-repeat":"repeat","background-position":"center center","background-size":"auto","background-attachment":"scroll","background-type":"","background-media":"","overlay-type":"","overlay-color":"","overlay-opacity":"","overlay-gradient":""},"tablet":{"background-color":"","background-image":"","background-repeat":"repeat","background-position":"center center","background-size":"auto","background-attachment":"scroll","background-type":"","background-media":"","overlay-type":"","overlay-color":"","overlay-opacity":"","overlay-gradient":""},"mobile":{"background-color":"","background-image":"","background-repeat":"repeat","background-position":"center center","background-size":"auto","background-attachment":"scroll","background-type":"","background-media":"","overlay-type":"","overlay-color":"","overlay-opacity":"","overlay-gradient":""}},"ast-content-background-meta":{"desktop":{"background-color":"var(--ast-global-color-4)","background-image":"","background-repeat":"repeat","background-position":"center center","background-size":"auto","background-attachment":"scroll","background-type":"","background-media":"","overlay-type":"","overlay-color":"","overlay-opacity":"","overlay-gradient":""},"tablet":{"background-color":"var(--ast-global-color-4)","background-image":"","background-repeat":"repeat","background-position":"center center","background-size":"auto","background-attachment":"scroll","background-type":"","background-media":"","overlay-type":"","overlay-color":"","overlay-opacity":"","overlay-gradient":""},"mobile":{"background-color":"var(--ast-global-color-4)","background-image":"","background-repeat":"repeat","background-position":"center center","background-size":"auto","background-attachment":"scroll","background-type":"","background-media":"","overlay-type":"","overlay-color":"","overlay-opacity":"","overlay-gradient":""}}},"product_brand":[],"product_cat":[161,171],"product_tag":[],"class_list":{"0":"post-16106","1":"product","2":"type-product","3":"status-publish","4":"has-post-thumbnail","6":"product_cat-bilprodukter","7":"product_cat-verktoy","8":"pa_65359_bkjaxs4z-1-stk","9":"pa_65359_bkjaxs4z-2-stk","10":"pa_65359_ygbotcwh-gronn","11":"pa_65359_ygbotcwh-rod","12":"pa_65359_ygbotcwh-svart","13":"desktop-align-left","14":"tablet-align-left","15":"mobile-align-left","17":"first","18":"instock","19":"shipping-taxable","20":"purchasable","21":"product-type-variable","22":"has-default-attributes"},"yoast_head":"<!-- This site is optimized with the Yoast SEO plugin v26.6 - https:\/\/yoast.com\/wordpress\/plugins\/seo\/ -->\n<title>Verkt\u00f8y for bremsefj\u00e6rskiver - Mekulo NO<\/title>\n<meta name=\"robots\" content=\"index, follow, max-snippet:-1, max-image-preview:large, max-video-preview:-1\" \/>\n<link rel=\"canonical\" href=\"https:\/\/mekulo.com\/no\/produkt\/verktoy-for-bremsefjaerskiver\/\" \/>\n<meta property=\"og:locale\" content=\"nb_NO\" \/>\n<meta property=\"og:type\" content=\"article\" \/>\n<meta property=\"og:title\" content=\"Verkt\u00f8y for bremsefj\u00e6rskiver - Mekulo NO\" \/>\n<meta property=\"og:description\" content=\"Bremsefj\u00e6rskiveverkt\u00f8yet gj\u00f8r det raskere og enklere \u00e5 reparere trommelbremser ved \u00e5 hjelpe deg med \u00e5 komprimere, fjerne og montere bremsefj\u00e6rer med full kontroll. Det ergonomiske h\u00e5ndtaket og den sterke st\u00e5lkroppen reduserer belastningen p\u00e5 hendene og forbedrer sikkerheten, enten du er profesjonell mekaniker eller gj\u00f8r-det-selv-bilist.\" \/>\n<meta property=\"og:url\" content=\"https:\/\/mekulo.com\/no\/produkt\/verktoy-for-bremsefjaerskiver\/\" \/>\n<meta property=\"og:site_name\" content=\"Mekulo NO\" \/>\n<meta property=\"article:modified_time\" content=\"2026-01-22T15:48:51+00:00\" \/>\n<meta property=\"og:image\" content=\"https:\/\/mekulo.com\/no\/wp-content\/uploads\/sites\/10\/2026\/01\/wty37uo-1.webp\" \/>\n\t<meta property=\"og:image:width\" content=\"800\" \/>\n\t<meta property=\"og:image:height\" content=\"800\" \/>\n\t<meta property=\"og:image:type\" content=\"image\/webp\" \/>\n<meta name=\"twitter:card\" content=\"summary_large_image\" \/>\n<meta name=\"twitter:label1\" content=\"Ansl. lesetid\" \/>\n\t<meta name=\"twitter:data1\" content=\"2 minutter\" \/>\n<script type=\"application\/ld+json\" class=\"yoast-schema-graph\">{\"@context\":\"https:\/\/schema.org\",\"@graph\":[{\"@type\":\"WebPage\",\"@id\":\"https:\/\/mekulo.com\/no\/produkt\/verktoy-for-bremsefjaerskiver\/\",\"url\":\"https:\/\/mekulo.com\/no\/produkt\/verktoy-for-bremsefjaerskiver\/\",\"name\":\"Verkt\u00f8y for bremsefj\u00e6rskiver - Mekulo NO\",\"isPartOf\":{\"@id\":\"https:\/\/mekulo.com\/no\/#website\"},\"primaryImageOfPage\":{\"@id\":\"https:\/\/mekulo.com\/no\/produkt\/verktoy-for-bremsefjaerskiver\/#primaryimage\"},\"image\":{\"@id\":\"https:\/\/mekulo.com\/no\/produkt\/verktoy-for-bremsefjaerskiver\/#primaryimage\"},\"thumbnailUrl\":\"https:\/\/mekulo.com\/no\/wp-content\/uploads\/sites\/10\/2026\/01\/wty37uo-1.webp\",\"datePublished\":\"2026-01-09T10:10:15+00:00\",\"dateModified\":\"2026-01-22T15:48:51+00:00\",\"breadcrumb\":{\"@id\":\"https:\/\/mekulo.com\/no\/produkt\/verktoy-for-bremsefjaerskiver\/#breadcrumb\"},\"inLanguage\":\"nb-NO\",\"potentialAction\":[{\"@type\":\"ReadAction\",\"target\":[\"https:\/\/mekulo.com\/no\/produkt\/verktoy-for-bremsefjaerskiver\/\"]}]},{\"@type\":\"ImageObject\",\"inLanguage\":\"nb-NO\",\"@id\":\"https:\/\/mekulo.com\/no\/produkt\/verktoy-for-bremsefjaerskiver\/#primaryimage\",\"url\":\"https:\/\/mekulo.com\/no\/wp-content\/uploads\/sites\/10\/2026\/01\/wty37uo-1.webp\",\"contentUrl\":\"https:\/\/mekulo.com\/no\/wp-content\/uploads\/sites\/10\/2026\/01\/wty37uo-1.webp\",\"width\":800,\"height\":800},{\"@type\":\"BreadcrumbList\",\"@id\":\"https:\/\/mekulo.com\/no\/produkt\/verktoy-for-bremsefjaerskiver\/#breadcrumb\",\"itemListElement\":[{\"@type\":\"ListItem\",\"position\":1,\"name\":\"Home\",\"item\":\"https:\/\/mekulo.com\/no\/\"},{\"@type\":\"ListItem\",\"position\":2,\"name\":\"Butikk\",\"item\":\"https:\/\/mekulo.com\/no\/butikk\/\"},{\"@type\":\"ListItem\",\"position\":3,\"name\":\"Verkt\u00f8y for bremsefj\u00e6rskiver\"}]},{\"@type\":\"WebSite\",\"@id\":\"https:\/\/mekulo.com\/no\/#website\",\"url\":\"https:\/\/mekulo.com\/no\/\",\"name\":\"Mekulo NO\",\"description\":\"\",\"publisher\":{\"@id\":\"https:\/\/mekulo.com\/no\/#organization\"},\"potentialAction\":[{\"@type\":\"SearchAction\",\"target\":{\"@type\":\"EntryPoint\",\"urlTemplate\":\"https:\/\/mekulo.com\/no\/?s={search_term_string}\"},\"query-input\":{\"@type\":\"PropertyValueSpecification\",\"valueRequired\":true,\"valueName\":\"search_term_string\"}}],\"inLanguage\":\"nb-NO\"},{\"@type\":\"Organization\",\"@id\":\"https:\/\/mekulo.com\/no\/#organization\",\"name\":\"Mekulo\",\"url\":\"https:\/\/mekulo.com\/no\/\",\"logo\":{\"@type\":\"ImageObject\",\"inLanguage\":\"nb-NO\",\"@id\":\"https:\/\/mekulo.com\/no\/#\/schema\/logo\/image\/\",\"url\":\"https:\/\/mekulo.com\/no\/wp-content\/uploads\/sites\/10\/2025\/12\/favicon_mekulo.png\",\"contentUrl\":\"https:\/\/mekulo.com\/no\/wp-content\/uploads\/sites\/10\/2025\/12\/favicon_mekulo.png\",\"width\":50,\"height\":50,\"caption\":\"Mekulo\"},\"image\":{\"@id\":\"https:\/\/mekulo.com\/no\/#\/schema\/logo\/image\/\"}}]}<\/script>\n<!-- \/ Yoast SEO plugin. -->","yoast_head_json":{"title":"Verkt\u00f8y for bremsefj\u00e6rskiver - Mekulo NO","robots":{"index":"index","follow":"follow","max-snippet":"max-snippet:-1","max-image-preview":"max-image-preview:large","max-video-preview":"max-video-preview:-1"},"canonical":"https:\/\/mekulo.com\/no\/produkt\/verktoy-for-bremsefjaerskiver\/","og_locale":"nb_NO","og_type":"article","og_title":"Verkt\u00f8y for bremsefj\u00e6rskiver - Mekulo NO","og_description":"Bremsefj\u00e6rskiveverkt\u00f8yet gj\u00f8r det raskere og enklere \u00e5 reparere trommelbremser ved \u00e5 hjelpe deg med \u00e5 komprimere, fjerne og montere bremsefj\u00e6rer med full kontroll. Det ergonomiske h\u00e5ndtaket og den sterke st\u00e5lkroppen reduserer belastningen p\u00e5 hendene og forbedrer sikkerheten, enten du er profesjonell mekaniker eller gj\u00f8r-det-selv-bilist.","og_url":"https:\/\/mekulo.com\/no\/produkt\/verktoy-for-bremsefjaerskiver\/","og_site_name":"Mekulo NO","article_modified_time":"2026-01-22T15:48:51+00:00","og_image":[{"width":800,"height":800,"url":"https:\/\/mekulo.com\/no\/wp-content\/uploads\/sites\/10\/2026\/01\/wty37uo-1.webp","type":"image\/webp"}],"twitter_card":"summary_large_image","twitter_misc":{"Ansl. lesetid":"2 minutter"},"schema":{"@context":"https:\/\/schema.org","@graph":[{"@type":"WebPage","@id":"https:\/\/mekulo.com\/no\/produkt\/verktoy-for-bremsefjaerskiver\/","url":"https:\/\/mekulo.com\/no\/produkt\/verktoy-for-bremsefjaerskiver\/","name":"Verkt\u00f8y for bremsefj\u00e6rskiver - Mekulo NO","isPartOf":{"@id":"https:\/\/mekulo.com\/no\/#website"},"primaryImageOfPage":{"@id":"https:\/\/mekulo.com\/no\/produkt\/verktoy-for-bremsefjaerskiver\/#primaryimage"},"image":{"@id":"https:\/\/mekulo.com\/no\/produkt\/verktoy-for-bremsefjaerskiver\/#primaryimage"},"thumbnailUrl":"https:\/\/mekulo.com\/no\/wp-content\/uploads\/sites\/10\/2026\/01\/wty37uo-1.webp","datePublished":"2026-01-09T10:10:15+00:00","dateModified":"2026-01-22T15:48:51+00:00","breadcrumb":{"@id":"https:\/\/mekulo.com\/no\/produkt\/verktoy-for-bremsefjaerskiver\/#breadcrumb"},"inLanguage":"nb-NO","potentialAction":[{"@type":"ReadAction","target":["https:\/\/mekulo.com\/no\/produkt\/verktoy-for-bremsefjaerskiver\/"]}]},{"@type":"ImageObject","inLanguage":"nb-NO","@id":"https:\/\/mekulo.com\/no\/produkt\/verktoy-for-bremsefjaerskiver\/#primaryimage","url":"https:\/\/mekulo.com\/no\/wp-content\/uploads\/sites\/10\/2026\/01\/wty37uo-1.webp","contentUrl":"https:\/\/mekulo.com\/no\/wp-content\/uploads\/sites\/10\/2026\/01\/wty37uo-1.webp","width":800,"height":800},{"@type":"BreadcrumbList","@id":"https:\/\/mekulo.com\/no\/produkt\/verktoy-for-bremsefjaerskiver\/#breadcrumb","itemListElement":[{"@type":"ListItem","position":1,"name":"Home","item":"https:\/\/mekulo.com\/no\/"},{"@type":"ListItem","position":2,"name":"Butikk","item":"https:\/\/mekulo.com\/no\/butikk\/"},{"@type":"ListItem","position":3,"name":"Verkt\u00f8y for bremsefj\u00e6rskiver"}]},{"@type":"WebSite","@id":"https:\/\/mekulo.com\/no\/#website","url":"https:\/\/mekulo.com\/no\/","name":"Mekulo NO","description":"","publisher":{"@id":"https:\/\/mekulo.com\/no\/#organization"},"potentialAction":[{"@type":"SearchAction","target":{"@type":"EntryPoint","urlTemplate":"https:\/\/mekulo.com\/no\/?s={search_term_string}"},"query-input":{"@type":"PropertyValueSpecification","valueRequired":true,"valueName":"search_term_string"}}],"inLanguage":"nb-NO"},{"@type":"Organization","@id":"https:\/\/mekulo.com\/no\/#organization","name":"Mekulo","url":"https:\/\/mekulo.com\/no\/","logo":{"@type":"ImageObject","inLanguage":"nb-NO","@id":"https:\/\/mekulo.com\/no\/#\/schema\/logo\/image\/","url":"https:\/\/mekulo.com\/no\/wp-content\/uploads\/sites\/10\/2025\/12\/favicon_mekulo.png","contentUrl":"https:\/\/mekulo.com\/no\/wp-content\/uploads\/sites\/10\/2025\/12\/favicon_mekulo.png","width":50,"height":50,"caption":"Mekulo"},"image":{"@id":"https:\/\/mekulo.com\/no\/#\/schema\/logo\/image\/"}}]}},"_links":{"self":[{"href":"https:\/\/mekulo.com\/no\/wp-json\/wp\/v2\/product\/16106","targetHints":{"allow":["GET"]}}],"collection":[{"href":"https:\/\/mekulo.com\/no\/wp-json\/wp\/v2\/product"}],"about":[{"href":"https:\/\/mekulo.com\/no\/wp-json\/wp\/v2\/types\/product"}],"replies":[{"embeddable":true,"href":"https:\/\/mekulo.com\/no\/wp-json\/wp\/v2\/comments?post=16106"}],"wp:featuredmedia":[{"embeddable":true,"href":"https:\/\/mekulo.com\/no\/wp-json\/wp\/v2\/media\/16102"}],"wp:attachment":[{"href":"https:\/\/mekulo.com\/no\/wp-json\/wp\/v2\/media?parent=16106"}],"wp:term":[{"taxonomy":"product_brand","embeddable":true,"href":"https:\/\/mekulo.com\/no\/wp-json\/wp\/v2\/product_brand?post=16106"},{"taxonomy":"product_cat","embeddable":true,"href":"https:\/\/mekulo.com\/no\/wp-json\/wp\/v2\/product_cat?post=16106"},{"taxonomy":"product_tag","embeddable":true,"href":"https:\/\/mekulo.com\/no\/wp-json\/wp\/v2\/product_tag?post=16106"}],"curies":[{"name":"wp","href":"https:\/\/api.w.org\/{rel}","templated":true}]}}