{"id":16061,"date":"2026-01-08T16:56:37","date_gmt":"2026-01-08T14:56:37","guid":{"rendered":"https:\/\/mekulo.com\/no\/produkt\/45-graders-lasbar-gjaeringsbit\/"},"modified":"2026-03-17T11:40:10","modified_gmt":"2026-03-17T09:40:10","slug":"45-graders-lasbar-gjaeringsbit","status":"publish","type":"product","link":"https:\/\/mekulo.com\/no\/produkt\/45-graders-lasbar-gjaeringsbit\/","title":{"rendered":"45-graders l\u00e5sbar gj\u00e6ringsbit"},"content":{"rendered":"<p style=\"text-align: center;\" data-start=\"52\" data-end=\"138\"><strong>Lag sterke, rene og perfekt justerte hj\u00f8rneskj\u00f8ter med profesjonell presisjon. \u2699\ufe0f<\/strong><\/p>\n<p data-start=\"163\" data-end=\"434\"><img fetchpriority=\"high\" decoding=\"async\" class=\" wp-image-47508 aligncenter\" src=\"https:\/\/keluvo.com\/template\/wp-content\/uploads\/sites\/5\/2025\/12\/6152ae175d5a22fdd1b49bb6e2efeccc.webp\" alt=\"\" width=\"501\" height=\"501\" \/><\/p>\n<h2 style=\"text-align: center;\" data-start=\"441\" data-end=\"464\"><strong>Hovedfordeler<\/strong><\/h2>\n<p data-start=\"467\" data-end=\"542\">\ud83d\udd12 Perfekte l\u00e5s-geringsfuger &#8211; Sterke og s\u00f8ml\u00f8se hj\u00f8rnesammenf\u00f8yninger.<\/p>\n<p data-start=\"545\" data-end=\"613\">\ud83c\udfaf Kapping med h\u00f8y presisjon &#8211; Rene, n\u00f8yaktige resultater hver gang.<\/p>\n<p data-start=\"616\" data-end=\"685\">\ud83d\udcaa Lang holdbarhet &#8211; Wolframkoboltlegering motst\u00e5r slitasje.<\/p>\n<p data-start=\"688\" data-end=\"750\">\ud83e\uddf0 Profesjonell finish &#8211; Ingen synlige hull eller feiljusteringer.<\/p>\n<p data-start=\"753\" data-end=\"828\">\ud83d\udd01 Allsidig trebearbeidingsverkt\u00f8y &#8211; Ideelt for skap, esker og rammer.<\/p>\n<p data-start=\"753\" data-end=\"828\"><img decoding=\"async\" class=\" wp-image-47507 aligncenter\" src=\"https:\/\/keluvo.com\/template\/wp-content\/uploads\/sites\/5\/2025\/12\/0acdb7d12a1782362c5ff470dcc9d749.webp\" alt=\"\" width=\"500\" height=\"500\" \/><\/p>\n<h2 style=\"text-align: center;\" data-start=\"835\" data-end=\"854\"><strong>Slik Bruker Du Det<\/strong><\/h2>\n<ol data-start=\"855\" data-end=\"1149\">\n<li data-start=\"855\" data-end=\"919\">\n<p data-start=\"858\" data-end=\"919\">Monter fresebiten i overfresbordet (8 mm skaft).<\/p>\n<\/li>\n<li data-start=\"920\" data-end=\"987\">\n<p data-start=\"923\" data-end=\"987\">Still inn bith\u00f8yden og anslaget i henhold til tretykkelsen.<\/p>\n<\/li>\n<li data-start=\"988\" data-end=\"1050\">\n<p data-start=\"991\" data-end=\"1050\">Kj\u00f8r det ene brettet flatt p\u00e5 bordet og det andre vertikalt.<\/p>\n<\/li>\n<li data-start=\"1051\" data-end=\"1102\">\n<p data-start=\"1054\" data-end=\"1102\">Sett sammen begge delene for \u00e5 danne et perfekt 90\u00b0 hj\u00f8rne.<\/p>\n<\/li>\n<li data-start=\"1103\" data-end=\"1149\">\n<p data-start=\"1106\" data-end=\"1149\">Lim og klem for en sterk, ren skj\u00f8t.<\/p>\n<\/li>\n<\/ol>\n<h2 style=\"text-align: center;\" data-start=\"1156\" data-end=\"1180\"><strong>Produktdetaljer<\/strong><\/h2>\n<ul data-start=\"1181\" data-end=\"1424\">\n<li data-start=\"1181\" data-end=\"1216\">\n<p data-start=\"1183\" data-end=\"1216\">Materiale: Wolfram-koboltlegering<\/p>\n<\/li>\n<li data-start=\"1217\" data-end=\"1251\">\n<p data-start=\"1219\" data-end=\"1251\">Belegg: Wolfram-koboltlegering<\/p>\n<\/li>\n<li data-start=\"1298\" data-end=\"1318\">\n<p data-start=\"1300\" data-end=\"1318\">Skaftst\u00f8rrelse: 8 mm<\/p>\n<\/li>\n<li data-start=\"1319\" data-end=\"1366\">\n<p data-start=\"1321\" data-end=\"1366\">Skj\u00e6restil: Skj\u00e6ring med h\u00f8y presisjon felles skj\u00e6ring<\/p>\n<\/li>\n<li data-start=\"1367\" data-end=\"1424\">\n<p data-start=\"1369\" data-end=\"1424\">Anvendelse: Trebearbeiding, m\u00f8belsnekring, m\u00f8belproduksjon<\/p>\n<\/li>\n<li data-start=\"1367\" data-end=\"1424\">St\u00f8rrelser: 35 x 51 x 8 mm, 38 x 52 x 8 mm<\/li>\n<\/ul>\n<h2 style=\"text-align: center;\" data-start=\"1431\" data-end=\"1456\"><strong>Pakken inneholder<\/strong><\/h2>\n<ul data-start=\"1457\" data-end=\"1499\">\n<li data-start=\"1457\" data-end=\"1499\">\n<p data-start=\"1459\" data-end=\"1499\">1x 45-graders gj\u00e6ringsfres med l\u00e5sing.<\/p>\n<\/li>\n<\/ul>\n","protected":false},"excerpt":{"rendered":"<p>Dette 45-graders gj\u00e6ringsboret med l\u00e5semekanisme er utviklet for \u00e5 lage tette, s\u00f8ml\u00f8se hj\u00f8rneskj\u00f8ter i trearbeidsprosjekter. Den skj\u00e6rer sammenl\u00e5sende 45\u00b0-kanter som passer perfekt sammen, noe som gir bedre styrke, justering og utseende. Ideell for skap, esker, rammer og m\u00f8belkonstruksjoner.<\/p>\n","protected":false},"featured_media":16057,"comment_status":"open","ping_status":"closed","template":"","meta":{"site-sidebar-layout":"default","site-content-layout":"","ast-site-content-layout":"default","site-content-style":"default","site-sidebar-style":"default","ast-global-header-display":"","ast-banner-title-visibility":"","ast-main-header-display":"","ast-hfb-above-header-display":"","ast-hfb-below-header-display":"","ast-hfb-mobile-header-display":"","site-post-title":"","ast-breadcrumbs-content":"","ast-featured-img":"","footer-sml-layout":"","theme-transparent-header-meta":"default","adv-header-id-meta":"","stick-header-meta":"","header-above-stick-meta":"","header-main-stick-meta":"","header-below-stick-meta":"","astra-migrate-meta-layouts":"set","ast-page-background-enabled":"default","ast-page-background-meta":{"desktop":{"background-color":"var(--ast-global-color-5)","background-image":"","background-repeat":"repeat","background-position":"center center","background-size":"auto","background-attachment":"scroll","background-type":"","background-media":"","overlay-type":"","overlay-color":"","overlay-opacity":"","overlay-gradient":""},"tablet":{"background-color":"","background-image":"","background-repeat":"repeat","background-position":"center center","background-size":"auto","background-attachment":"scroll","background-type":"","background-media":"","overlay-type":"","overlay-color":"","overlay-opacity":"","overlay-gradient":""},"mobile":{"background-color":"","background-image":"","background-repeat":"repeat","background-position":"center center","background-size":"auto","background-attachment":"scroll","background-type":"","background-media":"","overlay-type":"","overlay-color":"","overlay-opacity":"","overlay-gradient":""}},"ast-content-background-meta":{"desktop":{"background-color":"var(--ast-global-color-4)","background-image":"","background-repeat":"repeat","background-position":"center center","background-size":"auto","background-attachment":"scroll","background-type":"","background-media":"","overlay-type":"","overlay-color":"","overlay-opacity":"","overlay-gradient":""},"tablet":{"background-color":"var(--ast-global-color-4)","background-image":"","background-repeat":"repeat","background-position":"center center","background-size":"auto","background-attachment":"scroll","background-type":"","background-media":"","overlay-type":"","overlay-color":"","overlay-opacity":"","overlay-gradient":""},"mobile":{"background-color":"var(--ast-global-color-4)","background-image":"","background-repeat":"repeat","background-position":"center center","background-size":"auto","background-attachment":"scroll","background-type":"","background-media":"","overlay-type":"","overlay-color":"","overlay-opacity":"","overlay-gradient":""}}},"product_brand":[],"product_cat":[15],"product_tag":[],"class_list":{"0":"post-16061","1":"product","2":"type-product","3":"status-publish","4":"has-post-thumbnail","6":"product_cat-uncategorized","7":"pa_65125_ax8g7nxf-35-x-51-x-8-mm","8":"pa_65125_ax8g7nxf-38-x-52-x-8-mm","9":"pa_65125_ax8g7nxf-sett-med-2-stk","10":"desktop-align-left","11":"tablet-align-left","12":"mobile-align-left","14":"first","15":"instock","16":"shipping-taxable","17":"purchasable","18":"product-type-variable"},"yoast_head":"<!-- This site is optimized with the Yoast SEO plugin v26.6 - https:\/\/yoast.com\/wordpress\/plugins\/seo\/ -->\n<title>45-graders l\u00e5sbar gj\u00e6ringsbit - Mekulo NO<\/title>\n<meta name=\"robots\" content=\"index, follow, max-snippet:-1, max-image-preview:large, max-video-preview:-1\" \/>\n<link rel=\"canonical\" href=\"https:\/\/mekulo.com\/no\/produkt\/45-graders-lasbar-gjaeringsbit\/\" \/>\n<meta property=\"og:locale\" content=\"nb_NO\" \/>\n<meta property=\"og:type\" content=\"article\" \/>\n<meta property=\"og:title\" content=\"45-graders l\u00e5sbar gj\u00e6ringsbit - Mekulo NO\" \/>\n<meta property=\"og:description\" content=\"Dette 45-graders gj\u00e6ringsboret med l\u00e5semekanisme er utviklet for \u00e5 lage tette, s\u00f8ml\u00f8se hj\u00f8rneskj\u00f8ter i trearbeidsprosjekter. Den skj\u00e6rer sammenl\u00e5sende 45\u00b0-kanter som passer perfekt sammen, noe som gir bedre styrke, justering og utseende. Ideell for skap, esker, rammer og m\u00f8belkonstruksjoner.\" \/>\n<meta property=\"og:url\" content=\"https:\/\/mekulo.com\/no\/produkt\/45-graders-lasbar-gjaeringsbit\/\" \/>\n<meta property=\"og:site_name\" content=\"Mekulo NO\" \/>\n<meta property=\"article:modified_time\" content=\"2026-03-17T09:40:10+00:00\" \/>\n<meta property=\"og:image\" content=\"https:\/\/mekulo.com\/no\/wp-content\/uploads\/sites\/10\/2026\/01\/jnsqbht-1.jpg\" \/>\n\t<meta property=\"og:image:width\" content=\"1080\" \/>\n\t<meta property=\"og:image:height\" content=\"1080\" \/>\n\t<meta property=\"og:image:type\" content=\"image\/jpeg\" \/>\n<meta name=\"twitter:card\" content=\"summary_large_image\" \/>\n<meta name=\"twitter:label1\" content=\"Ansl. lesetid\" \/>\n\t<meta name=\"twitter:data1\" content=\"2 minutter\" \/>\n<script type=\"application\/ld+json\" class=\"yoast-schema-graph\">{\"@context\":\"https:\/\/schema.org\",\"@graph\":[{\"@type\":\"WebPage\",\"@id\":\"https:\/\/mekulo.com\/no\/produkt\/45-graders-lasbar-gjaeringsbit\/\",\"url\":\"https:\/\/mekulo.com\/no\/produkt\/45-graders-lasbar-gjaeringsbit\/\",\"name\":\"45-graders l\u00e5sbar gj\u00e6ringsbit - Mekulo NO\",\"isPartOf\":{\"@id\":\"https:\/\/mekulo.com\/no\/#website\"},\"primaryImageOfPage\":{\"@id\":\"https:\/\/mekulo.com\/no\/produkt\/45-graders-lasbar-gjaeringsbit\/#primaryimage\"},\"image\":{\"@id\":\"https:\/\/mekulo.com\/no\/produkt\/45-graders-lasbar-gjaeringsbit\/#primaryimage\"},\"thumbnailUrl\":\"https:\/\/mekulo.com\/no\/wp-content\/uploads\/sites\/10\/2026\/01\/jnsqbht-1.jpg\",\"datePublished\":\"2026-01-08T14:56:37+00:00\",\"dateModified\":\"2026-03-17T09:40:10+00:00\",\"breadcrumb\":{\"@id\":\"https:\/\/mekulo.com\/no\/produkt\/45-graders-lasbar-gjaeringsbit\/#breadcrumb\"},\"inLanguage\":\"nb-NO\",\"potentialAction\":[{\"@type\":\"ReadAction\",\"target\":[\"https:\/\/mekulo.com\/no\/produkt\/45-graders-lasbar-gjaeringsbit\/\"]}]},{\"@type\":\"ImageObject\",\"inLanguage\":\"nb-NO\",\"@id\":\"https:\/\/mekulo.com\/no\/produkt\/45-graders-lasbar-gjaeringsbit\/#primaryimage\",\"url\":\"https:\/\/mekulo.com\/no\/wp-content\/uploads\/sites\/10\/2026\/01\/jnsqbht-1.jpg\",\"contentUrl\":\"https:\/\/mekulo.com\/no\/wp-content\/uploads\/sites\/10\/2026\/01\/jnsqbht-1.jpg\",\"width\":1080,\"height\":1080},{\"@type\":\"BreadcrumbList\",\"@id\":\"https:\/\/mekulo.com\/no\/produkt\/45-graders-lasbar-gjaeringsbit\/#breadcrumb\",\"itemListElement\":[{\"@type\":\"ListItem\",\"position\":1,\"name\":\"Home\",\"item\":\"https:\/\/mekulo.com\/no\/\"},{\"@type\":\"ListItem\",\"position\":2,\"name\":\"Butikk\",\"item\":\"https:\/\/mekulo.com\/no\/butikk\/\"},{\"@type\":\"ListItem\",\"position\":3,\"name\":\"45-graders l\u00e5sbar gj\u00e6ringsbit\"}]},{\"@type\":\"WebSite\",\"@id\":\"https:\/\/mekulo.com\/no\/#website\",\"url\":\"https:\/\/mekulo.com\/no\/\",\"name\":\"Mekulo NO\",\"description\":\"\",\"publisher\":{\"@id\":\"https:\/\/mekulo.com\/no\/#organization\"},\"potentialAction\":[{\"@type\":\"SearchAction\",\"target\":{\"@type\":\"EntryPoint\",\"urlTemplate\":\"https:\/\/mekulo.com\/no\/?s={search_term_string}\"},\"query-input\":{\"@type\":\"PropertyValueSpecification\",\"valueRequired\":true,\"valueName\":\"search_term_string\"}}],\"inLanguage\":\"nb-NO\"},{\"@type\":\"Organization\",\"@id\":\"https:\/\/mekulo.com\/no\/#organization\",\"name\":\"Mekulo\",\"url\":\"https:\/\/mekulo.com\/no\/\",\"logo\":{\"@type\":\"ImageObject\",\"inLanguage\":\"nb-NO\",\"@id\":\"https:\/\/mekulo.com\/no\/#\/schema\/logo\/image\/\",\"url\":\"https:\/\/mekulo.com\/no\/wp-content\/uploads\/sites\/10\/2025\/12\/favicon_mekulo.png\",\"contentUrl\":\"https:\/\/mekulo.com\/no\/wp-content\/uploads\/sites\/10\/2025\/12\/favicon_mekulo.png\",\"width\":50,\"height\":50,\"caption\":\"Mekulo\"},\"image\":{\"@id\":\"https:\/\/mekulo.com\/no\/#\/schema\/logo\/image\/\"}}]}<\/script>\n<!-- \/ Yoast SEO plugin. -->","yoast_head_json":{"title":"45-graders l\u00e5sbar gj\u00e6ringsbit - Mekulo NO","robots":{"index":"index","follow":"follow","max-snippet":"max-snippet:-1","max-image-preview":"max-image-preview:large","max-video-preview":"max-video-preview:-1"},"canonical":"https:\/\/mekulo.com\/no\/produkt\/45-graders-lasbar-gjaeringsbit\/","og_locale":"nb_NO","og_type":"article","og_title":"45-graders l\u00e5sbar gj\u00e6ringsbit - Mekulo NO","og_description":"Dette 45-graders gj\u00e6ringsboret med l\u00e5semekanisme er utviklet for \u00e5 lage tette, s\u00f8ml\u00f8se hj\u00f8rneskj\u00f8ter i trearbeidsprosjekter. Den skj\u00e6rer sammenl\u00e5sende 45\u00b0-kanter som passer perfekt sammen, noe som gir bedre styrke, justering og utseende. Ideell for skap, esker, rammer og m\u00f8belkonstruksjoner.","og_url":"https:\/\/mekulo.com\/no\/produkt\/45-graders-lasbar-gjaeringsbit\/","og_site_name":"Mekulo NO","article_modified_time":"2026-03-17T09:40:10+00:00","og_image":[{"width":1080,"height":1080,"url":"https:\/\/mekulo.com\/no\/wp-content\/uploads\/sites\/10\/2026\/01\/jnsqbht-1.jpg","type":"image\/jpeg"}],"twitter_card":"summary_large_image","twitter_misc":{"Ansl. lesetid":"2 minutter"},"schema":{"@context":"https:\/\/schema.org","@graph":[{"@type":"WebPage","@id":"https:\/\/mekulo.com\/no\/produkt\/45-graders-lasbar-gjaeringsbit\/","url":"https:\/\/mekulo.com\/no\/produkt\/45-graders-lasbar-gjaeringsbit\/","name":"45-graders l\u00e5sbar gj\u00e6ringsbit - Mekulo NO","isPartOf":{"@id":"https:\/\/mekulo.com\/no\/#website"},"primaryImageOfPage":{"@id":"https:\/\/mekulo.com\/no\/produkt\/45-graders-lasbar-gjaeringsbit\/#primaryimage"},"image":{"@id":"https:\/\/mekulo.com\/no\/produkt\/45-graders-lasbar-gjaeringsbit\/#primaryimage"},"thumbnailUrl":"https:\/\/mekulo.com\/no\/wp-content\/uploads\/sites\/10\/2026\/01\/jnsqbht-1.jpg","datePublished":"2026-01-08T14:56:37+00:00","dateModified":"2026-03-17T09:40:10+00:00","breadcrumb":{"@id":"https:\/\/mekulo.com\/no\/produkt\/45-graders-lasbar-gjaeringsbit\/#breadcrumb"},"inLanguage":"nb-NO","potentialAction":[{"@type":"ReadAction","target":["https:\/\/mekulo.com\/no\/produkt\/45-graders-lasbar-gjaeringsbit\/"]}]},{"@type":"ImageObject","inLanguage":"nb-NO","@id":"https:\/\/mekulo.com\/no\/produkt\/45-graders-lasbar-gjaeringsbit\/#primaryimage","url":"https:\/\/mekulo.com\/no\/wp-content\/uploads\/sites\/10\/2026\/01\/jnsqbht-1.jpg","contentUrl":"https:\/\/mekulo.com\/no\/wp-content\/uploads\/sites\/10\/2026\/01\/jnsqbht-1.jpg","width":1080,"height":1080},{"@type":"BreadcrumbList","@id":"https:\/\/mekulo.com\/no\/produkt\/45-graders-lasbar-gjaeringsbit\/#breadcrumb","itemListElement":[{"@type":"ListItem","position":1,"name":"Home","item":"https:\/\/mekulo.com\/no\/"},{"@type":"ListItem","position":2,"name":"Butikk","item":"https:\/\/mekulo.com\/no\/butikk\/"},{"@type":"ListItem","position":3,"name":"45-graders l\u00e5sbar gj\u00e6ringsbit"}]},{"@type":"WebSite","@id":"https:\/\/mekulo.com\/no\/#website","url":"https:\/\/mekulo.com\/no\/","name":"Mekulo NO","description":"","publisher":{"@id":"https:\/\/mekulo.com\/no\/#organization"},"potentialAction":[{"@type":"SearchAction","target":{"@type":"EntryPoint","urlTemplate":"https:\/\/mekulo.com\/no\/?s={search_term_string}"},"query-input":{"@type":"PropertyValueSpecification","valueRequired":true,"valueName":"search_term_string"}}],"inLanguage":"nb-NO"},{"@type":"Organization","@id":"https:\/\/mekulo.com\/no\/#organization","name":"Mekulo","url":"https:\/\/mekulo.com\/no\/","logo":{"@type":"ImageObject","inLanguage":"nb-NO","@id":"https:\/\/mekulo.com\/no\/#\/schema\/logo\/image\/","url":"https:\/\/mekulo.com\/no\/wp-content\/uploads\/sites\/10\/2025\/12\/favicon_mekulo.png","contentUrl":"https:\/\/mekulo.com\/no\/wp-content\/uploads\/sites\/10\/2025\/12\/favicon_mekulo.png","width":50,"height":50,"caption":"Mekulo"},"image":{"@id":"https:\/\/mekulo.com\/no\/#\/schema\/logo\/image\/"}}]}},"_links":{"self":[{"href":"https:\/\/mekulo.com\/no\/wp-json\/wp\/v2\/product\/16061","targetHints":{"allow":["GET"]}}],"collection":[{"href":"https:\/\/mekulo.com\/no\/wp-json\/wp\/v2\/product"}],"about":[{"href":"https:\/\/mekulo.com\/no\/wp-json\/wp\/v2\/types\/product"}],"replies":[{"embeddable":true,"href":"https:\/\/mekulo.com\/no\/wp-json\/wp\/v2\/comments?post=16061"}],"wp:featuredmedia":[{"embeddable":true,"href":"https:\/\/mekulo.com\/no\/wp-json\/wp\/v2\/media\/16057"}],"wp:attachment":[{"href":"https:\/\/mekulo.com\/no\/wp-json\/wp\/v2\/media?parent=16061"}],"wp:term":[{"taxonomy":"product_brand","embeddable":true,"href":"https:\/\/mekulo.com\/no\/wp-json\/wp\/v2\/product_brand?post=16061"},{"taxonomy":"product_cat","embeddable":true,"href":"https:\/\/mekulo.com\/no\/wp-json\/wp\/v2\/product_cat?post=16061"},{"taxonomy":"product_tag","embeddable":true,"href":"https:\/\/mekulo.com\/no\/wp-json\/wp\/v2\/product_tag?post=16061"}],"curies":[{"name":"wp","href":"https:\/\/api.w.org\/{rel}","templated":true}]}}