{"id":16052,"date":"2026-01-08T16:55:15","date_gmt":"2026-01-08T14:55:15","guid":{"rendered":"https:\/\/mekulo.com\/no\/produkt\/gavesett-med-vintilbehor\/"},"modified":"2026-01-22T17:48:16","modified_gmt":"2026-01-22T15:48:16","slug":"gavesett-med-vintilbehor","status":"publish","type":"product","link":"https:\/\/mekulo.com\/no\/produkt\/gavesett-med-vintilbehor\/","title":{"rendered":"Gavesett med vintilbeh\u00f8r"},"content":{"rendered":"<p style=\"text-align: center\" data-start=\"48\" data-end=\"127\"><strong>Nyt hver eneste flaske vin med ett komplett, elegant tilbeh\u00f8rssett. \ud83c\udf77<\/strong><img fetchpriority=\"high\" decoding=\"async\" class=\"size-full wp-image-47501 aligncenter\" src=\"https:\/\/keluvo.com\/template\/wp-content\/uploads\/sites\/5\/2025\/12\/122124-ezgif.com-video-to-webp-converter-1.webp\" alt=\"\" width=\"500\" height=\"500\" \/><\/p>\n<h2 style=\"text-align: center\" data-start=\"423\" data-end=\"445\">\ud83c\udf77 Hovedfordeler<\/h2>\n<p data-start=\"448\" data-end=\"509\">\ud83d\udd13 Enkel flaske\u00e5pning &#8211; Fjern korken enkelt hver gang.<\/p>\n<p data-start=\"512\" data-end=\"574\">\u2702\ufe0f Rask foliekutting &#8211; Fjern forseglingene p\u00e5 sekunder.<\/p>\n<p data-start=\"577\" data-end=\"640\">\ud83c\udf77 S\u00f8lfri skjenking &#8211; Hell vinen pent uten \u00e5 dryppe.<\/p>\n<p data-start=\"643\" data-end=\"706\">\ud83d\udca7 Dryppforebygging &#8211; Holder duker og benker rene.<\/p>\n<p data-start=\"709\" data-end=\"772\">\ud83d\udd12 Vinens friskhet &#8211; Stopper bidrar til \u00e5 bevare \u00e5pnede flasker.<\/p>\n<p data-start=\"775\" data-end=\"838\">\ud83c\udf81 Perfekt gavesett &#8211; Stilig etui ideelt for enhver anledning.<\/p>\n<p data-start=\"775\" data-end=\"838\"><img decoding=\"async\" class=\"size-full wp-image-47500 aligncenter\" src=\"https:\/\/keluvo.com\/template\/wp-content\/uploads\/sites\/5\/2025\/12\/122125-ezgif.com-video-to-webp-converter-1.webp\" alt=\"\" width=\"500\" height=\"500\" \/><\/p>\n<h2 style=\"text-align: center\" data-start=\"845\" data-end=\"864\">\u25b6\ufe0f Slik bruker du<\/h2>\n<ol data-start=\"865\" data-end=\"1193\">\n<li data-start=\"865\" data-end=\"916\">\n<p data-start=\"868\" data-end=\"916\">Bruk folieskutteren til \u00e5 fjerne flaskeforseglingen.<\/p>\n<\/li>\n<li data-start=\"917\" data-end=\"965\">\n<p data-start=\"920\" data-end=\"965\">Sett inn vin\u00e5pneren og fjern korken.<\/p>\n<\/li>\n<li data-start=\"966\" data-end=\"1023\">\n<p data-start=\"969\" data-end=\"1023\">Plasser skjenkeren i flasken for jevn skjenking.<\/p>\n<\/li>\n<li data-start=\"1024\" data-end=\"1088\">\n<p data-start=\"1027\" data-end=\"1088\">Legg dryppringen rundt flaskehalsen for \u00e5 forhindre flekker.<\/p>\n<\/li>\n<li data-start=\"1089\" data-end=\"1143\">\n<p data-start=\"1092\" data-end=\"1143\">Bruk proppen til \u00e5 forsegle flasken etter \u00e5pning.<\/p>\n<\/li>\n<li data-start=\"1144\" data-end=\"1193\">\n<p data-start=\"1147\" data-end=\"1193\">Oppbevar alle verkt\u00f8yene tilbake i den vinformede esken.<\/p>\n<\/li>\n<\/ol>\n<h2 style=\"text-align: center\" data-start=\"1200\" data-end=\"1224\">\ud83d\udccf Produktdetaljer<\/h2>\n<ul data-start=\"1225\" data-end=\"1473\">\n<li data-start=\"1225\" data-end=\"1344\">\n<p data-start=\"1227\" data-end=\"1238\">Materiale:<\/p>\n<ul data-start=\"1241\" data-end=\"1344\">\n<li data-start=\"1241\" data-end=\"1287\">\n<p data-start=\"1243\" data-end=\"1287\">\u00c5pner, skjenker, dryppring: Rustfritt st\u00e5l<\/p>\n<\/li>\n<li data-start=\"1290\" data-end=\"1317\">\n<p data-start=\"1292\" data-end=\"1317\">Stopper: Aluminiumslegering<\/p>\n<\/li>\n<li data-start=\"1320\" data-end=\"1344\">\n<p data-start=\"1322\" data-end=\"1344\">Folieskj\u00e6rer: Plast<\/p>\n<\/li>\n<\/ul>\n<\/li>\n<li data-start=\"1345\" data-end=\"1361\">\n<p data-start=\"1347\" data-end=\"1361\">Farge: Svart<\/p>\n<\/li>\n<li data-start=\"1362\" data-end=\"1404\">\n<p data-start=\"1364\" data-end=\"1404\">Design: Vinflaskeformet oppbevaringsboks<\/p>\n<\/li>\n<li data-start=\"1405\" data-end=\"1433\">\n<p data-start=\"1407\" data-end=\"1433\">Str\u00f8m: Ingen str\u00f8m kreves<\/p>\n<\/li>\n<li data-start=\"1434\" data-end=\"1473\">\n<p data-start=\"1436\" data-end=\"1473\">Bruk: Hjem, reise, camping, gave<\/p>\n<\/li>\n<\/ul>\n<h2 style=\"text-align: center\" data-start=\"1480\" data-end=\"1505\">\ud83d\udce6 Pakken inkluderer<\/h2>\n<ul data-start=\"1506\" data-end=\"1643\">\n<li data-start=\"1506\" data-end=\"1532\">\n<p data-start=\"1508\" data-end=\"1532\">1x vinflaske\u00e5pner<\/p>\n<\/li>\n<li data-start=\"1533\" data-end=\"1552\">\n<p data-start=\"1535\" data-end=\"1552\">1x foliesk\u00e6rer<\/p>\n<\/li>\n<li data-start=\"1553\" data-end=\"1572\">\n<p data-start=\"1555\" data-end=\"1572\">1x vinskjenker<\/p>\n<\/li>\n<li data-start=\"1573\" data-end=\"1590\">\n<p data-start=\"1575\" data-end=\"1590\">1x dryppring<\/p>\n<\/li>\n<li data-start=\"1591\" data-end=\"1611\">\n<p data-start=\"1593\" data-end=\"1611\">1x vinpropp<\/p>\n<\/li>\n<li data-start=\"1612\" data-end=\"1643\">\n<p data-start=\"1614\" data-end=\"1643\">1x vinformet oppbevaringsboks.<\/p>\n<\/li>\n<\/ul>\n","protected":false},"excerpt":{"rendered":"<p style=\"text-align: left\" data-start=\"152\" data-end=\"416\">Dette gavesettet med vintilbeh\u00f8r gir deg alle de viktigste verkt\u00f8yene for \u00e5 \u00e5pne, skjenke og oppbevare vin uten rot eller anstrengelser. Hver del er slitesterk, enkel \u00e5 bruke og oppbevares pent i et stilig vinformet etui. Perfekt til hjemmebruk, p\u00e5 reise eller som gave til vinelskere.<\/p>\n<p data-start=\"152\" data-end=\"416\">\n","protected":false},"featured_media":16048,"comment_status":"open","ping_status":"closed","template":"","meta":{"site-sidebar-layout":"default","site-content-layout":"","ast-site-content-layout":"default","site-content-style":"default","site-sidebar-style":"default","ast-global-header-display":"","ast-banner-title-visibility":"","ast-main-header-display":"","ast-hfb-above-header-display":"","ast-hfb-below-header-display":"","ast-hfb-mobile-header-display":"","site-post-title":"","ast-breadcrumbs-content":"","ast-featured-img":"","footer-sml-layout":"","theme-transparent-header-meta":"default","adv-header-id-meta":"","stick-header-meta":"","header-above-stick-meta":"","header-main-stick-meta":"","header-below-stick-meta":"","astra-migrate-meta-layouts":"set","ast-page-background-enabled":"default","ast-page-background-meta":{"desktop":{"background-color":"var(--ast-global-color-5)","background-image":"","background-repeat":"repeat","background-position":"center center","background-size":"auto","background-attachment":"scroll","background-type":"","background-media":"","overlay-type":"","overlay-color":"","overlay-opacity":"","overlay-gradient":""},"tablet":{"background-color":"","background-image":"","background-repeat":"repeat","background-position":"center center","background-size":"auto","background-attachment":"scroll","background-type":"","background-media":"","overlay-type":"","overlay-color":"","overlay-opacity":"","overlay-gradient":""},"mobile":{"background-color":"","background-image":"","background-repeat":"repeat","background-position":"center center","background-size":"auto","background-attachment":"scroll","background-type":"","background-media":"","overlay-type":"","overlay-color":"","overlay-opacity":"","overlay-gradient":""}},"ast-content-background-meta":{"desktop":{"background-color":"var(--ast-global-color-4)","background-image":"","background-repeat":"repeat","background-position":"center center","background-size":"auto","background-attachment":"scroll","background-type":"","background-media":"","overlay-type":"","overlay-color":"","overlay-opacity":"","overlay-gradient":""},"tablet":{"background-color":"var(--ast-global-color-4)","background-image":"","background-repeat":"repeat","background-position":"center center","background-size":"auto","background-attachment":"scroll","background-type":"","background-media":"","overlay-type":"","overlay-color":"","overlay-opacity":"","overlay-gradient":""},"mobile":{"background-color":"var(--ast-global-color-4)","background-image":"","background-repeat":"repeat","background-position":"center center","background-size":"auto","background-attachment":"scroll","background-type":"","background-media":"","overlay-type":"","overlay-color":"","overlay-opacity":"","overlay-gradient":""}}},"product_brand":[],"product_cat":[15],"product_tag":[],"class_list":{"0":"post-16052","1":"product","2":"type-product","3":"status-publish","4":"has-post-thumbnail","6":"product_cat-uncategorized","7":"desktop-align-left","8":"tablet-align-left","9":"mobile-align-left","11":"first","12":"instock","13":"shipping-taxable","14":"purchasable","15":"product-type-simple"},"yoast_head":"<!-- This site is optimized with the Yoast SEO plugin v26.6 - https:\/\/yoast.com\/wordpress\/plugins\/seo\/ -->\n<title>Gavesett med vintilbeh\u00f8r - Mekulo NO<\/title>\n<meta name=\"robots\" content=\"index, follow, max-snippet:-1, max-image-preview:large, max-video-preview:-1\" \/>\n<link rel=\"canonical\" href=\"https:\/\/mekulo.com\/no\/produkt\/gavesett-med-vintilbehor\/\" \/>\n<meta property=\"og:locale\" content=\"nb_NO\" \/>\n<meta property=\"og:type\" content=\"article\" \/>\n<meta property=\"og:title\" content=\"Gavesett med vintilbeh\u00f8r - Mekulo NO\" \/>\n<meta property=\"og:description\" content=\"Dette gavesettet med vintilbeh\u00f8r gir deg alle de viktigste verkt\u00f8yene for \u00e5 \u00e5pne, skjenke og oppbevare vin uten rot eller anstrengelser. Hver del er slitesterk, enkel \u00e5 bruke og oppbevares pent i et stilig vinformet etui. Perfekt til hjemmebruk, p\u00e5 reise eller som gave til vinelskere.\" \/>\n<meta property=\"og:url\" content=\"https:\/\/mekulo.com\/no\/produkt\/gavesett-med-vintilbehor\/\" \/>\n<meta property=\"og:site_name\" content=\"Mekulo NO\" \/>\n<meta property=\"article:modified_time\" content=\"2026-01-22T15:48:16+00:00\" \/>\n<meta property=\"og:image\" content=\"https:\/\/mekulo.com\/no\/wp-content\/uploads\/sites\/10\/2026\/01\/w5b6as2-1.webp\" \/>\n\t<meta property=\"og:image:width\" content=\"600\" \/>\n\t<meta property=\"og:image:height\" content=\"600\" \/>\n\t<meta property=\"og:image:type\" content=\"image\/webp\" \/>\n<meta name=\"twitter:card\" content=\"summary_large_image\" \/>\n<meta name=\"twitter:label1\" content=\"Ansl. lesetid\" \/>\n\t<meta name=\"twitter:data1\" content=\"2 minutter\" \/>\n<script type=\"application\/ld+json\" class=\"yoast-schema-graph\">{\"@context\":\"https:\/\/schema.org\",\"@graph\":[{\"@type\":\"WebPage\",\"@id\":\"https:\/\/mekulo.com\/no\/produkt\/gavesett-med-vintilbehor\/\",\"url\":\"https:\/\/mekulo.com\/no\/produkt\/gavesett-med-vintilbehor\/\",\"name\":\"Gavesett med vintilbeh\u00f8r - Mekulo NO\",\"isPartOf\":{\"@id\":\"https:\/\/mekulo.com\/no\/#website\"},\"primaryImageOfPage\":{\"@id\":\"https:\/\/mekulo.com\/no\/produkt\/gavesett-med-vintilbehor\/#primaryimage\"},\"image\":{\"@id\":\"https:\/\/mekulo.com\/no\/produkt\/gavesett-med-vintilbehor\/#primaryimage\"},\"thumbnailUrl\":\"https:\/\/mekulo.com\/no\/wp-content\/uploads\/sites\/10\/2026\/01\/w5b6as2-1.webp\",\"datePublished\":\"2026-01-08T14:55:15+00:00\",\"dateModified\":\"2026-01-22T15:48:16+00:00\",\"breadcrumb\":{\"@id\":\"https:\/\/mekulo.com\/no\/produkt\/gavesett-med-vintilbehor\/#breadcrumb\"},\"inLanguage\":\"nb-NO\",\"potentialAction\":[{\"@type\":\"ReadAction\",\"target\":[\"https:\/\/mekulo.com\/no\/produkt\/gavesett-med-vintilbehor\/\"]}]},{\"@type\":\"ImageObject\",\"inLanguage\":\"nb-NO\",\"@id\":\"https:\/\/mekulo.com\/no\/produkt\/gavesett-med-vintilbehor\/#primaryimage\",\"url\":\"https:\/\/mekulo.com\/no\/wp-content\/uploads\/sites\/10\/2026\/01\/w5b6as2-1.webp\",\"contentUrl\":\"https:\/\/mekulo.com\/no\/wp-content\/uploads\/sites\/10\/2026\/01\/w5b6as2-1.webp\",\"width\":600,\"height\":600},{\"@type\":\"BreadcrumbList\",\"@id\":\"https:\/\/mekulo.com\/no\/produkt\/gavesett-med-vintilbehor\/#breadcrumb\",\"itemListElement\":[{\"@type\":\"ListItem\",\"position\":1,\"name\":\"Home\",\"item\":\"https:\/\/mekulo.com\/no\/\"},{\"@type\":\"ListItem\",\"position\":2,\"name\":\"Butikk\",\"item\":\"https:\/\/mekulo.com\/no\/butikk\/\"},{\"@type\":\"ListItem\",\"position\":3,\"name\":\"Gavesett med vintilbeh\u00f8r\"}]},{\"@type\":\"WebSite\",\"@id\":\"https:\/\/mekulo.com\/no\/#website\",\"url\":\"https:\/\/mekulo.com\/no\/\",\"name\":\"Mekulo NO\",\"description\":\"\",\"publisher\":{\"@id\":\"https:\/\/mekulo.com\/no\/#organization\"},\"potentialAction\":[{\"@type\":\"SearchAction\",\"target\":{\"@type\":\"EntryPoint\",\"urlTemplate\":\"https:\/\/mekulo.com\/no\/?s={search_term_string}\"},\"query-input\":{\"@type\":\"PropertyValueSpecification\",\"valueRequired\":true,\"valueName\":\"search_term_string\"}}],\"inLanguage\":\"nb-NO\"},{\"@type\":\"Organization\",\"@id\":\"https:\/\/mekulo.com\/no\/#organization\",\"name\":\"Mekulo\",\"url\":\"https:\/\/mekulo.com\/no\/\",\"logo\":{\"@type\":\"ImageObject\",\"inLanguage\":\"nb-NO\",\"@id\":\"https:\/\/mekulo.com\/no\/#\/schema\/logo\/image\/\",\"url\":\"https:\/\/mekulo.com\/no\/wp-content\/uploads\/sites\/10\/2025\/12\/favicon_mekulo.png\",\"contentUrl\":\"https:\/\/mekulo.com\/no\/wp-content\/uploads\/sites\/10\/2025\/12\/favicon_mekulo.png\",\"width\":50,\"height\":50,\"caption\":\"Mekulo\"},\"image\":{\"@id\":\"https:\/\/mekulo.com\/no\/#\/schema\/logo\/image\/\"}}]}<\/script>\n<!-- \/ Yoast SEO plugin. -->","yoast_head_json":{"title":"Gavesett med vintilbeh\u00f8r - Mekulo NO","robots":{"index":"index","follow":"follow","max-snippet":"max-snippet:-1","max-image-preview":"max-image-preview:large","max-video-preview":"max-video-preview:-1"},"canonical":"https:\/\/mekulo.com\/no\/produkt\/gavesett-med-vintilbehor\/","og_locale":"nb_NO","og_type":"article","og_title":"Gavesett med vintilbeh\u00f8r - Mekulo NO","og_description":"Dette gavesettet med vintilbeh\u00f8r gir deg alle de viktigste verkt\u00f8yene for \u00e5 \u00e5pne, skjenke og oppbevare vin uten rot eller anstrengelser. Hver del er slitesterk, enkel \u00e5 bruke og oppbevares pent i et stilig vinformet etui. Perfekt til hjemmebruk, p\u00e5 reise eller som gave til vinelskere.","og_url":"https:\/\/mekulo.com\/no\/produkt\/gavesett-med-vintilbehor\/","og_site_name":"Mekulo NO","article_modified_time":"2026-01-22T15:48:16+00:00","og_image":[{"width":600,"height":600,"url":"https:\/\/mekulo.com\/no\/wp-content\/uploads\/sites\/10\/2026\/01\/w5b6as2-1.webp","type":"image\/webp"}],"twitter_card":"summary_large_image","twitter_misc":{"Ansl. lesetid":"2 minutter"},"schema":{"@context":"https:\/\/schema.org","@graph":[{"@type":"WebPage","@id":"https:\/\/mekulo.com\/no\/produkt\/gavesett-med-vintilbehor\/","url":"https:\/\/mekulo.com\/no\/produkt\/gavesett-med-vintilbehor\/","name":"Gavesett med vintilbeh\u00f8r - Mekulo NO","isPartOf":{"@id":"https:\/\/mekulo.com\/no\/#website"},"primaryImageOfPage":{"@id":"https:\/\/mekulo.com\/no\/produkt\/gavesett-med-vintilbehor\/#primaryimage"},"image":{"@id":"https:\/\/mekulo.com\/no\/produkt\/gavesett-med-vintilbehor\/#primaryimage"},"thumbnailUrl":"https:\/\/mekulo.com\/no\/wp-content\/uploads\/sites\/10\/2026\/01\/w5b6as2-1.webp","datePublished":"2026-01-08T14:55:15+00:00","dateModified":"2026-01-22T15:48:16+00:00","breadcrumb":{"@id":"https:\/\/mekulo.com\/no\/produkt\/gavesett-med-vintilbehor\/#breadcrumb"},"inLanguage":"nb-NO","potentialAction":[{"@type":"ReadAction","target":["https:\/\/mekulo.com\/no\/produkt\/gavesett-med-vintilbehor\/"]}]},{"@type":"ImageObject","inLanguage":"nb-NO","@id":"https:\/\/mekulo.com\/no\/produkt\/gavesett-med-vintilbehor\/#primaryimage","url":"https:\/\/mekulo.com\/no\/wp-content\/uploads\/sites\/10\/2026\/01\/w5b6as2-1.webp","contentUrl":"https:\/\/mekulo.com\/no\/wp-content\/uploads\/sites\/10\/2026\/01\/w5b6as2-1.webp","width":600,"height":600},{"@type":"BreadcrumbList","@id":"https:\/\/mekulo.com\/no\/produkt\/gavesett-med-vintilbehor\/#breadcrumb","itemListElement":[{"@type":"ListItem","position":1,"name":"Home","item":"https:\/\/mekulo.com\/no\/"},{"@type":"ListItem","position":2,"name":"Butikk","item":"https:\/\/mekulo.com\/no\/butikk\/"},{"@type":"ListItem","position":3,"name":"Gavesett med vintilbeh\u00f8r"}]},{"@type":"WebSite","@id":"https:\/\/mekulo.com\/no\/#website","url":"https:\/\/mekulo.com\/no\/","name":"Mekulo NO","description":"","publisher":{"@id":"https:\/\/mekulo.com\/no\/#organization"},"potentialAction":[{"@type":"SearchAction","target":{"@type":"EntryPoint","urlTemplate":"https:\/\/mekulo.com\/no\/?s={search_term_string}"},"query-input":{"@type":"PropertyValueSpecification","valueRequired":true,"valueName":"search_term_string"}}],"inLanguage":"nb-NO"},{"@type":"Organization","@id":"https:\/\/mekulo.com\/no\/#organization","name":"Mekulo","url":"https:\/\/mekulo.com\/no\/","logo":{"@type":"ImageObject","inLanguage":"nb-NO","@id":"https:\/\/mekulo.com\/no\/#\/schema\/logo\/image\/","url":"https:\/\/mekulo.com\/no\/wp-content\/uploads\/sites\/10\/2025\/12\/favicon_mekulo.png","contentUrl":"https:\/\/mekulo.com\/no\/wp-content\/uploads\/sites\/10\/2025\/12\/favicon_mekulo.png","width":50,"height":50,"caption":"Mekulo"},"image":{"@id":"https:\/\/mekulo.com\/no\/#\/schema\/logo\/image\/"}}]}},"_links":{"self":[{"href":"https:\/\/mekulo.com\/no\/wp-json\/wp\/v2\/product\/16052","targetHints":{"allow":["GET"]}}],"collection":[{"href":"https:\/\/mekulo.com\/no\/wp-json\/wp\/v2\/product"}],"about":[{"href":"https:\/\/mekulo.com\/no\/wp-json\/wp\/v2\/types\/product"}],"replies":[{"embeddable":true,"href":"https:\/\/mekulo.com\/no\/wp-json\/wp\/v2\/comments?post=16052"}],"wp:featuredmedia":[{"embeddable":true,"href":"https:\/\/mekulo.com\/no\/wp-json\/wp\/v2\/media\/16048"}],"wp:attachment":[{"href":"https:\/\/mekulo.com\/no\/wp-json\/wp\/v2\/media?parent=16052"}],"wp:term":[{"taxonomy":"product_brand","embeddable":true,"href":"https:\/\/mekulo.com\/no\/wp-json\/wp\/v2\/product_brand?post=16052"},{"taxonomy":"product_cat","embeddable":true,"href":"https:\/\/mekulo.com\/no\/wp-json\/wp\/v2\/product_cat?post=16052"},{"taxonomy":"product_tag","embeddable":true,"href":"https:\/\/mekulo.com\/no\/wp-json\/wp\/v2\/product_tag?post=16052"}],"curies":[{"name":"wp","href":"https:\/\/api.w.org\/{rel}","templated":true}]}}