{"id":16002,"date":"2026-01-08T16:49:36","date_gmt":"2026-01-08T14:49:36","guid":{"rendered":"https:\/\/mekulo.com\/no\/produkt\/hvitloksskreller-3-stk\/"},"modified":"2026-01-08T17:42:20","modified_gmt":"2026-01-08T15:42:20","slug":"hvitloksskreller-3-stk","status":"publish","type":"product","link":"https:\/\/mekulo.com\/no\/produkt\/hvitloksskreller-3-stk\/","title":{"rendered":"Hvitl\u00f8ksskreller (3 stk)"},"content":{"rendered":"<p style=\"text-align: center;\" data-start=\"38\" data-end=\"119\"><strong>Skrell hvitl\u00f8ksfedd raskt og rent uten rot og uten hvitl\u00f8kslukt p\u00e5 hendene. \ud83e\uddc4<\/strong><\/p>\n<p data-start=\"144\" data-end=\"414\"><img fetchpriority=\"high\" decoding=\"async\" class=\"size-full wp-image-47458 aligncenter\" src=\"https:\/\/keluvo.com\/template\/wp-content\/uploads\/sites\/5\/2025\/12\/spp_20250321101605_e3a0ec09297cedf1a9491380b538ec6c.webp\" alt=\"\" width=\"750\" height=\"750\" \/><\/p>\n<h2 style=\"text-align: center;\" data-start=\"421\" data-end=\"443\"><strong>\ud83e\uddc4 Hovedfordeler<\/strong><\/h2>\n<p data-start=\"446\" data-end=\"502\">\u26a1 Rask skrelling &#8211; Fjerner skinn i \u00e9n enkel bevegelse.<\/p>\n<p data-start=\"505\" data-end=\"562\">\u270b Ingen hvitl\u00f8kslukt &#8211; Holder hendene rene og luktfrie.<\/p>\n<p data-start=\"565\" data-end=\"637\">\ud83e\uddf1 Slitesterkt materiale &#8211; Laget av sterkt, rustfritt st\u00e5l av matvarekvalitet.<\/p>\n<p data-start=\"640\" data-end=\"695\">\ud83e\uddfc Enkel \u00e5 rengj\u00f8re &#8211; Skyll med vann eller t\u00f8rk av.<\/p>\n<p data-start=\"698\" data-end=\"753\">\ud83c\udf92 Kompakt st\u00f8rrelse &#8211; Enkel \u00e5 oppbevare eller ta med seg p\u00e5 farten.<\/p>\n<p data-start=\"756\" data-end=\"823\">\ud83c\udf73 Passer til alle fedd &#8211; Fungerer med sm\u00e5 og store hvitl\u00f8ksfedd.<\/p>\n<p data-start=\"756\" data-end=\"823\"><img decoding=\"async\" class=\"size-full wp-image-47457 aligncenter\" src=\"https:\/\/keluvo.com\/template\/wp-content\/uploads\/sites\/5\/2025\/12\/spp_20250321101611_75f30e7cfa6df6077f45b11d7bfa2352.webp\" alt=\"\" width=\"750\" height=\"750\" \/><\/p>\n<h2 style=\"text-align: center;\" data-start=\"830\" data-end=\"849\"><strong>\u25b6\ufe0f Slik bruker du<\/strong><\/h2>\n<ol data-start=\"850\" data-end=\"1061\">\n<li data-start=\"850\" data-end=\"905\">\n<p data-start=\"853\" data-end=\"905\">Plasser ett eller flere hvitl\u00f8ksfedd inni skrelleren.<\/p>\n<\/li>\n<li data-start=\"906\" data-end=\"960\">\n<p data-start=\"909\" data-end=\"960\">Rull den fast p\u00e5 en flat overflate med h\u00e5ndflaten.<\/p>\n<\/li>\n<li data-start=\"961\" data-end=\"998\">\n<p data-start=\"964\" data-end=\"998\">Fjern de skrellede hvitl\u00f8ksfeddene.<\/p>\n<\/li>\n<li data-start=\"999\" data-end=\"1028\">\n<p data-start=\"1002\" data-end=\"1028\">Kast de l\u00f8se skallene.<\/p>\n<\/li>\n<li data-start=\"1029\" data-end=\"1061\">\n<p data-start=\"1032\" data-end=\"1061\">Skyll skrelleren etter bruk.<\/p>\n<\/li>\n<\/ol>\n<h2 style=\"text-align: center;\" data-start=\"1068\" data-end=\"1092\"><strong>\ud83d\udccf Produktdetaljer<\/strong><\/h2>\n<ul data-start=\"1093\" data-end=\"1260\">\n<li data-start=\"1093\" data-end=\"1122\">\n<p data-start=\"1095\" data-end=\"1122\">Materiale: Rustfritt st\u00e5l<\/p>\n<\/li>\n<li data-start=\"1123\" data-end=\"1152\">\n<p data-start=\"1125\" data-end=\"1152\">St\u00f8rrelse: 16,5 x 2,5 x 6,5 cm<\/p>\n<\/li>\n<li data-start=\"1153\" data-end=\"1171\">\n<p data-start=\"1155\" data-end=\"1171\">Vekt: 16,2 g<\/p>\n<\/li>\n<li data-start=\"1172\" data-end=\"1207\">\n<p data-start=\"1174\" data-end=\"1207\">Design: Lett og kompakt<\/p>\n<\/li>\n<li data-start=\"1208\" data-end=\"1260\">\n<p data-start=\"1210\" data-end=\"1260\">Anvendelse: Egnet for hjemmekj\u00f8kken og profesjonelle kj\u00f8kken<\/p>\n<\/li>\n<\/ul>\n<h2 style=\"text-align: center;\" data-start=\"1267\" data-end=\"1292\"><strong>\ud83d\udce6 Pakken inneholder<\/strong><\/h2>\n<ul data-start=\"1293\" data-end=\"1330\">\n<li data-start=\"1293\" data-end=\"1330\">\n<p data-start=\"1295\" data-end=\"1330\">3x hvitl\u00f8ksskrellere i rustfritt st\u00e5l.<\/p>\n<\/li>\n<\/ul>\n","protected":false},"excerpt":{"rendered":"<p>Denne hvitl\u00f8ksskrelleren fjerner hvitl\u00f8ksskall p\u00e5 sekunder med en enkel rullebevegelse. Den sparer tid under matlagingen, holder hendene luktfrie og gj\u00f8r matlagingen enklere, b\u00e5de til hverdags og til store matlagings\u00f8kter. Den er kompakt og slitesterk, og er et must-have-verkt\u00f8y p\u00e5 ethvert kj\u00f8kken.<\/p>\n","protected":false},"featured_media":15998,"comment_status":"open","ping_status":"closed","template":"","meta":{"site-sidebar-layout":"default","site-content-layout":"","ast-site-content-layout":"default","site-content-style":"default","site-sidebar-style":"default","ast-global-header-display":"","ast-banner-title-visibility":"","ast-main-header-display":"","ast-hfb-above-header-display":"","ast-hfb-below-header-display":"","ast-hfb-mobile-header-display":"","site-post-title":"","ast-breadcrumbs-content":"","ast-featured-img":"","footer-sml-layout":"","ast-disable-related-posts":"","theme-transparent-header-meta":"default","adv-header-id-meta":"","stick-header-meta":"","header-above-stick-meta":"","header-main-stick-meta":"","header-below-stick-meta":"","astra-migrate-meta-layouts":"set","ast-page-background-enabled":"default","ast-page-background-meta":{"desktop":{"background-color":"var(--ast-global-color-5)","background-image":"","background-repeat":"repeat","background-position":"center center","background-size":"auto","background-attachment":"scroll","background-type":"","background-media":"","overlay-type":"","overlay-color":"","overlay-opacity":"","overlay-gradient":""},"tablet":{"background-color":"","background-image":"","background-repeat":"repeat","background-position":"center center","background-size":"auto","background-attachment":"scroll","background-type":"","background-media":"","overlay-type":"","overlay-color":"","overlay-opacity":"","overlay-gradient":""},"mobile":{"background-color":"","background-image":"","background-repeat":"repeat","background-position":"center center","background-size":"auto","background-attachment":"scroll","background-type":"","background-media":"","overlay-type":"","overlay-color":"","overlay-opacity":"","overlay-gradient":""}},"ast-content-background-meta":{"desktop":{"background-color":"var(--ast-global-color-4)","background-image":"","background-repeat":"repeat","background-position":"center center","background-size":"auto","background-attachment":"scroll","background-type":"","background-media":"","overlay-type":"","overlay-color":"","overlay-opacity":"","overlay-gradient":""},"tablet":{"background-color":"var(--ast-global-color-4)","background-image":"","background-repeat":"repeat","background-position":"center center","background-size":"auto","background-attachment":"scroll","background-type":"","background-media":"","overlay-type":"","overlay-color":"","overlay-opacity":"","overlay-gradient":""},"mobile":{"background-color":"var(--ast-global-color-4)","background-image":"","background-repeat":"repeat","background-position":"center center","background-size":"auto","background-attachment":"scroll","background-type":"","background-media":"","overlay-type":"","overlay-color":"","overlay-opacity":"","overlay-gradient":""}}},"product_brand":[],"product_cat":[15],"product_tag":[],"class_list":{"0":"post-16002","1":"product","2":"type-product","3":"status-publish","4":"has-post-thumbnail","6":"product_cat-uncategorized","7":"desktop-align-left","8":"tablet-align-left","9":"mobile-align-left","11":"first","12":"instock","13":"shipping-taxable","14":"purchasable","15":"product-type-simple"},"yoast_head":"<!-- This site is optimized with the Yoast SEO plugin v27.4 - https:\/\/yoast.com\/product\/yoast-seo-wordpress\/ -->\n<title>Hvitl\u00f8ksskreller (3 stk) - Mekulo NO<\/title>\n<meta name=\"robots\" content=\"index, follow, max-snippet:-1, max-image-preview:large, max-video-preview:-1\" \/>\n<link rel=\"canonical\" href=\"https:\/\/mekulo.com\/no\/produkt\/hvitloksskreller-3-stk\/\" \/>\n<meta property=\"og:locale\" content=\"nb_NO\" \/>\n<meta property=\"og:type\" content=\"article\" \/>\n<meta property=\"og:title\" content=\"Hvitl\u00f8ksskreller (3 stk) - Mekulo NO\" \/>\n<meta property=\"og:description\" content=\"Denne hvitl\u00f8ksskrelleren fjerner hvitl\u00f8ksskall p\u00e5 sekunder med en enkel rullebevegelse. Den sparer tid under matlagingen, holder hendene luktfrie og gj\u00f8r matlagingen enklere, b\u00e5de til hverdags og til store matlagings\u00f8kter. Den er kompakt og slitesterk, og er et must-have-verkt\u00f8y p\u00e5 ethvert kj\u00f8kken.\" \/>\n<meta property=\"og:url\" content=\"https:\/\/mekulo.com\/no\/produkt\/hvitloksskreller-3-stk\/\" \/>\n<meta property=\"og:site_name\" content=\"Mekulo NO\" \/>\n<meta property=\"article:modified_time\" content=\"2026-01-08T15:42:20+00:00\" \/>\n<meta property=\"og:image\" content=\"https:\/\/mekulo.com\/no\/wp-content\/uploads\/sites\/10\/2026\/01\/dpqt229-1.webp\" \/>\n\t<meta property=\"og:image:width\" content=\"713\" \/>\n\t<meta property=\"og:image:height\" content=\"713\" \/>\n\t<meta property=\"og:image:type\" content=\"image\/webp\" \/>\n<meta name=\"twitter:card\" content=\"summary_large_image\" \/>\n<meta name=\"twitter:label1\" content=\"Ansl. lesetid\" \/>\n\t<meta name=\"twitter:data1\" content=\"2 minutter\" \/>\n<script type=\"application\/ld+json\" class=\"yoast-schema-graph\">{\"@context\":\"https:\\\/\\\/schema.org\",\"@graph\":[{\"@type\":\"WebPage\",\"@id\":\"https:\\\/\\\/mekulo.com\\\/no\\\/produkt\\\/hvitloksskreller-3-stk\\\/\",\"url\":\"https:\\\/\\\/mekulo.com\\\/no\\\/produkt\\\/hvitloksskreller-3-stk\\\/\",\"name\":\"Hvitl\u00f8ksskreller (3 stk) - Mekulo NO\",\"isPartOf\":{\"@id\":\"https:\\\/\\\/mekulo.com\\\/no\\\/#website\"},\"primaryImageOfPage\":{\"@id\":\"https:\\\/\\\/mekulo.com\\\/no\\\/produkt\\\/hvitloksskreller-3-stk\\\/#primaryimage\"},\"image\":{\"@id\":\"https:\\\/\\\/mekulo.com\\\/no\\\/produkt\\\/hvitloksskreller-3-stk\\\/#primaryimage\"},\"thumbnailUrl\":\"https:\\\/\\\/mekulo.com\\\/no\\\/wp-content\\\/uploads\\\/sites\\\/10\\\/2026\\\/01\\\/dpqt229-1.webp\",\"datePublished\":\"2026-01-08T14:49:36+00:00\",\"dateModified\":\"2026-01-08T15:42:20+00:00\",\"breadcrumb\":{\"@id\":\"https:\\\/\\\/mekulo.com\\\/no\\\/produkt\\\/hvitloksskreller-3-stk\\\/#breadcrumb\"},\"inLanguage\":\"nb-NO\",\"potentialAction\":[{\"@type\":\"ReadAction\",\"target\":[\"https:\\\/\\\/mekulo.com\\\/no\\\/produkt\\\/hvitloksskreller-3-stk\\\/\"]}]},{\"@type\":\"ImageObject\",\"inLanguage\":\"nb-NO\",\"@id\":\"https:\\\/\\\/mekulo.com\\\/no\\\/produkt\\\/hvitloksskreller-3-stk\\\/#primaryimage\",\"url\":\"https:\\\/\\\/mekulo.com\\\/no\\\/wp-content\\\/uploads\\\/sites\\\/10\\\/2026\\\/01\\\/dpqt229-1.webp\",\"contentUrl\":\"https:\\\/\\\/mekulo.com\\\/no\\\/wp-content\\\/uploads\\\/sites\\\/10\\\/2026\\\/01\\\/dpqt229-1.webp\",\"width\":713,\"height\":713},{\"@type\":\"BreadcrumbList\",\"@id\":\"https:\\\/\\\/mekulo.com\\\/no\\\/produkt\\\/hvitloksskreller-3-stk\\\/#breadcrumb\",\"itemListElement\":[{\"@type\":\"ListItem\",\"position\":1,\"name\":\"Home\",\"item\":\"https:\\\/\\\/mekulo.com\\\/no\\\/\"},{\"@type\":\"ListItem\",\"position\":2,\"name\":\"Butikk\",\"item\":\"https:\\\/\\\/mekulo.com\\\/no\\\/butikk\\\/\"},{\"@type\":\"ListItem\",\"position\":3,\"name\":\"Hvitl\u00f8ksskreller (3 stk)\"}]},{\"@type\":\"WebSite\",\"@id\":\"https:\\\/\\\/mekulo.com\\\/no\\\/#website\",\"url\":\"https:\\\/\\\/mekulo.com\\\/no\\\/\",\"name\":\"Mekulo NO\",\"description\":\"\",\"publisher\":{\"@id\":\"https:\\\/\\\/mekulo.com\\\/no\\\/#organization\"},\"potentialAction\":[{\"@type\":\"SearchAction\",\"target\":{\"@type\":\"EntryPoint\",\"urlTemplate\":\"https:\\\/\\\/mekulo.com\\\/no\\\/?s={search_term_string}\"},\"query-input\":{\"@type\":\"PropertyValueSpecification\",\"valueRequired\":true,\"valueName\":\"search_term_string\"}}],\"inLanguage\":\"nb-NO\"},{\"@type\":\"Organization\",\"@id\":\"https:\\\/\\\/mekulo.com\\\/no\\\/#organization\",\"name\":\"Mekulo\",\"url\":\"https:\\\/\\\/mekulo.com\\\/no\\\/\",\"logo\":{\"@type\":\"ImageObject\",\"inLanguage\":\"nb-NO\",\"@id\":\"https:\\\/\\\/mekulo.com\\\/no\\\/#\\\/schema\\\/logo\\\/image\\\/\",\"url\":\"https:\\\/\\\/mekulo.com\\\/no\\\/wp-content\\\/uploads\\\/sites\\\/10\\\/2025\\\/12\\\/favicon_mekulo.png\",\"contentUrl\":\"https:\\\/\\\/mekulo.com\\\/no\\\/wp-content\\\/uploads\\\/sites\\\/10\\\/2025\\\/12\\\/favicon_mekulo.png\",\"width\":50,\"height\":50,\"caption\":\"Mekulo\"},\"image\":{\"@id\":\"https:\\\/\\\/mekulo.com\\\/no\\\/#\\\/schema\\\/logo\\\/image\\\/\"}}]}<\/script>\n<!-- \/ Yoast SEO plugin. -->","yoast_head_json":{"title":"Hvitl\u00f8ksskreller (3 stk) - Mekulo NO","robots":{"index":"index","follow":"follow","max-snippet":"max-snippet:-1","max-image-preview":"max-image-preview:large","max-video-preview":"max-video-preview:-1"},"canonical":"https:\/\/mekulo.com\/no\/produkt\/hvitloksskreller-3-stk\/","og_locale":"nb_NO","og_type":"article","og_title":"Hvitl\u00f8ksskreller (3 stk) - Mekulo NO","og_description":"Denne hvitl\u00f8ksskrelleren fjerner hvitl\u00f8ksskall p\u00e5 sekunder med en enkel rullebevegelse. Den sparer tid under matlagingen, holder hendene luktfrie og gj\u00f8r matlagingen enklere, b\u00e5de til hverdags og til store matlagings\u00f8kter. Den er kompakt og slitesterk, og er et must-have-verkt\u00f8y p\u00e5 ethvert kj\u00f8kken.","og_url":"https:\/\/mekulo.com\/no\/produkt\/hvitloksskreller-3-stk\/","og_site_name":"Mekulo NO","article_modified_time":"2026-01-08T15:42:20+00:00","og_image":[{"width":713,"height":713,"url":"https:\/\/mekulo.com\/no\/wp-content\/uploads\/sites\/10\/2026\/01\/dpqt229-1.webp","type":"image\/webp"}],"twitter_card":"summary_large_image","twitter_misc":{"Ansl. lesetid":"2 minutter"},"schema":{"@context":"https:\/\/schema.org","@graph":[{"@type":"WebPage","@id":"https:\/\/mekulo.com\/no\/produkt\/hvitloksskreller-3-stk\/","url":"https:\/\/mekulo.com\/no\/produkt\/hvitloksskreller-3-stk\/","name":"Hvitl\u00f8ksskreller (3 stk) - Mekulo NO","isPartOf":{"@id":"https:\/\/mekulo.com\/no\/#website"},"primaryImageOfPage":{"@id":"https:\/\/mekulo.com\/no\/produkt\/hvitloksskreller-3-stk\/#primaryimage"},"image":{"@id":"https:\/\/mekulo.com\/no\/produkt\/hvitloksskreller-3-stk\/#primaryimage"},"thumbnailUrl":"https:\/\/mekulo.com\/no\/wp-content\/uploads\/sites\/10\/2026\/01\/dpqt229-1.webp","datePublished":"2026-01-08T14:49:36+00:00","dateModified":"2026-01-08T15:42:20+00:00","breadcrumb":{"@id":"https:\/\/mekulo.com\/no\/produkt\/hvitloksskreller-3-stk\/#breadcrumb"},"inLanguage":"nb-NO","potentialAction":[{"@type":"ReadAction","target":["https:\/\/mekulo.com\/no\/produkt\/hvitloksskreller-3-stk\/"]}]},{"@type":"ImageObject","inLanguage":"nb-NO","@id":"https:\/\/mekulo.com\/no\/produkt\/hvitloksskreller-3-stk\/#primaryimage","url":"https:\/\/mekulo.com\/no\/wp-content\/uploads\/sites\/10\/2026\/01\/dpqt229-1.webp","contentUrl":"https:\/\/mekulo.com\/no\/wp-content\/uploads\/sites\/10\/2026\/01\/dpqt229-1.webp","width":713,"height":713},{"@type":"BreadcrumbList","@id":"https:\/\/mekulo.com\/no\/produkt\/hvitloksskreller-3-stk\/#breadcrumb","itemListElement":[{"@type":"ListItem","position":1,"name":"Home","item":"https:\/\/mekulo.com\/no\/"},{"@type":"ListItem","position":2,"name":"Butikk","item":"https:\/\/mekulo.com\/no\/butikk\/"},{"@type":"ListItem","position":3,"name":"Hvitl\u00f8ksskreller (3 stk)"}]},{"@type":"WebSite","@id":"https:\/\/mekulo.com\/no\/#website","url":"https:\/\/mekulo.com\/no\/","name":"Mekulo NO","description":"","publisher":{"@id":"https:\/\/mekulo.com\/no\/#organization"},"potentialAction":[{"@type":"SearchAction","target":{"@type":"EntryPoint","urlTemplate":"https:\/\/mekulo.com\/no\/?s={search_term_string}"},"query-input":{"@type":"PropertyValueSpecification","valueRequired":true,"valueName":"search_term_string"}}],"inLanguage":"nb-NO"},{"@type":"Organization","@id":"https:\/\/mekulo.com\/no\/#organization","name":"Mekulo","url":"https:\/\/mekulo.com\/no\/","logo":{"@type":"ImageObject","inLanguage":"nb-NO","@id":"https:\/\/mekulo.com\/no\/#\/schema\/logo\/image\/","url":"https:\/\/mekulo.com\/no\/wp-content\/uploads\/sites\/10\/2025\/12\/favicon_mekulo.png","contentUrl":"https:\/\/mekulo.com\/no\/wp-content\/uploads\/sites\/10\/2025\/12\/favicon_mekulo.png","width":50,"height":50,"caption":"Mekulo"},"image":{"@id":"https:\/\/mekulo.com\/no\/#\/schema\/logo\/image\/"}}]}},"_links":{"self":[{"href":"https:\/\/mekulo.com\/no\/wp-json\/wp\/v2\/product\/16002","targetHints":{"allow":["GET"]}}],"collection":[{"href":"https:\/\/mekulo.com\/no\/wp-json\/wp\/v2\/product"}],"about":[{"href":"https:\/\/mekulo.com\/no\/wp-json\/wp\/v2\/types\/product"}],"replies":[{"embeddable":true,"href":"https:\/\/mekulo.com\/no\/wp-json\/wp\/v2\/comments?post=16002"}],"wp:featuredmedia":[{"embeddable":true,"href":"https:\/\/mekulo.com\/no\/wp-json\/wp\/v2\/media\/15998"}],"wp:attachment":[{"href":"https:\/\/mekulo.com\/no\/wp-json\/wp\/v2\/media?parent=16002"}],"wp:term":[{"taxonomy":"product_brand","embeddable":true,"href":"https:\/\/mekulo.com\/no\/wp-json\/wp\/v2\/product_brand?post=16002"},{"taxonomy":"product_cat","embeddable":true,"href":"https:\/\/mekulo.com\/no\/wp-json\/wp\/v2\/product_cat?post=16002"},{"taxonomy":"product_tag","embeddable":true,"href":"https:\/\/mekulo.com\/no\/wp-json\/wp\/v2\/product_tag?post=16002"}],"curies":[{"name":"wp","href":"https:\/\/api.w.org\/{rel}","templated":true}]}}