{"id":15972,"date":"2026-01-08T16:47:10","date_gmt":"2026-01-08T14:47:10","guid":{"rendered":"https:\/\/mekulo.com\/no\/produkt\/avisingsspray\/"},"modified":"2026-03-02T12:24:50","modified_gmt":"2026-03-02T10:24:50","slug":"avisingsspray","status":"publish","type":"product","link":"https:\/\/mekulo.com\/no\/produkt\/avisingsspray\/","title":{"rendered":"Avisingsspray"},"content":{"rendered":"<p style=\"text-align: center\" data-start=\"39\" data-end=\"105\"><strong>Smelter is raskt og holder kj\u00f8leskapet rent med mindre innsats. \u2744\ufe0f<\/strong><\/p>\n<p data-start=\"130\" data-end=\"415\"><img fetchpriority=\"high\" decoding=\"async\" class=\"size-full wp-image-47423 aligncenter\" src=\"https:\/\/keluvo.com\/template\/wp-content\/uploads\/sites\/5\/2025\/12\/122115-ezgif.com-video-to-webp-converter-1.webp\" alt=\"\" width=\"500\" height=\"500\" \/><\/p>\n<h2 style=\"text-align: center\" data-start=\"422\" data-end=\"444\"><strong>\u2744\ufe0f Hovedfordeler<\/strong><\/h2>\n<p data-start=\"447\" data-end=\"503\">\u26a1 Rask avising &#8211; Fremskynder issmelting p\u00e5 f\u00e5 minutter.<\/p>\n<p data-start=\"506\" data-end=\"566\">\ud83e\uddfc Rengj\u00f8r under avriming &#8211; Fjerner frost og rester.<\/p>\n<p data-start=\"506\" data-end=\"566\">\ud83e\uddca Forbedrer effektiviteten &#8211; Hjelper kj\u00f8leskapet ditt med \u00e5 kj\u00f8le seg bedre.<\/p>\n<p data-start=\"632\" data-end=\"692\">\ud83c\udf2c\ufe0f Deodoriserende effekt &#8211; Reduserer u\u00f8nsket kj\u00f8leskapslukt.<\/p>\n<p data-start=\"695\" data-end=\"753\">\u23f1\ufe0f Sparer tid og krefter &#8211; Mindre manuell skraping n\u00f8dvendig.<\/p>\n<p data-start=\"756\" data-end=\"816\">\ud83d\udcb0 \u00d8konomisk l\u00f8sning &#8211; Forlenger kj\u00f8leskapets levetid.<\/p>\n<p data-start=\"756\" data-end=\"816\"><img decoding=\"async\" class=\"size-full wp-image-47428 aligncenter\" src=\"https:\/\/keluvo.com\/template\/wp-content\/uploads\/sites\/5\/2025\/12\/122114-ezgif.com-video-to-webp-converter-1.webp\" alt=\"\" width=\"500\" height=\"500\" \/><\/p>\n<h2 style=\"text-align: center\" data-start=\"823\" data-end=\"842\"><strong>\u25b6\ufe0f Slik bruker du det<\/strong><\/h2>\n<ol data-start=\"843\" data-end=\"1135\">\n<li data-start=\"843\" data-end=\"888\">\n<p data-start=\"846\" data-end=\"888\">Sl\u00e5 av kj\u00f8leskapet og trekk ut st\u00f8pselet.<\/p>\n<\/li>\n<li data-start=\"889\" data-end=\"941\">\n<p data-start=\"892\" data-end=\"941\">Fjern mat og skrap av tykk is om n\u00f8dvendig.<\/p>\n<\/li>\n<li data-start=\"942\" data-end=\"994\">\n<p data-start=\"945\" data-end=\"994\">Spray avisingsl\u00f8sningen p\u00e5 gjenv\u00e6rende is.<\/p>\n<\/li>\n<li data-start=\"995\" data-end=\"1038\">\n<p data-start=\"998\" data-end=\"1038\">Vent 5-10 minutter til isen smelter.<\/p>\n<\/li>\n<li data-start=\"1039\" data-end=\"1090\">\n<p data-start=\"1042\" data-end=\"1090\">Fjern smeltet is og t\u00f8rk av interi\u00f8ret.<\/p>\n<\/li>\n<li data-start=\"1091\" data-end=\"1135\">\n<p data-start=\"1094\" data-end=\"1135\">Koble til og bruk kj\u00f8leskapet igjen.<\/p>\n<\/li>\n<\/ol>\n<h2 style=\"text-align: center\" data-start=\"1142\" data-end=\"1166\"><strong>\ud83d\udccf Produktdetaljer<\/strong><\/h2>\n<ul data-start=\"1167\" data-end=\"1359\">\n<li data-start=\"1213\" data-end=\"1236\">\n<p data-start=\"1215\" data-end=\"1236\">Nettoinhold: 120 ml<\/p>\n<\/li>\n<li data-start=\"1237\" data-end=\"1260\">\n<p data-start=\"1239\" data-end=\"1260\">St\u00f8rrelse: 15,5 x 4,2 cm<\/p>\n<\/li>\n<li data-start=\"1261\" data-end=\"1311\">\n<p data-start=\"1263\" data-end=\"1311\">Ingredienser: Avionisert vann, salt, overflateaktivt middel<\/p>\n<\/li>\n<li data-start=\"1312\" data-end=\"1359\">\n<p data-start=\"1314\" data-end=\"1359\">Funksjon: Avriming, rengj\u00f8ring, deodorisering<\/p>\n<\/li>\n<\/ul>\n<h2 style=\"text-align: center\" data-start=\"1366\" data-end=\"1391\"><strong>\ud83d\udce6 Pakken inneholder<\/strong><\/h2>\n<ul data-start=\"1392\" data-end=\"1459\">\n<li data-start=\"1392\" data-end=\"1459\">\n<p data-start=\"1394\" data-end=\"1459\">1, 2, 3, 5x avisingsspray.<\/p>\n<\/li>\n<\/ul>\n","protected":false},"excerpt":{"rendered":"<p>Denne avisingssprayen bryter raskt ned is som har bygget seg opp inne i kj\u00f8leskapet, slik at du sparer tid og energi under avriming. Den bidrar ogs\u00e5 til \u00e5 rengj\u00f8re og desodorisere interi\u00f8ret, noe som forbedrer matlagringshygienen og kj\u00f8leskapets ytelse. Enkel \u00e5 bruke og effektiv med bare noen f\u00e5 spray.<\/p>\n","protected":false},"featured_media":15968,"comment_status":"open","ping_status":"closed","template":"","meta":{"site-sidebar-layout":"default","site-content-layout":"","ast-site-content-layout":"default","site-content-style":"default","site-sidebar-style":"default","ast-global-header-display":"","ast-banner-title-visibility":"","ast-main-header-display":"","ast-hfb-above-header-display":"","ast-hfb-below-header-display":"","ast-hfb-mobile-header-display":"","site-post-title":"","ast-breadcrumbs-content":"","ast-featured-img":"","footer-sml-layout":"","theme-transparent-header-meta":"default","adv-header-id-meta":"","stick-header-meta":"","header-above-stick-meta":"","header-main-stick-meta":"","header-below-stick-meta":"","astra-migrate-meta-layouts":"set","ast-page-background-enabled":"default","ast-page-background-meta":{"desktop":{"background-color":"var(--ast-global-color-5)","background-image":"","background-repeat":"repeat","background-position":"center center","background-size":"auto","background-attachment":"scroll","background-type":"","background-media":"","overlay-type":"","overlay-color":"","overlay-opacity":"","overlay-gradient":""},"tablet":{"background-color":"","background-image":"","background-repeat":"repeat","background-position":"center center","background-size":"auto","background-attachment":"scroll","background-type":"","background-media":"","overlay-type":"","overlay-color":"","overlay-opacity":"","overlay-gradient":""},"mobile":{"background-color":"","background-image":"","background-repeat":"repeat","background-position":"center center","background-size":"auto","background-attachment":"scroll","background-type":"","background-media":"","overlay-type":"","overlay-color":"","overlay-opacity":"","overlay-gradient":""}},"ast-content-background-meta":{"desktop":{"background-color":"var(--ast-global-color-4)","background-image":"","background-repeat":"repeat","background-position":"center center","background-size":"auto","background-attachment":"scroll","background-type":"","background-media":"","overlay-type":"","overlay-color":"","overlay-opacity":"","overlay-gradient":""},"tablet":{"background-color":"var(--ast-global-color-4)","background-image":"","background-repeat":"repeat","background-position":"center center","background-size":"auto","background-attachment":"scroll","background-type":"","background-media":"","overlay-type":"","overlay-color":"","overlay-opacity":"","overlay-gradient":""},"mobile":{"background-color":"var(--ast-global-color-4)","background-image":"","background-repeat":"repeat","background-position":"center center","background-size":"auto","background-attachment":"scroll","background-type":"","background-media":"","overlay-type":"","overlay-color":"","overlay-opacity":"","overlay-gradient":""}}},"product_brand":[],"product_cat":[15],"product_tag":[],"class_list":{"0":"post-15972","1":"product","2":"type-product","3":"status-publish","4":"has-post-thumbnail","6":"product_cat-uncategorized","7":"pa_65001_i0q89dxp-1-stk","8":"pa_65001_i0q89dxp-2-stk","9":"pa_65001_i0q89dxp-3-stk","10":"pa_65001_i0q89dxp-5-stk","11":"desktop-align-left","12":"tablet-align-left","13":"mobile-align-left","15":"first","16":"instock","17":"shipping-taxable","18":"purchasable","19":"product-type-variable"},"yoast_head":"<!-- This site is optimized with the Yoast SEO plugin v26.6 - https:\/\/yoast.com\/wordpress\/plugins\/seo\/ -->\n<title>Avisingsspray - Mekulo NO<\/title>\n<meta name=\"robots\" content=\"index, follow, max-snippet:-1, max-image-preview:large, max-video-preview:-1\" \/>\n<link rel=\"canonical\" href=\"https:\/\/mekulo.com\/no\/produkt\/avisingsspray\/\" \/>\n<meta property=\"og:locale\" content=\"nb_NO\" \/>\n<meta property=\"og:type\" content=\"article\" \/>\n<meta property=\"og:title\" content=\"Avisingsspray - Mekulo NO\" \/>\n<meta property=\"og:description\" content=\"Denne avisingssprayen bryter raskt ned is som har bygget seg opp inne i kj\u00f8leskapet, slik at du sparer tid og energi under avriming. Den bidrar ogs\u00e5 til \u00e5 rengj\u00f8re og desodorisere interi\u00f8ret, noe som forbedrer matlagringshygienen og kj\u00f8leskapets ytelse. Enkel \u00e5 bruke og effektiv med bare noen f\u00e5 spray.\" \/>\n<meta property=\"og:url\" content=\"https:\/\/mekulo.com\/no\/produkt\/avisingsspray\/\" \/>\n<meta property=\"og:site_name\" content=\"Mekulo NO\" \/>\n<meta property=\"article:modified_time\" content=\"2026-03-02T10:24:50+00:00\" \/>\n<meta property=\"og:image\" content=\"https:\/\/mekulo.com\/no\/wp-content\/uploads\/sites\/10\/2026\/01\/zhg2wyh-1.webp\" \/>\n\t<meta property=\"og:image:width\" content=\"713\" \/>\n\t<meta property=\"og:image:height\" content=\"713\" \/>\n\t<meta property=\"og:image:type\" content=\"image\/webp\" \/>\n<meta name=\"twitter:card\" content=\"summary_large_image\" \/>\n<meta name=\"twitter:label1\" content=\"Ansl. lesetid\" \/>\n\t<meta name=\"twitter:data1\" content=\"2 minutter\" \/>\n<script type=\"application\/ld+json\" class=\"yoast-schema-graph\">{\"@context\":\"https:\/\/schema.org\",\"@graph\":[{\"@type\":\"WebPage\",\"@id\":\"https:\/\/mekulo.com\/no\/produkt\/avisingsspray\/\",\"url\":\"https:\/\/mekulo.com\/no\/produkt\/avisingsspray\/\",\"name\":\"Avisingsspray - Mekulo NO\",\"isPartOf\":{\"@id\":\"https:\/\/mekulo.com\/no\/#website\"},\"primaryImageOfPage\":{\"@id\":\"https:\/\/mekulo.com\/no\/produkt\/avisingsspray\/#primaryimage\"},\"image\":{\"@id\":\"https:\/\/mekulo.com\/no\/produkt\/avisingsspray\/#primaryimage\"},\"thumbnailUrl\":\"https:\/\/mekulo.com\/no\/wp-content\/uploads\/sites\/10\/2026\/01\/zhg2wyh-1.webp\",\"datePublished\":\"2026-01-08T14:47:10+00:00\",\"dateModified\":\"2026-03-02T10:24:50+00:00\",\"breadcrumb\":{\"@id\":\"https:\/\/mekulo.com\/no\/produkt\/avisingsspray\/#breadcrumb\"},\"inLanguage\":\"nb-NO\",\"potentialAction\":[{\"@type\":\"ReadAction\",\"target\":[\"https:\/\/mekulo.com\/no\/produkt\/avisingsspray\/\"]}]},{\"@type\":\"ImageObject\",\"inLanguage\":\"nb-NO\",\"@id\":\"https:\/\/mekulo.com\/no\/produkt\/avisingsspray\/#primaryimage\",\"url\":\"https:\/\/mekulo.com\/no\/wp-content\/uploads\/sites\/10\/2026\/01\/zhg2wyh-1.webp\",\"contentUrl\":\"https:\/\/mekulo.com\/no\/wp-content\/uploads\/sites\/10\/2026\/01\/zhg2wyh-1.webp\",\"width\":713,\"height\":713},{\"@type\":\"BreadcrumbList\",\"@id\":\"https:\/\/mekulo.com\/no\/produkt\/avisingsspray\/#breadcrumb\",\"itemListElement\":[{\"@type\":\"ListItem\",\"position\":1,\"name\":\"Home\",\"item\":\"https:\/\/mekulo.com\/no\/\"},{\"@type\":\"ListItem\",\"position\":2,\"name\":\"Butikk\",\"item\":\"https:\/\/mekulo.com\/no\/butikk\/\"},{\"@type\":\"ListItem\",\"position\":3,\"name\":\"Avisingsspray\"}]},{\"@type\":\"WebSite\",\"@id\":\"https:\/\/mekulo.com\/no\/#website\",\"url\":\"https:\/\/mekulo.com\/no\/\",\"name\":\"Mekulo NO\",\"description\":\"\",\"publisher\":{\"@id\":\"https:\/\/mekulo.com\/no\/#organization\"},\"potentialAction\":[{\"@type\":\"SearchAction\",\"target\":{\"@type\":\"EntryPoint\",\"urlTemplate\":\"https:\/\/mekulo.com\/no\/?s={search_term_string}\"},\"query-input\":{\"@type\":\"PropertyValueSpecification\",\"valueRequired\":true,\"valueName\":\"search_term_string\"}}],\"inLanguage\":\"nb-NO\"},{\"@type\":\"Organization\",\"@id\":\"https:\/\/mekulo.com\/no\/#organization\",\"name\":\"Mekulo\",\"url\":\"https:\/\/mekulo.com\/no\/\",\"logo\":{\"@type\":\"ImageObject\",\"inLanguage\":\"nb-NO\",\"@id\":\"https:\/\/mekulo.com\/no\/#\/schema\/logo\/image\/\",\"url\":\"https:\/\/mekulo.com\/no\/wp-content\/uploads\/sites\/10\/2025\/12\/favicon_mekulo.png\",\"contentUrl\":\"https:\/\/mekulo.com\/no\/wp-content\/uploads\/sites\/10\/2025\/12\/favicon_mekulo.png\",\"width\":50,\"height\":50,\"caption\":\"Mekulo\"},\"image\":{\"@id\":\"https:\/\/mekulo.com\/no\/#\/schema\/logo\/image\/\"}}]}<\/script>\n<!-- \/ Yoast SEO plugin. -->","yoast_head_json":{"title":"Avisingsspray - Mekulo NO","robots":{"index":"index","follow":"follow","max-snippet":"max-snippet:-1","max-image-preview":"max-image-preview:large","max-video-preview":"max-video-preview:-1"},"canonical":"https:\/\/mekulo.com\/no\/produkt\/avisingsspray\/","og_locale":"nb_NO","og_type":"article","og_title":"Avisingsspray - Mekulo NO","og_description":"Denne avisingssprayen bryter raskt ned is som har bygget seg opp inne i kj\u00f8leskapet, slik at du sparer tid og energi under avriming. Den bidrar ogs\u00e5 til \u00e5 rengj\u00f8re og desodorisere interi\u00f8ret, noe som forbedrer matlagringshygienen og kj\u00f8leskapets ytelse. Enkel \u00e5 bruke og effektiv med bare noen f\u00e5 spray.","og_url":"https:\/\/mekulo.com\/no\/produkt\/avisingsspray\/","og_site_name":"Mekulo NO","article_modified_time":"2026-03-02T10:24:50+00:00","og_image":[{"width":713,"height":713,"url":"https:\/\/mekulo.com\/no\/wp-content\/uploads\/sites\/10\/2026\/01\/zhg2wyh-1.webp","type":"image\/webp"}],"twitter_card":"summary_large_image","twitter_misc":{"Ansl. lesetid":"2 minutter"},"schema":{"@context":"https:\/\/schema.org","@graph":[{"@type":"WebPage","@id":"https:\/\/mekulo.com\/no\/produkt\/avisingsspray\/","url":"https:\/\/mekulo.com\/no\/produkt\/avisingsspray\/","name":"Avisingsspray - Mekulo NO","isPartOf":{"@id":"https:\/\/mekulo.com\/no\/#website"},"primaryImageOfPage":{"@id":"https:\/\/mekulo.com\/no\/produkt\/avisingsspray\/#primaryimage"},"image":{"@id":"https:\/\/mekulo.com\/no\/produkt\/avisingsspray\/#primaryimage"},"thumbnailUrl":"https:\/\/mekulo.com\/no\/wp-content\/uploads\/sites\/10\/2026\/01\/zhg2wyh-1.webp","datePublished":"2026-01-08T14:47:10+00:00","dateModified":"2026-03-02T10:24:50+00:00","breadcrumb":{"@id":"https:\/\/mekulo.com\/no\/produkt\/avisingsspray\/#breadcrumb"},"inLanguage":"nb-NO","potentialAction":[{"@type":"ReadAction","target":["https:\/\/mekulo.com\/no\/produkt\/avisingsspray\/"]}]},{"@type":"ImageObject","inLanguage":"nb-NO","@id":"https:\/\/mekulo.com\/no\/produkt\/avisingsspray\/#primaryimage","url":"https:\/\/mekulo.com\/no\/wp-content\/uploads\/sites\/10\/2026\/01\/zhg2wyh-1.webp","contentUrl":"https:\/\/mekulo.com\/no\/wp-content\/uploads\/sites\/10\/2026\/01\/zhg2wyh-1.webp","width":713,"height":713},{"@type":"BreadcrumbList","@id":"https:\/\/mekulo.com\/no\/produkt\/avisingsspray\/#breadcrumb","itemListElement":[{"@type":"ListItem","position":1,"name":"Home","item":"https:\/\/mekulo.com\/no\/"},{"@type":"ListItem","position":2,"name":"Butikk","item":"https:\/\/mekulo.com\/no\/butikk\/"},{"@type":"ListItem","position":3,"name":"Avisingsspray"}]},{"@type":"WebSite","@id":"https:\/\/mekulo.com\/no\/#website","url":"https:\/\/mekulo.com\/no\/","name":"Mekulo NO","description":"","publisher":{"@id":"https:\/\/mekulo.com\/no\/#organization"},"potentialAction":[{"@type":"SearchAction","target":{"@type":"EntryPoint","urlTemplate":"https:\/\/mekulo.com\/no\/?s={search_term_string}"},"query-input":{"@type":"PropertyValueSpecification","valueRequired":true,"valueName":"search_term_string"}}],"inLanguage":"nb-NO"},{"@type":"Organization","@id":"https:\/\/mekulo.com\/no\/#organization","name":"Mekulo","url":"https:\/\/mekulo.com\/no\/","logo":{"@type":"ImageObject","inLanguage":"nb-NO","@id":"https:\/\/mekulo.com\/no\/#\/schema\/logo\/image\/","url":"https:\/\/mekulo.com\/no\/wp-content\/uploads\/sites\/10\/2025\/12\/favicon_mekulo.png","contentUrl":"https:\/\/mekulo.com\/no\/wp-content\/uploads\/sites\/10\/2025\/12\/favicon_mekulo.png","width":50,"height":50,"caption":"Mekulo"},"image":{"@id":"https:\/\/mekulo.com\/no\/#\/schema\/logo\/image\/"}}]}},"_links":{"self":[{"href":"https:\/\/mekulo.com\/no\/wp-json\/wp\/v2\/product\/15972","targetHints":{"allow":["GET"]}}],"collection":[{"href":"https:\/\/mekulo.com\/no\/wp-json\/wp\/v2\/product"}],"about":[{"href":"https:\/\/mekulo.com\/no\/wp-json\/wp\/v2\/types\/product"}],"replies":[{"embeddable":true,"href":"https:\/\/mekulo.com\/no\/wp-json\/wp\/v2\/comments?post=15972"}],"wp:featuredmedia":[{"embeddable":true,"href":"https:\/\/mekulo.com\/no\/wp-json\/wp\/v2\/media\/15968"}],"wp:attachment":[{"href":"https:\/\/mekulo.com\/no\/wp-json\/wp\/v2\/media?parent=15972"}],"wp:term":[{"taxonomy":"product_brand","embeddable":true,"href":"https:\/\/mekulo.com\/no\/wp-json\/wp\/v2\/product_brand?post=15972"},{"taxonomy":"product_cat","embeddable":true,"href":"https:\/\/mekulo.com\/no\/wp-json\/wp\/v2\/product_cat?post=15972"},{"taxonomy":"product_tag","embeddable":true,"href":"https:\/\/mekulo.com\/no\/wp-json\/wp\/v2\/product_tag?post=15972"}],"curies":[{"name":"wp","href":"https:\/\/api.w.org\/{rel}","templated":true}]}}