{"id":15954,"date":"2026-01-08T16:45:03","date_gmt":"2026-01-08T14:45:03","guid":{"rendered":"https:\/\/mekulo.com\/no\/produkt\/presisjonsknivsliper\/"},"modified":"2026-01-08T17:36:34","modified_gmt":"2026-01-08T15:36:34","slug":"presisjonsknivsliper","status":"publish","type":"product","link":"https:\/\/mekulo.com\/no\/produkt\/presisjonsknivsliper\/","title":{"rendered":"Presisjonsknivsliper"},"content":{"rendered":"<p style=\"text-align: center;\" data-start=\"50\" data-end=\"130\"><strong>F\u00e5 sylskarpe kniver p\u00e5 sekunder med trygge, uanstrengte og konsistente resultater. \ud83d\udd2a<\/strong><\/p>\n<p data-start=\"155\" data-end=\"557\"><img fetchpriority=\"high\" decoding=\"async\" class=\"size-full wp-image-47402 aligncenter\" src=\"https:\/\/keluvo.com\/template\/wp-content\/uploads\/sites\/5\/2025\/12\/122110-ezgif.com-video-to-webp-converter-1.webp\" alt=\"\" width=\"500\" height=\"500\" \/><\/p>\n<h2 style=\"text-align: center;\" data-start=\"564\" data-end=\"586\">Hovedfordeler<\/h2>\n<p data-start=\"589\" data-end=\"669\">\u2699\ufe0f Presisjons V-formet system &#8211; Styrer knivene for jevn, n\u00f8yaktig sliping.<\/p>\n<p data-start=\"672\" data-end=\"742\">\ud83d\udd0b Oppladbar og tr\u00e5dl\u00f8s &#8211; Kan brukes hvor som helst uten str\u00f8muttak.<\/p>\n<p data-start=\"745\" data-end=\"806\">\ud83d\udd90\ufe0f Betjening med \u00e9n knapp &#8211; Enkel og nybegynnervennlig.<\/p>\n<p data-start=\"809\" data-end=\"867\">\ud83d\uded1 Sklisikker base &#8211; Forblir stabil og trygg under bruk.<\/p>\n<p data-start=\"870\" data-end=\"935\">\ud83d\udd27 H\u00f8yhastighetsmotor &#8211; Konsekvent kraft for p\u00e5litelige resultater.<\/p>\n<p data-start=\"938\" data-end=\"1023\">\ud83d\udd2a Bred kompatibilitet &#8211; Sliper kniver, kl\u00f8vere, sakser og keramiske kniver.<\/p>\n<p data-start=\"938\" data-end=\"1023\"><img decoding=\"async\" class=\"size-full wp-image-47398 aligncenter\" src=\"https:\/\/keluvo.com\/template\/wp-content\/uploads\/sites\/5\/2025\/12\/122111-ezgif.com-video-to-webp-converter-1.webp\" alt=\"\" width=\"500\" height=\"500\" \/><\/p>\n<h2 style=\"text-align: center;\" data-start=\"1030\" data-end=\"1049\"><strong>Slik Bruker Du Den<\/strong><\/h2>\n<ol data-start=\"1050\" data-end=\"1303\">\n<li data-start=\"1050\" data-end=\"1101\">\n<p data-start=\"1053\" data-end=\"1101\">Plasser sliperen p\u00e5 en flat, stabil overflate.<\/p>\n<\/li>\n<li data-start=\"1102\" data-end=\"1144\">\n<p data-start=\"1105\" data-end=\"1144\">Trykk p\u00e5 str\u00f8mknappen for \u00e5 sl\u00e5 den p\u00e5.<\/p>\n<\/li>\n<li data-start=\"1145\" data-end=\"1196\">\n<p data-start=\"1148\" data-end=\"1196\">Plasser bladet p\u00e5 den \u00f8verste slipeflaten.<\/p>\n<\/li>\n<li data-start=\"1197\" data-end=\"1251\">\n<p data-start=\"1200\" data-end=\"1251\">Trekk bladet forsiktig i \u00e9n retning som guidet.<\/p>\n<\/li>\n<li data-start=\"1252\" data-end=\"1303\">\n<p data-start=\"1255\" data-end=\"1303\">Gjenta til \u00f8nsket skarphet er n\u00e5dd.<\/p>\n<\/li>\n<\/ol>\n<h2 style=\"text-align: center;\" data-start=\"1310\" data-end=\"1334\"><strong>Produktdetaljer<\/strong><\/h2>\n<ul data-start=\"1335\" data-end=\"1481\">\n<li data-start=\"1335\" data-end=\"1351\">\n<p data-start=\"1337\" data-end=\"1351\">Farge: Beige<\/p>\n<\/li>\n<li data-start=\"1352\" data-end=\"1375\">\n<p data-start=\"1354\" data-end=\"1375\">St\u00f8rrelse: 18,5 x 7,5 cm<\/p>\n<\/li>\n<li data-start=\"1376\" data-end=\"1426\">\n<p data-start=\"1378\" data-end=\"1426\">Materiale: St\u00e5lslipeskive + ABS-hus<\/p>\n<\/li>\n<li data-start=\"1427\" data-end=\"1460\">\n<p data-start=\"1429\" data-end=\"1460\">Kraft: Oppladbar, tr\u00e5dl\u00f8s<\/p>\n<\/li>\n<li data-start=\"1461\" data-end=\"1481\">\n<p data-start=\"1463\" data-end=\"1481\">Lading: Type-C<\/p>\n<\/li>\n<\/ul>\n<h2 style=\"text-align: center;\" data-start=\"1488\" data-end=\"1513\"><strong>Pakken inkluderer<\/strong><\/h2>\n<ul data-start=\"1514\" data-end=\"1577\">\n<li data-start=\"1514\" data-end=\"1547\">\n<p data-start=\"1516\" data-end=\"1547\">1x presisjonsknivsliper<\/p>\n<\/li>\n<li data-start=\"1548\" data-end=\"1577\">\n<p data-start=\"1550\" data-end=\"1577\">1x type-C ladekabel.<\/p>\n<\/li>\n<\/ul>\n","protected":false},"excerpt":{"rendered":"<p>Denne presisjonssliperen er utviklet for \u00e5 gi sl\u00f8ve knivblader nytt liv med minimal innsats. Det dobbeltkantede V-formede slipesystemet styrer bladet i riktig vinkel, mens den kraftige motoren og slipeskivene i st\u00e5l s\u00f8rger for jevn og jevn sliping hver gang. Den er batteridrevet og oppladbar, og gir deg profesjonelle resultater hjemme, p\u00e5 kj\u00f8kkenet eller hvor som helst der du trenger skarpe verkt\u00f8y.<\/p>\n","protected":false},"featured_media":15950,"comment_status":"open","ping_status":"closed","template":"","meta":{"site-sidebar-layout":"default","site-content-layout":"","ast-site-content-layout":"default","site-content-style":"default","site-sidebar-style":"default","ast-global-header-display":"","ast-banner-title-visibility":"","ast-main-header-display":"","ast-hfb-above-header-display":"","ast-hfb-below-header-display":"","ast-hfb-mobile-header-display":"","site-post-title":"","ast-breadcrumbs-content":"","ast-featured-img":"","footer-sml-layout":"","theme-transparent-header-meta":"default","adv-header-id-meta":"","stick-header-meta":"","header-above-stick-meta":"","header-main-stick-meta":"","header-below-stick-meta":"","astra-migrate-meta-layouts":"set","ast-page-background-enabled":"default","ast-page-background-meta":{"desktop":{"background-color":"var(--ast-global-color-5)","background-image":"","background-repeat":"repeat","background-position":"center center","background-size":"auto","background-attachment":"scroll","background-type":"","background-media":"","overlay-type":"","overlay-color":"","overlay-opacity":"","overlay-gradient":""},"tablet":{"background-color":"","background-image":"","background-repeat":"repeat","background-position":"center center","background-size":"auto","background-attachment":"scroll","background-type":"","background-media":"","overlay-type":"","overlay-color":"","overlay-opacity":"","overlay-gradient":""},"mobile":{"background-color":"","background-image":"","background-repeat":"repeat","background-position":"center center","background-size":"auto","background-attachment":"scroll","background-type":"","background-media":"","overlay-type":"","overlay-color":"","overlay-opacity":"","overlay-gradient":""}},"ast-content-background-meta":{"desktop":{"background-color":"var(--ast-global-color-4)","background-image":"","background-repeat":"repeat","background-position":"center center","background-size":"auto","background-attachment":"scroll","background-type":"","background-media":"","overlay-type":"","overlay-color":"","overlay-opacity":"","overlay-gradient":""},"tablet":{"background-color":"var(--ast-global-color-4)","background-image":"","background-repeat":"repeat","background-position":"center center","background-size":"auto","background-attachment":"scroll","background-type":"","background-media":"","overlay-type":"","overlay-color":"","overlay-opacity":"","overlay-gradient":""},"mobile":{"background-color":"var(--ast-global-color-4)","background-image":"","background-repeat":"repeat","background-position":"center center","background-size":"auto","background-attachment":"scroll","background-type":"","background-media":"","overlay-type":"","overlay-color":"","overlay-opacity":"","overlay-gradient":""}}},"product_brand":[],"product_cat":[15],"product_tag":[],"class_list":{"0":"post-15954","1":"product","2":"type-product","3":"status-publish","4":"has-post-thumbnail","6":"product_cat-uncategorized","7":"desktop-align-left","8":"tablet-align-left","9":"mobile-align-left","11":"first","12":"instock","13":"shipping-taxable","14":"purchasable","15":"product-type-simple"},"yoast_head":"<!-- This site is optimized with the Yoast SEO plugin v26.6 - https:\/\/yoast.com\/wordpress\/plugins\/seo\/ -->\n<title>Presisjonsknivsliper - Mekulo NO<\/title>\n<meta name=\"robots\" content=\"index, follow, max-snippet:-1, max-image-preview:large, max-video-preview:-1\" \/>\n<link rel=\"canonical\" href=\"https:\/\/mekulo.com\/no\/produkt\/presisjonsknivsliper\/\" \/>\n<meta property=\"og:locale\" content=\"nb_NO\" \/>\n<meta property=\"og:type\" content=\"article\" \/>\n<meta property=\"og:title\" content=\"Presisjonsknivsliper - Mekulo NO\" \/>\n<meta property=\"og:description\" content=\"Denne presisjonssliperen er utviklet for \u00e5 gi sl\u00f8ve knivblader nytt liv med minimal innsats. Det dobbeltkantede V-formede slipesystemet styrer bladet i riktig vinkel, mens den kraftige motoren og slipeskivene i st\u00e5l s\u00f8rger for jevn og jevn sliping hver gang. Den er batteridrevet og oppladbar, og gir deg profesjonelle resultater hjemme, p\u00e5 kj\u00f8kkenet eller hvor som helst der du trenger skarpe verkt\u00f8y.\" \/>\n<meta property=\"og:url\" content=\"https:\/\/mekulo.com\/no\/produkt\/presisjonsknivsliper\/\" \/>\n<meta property=\"og:site_name\" content=\"Mekulo NO\" \/>\n<meta property=\"article:modified_time\" content=\"2026-01-08T15:36:34+00:00\" \/>\n<meta property=\"og:image\" content=\"https:\/\/mekulo.com\/no\/wp-content\/uploads\/sites\/10\/2026\/01\/vrgjb9k-1.jpg\" \/>\n\t<meta property=\"og:image:width\" content=\"1080\" \/>\n\t<meta property=\"og:image:height\" content=\"1080\" \/>\n\t<meta property=\"og:image:type\" content=\"image\/jpeg\" \/>\n<meta name=\"twitter:card\" content=\"summary_large_image\" \/>\n<meta name=\"twitter:label1\" content=\"Ansl. lesetid\" \/>\n\t<meta name=\"twitter:data1\" content=\"2 minutter\" \/>\n<script type=\"application\/ld+json\" class=\"yoast-schema-graph\">{\"@context\":\"https:\/\/schema.org\",\"@graph\":[{\"@type\":\"WebPage\",\"@id\":\"https:\/\/mekulo.com\/no\/produkt\/presisjonsknivsliper\/\",\"url\":\"https:\/\/mekulo.com\/no\/produkt\/presisjonsknivsliper\/\",\"name\":\"Presisjonsknivsliper - Mekulo NO\",\"isPartOf\":{\"@id\":\"https:\/\/mekulo.com\/no\/#website\"},\"primaryImageOfPage\":{\"@id\":\"https:\/\/mekulo.com\/no\/produkt\/presisjonsknivsliper\/#primaryimage\"},\"image\":{\"@id\":\"https:\/\/mekulo.com\/no\/produkt\/presisjonsknivsliper\/#primaryimage\"},\"thumbnailUrl\":\"https:\/\/mekulo.com\/no\/wp-content\/uploads\/sites\/10\/2026\/01\/vrgjb9k-1.jpg\",\"datePublished\":\"2026-01-08T14:45:03+00:00\",\"dateModified\":\"2026-01-08T15:36:34+00:00\",\"breadcrumb\":{\"@id\":\"https:\/\/mekulo.com\/no\/produkt\/presisjonsknivsliper\/#breadcrumb\"},\"inLanguage\":\"nb-NO\",\"potentialAction\":[{\"@type\":\"ReadAction\",\"target\":[\"https:\/\/mekulo.com\/no\/produkt\/presisjonsknivsliper\/\"]}]},{\"@type\":\"ImageObject\",\"inLanguage\":\"nb-NO\",\"@id\":\"https:\/\/mekulo.com\/no\/produkt\/presisjonsknivsliper\/#primaryimage\",\"url\":\"https:\/\/mekulo.com\/no\/wp-content\/uploads\/sites\/10\/2026\/01\/vrgjb9k-1.jpg\",\"contentUrl\":\"https:\/\/mekulo.com\/no\/wp-content\/uploads\/sites\/10\/2026\/01\/vrgjb9k-1.jpg\",\"width\":1080,\"height\":1080},{\"@type\":\"BreadcrumbList\",\"@id\":\"https:\/\/mekulo.com\/no\/produkt\/presisjonsknivsliper\/#breadcrumb\",\"itemListElement\":[{\"@type\":\"ListItem\",\"position\":1,\"name\":\"Home\",\"item\":\"https:\/\/mekulo.com\/no\/\"},{\"@type\":\"ListItem\",\"position\":2,\"name\":\"Butikk\",\"item\":\"https:\/\/mekulo.com\/no\/butikk\/\"},{\"@type\":\"ListItem\",\"position\":3,\"name\":\"Presisjonsknivsliper\"}]},{\"@type\":\"WebSite\",\"@id\":\"https:\/\/mekulo.com\/no\/#website\",\"url\":\"https:\/\/mekulo.com\/no\/\",\"name\":\"Mekulo NO\",\"description\":\"\",\"publisher\":{\"@id\":\"https:\/\/mekulo.com\/no\/#organization\"},\"potentialAction\":[{\"@type\":\"SearchAction\",\"target\":{\"@type\":\"EntryPoint\",\"urlTemplate\":\"https:\/\/mekulo.com\/no\/?s={search_term_string}\"},\"query-input\":{\"@type\":\"PropertyValueSpecification\",\"valueRequired\":true,\"valueName\":\"search_term_string\"}}],\"inLanguage\":\"nb-NO\"},{\"@type\":\"Organization\",\"@id\":\"https:\/\/mekulo.com\/no\/#organization\",\"name\":\"Mekulo\",\"url\":\"https:\/\/mekulo.com\/no\/\",\"logo\":{\"@type\":\"ImageObject\",\"inLanguage\":\"nb-NO\",\"@id\":\"https:\/\/mekulo.com\/no\/#\/schema\/logo\/image\/\",\"url\":\"https:\/\/mekulo.com\/no\/wp-content\/uploads\/sites\/10\/2025\/12\/favicon_mekulo.png\",\"contentUrl\":\"https:\/\/mekulo.com\/no\/wp-content\/uploads\/sites\/10\/2025\/12\/favicon_mekulo.png\",\"width\":50,\"height\":50,\"caption\":\"Mekulo\"},\"image\":{\"@id\":\"https:\/\/mekulo.com\/no\/#\/schema\/logo\/image\/\"}}]}<\/script>\n<!-- \/ Yoast SEO plugin. -->","yoast_head_json":{"title":"Presisjonsknivsliper - Mekulo NO","robots":{"index":"index","follow":"follow","max-snippet":"max-snippet:-1","max-image-preview":"max-image-preview:large","max-video-preview":"max-video-preview:-1"},"canonical":"https:\/\/mekulo.com\/no\/produkt\/presisjonsknivsliper\/","og_locale":"nb_NO","og_type":"article","og_title":"Presisjonsknivsliper - Mekulo NO","og_description":"Denne presisjonssliperen er utviklet for \u00e5 gi sl\u00f8ve knivblader nytt liv med minimal innsats. Det dobbeltkantede V-formede slipesystemet styrer bladet i riktig vinkel, mens den kraftige motoren og slipeskivene i st\u00e5l s\u00f8rger for jevn og jevn sliping hver gang. Den er batteridrevet og oppladbar, og gir deg profesjonelle resultater hjemme, p\u00e5 kj\u00f8kkenet eller hvor som helst der du trenger skarpe verkt\u00f8y.","og_url":"https:\/\/mekulo.com\/no\/produkt\/presisjonsknivsliper\/","og_site_name":"Mekulo NO","article_modified_time":"2026-01-08T15:36:34+00:00","og_image":[{"width":1080,"height":1080,"url":"https:\/\/mekulo.com\/no\/wp-content\/uploads\/sites\/10\/2026\/01\/vrgjb9k-1.jpg","type":"image\/jpeg"}],"twitter_card":"summary_large_image","twitter_misc":{"Ansl. lesetid":"2 minutter"},"schema":{"@context":"https:\/\/schema.org","@graph":[{"@type":"WebPage","@id":"https:\/\/mekulo.com\/no\/produkt\/presisjonsknivsliper\/","url":"https:\/\/mekulo.com\/no\/produkt\/presisjonsknivsliper\/","name":"Presisjonsknivsliper - Mekulo NO","isPartOf":{"@id":"https:\/\/mekulo.com\/no\/#website"},"primaryImageOfPage":{"@id":"https:\/\/mekulo.com\/no\/produkt\/presisjonsknivsliper\/#primaryimage"},"image":{"@id":"https:\/\/mekulo.com\/no\/produkt\/presisjonsknivsliper\/#primaryimage"},"thumbnailUrl":"https:\/\/mekulo.com\/no\/wp-content\/uploads\/sites\/10\/2026\/01\/vrgjb9k-1.jpg","datePublished":"2026-01-08T14:45:03+00:00","dateModified":"2026-01-08T15:36:34+00:00","breadcrumb":{"@id":"https:\/\/mekulo.com\/no\/produkt\/presisjonsknivsliper\/#breadcrumb"},"inLanguage":"nb-NO","potentialAction":[{"@type":"ReadAction","target":["https:\/\/mekulo.com\/no\/produkt\/presisjonsknivsliper\/"]}]},{"@type":"ImageObject","inLanguage":"nb-NO","@id":"https:\/\/mekulo.com\/no\/produkt\/presisjonsknivsliper\/#primaryimage","url":"https:\/\/mekulo.com\/no\/wp-content\/uploads\/sites\/10\/2026\/01\/vrgjb9k-1.jpg","contentUrl":"https:\/\/mekulo.com\/no\/wp-content\/uploads\/sites\/10\/2026\/01\/vrgjb9k-1.jpg","width":1080,"height":1080},{"@type":"BreadcrumbList","@id":"https:\/\/mekulo.com\/no\/produkt\/presisjonsknivsliper\/#breadcrumb","itemListElement":[{"@type":"ListItem","position":1,"name":"Home","item":"https:\/\/mekulo.com\/no\/"},{"@type":"ListItem","position":2,"name":"Butikk","item":"https:\/\/mekulo.com\/no\/butikk\/"},{"@type":"ListItem","position":3,"name":"Presisjonsknivsliper"}]},{"@type":"WebSite","@id":"https:\/\/mekulo.com\/no\/#website","url":"https:\/\/mekulo.com\/no\/","name":"Mekulo NO","description":"","publisher":{"@id":"https:\/\/mekulo.com\/no\/#organization"},"potentialAction":[{"@type":"SearchAction","target":{"@type":"EntryPoint","urlTemplate":"https:\/\/mekulo.com\/no\/?s={search_term_string}"},"query-input":{"@type":"PropertyValueSpecification","valueRequired":true,"valueName":"search_term_string"}}],"inLanguage":"nb-NO"},{"@type":"Organization","@id":"https:\/\/mekulo.com\/no\/#organization","name":"Mekulo","url":"https:\/\/mekulo.com\/no\/","logo":{"@type":"ImageObject","inLanguage":"nb-NO","@id":"https:\/\/mekulo.com\/no\/#\/schema\/logo\/image\/","url":"https:\/\/mekulo.com\/no\/wp-content\/uploads\/sites\/10\/2025\/12\/favicon_mekulo.png","contentUrl":"https:\/\/mekulo.com\/no\/wp-content\/uploads\/sites\/10\/2025\/12\/favicon_mekulo.png","width":50,"height":50,"caption":"Mekulo"},"image":{"@id":"https:\/\/mekulo.com\/no\/#\/schema\/logo\/image\/"}}]}},"_links":{"self":[{"href":"https:\/\/mekulo.com\/no\/wp-json\/wp\/v2\/product\/15954","targetHints":{"allow":["GET"]}}],"collection":[{"href":"https:\/\/mekulo.com\/no\/wp-json\/wp\/v2\/product"}],"about":[{"href":"https:\/\/mekulo.com\/no\/wp-json\/wp\/v2\/types\/product"}],"replies":[{"embeddable":true,"href":"https:\/\/mekulo.com\/no\/wp-json\/wp\/v2\/comments?post=15954"}],"wp:featuredmedia":[{"embeddable":true,"href":"https:\/\/mekulo.com\/no\/wp-json\/wp\/v2\/media\/15950"}],"wp:attachment":[{"href":"https:\/\/mekulo.com\/no\/wp-json\/wp\/v2\/media?parent=15954"}],"wp:term":[{"taxonomy":"product_brand","embeddable":true,"href":"https:\/\/mekulo.com\/no\/wp-json\/wp\/v2\/product_brand?post=15954"},{"taxonomy":"product_cat","embeddable":true,"href":"https:\/\/mekulo.com\/no\/wp-json\/wp\/v2\/product_cat?post=15954"},{"taxonomy":"product_tag","embeddable":true,"href":"https:\/\/mekulo.com\/no\/wp-json\/wp\/v2\/product_tag?post=15954"}],"curies":[{"name":"wp","href":"https:\/\/api.w.org\/{rel}","templated":true}]}}