{"id":15933,"date":"2026-01-08T16:43:42","date_gmt":"2026-01-08T14:43:42","guid":{"rendered":"https:\/\/mekulo.com\/no\/produkt\/plysjseng-for-kjaeledyr\/"},"modified":"2026-01-08T17:34:47","modified_gmt":"2026-01-08T15:34:47","slug":"plysjseng-for-kjaeledyr","status":"publish","type":"product","link":"https:\/\/mekulo.com\/no\/produkt\/plysjseng-for-kjaeledyr\/","title":{"rendered":"Plysjseng for kj\u00e6ledyr"},"content":{"rendered":"<p style=\"text-align: center;\" data-start=\"38\" data-end=\"138\"><strong>En Varm, Myk Og Trygg Soveplass Som Hjelper Kj\u00e6ledyret Ditt Med \u00c5 Slappe Av, Sove Bedre Og F\u00f8le Seg Beskyttet. \ud83d\udc15<\/strong><\/p>\n<p data-start=\"163\" data-end=\"542\"><img fetchpriority=\"high\" decoding=\"async\" class=\"size-full wp-image-47382 aligncenter\" src=\"https:\/\/keluvo.com\/template\/wp-content\/uploads\/sites\/5\/2025\/12\/12219-ezgif.com-video-to-webp-converter-1.webp\" alt=\"\" width=\"500\" height=\"500\" \/><\/p>\n<h2 style=\"text-align: center;\" data-start=\"549\" data-end=\"571\"><strong>\ud83d\udc3e Hovedfordeler<\/strong><\/h2>\n<p data-start=\"574\" data-end=\"655\">\ud83d\udecf\ufe0f Ekstra mykt og varmt &#8211; Tykt plysjstoff holder kj\u00e6ledyr koselige i alle \u00e5rstider.<\/p>\n<p data-start=\"658\" data-end=\"736\">\ud83c\udfe0 Semi-lukket design &#8211; Skaper et trygt, privat rom for bedre s\u00f8vn.<\/p>\n<p data-start=\"739\" data-end=\"805\">\ud83e\uddfc Avtakbart og vaskbart trekk &#8211; Lett \u00e5 rengj\u00f8re og holde friskt.<\/p>\n<p data-start=\"808\" data-end=\"870\">\ud83e\uddb4 St\u00f8ttende polstring &#8211; Hjelper med \u00e5 st\u00f8tte ledd og muskler.<\/p>\n<p data-start=\"873\" data-end=\"943\">\ud83d\udeab Sklisikker base &#8211; Forblir stabil p\u00e5 gulv, selv med aktive kj\u00e6ledyr.<\/p>\n<p data-start=\"946\" data-end=\"1017\">\ud83e\uddf3 B\u00e6rbar st\u00f8rrelse &#8211; Lett \u00e5 flytte rundt i huset eller ta med p\u00e5 tur.<\/p>\n<p data-start=\"946\" data-end=\"1017\"><img decoding=\"async\" class=\"size-full wp-image-47381 aligncenter\" src=\"https:\/\/keluvo.com\/template\/wp-content\/uploads\/sites\/5\/2025\/12\/12218-ezgif.com-video-to-webp-converter-1.webp\" alt=\"\" width=\"500\" height=\"500\" \/><\/p>\n<h2 style=\"text-align: center;\" data-start=\"1024\" data-end=\"1043\"><strong>\u25b6\ufe0f Slik Bruker Du Den<\/strong><\/h2>\n<ol data-start=\"1044\" data-end=\"1270\">\n<li data-start=\"1044\" data-end=\"1089\">\n<p data-start=\"1047\" data-end=\"1089\">Plasser sengen p\u00e5 en flat overflate innend\u00f8rs.<\/p>\n<\/li>\n<li data-start=\"1090\" data-end=\"1144\">\n<p data-start=\"1093\" data-end=\"1144\">La kj\u00e6ledyret utforske og finne seg til rette naturlig.<\/p>\n<\/li>\n<li data-start=\"1145\" data-end=\"1212\">\n<p data-start=\"1148\" data-end=\"1212\">Juster \u00e5pningen ved hjelp av glidel\u00e5sen eller trykknappene ved behov.<\/p>\n<\/li>\n<li data-start=\"1213\" data-end=\"1270\">\n<p data-start=\"1216\" data-end=\"1270\">Ta av trekket og vask det n\u00e5r det er behov for rengj\u00f8ring.<\/p>\n<\/li>\n<\/ol>\n<h2 style=\"text-align: center;\" data-start=\"1277\" data-end=\"1301\"><strong>\ud83d\udccf Produktdetaljer<\/strong><\/h2>\n<ul data-start=\"1302\" data-end=\"1612\">\n<li data-start=\"1302\" data-end=\"1345\">\n<p data-start=\"1304\" data-end=\"1345\">Materiale: Mykt t\u00f8y med plysjoverflate<\/p>\n<\/li>\n<li data-start=\"1346\" data-end=\"1384\">\n<p data-start=\"1348\" data-end=\"1384\">Fylling: Polstring av f\u00f8rsteklasses PP-bomull<\/p>\n<\/li>\n<li data-start=\"1385\" data-end=\"1426\">\n<p data-start=\"1387\" data-end=\"1426\">Design: Semi-lukket seng i hulestil<\/p>\n<\/li>\n<li data-start=\"1427\" data-end=\"1452\">\n<p data-start=\"1429\" data-end=\"1452\">Base: Sklisikker bunn<\/p>\n<\/li>\n<li data-start=\"1453\" data-end=\"1490\">\n<p data-start=\"1455\" data-end=\"1490\">Egnet for: Katter og sm\u00e5 hunder<\/p>\n<\/li>\n<li data-start=\"1491\" data-end=\"1612\">\n<p data-start=\"1493\" data-end=\"1501\">St\u00f8rrelser: <span style=\"font-size: 16px;\">S <\/span><span style=\"font-size: 16px;\">(45 x 30 x 19 cm), <\/span><span style=\"font-size: 16px;\">L<\/span><span style=\"font-size: 16px;\"> (57 x 37 x 28 cm)<\/span><\/p>\n<\/li>\n<\/ul>\n<h2 style=\"text-align: center;\" data-start=\"1619\" data-end=\"1644\"><strong>\ud83d\udce6 Pakken inkluderer<\/strong><\/h2>\n<ul data-start=\"1645\" data-end=\"1666\">\n<li data-start=\"1645\" data-end=\"1666\">\n<p data-start=\"1647\" data-end=\"1666\">1x plysjseng for kj\u00e6ledyr.<\/p>\n<\/li>\n<\/ul>\n","protected":false},"excerpt":{"rendered":"<p>Denne plysjsengen er designet for \u00e5 gi katter og sm\u00e5 hunder et koselig tilfluktssted de vil elske \u00e5 bruke hver dag. Det tykke plysjmaterialet holder kj\u00e6ledyret varmt, mens den halvlukkede, hulelignende formen skaper et rolig og privat rom som reduserer stress og blokkerer kald trekk. Med et avtakbart, vaskbart trekk og et sklisikkert underlag er den b\u00e5de komfortabel for kj\u00e6ledyret ditt og praktisk for deg.<\/p>\n","protected":false},"featured_media":15929,"comment_status":"open","ping_status":"closed","template":"","meta":{"site-sidebar-layout":"default","site-content-layout":"","ast-site-content-layout":"default","site-content-style":"default","site-sidebar-style":"default","ast-global-header-display":"","ast-banner-title-visibility":"","ast-main-header-display":"","ast-hfb-above-header-display":"","ast-hfb-below-header-display":"","ast-hfb-mobile-header-display":"","site-post-title":"","ast-breadcrumbs-content":"","ast-featured-img":"","footer-sml-layout":"","theme-transparent-header-meta":"default","adv-header-id-meta":"","stick-header-meta":"","header-above-stick-meta":"","header-main-stick-meta":"","header-below-stick-meta":"","astra-migrate-meta-layouts":"set","ast-page-background-enabled":"default","ast-page-background-meta":{"desktop":{"background-color":"var(--ast-global-color-5)","background-image":"","background-repeat":"repeat","background-position":"center center","background-size":"auto","background-attachment":"scroll","background-type":"","background-media":"","overlay-type":"","overlay-color":"","overlay-opacity":"","overlay-gradient":""},"tablet":{"background-color":"","background-image":"","background-repeat":"repeat","background-position":"center center","background-size":"auto","background-attachment":"scroll","background-type":"","background-media":"","overlay-type":"","overlay-color":"","overlay-opacity":"","overlay-gradient":""},"mobile":{"background-color":"","background-image":"","background-repeat":"repeat","background-position":"center center","background-size":"auto","background-attachment":"scroll","background-type":"","background-media":"","overlay-type":"","overlay-color":"","overlay-opacity":"","overlay-gradient":""}},"ast-content-background-meta":{"desktop":{"background-color":"var(--ast-global-color-4)","background-image":"","background-repeat":"repeat","background-position":"center center","background-size":"auto","background-attachment":"scroll","background-type":"","background-media":"","overlay-type":"","overlay-color":"","overlay-opacity":"","overlay-gradient":""},"tablet":{"background-color":"var(--ast-global-color-4)","background-image":"","background-repeat":"repeat","background-position":"center center","background-size":"auto","background-attachment":"scroll","background-type":"","background-media":"","overlay-type":"","overlay-color":"","overlay-opacity":"","overlay-gradient":""},"mobile":{"background-color":"var(--ast-global-color-4)","background-image":"","background-repeat":"repeat","background-position":"center center","background-size":"auto","background-attachment":"scroll","background-type":"","background-media":"","overlay-type":"","overlay-color":"","overlay-opacity":"","overlay-gradient":""}}},"product_brand":[],"product_cat":[15],"product_tag":[],"class_list":{"0":"post-15933","1":"product","2":"type-product","3":"status-publish","4":"has-post-thumbnail","6":"product_cat-uncategorized","7":"pa_64878_7xa7swb9-l","8":"pa_64878_7xa7swb9-s","9":"pa_64878_8cqqs57d-beige","10":"pa_64878_8cqqs57d-gronn","11":"pa_64878_8cqqs57d-lilla","12":"desktop-align-left","13":"tablet-align-left","14":"mobile-align-left","16":"first","17":"instock","18":"shipping-taxable","19":"purchasable","20":"product-type-variable","21":"has-default-attributes"},"yoast_head":"<!-- This site is optimized with the Yoast SEO plugin v26.6 - https:\/\/yoast.com\/wordpress\/plugins\/seo\/ -->\n<title>Plysjseng for kj\u00e6ledyr - Mekulo NO<\/title>\n<meta name=\"robots\" content=\"index, follow, max-snippet:-1, max-image-preview:large, max-video-preview:-1\" \/>\n<link rel=\"canonical\" href=\"https:\/\/mekulo.com\/no\/produkt\/plysjseng-for-kjaeledyr\/\" \/>\n<meta property=\"og:locale\" content=\"nb_NO\" \/>\n<meta property=\"og:type\" content=\"article\" \/>\n<meta property=\"og:title\" content=\"Plysjseng for kj\u00e6ledyr - Mekulo NO\" \/>\n<meta property=\"og:description\" content=\"Denne plysjsengen er designet for \u00e5 gi katter og sm\u00e5 hunder et koselig tilfluktssted de vil elske \u00e5 bruke hver dag. Det tykke plysjmaterialet holder kj\u00e6ledyret varmt, mens den halvlukkede, hulelignende formen skaper et rolig og privat rom som reduserer stress og blokkerer kald trekk. Med et avtakbart, vaskbart trekk og et sklisikkert underlag er den b\u00e5de komfortabel for kj\u00e6ledyret ditt og praktisk for deg.\" \/>\n<meta property=\"og:url\" content=\"https:\/\/mekulo.com\/no\/produkt\/plysjseng-for-kjaeledyr\/\" \/>\n<meta property=\"og:site_name\" content=\"Mekulo NO\" \/>\n<meta property=\"article:modified_time\" content=\"2026-01-08T15:34:47+00:00\" \/>\n<meta property=\"og:image\" content=\"https:\/\/mekulo.com\/no\/wp-content\/uploads\/sites\/10\/2026\/01\/w93i11h-1.webp\" \/>\n\t<meta property=\"og:image:width\" content=\"713\" \/>\n\t<meta property=\"og:image:height\" content=\"713\" \/>\n\t<meta property=\"og:image:type\" content=\"image\/webp\" \/>\n<meta name=\"twitter:card\" content=\"summary_large_image\" \/>\n<meta name=\"twitter:label1\" content=\"Ansl. lesetid\" \/>\n\t<meta name=\"twitter:data1\" content=\"2 minutter\" \/>\n<script type=\"application\/ld+json\" class=\"yoast-schema-graph\">{\"@context\":\"https:\/\/schema.org\",\"@graph\":[{\"@type\":\"WebPage\",\"@id\":\"https:\/\/mekulo.com\/no\/produkt\/plysjseng-for-kjaeledyr\/\",\"url\":\"https:\/\/mekulo.com\/no\/produkt\/plysjseng-for-kjaeledyr\/\",\"name\":\"Plysjseng for kj\u00e6ledyr - Mekulo NO\",\"isPartOf\":{\"@id\":\"https:\/\/mekulo.com\/no\/#website\"},\"primaryImageOfPage\":{\"@id\":\"https:\/\/mekulo.com\/no\/produkt\/plysjseng-for-kjaeledyr\/#primaryimage\"},\"image\":{\"@id\":\"https:\/\/mekulo.com\/no\/produkt\/plysjseng-for-kjaeledyr\/#primaryimage\"},\"thumbnailUrl\":\"https:\/\/mekulo.com\/no\/wp-content\/uploads\/sites\/10\/2026\/01\/w93i11h-1.webp\",\"datePublished\":\"2026-01-08T14:43:42+00:00\",\"dateModified\":\"2026-01-08T15:34:47+00:00\",\"breadcrumb\":{\"@id\":\"https:\/\/mekulo.com\/no\/produkt\/plysjseng-for-kjaeledyr\/#breadcrumb\"},\"inLanguage\":\"nb-NO\",\"potentialAction\":[{\"@type\":\"ReadAction\",\"target\":[\"https:\/\/mekulo.com\/no\/produkt\/plysjseng-for-kjaeledyr\/\"]}]},{\"@type\":\"ImageObject\",\"inLanguage\":\"nb-NO\",\"@id\":\"https:\/\/mekulo.com\/no\/produkt\/plysjseng-for-kjaeledyr\/#primaryimage\",\"url\":\"https:\/\/mekulo.com\/no\/wp-content\/uploads\/sites\/10\/2026\/01\/w93i11h-1.webp\",\"contentUrl\":\"https:\/\/mekulo.com\/no\/wp-content\/uploads\/sites\/10\/2026\/01\/w93i11h-1.webp\",\"width\":713,\"height\":713},{\"@type\":\"BreadcrumbList\",\"@id\":\"https:\/\/mekulo.com\/no\/produkt\/plysjseng-for-kjaeledyr\/#breadcrumb\",\"itemListElement\":[{\"@type\":\"ListItem\",\"position\":1,\"name\":\"Home\",\"item\":\"https:\/\/mekulo.com\/no\/\"},{\"@type\":\"ListItem\",\"position\":2,\"name\":\"Butikk\",\"item\":\"https:\/\/mekulo.com\/no\/butikk\/\"},{\"@type\":\"ListItem\",\"position\":3,\"name\":\"Plysjseng for kj\u00e6ledyr\"}]},{\"@type\":\"WebSite\",\"@id\":\"https:\/\/mekulo.com\/no\/#website\",\"url\":\"https:\/\/mekulo.com\/no\/\",\"name\":\"Mekulo NO\",\"description\":\"\",\"publisher\":{\"@id\":\"https:\/\/mekulo.com\/no\/#organization\"},\"potentialAction\":[{\"@type\":\"SearchAction\",\"target\":{\"@type\":\"EntryPoint\",\"urlTemplate\":\"https:\/\/mekulo.com\/no\/?s={search_term_string}\"},\"query-input\":{\"@type\":\"PropertyValueSpecification\",\"valueRequired\":true,\"valueName\":\"search_term_string\"}}],\"inLanguage\":\"nb-NO\"},{\"@type\":\"Organization\",\"@id\":\"https:\/\/mekulo.com\/no\/#organization\",\"name\":\"Mekulo\",\"url\":\"https:\/\/mekulo.com\/no\/\",\"logo\":{\"@type\":\"ImageObject\",\"inLanguage\":\"nb-NO\",\"@id\":\"https:\/\/mekulo.com\/no\/#\/schema\/logo\/image\/\",\"url\":\"https:\/\/mekulo.com\/no\/wp-content\/uploads\/sites\/10\/2025\/12\/favicon_mekulo.png\",\"contentUrl\":\"https:\/\/mekulo.com\/no\/wp-content\/uploads\/sites\/10\/2025\/12\/favicon_mekulo.png\",\"width\":50,\"height\":50,\"caption\":\"Mekulo\"},\"image\":{\"@id\":\"https:\/\/mekulo.com\/no\/#\/schema\/logo\/image\/\"}}]}<\/script>\n<!-- \/ Yoast SEO plugin. -->","yoast_head_json":{"title":"Plysjseng for kj\u00e6ledyr - Mekulo NO","robots":{"index":"index","follow":"follow","max-snippet":"max-snippet:-1","max-image-preview":"max-image-preview:large","max-video-preview":"max-video-preview:-1"},"canonical":"https:\/\/mekulo.com\/no\/produkt\/plysjseng-for-kjaeledyr\/","og_locale":"nb_NO","og_type":"article","og_title":"Plysjseng for kj\u00e6ledyr - Mekulo NO","og_description":"Denne plysjsengen er designet for \u00e5 gi katter og sm\u00e5 hunder et koselig tilfluktssted de vil elske \u00e5 bruke hver dag. Det tykke plysjmaterialet holder kj\u00e6ledyret varmt, mens den halvlukkede, hulelignende formen skaper et rolig og privat rom som reduserer stress og blokkerer kald trekk. Med et avtakbart, vaskbart trekk og et sklisikkert underlag er den b\u00e5de komfortabel for kj\u00e6ledyret ditt og praktisk for deg.","og_url":"https:\/\/mekulo.com\/no\/produkt\/plysjseng-for-kjaeledyr\/","og_site_name":"Mekulo NO","article_modified_time":"2026-01-08T15:34:47+00:00","og_image":[{"width":713,"height":713,"url":"https:\/\/mekulo.com\/no\/wp-content\/uploads\/sites\/10\/2026\/01\/w93i11h-1.webp","type":"image\/webp"}],"twitter_card":"summary_large_image","twitter_misc":{"Ansl. lesetid":"2 minutter"},"schema":{"@context":"https:\/\/schema.org","@graph":[{"@type":"WebPage","@id":"https:\/\/mekulo.com\/no\/produkt\/plysjseng-for-kjaeledyr\/","url":"https:\/\/mekulo.com\/no\/produkt\/plysjseng-for-kjaeledyr\/","name":"Plysjseng for kj\u00e6ledyr - Mekulo NO","isPartOf":{"@id":"https:\/\/mekulo.com\/no\/#website"},"primaryImageOfPage":{"@id":"https:\/\/mekulo.com\/no\/produkt\/plysjseng-for-kjaeledyr\/#primaryimage"},"image":{"@id":"https:\/\/mekulo.com\/no\/produkt\/plysjseng-for-kjaeledyr\/#primaryimage"},"thumbnailUrl":"https:\/\/mekulo.com\/no\/wp-content\/uploads\/sites\/10\/2026\/01\/w93i11h-1.webp","datePublished":"2026-01-08T14:43:42+00:00","dateModified":"2026-01-08T15:34:47+00:00","breadcrumb":{"@id":"https:\/\/mekulo.com\/no\/produkt\/plysjseng-for-kjaeledyr\/#breadcrumb"},"inLanguage":"nb-NO","potentialAction":[{"@type":"ReadAction","target":["https:\/\/mekulo.com\/no\/produkt\/plysjseng-for-kjaeledyr\/"]}]},{"@type":"ImageObject","inLanguage":"nb-NO","@id":"https:\/\/mekulo.com\/no\/produkt\/plysjseng-for-kjaeledyr\/#primaryimage","url":"https:\/\/mekulo.com\/no\/wp-content\/uploads\/sites\/10\/2026\/01\/w93i11h-1.webp","contentUrl":"https:\/\/mekulo.com\/no\/wp-content\/uploads\/sites\/10\/2026\/01\/w93i11h-1.webp","width":713,"height":713},{"@type":"BreadcrumbList","@id":"https:\/\/mekulo.com\/no\/produkt\/plysjseng-for-kjaeledyr\/#breadcrumb","itemListElement":[{"@type":"ListItem","position":1,"name":"Home","item":"https:\/\/mekulo.com\/no\/"},{"@type":"ListItem","position":2,"name":"Butikk","item":"https:\/\/mekulo.com\/no\/butikk\/"},{"@type":"ListItem","position":3,"name":"Plysjseng for kj\u00e6ledyr"}]},{"@type":"WebSite","@id":"https:\/\/mekulo.com\/no\/#website","url":"https:\/\/mekulo.com\/no\/","name":"Mekulo NO","description":"","publisher":{"@id":"https:\/\/mekulo.com\/no\/#organization"},"potentialAction":[{"@type":"SearchAction","target":{"@type":"EntryPoint","urlTemplate":"https:\/\/mekulo.com\/no\/?s={search_term_string}"},"query-input":{"@type":"PropertyValueSpecification","valueRequired":true,"valueName":"search_term_string"}}],"inLanguage":"nb-NO"},{"@type":"Organization","@id":"https:\/\/mekulo.com\/no\/#organization","name":"Mekulo","url":"https:\/\/mekulo.com\/no\/","logo":{"@type":"ImageObject","inLanguage":"nb-NO","@id":"https:\/\/mekulo.com\/no\/#\/schema\/logo\/image\/","url":"https:\/\/mekulo.com\/no\/wp-content\/uploads\/sites\/10\/2025\/12\/favicon_mekulo.png","contentUrl":"https:\/\/mekulo.com\/no\/wp-content\/uploads\/sites\/10\/2025\/12\/favicon_mekulo.png","width":50,"height":50,"caption":"Mekulo"},"image":{"@id":"https:\/\/mekulo.com\/no\/#\/schema\/logo\/image\/"}}]}},"_links":{"self":[{"href":"https:\/\/mekulo.com\/no\/wp-json\/wp\/v2\/product\/15933","targetHints":{"allow":["GET"]}}],"collection":[{"href":"https:\/\/mekulo.com\/no\/wp-json\/wp\/v2\/product"}],"about":[{"href":"https:\/\/mekulo.com\/no\/wp-json\/wp\/v2\/types\/product"}],"replies":[{"embeddable":true,"href":"https:\/\/mekulo.com\/no\/wp-json\/wp\/v2\/comments?post=15933"}],"wp:featuredmedia":[{"embeddable":true,"href":"https:\/\/mekulo.com\/no\/wp-json\/wp\/v2\/media\/15929"}],"wp:attachment":[{"href":"https:\/\/mekulo.com\/no\/wp-json\/wp\/v2\/media?parent=15933"}],"wp:term":[{"taxonomy":"product_brand","embeddable":true,"href":"https:\/\/mekulo.com\/no\/wp-json\/wp\/v2\/product_brand?post=15933"},{"taxonomy":"product_cat","embeddable":true,"href":"https:\/\/mekulo.com\/no\/wp-json\/wp\/v2\/product_cat?post=15933"},{"taxonomy":"product_tag","embeddable":true,"href":"https:\/\/mekulo.com\/no\/wp-json\/wp\/v2\/product_tag?post=15933"}],"curies":[{"name":"wp","href":"https:\/\/api.w.org\/{rel}","templated":true}]}}