{"id":15914,"date":"2026-01-08T16:41:56","date_gmt":"2026-01-08T14:41:56","guid":{"rendered":"https:\/\/mekulo.com\/no\/produkt\/hengende-oppbevaringspose\/"},"modified":"2026-01-08T17:33:17","modified_gmt":"2026-01-08T15:33:17","slug":"hengende-oppbevaringspose","status":"publish","type":"product","link":"https:\/\/mekulo.com\/no\/produkt\/hengende-oppbevaringspose\/","title":{"rendered":"Hengende oppbevaringspose"},"content":{"rendered":"<p style=\"text-align: center;\" data-start=\"46\" data-end=\"125\"><strong>Hold det viktigste du trenger i hverdagen organisert, synlig og alltid innen rekkevidde. \ud83d\udecb\ufe0f\ud83d\udecf\ufe0f<\/strong><\/p>\n<p data-start=\"150\" data-end=\"499\"><img fetchpriority=\"high\" decoding=\"async\" class=\"size-full wp-image-47361 aligncenter\" src=\"https:\/\/keluvo.com\/template\/wp-content\/uploads\/sites\/5\/2025\/12\/12216-ezgif.com-video-to-webp-converter-1.webp\" alt=\"\" width=\"500\" height=\"889\" \/><\/p>\n<h2 style=\"text-align: center;\" data-start=\"506\" data-end=\"528\"><strong>Hovedfordeler<\/strong><\/h2>\n<p data-start=\"531\" data-end=\"613\">\ud83d\udce6 Stor oppbevaringsplass &#8211; Plass til nettbrett, magasiner, fjernkontroller, kabler og mer.<\/p>\n<p data-start=\"616\" data-end=\"691\">\ud83e\uddf5 Slitesterkt filtmateriale &#8211; Sterkt, godt sydd og holder formen.<\/p>\n<p data-start=\"694\" data-end=\"775\">\ud83d\udee0\ufe0f Verkt\u00f8yfri montering &#8211; Skyves enkelt inn under en madrass eller en tung gjenstand.<\/p>\n<p data-start=\"778\" data-end=\"862\">\ud83d\udecb\ufe0f Et ryddig hjem &#8211; Holder ting organisert og borte fra senger, sofaer og skrivebord.<\/p>\n<p data-start=\"865\" data-end=\"937\">\ud83c\udfe1 Allsidig bruk &#8211; Ideell for soverom, stue, kontor eller sovesal.<\/p>\n<p data-start=\"865\" data-end=\"937\"><img decoding=\"async\" class=\"size-full wp-image-47360 aligncenter\" src=\"https:\/\/keluvo.com\/template\/wp-content\/uploads\/sites\/5\/2025\/12\/12217-ezgif.com-video-to-webp-converter-1.webp\" alt=\"\" width=\"500\" height=\"889\" \/><\/p>\n<h2 style=\"text-align: center;\" data-start=\"944\" data-end=\"963\"><strong>Slik Bruker Du Det<\/strong><\/h2>\n<ol data-start=\"964\" data-end=\"1187\">\n<li data-start=\"964\" data-end=\"1039\">\n<p data-start=\"967\" data-end=\"1039\">F\u00f8r det flate brettet inn under en madrass, pute, matte eller tung gjenstand.<\/p>\n<\/li>\n<li data-start=\"1040\" data-end=\"1083\">\n<p data-start=\"1043\" data-end=\"1083\">La posen henge fritt p\u00e5 siden.<\/p>\n<\/li>\n<li data-start=\"1084\" data-end=\"1129\">\n<p data-start=\"1087\" data-end=\"1129\">Plasser gjenstandene dine inni for enkel tilgang.<\/p>\n<\/li>\n<li data-start=\"1130\" data-end=\"1187\">\n<p data-start=\"1133\" data-end=\"1187\">Omorganiser eller fjern n\u00e5r som helst uten skader eller verkt\u00f8y.<\/p>\n<\/li>\n<\/ol>\n<h2 style=\"text-align: center;\" data-start=\"1194\" data-end=\"1218\"><strong>Produktdetaljer<\/strong><\/h2>\n<ul data-start=\"1219\" data-end=\"1376\">\n<li data-start=\"1219\" data-end=\"1250\">\n<p data-start=\"1221\" data-end=\"1250\">Materiale: Filt av h\u00f8y kvalitet<\/p>\n<\/li>\n<li data-start=\"1251\" data-end=\"1291\">\n<p data-start=\"1253\" data-end=\"1291\">Design: Bred \u00e5pning for enkel tilgang<\/p>\n<\/li>\n<li data-start=\"1292\" data-end=\"1327\">\n<p data-start=\"1294\" data-end=\"1327\">Installasjon: Ingen verkt\u00f8y kreves<\/p>\n<\/li>\n<li data-start=\"1328\" data-end=\"1376\">\n<p data-start=\"1330\" data-end=\"1376\">Bruksomr\u00e5der: Seng, sofa, skrivebord, kontor, sovesal<\/p>\n<\/li>\n<li data-start=\"1328\" data-end=\"1376\">St\u00f8rrelse: 32 x 20 cm<\/li>\n<\/ul>\n<h2 style=\"text-align: center;\" data-start=\"1383\" data-end=\"1408\"><strong>Pakken inkluderer<\/strong><\/h2>\n<ul data-start=\"1409\" data-end=\"1438\">\n<li data-start=\"1409\" data-end=\"1438\">\n<p data-start=\"1411\" data-end=\"1438\">1x hengende oppbevaringspose.<\/p>\n<\/li>\n<\/ul>\n","protected":false},"excerpt":{"rendered":"<p>Denne hengende oppbevaringsposen er en enkel og smart l\u00f8sning for \u00e5 redusere rotet rundt sengen, sofaen eller skrivebordet. Den er designet med en bred \u00e5pning og robust filtmateriale, og rommer alt fra nettbrett og b\u00f8ker til fjernkontroller, kabler og n\u00f8kler, slik at du aldri mer kaster bort tid p\u00e5 \u00e5 lete. Den monteres p\u00e5 f\u00e5 sekunder uten verkt\u00f8y og passer perfekt inn i ethvert rom.<\/p>\n","protected":false},"featured_media":15910,"comment_status":"open","ping_status":"closed","template":"","meta":{"site-sidebar-layout":"default","site-content-layout":"","ast-site-content-layout":"default","site-content-style":"default","site-sidebar-style":"default","ast-global-header-display":"","ast-banner-title-visibility":"","ast-main-header-display":"","ast-hfb-above-header-display":"","ast-hfb-below-header-display":"","ast-hfb-mobile-header-display":"","site-post-title":"","ast-breadcrumbs-content":"","ast-featured-img":"","footer-sml-layout":"","ast-disable-related-posts":"","theme-transparent-header-meta":"default","adv-header-id-meta":"","stick-header-meta":"","header-above-stick-meta":"","header-main-stick-meta":"","header-below-stick-meta":"","astra-migrate-meta-layouts":"set","ast-page-background-enabled":"default","ast-page-background-meta":{"desktop":{"background-color":"var(--ast-global-color-5)","background-image":"","background-repeat":"repeat","background-position":"center center","background-size":"auto","background-attachment":"scroll","background-type":"","background-media":"","overlay-type":"","overlay-color":"","overlay-opacity":"","overlay-gradient":""},"tablet":{"background-color":"","background-image":"","background-repeat":"repeat","background-position":"center center","background-size":"auto","background-attachment":"scroll","background-type":"","background-media":"","overlay-type":"","overlay-color":"","overlay-opacity":"","overlay-gradient":""},"mobile":{"background-color":"","background-image":"","background-repeat":"repeat","background-position":"center center","background-size":"auto","background-attachment":"scroll","background-type":"","background-media":"","overlay-type":"","overlay-color":"","overlay-opacity":"","overlay-gradient":""}},"ast-content-background-meta":{"desktop":{"background-color":"var(--ast-global-color-4)","background-image":"","background-repeat":"repeat","background-position":"center center","background-size":"auto","background-attachment":"scroll","background-type":"","background-media":"","overlay-type":"","overlay-color":"","overlay-opacity":"","overlay-gradient":""},"tablet":{"background-color":"var(--ast-global-color-4)","background-image":"","background-repeat":"repeat","background-position":"center center","background-size":"auto","background-attachment":"scroll","background-type":"","background-media":"","overlay-type":"","overlay-color":"","overlay-opacity":"","overlay-gradient":""},"mobile":{"background-color":"var(--ast-global-color-4)","background-image":"","background-repeat":"repeat","background-position":"center center","background-size":"auto","background-attachment":"scroll","background-type":"","background-media":"","overlay-type":"","overlay-color":"","overlay-opacity":"","overlay-gradient":""}}},"product_brand":[],"product_cat":[15],"product_tag":[],"class_list":{"0":"post-15914","1":"product","2":"type-product","3":"status-publish","4":"has-post-thumbnail","6":"product_cat-uncategorized","7":"pa_64728_9y2auzi3-gra","8":"pa_64728_9y2auzi3-khaki","9":"pa_64728_9y2auzi3-morkegra","10":"pa_64728_9y2auzi3-oransje","11":"pa_64728_9y2auzi3-svart","12":"desktop-align-left","13":"tablet-align-left","14":"mobile-align-left","16":"first","17":"instock","18":"shipping-taxable","19":"purchasable","20":"product-type-variable"},"yoast_head":"<!-- This site is optimized with the Yoast SEO plugin v27.4 - https:\/\/yoast.com\/product\/yoast-seo-wordpress\/ -->\n<title>Hengende oppbevaringspose - Mekulo NO<\/title>\n<meta name=\"robots\" content=\"index, follow, max-snippet:-1, max-image-preview:large, max-video-preview:-1\" \/>\n<link rel=\"canonical\" href=\"https:\/\/mekulo.com\/no\/produkt\/hengende-oppbevaringspose\/\" \/>\n<meta property=\"og:locale\" content=\"de_DE\" \/>\n<meta property=\"og:type\" content=\"article\" \/>\n<meta property=\"og:title\" content=\"Hengende oppbevaringspose - Mekulo NO\" \/>\n<meta property=\"og:description\" content=\"Denne hengende oppbevaringsposen er en enkel og smart l\u00f8sning for \u00e5 redusere rotet rundt sengen, sofaen eller skrivebordet. Den er designet med en bred \u00e5pning og robust filtmateriale, og rommer alt fra nettbrett og b\u00f8ker til fjernkontroller, kabler og n\u00f8kler, slik at du aldri mer kaster bort tid p\u00e5 \u00e5 lete. Den monteres p\u00e5 f\u00e5 sekunder uten verkt\u00f8y og passer perfekt inn i ethvert rom.\" \/>\n<meta property=\"og:url\" content=\"https:\/\/mekulo.com\/no\/produkt\/hengende-oppbevaringspose\/\" \/>\n<meta property=\"og:site_name\" content=\"Mekulo NO\" \/>\n<meta property=\"article:modified_time\" content=\"2026-01-08T15:33:17+00:00\" \/>\n<meta property=\"og:image\" content=\"https:\/\/mekulo.com\/no\/wp-content\/uploads\/sites\/10\/2026\/01\/egbt70a-1.jpg\" \/>\n\t<meta property=\"og:image:width\" content=\"800\" \/>\n\t<meta property=\"og:image:height\" content=\"800\" \/>\n\t<meta property=\"og:image:type\" content=\"image\/jpeg\" \/>\n<meta name=\"twitter:card\" content=\"summary_large_image\" \/>\n<meta name=\"twitter:label1\" content=\"Gesch\u00e4tzte Lesezeit\" \/>\n\t<meta name=\"twitter:data1\" content=\"2\u00a0Minuten\" \/>\n<script type=\"application\/ld+json\" class=\"yoast-schema-graph\">{\"@context\":\"https:\\\/\\\/schema.org\",\"@graph\":[{\"@type\":\"WebPage\",\"@id\":\"https:\\\/\\\/mekulo.com\\\/no\\\/produkt\\\/hengende-oppbevaringspose\\\/\",\"url\":\"https:\\\/\\\/mekulo.com\\\/no\\\/produkt\\\/hengende-oppbevaringspose\\\/\",\"name\":\"Hengende oppbevaringspose - Mekulo NO\",\"isPartOf\":{\"@id\":\"https:\\\/\\\/mekulo.com\\\/no\\\/#website\"},\"primaryImageOfPage\":{\"@id\":\"https:\\\/\\\/mekulo.com\\\/no\\\/produkt\\\/hengende-oppbevaringspose\\\/#primaryimage\"},\"image\":{\"@id\":\"https:\\\/\\\/mekulo.com\\\/no\\\/produkt\\\/hengende-oppbevaringspose\\\/#primaryimage\"},\"thumbnailUrl\":\"https:\\\/\\\/mekulo.com\\\/no\\\/wp-content\\\/uploads\\\/sites\\\/10\\\/2026\\\/01\\\/egbt70a-1.jpg\",\"datePublished\":\"2026-01-08T14:41:56+00:00\",\"dateModified\":\"2026-01-08T15:33:17+00:00\",\"breadcrumb\":{\"@id\":\"https:\\\/\\\/mekulo.com\\\/no\\\/produkt\\\/hengende-oppbevaringspose\\\/#breadcrumb\"},\"inLanguage\":\"de\",\"potentialAction\":[{\"@type\":\"ReadAction\",\"target\":[\"https:\\\/\\\/mekulo.com\\\/no\\\/produkt\\\/hengende-oppbevaringspose\\\/\"]}]},{\"@type\":\"ImageObject\",\"inLanguage\":\"de\",\"@id\":\"https:\\\/\\\/mekulo.com\\\/no\\\/produkt\\\/hengende-oppbevaringspose\\\/#primaryimage\",\"url\":\"https:\\\/\\\/mekulo.com\\\/no\\\/wp-content\\\/uploads\\\/sites\\\/10\\\/2026\\\/01\\\/egbt70a-1.jpg\",\"contentUrl\":\"https:\\\/\\\/mekulo.com\\\/no\\\/wp-content\\\/uploads\\\/sites\\\/10\\\/2026\\\/01\\\/egbt70a-1.jpg\",\"width\":800,\"height\":800},{\"@type\":\"BreadcrumbList\",\"@id\":\"https:\\\/\\\/mekulo.com\\\/no\\\/produkt\\\/hengende-oppbevaringspose\\\/#breadcrumb\",\"itemListElement\":[{\"@type\":\"ListItem\",\"position\":1,\"name\":\"Home\",\"item\":\"https:\\\/\\\/mekulo.com\\\/no\\\/\"},{\"@type\":\"ListItem\",\"position\":2,\"name\":\"Butikk\",\"item\":\"https:\\\/\\\/mekulo.com\\\/no\\\/butikk\\\/\"},{\"@type\":\"ListItem\",\"position\":3,\"name\":\"Hengende oppbevaringspose\"}]},{\"@type\":\"WebSite\",\"@id\":\"https:\\\/\\\/mekulo.com\\\/no\\\/#website\",\"url\":\"https:\\\/\\\/mekulo.com\\\/no\\\/\",\"name\":\"Mekulo NO\",\"description\":\"\",\"publisher\":{\"@id\":\"https:\\\/\\\/mekulo.com\\\/no\\\/#organization\"},\"potentialAction\":[{\"@type\":\"SearchAction\",\"target\":{\"@type\":\"EntryPoint\",\"urlTemplate\":\"https:\\\/\\\/mekulo.com\\\/no\\\/?s={search_term_string}\"},\"query-input\":{\"@type\":\"PropertyValueSpecification\",\"valueRequired\":true,\"valueName\":\"search_term_string\"}}],\"inLanguage\":\"de\"},{\"@type\":\"Organization\",\"@id\":\"https:\\\/\\\/mekulo.com\\\/no\\\/#organization\",\"name\":\"Mekulo\",\"url\":\"https:\\\/\\\/mekulo.com\\\/no\\\/\",\"logo\":{\"@type\":\"ImageObject\",\"inLanguage\":\"de\",\"@id\":\"https:\\\/\\\/mekulo.com\\\/no\\\/#\\\/schema\\\/logo\\\/image\\\/\",\"url\":\"https:\\\/\\\/mekulo.com\\\/no\\\/wp-content\\\/uploads\\\/sites\\\/10\\\/2025\\\/12\\\/favicon_mekulo.png\",\"contentUrl\":\"https:\\\/\\\/mekulo.com\\\/no\\\/wp-content\\\/uploads\\\/sites\\\/10\\\/2025\\\/12\\\/favicon_mekulo.png\",\"width\":50,\"height\":50,\"caption\":\"Mekulo\"},\"image\":{\"@id\":\"https:\\\/\\\/mekulo.com\\\/no\\\/#\\\/schema\\\/logo\\\/image\\\/\"}}]}<\/script>\n<!-- \/ Yoast SEO plugin. -->","yoast_head_json":{"title":"Hengende oppbevaringspose - Mekulo NO","robots":{"index":"index","follow":"follow","max-snippet":"max-snippet:-1","max-image-preview":"max-image-preview:large","max-video-preview":"max-video-preview:-1"},"canonical":"https:\/\/mekulo.com\/no\/produkt\/hengende-oppbevaringspose\/","og_locale":"de_DE","og_type":"article","og_title":"Hengende oppbevaringspose - Mekulo NO","og_description":"Denne hengende oppbevaringsposen er en enkel og smart l\u00f8sning for \u00e5 redusere rotet rundt sengen, sofaen eller skrivebordet. Den er designet med en bred \u00e5pning og robust filtmateriale, og rommer alt fra nettbrett og b\u00f8ker til fjernkontroller, kabler og n\u00f8kler, slik at du aldri mer kaster bort tid p\u00e5 \u00e5 lete. Den monteres p\u00e5 f\u00e5 sekunder uten verkt\u00f8y og passer perfekt inn i ethvert rom.","og_url":"https:\/\/mekulo.com\/no\/produkt\/hengende-oppbevaringspose\/","og_site_name":"Mekulo NO","article_modified_time":"2026-01-08T15:33:17+00:00","og_image":[{"width":800,"height":800,"url":"https:\/\/mekulo.com\/no\/wp-content\/uploads\/sites\/10\/2026\/01\/egbt70a-1.jpg","type":"image\/jpeg"}],"twitter_card":"summary_large_image","twitter_misc":{"Gesch\u00e4tzte Lesezeit":"2\u00a0Minuten"},"schema":{"@context":"https:\/\/schema.org","@graph":[{"@type":"WebPage","@id":"https:\/\/mekulo.com\/no\/produkt\/hengende-oppbevaringspose\/","url":"https:\/\/mekulo.com\/no\/produkt\/hengende-oppbevaringspose\/","name":"Hengende oppbevaringspose - Mekulo NO","isPartOf":{"@id":"https:\/\/mekulo.com\/no\/#website"},"primaryImageOfPage":{"@id":"https:\/\/mekulo.com\/no\/produkt\/hengende-oppbevaringspose\/#primaryimage"},"image":{"@id":"https:\/\/mekulo.com\/no\/produkt\/hengende-oppbevaringspose\/#primaryimage"},"thumbnailUrl":"https:\/\/mekulo.com\/no\/wp-content\/uploads\/sites\/10\/2026\/01\/egbt70a-1.jpg","datePublished":"2026-01-08T14:41:56+00:00","dateModified":"2026-01-08T15:33:17+00:00","breadcrumb":{"@id":"https:\/\/mekulo.com\/no\/produkt\/hengende-oppbevaringspose\/#breadcrumb"},"inLanguage":"de","potentialAction":[{"@type":"ReadAction","target":["https:\/\/mekulo.com\/no\/produkt\/hengende-oppbevaringspose\/"]}]},{"@type":"ImageObject","inLanguage":"de","@id":"https:\/\/mekulo.com\/no\/produkt\/hengende-oppbevaringspose\/#primaryimage","url":"https:\/\/mekulo.com\/no\/wp-content\/uploads\/sites\/10\/2026\/01\/egbt70a-1.jpg","contentUrl":"https:\/\/mekulo.com\/no\/wp-content\/uploads\/sites\/10\/2026\/01\/egbt70a-1.jpg","width":800,"height":800},{"@type":"BreadcrumbList","@id":"https:\/\/mekulo.com\/no\/produkt\/hengende-oppbevaringspose\/#breadcrumb","itemListElement":[{"@type":"ListItem","position":1,"name":"Home","item":"https:\/\/mekulo.com\/no\/"},{"@type":"ListItem","position":2,"name":"Butikk","item":"https:\/\/mekulo.com\/no\/butikk\/"},{"@type":"ListItem","position":3,"name":"Hengende oppbevaringspose"}]},{"@type":"WebSite","@id":"https:\/\/mekulo.com\/no\/#website","url":"https:\/\/mekulo.com\/no\/","name":"Mekulo NO","description":"","publisher":{"@id":"https:\/\/mekulo.com\/no\/#organization"},"potentialAction":[{"@type":"SearchAction","target":{"@type":"EntryPoint","urlTemplate":"https:\/\/mekulo.com\/no\/?s={search_term_string}"},"query-input":{"@type":"PropertyValueSpecification","valueRequired":true,"valueName":"search_term_string"}}],"inLanguage":"de"},{"@type":"Organization","@id":"https:\/\/mekulo.com\/no\/#organization","name":"Mekulo","url":"https:\/\/mekulo.com\/no\/","logo":{"@type":"ImageObject","inLanguage":"de","@id":"https:\/\/mekulo.com\/no\/#\/schema\/logo\/image\/","url":"https:\/\/mekulo.com\/no\/wp-content\/uploads\/sites\/10\/2025\/12\/favicon_mekulo.png","contentUrl":"https:\/\/mekulo.com\/no\/wp-content\/uploads\/sites\/10\/2025\/12\/favicon_mekulo.png","width":50,"height":50,"caption":"Mekulo"},"image":{"@id":"https:\/\/mekulo.com\/no\/#\/schema\/logo\/image\/"}}]}},"_links":{"self":[{"href":"https:\/\/mekulo.com\/no\/wp-json\/wp\/v2\/product\/15914","targetHints":{"allow":["GET"]}}],"collection":[{"href":"https:\/\/mekulo.com\/no\/wp-json\/wp\/v2\/product"}],"about":[{"href":"https:\/\/mekulo.com\/no\/wp-json\/wp\/v2\/types\/product"}],"replies":[{"embeddable":true,"href":"https:\/\/mekulo.com\/no\/wp-json\/wp\/v2\/comments?post=15914"}],"wp:featuredmedia":[{"embeddable":true,"href":"https:\/\/mekulo.com\/no\/wp-json\/wp\/v2\/media\/15910"}],"wp:attachment":[{"href":"https:\/\/mekulo.com\/no\/wp-json\/wp\/v2\/media?parent=15914"}],"wp:term":[{"taxonomy":"product_brand","embeddable":true,"href":"https:\/\/mekulo.com\/no\/wp-json\/wp\/v2\/product_brand?post=15914"},{"taxonomy":"product_cat","embeddable":true,"href":"https:\/\/mekulo.com\/no\/wp-json\/wp\/v2\/product_cat?post=15914"},{"taxonomy":"product_tag","embeddable":true,"href":"https:\/\/mekulo.com\/no\/wp-json\/wp\/v2\/product_tag?post=15914"}],"curies":[{"name":"wp","href":"https:\/\/api.w.org\/{rel}","templated":true}]}}