{"id":15830,"date":"2026-01-08T16:36:27","date_gmt":"2026-01-08T14:36:27","guid":{"rendered":"https:\/\/mekulo.com\/no\/produkt\/multifunksjonell-eggevisp\/"},"modified":"2026-01-08T17:29:50","modified_gmt":"2026-01-08T15:29:50","slug":"multifunksjonell-eggevisp","status":"publish","type":"product","link":"https:\/\/mekulo.com\/no\/produkt\/multifunksjonell-eggevisp\/","title":{"rendered":"Multifunksjonell eggevisp"},"content":{"rendered":"<p style=\"text-align: center;\" data-start=\"50\" data-end=\"120\"><strong>Bland, visp og grip ingredienser raskt med ett enkelt kj\u00f8kkenverkt\u00f8y. \ud83c\udf73<\/strong><\/p>\n<p data-start=\"145\" data-end=\"500\"><img fetchpriority=\"high\" decoding=\"async\" class=\" wp-image-47275 aligncenter\" src=\"https:\/\/keluvo.com\/template\/wp-content\/uploads\/sites\/5\/2025\/12\/78d5b816579bb1eeba31d31e5d45f28af60e599c.webp\" alt=\"\" width=\"499\" height=\"499\" \/><\/p>\n<h2 style=\"text-align: center;\" data-start=\"507\" data-end=\"529\"><strong>Hovedfordeler<\/strong><\/h2>\n<p data-start=\"532\" data-end=\"603\">\u26a1 Rask og jevn blanding &#8211; Visper egg, r\u00f8re og sauser jevnt.<\/p>\n<p data-start=\"606\" data-end=\"671\">\ud83d\udd01 3-i-1-design &#8211; Visp, r\u00f8r og grip mat med ett verkt\u00f8y.<\/p>\n<p data-start=\"674\" data-end=\"743\">\u270b Sklisikkert ergonomisk h\u00e5ndtak &#8211; Komfortabelt grep og full kontroll.<\/p>\n<p data-start=\"746\" data-end=\"814\">\ud83e\uddf2 Sterkt klipshode &#8211; Sikkert grep for egg, pasta og nudler.<\/p>\n<p data-start=\"817\" data-end=\"876\">\ud83e\uddfc Enkel \u00e5 rengj\u00f8re &#8211; T\u00e5ler oppvaskmaskin og er rask \u00e5 skylle.<\/p>\n<p data-start=\"879\" data-end=\"937\">\ud83e\ude9d Opphengskrok &#8211; enkel oppbevaring og organisert kj\u00f8kken.<\/p>\n<p data-start=\"879\" data-end=\"937\"><img decoding=\"async\" class=\" wp-image-47276 aligncenter\" src=\"https:\/\/keluvo.com\/template\/wp-content\/uploads\/sites\/5\/2025\/12\/164afea11127b1d0e50bd356fba150150c838b2b.webp\" alt=\"\" width=\"500\" height=\"500\" \/><\/p>\n<h2 style=\"text-align: center;\" data-start=\"944\" data-end=\"963\"><strong>Slik Bruker Du Den<\/strong><\/h2>\n<ol data-start=\"964\" data-end=\"1249\">\n<li data-start=\"964\" data-end=\"1009\">\n<p data-start=\"967\" data-end=\"1009\">Trykk for \u00e5 \u00e5pne vispetangen ved behov.<\/p>\n<\/li>\n<li data-start=\"1010\" data-end=\"1075\">\n<p data-start=\"1013\" data-end=\"1075\">Bruk den til \u00e5 vispe egg, fl\u00f8te eller sauser direkte i bollen.<\/p>\n<\/li>\n<li data-start=\"1076\" data-end=\"1139\">\n<p data-start=\"1079\" data-end=\"1139\">Grip og l\u00f8ft mat som kokte egg eller pasta n\u00e5r du lager mat.<\/p>\n<\/li>\n<li data-start=\"1140\" data-end=\"1199\">\n<p data-start=\"1143\" data-end=\"1199\">Skyll med vann eller legg den i oppvaskmaskinen etter bruk.<\/p>\n<\/li>\n<li data-start=\"1200\" data-end=\"1249\">\n<p data-start=\"1203\" data-end=\"1249\">Heng den opp ved hjelp av den innebygde kroken for oppbevaring.<\/p>\n<\/li>\n<\/ol>\n<h2 style=\"text-align: center;\" data-start=\"1256\" data-end=\"1280\"><strong>Produktdetaljer<\/strong><\/h2>\n<ul data-start=\"1281\" data-end=\"1453\">\n<li data-start=\"1281\" data-end=\"1329\">\n<p data-start=\"1283\" data-end=\"1329\">Materiale: PP + nylon av n\u00e6ringsmiddelkvalitet + TPR-h\u00e5ndtak<\/p>\n<\/li>\n<li data-start=\"1330\" data-end=\"1349\">\n<p data-start=\"1332\" data-end=\"1349\">St\u00f8rrelse: 28 x 7 cm<\/p>\n<\/li>\n<li data-start=\"1370\" data-end=\"1420\">\n<p data-start=\"1372\" data-end=\"1420\">Design: 8-linjers visp med forsterket klipshode<\/p>\n<\/li>\n<li data-start=\"1421\" data-end=\"1453\">\n<p data-start=\"1423\" data-end=\"1453\">Sikker for: Varm og kald mat<\/p>\n<\/li>\n<\/ul>\n<h2 style=\"text-align: center;\" data-start=\"1460\" data-end=\"1485\"><strong>Pakken inneholder<\/strong><\/h2>\n<ul data-start=\"1486\" data-end=\"1519\">\n<li data-start=\"1486\" data-end=\"1519\">\n<p data-start=\"1488\" data-end=\"1519\">1, 2x multifunksjonell eggevisp.<\/p>\n<\/li>\n<\/ul>\n","protected":false},"excerpt":{"rendered":"<p>Denne multifunksjonelle eggevispen kombinerer en visp og en kj\u00f8kkentang i \u00e9n smart design, noe som gj\u00f8r matlagingen raskere og enklere. Den blander egg, sauser, fl\u00f8te og r\u00f8re jevnt, samtidig som du kan gripe og l\u00f8fte mat som egg, pasta eller nudler uten \u00e5 m\u00e5tte bytte verkt\u00f8y. Den er laget av n\u00e6ringsmiddelgodkjente materialer og er trygg, holdbar og behagelig \u00e5 bruke hver dag.<\/p>\n","protected":false},"featured_media":15826,"comment_status":"open","ping_status":"closed","template":"","meta":{"site-sidebar-layout":"default","site-content-layout":"","ast-site-content-layout":"default","site-content-style":"default","site-sidebar-style":"default","ast-global-header-display":"","ast-banner-title-visibility":"","ast-main-header-display":"","ast-hfb-above-header-display":"","ast-hfb-below-header-display":"","ast-hfb-mobile-header-display":"","site-post-title":"","ast-breadcrumbs-content":"","ast-featured-img":"","footer-sml-layout":"","theme-transparent-header-meta":"default","adv-header-id-meta":"","stick-header-meta":"","header-above-stick-meta":"","header-main-stick-meta":"","header-below-stick-meta":"","astra-migrate-meta-layouts":"set","ast-page-background-enabled":"default","ast-page-background-meta":{"desktop":{"background-color":"var(--ast-global-color-5)","background-image":"","background-repeat":"repeat","background-position":"center center","background-size":"auto","background-attachment":"scroll","background-type":"","background-media":"","overlay-type":"","overlay-color":"","overlay-opacity":"","overlay-gradient":""},"tablet":{"background-color":"","background-image":"","background-repeat":"repeat","background-position":"center center","background-size":"auto","background-attachment":"scroll","background-type":"","background-media":"","overlay-type":"","overlay-color":"","overlay-opacity":"","overlay-gradient":""},"mobile":{"background-color":"","background-image":"","background-repeat":"repeat","background-position":"center center","background-size":"auto","background-attachment":"scroll","background-type":"","background-media":"","overlay-type":"","overlay-color":"","overlay-opacity":"","overlay-gradient":""}},"ast-content-background-meta":{"desktop":{"background-color":"var(--ast-global-color-4)","background-image":"","background-repeat":"repeat","background-position":"center center","background-size":"auto","background-attachment":"scroll","background-type":"","background-media":"","overlay-type":"","overlay-color":"","overlay-opacity":"","overlay-gradient":""},"tablet":{"background-color":"var(--ast-global-color-4)","background-image":"","background-repeat":"repeat","background-position":"center center","background-size":"auto","background-attachment":"scroll","background-type":"","background-media":"","overlay-type":"","overlay-color":"","overlay-opacity":"","overlay-gradient":""},"mobile":{"background-color":"var(--ast-global-color-4)","background-image":"","background-repeat":"repeat","background-position":"center center","background-size":"auto","background-attachment":"scroll","background-type":"","background-media":"","overlay-type":"","overlay-color":"","overlay-opacity":"","overlay-gradient":""}}},"product_brand":[],"product_cat":[15],"product_tag":[],"class_list":{"0":"post-15830","1":"product","2":"type-product","3":"status-publish","4":"has-post-thumbnail","6":"product_cat-uncategorized","7":"pa_63876_av58ytav-bla","8":"pa_63876_av58ytav-gronn","9":"pa_63876_av58ytav-gul","10":"pa_63876_av58ytav-rod","11":"pa_63876_weuqzy1e-1-stk","12":"pa_63876_weuqzy1e-2-stk","13":"desktop-align-left","14":"tablet-align-left","15":"mobile-align-left","17":"first","18":"instock","19":"shipping-taxable","20":"purchasable","21":"product-type-variable","22":"has-default-attributes"},"yoast_head":"<!-- This site is optimized with the Yoast SEO plugin v26.6 - https:\/\/yoast.com\/wordpress\/plugins\/seo\/ -->\n<title>Multifunksjonell eggevisp - Mekulo NO<\/title>\n<meta name=\"robots\" content=\"index, follow, max-snippet:-1, max-image-preview:large, max-video-preview:-1\" \/>\n<link rel=\"canonical\" href=\"https:\/\/mekulo.com\/no\/produkt\/multifunksjonell-eggevisp\/\" \/>\n<meta property=\"og:locale\" content=\"nb_NO\" \/>\n<meta property=\"og:type\" content=\"article\" \/>\n<meta property=\"og:title\" content=\"Multifunksjonell eggevisp - Mekulo NO\" \/>\n<meta property=\"og:description\" content=\"Denne multifunksjonelle eggevispen kombinerer en visp og en kj\u00f8kkentang i \u00e9n smart design, noe som gj\u00f8r matlagingen raskere og enklere. Den blander egg, sauser, fl\u00f8te og r\u00f8re jevnt, samtidig som du kan gripe og l\u00f8fte mat som egg, pasta eller nudler uten \u00e5 m\u00e5tte bytte verkt\u00f8y. Den er laget av n\u00e6ringsmiddelgodkjente materialer og er trygg, holdbar og behagelig \u00e5 bruke hver dag.\" \/>\n<meta property=\"og:url\" content=\"https:\/\/mekulo.com\/no\/produkt\/multifunksjonell-eggevisp\/\" \/>\n<meta property=\"og:site_name\" content=\"Mekulo NO\" \/>\n<meta property=\"article:modified_time\" content=\"2026-01-08T15:29:50+00:00\" \/>\n<meta property=\"og:image\" content=\"https:\/\/mekulo.com\/no\/wp-content\/uploads\/sites\/10\/2026\/01\/wy460hz-1.jpg\" \/>\n\t<meta property=\"og:image:width\" content=\"800\" \/>\n\t<meta property=\"og:image:height\" content=\"800\" \/>\n\t<meta property=\"og:image:type\" content=\"image\/jpeg\" \/>\n<meta name=\"twitter:card\" content=\"summary_large_image\" \/>\n<meta name=\"twitter:label1\" content=\"Ansl. lesetid\" \/>\n\t<meta name=\"twitter:data1\" content=\"2 minutter\" \/>\n<script type=\"application\/ld+json\" class=\"yoast-schema-graph\">{\"@context\":\"https:\/\/schema.org\",\"@graph\":[{\"@type\":\"WebPage\",\"@id\":\"https:\/\/mekulo.com\/no\/produkt\/multifunksjonell-eggevisp\/\",\"url\":\"https:\/\/mekulo.com\/no\/produkt\/multifunksjonell-eggevisp\/\",\"name\":\"Multifunksjonell eggevisp - Mekulo NO\",\"isPartOf\":{\"@id\":\"https:\/\/mekulo.com\/no\/#website\"},\"primaryImageOfPage\":{\"@id\":\"https:\/\/mekulo.com\/no\/produkt\/multifunksjonell-eggevisp\/#primaryimage\"},\"image\":{\"@id\":\"https:\/\/mekulo.com\/no\/produkt\/multifunksjonell-eggevisp\/#primaryimage\"},\"thumbnailUrl\":\"https:\/\/mekulo.com\/no\/wp-content\/uploads\/sites\/10\/2026\/01\/wy460hz-1.jpg\",\"datePublished\":\"2026-01-08T14:36:27+00:00\",\"dateModified\":\"2026-01-08T15:29:50+00:00\",\"breadcrumb\":{\"@id\":\"https:\/\/mekulo.com\/no\/produkt\/multifunksjonell-eggevisp\/#breadcrumb\"},\"inLanguage\":\"nb-NO\",\"potentialAction\":[{\"@type\":\"ReadAction\",\"target\":[\"https:\/\/mekulo.com\/no\/produkt\/multifunksjonell-eggevisp\/\"]}]},{\"@type\":\"ImageObject\",\"inLanguage\":\"nb-NO\",\"@id\":\"https:\/\/mekulo.com\/no\/produkt\/multifunksjonell-eggevisp\/#primaryimage\",\"url\":\"https:\/\/mekulo.com\/no\/wp-content\/uploads\/sites\/10\/2026\/01\/wy460hz-1.jpg\",\"contentUrl\":\"https:\/\/mekulo.com\/no\/wp-content\/uploads\/sites\/10\/2026\/01\/wy460hz-1.jpg\",\"width\":800,\"height\":800},{\"@type\":\"BreadcrumbList\",\"@id\":\"https:\/\/mekulo.com\/no\/produkt\/multifunksjonell-eggevisp\/#breadcrumb\",\"itemListElement\":[{\"@type\":\"ListItem\",\"position\":1,\"name\":\"Home\",\"item\":\"https:\/\/mekulo.com\/no\/\"},{\"@type\":\"ListItem\",\"position\":2,\"name\":\"Butikk\",\"item\":\"https:\/\/mekulo.com\/no\/butikk\/\"},{\"@type\":\"ListItem\",\"position\":3,\"name\":\"Multifunksjonell eggevisp\"}]},{\"@type\":\"WebSite\",\"@id\":\"https:\/\/mekulo.com\/no\/#website\",\"url\":\"https:\/\/mekulo.com\/no\/\",\"name\":\"Mekulo NO\",\"description\":\"\",\"publisher\":{\"@id\":\"https:\/\/mekulo.com\/no\/#organization\"},\"potentialAction\":[{\"@type\":\"SearchAction\",\"target\":{\"@type\":\"EntryPoint\",\"urlTemplate\":\"https:\/\/mekulo.com\/no\/?s={search_term_string}\"},\"query-input\":{\"@type\":\"PropertyValueSpecification\",\"valueRequired\":true,\"valueName\":\"search_term_string\"}}],\"inLanguage\":\"nb-NO\"},{\"@type\":\"Organization\",\"@id\":\"https:\/\/mekulo.com\/no\/#organization\",\"name\":\"Mekulo\",\"url\":\"https:\/\/mekulo.com\/no\/\",\"logo\":{\"@type\":\"ImageObject\",\"inLanguage\":\"nb-NO\",\"@id\":\"https:\/\/mekulo.com\/no\/#\/schema\/logo\/image\/\",\"url\":\"https:\/\/mekulo.com\/no\/wp-content\/uploads\/sites\/10\/2025\/12\/favicon_mekulo.png\",\"contentUrl\":\"https:\/\/mekulo.com\/no\/wp-content\/uploads\/sites\/10\/2025\/12\/favicon_mekulo.png\",\"width\":50,\"height\":50,\"caption\":\"Mekulo\"},\"image\":{\"@id\":\"https:\/\/mekulo.com\/no\/#\/schema\/logo\/image\/\"}}]}<\/script>\n<!-- \/ Yoast SEO plugin. -->","yoast_head_json":{"title":"Multifunksjonell eggevisp - Mekulo NO","robots":{"index":"index","follow":"follow","max-snippet":"max-snippet:-1","max-image-preview":"max-image-preview:large","max-video-preview":"max-video-preview:-1"},"canonical":"https:\/\/mekulo.com\/no\/produkt\/multifunksjonell-eggevisp\/","og_locale":"nb_NO","og_type":"article","og_title":"Multifunksjonell eggevisp - Mekulo NO","og_description":"Denne multifunksjonelle eggevispen kombinerer en visp og en kj\u00f8kkentang i \u00e9n smart design, noe som gj\u00f8r matlagingen raskere og enklere. Den blander egg, sauser, fl\u00f8te og r\u00f8re jevnt, samtidig som du kan gripe og l\u00f8fte mat som egg, pasta eller nudler uten \u00e5 m\u00e5tte bytte verkt\u00f8y. Den er laget av n\u00e6ringsmiddelgodkjente materialer og er trygg, holdbar og behagelig \u00e5 bruke hver dag.","og_url":"https:\/\/mekulo.com\/no\/produkt\/multifunksjonell-eggevisp\/","og_site_name":"Mekulo NO","article_modified_time":"2026-01-08T15:29:50+00:00","og_image":[{"width":800,"height":800,"url":"https:\/\/mekulo.com\/no\/wp-content\/uploads\/sites\/10\/2026\/01\/wy460hz-1.jpg","type":"image\/jpeg"}],"twitter_card":"summary_large_image","twitter_misc":{"Ansl. lesetid":"2 minutter"},"schema":{"@context":"https:\/\/schema.org","@graph":[{"@type":"WebPage","@id":"https:\/\/mekulo.com\/no\/produkt\/multifunksjonell-eggevisp\/","url":"https:\/\/mekulo.com\/no\/produkt\/multifunksjonell-eggevisp\/","name":"Multifunksjonell eggevisp - Mekulo NO","isPartOf":{"@id":"https:\/\/mekulo.com\/no\/#website"},"primaryImageOfPage":{"@id":"https:\/\/mekulo.com\/no\/produkt\/multifunksjonell-eggevisp\/#primaryimage"},"image":{"@id":"https:\/\/mekulo.com\/no\/produkt\/multifunksjonell-eggevisp\/#primaryimage"},"thumbnailUrl":"https:\/\/mekulo.com\/no\/wp-content\/uploads\/sites\/10\/2026\/01\/wy460hz-1.jpg","datePublished":"2026-01-08T14:36:27+00:00","dateModified":"2026-01-08T15:29:50+00:00","breadcrumb":{"@id":"https:\/\/mekulo.com\/no\/produkt\/multifunksjonell-eggevisp\/#breadcrumb"},"inLanguage":"nb-NO","potentialAction":[{"@type":"ReadAction","target":["https:\/\/mekulo.com\/no\/produkt\/multifunksjonell-eggevisp\/"]}]},{"@type":"ImageObject","inLanguage":"nb-NO","@id":"https:\/\/mekulo.com\/no\/produkt\/multifunksjonell-eggevisp\/#primaryimage","url":"https:\/\/mekulo.com\/no\/wp-content\/uploads\/sites\/10\/2026\/01\/wy460hz-1.jpg","contentUrl":"https:\/\/mekulo.com\/no\/wp-content\/uploads\/sites\/10\/2026\/01\/wy460hz-1.jpg","width":800,"height":800},{"@type":"BreadcrumbList","@id":"https:\/\/mekulo.com\/no\/produkt\/multifunksjonell-eggevisp\/#breadcrumb","itemListElement":[{"@type":"ListItem","position":1,"name":"Home","item":"https:\/\/mekulo.com\/no\/"},{"@type":"ListItem","position":2,"name":"Butikk","item":"https:\/\/mekulo.com\/no\/butikk\/"},{"@type":"ListItem","position":3,"name":"Multifunksjonell eggevisp"}]},{"@type":"WebSite","@id":"https:\/\/mekulo.com\/no\/#website","url":"https:\/\/mekulo.com\/no\/","name":"Mekulo NO","description":"","publisher":{"@id":"https:\/\/mekulo.com\/no\/#organization"},"potentialAction":[{"@type":"SearchAction","target":{"@type":"EntryPoint","urlTemplate":"https:\/\/mekulo.com\/no\/?s={search_term_string}"},"query-input":{"@type":"PropertyValueSpecification","valueRequired":true,"valueName":"search_term_string"}}],"inLanguage":"nb-NO"},{"@type":"Organization","@id":"https:\/\/mekulo.com\/no\/#organization","name":"Mekulo","url":"https:\/\/mekulo.com\/no\/","logo":{"@type":"ImageObject","inLanguage":"nb-NO","@id":"https:\/\/mekulo.com\/no\/#\/schema\/logo\/image\/","url":"https:\/\/mekulo.com\/no\/wp-content\/uploads\/sites\/10\/2025\/12\/favicon_mekulo.png","contentUrl":"https:\/\/mekulo.com\/no\/wp-content\/uploads\/sites\/10\/2025\/12\/favicon_mekulo.png","width":50,"height":50,"caption":"Mekulo"},"image":{"@id":"https:\/\/mekulo.com\/no\/#\/schema\/logo\/image\/"}}]}},"_links":{"self":[{"href":"https:\/\/mekulo.com\/no\/wp-json\/wp\/v2\/product\/15830","targetHints":{"allow":["GET"]}}],"collection":[{"href":"https:\/\/mekulo.com\/no\/wp-json\/wp\/v2\/product"}],"about":[{"href":"https:\/\/mekulo.com\/no\/wp-json\/wp\/v2\/types\/product"}],"replies":[{"embeddable":true,"href":"https:\/\/mekulo.com\/no\/wp-json\/wp\/v2\/comments?post=15830"}],"wp:featuredmedia":[{"embeddable":true,"href":"https:\/\/mekulo.com\/no\/wp-json\/wp\/v2\/media\/15826"}],"wp:attachment":[{"href":"https:\/\/mekulo.com\/no\/wp-json\/wp\/v2\/media?parent=15830"}],"wp:term":[{"taxonomy":"product_brand","embeddable":true,"href":"https:\/\/mekulo.com\/no\/wp-json\/wp\/v2\/product_brand?post=15830"},{"taxonomy":"product_cat","embeddable":true,"href":"https:\/\/mekulo.com\/no\/wp-json\/wp\/v2\/product_cat?post=15830"},{"taxonomy":"product_tag","embeddable":true,"href":"https:\/\/mekulo.com\/no\/wp-json\/wp\/v2\/product_tag?post=15830"}],"curies":[{"name":"wp","href":"https:\/\/api.w.org\/{rel}","templated":true}]}}