{"id":15821,"date":"2026-01-08T16:34:56","date_gmt":"2026-01-08T14:34:56","guid":{"rendered":"https:\/\/mekulo.com\/no\/produkt\/flyteventil-i-rustfritt-stal-2-stk\/"},"modified":"2026-01-22T17:48:45","modified_gmt":"2026-01-22T15:48:45","slug":"flyteventil-i-rustfritt-stal-2-stk","status":"publish","type":"product","link":"https:\/\/mekulo.com\/no\/produkt\/flyteventil-i-rustfritt-stal-2-stk\/","title":{"rendered":"Flyteventil i rustfritt st\u00e5l (2 stk)"},"content":{"rendered":"<p style=\"text-align: center;\" data-start=\"52\" data-end=\"146\"><strong>Styrer vanniv\u00e5et automatisk uten str\u00f8m, sparer vann og forhindrer overl\u00f8p. \ud83d\udeb0<\/strong><img fetchpriority=\"high\" decoding=\"async\" class=\" wp-image-47268 aligncenter\" src=\"https:\/\/keluvo.com\/template\/wp-content\/uploads\/sites\/5\/2025\/12\/a1460445-fe60-41d6-8df4-bdf255ddaf8f.gif\" alt=\"\" width=\"502\" height=\"668\" \/><\/p>\n<h2 style=\"text-align: center;\" data-start=\"556\" data-end=\"578\"><strong>\ud83d\udca7 Hovedfordeler<\/strong><\/h2>\n<p data-start=\"581\" data-end=\"649\">\ud83d\udd04 Helautomatisk kontroll &#8211; Ingen brytere eller str\u00f8m n\u00f8dvendig.<\/p>\n<p data-start=\"652\" data-end=\"713\">\ud83d\udeb0 Forhindrer overl\u00f8p &#8211; Stopper vannet p\u00e5 riktig niv\u00e5.<\/p>\n<p data-start=\"716\" data-end=\"782\">\ud83d\udee1\ufe0f Matkvalitets 304 rustfritt st\u00e5l &#8211; Trygt for drikkevann.<\/p>\n<p data-start=\"785\" data-end=\"833\">\ud83d\udccf Kompakt st\u00f8rrelse &#8211; Sparer plass inne i tanker.<\/p>\n<p data-start=\"836\" data-end=\"903\">\ud83d\udcaa H\u00f8y holdbarhet &#8211; Motstandsdyktig mot st\u00f8t, korrosjon og slitasje.<\/p>\n<p data-start=\"906\" data-end=\"975\">\ud83c\udf0d Vannbesparende design &#8211; Lav feilrate og lang levetid.<\/p>\n<p data-start=\"978\" data-end=\"1056\">\ud83c\udfe0 Bredt bruksomr\u00e5de &#8211; Fungerer med tanker, bassenger, t\u00e5rn og solsystemer.<\/p>\n<p data-start=\"978\" data-end=\"1056\"><img decoding=\"async\" class=\" wp-image-47269 aligncenter\" src=\"https:\/\/keluvo.com\/template\/wp-content\/uploads\/sites\/5\/2025\/12\/8374f16e-925e-49db-b107-3357908eb869.gif\" alt=\"\" width=\"500\" height=\"666\" \/><\/p>\n<h2 style=\"text-align: center;\" data-start=\"1063\" data-end=\"1082\"><strong>\u25b6\ufe0f Slik Bruker Du<\/strong><\/h2>\n<ol data-start=\"1083\" data-end=\"1366\">\n<li data-start=\"1083\" data-end=\"1141\">\n<p data-start=\"1086\" data-end=\"1141\">Velg riktig innl\u00f8pstype (topp eller side) og st\u00f8rrelse.<\/p>\n<\/li>\n<li data-start=\"1142\" data-end=\"1189\">\n<p data-start=\"1145\" data-end=\"1189\">Installer ventilen p\u00e5 vanntankinntaket.<\/p>\n<\/li>\n<li data-start=\"1190\" data-end=\"1231\">\n<p data-start=\"1193\" data-end=\"1231\">Koble den til vannforsyningsr\u00f8ret.<\/p>\n<\/li>\n<li data-start=\"1232\" data-end=\"1294\">\n<p data-start=\"1235\" data-end=\"1294\">Juster ventilposisjonen for \u00e5 stille inn \u00f8nsket vannstand.<\/p>\n<\/li>\n<li data-start=\"1295\" data-end=\"1366\">\n<p data-start=\"1298\" data-end=\"1366\">Sl\u00e5 p\u00e5 vannet og la ventilen kontrollere fyllingen automatisk.<\/p>\n<\/li>\n<\/ol>\n<h2 style=\"text-align: center;\" data-start=\"1373\" data-end=\"1397\"><strong>\ud83d\udccf Produktdetaljer<\/strong><\/h2>\n<ul data-start=\"1398\" data-end=\"1706\">\n<li data-start=\"1398\" data-end=\"1431\">\n<p data-start=\"1400\" data-end=\"1431\">Materiale: 304 rustfritt st\u00e5l<\/p>\n<\/li>\n<li data-start=\"1432\" data-end=\"1449\">\n<p data-start=\"1434\" data-end=\"1449\">Farge: S\u00f8lv<\/p>\n<\/li>\n<li data-start=\"1450\" data-end=\"1482\">\n<p data-start=\"1452\" data-end=\"1482\">Tilgjengelige st\u00f8rrelser: 20mm<\/p>\n<\/li>\n<li data-start=\"1483\" data-end=\"1524\">\n<p data-start=\"1485\" data-end=\"1524\">Innl\u00f8pstype: \u00d8vre innl\u00f8p<\/p>\n<\/li>\n<li data-start=\"1525\" data-end=\"1556\">\n<p data-start=\"1527\" data-end=\"1556\">Arbeidstrykk: \u2264 1,0 MPa<\/p>\n<\/li>\n<li data-start=\"1557\" data-end=\"1595\">\n<p data-start=\"1559\" data-end=\"1595\">Minimum arbeidstrykk: \u2265 0,2 kg<\/p>\n<\/li>\n<li data-start=\"1596\" data-end=\"1633\">\n<p data-start=\"1598\" data-end=\"1633\">Temperaturomr\u00e5de: -20\u00b0C til 100\u00b0C<\/p>\n<\/li>\n<li data-start=\"1634\" data-end=\"1706\">\n<p data-start=\"1636\" data-end=\"1706\">Egnet for: Vanntanker, t\u00e5rn, bassenger, soltanker, lagringstanker<\/p>\n<\/li>\n<li data-start=\"1634\" data-end=\"1706\">St\u00f8rrelse: 48 x 72 x 20 mm<\/li>\n<\/ul>\n<h2 style=\"text-align: center;\" data-start=\"1713\" data-end=\"1738\"><strong>\ud83d\udce6 Pakken inneholder<\/strong><\/h2>\n<ul data-start=\"1739\" data-end=\"1791\">\n<li data-start=\"1739\" data-end=\"1791\">\n<p data-start=\"1741\" data-end=\"1791\">2x flott\u00f8rventil i rustfritt st\u00e5l<\/p>\n<\/li>\n<li data-start=\"1739\" data-end=\"1791\">\n<p data-start=\"1741\" data-end=\"1791\">2x r\u00e5stoffbelte.<\/p>\n<\/li>\n<\/ul>\n","protected":false},"excerpt":{"rendered":"<p style=\"text-align: left;\" data-start=\"171\" data-end=\"549\">Denne flott\u00f8rventilen i rustfritt st\u00e5l \u00e5pnes og lukkes automatisk basert p\u00e5 vanniv\u00e5et, slik at tankene holdes fylt p\u00e5 riktig niv\u00e5 uten manuell kontroll. Den er laget av rustfritt st\u00e5l 304 i matvarekvalitet og er trygg for drikkevann, sv\u00e6rt holdbar og mer effektiv enn tradisjonelle flott\u00f8rkuleventiler. Den kompakte designen gir sterk vannstr\u00f8m samtidig som den tar sv\u00e6rt liten plass.<\/p>\n<p data-start=\"171\" data-end=\"549\">\n","protected":false},"featured_media":15817,"comment_status":"open","ping_status":"closed","template":"","meta":{"site-sidebar-layout":"default","site-content-layout":"","ast-site-content-layout":"default","site-content-style":"default","site-sidebar-style":"default","ast-global-header-display":"","ast-banner-title-visibility":"","ast-main-header-display":"","ast-hfb-above-header-display":"","ast-hfb-below-header-display":"","ast-hfb-mobile-header-display":"","site-post-title":"","ast-breadcrumbs-content":"","ast-featured-img":"","footer-sml-layout":"","theme-transparent-header-meta":"default","adv-header-id-meta":"","stick-header-meta":"","header-above-stick-meta":"","header-main-stick-meta":"","header-below-stick-meta":"","astra-migrate-meta-layouts":"set","ast-page-background-enabled":"default","ast-page-background-meta":{"desktop":{"background-color":"var(--ast-global-color-5)","background-image":"","background-repeat":"repeat","background-position":"center center","background-size":"auto","background-attachment":"scroll","background-type":"","background-media":"","overlay-type":"","overlay-color":"","overlay-opacity":"","overlay-gradient":""},"tablet":{"background-color":"","background-image":"","background-repeat":"repeat","background-position":"center center","background-size":"auto","background-attachment":"scroll","background-type":"","background-media":"","overlay-type":"","overlay-color":"","overlay-opacity":"","overlay-gradient":""},"mobile":{"background-color":"","background-image":"","background-repeat":"repeat","background-position":"center center","background-size":"auto","background-attachment":"scroll","background-type":"","background-media":"","overlay-type":"","overlay-color":"","overlay-opacity":"","overlay-gradient":""}},"ast-content-background-meta":{"desktop":{"background-color":"var(--ast-global-color-4)","background-image":"","background-repeat":"repeat","background-position":"center center","background-size":"auto","background-attachment":"scroll","background-type":"","background-media":"","overlay-type":"","overlay-color":"","overlay-opacity":"","overlay-gradient":""},"tablet":{"background-color":"var(--ast-global-color-4)","background-image":"","background-repeat":"repeat","background-position":"center center","background-size":"auto","background-attachment":"scroll","background-type":"","background-media":"","overlay-type":"","overlay-color":"","overlay-opacity":"","overlay-gradient":""},"mobile":{"background-color":"var(--ast-global-color-4)","background-image":"","background-repeat":"repeat","background-position":"center center","background-size":"auto","background-attachment":"scroll","background-type":"","background-media":"","overlay-type":"","overlay-color":"","overlay-opacity":"","overlay-gradient":""}}},"product_brand":[],"product_cat":[15],"product_tag":[],"class_list":{"0":"post-15821","1":"product","2":"type-product","3":"status-publish","4":"has-post-thumbnail","6":"product_cat-uncategorized","7":"desktop-align-left","8":"tablet-align-left","9":"mobile-align-left","11":"first","12":"instock","13":"shipping-taxable","14":"purchasable","15":"product-type-simple"},"yoast_head":"<!-- This site is optimized with the Yoast SEO plugin v26.6 - https:\/\/yoast.com\/wordpress\/plugins\/seo\/ -->\n<title>Flyteventil i rustfritt st\u00e5l (2 stk) - Mekulo NO<\/title>\n<meta name=\"robots\" content=\"index, follow, max-snippet:-1, max-image-preview:large, max-video-preview:-1\" \/>\n<link rel=\"canonical\" href=\"https:\/\/mekulo.com\/no\/produkt\/flyteventil-i-rustfritt-stal-2-stk\/\" \/>\n<meta property=\"og:locale\" content=\"nb_NO\" \/>\n<meta property=\"og:type\" content=\"article\" \/>\n<meta property=\"og:title\" content=\"Flyteventil i rustfritt st\u00e5l (2 stk) - Mekulo NO\" \/>\n<meta property=\"og:description\" content=\"Denne flott\u00f8rventilen i rustfritt st\u00e5l \u00e5pnes og lukkes automatisk basert p\u00e5 vanniv\u00e5et, slik at tankene holdes fylt p\u00e5 riktig niv\u00e5 uten manuell kontroll. Den er laget av rustfritt st\u00e5l 304 i matvarekvalitet og er trygg for drikkevann, sv\u00e6rt holdbar og mer effektiv enn tradisjonelle flott\u00f8rkuleventiler. Den kompakte designen gir sterk vannstr\u00f8m samtidig som den tar sv\u00e6rt liten plass.\" \/>\n<meta property=\"og:url\" content=\"https:\/\/mekulo.com\/no\/produkt\/flyteventil-i-rustfritt-stal-2-stk\/\" \/>\n<meta property=\"og:site_name\" content=\"Mekulo NO\" \/>\n<meta property=\"article:modified_time\" content=\"2026-01-22T15:48:45+00:00\" \/>\n<meta property=\"og:image\" content=\"https:\/\/mekulo.com\/no\/wp-content\/uploads\/sites\/10\/2026\/01\/bq3nukb-1.jpg\" \/>\n\t<meta property=\"og:image:width\" content=\"800\" \/>\n\t<meta property=\"og:image:height\" content=\"829\" \/>\n\t<meta property=\"og:image:type\" content=\"image\/jpeg\" \/>\n<meta name=\"twitter:card\" content=\"summary_large_image\" \/>\n<meta name=\"twitter:label1\" content=\"Ansl. lesetid\" \/>\n\t<meta name=\"twitter:data1\" content=\"2 minutter\" \/>\n<script type=\"application\/ld+json\" class=\"yoast-schema-graph\">{\"@context\":\"https:\/\/schema.org\",\"@graph\":[{\"@type\":\"WebPage\",\"@id\":\"https:\/\/mekulo.com\/no\/produkt\/flyteventil-i-rustfritt-stal-2-stk\/\",\"url\":\"https:\/\/mekulo.com\/no\/produkt\/flyteventil-i-rustfritt-stal-2-stk\/\",\"name\":\"Flyteventil i rustfritt st\u00e5l (2 stk) - Mekulo NO\",\"isPartOf\":{\"@id\":\"https:\/\/mekulo.com\/no\/#website\"},\"primaryImageOfPage\":{\"@id\":\"https:\/\/mekulo.com\/no\/produkt\/flyteventil-i-rustfritt-stal-2-stk\/#primaryimage\"},\"image\":{\"@id\":\"https:\/\/mekulo.com\/no\/produkt\/flyteventil-i-rustfritt-stal-2-stk\/#primaryimage\"},\"thumbnailUrl\":\"https:\/\/mekulo.com\/no\/wp-content\/uploads\/sites\/10\/2026\/01\/bq3nukb-1.jpg\",\"datePublished\":\"2026-01-08T14:34:56+00:00\",\"dateModified\":\"2026-01-22T15:48:45+00:00\",\"breadcrumb\":{\"@id\":\"https:\/\/mekulo.com\/no\/produkt\/flyteventil-i-rustfritt-stal-2-stk\/#breadcrumb\"},\"inLanguage\":\"nb-NO\",\"potentialAction\":[{\"@type\":\"ReadAction\",\"target\":[\"https:\/\/mekulo.com\/no\/produkt\/flyteventil-i-rustfritt-stal-2-stk\/\"]}]},{\"@type\":\"ImageObject\",\"inLanguage\":\"nb-NO\",\"@id\":\"https:\/\/mekulo.com\/no\/produkt\/flyteventil-i-rustfritt-stal-2-stk\/#primaryimage\",\"url\":\"https:\/\/mekulo.com\/no\/wp-content\/uploads\/sites\/10\/2026\/01\/bq3nukb-1.jpg\",\"contentUrl\":\"https:\/\/mekulo.com\/no\/wp-content\/uploads\/sites\/10\/2026\/01\/bq3nukb-1.jpg\",\"width\":800,\"height\":829},{\"@type\":\"BreadcrumbList\",\"@id\":\"https:\/\/mekulo.com\/no\/produkt\/flyteventil-i-rustfritt-stal-2-stk\/#breadcrumb\",\"itemListElement\":[{\"@type\":\"ListItem\",\"position\":1,\"name\":\"Home\",\"item\":\"https:\/\/mekulo.com\/no\/\"},{\"@type\":\"ListItem\",\"position\":2,\"name\":\"Butikk\",\"item\":\"https:\/\/mekulo.com\/no\/butikk\/\"},{\"@type\":\"ListItem\",\"position\":3,\"name\":\"Flyteventil i rustfritt st\u00e5l (2 stk)\"}]},{\"@type\":\"WebSite\",\"@id\":\"https:\/\/mekulo.com\/no\/#website\",\"url\":\"https:\/\/mekulo.com\/no\/\",\"name\":\"Mekulo NO\",\"description\":\"\",\"publisher\":{\"@id\":\"https:\/\/mekulo.com\/no\/#organization\"},\"potentialAction\":[{\"@type\":\"SearchAction\",\"target\":{\"@type\":\"EntryPoint\",\"urlTemplate\":\"https:\/\/mekulo.com\/no\/?s={search_term_string}\"},\"query-input\":{\"@type\":\"PropertyValueSpecification\",\"valueRequired\":true,\"valueName\":\"search_term_string\"}}],\"inLanguage\":\"nb-NO\"},{\"@type\":\"Organization\",\"@id\":\"https:\/\/mekulo.com\/no\/#organization\",\"name\":\"Mekulo\",\"url\":\"https:\/\/mekulo.com\/no\/\",\"logo\":{\"@type\":\"ImageObject\",\"inLanguage\":\"nb-NO\",\"@id\":\"https:\/\/mekulo.com\/no\/#\/schema\/logo\/image\/\",\"url\":\"https:\/\/mekulo.com\/no\/wp-content\/uploads\/sites\/10\/2025\/12\/favicon_mekulo.png\",\"contentUrl\":\"https:\/\/mekulo.com\/no\/wp-content\/uploads\/sites\/10\/2025\/12\/favicon_mekulo.png\",\"width\":50,\"height\":50,\"caption\":\"Mekulo\"},\"image\":{\"@id\":\"https:\/\/mekulo.com\/no\/#\/schema\/logo\/image\/\"}}]}<\/script>\n<!-- \/ Yoast SEO plugin. -->","yoast_head_json":{"title":"Flyteventil i rustfritt st\u00e5l (2 stk) - Mekulo NO","robots":{"index":"index","follow":"follow","max-snippet":"max-snippet:-1","max-image-preview":"max-image-preview:large","max-video-preview":"max-video-preview:-1"},"canonical":"https:\/\/mekulo.com\/no\/produkt\/flyteventil-i-rustfritt-stal-2-stk\/","og_locale":"nb_NO","og_type":"article","og_title":"Flyteventil i rustfritt st\u00e5l (2 stk) - Mekulo NO","og_description":"Denne flott\u00f8rventilen i rustfritt st\u00e5l \u00e5pnes og lukkes automatisk basert p\u00e5 vanniv\u00e5et, slik at tankene holdes fylt p\u00e5 riktig niv\u00e5 uten manuell kontroll. Den er laget av rustfritt st\u00e5l 304 i matvarekvalitet og er trygg for drikkevann, sv\u00e6rt holdbar og mer effektiv enn tradisjonelle flott\u00f8rkuleventiler. Den kompakte designen gir sterk vannstr\u00f8m samtidig som den tar sv\u00e6rt liten plass.","og_url":"https:\/\/mekulo.com\/no\/produkt\/flyteventil-i-rustfritt-stal-2-stk\/","og_site_name":"Mekulo NO","article_modified_time":"2026-01-22T15:48:45+00:00","og_image":[{"width":800,"height":829,"url":"https:\/\/mekulo.com\/no\/wp-content\/uploads\/sites\/10\/2026\/01\/bq3nukb-1.jpg","type":"image\/jpeg"}],"twitter_card":"summary_large_image","twitter_misc":{"Ansl. lesetid":"2 minutter"},"schema":{"@context":"https:\/\/schema.org","@graph":[{"@type":"WebPage","@id":"https:\/\/mekulo.com\/no\/produkt\/flyteventil-i-rustfritt-stal-2-stk\/","url":"https:\/\/mekulo.com\/no\/produkt\/flyteventil-i-rustfritt-stal-2-stk\/","name":"Flyteventil i rustfritt st\u00e5l (2 stk) - Mekulo NO","isPartOf":{"@id":"https:\/\/mekulo.com\/no\/#website"},"primaryImageOfPage":{"@id":"https:\/\/mekulo.com\/no\/produkt\/flyteventil-i-rustfritt-stal-2-stk\/#primaryimage"},"image":{"@id":"https:\/\/mekulo.com\/no\/produkt\/flyteventil-i-rustfritt-stal-2-stk\/#primaryimage"},"thumbnailUrl":"https:\/\/mekulo.com\/no\/wp-content\/uploads\/sites\/10\/2026\/01\/bq3nukb-1.jpg","datePublished":"2026-01-08T14:34:56+00:00","dateModified":"2026-01-22T15:48:45+00:00","breadcrumb":{"@id":"https:\/\/mekulo.com\/no\/produkt\/flyteventil-i-rustfritt-stal-2-stk\/#breadcrumb"},"inLanguage":"nb-NO","potentialAction":[{"@type":"ReadAction","target":["https:\/\/mekulo.com\/no\/produkt\/flyteventil-i-rustfritt-stal-2-stk\/"]}]},{"@type":"ImageObject","inLanguage":"nb-NO","@id":"https:\/\/mekulo.com\/no\/produkt\/flyteventil-i-rustfritt-stal-2-stk\/#primaryimage","url":"https:\/\/mekulo.com\/no\/wp-content\/uploads\/sites\/10\/2026\/01\/bq3nukb-1.jpg","contentUrl":"https:\/\/mekulo.com\/no\/wp-content\/uploads\/sites\/10\/2026\/01\/bq3nukb-1.jpg","width":800,"height":829},{"@type":"BreadcrumbList","@id":"https:\/\/mekulo.com\/no\/produkt\/flyteventil-i-rustfritt-stal-2-stk\/#breadcrumb","itemListElement":[{"@type":"ListItem","position":1,"name":"Home","item":"https:\/\/mekulo.com\/no\/"},{"@type":"ListItem","position":2,"name":"Butikk","item":"https:\/\/mekulo.com\/no\/butikk\/"},{"@type":"ListItem","position":3,"name":"Flyteventil i rustfritt st\u00e5l (2 stk)"}]},{"@type":"WebSite","@id":"https:\/\/mekulo.com\/no\/#website","url":"https:\/\/mekulo.com\/no\/","name":"Mekulo NO","description":"","publisher":{"@id":"https:\/\/mekulo.com\/no\/#organization"},"potentialAction":[{"@type":"SearchAction","target":{"@type":"EntryPoint","urlTemplate":"https:\/\/mekulo.com\/no\/?s={search_term_string}"},"query-input":{"@type":"PropertyValueSpecification","valueRequired":true,"valueName":"search_term_string"}}],"inLanguage":"nb-NO"},{"@type":"Organization","@id":"https:\/\/mekulo.com\/no\/#organization","name":"Mekulo","url":"https:\/\/mekulo.com\/no\/","logo":{"@type":"ImageObject","inLanguage":"nb-NO","@id":"https:\/\/mekulo.com\/no\/#\/schema\/logo\/image\/","url":"https:\/\/mekulo.com\/no\/wp-content\/uploads\/sites\/10\/2025\/12\/favicon_mekulo.png","contentUrl":"https:\/\/mekulo.com\/no\/wp-content\/uploads\/sites\/10\/2025\/12\/favicon_mekulo.png","width":50,"height":50,"caption":"Mekulo"},"image":{"@id":"https:\/\/mekulo.com\/no\/#\/schema\/logo\/image\/"}}]}},"_links":{"self":[{"href":"https:\/\/mekulo.com\/no\/wp-json\/wp\/v2\/product\/15821","targetHints":{"allow":["GET"]}}],"collection":[{"href":"https:\/\/mekulo.com\/no\/wp-json\/wp\/v2\/product"}],"about":[{"href":"https:\/\/mekulo.com\/no\/wp-json\/wp\/v2\/types\/product"}],"replies":[{"embeddable":true,"href":"https:\/\/mekulo.com\/no\/wp-json\/wp\/v2\/comments?post=15821"}],"wp:featuredmedia":[{"embeddable":true,"href":"https:\/\/mekulo.com\/no\/wp-json\/wp\/v2\/media\/15817"}],"wp:attachment":[{"href":"https:\/\/mekulo.com\/no\/wp-json\/wp\/v2\/media?parent=15821"}],"wp:term":[{"taxonomy":"product_brand","embeddable":true,"href":"https:\/\/mekulo.com\/no\/wp-json\/wp\/v2\/product_brand?post=15821"},{"taxonomy":"product_cat","embeddable":true,"href":"https:\/\/mekulo.com\/no\/wp-json\/wp\/v2\/product_cat?post=15821"},{"taxonomy":"product_tag","embeddable":true,"href":"https:\/\/mekulo.com\/no\/wp-json\/wp\/v2\/product_tag?post=15821"}],"curies":[{"name":"wp","href":"https:\/\/api.w.org\/{rel}","templated":true}]}}