{"id":15757,"date":"2026-01-08T16:29:39","date_gmt":"2026-01-08T14:29:39","guid":{"rendered":"https:\/\/mekulo.com\/no\/produkt\/dusjskrape\/"},"modified":"2026-01-08T17:24:30","modified_gmt":"2026-01-08T15:24:30","slug":"dusjskrape","status":"publish","type":"product","link":"https:\/\/mekulo.com\/no\/produkt\/dusjskrape\/","title":{"rendered":"Dusjskrape"},"content":{"rendered":"<p style=\"text-align: center;\" data-start=\"40\" data-end=\"125\"><strong>Hold Glass Og Glatte Overflater Rene, T\u00f8rre Og Stripefrie Med Bare Noen F\u00e5, Raske Kluter. \ud83e\ude9f<\/strong><\/p>\n<p data-start=\"150\" data-end=\"529\"><img fetchpriority=\"high\" decoding=\"async\" class=\"size-full wp-image-47213 aligncenter\" src=\"https:\/\/keluvo.com\/template\/wp-content\/uploads\/sites\/5\/2025\/12\/1221-ezgif.com-video-to-webp-converter-1.webp\" alt=\"\" width=\"500\" height=\"500\" \/><\/p>\n<h2 style=\"text-align: center;\" data-start=\"536\" data-end=\"557\"><strong>\u2728 Hovedfordeler<\/strong><\/h2>\n<p data-start=\"560\" data-end=\"632\">\ud83d\udebf Rengj\u00f8ring uten striper &#8211; Fjerner vann- og s\u00e5pemerker i \u00e9n omgang.<\/p>\n<p data-start=\"635\" data-end=\"722\">\ud83e\ude9f Allsidig bruk &#8211; Ideell for dusjd\u00f8rer, speil, vinduer, fliser og bilglass.<\/p>\n<p data-start=\"725\" data-end=\"792\">\u270b Ergonomisk h\u00e5ndtak &#8211; Komfortabelt, sklisikkert grep selv n\u00e5r det er v\u00e5tt.<\/p>\n<p data-start=\"795\" data-end=\"867\">\ud83e\udeb6 Lett og slitesterk &#8211; Enkel \u00e5 bruke og konstruert for langvarig bruk.<\/p>\n<p data-start=\"870\" data-end=\"944\">\ud83e\uddfc Sk\u00e5nsom, men effektiv &#8211; Sikker for glatte overflater uten riper.<\/p>\n<p data-start=\"947\" data-end=\"1026\">\ud83e\ude9d Enkel oppbevaring &#8211; Innebygd opphengshull for rask t\u00f8rking og ryddig oppbevaring.<\/p>\n<p data-start=\"947\" data-end=\"1026\"><img decoding=\"async\" class=\"size-full wp-image-47212 aligncenter\" src=\"https:\/\/keluvo.com\/template\/wp-content\/uploads\/sites\/5\/2025\/12\/12211-ezgif.com-video-to-webp-converter-1.webp\" alt=\"\" width=\"500\" height=\"500\" \/><\/p>\n<h2 style=\"text-align: center;\" data-start=\"1033\" data-end=\"1052\"><strong>\u25b6\ufe0f Slik Bruker Du Nalen<\/strong><\/h2>\n<ol data-start=\"1053\" data-end=\"1300\">\n<li data-start=\"1053\" data-end=\"1097\">\n<p data-start=\"1056\" data-end=\"1097\">Hold nalen godt fast i h\u00e5ndtaket.<\/p>\n<\/li>\n<li data-start=\"1098\" data-end=\"1145\">\n<p data-start=\"1101\" data-end=\"1145\">Plasser bladet \u00f8verst p\u00e5 overflaten.<\/p>\n<\/li>\n<li data-start=\"1146\" data-end=\"1197\">\n<p data-start=\"1149\" data-end=\"1197\">Dra nedover eller over med et lett, jevnt trykk.<\/p>\n<\/li>\n<li data-start=\"1198\" data-end=\"1249\">\n<p data-start=\"1201\" data-end=\"1249\">T\u00f8rk av bladet ved behov og gjenta til det er t\u00f8rt.<\/p>\n<\/li>\n<li data-start=\"1250\" data-end=\"1300\">\n<p data-start=\"1253\" data-end=\"1300\">Heng nalen opp etter bruk for enkel oppbevaring.<\/p>\n<\/li>\n<\/ol>\n<h2 style=\"text-align: center;\" data-start=\"1307\" data-end=\"1331\"><strong>\ud83d\udccf Produktdetaljer<\/strong><\/h2>\n<ul data-start=\"1332\" data-end=\"1651\">\n<li data-start=\"1383\" data-end=\"1425\">\n<p data-start=\"1385\" data-end=\"1425\">Materiale: Slitesterk plast av h\u00f8y kvalitet<\/p>\n<\/li>\n<li data-start=\"1426\" data-end=\"1464\">\n<p data-start=\"1428\" data-end=\"1464\">Design: Ergonomisk, sklisikkert h\u00e5ndtak<\/p>\n<\/li>\n<li data-start=\"1465\" data-end=\"1497\">\n<p data-start=\"1467\" data-end=\"1497\">Varmebestandighet: Opp til 105 \u00b0C<\/p>\n<\/li>\n<li data-start=\"1498\" data-end=\"1583\">\n<p data-start=\"1500\" data-end=\"1583\">Egnede overflater: Glass, speil, fliser, vinduer, glatte, flate eller buede overflater<\/p>\n<\/li>\n<li data-start=\"1584\" data-end=\"1651\">\n<p data-start=\"1586\" data-end=\"1651\">Anvendelse: Baderom, kj\u00f8kken, bil, uteplass, innend\u00f8rs og utend\u00f8rs rengj\u00f8ring<\/p>\n<\/li>\n<li data-start=\"1584\" data-end=\"1651\">St\u00f8rrelse: 25,7 x 21,5 cm<\/li>\n<\/ul>\n<h2 style=\"text-align: center;\" data-start=\"1658\" data-end=\"1683\"><strong>\ud83d\udce6 Pakken inneholder<\/strong><\/h2>\n<ul data-start=\"1684\" data-end=\"1707\">\n<li data-start=\"1684\" data-end=\"1707\">\n<p data-start=\"1686\" data-end=\"1707\">1, 2, 3x dusjskrape.<\/p>\n<\/li>\n<\/ul>\n","protected":false},"excerpt":{"rendered":"<p>Denne dusjskrapen er utviklet for \u00e5 fjerne vann, s\u00e5perester og dampflekker umiddelbart fra glass, fliser og andre glatte overflater. Den ergonomiske formen og den lette vekten gj\u00f8r den daglige rengj\u00f8ringen enkel, og bidrar til \u00e5 forhindre vannflekker, muggdannelse og duggete overflater p\u00e5 badet og andre steder. Den er perfekt for hjemmebruk eller profesjonell bruk, og gir raske resultater med minimal innsats.<\/p>\n","protected":false},"featured_media":15753,"comment_status":"open","ping_status":"closed","template":"","meta":{"site-sidebar-layout":"default","site-content-layout":"","ast-site-content-layout":"default","site-content-style":"default","site-sidebar-style":"default","ast-global-header-display":"","ast-banner-title-visibility":"","ast-main-header-display":"","ast-hfb-above-header-display":"","ast-hfb-below-header-display":"","ast-hfb-mobile-header-display":"","site-post-title":"","ast-breadcrumbs-content":"","ast-featured-img":"","footer-sml-layout":"","theme-transparent-header-meta":"default","adv-header-id-meta":"","stick-header-meta":"","header-above-stick-meta":"","header-main-stick-meta":"","header-below-stick-meta":"","astra-migrate-meta-layouts":"set","ast-page-background-enabled":"default","ast-page-background-meta":{"desktop":{"background-color":"var(--ast-global-color-5)","background-image":"","background-repeat":"repeat","background-position":"center center","background-size":"auto","background-attachment":"scroll","background-type":"","background-media":"","overlay-type":"","overlay-color":"","overlay-opacity":"","overlay-gradient":""},"tablet":{"background-color":"","background-image":"","background-repeat":"repeat","background-position":"center center","background-size":"auto","background-attachment":"scroll","background-type":"","background-media":"","overlay-type":"","overlay-color":"","overlay-opacity":"","overlay-gradient":""},"mobile":{"background-color":"","background-image":"","background-repeat":"repeat","background-position":"center center","background-size":"auto","background-attachment":"scroll","background-type":"","background-media":"","overlay-type":"","overlay-color":"","overlay-opacity":"","overlay-gradient":""}},"ast-content-background-meta":{"desktop":{"background-color":"var(--ast-global-color-4)","background-image":"","background-repeat":"repeat","background-position":"center center","background-size":"auto","background-attachment":"scroll","background-type":"","background-media":"","overlay-type":"","overlay-color":"","overlay-opacity":"","overlay-gradient":""},"tablet":{"background-color":"var(--ast-global-color-4)","background-image":"","background-repeat":"repeat","background-position":"center center","background-size":"auto","background-attachment":"scroll","background-type":"","background-media":"","overlay-type":"","overlay-color":"","overlay-opacity":"","overlay-gradient":""},"mobile":{"background-color":"var(--ast-global-color-4)","background-image":"","background-repeat":"repeat","background-position":"center center","background-size":"auto","background-attachment":"scroll","background-type":"","background-media":"","overlay-type":"","overlay-color":"","overlay-opacity":"","overlay-gradient":""}}},"product_brand":[],"product_cat":[15],"product_tag":[],"class_list":{"0":"post-15757","1":"product","2":"type-product","3":"status-publish","4":"has-post-thumbnail","6":"product_cat-uncategorized","7":"pa_63770_1j5ovqmt-bla","8":"pa_63770_1j5ovqmt-gul","9":"pa_63770_1j5ovqmt-hvit","10":"pa_63770_ccb3vmpx-1-stk","11":"pa_63770_ccb3vmpx-2-stk","12":"pa_63770_ccb3vmpx-3-stk","13":"desktop-align-left","14":"tablet-align-left","15":"mobile-align-left","17":"first","18":"instock","19":"shipping-taxable","20":"purchasable","21":"product-type-variable","22":"has-default-attributes"},"yoast_head":"<!-- This site is optimized with the Yoast SEO plugin v26.6 - https:\/\/yoast.com\/wordpress\/plugins\/seo\/ -->\n<title>Dusjskrape - Mekulo NO<\/title>\n<meta name=\"robots\" content=\"index, follow, max-snippet:-1, max-image-preview:large, max-video-preview:-1\" \/>\n<link rel=\"canonical\" href=\"https:\/\/mekulo.com\/no\/produkt\/dusjskrape\/\" \/>\n<meta property=\"og:locale\" content=\"nb_NO\" \/>\n<meta property=\"og:type\" content=\"article\" \/>\n<meta property=\"og:title\" content=\"Dusjskrape - Mekulo NO\" \/>\n<meta property=\"og:description\" content=\"Denne dusjskrapen er utviklet for \u00e5 fjerne vann, s\u00e5perester og dampflekker umiddelbart fra glass, fliser og andre glatte overflater. Den ergonomiske formen og den lette vekten gj\u00f8r den daglige rengj\u00f8ringen enkel, og bidrar til \u00e5 forhindre vannflekker, muggdannelse og duggete overflater p\u00e5 badet og andre steder. Den er perfekt for hjemmebruk eller profesjonell bruk, og gir raske resultater med minimal innsats.\" \/>\n<meta property=\"og:url\" content=\"https:\/\/mekulo.com\/no\/produkt\/dusjskrape\/\" \/>\n<meta property=\"og:site_name\" content=\"Mekulo NO\" \/>\n<meta property=\"article:modified_time\" content=\"2026-01-08T15:24:30+00:00\" \/>\n<meta property=\"og:image\" content=\"https:\/\/mekulo.com\/no\/wp-content\/uploads\/sites\/10\/2026\/01\/nm3l2b0-1.jpg\" \/>\n\t<meta property=\"og:image:width\" content=\"900\" \/>\n\t<meta property=\"og:image:height\" content=\"900\" \/>\n\t<meta property=\"og:image:type\" content=\"image\/jpeg\" \/>\n<meta name=\"twitter:card\" content=\"summary_large_image\" \/>\n<meta name=\"twitter:label1\" content=\"Ansl. lesetid\" \/>\n\t<meta name=\"twitter:data1\" content=\"2 minutter\" \/>\n<script type=\"application\/ld+json\" class=\"yoast-schema-graph\">{\"@context\":\"https:\/\/schema.org\",\"@graph\":[{\"@type\":\"WebPage\",\"@id\":\"https:\/\/mekulo.com\/no\/produkt\/dusjskrape\/\",\"url\":\"https:\/\/mekulo.com\/no\/produkt\/dusjskrape\/\",\"name\":\"Dusjskrape - Mekulo NO\",\"isPartOf\":{\"@id\":\"https:\/\/mekulo.com\/no\/#website\"},\"primaryImageOfPage\":{\"@id\":\"https:\/\/mekulo.com\/no\/produkt\/dusjskrape\/#primaryimage\"},\"image\":{\"@id\":\"https:\/\/mekulo.com\/no\/produkt\/dusjskrape\/#primaryimage\"},\"thumbnailUrl\":\"https:\/\/mekulo.com\/no\/wp-content\/uploads\/sites\/10\/2026\/01\/nm3l2b0-1.jpg\",\"datePublished\":\"2026-01-08T14:29:39+00:00\",\"dateModified\":\"2026-01-08T15:24:30+00:00\",\"breadcrumb\":{\"@id\":\"https:\/\/mekulo.com\/no\/produkt\/dusjskrape\/#breadcrumb\"},\"inLanguage\":\"nb-NO\",\"potentialAction\":[{\"@type\":\"ReadAction\",\"target\":[\"https:\/\/mekulo.com\/no\/produkt\/dusjskrape\/\"]}]},{\"@type\":\"ImageObject\",\"inLanguage\":\"nb-NO\",\"@id\":\"https:\/\/mekulo.com\/no\/produkt\/dusjskrape\/#primaryimage\",\"url\":\"https:\/\/mekulo.com\/no\/wp-content\/uploads\/sites\/10\/2026\/01\/nm3l2b0-1.jpg\",\"contentUrl\":\"https:\/\/mekulo.com\/no\/wp-content\/uploads\/sites\/10\/2026\/01\/nm3l2b0-1.jpg\",\"width\":900,\"height\":900},{\"@type\":\"BreadcrumbList\",\"@id\":\"https:\/\/mekulo.com\/no\/produkt\/dusjskrape\/#breadcrumb\",\"itemListElement\":[{\"@type\":\"ListItem\",\"position\":1,\"name\":\"Home\",\"item\":\"https:\/\/mekulo.com\/no\/\"},{\"@type\":\"ListItem\",\"position\":2,\"name\":\"Butikk\",\"item\":\"https:\/\/mekulo.com\/no\/butikk\/\"},{\"@type\":\"ListItem\",\"position\":3,\"name\":\"Dusjskrape\"}]},{\"@type\":\"WebSite\",\"@id\":\"https:\/\/mekulo.com\/no\/#website\",\"url\":\"https:\/\/mekulo.com\/no\/\",\"name\":\"Mekulo NO\",\"description\":\"\",\"publisher\":{\"@id\":\"https:\/\/mekulo.com\/no\/#organization\"},\"potentialAction\":[{\"@type\":\"SearchAction\",\"target\":{\"@type\":\"EntryPoint\",\"urlTemplate\":\"https:\/\/mekulo.com\/no\/?s={search_term_string}\"},\"query-input\":{\"@type\":\"PropertyValueSpecification\",\"valueRequired\":true,\"valueName\":\"search_term_string\"}}],\"inLanguage\":\"nb-NO\"},{\"@type\":\"Organization\",\"@id\":\"https:\/\/mekulo.com\/no\/#organization\",\"name\":\"Mekulo\",\"url\":\"https:\/\/mekulo.com\/no\/\",\"logo\":{\"@type\":\"ImageObject\",\"inLanguage\":\"nb-NO\",\"@id\":\"https:\/\/mekulo.com\/no\/#\/schema\/logo\/image\/\",\"url\":\"https:\/\/mekulo.com\/no\/wp-content\/uploads\/sites\/10\/2025\/12\/favicon_mekulo.png\",\"contentUrl\":\"https:\/\/mekulo.com\/no\/wp-content\/uploads\/sites\/10\/2025\/12\/favicon_mekulo.png\",\"width\":50,\"height\":50,\"caption\":\"Mekulo\"},\"image\":{\"@id\":\"https:\/\/mekulo.com\/no\/#\/schema\/logo\/image\/\"}}]}<\/script>\n<!-- \/ Yoast SEO plugin. -->","yoast_head_json":{"title":"Dusjskrape - Mekulo NO","robots":{"index":"index","follow":"follow","max-snippet":"max-snippet:-1","max-image-preview":"max-image-preview:large","max-video-preview":"max-video-preview:-1"},"canonical":"https:\/\/mekulo.com\/no\/produkt\/dusjskrape\/","og_locale":"nb_NO","og_type":"article","og_title":"Dusjskrape - Mekulo NO","og_description":"Denne dusjskrapen er utviklet for \u00e5 fjerne vann, s\u00e5perester og dampflekker umiddelbart fra glass, fliser og andre glatte overflater. Den ergonomiske formen og den lette vekten gj\u00f8r den daglige rengj\u00f8ringen enkel, og bidrar til \u00e5 forhindre vannflekker, muggdannelse og duggete overflater p\u00e5 badet og andre steder. Den er perfekt for hjemmebruk eller profesjonell bruk, og gir raske resultater med minimal innsats.","og_url":"https:\/\/mekulo.com\/no\/produkt\/dusjskrape\/","og_site_name":"Mekulo NO","article_modified_time":"2026-01-08T15:24:30+00:00","og_image":[{"width":900,"height":900,"url":"https:\/\/mekulo.com\/no\/wp-content\/uploads\/sites\/10\/2026\/01\/nm3l2b0-1.jpg","type":"image\/jpeg"}],"twitter_card":"summary_large_image","twitter_misc":{"Ansl. lesetid":"2 minutter"},"schema":{"@context":"https:\/\/schema.org","@graph":[{"@type":"WebPage","@id":"https:\/\/mekulo.com\/no\/produkt\/dusjskrape\/","url":"https:\/\/mekulo.com\/no\/produkt\/dusjskrape\/","name":"Dusjskrape - Mekulo NO","isPartOf":{"@id":"https:\/\/mekulo.com\/no\/#website"},"primaryImageOfPage":{"@id":"https:\/\/mekulo.com\/no\/produkt\/dusjskrape\/#primaryimage"},"image":{"@id":"https:\/\/mekulo.com\/no\/produkt\/dusjskrape\/#primaryimage"},"thumbnailUrl":"https:\/\/mekulo.com\/no\/wp-content\/uploads\/sites\/10\/2026\/01\/nm3l2b0-1.jpg","datePublished":"2026-01-08T14:29:39+00:00","dateModified":"2026-01-08T15:24:30+00:00","breadcrumb":{"@id":"https:\/\/mekulo.com\/no\/produkt\/dusjskrape\/#breadcrumb"},"inLanguage":"nb-NO","potentialAction":[{"@type":"ReadAction","target":["https:\/\/mekulo.com\/no\/produkt\/dusjskrape\/"]}]},{"@type":"ImageObject","inLanguage":"nb-NO","@id":"https:\/\/mekulo.com\/no\/produkt\/dusjskrape\/#primaryimage","url":"https:\/\/mekulo.com\/no\/wp-content\/uploads\/sites\/10\/2026\/01\/nm3l2b0-1.jpg","contentUrl":"https:\/\/mekulo.com\/no\/wp-content\/uploads\/sites\/10\/2026\/01\/nm3l2b0-1.jpg","width":900,"height":900},{"@type":"BreadcrumbList","@id":"https:\/\/mekulo.com\/no\/produkt\/dusjskrape\/#breadcrumb","itemListElement":[{"@type":"ListItem","position":1,"name":"Home","item":"https:\/\/mekulo.com\/no\/"},{"@type":"ListItem","position":2,"name":"Butikk","item":"https:\/\/mekulo.com\/no\/butikk\/"},{"@type":"ListItem","position":3,"name":"Dusjskrape"}]},{"@type":"WebSite","@id":"https:\/\/mekulo.com\/no\/#website","url":"https:\/\/mekulo.com\/no\/","name":"Mekulo NO","description":"","publisher":{"@id":"https:\/\/mekulo.com\/no\/#organization"},"potentialAction":[{"@type":"SearchAction","target":{"@type":"EntryPoint","urlTemplate":"https:\/\/mekulo.com\/no\/?s={search_term_string}"},"query-input":{"@type":"PropertyValueSpecification","valueRequired":true,"valueName":"search_term_string"}}],"inLanguage":"nb-NO"},{"@type":"Organization","@id":"https:\/\/mekulo.com\/no\/#organization","name":"Mekulo","url":"https:\/\/mekulo.com\/no\/","logo":{"@type":"ImageObject","inLanguage":"nb-NO","@id":"https:\/\/mekulo.com\/no\/#\/schema\/logo\/image\/","url":"https:\/\/mekulo.com\/no\/wp-content\/uploads\/sites\/10\/2025\/12\/favicon_mekulo.png","contentUrl":"https:\/\/mekulo.com\/no\/wp-content\/uploads\/sites\/10\/2025\/12\/favicon_mekulo.png","width":50,"height":50,"caption":"Mekulo"},"image":{"@id":"https:\/\/mekulo.com\/no\/#\/schema\/logo\/image\/"}}]}},"_links":{"self":[{"href":"https:\/\/mekulo.com\/no\/wp-json\/wp\/v2\/product\/15757","targetHints":{"allow":["GET"]}}],"collection":[{"href":"https:\/\/mekulo.com\/no\/wp-json\/wp\/v2\/product"}],"about":[{"href":"https:\/\/mekulo.com\/no\/wp-json\/wp\/v2\/types\/product"}],"replies":[{"embeddable":true,"href":"https:\/\/mekulo.com\/no\/wp-json\/wp\/v2\/comments?post=15757"}],"wp:featuredmedia":[{"embeddable":true,"href":"https:\/\/mekulo.com\/no\/wp-json\/wp\/v2\/media\/15753"}],"wp:attachment":[{"href":"https:\/\/mekulo.com\/no\/wp-json\/wp\/v2\/media?parent=15757"}],"wp:term":[{"taxonomy":"product_brand","embeddable":true,"href":"https:\/\/mekulo.com\/no\/wp-json\/wp\/v2\/product_brand?post=15757"},{"taxonomy":"product_cat","embeddable":true,"href":"https:\/\/mekulo.com\/no\/wp-json\/wp\/v2\/product_cat?post=15757"},{"taxonomy":"product_tag","embeddable":true,"href":"https:\/\/mekulo.com\/no\/wp-json\/wp\/v2\/product_tag?post=15757"}],"curies":[{"name":"wp","href":"https:\/\/api.w.org\/{rel}","templated":true}]}}