{"id":15658,"date":"2026-01-08T16:23:58","date_gmt":"2026-01-08T14:23:58","guid":{"rendered":"https:\/\/mekulo.com\/no\/produkt\/sklisikre-babysko\/"},"modified":"2026-01-08T17:18:50","modified_gmt":"2026-01-08T15:18:50","slug":"sklisikre-babysko","status":"publish","type":"product","link":"https:\/\/mekulo.com\/no\/produkt\/sklisikre-babysko\/","title":{"rendered":"Sklisikre babysko"},"content":{"rendered":"<p style=\"text-align: center;\" data-start=\"44\" data-end=\"116\"><strong>Holder babyen din trygg, stabil og komfortabel med hvert skritt de tar. \ud83d\udc76<\/strong><\/p>\n<p data-start=\"141\" data-end=\"527\"><img fetchpriority=\"high\" decoding=\"async\" class=\"size-full wp-image-47015 aligncenter\" src=\"https:\/\/keluvo.com\/template\/wp-content\/uploads\/sites\/5\/2025\/12\/ChaussuresSouplesRespirantespourBebeMonAdorableBebe6.webp\" alt=\"\" width=\"450\" height=\"450\" \/><\/p>\n<h2 style=\"text-align: center;\" data-start=\"534\" data-end=\"555\"><strong>Hovedfordeler<\/strong><\/h2>\n<p data-start=\"558\" data-end=\"632\">\ud83d\udc76 Total sklisikring &#8211; Mikrosugs\u00e5len griper tak i alle underlag.<\/p>\n<p data-start=\"635\" data-end=\"710\">\ud83e\uddb6 Naturlig bevegelse &#8211; Fleksibel s\u00e5le st\u00f8tter sunn fotutvikling.<\/p>\n<p data-start=\"713\" data-end=\"782\">\ud83c\udf2c\ufe0f Maksimal pusteevne &#8211; Meshstoff holder f\u00f8ttene kj\u00f8lige og t\u00f8rre.<\/p>\n<p data-start=\"785\" data-end=\"856\">\ud83d\udee1\ufe0f T\u00e5beskyttelse &#8211; Forsterket t\u00e5hette absorberer st\u00f8t og slag.<\/p>\n<p data-start=\"859\" data-end=\"932\">\ud83d\udc55 Enkel \u00e5 ta p\u00e5 &#8211; Elastisk krage som sitter godt uten \u00e5 gli av.<\/p>\n<p data-start=\"935\" data-end=\"992\">\ud83d\udc95 Komfort hele dagen &#8211; Myke, allergivennlige materialer.<\/p>\n<p data-start=\"935\" data-end=\"992\"><img decoding=\"async\" class=\"size-full wp-image-47016 aligncenter\" src=\"https:\/\/keluvo.com\/template\/wp-content\/uploads\/sites\/5\/2025\/12\/ChaussuresSouplesRespirantespourBebeMonAdorableBebe9.webp\" alt=\"\" width=\"400\" height=\"400\" \/><\/p>\n<h2 style=\"text-align: center;\" data-start=\"999\" data-end=\"1018\"><strong>Slik Bruker Du Skoen<\/strong><\/h2>\n<ol data-start=\"1019\" data-end=\"1267\">\n<li data-start=\"1019\" data-end=\"1085\">\n<p data-start=\"1022\" data-end=\"1085\">F\u00f8r babyens fot inn i skoen ved hjelp av den elastiske kragen.<\/p>\n<\/li>\n<li data-start=\"1086\" data-end=\"1137\">\n<p data-start=\"1089\" data-end=\"1137\">S\u00f8rg for at h\u00e6len sitter godt for et sikkert grep.<\/p>\n<\/li>\n<li data-start=\"1138\" data-end=\"1201\">\n<p data-start=\"1141\" data-end=\"1201\">La babyen krype, st\u00e5 eller g\u00e5 fritt p\u00e5 alle underlag.<\/p>\n<\/li>\n<li data-start=\"1202\" data-end=\"1267\">\n<p data-start=\"1205\" data-end=\"1267\">Ta den enkelt av ved \u00e5 trekke forsiktig i h\u00e6len n\u00e5r du er ferdig.<\/p>\n<\/li>\n<\/ol>\n<h2 style=\"text-align: center;\" data-start=\"1274\" data-end=\"1298\"><strong>Produktdetaljer<\/strong><\/h2>\n<ul data-start=\"1299\" data-end=\"1556\">\n<li data-start=\"1299\" data-end=\"1349\">\n<p data-start=\"1301\" data-end=\"1349\">S\u00e5letype: Sklisikker gummis\u00e5le med mikrosuging<\/p>\n<\/li>\n<li data-start=\"1350\" data-end=\"1398\">\n<p data-start=\"1352\" data-end=\"1398\">Overmateriale: Ultra-pustende nettingstoff<\/p>\n<\/li>\n<li data-start=\"1399\" data-end=\"1442\">\n<p data-start=\"1401\" data-end=\"1442\">Passform: Elastisk krage med minnestrekning<\/p>\n<\/li>\n<li data-start=\"1443\" data-end=\"1477\">\n<p data-start=\"1445\" data-end=\"1477\">Beskyttelse: Forsterket t\u00e5hette<\/p>\n<\/li>\n<li data-start=\"1478\" data-end=\"1556\">\n<p data-start=\"1480\" data-end=\"1556\">Komfortfunksjoner: St\u00f8tdemping, luktforebygging, allergivennlig design<\/p>\n<\/li>\n<li data-start=\"1478\" data-end=\"1556\">St\u00f8rrelser: 13 (11,5 cm), 15 (12,5 cm), 17 (13,5 cm), 19 (14,5 cm), 21 (15,5 cm), 23 (16,5 cm)<\/li>\n<\/ul>\n<h2 style=\"text-align: center;\" data-start=\"1563\" data-end=\"1588\"><strong>Pakken inneholder<\/strong><\/h2>\n<ul data-start=\"1589\" data-end=\"1622\" data-is-last-node=\"\" data-is-only-node=\"\">\n<li data-start=\"1589\" data-end=\"1622\" data-is-last-node=\"\">\n<p data-start=\"1591\" data-end=\"1622\" data-is-last-node=\"\">1x par sklisikre babysko.<\/p>\n<\/li>\n<\/ul>\n","protected":false},"excerpt":{"rendered":"<p>Disse sklisikre babyskoene er utviklet for \u00e5 beskytte sm\u00e5 f\u00f8tter samtidig som de hjelper babyer med \u00e5 bevege seg trygt n\u00e5r de kryper, st\u00e5r og g\u00e5r. Den spesielle sklisikre s\u00e5len griper tak i gulvet for \u00e5 redusere fallulykker, mens det pustende nettingmaterialet holder f\u00f8ttene kj\u00f8lige og t\u00f8rre hele dagen. Med en myk elastisk krage og forsterket t\u00e5 sitter disse skoene godt p\u00e5 foten og beskytter t\u00e6rne under aktiv lek og utforskning.<\/p>\n","protected":false},"featured_media":15654,"comment_status":"open","ping_status":"closed","template":"","meta":{"site-sidebar-layout":"default","site-content-layout":"","ast-site-content-layout":"default","site-content-style":"default","site-sidebar-style":"default","ast-global-header-display":"","ast-banner-title-visibility":"","ast-main-header-display":"","ast-hfb-above-header-display":"","ast-hfb-below-header-display":"","ast-hfb-mobile-header-display":"","site-post-title":"","ast-breadcrumbs-content":"","ast-featured-img":"","footer-sml-layout":"","theme-transparent-header-meta":"default","adv-header-id-meta":"","stick-header-meta":"","header-above-stick-meta":"","header-main-stick-meta":"","header-below-stick-meta":"","astra-migrate-meta-layouts":"set","ast-page-background-enabled":"default","ast-page-background-meta":{"desktop":{"background-color":"var(--ast-global-color-5)","background-image":"","background-repeat":"repeat","background-position":"center center","background-size":"auto","background-attachment":"scroll","background-type":"","background-media":"","overlay-type":"","overlay-color":"","overlay-opacity":"","overlay-gradient":""},"tablet":{"background-color":"","background-image":"","background-repeat":"repeat","background-position":"center center","background-size":"auto","background-attachment":"scroll","background-type":"","background-media":"","overlay-type":"","overlay-color":"","overlay-opacity":"","overlay-gradient":""},"mobile":{"background-color":"","background-image":"","background-repeat":"repeat","background-position":"center center","background-size":"auto","background-attachment":"scroll","background-type":"","background-media":"","overlay-type":"","overlay-color":"","overlay-opacity":"","overlay-gradient":""}},"ast-content-background-meta":{"desktop":{"background-color":"var(--ast-global-color-4)","background-image":"","background-repeat":"repeat","background-position":"center center","background-size":"auto","background-attachment":"scroll","background-type":"","background-media":"","overlay-type":"","overlay-color":"","overlay-opacity":"","overlay-gradient":""},"tablet":{"background-color":"var(--ast-global-color-4)","background-image":"","background-repeat":"repeat","background-position":"center center","background-size":"auto","background-attachment":"scroll","background-type":"","background-media":"","overlay-type":"","overlay-color":"","overlay-opacity":"","overlay-gradient":""},"mobile":{"background-color":"var(--ast-global-color-4)","background-image":"","background-repeat":"repeat","background-position":"center center","background-size":"auto","background-attachment":"scroll","background-type":"","background-media":"","overlay-type":"","overlay-color":"","overlay-opacity":"","overlay-gradient":""}}},"product_brand":[],"product_cat":[15],"product_tag":[],"class_list":{"0":"post-15658","1":"product","2":"type-product","3":"status-publish","4":"has-post-thumbnail","6":"product_cat-uncategorized","7":"pa_63191_6kcbmyb7-bla","8":"pa_63191_6kcbmyb7-gra","9":"pa_63191_6kcbmyb7-khaki","10":"pa_63191_6kcbmyb7-lilla","11":"pa_63191_6kcbmyb7-rosa","12":"pa_63191_oaipab6y-574","13":"pa_63191_oaipab6y-575","14":"pa_63191_oaipab6y-576","15":"pa_63191_oaipab6y-577","16":"pa_63191_oaipab6y-578","17":"pa_63191_oaipab6y-579","18":"desktop-align-left","19":"tablet-align-left","20":"mobile-align-left","22":"first","23":"instock","24":"shipping-taxable","25":"purchasable","26":"product-type-variable","27":"has-default-attributes"},"yoast_head":"<!-- This site is optimized with the Yoast SEO plugin v26.6 - https:\/\/yoast.com\/wordpress\/plugins\/seo\/ -->\n<title>Sklisikre babysko - Mekulo NO<\/title>\n<meta name=\"robots\" content=\"index, follow, max-snippet:-1, max-image-preview:large, max-video-preview:-1\" \/>\n<link rel=\"canonical\" href=\"https:\/\/mekulo.com\/no\/produkt\/sklisikre-babysko\/\" \/>\n<meta property=\"og:locale\" content=\"nb_NO\" \/>\n<meta property=\"og:type\" content=\"article\" \/>\n<meta property=\"og:title\" content=\"Sklisikre babysko - Mekulo NO\" \/>\n<meta property=\"og:description\" content=\"Disse sklisikre babyskoene er utviklet for \u00e5 beskytte sm\u00e5 f\u00f8tter samtidig som de hjelper babyer med \u00e5 bevege seg trygt n\u00e5r de kryper, st\u00e5r og g\u00e5r. Den spesielle sklisikre s\u00e5len griper tak i gulvet for \u00e5 redusere fallulykker, mens det pustende nettingmaterialet holder f\u00f8ttene kj\u00f8lige og t\u00f8rre hele dagen. Med en myk elastisk krage og forsterket t\u00e5 sitter disse skoene godt p\u00e5 foten og beskytter t\u00e6rne under aktiv lek og utforskning.\" \/>\n<meta property=\"og:url\" content=\"https:\/\/mekulo.com\/no\/produkt\/sklisikre-babysko\/\" \/>\n<meta property=\"og:site_name\" content=\"Mekulo NO\" \/>\n<meta property=\"article:modified_time\" content=\"2026-01-08T15:18:50+00:00\" \/>\n<meta property=\"og:image\" content=\"https:\/\/mekulo.com\/no\/wp-content\/uploads\/sites\/10\/2026\/01\/x6cbglw-1.jpeg\" \/>\n\t<meta property=\"og:image:width\" content=\"800\" \/>\n\t<meta property=\"og:image:height\" content=\"800\" \/>\n\t<meta property=\"og:image:type\" content=\"image\/jpeg\" \/>\n<meta name=\"twitter:card\" content=\"summary_large_image\" \/>\n<meta name=\"twitter:label1\" content=\"Ansl. lesetid\" \/>\n\t<meta name=\"twitter:data1\" content=\"2 minutter\" \/>\n<script type=\"application\/ld+json\" class=\"yoast-schema-graph\">{\"@context\":\"https:\/\/schema.org\",\"@graph\":[{\"@type\":\"WebPage\",\"@id\":\"https:\/\/mekulo.com\/no\/produkt\/sklisikre-babysko\/\",\"url\":\"https:\/\/mekulo.com\/no\/produkt\/sklisikre-babysko\/\",\"name\":\"Sklisikre babysko - Mekulo NO\",\"isPartOf\":{\"@id\":\"https:\/\/mekulo.com\/no\/#website\"},\"primaryImageOfPage\":{\"@id\":\"https:\/\/mekulo.com\/no\/produkt\/sklisikre-babysko\/#primaryimage\"},\"image\":{\"@id\":\"https:\/\/mekulo.com\/no\/produkt\/sklisikre-babysko\/#primaryimage\"},\"thumbnailUrl\":\"https:\/\/mekulo.com\/no\/wp-content\/uploads\/sites\/10\/2026\/01\/x6cbglw-1.jpeg\",\"datePublished\":\"2026-01-08T14:23:58+00:00\",\"dateModified\":\"2026-01-08T15:18:50+00:00\",\"breadcrumb\":{\"@id\":\"https:\/\/mekulo.com\/no\/produkt\/sklisikre-babysko\/#breadcrumb\"},\"inLanguage\":\"nb-NO\",\"potentialAction\":[{\"@type\":\"ReadAction\",\"target\":[\"https:\/\/mekulo.com\/no\/produkt\/sklisikre-babysko\/\"]}]},{\"@type\":\"ImageObject\",\"inLanguage\":\"nb-NO\",\"@id\":\"https:\/\/mekulo.com\/no\/produkt\/sklisikre-babysko\/#primaryimage\",\"url\":\"https:\/\/mekulo.com\/no\/wp-content\/uploads\/sites\/10\/2026\/01\/x6cbglw-1.jpeg\",\"contentUrl\":\"https:\/\/mekulo.com\/no\/wp-content\/uploads\/sites\/10\/2026\/01\/x6cbglw-1.jpeg\",\"width\":800,\"height\":800},{\"@type\":\"BreadcrumbList\",\"@id\":\"https:\/\/mekulo.com\/no\/produkt\/sklisikre-babysko\/#breadcrumb\",\"itemListElement\":[{\"@type\":\"ListItem\",\"position\":1,\"name\":\"Home\",\"item\":\"https:\/\/mekulo.com\/no\/\"},{\"@type\":\"ListItem\",\"position\":2,\"name\":\"Butikk\",\"item\":\"https:\/\/mekulo.com\/no\/butikk\/\"},{\"@type\":\"ListItem\",\"position\":3,\"name\":\"Sklisikre babysko\"}]},{\"@type\":\"WebSite\",\"@id\":\"https:\/\/mekulo.com\/no\/#website\",\"url\":\"https:\/\/mekulo.com\/no\/\",\"name\":\"Mekulo NO\",\"description\":\"\",\"publisher\":{\"@id\":\"https:\/\/mekulo.com\/no\/#organization\"},\"potentialAction\":[{\"@type\":\"SearchAction\",\"target\":{\"@type\":\"EntryPoint\",\"urlTemplate\":\"https:\/\/mekulo.com\/no\/?s={search_term_string}\"},\"query-input\":{\"@type\":\"PropertyValueSpecification\",\"valueRequired\":true,\"valueName\":\"search_term_string\"}}],\"inLanguage\":\"nb-NO\"},{\"@type\":\"Organization\",\"@id\":\"https:\/\/mekulo.com\/no\/#organization\",\"name\":\"Mekulo\",\"url\":\"https:\/\/mekulo.com\/no\/\",\"logo\":{\"@type\":\"ImageObject\",\"inLanguage\":\"nb-NO\",\"@id\":\"https:\/\/mekulo.com\/no\/#\/schema\/logo\/image\/\",\"url\":\"https:\/\/mekulo.com\/no\/wp-content\/uploads\/sites\/10\/2025\/12\/favicon_mekulo.png\",\"contentUrl\":\"https:\/\/mekulo.com\/no\/wp-content\/uploads\/sites\/10\/2025\/12\/favicon_mekulo.png\",\"width\":50,\"height\":50,\"caption\":\"Mekulo\"},\"image\":{\"@id\":\"https:\/\/mekulo.com\/no\/#\/schema\/logo\/image\/\"}}]}<\/script>\n<!-- \/ Yoast SEO plugin. -->","yoast_head_json":{"title":"Sklisikre babysko - Mekulo NO","robots":{"index":"index","follow":"follow","max-snippet":"max-snippet:-1","max-image-preview":"max-image-preview:large","max-video-preview":"max-video-preview:-1"},"canonical":"https:\/\/mekulo.com\/no\/produkt\/sklisikre-babysko\/","og_locale":"nb_NO","og_type":"article","og_title":"Sklisikre babysko - Mekulo NO","og_description":"Disse sklisikre babyskoene er utviklet for \u00e5 beskytte sm\u00e5 f\u00f8tter samtidig som de hjelper babyer med \u00e5 bevege seg trygt n\u00e5r de kryper, st\u00e5r og g\u00e5r. Den spesielle sklisikre s\u00e5len griper tak i gulvet for \u00e5 redusere fallulykker, mens det pustende nettingmaterialet holder f\u00f8ttene kj\u00f8lige og t\u00f8rre hele dagen. Med en myk elastisk krage og forsterket t\u00e5 sitter disse skoene godt p\u00e5 foten og beskytter t\u00e6rne under aktiv lek og utforskning.","og_url":"https:\/\/mekulo.com\/no\/produkt\/sklisikre-babysko\/","og_site_name":"Mekulo NO","article_modified_time":"2026-01-08T15:18:50+00:00","og_image":[{"width":800,"height":800,"url":"https:\/\/mekulo.com\/no\/wp-content\/uploads\/sites\/10\/2026\/01\/x6cbglw-1.jpeg","type":"image\/jpeg"}],"twitter_card":"summary_large_image","twitter_misc":{"Ansl. lesetid":"2 minutter"},"schema":{"@context":"https:\/\/schema.org","@graph":[{"@type":"WebPage","@id":"https:\/\/mekulo.com\/no\/produkt\/sklisikre-babysko\/","url":"https:\/\/mekulo.com\/no\/produkt\/sklisikre-babysko\/","name":"Sklisikre babysko - Mekulo NO","isPartOf":{"@id":"https:\/\/mekulo.com\/no\/#website"},"primaryImageOfPage":{"@id":"https:\/\/mekulo.com\/no\/produkt\/sklisikre-babysko\/#primaryimage"},"image":{"@id":"https:\/\/mekulo.com\/no\/produkt\/sklisikre-babysko\/#primaryimage"},"thumbnailUrl":"https:\/\/mekulo.com\/no\/wp-content\/uploads\/sites\/10\/2026\/01\/x6cbglw-1.jpeg","datePublished":"2026-01-08T14:23:58+00:00","dateModified":"2026-01-08T15:18:50+00:00","breadcrumb":{"@id":"https:\/\/mekulo.com\/no\/produkt\/sklisikre-babysko\/#breadcrumb"},"inLanguage":"nb-NO","potentialAction":[{"@type":"ReadAction","target":["https:\/\/mekulo.com\/no\/produkt\/sklisikre-babysko\/"]}]},{"@type":"ImageObject","inLanguage":"nb-NO","@id":"https:\/\/mekulo.com\/no\/produkt\/sklisikre-babysko\/#primaryimage","url":"https:\/\/mekulo.com\/no\/wp-content\/uploads\/sites\/10\/2026\/01\/x6cbglw-1.jpeg","contentUrl":"https:\/\/mekulo.com\/no\/wp-content\/uploads\/sites\/10\/2026\/01\/x6cbglw-1.jpeg","width":800,"height":800},{"@type":"BreadcrumbList","@id":"https:\/\/mekulo.com\/no\/produkt\/sklisikre-babysko\/#breadcrumb","itemListElement":[{"@type":"ListItem","position":1,"name":"Home","item":"https:\/\/mekulo.com\/no\/"},{"@type":"ListItem","position":2,"name":"Butikk","item":"https:\/\/mekulo.com\/no\/butikk\/"},{"@type":"ListItem","position":3,"name":"Sklisikre babysko"}]},{"@type":"WebSite","@id":"https:\/\/mekulo.com\/no\/#website","url":"https:\/\/mekulo.com\/no\/","name":"Mekulo NO","description":"","publisher":{"@id":"https:\/\/mekulo.com\/no\/#organization"},"potentialAction":[{"@type":"SearchAction","target":{"@type":"EntryPoint","urlTemplate":"https:\/\/mekulo.com\/no\/?s={search_term_string}"},"query-input":{"@type":"PropertyValueSpecification","valueRequired":true,"valueName":"search_term_string"}}],"inLanguage":"nb-NO"},{"@type":"Organization","@id":"https:\/\/mekulo.com\/no\/#organization","name":"Mekulo","url":"https:\/\/mekulo.com\/no\/","logo":{"@type":"ImageObject","inLanguage":"nb-NO","@id":"https:\/\/mekulo.com\/no\/#\/schema\/logo\/image\/","url":"https:\/\/mekulo.com\/no\/wp-content\/uploads\/sites\/10\/2025\/12\/favicon_mekulo.png","contentUrl":"https:\/\/mekulo.com\/no\/wp-content\/uploads\/sites\/10\/2025\/12\/favicon_mekulo.png","width":50,"height":50,"caption":"Mekulo"},"image":{"@id":"https:\/\/mekulo.com\/no\/#\/schema\/logo\/image\/"}}]}},"_links":{"self":[{"href":"https:\/\/mekulo.com\/no\/wp-json\/wp\/v2\/product\/15658","targetHints":{"allow":["GET"]}}],"collection":[{"href":"https:\/\/mekulo.com\/no\/wp-json\/wp\/v2\/product"}],"about":[{"href":"https:\/\/mekulo.com\/no\/wp-json\/wp\/v2\/types\/product"}],"replies":[{"embeddable":true,"href":"https:\/\/mekulo.com\/no\/wp-json\/wp\/v2\/comments?post=15658"}],"wp:featuredmedia":[{"embeddable":true,"href":"https:\/\/mekulo.com\/no\/wp-json\/wp\/v2\/media\/15654"}],"wp:attachment":[{"href":"https:\/\/mekulo.com\/no\/wp-json\/wp\/v2\/media?parent=15658"}],"wp:term":[{"taxonomy":"product_brand","embeddable":true,"href":"https:\/\/mekulo.com\/no\/wp-json\/wp\/v2\/product_brand?post=15658"},{"taxonomy":"product_cat","embeddable":true,"href":"https:\/\/mekulo.com\/no\/wp-json\/wp\/v2\/product_cat?post=15658"},{"taxonomy":"product_tag","embeddable":true,"href":"https:\/\/mekulo.com\/no\/wp-json\/wp\/v2\/product_tag?post=15658"}],"curies":[{"name":"wp","href":"https:\/\/api.w.org\/{rel}","templated":true}]}}