{"id":15645,"date":"2026-01-08T16:21:51","date_gmt":"2026-01-08T14:21:51","guid":{"rendered":"https:\/\/mekulo.com\/no\/produkt\/montessori-3-i-1-lekesett-206-stk\/"},"modified":"2026-01-08T17:16:52","modified_gmt":"2026-01-08T15:16:52","slug":"montessori-3-i-1-lekesett-206-stk","status":"publish","type":"product","link":"https:\/\/mekulo.com\/no\/produkt\/montessori-3-i-1-lekesett-206-stk\/","title":{"rendered":"Montessori 3-i-1-lekesett (206 stk.)"},"content":{"rendered":"<div class=\"flex max-w-full flex-col grow\">\n<div class=\"min-h-8 text-message relative flex w-full flex-col items-end gap-2 text-start break-words whitespace-normal [.text-message+&amp;]:mt-1\" dir=\"auto\" data-message-author-role=\"assistant\" data-message-id=\"064e3a83-bd41-4b29-888f-722194f0256b\" data-message-model-slug=\"gpt-5-2\">\n<div class=\"flex w-full flex-col gap-1 empty:hidden first:pt-[1px]\">\n<div class=\"markdown prose dark:prose-invert w-full break-words light markdown-new-styling\">\n<p style=\"text-align: center;\" data-start=\"50\" data-end=\"133\"><strong>Et Smart Lekesett Som Vokser Med Barnet Ditt Og Gj\u00f8r Lek Til Ekte L\u00e6ring. \ud83e\udde0<\/strong><\/p>\n<p data-start=\"158\" data-end=\"654\"><img fetchpriority=\"high\" decoding=\"async\" class=\"alignnone size-full wp-image-47002\" src=\"https:\/\/keluvo.com\/template\/wp-content\/uploads\/sites\/5\/2025\/12\/hippo-all-in-one-tool-hub-diy-montessori-tool-box-set-151213.jpg\" alt=\"\" width=\"1080\" height=\"1080\" \/><\/p>\n<h2 style=\"text-align: center;\" data-start=\"661\" data-end=\"682\">\u2b50 Hovedfordeler<\/h2>\n<p data-start=\"685\" data-end=\"759\">\ud83e\udde0 3-i-1 l\u00e6ringssystem \u2013 Arbeidsbenk, oppbevaringsboks og b\u00e6rbart sett.<\/p>\n<p data-start=\"762\" data-end=\"829\">\ud83d\udd27 Realistisk elektrisk drill \u2013 Lys, lyd og magnetiske spisser.<\/p>\n<p data-start=\"832\" data-end=\"899\">\u270b Utvikler finmotorikken \u2013 Forbedrer h\u00e5nd-\u00f8ye-koordinasjonen.<\/p>\n<p data-start=\"902\" data-end=\"969\">\ud83e\udde9 Oppmuntrer til probleml\u00f8sning \u2013 Lek med montering og demontering.<\/p>\n<p data-start=\"972\" data-end=\"1032\">\ud83d\udee1\ufe0f Maksimal sikkerhet \u2013 Avrundede kanter og overdimensjonerte deler.<\/p>\n<p data-start=\"1035\" data-end=\"1093\">\ud83c\udf92 B\u00e6rbar design \u2013 Lett \u00e5 ta med seg og leke hvor som helst.<\/p>\n<p data-start=\"1035\" data-end=\"1093\"><img decoding=\"async\" class=\"size-full wp-image-47003 aligncenter\" src=\"https:\/\/keluvo.com\/template\/wp-content\/uploads\/sites\/5\/2025\/12\/hippo-all-in-one-tool-hub-diy-montessori-tool-box-set-288890.jpg\" alt=\"\" width=\"1080\" height=\"1080\" \/><\/p>\n<h2 style=\"text-align: center;\" data-start=\"1100\" data-end=\"1120\">\ud83d\udee0\ufe0f Slik Bruker Du Det<\/h2>\n<ol data-start=\"1121\" data-end=\"1449\">\n<li data-start=\"1121\" data-end=\"1200\">\n<p data-start=\"1124\" data-end=\"1200\">\u00c5pne lekesettet og velg modus: arbeidsbenk, oppbevaring eller b\u00e6rbart sett.<\/p>\n<\/li>\n<li data-start=\"1201\" data-end=\"1275\">\n<p data-start=\"1204\" data-end=\"1275\">Bruk den elektriske drillen og verkt\u00f8yene til \u00e5 montere muttere, bolter og former.<\/p>\n<\/li>\n<li data-start=\"1276\" data-end=\"1332\">\n<p data-start=\"1279\" data-end=\"1332\">Skift borspisser enkelt ved hjelp av det magnetiske systemet.<\/p>\n<\/li>\n<li data-start=\"1333\" data-end=\"1389\">\n<p data-start=\"1336\" data-end=\"1389\">Oppbevar alt tilbeh\u00f8ret pent inni etter endt lek.<\/p>\n<\/li>\n<li data-start=\"1390\" data-end=\"1449\">\n<p data-start=\"1393\" data-end=\"1449\">B\u00e6r settet ved hjelp av det myke h\u00e5ndtaket for \u00e5 leke hvor som helst.<\/p>\n<\/li>\n<\/ol>\n<h2 style=\"text-align: center;\" data-start=\"1456\" data-end=\"1480\">\ud83d\udccf Produktdetaljer<\/h2>\n<ul data-start=\"1481\" data-end=\"1769\">\n<li data-start=\"1481\" data-end=\"1516\">\n<p data-start=\"1483\" data-end=\"1516\">Materiale: Giftfri ABS-plast<\/p>\n<\/li>\n<li data-start=\"1517\" data-end=\"1571\">\n<p data-start=\"1519\" data-end=\"1571\">Design: Flodhestformet, modul\u00e6rt 3-i-1-system<\/p>\n<\/li>\n<li data-start=\"1572\" data-end=\"1633\">\n<p data-start=\"1574\" data-end=\"1633\">Borfunksjoner: Lys, lyd, magnetiske spisser, stor knapp<\/p>\n<\/li>\n<li data-start=\"1634\" data-end=\"1705\">\n<p data-start=\"1636\" data-end=\"1705\">Biter: 206 stk<\/p>\n<\/li>\n<li data-start=\"1706\" data-end=\"1769\">\n<p data-start=\"1708\" data-end=\"1769\">Sikkerhet: Overdimensjonerte deler, glatte kanter, barnesikre materialer<\/p>\n<\/li>\n<\/ul>\n<h2 style=\"text-align: center;\" data-start=\"1776\" data-end=\"1801\">\ud83d\udce6 Pakken inneholder<\/h2>\n<ul data-start=\"1802\" data-end=\"1989\" data-is-last-node=\"\" data-is-only-node=\"\">\n<li data-start=\"1802\" data-end=\"1872\">\n<p data-start=\"1804\" data-end=\"1872\">1x montessori 3-i-1-lekesett (206 stk).<\/p>\n<\/li>\n<\/ul>\n<\/div>\n<\/div>\n<\/div>\n<\/div>\n","protected":false},"excerpt":{"rendered":"<p>Dette montessori-lekesettet 3-i-1 er mer enn et leket\u00f8y &#8211; det er en komplett l\u00e6ringsstasjon som er utviklet for \u00e5 bygge opp ferdigheter gjennom praktisk lek. Det kan forvandles til en solid arbeidsbenk, en romslig oppbevaringsboks og et b\u00e6rbart verkt\u00f8ysett, noe som gir barna ulike m\u00e5ter \u00e5 utforske, bygge og fantasere p\u00e5. Med realistiske verkt\u00f8y, en trygg elektrisk drill og over 200 tilbeh\u00f8r hjelper dette lekesettet barn med \u00e5 utvikle finmotorikk, koordinasjon, probleml\u00f8sning og kreativitet mens de leker trygt hjemme eller p\u00e5 farten.<\/p>\n","protected":false},"featured_media":15641,"comment_status":"open","ping_status":"closed","template":"","meta":{"site-sidebar-layout":"default","site-content-layout":"","ast-site-content-layout":"default","site-content-style":"default","site-sidebar-style":"default","ast-global-header-display":"","ast-banner-title-visibility":"","ast-main-header-display":"","ast-hfb-above-header-display":"","ast-hfb-below-header-display":"","ast-hfb-mobile-header-display":"","site-post-title":"","ast-breadcrumbs-content":"","ast-featured-img":"","footer-sml-layout":"","theme-transparent-header-meta":"default","adv-header-id-meta":"","stick-header-meta":"","header-above-stick-meta":"","header-main-stick-meta":"","header-below-stick-meta":"","astra-migrate-meta-layouts":"set","ast-page-background-enabled":"default","ast-page-background-meta":{"desktop":{"background-color":"var(--ast-global-color-5)","background-image":"","background-repeat":"repeat","background-position":"center center","background-size":"auto","background-attachment":"scroll","background-type":"","background-media":"","overlay-type":"","overlay-color":"","overlay-opacity":"","overlay-gradient":""},"tablet":{"background-color":"","background-image":"","background-repeat":"repeat","background-position":"center center","background-size":"auto","background-attachment":"scroll","background-type":"","background-media":"","overlay-type":"","overlay-color":"","overlay-opacity":"","overlay-gradient":""},"mobile":{"background-color":"","background-image":"","background-repeat":"repeat","background-position":"center center","background-size":"auto","background-attachment":"scroll","background-type":"","background-media":"","overlay-type":"","overlay-color":"","overlay-opacity":"","overlay-gradient":""}},"ast-content-background-meta":{"desktop":{"background-color":"var(--ast-global-color-4)","background-image":"","background-repeat":"repeat","background-position":"center center","background-size":"auto","background-attachment":"scroll","background-type":"","background-media":"","overlay-type":"","overlay-color":"","overlay-opacity":"","overlay-gradient":""},"tablet":{"background-color":"var(--ast-global-color-4)","background-image":"","background-repeat":"repeat","background-position":"center center","background-size":"auto","background-attachment":"scroll","background-type":"","background-media":"","overlay-type":"","overlay-color":"","overlay-opacity":"","overlay-gradient":""},"mobile":{"background-color":"var(--ast-global-color-4)","background-image":"","background-repeat":"repeat","background-position":"center center","background-size":"auto","background-attachment":"scroll","background-type":"","background-media":"","overlay-type":"","overlay-color":"","overlay-opacity":"","overlay-gradient":""}}},"product_brand":[],"product_cat":[15],"product_tag":[],"class_list":{"0":"post-15645","1":"product","2":"type-product","3":"status-publish","4":"has-post-thumbnail","6":"product_cat-uncategorized","7":"pa_63180_3d582jmd-bla","8":"pa_63180_3d582jmd-rosa","9":"desktop-align-left","10":"tablet-align-left","11":"mobile-align-left","13":"first","14":"instock","15":"shipping-taxable","16":"purchasable","17":"product-type-variable"},"yoast_head":"<!-- This site is optimized with the Yoast SEO plugin v26.6 - https:\/\/yoast.com\/wordpress\/plugins\/seo\/ -->\n<title>Montessori 3-i-1-lekesett (206 stk.) - Mekulo NO<\/title>\n<meta name=\"robots\" content=\"index, follow, max-snippet:-1, max-image-preview:large, max-video-preview:-1\" \/>\n<link rel=\"canonical\" href=\"https:\/\/mekulo.com\/no\/produkt\/montessori-3-i-1-lekesett-206-stk\/\" \/>\n<meta property=\"og:locale\" content=\"nb_NO\" \/>\n<meta property=\"og:type\" content=\"article\" \/>\n<meta property=\"og:title\" content=\"Montessori 3-i-1-lekesett (206 stk.) - Mekulo NO\" \/>\n<meta property=\"og:description\" content=\"Dette montessori-lekesettet 3-i-1 er mer enn et leket\u00f8y - det er en komplett l\u00e6ringsstasjon som er utviklet for \u00e5 bygge opp ferdigheter gjennom praktisk lek. Det kan forvandles til en solid arbeidsbenk, en romslig oppbevaringsboks og et b\u00e6rbart verkt\u00f8ysett, noe som gir barna ulike m\u00e5ter \u00e5 utforske, bygge og fantasere p\u00e5. Med realistiske verkt\u00f8y, en trygg elektrisk drill og over 200 tilbeh\u00f8r hjelper dette lekesettet barn med \u00e5 utvikle finmotorikk, koordinasjon, probleml\u00f8sning og kreativitet mens de leker trygt hjemme eller p\u00e5 farten.\" \/>\n<meta property=\"og:url\" content=\"https:\/\/mekulo.com\/no\/produkt\/montessori-3-i-1-lekesett-206-stk\/\" \/>\n<meta property=\"og:site_name\" content=\"Mekulo NO\" \/>\n<meta property=\"article:modified_time\" content=\"2026-01-08T15:16:52+00:00\" \/>\n<meta property=\"og:image\" content=\"https:\/\/mekulo.com\/no\/wp-content\/uploads\/sites\/10\/2026\/01\/p2d2yfj-1.jpg\" \/>\n\t<meta property=\"og:image:width\" content=\"1080\" \/>\n\t<meta property=\"og:image:height\" content=\"1080\" \/>\n\t<meta property=\"og:image:type\" content=\"image\/jpeg\" \/>\n<meta name=\"twitter:card\" content=\"summary_large_image\" \/>\n<meta name=\"twitter:label1\" content=\"Ansl. lesetid\" \/>\n\t<meta name=\"twitter:data1\" content=\"2 minutter\" \/>\n<script type=\"application\/ld+json\" class=\"yoast-schema-graph\">{\"@context\":\"https:\/\/schema.org\",\"@graph\":[{\"@type\":\"WebPage\",\"@id\":\"https:\/\/mekulo.com\/no\/produkt\/montessori-3-i-1-lekesett-206-stk\/\",\"url\":\"https:\/\/mekulo.com\/no\/produkt\/montessori-3-i-1-lekesett-206-stk\/\",\"name\":\"Montessori 3-i-1-lekesett (206 stk.) - Mekulo NO\",\"isPartOf\":{\"@id\":\"https:\/\/mekulo.com\/no\/#website\"},\"primaryImageOfPage\":{\"@id\":\"https:\/\/mekulo.com\/no\/produkt\/montessori-3-i-1-lekesett-206-stk\/#primaryimage\"},\"image\":{\"@id\":\"https:\/\/mekulo.com\/no\/produkt\/montessori-3-i-1-lekesett-206-stk\/#primaryimage\"},\"thumbnailUrl\":\"https:\/\/mekulo.com\/no\/wp-content\/uploads\/sites\/10\/2026\/01\/p2d2yfj-1.jpg\",\"datePublished\":\"2026-01-08T14:21:51+00:00\",\"dateModified\":\"2026-01-08T15:16:52+00:00\",\"breadcrumb\":{\"@id\":\"https:\/\/mekulo.com\/no\/produkt\/montessori-3-i-1-lekesett-206-stk\/#breadcrumb\"},\"inLanguage\":\"nb-NO\",\"potentialAction\":[{\"@type\":\"ReadAction\",\"target\":[\"https:\/\/mekulo.com\/no\/produkt\/montessori-3-i-1-lekesett-206-stk\/\"]}]},{\"@type\":\"ImageObject\",\"inLanguage\":\"nb-NO\",\"@id\":\"https:\/\/mekulo.com\/no\/produkt\/montessori-3-i-1-lekesett-206-stk\/#primaryimage\",\"url\":\"https:\/\/mekulo.com\/no\/wp-content\/uploads\/sites\/10\/2026\/01\/p2d2yfj-1.jpg\",\"contentUrl\":\"https:\/\/mekulo.com\/no\/wp-content\/uploads\/sites\/10\/2026\/01\/p2d2yfj-1.jpg\",\"width\":1080,\"height\":1080},{\"@type\":\"BreadcrumbList\",\"@id\":\"https:\/\/mekulo.com\/no\/produkt\/montessori-3-i-1-lekesett-206-stk\/#breadcrumb\",\"itemListElement\":[{\"@type\":\"ListItem\",\"position\":1,\"name\":\"Home\",\"item\":\"https:\/\/mekulo.com\/no\/\"},{\"@type\":\"ListItem\",\"position\":2,\"name\":\"Butikk\",\"item\":\"https:\/\/mekulo.com\/no\/butikk\/\"},{\"@type\":\"ListItem\",\"position\":3,\"name\":\"Montessori 3-i-1-lekesett (206 stk.)\"}]},{\"@type\":\"WebSite\",\"@id\":\"https:\/\/mekulo.com\/no\/#website\",\"url\":\"https:\/\/mekulo.com\/no\/\",\"name\":\"Mekulo NO\",\"description\":\"\",\"publisher\":{\"@id\":\"https:\/\/mekulo.com\/no\/#organization\"},\"potentialAction\":[{\"@type\":\"SearchAction\",\"target\":{\"@type\":\"EntryPoint\",\"urlTemplate\":\"https:\/\/mekulo.com\/no\/?s={search_term_string}\"},\"query-input\":{\"@type\":\"PropertyValueSpecification\",\"valueRequired\":true,\"valueName\":\"search_term_string\"}}],\"inLanguage\":\"nb-NO\"},{\"@type\":\"Organization\",\"@id\":\"https:\/\/mekulo.com\/no\/#organization\",\"name\":\"Mekulo\",\"url\":\"https:\/\/mekulo.com\/no\/\",\"logo\":{\"@type\":\"ImageObject\",\"inLanguage\":\"nb-NO\",\"@id\":\"https:\/\/mekulo.com\/no\/#\/schema\/logo\/image\/\",\"url\":\"https:\/\/mekulo.com\/no\/wp-content\/uploads\/sites\/10\/2025\/12\/favicon_mekulo.png\",\"contentUrl\":\"https:\/\/mekulo.com\/no\/wp-content\/uploads\/sites\/10\/2025\/12\/favicon_mekulo.png\",\"width\":50,\"height\":50,\"caption\":\"Mekulo\"},\"image\":{\"@id\":\"https:\/\/mekulo.com\/no\/#\/schema\/logo\/image\/\"}}]}<\/script>\n<!-- \/ Yoast SEO plugin. -->","yoast_head_json":{"title":"Montessori 3-i-1-lekesett (206 stk.) - Mekulo NO","robots":{"index":"index","follow":"follow","max-snippet":"max-snippet:-1","max-image-preview":"max-image-preview:large","max-video-preview":"max-video-preview:-1"},"canonical":"https:\/\/mekulo.com\/no\/produkt\/montessori-3-i-1-lekesett-206-stk\/","og_locale":"nb_NO","og_type":"article","og_title":"Montessori 3-i-1-lekesett (206 stk.) - Mekulo NO","og_description":"Dette montessori-lekesettet 3-i-1 er mer enn et leket\u00f8y - det er en komplett l\u00e6ringsstasjon som er utviklet for \u00e5 bygge opp ferdigheter gjennom praktisk lek. Det kan forvandles til en solid arbeidsbenk, en romslig oppbevaringsboks og et b\u00e6rbart verkt\u00f8ysett, noe som gir barna ulike m\u00e5ter \u00e5 utforske, bygge og fantasere p\u00e5. Med realistiske verkt\u00f8y, en trygg elektrisk drill og over 200 tilbeh\u00f8r hjelper dette lekesettet barn med \u00e5 utvikle finmotorikk, koordinasjon, probleml\u00f8sning og kreativitet mens de leker trygt hjemme eller p\u00e5 farten.","og_url":"https:\/\/mekulo.com\/no\/produkt\/montessori-3-i-1-lekesett-206-stk\/","og_site_name":"Mekulo NO","article_modified_time":"2026-01-08T15:16:52+00:00","og_image":[{"width":1080,"height":1080,"url":"https:\/\/mekulo.com\/no\/wp-content\/uploads\/sites\/10\/2026\/01\/p2d2yfj-1.jpg","type":"image\/jpeg"}],"twitter_card":"summary_large_image","twitter_misc":{"Ansl. lesetid":"2 minutter"},"schema":{"@context":"https:\/\/schema.org","@graph":[{"@type":"WebPage","@id":"https:\/\/mekulo.com\/no\/produkt\/montessori-3-i-1-lekesett-206-stk\/","url":"https:\/\/mekulo.com\/no\/produkt\/montessori-3-i-1-lekesett-206-stk\/","name":"Montessori 3-i-1-lekesett (206 stk.) - Mekulo NO","isPartOf":{"@id":"https:\/\/mekulo.com\/no\/#website"},"primaryImageOfPage":{"@id":"https:\/\/mekulo.com\/no\/produkt\/montessori-3-i-1-lekesett-206-stk\/#primaryimage"},"image":{"@id":"https:\/\/mekulo.com\/no\/produkt\/montessori-3-i-1-lekesett-206-stk\/#primaryimage"},"thumbnailUrl":"https:\/\/mekulo.com\/no\/wp-content\/uploads\/sites\/10\/2026\/01\/p2d2yfj-1.jpg","datePublished":"2026-01-08T14:21:51+00:00","dateModified":"2026-01-08T15:16:52+00:00","breadcrumb":{"@id":"https:\/\/mekulo.com\/no\/produkt\/montessori-3-i-1-lekesett-206-stk\/#breadcrumb"},"inLanguage":"nb-NO","potentialAction":[{"@type":"ReadAction","target":["https:\/\/mekulo.com\/no\/produkt\/montessori-3-i-1-lekesett-206-stk\/"]}]},{"@type":"ImageObject","inLanguage":"nb-NO","@id":"https:\/\/mekulo.com\/no\/produkt\/montessori-3-i-1-lekesett-206-stk\/#primaryimage","url":"https:\/\/mekulo.com\/no\/wp-content\/uploads\/sites\/10\/2026\/01\/p2d2yfj-1.jpg","contentUrl":"https:\/\/mekulo.com\/no\/wp-content\/uploads\/sites\/10\/2026\/01\/p2d2yfj-1.jpg","width":1080,"height":1080},{"@type":"BreadcrumbList","@id":"https:\/\/mekulo.com\/no\/produkt\/montessori-3-i-1-lekesett-206-stk\/#breadcrumb","itemListElement":[{"@type":"ListItem","position":1,"name":"Home","item":"https:\/\/mekulo.com\/no\/"},{"@type":"ListItem","position":2,"name":"Butikk","item":"https:\/\/mekulo.com\/no\/butikk\/"},{"@type":"ListItem","position":3,"name":"Montessori 3-i-1-lekesett (206 stk.)"}]},{"@type":"WebSite","@id":"https:\/\/mekulo.com\/no\/#website","url":"https:\/\/mekulo.com\/no\/","name":"Mekulo NO","description":"","publisher":{"@id":"https:\/\/mekulo.com\/no\/#organization"},"potentialAction":[{"@type":"SearchAction","target":{"@type":"EntryPoint","urlTemplate":"https:\/\/mekulo.com\/no\/?s={search_term_string}"},"query-input":{"@type":"PropertyValueSpecification","valueRequired":true,"valueName":"search_term_string"}}],"inLanguage":"nb-NO"},{"@type":"Organization","@id":"https:\/\/mekulo.com\/no\/#organization","name":"Mekulo","url":"https:\/\/mekulo.com\/no\/","logo":{"@type":"ImageObject","inLanguage":"nb-NO","@id":"https:\/\/mekulo.com\/no\/#\/schema\/logo\/image\/","url":"https:\/\/mekulo.com\/no\/wp-content\/uploads\/sites\/10\/2025\/12\/favicon_mekulo.png","contentUrl":"https:\/\/mekulo.com\/no\/wp-content\/uploads\/sites\/10\/2025\/12\/favicon_mekulo.png","width":50,"height":50,"caption":"Mekulo"},"image":{"@id":"https:\/\/mekulo.com\/no\/#\/schema\/logo\/image\/"}}]}},"_links":{"self":[{"href":"https:\/\/mekulo.com\/no\/wp-json\/wp\/v2\/product\/15645","targetHints":{"allow":["GET"]}}],"collection":[{"href":"https:\/\/mekulo.com\/no\/wp-json\/wp\/v2\/product"}],"about":[{"href":"https:\/\/mekulo.com\/no\/wp-json\/wp\/v2\/types\/product"}],"replies":[{"embeddable":true,"href":"https:\/\/mekulo.com\/no\/wp-json\/wp\/v2\/comments?post=15645"}],"wp:featuredmedia":[{"embeddable":true,"href":"https:\/\/mekulo.com\/no\/wp-json\/wp\/v2\/media\/15641"}],"wp:attachment":[{"href":"https:\/\/mekulo.com\/no\/wp-json\/wp\/v2\/media?parent=15645"}],"wp:term":[{"taxonomy":"product_brand","embeddable":true,"href":"https:\/\/mekulo.com\/no\/wp-json\/wp\/v2\/product_brand?post=15645"},{"taxonomy":"product_cat","embeddable":true,"href":"https:\/\/mekulo.com\/no\/wp-json\/wp\/v2\/product_cat?post=15645"},{"taxonomy":"product_tag","embeddable":true,"href":"https:\/\/mekulo.com\/no\/wp-json\/wp\/v2\/product_tag?post=15645"}],"curies":[{"name":"wp","href":"https:\/\/api.w.org\/{rel}","templated":true}]}}