{"id":15636,"date":"2026-01-08T16:20:28","date_gmt":"2026-01-08T14:20:28","guid":{"rendered":"https:\/\/mekulo.com\/no\/produkt\/kokesett\/"},"modified":"2026-01-08T17:14:43","modified_gmt":"2026-01-08T15:14:43","slug":"kokesett","status":"publish","type":"product","link":"https:\/\/mekulo.com\/no\/produkt\/kokesett\/","title":{"rendered":"Kokesett"},"content":{"rendered":"<p style=\"text-align: center;\" data-start=\"36\" data-end=\"115\"><strong>Lag Enkelt Komplette M\u00e5ltider Utend\u00f8rs Med Et Kompakt, Alt-I-Ett Campingkokesett. \ud83c\udf73<\/strong><\/p>\n<p data-start=\"140\" data-end=\"521\"><img fetchpriority=\"high\" decoding=\"async\" class=\"size-full wp-image-46996 aligncenter\" src=\"https:\/\/keluvo.com\/template\/wp-content\/uploads\/sites\/5\/2025\/12\/122133-ezgif.com-video-to-webp-converter.webp\" alt=\"\" width=\"500\" height=\"625\" \/><\/p>\n<h2 style=\"text-align: center;\" data-start=\"528\" data-end=\"549\">\u2b50 Hovedfordeler<\/h2>\n<p data-start=\"552\" data-end=\"626\">\ud83c\udf73 Komplett utend\u00f8rs kokesett &#8211; Kok, stek og kok m\u00e5ltider hvor som helst.<\/p>\n<p data-start=\"629\" data-end=\"690\">\ud83e\udeb6 Lett og b\u00e6rbar &#8211; Lett \u00e5 b\u00e6re i en ryggsekk.<\/p>\n<p data-start=\"693\" data-end=\"760\">\ud83d\udd25 Rask, jevn oppvarming &#8211; Aluminium fordeler varmen effektivt.<\/p>\n<p data-start=\"763\" data-end=\"823\">\u270b Varmeisolerte h\u00e5ndtak &#8211; Beskytter fingrene mot forbrenning.<\/p>\n<p data-start=\"826\" data-end=\"892\">\ud83e\uddfc Non-stick og lett \u00e5 rengj\u00f8re &#8211; Matvaregodkjent belegg sparer tid.<\/p>\n<p data-start=\"895\" data-end=\"962\">\ud83c\udf92 Plassbesparende design &#8211; sammenleggbare h\u00e5ndtak og kompakt oppbevaring.<\/p>\n<p data-start=\"895\" data-end=\"962\"><img decoding=\"async\" class=\"size-full wp-image-46995 aligncenter\" src=\"https:\/\/keluvo.com\/template\/wp-content\/uploads\/sites\/5\/2025\/12\/122134-ezgif.com-video-to-webp-converter.webp\" alt=\"\" width=\"500\" height=\"625\" \/><\/p>\n<h2 style=\"text-align: center;\" data-start=\"969\" data-end=\"989\">\ud83d\udee0\ufe0f Slik Bruker Du<\/h2>\n<ol data-start=\"990\" data-end=\"1217\">\n<li data-start=\"990\" data-end=\"1028\">\n<p data-start=\"993\" data-end=\"1028\">Gryten, pannen og h\u00e5ndtakene foldes ut.<\/p>\n<\/li>\n<li data-start=\"1029\" data-end=\"1077\">\n<p data-start=\"1032\" data-end=\"1077\">Sett opp komfyren p\u00e5 et flatt, stabilt underlag.<\/p>\n<\/li>\n<li data-start=\"1078\" data-end=\"1130\">\n<p data-start=\"1081\" data-end=\"1130\">Bruk gryten eller pannen til \u00e5 lage mat eller koke vann.<\/p>\n<\/li>\n<li data-start=\"1131\" data-end=\"1161\">\n<p data-start=\"1134\" data-end=\"1161\">La gjenstandene avkj\u00f8les etter bruk.<\/p>\n<\/li>\n<li data-start=\"1162\" data-end=\"1217\">\n<p data-start=\"1165\" data-end=\"1217\">Brett sammen h\u00e5ndtakene og oppbevar alt i nettingposen.<\/p>\n<\/li>\n<\/ol>\n<h2 style=\"text-align: center;\" data-start=\"1224\" data-end=\"1248\">\ud83d\udccf Produktdetaljer<\/h2>\n<ul data-start=\"1249\" data-end=\"1447\">\n<li data-start=\"1249\" data-end=\"1280\">\n<p data-start=\"1251\" data-end=\"1280\">Materiale: Anodisert aluminium<\/p>\n<\/li>\n<li data-start=\"1281\" data-end=\"1314\">\n<p data-start=\"1283\" data-end=\"1314\">Non-stick, matvaregodkjent belegg<\/p>\n<\/li>\n<li data-start=\"1315\" data-end=\"1343\">\n<p data-start=\"1317\" data-end=\"1343\">Kokerens st\u00f8rrelse: 170 x 90 mm<\/p>\n<\/li>\n<li data-start=\"1344\" data-end=\"1376\">\n<p data-start=\"1346\" data-end=\"1376\">Stekepannens st\u00f8rrelse: 175 x 45 mm<\/p>\n<\/li>\n<li data-start=\"1377\" data-end=\"1418\">\n<p data-start=\"1379\" data-end=\"1418\">Tegrytekapasitet: 0,8 L (140 x 80 mm)<\/p>\n<\/li>\n<li data-start=\"1419\" data-end=\"1447\">\n<p data-start=\"1421\" data-end=\"1447\">Passer til: 2-3 personer<\/p>\n<\/li>\n<\/ul>\n<h2 style=\"text-align: center;\" data-start=\"1454\" data-end=\"1479\">\ud83d\udce6 Pakken inkluderer<\/h2>\n<ul data-start=\"1480\" data-end=\"1571\" data-is-last-node=\"\" data-is-only-node=\"\">\n<li data-start=\"1480\" data-end=\"1494\">\n<p data-start=\"1482\" data-end=\"1494\">1x komfyr<\/p>\n<\/li>\n<li data-start=\"1495\" data-end=\"1513\">\n<p data-start=\"1497\" data-end=\"1513\">1x stekepanne<\/p>\n<\/li>\n<li data-start=\"1514\" data-end=\"1529\">\n<p data-start=\"1516\" data-end=\"1529\">1x tekanne<\/p>\n<\/li>\n<li data-start=\"1549\" data-end=\"1571\" data-is-last-node=\"\">\n<p data-start=\"1551\" data-end=\"1571\" data-is-last-node=\"\">1x oppbevaringspose i netting.<\/p>\n<\/li>\n<\/ul>\n","protected":false},"excerpt":{"rendered":"<p>Dette kokesettet er utviklet for campere, turg\u00e5ere og ryggsekkturister som \u00f8nsker \u00e5 tilberede ekte m\u00e5ltider uten \u00e5 m\u00e5tte b\u00e6re tunge kokekar. Det er laget av anodisert aluminium av h\u00f8y kvalitet, varmer opp maten jevnt, t\u00e5ler h\u00f8ye temperaturer og er enkelt \u00e5 rengj\u00f8re etter bruk. Alle delene kan brettes sammen i en liten nettingpose, noe som gj\u00f8r den perfekt for reiser, campingturer og utend\u00f8rsopplevelser for 2-3 personer.<\/p>\n","protected":false},"featured_media":15632,"comment_status":"open","ping_status":"closed","template":"","meta":{"site-sidebar-layout":"default","site-content-layout":"","ast-site-content-layout":"default","site-content-style":"default","site-sidebar-style":"default","ast-global-header-display":"","ast-banner-title-visibility":"","ast-main-header-display":"","ast-hfb-above-header-display":"","ast-hfb-below-header-display":"","ast-hfb-mobile-header-display":"","site-post-title":"","ast-breadcrumbs-content":"","ast-featured-img":"","footer-sml-layout":"","theme-transparent-header-meta":"default","adv-header-id-meta":"","stick-header-meta":"","header-above-stick-meta":"","header-main-stick-meta":"","header-below-stick-meta":"","astra-migrate-meta-layouts":"set","ast-page-background-enabled":"default","ast-page-background-meta":{"desktop":{"background-color":"var(--ast-global-color-5)","background-image":"","background-repeat":"repeat","background-position":"center center","background-size":"auto","background-attachment":"scroll","background-type":"","background-media":"","overlay-type":"","overlay-color":"","overlay-opacity":"","overlay-gradient":""},"tablet":{"background-color":"","background-image":"","background-repeat":"repeat","background-position":"center center","background-size":"auto","background-attachment":"scroll","background-type":"","background-media":"","overlay-type":"","overlay-color":"","overlay-opacity":"","overlay-gradient":""},"mobile":{"background-color":"","background-image":"","background-repeat":"repeat","background-position":"center center","background-size":"auto","background-attachment":"scroll","background-type":"","background-media":"","overlay-type":"","overlay-color":"","overlay-opacity":"","overlay-gradient":""}},"ast-content-background-meta":{"desktop":{"background-color":"var(--ast-global-color-4)","background-image":"","background-repeat":"repeat","background-position":"center center","background-size":"auto","background-attachment":"scroll","background-type":"","background-media":"","overlay-type":"","overlay-color":"","overlay-opacity":"","overlay-gradient":""},"tablet":{"background-color":"var(--ast-global-color-4)","background-image":"","background-repeat":"repeat","background-position":"center center","background-size":"auto","background-attachment":"scroll","background-type":"","background-media":"","overlay-type":"","overlay-color":"","overlay-opacity":"","overlay-gradient":""},"mobile":{"background-color":"var(--ast-global-color-4)","background-image":"","background-repeat":"repeat","background-position":"center center","background-size":"auto","background-attachment":"scroll","background-type":"","background-media":"","overlay-type":"","overlay-color":"","overlay-opacity":"","overlay-gradient":""}}},"product_brand":[],"product_cat":[15],"product_tag":[],"class_list":{"0":"post-15636","1":"product","2":"type-product","3":"status-publish","4":"has-post-thumbnail","6":"product_cat-uncategorized","7":"desktop-align-left","8":"tablet-align-left","9":"mobile-align-left","11":"first","12":"instock","13":"shipping-taxable","14":"purchasable","15":"product-type-simple"},"yoast_head":"<!-- This site is optimized with the Yoast SEO plugin v26.6 - https:\/\/yoast.com\/wordpress\/plugins\/seo\/ -->\n<title>Kokesett - Mekulo NO<\/title>\n<meta name=\"robots\" content=\"index, follow, max-snippet:-1, max-image-preview:large, max-video-preview:-1\" \/>\n<link rel=\"canonical\" href=\"https:\/\/mekulo.com\/no\/produkt\/kokesett\/\" \/>\n<meta property=\"og:locale\" content=\"nb_NO\" \/>\n<meta property=\"og:type\" content=\"article\" \/>\n<meta property=\"og:title\" content=\"Kokesett - Mekulo NO\" \/>\n<meta property=\"og:description\" content=\"Dette kokesettet er utviklet for campere, turg\u00e5ere og ryggsekkturister som \u00f8nsker \u00e5 tilberede ekte m\u00e5ltider uten \u00e5 m\u00e5tte b\u00e6re tunge kokekar. Det er laget av anodisert aluminium av h\u00f8y kvalitet, varmer opp maten jevnt, t\u00e5ler h\u00f8ye temperaturer og er enkelt \u00e5 rengj\u00f8re etter bruk. Alle delene kan brettes sammen i en liten nettingpose, noe som gj\u00f8r den perfekt for reiser, campingturer og utend\u00f8rsopplevelser for 2-3 personer.\" \/>\n<meta property=\"og:url\" content=\"https:\/\/mekulo.com\/no\/produkt\/kokesett\/\" \/>\n<meta property=\"og:site_name\" content=\"Mekulo NO\" \/>\n<meta property=\"article:modified_time\" content=\"2026-01-08T15:14:43+00:00\" \/>\n<meta property=\"og:image\" content=\"https:\/\/mekulo.com\/no\/wp-content\/uploads\/sites\/10\/2026\/01\/2x289zq-1.jpg\" \/>\n\t<meta property=\"og:image:width\" content=\"1080\" \/>\n\t<meta property=\"og:image:height\" content=\"1080\" \/>\n\t<meta property=\"og:image:type\" content=\"image\/jpeg\" \/>\n<meta name=\"twitter:card\" content=\"summary_large_image\" \/>\n<meta name=\"twitter:label1\" content=\"Ansl. lesetid\" \/>\n\t<meta name=\"twitter:data1\" content=\"2 minutter\" \/>\n<script type=\"application\/ld+json\" class=\"yoast-schema-graph\">{\"@context\":\"https:\/\/schema.org\",\"@graph\":[{\"@type\":\"WebPage\",\"@id\":\"https:\/\/mekulo.com\/no\/produkt\/kokesett\/\",\"url\":\"https:\/\/mekulo.com\/no\/produkt\/kokesett\/\",\"name\":\"Kokesett - Mekulo NO\",\"isPartOf\":{\"@id\":\"https:\/\/mekulo.com\/no\/#website\"},\"primaryImageOfPage\":{\"@id\":\"https:\/\/mekulo.com\/no\/produkt\/kokesett\/#primaryimage\"},\"image\":{\"@id\":\"https:\/\/mekulo.com\/no\/produkt\/kokesett\/#primaryimage\"},\"thumbnailUrl\":\"https:\/\/mekulo.com\/no\/wp-content\/uploads\/sites\/10\/2026\/01\/2x289zq-1.jpg\",\"datePublished\":\"2026-01-08T14:20:28+00:00\",\"dateModified\":\"2026-01-08T15:14:43+00:00\",\"breadcrumb\":{\"@id\":\"https:\/\/mekulo.com\/no\/produkt\/kokesett\/#breadcrumb\"},\"inLanguage\":\"nb-NO\",\"potentialAction\":[{\"@type\":\"ReadAction\",\"target\":[\"https:\/\/mekulo.com\/no\/produkt\/kokesett\/\"]}]},{\"@type\":\"ImageObject\",\"inLanguage\":\"nb-NO\",\"@id\":\"https:\/\/mekulo.com\/no\/produkt\/kokesett\/#primaryimage\",\"url\":\"https:\/\/mekulo.com\/no\/wp-content\/uploads\/sites\/10\/2026\/01\/2x289zq-1.jpg\",\"contentUrl\":\"https:\/\/mekulo.com\/no\/wp-content\/uploads\/sites\/10\/2026\/01\/2x289zq-1.jpg\",\"width\":1080,\"height\":1080},{\"@type\":\"BreadcrumbList\",\"@id\":\"https:\/\/mekulo.com\/no\/produkt\/kokesett\/#breadcrumb\",\"itemListElement\":[{\"@type\":\"ListItem\",\"position\":1,\"name\":\"Home\",\"item\":\"https:\/\/mekulo.com\/no\/\"},{\"@type\":\"ListItem\",\"position\":2,\"name\":\"Butikk\",\"item\":\"https:\/\/mekulo.com\/no\/butikk\/\"},{\"@type\":\"ListItem\",\"position\":3,\"name\":\"Kokesett\"}]},{\"@type\":\"WebSite\",\"@id\":\"https:\/\/mekulo.com\/no\/#website\",\"url\":\"https:\/\/mekulo.com\/no\/\",\"name\":\"Mekulo NO\",\"description\":\"\",\"publisher\":{\"@id\":\"https:\/\/mekulo.com\/no\/#organization\"},\"potentialAction\":[{\"@type\":\"SearchAction\",\"target\":{\"@type\":\"EntryPoint\",\"urlTemplate\":\"https:\/\/mekulo.com\/no\/?s={search_term_string}\"},\"query-input\":{\"@type\":\"PropertyValueSpecification\",\"valueRequired\":true,\"valueName\":\"search_term_string\"}}],\"inLanguage\":\"nb-NO\"},{\"@type\":\"Organization\",\"@id\":\"https:\/\/mekulo.com\/no\/#organization\",\"name\":\"Mekulo\",\"url\":\"https:\/\/mekulo.com\/no\/\",\"logo\":{\"@type\":\"ImageObject\",\"inLanguage\":\"nb-NO\",\"@id\":\"https:\/\/mekulo.com\/no\/#\/schema\/logo\/image\/\",\"url\":\"https:\/\/mekulo.com\/no\/wp-content\/uploads\/sites\/10\/2025\/12\/favicon_mekulo.png\",\"contentUrl\":\"https:\/\/mekulo.com\/no\/wp-content\/uploads\/sites\/10\/2025\/12\/favicon_mekulo.png\",\"width\":50,\"height\":50,\"caption\":\"Mekulo\"},\"image\":{\"@id\":\"https:\/\/mekulo.com\/no\/#\/schema\/logo\/image\/\"}}]}<\/script>\n<!-- \/ Yoast SEO plugin. -->","yoast_head_json":{"title":"Kokesett - Mekulo NO","robots":{"index":"index","follow":"follow","max-snippet":"max-snippet:-1","max-image-preview":"max-image-preview:large","max-video-preview":"max-video-preview:-1"},"canonical":"https:\/\/mekulo.com\/no\/produkt\/kokesett\/","og_locale":"nb_NO","og_type":"article","og_title":"Kokesett - Mekulo NO","og_description":"Dette kokesettet er utviklet for campere, turg\u00e5ere og ryggsekkturister som \u00f8nsker \u00e5 tilberede ekte m\u00e5ltider uten \u00e5 m\u00e5tte b\u00e6re tunge kokekar. Det er laget av anodisert aluminium av h\u00f8y kvalitet, varmer opp maten jevnt, t\u00e5ler h\u00f8ye temperaturer og er enkelt \u00e5 rengj\u00f8re etter bruk. Alle delene kan brettes sammen i en liten nettingpose, noe som gj\u00f8r den perfekt for reiser, campingturer og utend\u00f8rsopplevelser for 2-3 personer.","og_url":"https:\/\/mekulo.com\/no\/produkt\/kokesett\/","og_site_name":"Mekulo NO","article_modified_time":"2026-01-08T15:14:43+00:00","og_image":[{"width":1080,"height":1080,"url":"https:\/\/mekulo.com\/no\/wp-content\/uploads\/sites\/10\/2026\/01\/2x289zq-1.jpg","type":"image\/jpeg"}],"twitter_card":"summary_large_image","twitter_misc":{"Ansl. lesetid":"2 minutter"},"schema":{"@context":"https:\/\/schema.org","@graph":[{"@type":"WebPage","@id":"https:\/\/mekulo.com\/no\/produkt\/kokesett\/","url":"https:\/\/mekulo.com\/no\/produkt\/kokesett\/","name":"Kokesett - Mekulo NO","isPartOf":{"@id":"https:\/\/mekulo.com\/no\/#website"},"primaryImageOfPage":{"@id":"https:\/\/mekulo.com\/no\/produkt\/kokesett\/#primaryimage"},"image":{"@id":"https:\/\/mekulo.com\/no\/produkt\/kokesett\/#primaryimage"},"thumbnailUrl":"https:\/\/mekulo.com\/no\/wp-content\/uploads\/sites\/10\/2026\/01\/2x289zq-1.jpg","datePublished":"2026-01-08T14:20:28+00:00","dateModified":"2026-01-08T15:14:43+00:00","breadcrumb":{"@id":"https:\/\/mekulo.com\/no\/produkt\/kokesett\/#breadcrumb"},"inLanguage":"nb-NO","potentialAction":[{"@type":"ReadAction","target":["https:\/\/mekulo.com\/no\/produkt\/kokesett\/"]}]},{"@type":"ImageObject","inLanguage":"nb-NO","@id":"https:\/\/mekulo.com\/no\/produkt\/kokesett\/#primaryimage","url":"https:\/\/mekulo.com\/no\/wp-content\/uploads\/sites\/10\/2026\/01\/2x289zq-1.jpg","contentUrl":"https:\/\/mekulo.com\/no\/wp-content\/uploads\/sites\/10\/2026\/01\/2x289zq-1.jpg","width":1080,"height":1080},{"@type":"BreadcrumbList","@id":"https:\/\/mekulo.com\/no\/produkt\/kokesett\/#breadcrumb","itemListElement":[{"@type":"ListItem","position":1,"name":"Home","item":"https:\/\/mekulo.com\/no\/"},{"@type":"ListItem","position":2,"name":"Butikk","item":"https:\/\/mekulo.com\/no\/butikk\/"},{"@type":"ListItem","position":3,"name":"Kokesett"}]},{"@type":"WebSite","@id":"https:\/\/mekulo.com\/no\/#website","url":"https:\/\/mekulo.com\/no\/","name":"Mekulo NO","description":"","publisher":{"@id":"https:\/\/mekulo.com\/no\/#organization"},"potentialAction":[{"@type":"SearchAction","target":{"@type":"EntryPoint","urlTemplate":"https:\/\/mekulo.com\/no\/?s={search_term_string}"},"query-input":{"@type":"PropertyValueSpecification","valueRequired":true,"valueName":"search_term_string"}}],"inLanguage":"nb-NO"},{"@type":"Organization","@id":"https:\/\/mekulo.com\/no\/#organization","name":"Mekulo","url":"https:\/\/mekulo.com\/no\/","logo":{"@type":"ImageObject","inLanguage":"nb-NO","@id":"https:\/\/mekulo.com\/no\/#\/schema\/logo\/image\/","url":"https:\/\/mekulo.com\/no\/wp-content\/uploads\/sites\/10\/2025\/12\/favicon_mekulo.png","contentUrl":"https:\/\/mekulo.com\/no\/wp-content\/uploads\/sites\/10\/2025\/12\/favicon_mekulo.png","width":50,"height":50,"caption":"Mekulo"},"image":{"@id":"https:\/\/mekulo.com\/no\/#\/schema\/logo\/image\/"}}]}},"_links":{"self":[{"href":"https:\/\/mekulo.com\/no\/wp-json\/wp\/v2\/product\/15636","targetHints":{"allow":["GET"]}}],"collection":[{"href":"https:\/\/mekulo.com\/no\/wp-json\/wp\/v2\/product"}],"about":[{"href":"https:\/\/mekulo.com\/no\/wp-json\/wp\/v2\/types\/product"}],"replies":[{"embeddable":true,"href":"https:\/\/mekulo.com\/no\/wp-json\/wp\/v2\/comments?post=15636"}],"wp:featuredmedia":[{"embeddable":true,"href":"https:\/\/mekulo.com\/no\/wp-json\/wp\/v2\/media\/15632"}],"wp:attachment":[{"href":"https:\/\/mekulo.com\/no\/wp-json\/wp\/v2\/media?parent=15636"}],"wp:term":[{"taxonomy":"product_brand","embeddable":true,"href":"https:\/\/mekulo.com\/no\/wp-json\/wp\/v2\/product_brand?post=15636"},{"taxonomy":"product_cat","embeddable":true,"href":"https:\/\/mekulo.com\/no\/wp-json\/wp\/v2\/product_cat?post=15636"},{"taxonomy":"product_tag","embeddable":true,"href":"https:\/\/mekulo.com\/no\/wp-json\/wp\/v2\/product_tag?post=15636"}],"curies":[{"name":"wp","href":"https:\/\/api.w.org\/{rel}","templated":true}]}}