{"id":15621,"date":"2026-01-08T16:18:59","date_gmt":"2026-01-08T14:18:59","guid":{"rendered":"https:\/\/mekulo.com\/no\/produkt\/utvidbart-torkestativ-for-oppvask\/"},"modified":"2026-01-08T17:12:58","modified_gmt":"2026-01-08T15:12:58","slug":"utvidbart-torkestativ-for-oppvask","status":"publish","type":"product","link":"https:\/\/mekulo.com\/no\/produkt\/utvidbart-torkestativ-for-oppvask\/","title":{"rendered":"Utvidbart t\u00f8rkestativ for oppvask"},"content":{"rendered":"<p style=\"text-align: center;\" data-start=\"52\" data-end=\"116\"><strong>T\u00f8rker Flere Tallerkener P\u00e5 Mindre Plass Med En Smart, Utvidbar Design. \ud83d\udca6<\/strong><\/p>\n<p data-start=\"141\" data-end=\"518\"><img fetchpriority=\"high\" decoding=\"async\" class=\"size-full wp-image-46986 aligncenter\" src=\"https:\/\/keluvo.com\/template\/wp-content\/uploads\/sites\/5\/2025\/12\/122132-ezgif.com-video-to-webp-converter.webp\" alt=\"\" width=\"500\" height=\"500\" \/><\/p>\n<h2 style=\"text-align: center;\" data-start=\"525\" data-end=\"546\"><strong>\u2b50 Hovedfordeler<\/strong><\/h2>\n<p data-start=\"549\" data-end=\"609\">\ud83c\udf7d\ufe0f Utvidbar design &#8211; Juster st\u00f8rrelsen basert p\u00e5 oppvaskmengden.<\/p>\n<p data-start=\"612\" data-end=\"674\">\ud83d\udce6 Plassbesparende &amp; sammenleggbar &#8211; Oppbevares flatt n\u00e5r det ikke er i bruk.<\/p>\n<p data-start=\"677\" data-end=\"756\">\ud83e\uddc2 Organisert layout &#8211; Separate seksjoner for tallerkener, redskaper og bestikk.<\/p>\n<p data-start=\"759\" data-end=\"833\">\ud83d\udca7 Rask vannavl\u00f8p &#8211; Skr\u00e5 base og spor forhindrer vannopphopning.<\/p>\n<p data-start=\"836\" data-end=\"908\">\ud83d\udee1\ufe0f Rustfrie materialer &#8211; Rustfritt st\u00e5l og plastkonstruksjon.<\/p>\n<p data-start=\"911\" data-end=\"971\">\ud83e\uddfc Lett \u00e5 rengj\u00f8re &#8211; T\u00f8rkes av med vann og en svamp.<\/p>\n<p data-start=\"911\" data-end=\"971\"><img decoding=\"async\" class=\"size-full wp-image-46987 aligncenter\" src=\"https:\/\/keluvo.com\/template\/wp-content\/uploads\/sites\/5\/2025\/12\/122131-ezgif.com-video-to-webp-converter.webp\" alt=\"\" width=\"500\" height=\"500\" \/><\/p>\n<h2 style=\"text-align: center;\" data-start=\"978\" data-end=\"998\"><strong>\ud83d\udee0\ufe0f Slik Bruker Du Det<\/strong><\/h2>\n<ol data-start=\"999\" data-end=\"1267\">\n<li data-start=\"999\" data-end=\"1054\">\n<p data-start=\"1002\" data-end=\"1054\">Plasser stativet p\u00e5 en flat benkeplate i n\u00e6rheten av vasken.<\/p>\n<\/li>\n<li data-start=\"1055\" data-end=\"1108\">\n<p data-start=\"1058\" data-end=\"1108\">Utvid eller brett det basert p\u00e5 antall tallerkener.<\/p>\n<\/li>\n<li data-start=\"1109\" data-end=\"1174\">\n<p data-start=\"1112\" data-end=\"1174\">Ordne tallerkener, boller og bestikk i de riktige seksjonene.<\/p>\n<\/li>\n<li data-start=\"1175\" data-end=\"1230\">\n<p data-start=\"1178\" data-end=\"1230\">La vannet renne naturlig gjennom den skr\u00e5 basen.<\/p>\n<\/li>\n<li data-start=\"1231\" data-end=\"1267\">\n<p data-start=\"1234\" data-end=\"1267\">Brett og oppbevar n\u00e5r det ikke er i bruk.<\/p>\n<\/li>\n<\/ol>\n<h2 style=\"text-align: center;\" data-start=\"1274\" data-end=\"1298\"><strong>\ud83d\udccf Produktdetaljer<\/strong><\/h2>\n<ul data-start=\"1299\" data-end=\"1488\">\n<li data-start=\"1299\" data-end=\"1337\">\n<p data-start=\"1301\" data-end=\"1337\">Materiale: Rustfritt st\u00e5l, plast<\/p>\n<\/li>\n<li data-start=\"1338\" data-end=\"1373\">\n<p data-start=\"1340\" data-end=\"1373\">Design: Sammenleggbar og utvidbar<\/p>\n<\/li>\n<li data-start=\"1374\" data-end=\"1419\">\n<p data-start=\"1376\" data-end=\"1419\">Drenering: Skr\u00e5 bunn med dreneringsspor<\/p>\n<\/li>\n<li data-start=\"1420\" data-end=\"1453\">\n<p data-start=\"1422\" data-end=\"1453\">Kompakt st\u00f8rrelse: 28 x 20 x 11 cm<\/p>\n<\/li>\n<li data-start=\"1454\" data-end=\"1488\">\n<p data-start=\"1456\" data-end=\"1488\">Utvidet st\u00f8rrelse: 47 x 20 x 11 cm<\/p>\n<\/li>\n<\/ul>\n<h2 style=\"text-align: center;\" data-start=\"1495\" data-end=\"1520\"><strong>\ud83d\udce6 Pakken inneholder<\/strong><\/h2>\n<ul data-start=\"1521\" data-end=\"1554\" data-is-last-node=\"\" data-is-only-node=\"\">\n<li data-start=\"1521\" data-end=\"1554\" data-is-last-node=\"\">\n<p data-start=\"1523\" data-end=\"1554\" data-is-last-node=\"\">1x utvidbart t\u00f8rkestativ for oppvask.<\/p>\n<\/li>\n<\/ul>\n","protected":false},"excerpt":{"rendered":"<p>Dette utvidbare t\u00f8rkestativet tilpasser seg dine daglige kj\u00f8kkenbehov, enten du har noen f\u00e5 tallerkener eller en full oppvask. Den sammenleggbare strukturen lar deg veksle mellom kompakt og utvidet st\u00f8rrelse, slik at du kan holde benkeplaten organisert uten \u00e5 kaste bort plass. Stativet er konstruert for daglig bruk og kombinerer effektiv drenering, enkel rengj\u00f8ring og slitesterke materialer for et renere og ryddigere kj\u00f8kken.<\/p>\n","protected":false},"featured_media":15617,"comment_status":"open","ping_status":"closed","template":"","meta":{"site-sidebar-layout":"default","site-content-layout":"","ast-site-content-layout":"default","site-content-style":"default","site-sidebar-style":"default","ast-global-header-display":"","ast-banner-title-visibility":"","ast-main-header-display":"","ast-hfb-above-header-display":"","ast-hfb-below-header-display":"","ast-hfb-mobile-header-display":"","site-post-title":"","ast-breadcrumbs-content":"","ast-featured-img":"","footer-sml-layout":"","theme-transparent-header-meta":"default","adv-header-id-meta":"","stick-header-meta":"","header-above-stick-meta":"","header-main-stick-meta":"","header-below-stick-meta":"","astra-migrate-meta-layouts":"set","ast-page-background-enabled":"default","ast-page-background-meta":{"desktop":{"background-color":"var(--ast-global-color-5)","background-image":"","background-repeat":"repeat","background-position":"center center","background-size":"auto","background-attachment":"scroll","background-type":"","background-media":"","overlay-type":"","overlay-color":"","overlay-opacity":"","overlay-gradient":""},"tablet":{"background-color":"","background-image":"","background-repeat":"repeat","background-position":"center center","background-size":"auto","background-attachment":"scroll","background-type":"","background-media":"","overlay-type":"","overlay-color":"","overlay-opacity":"","overlay-gradient":""},"mobile":{"background-color":"","background-image":"","background-repeat":"repeat","background-position":"center center","background-size":"auto","background-attachment":"scroll","background-type":"","background-media":"","overlay-type":"","overlay-color":"","overlay-opacity":"","overlay-gradient":""}},"ast-content-background-meta":{"desktop":{"background-color":"var(--ast-global-color-4)","background-image":"","background-repeat":"repeat","background-position":"center center","background-size":"auto","background-attachment":"scroll","background-type":"","background-media":"","overlay-type":"","overlay-color":"","overlay-opacity":"","overlay-gradient":""},"tablet":{"background-color":"var(--ast-global-color-4)","background-image":"","background-repeat":"repeat","background-position":"center center","background-size":"auto","background-attachment":"scroll","background-type":"","background-media":"","overlay-type":"","overlay-color":"","overlay-opacity":"","overlay-gradient":""},"mobile":{"background-color":"var(--ast-global-color-4)","background-image":"","background-repeat":"repeat","background-position":"center center","background-size":"auto","background-attachment":"scroll","background-type":"","background-media":"","overlay-type":"","overlay-color":"","overlay-opacity":"","overlay-gradient":""}}},"product_brand":[],"product_cat":[15],"product_tag":[],"class_list":{"0":"post-15621","1":"product","2":"type-product","3":"status-publish","4":"has-post-thumbnail","6":"product_cat-uncategorized","7":"pa_62893_fw7hrhrl-gra","8":"pa_62893_fw7hrhrl-hvit","9":"pa_62893_fw7hrhrl-svart","10":"desktop-align-left","11":"tablet-align-left","12":"mobile-align-left","14":"first","15":"instock","16":"shipping-taxable","17":"purchasable","18":"product-type-variable"},"yoast_head":"<!-- This site is optimized with the Yoast SEO plugin v26.6 - https:\/\/yoast.com\/wordpress\/plugins\/seo\/ -->\n<title>Utvidbart t\u00f8rkestativ for oppvask - Mekulo NO<\/title>\n<meta name=\"robots\" content=\"index, follow, max-snippet:-1, max-image-preview:large, max-video-preview:-1\" \/>\n<link rel=\"canonical\" href=\"https:\/\/mekulo.com\/no\/produkt\/utvidbart-torkestativ-for-oppvask\/\" \/>\n<meta property=\"og:locale\" content=\"nb_NO\" \/>\n<meta property=\"og:type\" content=\"article\" \/>\n<meta property=\"og:title\" content=\"Utvidbart t\u00f8rkestativ for oppvask - Mekulo NO\" \/>\n<meta property=\"og:description\" content=\"Dette utvidbare t\u00f8rkestativet tilpasser seg dine daglige kj\u00f8kkenbehov, enten du har noen f\u00e5 tallerkener eller en full oppvask. Den sammenleggbare strukturen lar deg veksle mellom kompakt og utvidet st\u00f8rrelse, slik at du kan holde benkeplaten organisert uten \u00e5 kaste bort plass. Stativet er konstruert for daglig bruk og kombinerer effektiv drenering, enkel rengj\u00f8ring og slitesterke materialer for et renere og ryddigere kj\u00f8kken.\" \/>\n<meta property=\"og:url\" content=\"https:\/\/mekulo.com\/no\/produkt\/utvidbart-torkestativ-for-oppvask\/\" \/>\n<meta property=\"og:site_name\" content=\"Mekulo NO\" \/>\n<meta property=\"article:modified_time\" content=\"2026-01-08T15:12:58+00:00\" \/>\n<meta property=\"og:image\" content=\"https:\/\/mekulo.com\/no\/wp-content\/uploads\/sites\/10\/2026\/01\/yfklhpd-1.jpg\" \/>\n\t<meta property=\"og:image:width\" content=\"600\" \/>\n\t<meta property=\"og:image:height\" content=\"600\" \/>\n\t<meta property=\"og:image:type\" content=\"image\/jpeg\" \/>\n<meta name=\"twitter:card\" content=\"summary_large_image\" \/>\n<meta name=\"twitter:label1\" content=\"Ansl. lesetid\" \/>\n\t<meta name=\"twitter:data1\" content=\"2 minutter\" \/>\n<script type=\"application\/ld+json\" class=\"yoast-schema-graph\">{\"@context\":\"https:\/\/schema.org\",\"@graph\":[{\"@type\":\"WebPage\",\"@id\":\"https:\/\/mekulo.com\/no\/produkt\/utvidbart-torkestativ-for-oppvask\/\",\"url\":\"https:\/\/mekulo.com\/no\/produkt\/utvidbart-torkestativ-for-oppvask\/\",\"name\":\"Utvidbart t\u00f8rkestativ for oppvask - Mekulo NO\",\"isPartOf\":{\"@id\":\"https:\/\/mekulo.com\/no\/#website\"},\"primaryImageOfPage\":{\"@id\":\"https:\/\/mekulo.com\/no\/produkt\/utvidbart-torkestativ-for-oppvask\/#primaryimage\"},\"image\":{\"@id\":\"https:\/\/mekulo.com\/no\/produkt\/utvidbart-torkestativ-for-oppvask\/#primaryimage\"},\"thumbnailUrl\":\"https:\/\/mekulo.com\/no\/wp-content\/uploads\/sites\/10\/2026\/01\/yfklhpd-1.jpg\",\"datePublished\":\"2026-01-08T14:18:59+00:00\",\"dateModified\":\"2026-01-08T15:12:58+00:00\",\"breadcrumb\":{\"@id\":\"https:\/\/mekulo.com\/no\/produkt\/utvidbart-torkestativ-for-oppvask\/#breadcrumb\"},\"inLanguage\":\"nb-NO\",\"potentialAction\":[{\"@type\":\"ReadAction\",\"target\":[\"https:\/\/mekulo.com\/no\/produkt\/utvidbart-torkestativ-for-oppvask\/\"]}]},{\"@type\":\"ImageObject\",\"inLanguage\":\"nb-NO\",\"@id\":\"https:\/\/mekulo.com\/no\/produkt\/utvidbart-torkestativ-for-oppvask\/#primaryimage\",\"url\":\"https:\/\/mekulo.com\/no\/wp-content\/uploads\/sites\/10\/2026\/01\/yfklhpd-1.jpg\",\"contentUrl\":\"https:\/\/mekulo.com\/no\/wp-content\/uploads\/sites\/10\/2026\/01\/yfklhpd-1.jpg\",\"width\":600,\"height\":600},{\"@type\":\"BreadcrumbList\",\"@id\":\"https:\/\/mekulo.com\/no\/produkt\/utvidbart-torkestativ-for-oppvask\/#breadcrumb\",\"itemListElement\":[{\"@type\":\"ListItem\",\"position\":1,\"name\":\"Home\",\"item\":\"https:\/\/mekulo.com\/no\/\"},{\"@type\":\"ListItem\",\"position\":2,\"name\":\"Butikk\",\"item\":\"https:\/\/mekulo.com\/no\/butikk\/\"},{\"@type\":\"ListItem\",\"position\":3,\"name\":\"Utvidbart t\u00f8rkestativ for oppvask\"}]},{\"@type\":\"WebSite\",\"@id\":\"https:\/\/mekulo.com\/no\/#website\",\"url\":\"https:\/\/mekulo.com\/no\/\",\"name\":\"Mekulo NO\",\"description\":\"\",\"publisher\":{\"@id\":\"https:\/\/mekulo.com\/no\/#organization\"},\"potentialAction\":[{\"@type\":\"SearchAction\",\"target\":{\"@type\":\"EntryPoint\",\"urlTemplate\":\"https:\/\/mekulo.com\/no\/?s={search_term_string}\"},\"query-input\":{\"@type\":\"PropertyValueSpecification\",\"valueRequired\":true,\"valueName\":\"search_term_string\"}}],\"inLanguage\":\"nb-NO\"},{\"@type\":\"Organization\",\"@id\":\"https:\/\/mekulo.com\/no\/#organization\",\"name\":\"Mekulo\",\"url\":\"https:\/\/mekulo.com\/no\/\",\"logo\":{\"@type\":\"ImageObject\",\"inLanguage\":\"nb-NO\",\"@id\":\"https:\/\/mekulo.com\/no\/#\/schema\/logo\/image\/\",\"url\":\"https:\/\/mekulo.com\/no\/wp-content\/uploads\/sites\/10\/2025\/12\/favicon_mekulo.png\",\"contentUrl\":\"https:\/\/mekulo.com\/no\/wp-content\/uploads\/sites\/10\/2025\/12\/favicon_mekulo.png\",\"width\":50,\"height\":50,\"caption\":\"Mekulo\"},\"image\":{\"@id\":\"https:\/\/mekulo.com\/no\/#\/schema\/logo\/image\/\"}}]}<\/script>\n<!-- \/ Yoast SEO plugin. -->","yoast_head_json":{"title":"Utvidbart t\u00f8rkestativ for oppvask - Mekulo NO","robots":{"index":"index","follow":"follow","max-snippet":"max-snippet:-1","max-image-preview":"max-image-preview:large","max-video-preview":"max-video-preview:-1"},"canonical":"https:\/\/mekulo.com\/no\/produkt\/utvidbart-torkestativ-for-oppvask\/","og_locale":"nb_NO","og_type":"article","og_title":"Utvidbart t\u00f8rkestativ for oppvask - Mekulo NO","og_description":"Dette utvidbare t\u00f8rkestativet tilpasser seg dine daglige kj\u00f8kkenbehov, enten du har noen f\u00e5 tallerkener eller en full oppvask. Den sammenleggbare strukturen lar deg veksle mellom kompakt og utvidet st\u00f8rrelse, slik at du kan holde benkeplaten organisert uten \u00e5 kaste bort plass. Stativet er konstruert for daglig bruk og kombinerer effektiv drenering, enkel rengj\u00f8ring og slitesterke materialer for et renere og ryddigere kj\u00f8kken.","og_url":"https:\/\/mekulo.com\/no\/produkt\/utvidbart-torkestativ-for-oppvask\/","og_site_name":"Mekulo NO","article_modified_time":"2026-01-08T15:12:58+00:00","og_image":[{"width":600,"height":600,"url":"https:\/\/mekulo.com\/no\/wp-content\/uploads\/sites\/10\/2026\/01\/yfklhpd-1.jpg","type":"image\/jpeg"}],"twitter_card":"summary_large_image","twitter_misc":{"Ansl. lesetid":"2 minutter"},"schema":{"@context":"https:\/\/schema.org","@graph":[{"@type":"WebPage","@id":"https:\/\/mekulo.com\/no\/produkt\/utvidbart-torkestativ-for-oppvask\/","url":"https:\/\/mekulo.com\/no\/produkt\/utvidbart-torkestativ-for-oppvask\/","name":"Utvidbart t\u00f8rkestativ for oppvask - Mekulo NO","isPartOf":{"@id":"https:\/\/mekulo.com\/no\/#website"},"primaryImageOfPage":{"@id":"https:\/\/mekulo.com\/no\/produkt\/utvidbart-torkestativ-for-oppvask\/#primaryimage"},"image":{"@id":"https:\/\/mekulo.com\/no\/produkt\/utvidbart-torkestativ-for-oppvask\/#primaryimage"},"thumbnailUrl":"https:\/\/mekulo.com\/no\/wp-content\/uploads\/sites\/10\/2026\/01\/yfklhpd-1.jpg","datePublished":"2026-01-08T14:18:59+00:00","dateModified":"2026-01-08T15:12:58+00:00","breadcrumb":{"@id":"https:\/\/mekulo.com\/no\/produkt\/utvidbart-torkestativ-for-oppvask\/#breadcrumb"},"inLanguage":"nb-NO","potentialAction":[{"@type":"ReadAction","target":["https:\/\/mekulo.com\/no\/produkt\/utvidbart-torkestativ-for-oppvask\/"]}]},{"@type":"ImageObject","inLanguage":"nb-NO","@id":"https:\/\/mekulo.com\/no\/produkt\/utvidbart-torkestativ-for-oppvask\/#primaryimage","url":"https:\/\/mekulo.com\/no\/wp-content\/uploads\/sites\/10\/2026\/01\/yfklhpd-1.jpg","contentUrl":"https:\/\/mekulo.com\/no\/wp-content\/uploads\/sites\/10\/2026\/01\/yfklhpd-1.jpg","width":600,"height":600},{"@type":"BreadcrumbList","@id":"https:\/\/mekulo.com\/no\/produkt\/utvidbart-torkestativ-for-oppvask\/#breadcrumb","itemListElement":[{"@type":"ListItem","position":1,"name":"Home","item":"https:\/\/mekulo.com\/no\/"},{"@type":"ListItem","position":2,"name":"Butikk","item":"https:\/\/mekulo.com\/no\/butikk\/"},{"@type":"ListItem","position":3,"name":"Utvidbart t\u00f8rkestativ for oppvask"}]},{"@type":"WebSite","@id":"https:\/\/mekulo.com\/no\/#website","url":"https:\/\/mekulo.com\/no\/","name":"Mekulo NO","description":"","publisher":{"@id":"https:\/\/mekulo.com\/no\/#organization"},"potentialAction":[{"@type":"SearchAction","target":{"@type":"EntryPoint","urlTemplate":"https:\/\/mekulo.com\/no\/?s={search_term_string}"},"query-input":{"@type":"PropertyValueSpecification","valueRequired":true,"valueName":"search_term_string"}}],"inLanguage":"nb-NO"},{"@type":"Organization","@id":"https:\/\/mekulo.com\/no\/#organization","name":"Mekulo","url":"https:\/\/mekulo.com\/no\/","logo":{"@type":"ImageObject","inLanguage":"nb-NO","@id":"https:\/\/mekulo.com\/no\/#\/schema\/logo\/image\/","url":"https:\/\/mekulo.com\/no\/wp-content\/uploads\/sites\/10\/2025\/12\/favicon_mekulo.png","contentUrl":"https:\/\/mekulo.com\/no\/wp-content\/uploads\/sites\/10\/2025\/12\/favicon_mekulo.png","width":50,"height":50,"caption":"Mekulo"},"image":{"@id":"https:\/\/mekulo.com\/no\/#\/schema\/logo\/image\/"}}]}},"_links":{"self":[{"href":"https:\/\/mekulo.com\/no\/wp-json\/wp\/v2\/product\/15621","targetHints":{"allow":["GET"]}}],"collection":[{"href":"https:\/\/mekulo.com\/no\/wp-json\/wp\/v2\/product"}],"about":[{"href":"https:\/\/mekulo.com\/no\/wp-json\/wp\/v2\/types\/product"}],"replies":[{"embeddable":true,"href":"https:\/\/mekulo.com\/no\/wp-json\/wp\/v2\/comments?post=15621"}],"wp:featuredmedia":[{"embeddable":true,"href":"https:\/\/mekulo.com\/no\/wp-json\/wp\/v2\/media\/15617"}],"wp:attachment":[{"href":"https:\/\/mekulo.com\/no\/wp-json\/wp\/v2\/media?parent=15621"}],"wp:term":[{"taxonomy":"product_brand","embeddable":true,"href":"https:\/\/mekulo.com\/no\/wp-json\/wp\/v2\/product_brand?post=15621"},{"taxonomy":"product_cat","embeddable":true,"href":"https:\/\/mekulo.com\/no\/wp-json\/wp\/v2\/product_cat?post=15621"},{"taxonomy":"product_tag","embeddable":true,"href":"https:\/\/mekulo.com\/no\/wp-json\/wp\/v2\/product_tag?post=15621"}],"curies":[{"name":"wp","href":"https:\/\/api.w.org\/{rel}","templated":true}]}}