{"id":15594,"date":"2026-01-08T16:17:16","date_gmt":"2026-01-08T14:17:16","guid":{"rendered":"https:\/\/mekulo.com\/no\/produkt\/grytearrangor\/"},"modified":"2026-01-08T17:11:17","modified_gmt":"2026-01-08T15:11:17","slug":"grytearrangor","status":"publish","type":"product","link":"https:\/\/mekulo.com\/no\/produkt\/grytearrangor\/","title":{"rendered":"Grytearrang\u00f8r"},"content":{"rendered":"<p style=\"text-align: center;\" data-start=\"38\" data-end=\"128\"><strong>Organiser alle gryter, panner og lokk i ett stabilt stativ og spar verdifull kj\u00f8kkenplass. \ud83c\udf73<\/strong><\/p>\n<p data-start=\"153\" data-end=\"490\"><img fetchpriority=\"high\" decoding=\"async\" class=\"size-full wp-image-46955 aligncenter\" src=\"https:\/\/keluvo.com\/template\/wp-content\/uploads\/sites\/5\/2025\/12\/122130-ezgif.com-video-to-webp-converter.webp\" alt=\"\" width=\"500\" height=\"625\" \/><\/p>\n<h2 style=\"text-align: center;\" data-start=\"497\" data-end=\"518\"><strong>Hovedfordeler<\/strong><\/h2>\n<p data-start=\"521\" data-end=\"581\">\ud83c\udf73 Sparer kj\u00f8kkenplass &#8211; Holder kokekar pent stablet.<\/p>\n<p data-start=\"584\" data-end=\"648\">\ud83e\uddf1 Stabil og sikker design &#8211; Sterk base forhindrer fall.<\/p>\n<p data-start=\"651\" data-end=\"726\">\ud83d\udd27 Fullt justerbar layout &#8211; Passer til gryter, panner, lokk, brett og brett.<\/p>\n<p data-start=\"729\" data-end=\"787\">\ud83d\udee1\ufe0f Beskytter kokekar &#8211; Reduserer riper og skader.<\/p>\n<p data-start=\"790\" data-end=\"850\">\ud83e\uddfc Enkel \u00e5 rengj\u00f8re &#8211; Overflaten i rustfritt st\u00e5l kan t\u00f8rkes av med en klut.<\/p>\n<p data-start=\"853\" data-end=\"925\">\ud83c\udfe0 Kan brukes til flere form\u00e5l &#8211; Fungerer i skap, p\u00e5 benkeplater eller i spiskammer.<\/p>\n<p data-start=\"853\" data-end=\"925\"><img decoding=\"async\" class=\"size-full wp-image-46956 aligncenter\" src=\"https:\/\/keluvo.com\/template\/wp-content\/uploads\/sites\/5\/2025\/12\/122129-ezgif.com-video-to-webp-converter.webp\" alt=\"\" width=\"500\" height=\"625\" \/><\/p>\n<h2 style=\"text-align: center;\" data-start=\"932\" data-end=\"952\"><strong>Slik Bruker Du Den<\/strong><\/h2>\n<ol data-start=\"953\" data-end=\"1236\">\n<li data-start=\"953\" data-end=\"1016\">\n<p data-start=\"956\" data-end=\"1016\">Plasser organisatoren p\u00e5 en flat overflate eller inne i et skap.<\/p>\n<\/li>\n<li data-start=\"1017\" data-end=\"1077\">\n<p data-start=\"1020\" data-end=\"1077\">Juster skilleveggene slik at de passer til st\u00f8rrelsen p\u00e5 kokekarene dine.<\/p>\n<\/li>\n<li data-start=\"1078\" data-end=\"1117\">\n<p data-start=\"1081\" data-end=\"1117\">Fest skilleveggene sikkert p\u00e5 plass.<\/p>\n<\/li>\n<li data-start=\"1118\" data-end=\"1186\">\n<p data-start=\"1121\" data-end=\"1186\">Ordne gryter, panner, lokk eller brett vertikalt eller horisontalt.<\/p>\n<\/li>\n<li data-start=\"1187\" data-end=\"1236\">\n<p data-start=\"1190\" data-end=\"1236\">Juster n\u00e5r som helst etter hvert som oppbevaringsbehovene dine endres.<\/p>\n<\/li>\n<\/ol>\n<h2 style=\"text-align: center;\" data-start=\"1243\" data-end=\"1267\"><strong>Produktdetaljer<\/strong><\/h2>\n<ul data-start=\"1268\" data-end=\"1534\">\n<li data-start=\"1268\" data-end=\"1308\">\n<p data-start=\"1270\" data-end=\"1308\">Materiale: Kraftig rustfritt st\u00e5l<\/p>\n<\/li>\n<li data-start=\"1309\" data-end=\"1359\">\n<p data-start=\"1311\" data-end=\"1359\">Design: Justerbare niv\u00e5er med skillevegger som kan klikkes p\u00e5<\/p>\n<\/li>\n<li data-start=\"1360\" data-end=\"1404\">\n<p data-start=\"1362\" data-end=\"1404\">Base: Fast bunn med sugekoppf\u00f8tter<\/p>\n<\/li>\n<li data-start=\"1405\" data-end=\"1472\">\n<p data-start=\"1407\" data-end=\"1472\">Funksjon: Oppbevaring for gryter, panner, lokk, bakevarer, brett, tallerkener<\/p>\n<\/li>\n<li data-start=\"1473\" data-end=\"1534\">\n<p data-start=\"1475\" data-end=\"1534\">Bruksomr\u00e5der: Skap, benkeplate, spiskammer, hj\u00f8rne, vaskeomr\u00e5de<\/p>\n<\/li>\n<li data-start=\"1473\" data-end=\"1534\">Stil: 2 lag (30 x 26,5 x 22,5 cm), 3 lag (40 x 26,5 x 22,5 cm) og 4 lag (50 x 26,5 x 22,5 cm)<\/li>\n<\/ul>\n<h2 style=\"text-align: center;\" data-start=\"1541\" data-end=\"1566\"><strong>Pakken inkluderer<\/strong><\/h2>\n<ul>\n<li data-start=\"1569\" data-end=\"1599\">1x oppbevaringsstativ for grytearrang\u00f8rer.<\/li>\n<\/ul>\n","protected":false},"excerpt":{"rendered":"<p>Denne justerbare gryteholderen holder kokekarene dine godt synlige og lett tilgjengelige mens du lager mat. Den oppgraderte, stabile designen forhindrer at den tipper og skraper, noe som gj\u00f8r den perfekt for skap, benkeplater eller spiskammer. N\u00e5 slipper du \u00e5 stable kaos eller lete under hauger av gryter &#8211; alt forblir organisert og innen rekkevidde.<\/p>\n","protected":false},"featured_media":15590,"comment_status":"open","ping_status":"closed","template":"","meta":{"site-sidebar-layout":"default","site-content-layout":"","ast-site-content-layout":"default","site-content-style":"default","site-sidebar-style":"default","ast-global-header-display":"","ast-banner-title-visibility":"","ast-main-header-display":"","ast-hfb-above-header-display":"","ast-hfb-below-header-display":"","ast-hfb-mobile-header-display":"","site-post-title":"","ast-breadcrumbs-content":"","ast-featured-img":"","footer-sml-layout":"","theme-transparent-header-meta":"default","adv-header-id-meta":"","stick-header-meta":"","header-above-stick-meta":"","header-main-stick-meta":"","header-below-stick-meta":"","astra-migrate-meta-layouts":"set","ast-page-background-enabled":"default","ast-page-background-meta":{"desktop":{"background-color":"var(--ast-global-color-5)","background-image":"","background-repeat":"repeat","background-position":"center center","background-size":"auto","background-attachment":"scroll","background-type":"","background-media":"","overlay-type":"","overlay-color":"","overlay-opacity":"","overlay-gradient":""},"tablet":{"background-color":"","background-image":"","background-repeat":"repeat","background-position":"center center","background-size":"auto","background-attachment":"scroll","background-type":"","background-media":"","overlay-type":"","overlay-color":"","overlay-opacity":"","overlay-gradient":""},"mobile":{"background-color":"","background-image":"","background-repeat":"repeat","background-position":"center center","background-size":"auto","background-attachment":"scroll","background-type":"","background-media":"","overlay-type":"","overlay-color":"","overlay-opacity":"","overlay-gradient":""}},"ast-content-background-meta":{"desktop":{"background-color":"var(--ast-global-color-4)","background-image":"","background-repeat":"repeat","background-position":"center center","background-size":"auto","background-attachment":"scroll","background-type":"","background-media":"","overlay-type":"","overlay-color":"","overlay-opacity":"","overlay-gradient":""},"tablet":{"background-color":"var(--ast-global-color-4)","background-image":"","background-repeat":"repeat","background-position":"center center","background-size":"auto","background-attachment":"scroll","background-type":"","background-media":"","overlay-type":"","overlay-color":"","overlay-opacity":"","overlay-gradient":""},"mobile":{"background-color":"var(--ast-global-color-4)","background-image":"","background-repeat":"repeat","background-position":"center center","background-size":"auto","background-attachment":"scroll","background-type":"","background-media":"","overlay-type":"","overlay-color":"","overlay-opacity":"","overlay-gradient":""}}},"product_brand":[],"product_cat":[15],"product_tag":[],"class_list":{"0":"post-15594","1":"product","2":"type-product","3":"status-publish","4":"has-post-thumbnail","6":"product_cat-uncategorized","7":"pa_62882_b6qbhgh9-gra","8":"pa_62882_b6qbhgh9-hvit","9":"pa_62882_b6qbhgh9-svart","10":"pa_62882_pmqd0j11-2-lag","11":"pa_62882_pmqd0j11-3-lag","12":"pa_62882_pmqd0j11-4-lag","13":"desktop-align-left","14":"tablet-align-left","15":"mobile-align-left","17":"first","18":"instock","19":"shipping-taxable","20":"purchasable","21":"product-type-variable","22":"has-default-attributes"},"yoast_head":"<!-- This site is optimized with the Yoast SEO plugin v26.6 - https:\/\/yoast.com\/wordpress\/plugins\/seo\/ -->\n<title>Grytearrang\u00f8r - Mekulo NO<\/title>\n<meta name=\"robots\" content=\"index, follow, max-snippet:-1, max-image-preview:large, max-video-preview:-1\" \/>\n<link rel=\"canonical\" href=\"https:\/\/mekulo.com\/no\/produkt\/grytearrangor\/\" \/>\n<meta property=\"og:locale\" content=\"nb_NO\" \/>\n<meta property=\"og:type\" content=\"article\" \/>\n<meta property=\"og:title\" content=\"Grytearrang\u00f8r - Mekulo NO\" \/>\n<meta property=\"og:description\" content=\"Denne justerbare gryteholderen holder kokekarene dine godt synlige og lett tilgjengelige mens du lager mat. Den oppgraderte, stabile designen forhindrer at den tipper og skraper, noe som gj\u00f8r den perfekt for skap, benkeplater eller spiskammer. N\u00e5 slipper du \u00e5 stable kaos eller lete under hauger av gryter - alt forblir organisert og innen rekkevidde.\" \/>\n<meta property=\"og:url\" content=\"https:\/\/mekulo.com\/no\/produkt\/grytearrangor\/\" \/>\n<meta property=\"og:site_name\" content=\"Mekulo NO\" \/>\n<meta property=\"article:modified_time\" content=\"2026-01-08T15:11:17+00:00\" \/>\n<meta property=\"og:image\" content=\"https:\/\/mekulo.com\/no\/wp-content\/uploads\/sites\/10\/2026\/01\/lwgx2tf-1.jpg\" \/>\n\t<meta property=\"og:image:width\" content=\"800\" \/>\n\t<meta property=\"og:image:height\" content=\"800\" \/>\n\t<meta property=\"og:image:type\" content=\"image\/jpeg\" \/>\n<meta name=\"twitter:card\" content=\"summary_large_image\" \/>\n<meta name=\"twitter:label1\" content=\"Ansl. lesetid\" \/>\n\t<meta name=\"twitter:data1\" content=\"2 minutter\" \/>\n<script type=\"application\/ld+json\" class=\"yoast-schema-graph\">{\"@context\":\"https:\/\/schema.org\",\"@graph\":[{\"@type\":\"WebPage\",\"@id\":\"https:\/\/mekulo.com\/no\/produkt\/grytearrangor\/\",\"url\":\"https:\/\/mekulo.com\/no\/produkt\/grytearrangor\/\",\"name\":\"Grytearrang\u00f8r - Mekulo NO\",\"isPartOf\":{\"@id\":\"https:\/\/mekulo.com\/no\/#website\"},\"primaryImageOfPage\":{\"@id\":\"https:\/\/mekulo.com\/no\/produkt\/grytearrangor\/#primaryimage\"},\"image\":{\"@id\":\"https:\/\/mekulo.com\/no\/produkt\/grytearrangor\/#primaryimage\"},\"thumbnailUrl\":\"https:\/\/mekulo.com\/no\/wp-content\/uploads\/sites\/10\/2026\/01\/lwgx2tf-1.jpg\",\"datePublished\":\"2026-01-08T14:17:16+00:00\",\"dateModified\":\"2026-01-08T15:11:17+00:00\",\"breadcrumb\":{\"@id\":\"https:\/\/mekulo.com\/no\/produkt\/grytearrangor\/#breadcrumb\"},\"inLanguage\":\"nb-NO\",\"potentialAction\":[{\"@type\":\"ReadAction\",\"target\":[\"https:\/\/mekulo.com\/no\/produkt\/grytearrangor\/\"]}]},{\"@type\":\"ImageObject\",\"inLanguage\":\"nb-NO\",\"@id\":\"https:\/\/mekulo.com\/no\/produkt\/grytearrangor\/#primaryimage\",\"url\":\"https:\/\/mekulo.com\/no\/wp-content\/uploads\/sites\/10\/2026\/01\/lwgx2tf-1.jpg\",\"contentUrl\":\"https:\/\/mekulo.com\/no\/wp-content\/uploads\/sites\/10\/2026\/01\/lwgx2tf-1.jpg\",\"width\":800,\"height\":800},{\"@type\":\"BreadcrumbList\",\"@id\":\"https:\/\/mekulo.com\/no\/produkt\/grytearrangor\/#breadcrumb\",\"itemListElement\":[{\"@type\":\"ListItem\",\"position\":1,\"name\":\"Home\",\"item\":\"https:\/\/mekulo.com\/no\/\"},{\"@type\":\"ListItem\",\"position\":2,\"name\":\"Butikk\",\"item\":\"https:\/\/mekulo.com\/no\/butikk\/\"},{\"@type\":\"ListItem\",\"position\":3,\"name\":\"Grytearrang\u00f8r\"}]},{\"@type\":\"WebSite\",\"@id\":\"https:\/\/mekulo.com\/no\/#website\",\"url\":\"https:\/\/mekulo.com\/no\/\",\"name\":\"Mekulo NO\",\"description\":\"\",\"publisher\":{\"@id\":\"https:\/\/mekulo.com\/no\/#organization\"},\"potentialAction\":[{\"@type\":\"SearchAction\",\"target\":{\"@type\":\"EntryPoint\",\"urlTemplate\":\"https:\/\/mekulo.com\/no\/?s={search_term_string}\"},\"query-input\":{\"@type\":\"PropertyValueSpecification\",\"valueRequired\":true,\"valueName\":\"search_term_string\"}}],\"inLanguage\":\"nb-NO\"},{\"@type\":\"Organization\",\"@id\":\"https:\/\/mekulo.com\/no\/#organization\",\"name\":\"Mekulo\",\"url\":\"https:\/\/mekulo.com\/no\/\",\"logo\":{\"@type\":\"ImageObject\",\"inLanguage\":\"nb-NO\",\"@id\":\"https:\/\/mekulo.com\/no\/#\/schema\/logo\/image\/\",\"url\":\"https:\/\/mekulo.com\/no\/wp-content\/uploads\/sites\/10\/2025\/12\/favicon_mekulo.png\",\"contentUrl\":\"https:\/\/mekulo.com\/no\/wp-content\/uploads\/sites\/10\/2025\/12\/favicon_mekulo.png\",\"width\":50,\"height\":50,\"caption\":\"Mekulo\"},\"image\":{\"@id\":\"https:\/\/mekulo.com\/no\/#\/schema\/logo\/image\/\"}}]}<\/script>\n<!-- \/ Yoast SEO plugin. -->","yoast_head_json":{"title":"Grytearrang\u00f8r - Mekulo NO","robots":{"index":"index","follow":"follow","max-snippet":"max-snippet:-1","max-image-preview":"max-image-preview:large","max-video-preview":"max-video-preview:-1"},"canonical":"https:\/\/mekulo.com\/no\/produkt\/grytearrangor\/","og_locale":"nb_NO","og_type":"article","og_title":"Grytearrang\u00f8r - Mekulo NO","og_description":"Denne justerbare gryteholderen holder kokekarene dine godt synlige og lett tilgjengelige mens du lager mat. Den oppgraderte, stabile designen forhindrer at den tipper og skraper, noe som gj\u00f8r den perfekt for skap, benkeplater eller spiskammer. N\u00e5 slipper du \u00e5 stable kaos eller lete under hauger av gryter - alt forblir organisert og innen rekkevidde.","og_url":"https:\/\/mekulo.com\/no\/produkt\/grytearrangor\/","og_site_name":"Mekulo NO","article_modified_time":"2026-01-08T15:11:17+00:00","og_image":[{"width":800,"height":800,"url":"https:\/\/mekulo.com\/no\/wp-content\/uploads\/sites\/10\/2026\/01\/lwgx2tf-1.jpg","type":"image\/jpeg"}],"twitter_card":"summary_large_image","twitter_misc":{"Ansl. lesetid":"2 minutter"},"schema":{"@context":"https:\/\/schema.org","@graph":[{"@type":"WebPage","@id":"https:\/\/mekulo.com\/no\/produkt\/grytearrangor\/","url":"https:\/\/mekulo.com\/no\/produkt\/grytearrangor\/","name":"Grytearrang\u00f8r - Mekulo NO","isPartOf":{"@id":"https:\/\/mekulo.com\/no\/#website"},"primaryImageOfPage":{"@id":"https:\/\/mekulo.com\/no\/produkt\/grytearrangor\/#primaryimage"},"image":{"@id":"https:\/\/mekulo.com\/no\/produkt\/grytearrangor\/#primaryimage"},"thumbnailUrl":"https:\/\/mekulo.com\/no\/wp-content\/uploads\/sites\/10\/2026\/01\/lwgx2tf-1.jpg","datePublished":"2026-01-08T14:17:16+00:00","dateModified":"2026-01-08T15:11:17+00:00","breadcrumb":{"@id":"https:\/\/mekulo.com\/no\/produkt\/grytearrangor\/#breadcrumb"},"inLanguage":"nb-NO","potentialAction":[{"@type":"ReadAction","target":["https:\/\/mekulo.com\/no\/produkt\/grytearrangor\/"]}]},{"@type":"ImageObject","inLanguage":"nb-NO","@id":"https:\/\/mekulo.com\/no\/produkt\/grytearrangor\/#primaryimage","url":"https:\/\/mekulo.com\/no\/wp-content\/uploads\/sites\/10\/2026\/01\/lwgx2tf-1.jpg","contentUrl":"https:\/\/mekulo.com\/no\/wp-content\/uploads\/sites\/10\/2026\/01\/lwgx2tf-1.jpg","width":800,"height":800},{"@type":"BreadcrumbList","@id":"https:\/\/mekulo.com\/no\/produkt\/grytearrangor\/#breadcrumb","itemListElement":[{"@type":"ListItem","position":1,"name":"Home","item":"https:\/\/mekulo.com\/no\/"},{"@type":"ListItem","position":2,"name":"Butikk","item":"https:\/\/mekulo.com\/no\/butikk\/"},{"@type":"ListItem","position":3,"name":"Grytearrang\u00f8r"}]},{"@type":"WebSite","@id":"https:\/\/mekulo.com\/no\/#website","url":"https:\/\/mekulo.com\/no\/","name":"Mekulo NO","description":"","publisher":{"@id":"https:\/\/mekulo.com\/no\/#organization"},"potentialAction":[{"@type":"SearchAction","target":{"@type":"EntryPoint","urlTemplate":"https:\/\/mekulo.com\/no\/?s={search_term_string}"},"query-input":{"@type":"PropertyValueSpecification","valueRequired":true,"valueName":"search_term_string"}}],"inLanguage":"nb-NO"},{"@type":"Organization","@id":"https:\/\/mekulo.com\/no\/#organization","name":"Mekulo","url":"https:\/\/mekulo.com\/no\/","logo":{"@type":"ImageObject","inLanguage":"nb-NO","@id":"https:\/\/mekulo.com\/no\/#\/schema\/logo\/image\/","url":"https:\/\/mekulo.com\/no\/wp-content\/uploads\/sites\/10\/2025\/12\/favicon_mekulo.png","contentUrl":"https:\/\/mekulo.com\/no\/wp-content\/uploads\/sites\/10\/2025\/12\/favicon_mekulo.png","width":50,"height":50,"caption":"Mekulo"},"image":{"@id":"https:\/\/mekulo.com\/no\/#\/schema\/logo\/image\/"}}]}},"_links":{"self":[{"href":"https:\/\/mekulo.com\/no\/wp-json\/wp\/v2\/product\/15594","targetHints":{"allow":["GET"]}}],"collection":[{"href":"https:\/\/mekulo.com\/no\/wp-json\/wp\/v2\/product"}],"about":[{"href":"https:\/\/mekulo.com\/no\/wp-json\/wp\/v2\/types\/product"}],"replies":[{"embeddable":true,"href":"https:\/\/mekulo.com\/no\/wp-json\/wp\/v2\/comments?post=15594"}],"wp:featuredmedia":[{"embeddable":true,"href":"https:\/\/mekulo.com\/no\/wp-json\/wp\/v2\/media\/15590"}],"wp:attachment":[{"href":"https:\/\/mekulo.com\/no\/wp-json\/wp\/v2\/media?parent=15594"}],"wp:term":[{"taxonomy":"product_brand","embeddable":true,"href":"https:\/\/mekulo.com\/no\/wp-json\/wp\/v2\/product_brand?post=15594"},{"taxonomy":"product_cat","embeddable":true,"href":"https:\/\/mekulo.com\/no\/wp-json\/wp\/v2\/product_cat?post=15594"},{"taxonomy":"product_tag","embeddable":true,"href":"https:\/\/mekulo.com\/no\/wp-json\/wp\/v2\/product_tag?post=15594"}],"curies":[{"name":"wp","href":"https:\/\/api.w.org\/{rel}","templated":true}]}}