{"id":15573,"date":"2026-01-08T16:15:15","date_gmt":"2026-01-08T14:15:15","guid":{"rendered":"https:\/\/mekulo.com\/no\/produkt\/spylesett-for-avlopsrensing\/"},"modified":"2026-01-08T17:07:26","modified_gmt":"2026-01-08T15:07:26","slug":"spylesett-for-avlopsrensing","status":"publish","type":"product","link":"https:\/\/mekulo.com\/no\/produkt\/spylesett-for-avlopsrensing\/","title":{"rendered":"Spylesett for avl\u00f8psrensing"},"content":{"rendered":"<p style=\"text-align: center;\" data-start=\"51\" data-end=\"116\"><strong>Renser tette avl\u00f8p raskt med kraftige h\u00f8ytrykksvannstr\u00e5ler. \ud83d\udca6<\/strong><\/p>\n<p data-start=\"141\" data-end=\"527\"><img fetchpriority=\"high\" decoding=\"async\" class=\"size-full wp-image-46925 aligncenter\" src=\"https:\/\/keluvo.com\/template\/wp-content\/uploads\/sites\/5\/2025\/12\/122125-ezgif.com-video-to-webp-converter.webp\" alt=\"\" width=\"500\" height=\"500\" \/><\/p>\n<h2 style=\"text-align: center;\" data-start=\"534\" data-end=\"555\"><strong>Hovedfordeler<\/strong><\/h2>\n<p data-start=\"558\" data-end=\"627\">\ud83d\udca6 Kraftig h\u00f8ytrykksrengj\u00f8ring &#8211; Bryter raskt opp vanskelige tilstoppinger.<\/p>\n<p data-start=\"630\" data-end=\"702\">\ud83e\uddfc Dyp r\u00f8rrekkevidde &#8211; Lang slange renser langt inne i avl\u00f8p og kloakk.<\/p>\n<p data-start=\"630\" data-end=\"702\"><span style=\"font-size: 16px; font-style: normal;\">\ud83d\udd27 <\/span>Kompatibel med h\u00f8ytrykksspyler &#8211; Passer til standard 6 mm koblinger.<\/p>\n<p data-start=\"779\" data-end=\"848\">\ud83e\uddf5 Sterk og slitesterk slange &#8211; Bygget for lang levetid.<\/p>\n<p data-start=\"851\" data-end=\"909\">\ud83d\udd04 Vridningssikker design &#8211; Enkel \u00e5 dra, rulle og oppbevare.<\/p>\n<p data-start=\"912\" data-end=\"988\">\ud83c\udfe0 Hjem &amp; lett kommersiell bruk &#8211; Perfekt for avl\u00f8p, r\u00f8r og kloakk.<\/p>\n<p data-start=\"912\" data-end=\"988\"><img decoding=\"async\" class=\"size-full wp-image-46924 aligncenter\" src=\"https:\/\/keluvo.com\/template\/wp-content\/uploads\/sites\/5\/2025\/12\/122126-ezgif.com-video-to-webp-converter.webp\" alt=\"\" width=\"500\" height=\"500\" \/><\/p>\n<h2 style=\"text-align: center;\" data-start=\"995\" data-end=\"1015\"><strong>Slik Bruker Du Den<\/strong><\/h2>\n<ol data-start=\"1016\" data-end=\"1331\">\n<li data-start=\"1016\" data-end=\"1089\">\n<p data-start=\"1019\" data-end=\"1089\">Koble slangen til h\u00f8ytrykksspyleren ved hjelp av 6 mm-koblingen.<\/p>\n<\/li>\n<li data-start=\"1090\" data-end=\"1129\">\n<p data-start=\"1093\" data-end=\"1129\">Fest riktig str\u00e5lemunnstykke.<\/p>\n<\/li>\n<li data-start=\"1130\" data-end=\"1174\">\n<p data-start=\"1133\" data-end=\"1174\">Sett slangen inn i avl\u00f8pet eller r\u00f8ret.<\/p>\n<\/li>\n<li data-start=\"1175\" data-end=\"1208\">\n<p data-start=\"1178\" data-end=\"1208\">Sl\u00e5 p\u00e5 h\u00f8ytrykksspyleren.<\/p>\n<\/li>\n<li data-start=\"1209\" data-end=\"1266\">\n<p data-start=\"1212\" data-end=\"1266\">Skyv slangen sakte fremover for \u00e5 spyle ut blokkeringer.<\/p>\n<\/li>\n<li data-start=\"1267\" data-end=\"1331\">\n<p data-start=\"1270\" data-end=\"1331\">Trekk slangen tilbake mens vannet fortsetter \u00e5 rense r\u00f8ret.<\/p>\n<\/li>\n<\/ol>\n<h2 style=\"text-align: center;\" data-start=\"1338\" data-end=\"1362\"><strong>Produktdetaljer<\/strong><\/h2>\n<ul data-start=\"1363\" data-end=\"1735\">\n<li data-start=\"1363\" data-end=\"1428\">\n<p data-start=\"1365\" data-end=\"1428\">Alternativer for slangelengde: 2 m, 5 m, 8 m, 10 m, 15 m, 20 m<\/p>\n<\/li>\n<li data-start=\"1429\" data-end=\"1466\">\n<p data-start=\"1431\" data-end=\"1466\">Innvendig diameter: 6 mm<\/p>\n<\/li>\n<li data-start=\"1467\" data-end=\"1492\">\n<p data-start=\"1469\" data-end=\"1492\">Utvendig diameter: 11 mm<\/p>\n<\/li>\n<li data-start=\"1493\" data-end=\"1552\">\n<p data-start=\"1495\" data-end=\"1552\">Materiale: Termoplastslange med tekstilforsterkning<\/p>\n<\/li>\n<li data-start=\"1553\" data-end=\"1589\">\n<p data-start=\"1555\" data-end=\"1589\">Maksimalt trykk: Opp til 5800 PSI<\/p>\n<\/li>\n<li data-start=\"1590\" data-end=\"1634\">\n<p data-start=\"1592\" data-end=\"1634\">Temperaturomr\u00e5de: 0\u00b0C\u201360\u00b0C<\/p>\n<\/li>\n<li data-start=\"1635\" data-end=\"1681\">\n<p data-start=\"1637\" data-end=\"1681\">Kobling: Standard 6 mm hurtigkobling<\/p>\n<\/li>\n<li data-start=\"1682\" data-end=\"1735\">\n<p data-start=\"1684\" data-end=\"1735\">Overflate: Glatt, slitesterk, anti-kink design<\/p>\n<\/li>\n<\/ul>\n<h2 style=\"text-align: center;\" data-start=\"1742\" data-end=\"1767\"><strong>Pakken inneholder<\/strong><\/h2>\n<ul data-start=\"1768\" data-end=\"1856\" data-is-last-node=\"\" data-is-only-node=\"\">\n<li data-start=\"1768\" data-end=\"1809\">1x avl\u00f8psrensingssett.<\/li>\n<\/ul>\n","protected":false},"excerpt":{"rendered":"<p>Dette avl\u00f8psrengj\u00f8ringssettet gj\u00f8r h\u00f8ytrykksspyleren om til et kraftig r\u00f8rrengj\u00f8ringsverkt\u00f8y som fjerner fett, slam, sand og gjenstridige blokkeringer. Den lange, fleksible slangen skyver dypt inn i avl\u00f8p og r\u00f8r, mens h\u00f8ytrykksstr\u00e5ler fjerner smusset fra innsiden. Den er ideell for avl\u00f8p i hjemmet, utend\u00f8rs r\u00f8r og lettere kommersiell rengj\u00f8ring, noe som sparer tid og kostbare r\u00f8rleggerbes\u00f8k.<\/p>\n","protected":false},"featured_media":15569,"comment_status":"open","ping_status":"closed","template":"","meta":{"site-sidebar-layout":"default","site-content-layout":"","ast-site-content-layout":"default","site-content-style":"default","site-sidebar-style":"default","ast-global-header-display":"","ast-banner-title-visibility":"","ast-main-header-display":"","ast-hfb-above-header-display":"","ast-hfb-below-header-display":"","ast-hfb-mobile-header-display":"","site-post-title":"","ast-breadcrumbs-content":"","ast-featured-img":"","footer-sml-layout":"","theme-transparent-header-meta":"default","adv-header-id-meta":"","stick-header-meta":"","header-above-stick-meta":"","header-main-stick-meta":"","header-below-stick-meta":"","astra-migrate-meta-layouts":"set","ast-page-background-enabled":"default","ast-page-background-meta":{"desktop":{"background-color":"var(--ast-global-color-5)","background-image":"","background-repeat":"repeat","background-position":"center center","background-size":"auto","background-attachment":"scroll","background-type":"","background-media":"","overlay-type":"","overlay-color":"","overlay-opacity":"","overlay-gradient":""},"tablet":{"background-color":"","background-image":"","background-repeat":"repeat","background-position":"center center","background-size":"auto","background-attachment":"scroll","background-type":"","background-media":"","overlay-type":"","overlay-color":"","overlay-opacity":"","overlay-gradient":""},"mobile":{"background-color":"","background-image":"","background-repeat":"repeat","background-position":"center center","background-size":"auto","background-attachment":"scroll","background-type":"","background-media":"","overlay-type":"","overlay-color":"","overlay-opacity":"","overlay-gradient":""}},"ast-content-background-meta":{"desktop":{"background-color":"var(--ast-global-color-4)","background-image":"","background-repeat":"repeat","background-position":"center center","background-size":"auto","background-attachment":"scroll","background-type":"","background-media":"","overlay-type":"","overlay-color":"","overlay-opacity":"","overlay-gradient":""},"tablet":{"background-color":"var(--ast-global-color-4)","background-image":"","background-repeat":"repeat","background-position":"center center","background-size":"auto","background-attachment":"scroll","background-type":"","background-media":"","overlay-type":"","overlay-color":"","overlay-opacity":"","overlay-gradient":""},"mobile":{"background-color":"var(--ast-global-color-4)","background-image":"","background-repeat":"repeat","background-position":"center center","background-size":"auto","background-attachment":"scroll","background-type":"","background-media":"","overlay-type":"","overlay-color":"","overlay-opacity":"","overlay-gradient":""}}},"product_brand":[],"product_cat":[15],"product_tag":[],"class_list":{"0":"post-15573","1":"product","2":"type-product","3":"status-publish","4":"has-post-thumbnail","6":"product_cat-uncategorized","7":"pa_62508_rw3kqt6x-10-m","8":"pa_62508_rw3kqt6x-15-m","9":"pa_62508_rw3kqt6x-2-m","10":"pa_62508_rw3kqt6x-20-m","11":"pa_62508_rw3kqt6x-5-m","12":"pa_62508_rw3kqt6x-8-m","13":"desktop-align-left","14":"tablet-align-left","15":"mobile-align-left","17":"first","18":"instock","19":"shipping-taxable","20":"purchasable","21":"product-type-variable"},"yoast_head":"<!-- This site is optimized with the Yoast SEO plugin v26.6 - https:\/\/yoast.com\/wordpress\/plugins\/seo\/ -->\n<title>Spylesett for avl\u00f8psrensing - Mekulo NO<\/title>\n<meta name=\"robots\" content=\"index, follow, max-snippet:-1, max-image-preview:large, max-video-preview:-1\" \/>\n<link rel=\"canonical\" href=\"https:\/\/mekulo.com\/no\/produkt\/spylesett-for-avlopsrensing\/\" \/>\n<meta property=\"og:locale\" content=\"nb_NO\" \/>\n<meta property=\"og:type\" content=\"article\" \/>\n<meta property=\"og:title\" content=\"Spylesett for avl\u00f8psrensing - Mekulo NO\" \/>\n<meta property=\"og:description\" content=\"Dette avl\u00f8psrengj\u00f8ringssettet gj\u00f8r h\u00f8ytrykksspyleren om til et kraftig r\u00f8rrengj\u00f8ringsverkt\u00f8y som fjerner fett, slam, sand og gjenstridige blokkeringer. Den lange, fleksible slangen skyver dypt inn i avl\u00f8p og r\u00f8r, mens h\u00f8ytrykksstr\u00e5ler fjerner smusset fra innsiden. Den er ideell for avl\u00f8p i hjemmet, utend\u00f8rs r\u00f8r og lettere kommersiell rengj\u00f8ring, noe som sparer tid og kostbare r\u00f8rleggerbes\u00f8k.\" \/>\n<meta property=\"og:url\" content=\"https:\/\/mekulo.com\/no\/produkt\/spylesett-for-avlopsrensing\/\" \/>\n<meta property=\"og:site_name\" content=\"Mekulo NO\" \/>\n<meta property=\"article:modified_time\" content=\"2026-01-08T15:07:26+00:00\" \/>\n<meta property=\"og:image\" content=\"https:\/\/mekulo.com\/no\/wp-content\/uploads\/sites\/10\/2026\/01\/6p48txt-1.jpg\" \/>\n\t<meta property=\"og:image:width\" content=\"1080\" \/>\n\t<meta property=\"og:image:height\" content=\"1080\" \/>\n\t<meta property=\"og:image:type\" content=\"image\/jpeg\" \/>\n<meta name=\"twitter:card\" content=\"summary_large_image\" \/>\n<meta name=\"twitter:label1\" content=\"Ansl. lesetid\" \/>\n\t<meta name=\"twitter:data1\" content=\"2 minutter\" \/>\n<script type=\"application\/ld+json\" class=\"yoast-schema-graph\">{\"@context\":\"https:\/\/schema.org\",\"@graph\":[{\"@type\":\"WebPage\",\"@id\":\"https:\/\/mekulo.com\/no\/produkt\/spylesett-for-avlopsrensing\/\",\"url\":\"https:\/\/mekulo.com\/no\/produkt\/spylesett-for-avlopsrensing\/\",\"name\":\"Spylesett for avl\u00f8psrensing - Mekulo NO\",\"isPartOf\":{\"@id\":\"https:\/\/mekulo.com\/no\/#website\"},\"primaryImageOfPage\":{\"@id\":\"https:\/\/mekulo.com\/no\/produkt\/spylesett-for-avlopsrensing\/#primaryimage\"},\"image\":{\"@id\":\"https:\/\/mekulo.com\/no\/produkt\/spylesett-for-avlopsrensing\/#primaryimage\"},\"thumbnailUrl\":\"https:\/\/mekulo.com\/no\/wp-content\/uploads\/sites\/10\/2026\/01\/6p48txt-1.jpg\",\"datePublished\":\"2026-01-08T14:15:15+00:00\",\"dateModified\":\"2026-01-08T15:07:26+00:00\",\"breadcrumb\":{\"@id\":\"https:\/\/mekulo.com\/no\/produkt\/spylesett-for-avlopsrensing\/#breadcrumb\"},\"inLanguage\":\"nb-NO\",\"potentialAction\":[{\"@type\":\"ReadAction\",\"target\":[\"https:\/\/mekulo.com\/no\/produkt\/spylesett-for-avlopsrensing\/\"]}]},{\"@type\":\"ImageObject\",\"inLanguage\":\"nb-NO\",\"@id\":\"https:\/\/mekulo.com\/no\/produkt\/spylesett-for-avlopsrensing\/#primaryimage\",\"url\":\"https:\/\/mekulo.com\/no\/wp-content\/uploads\/sites\/10\/2026\/01\/6p48txt-1.jpg\",\"contentUrl\":\"https:\/\/mekulo.com\/no\/wp-content\/uploads\/sites\/10\/2026\/01\/6p48txt-1.jpg\",\"width\":1080,\"height\":1080},{\"@type\":\"BreadcrumbList\",\"@id\":\"https:\/\/mekulo.com\/no\/produkt\/spylesett-for-avlopsrensing\/#breadcrumb\",\"itemListElement\":[{\"@type\":\"ListItem\",\"position\":1,\"name\":\"Home\",\"item\":\"https:\/\/mekulo.com\/no\/\"},{\"@type\":\"ListItem\",\"position\":2,\"name\":\"Butikk\",\"item\":\"https:\/\/mekulo.com\/no\/butikk\/\"},{\"@type\":\"ListItem\",\"position\":3,\"name\":\"Spylesett for avl\u00f8psrensing\"}]},{\"@type\":\"WebSite\",\"@id\":\"https:\/\/mekulo.com\/no\/#website\",\"url\":\"https:\/\/mekulo.com\/no\/\",\"name\":\"Mekulo NO\",\"description\":\"\",\"publisher\":{\"@id\":\"https:\/\/mekulo.com\/no\/#organization\"},\"potentialAction\":[{\"@type\":\"SearchAction\",\"target\":{\"@type\":\"EntryPoint\",\"urlTemplate\":\"https:\/\/mekulo.com\/no\/?s={search_term_string}\"},\"query-input\":{\"@type\":\"PropertyValueSpecification\",\"valueRequired\":true,\"valueName\":\"search_term_string\"}}],\"inLanguage\":\"nb-NO\"},{\"@type\":\"Organization\",\"@id\":\"https:\/\/mekulo.com\/no\/#organization\",\"name\":\"Mekulo\",\"url\":\"https:\/\/mekulo.com\/no\/\",\"logo\":{\"@type\":\"ImageObject\",\"inLanguage\":\"nb-NO\",\"@id\":\"https:\/\/mekulo.com\/no\/#\/schema\/logo\/image\/\",\"url\":\"https:\/\/mekulo.com\/no\/wp-content\/uploads\/sites\/10\/2025\/12\/favicon_mekulo.png\",\"contentUrl\":\"https:\/\/mekulo.com\/no\/wp-content\/uploads\/sites\/10\/2025\/12\/favicon_mekulo.png\",\"width\":50,\"height\":50,\"caption\":\"Mekulo\"},\"image\":{\"@id\":\"https:\/\/mekulo.com\/no\/#\/schema\/logo\/image\/\"}}]}<\/script>\n<!-- \/ Yoast SEO plugin. -->","yoast_head_json":{"title":"Spylesett for avl\u00f8psrensing - Mekulo NO","robots":{"index":"index","follow":"follow","max-snippet":"max-snippet:-1","max-image-preview":"max-image-preview:large","max-video-preview":"max-video-preview:-1"},"canonical":"https:\/\/mekulo.com\/no\/produkt\/spylesett-for-avlopsrensing\/","og_locale":"nb_NO","og_type":"article","og_title":"Spylesett for avl\u00f8psrensing - Mekulo NO","og_description":"Dette avl\u00f8psrengj\u00f8ringssettet gj\u00f8r h\u00f8ytrykksspyleren om til et kraftig r\u00f8rrengj\u00f8ringsverkt\u00f8y som fjerner fett, slam, sand og gjenstridige blokkeringer. Den lange, fleksible slangen skyver dypt inn i avl\u00f8p og r\u00f8r, mens h\u00f8ytrykksstr\u00e5ler fjerner smusset fra innsiden. Den er ideell for avl\u00f8p i hjemmet, utend\u00f8rs r\u00f8r og lettere kommersiell rengj\u00f8ring, noe som sparer tid og kostbare r\u00f8rleggerbes\u00f8k.","og_url":"https:\/\/mekulo.com\/no\/produkt\/spylesett-for-avlopsrensing\/","og_site_name":"Mekulo NO","article_modified_time":"2026-01-08T15:07:26+00:00","og_image":[{"width":1080,"height":1080,"url":"https:\/\/mekulo.com\/no\/wp-content\/uploads\/sites\/10\/2026\/01\/6p48txt-1.jpg","type":"image\/jpeg"}],"twitter_card":"summary_large_image","twitter_misc":{"Ansl. lesetid":"2 minutter"},"schema":{"@context":"https:\/\/schema.org","@graph":[{"@type":"WebPage","@id":"https:\/\/mekulo.com\/no\/produkt\/spylesett-for-avlopsrensing\/","url":"https:\/\/mekulo.com\/no\/produkt\/spylesett-for-avlopsrensing\/","name":"Spylesett for avl\u00f8psrensing - Mekulo NO","isPartOf":{"@id":"https:\/\/mekulo.com\/no\/#website"},"primaryImageOfPage":{"@id":"https:\/\/mekulo.com\/no\/produkt\/spylesett-for-avlopsrensing\/#primaryimage"},"image":{"@id":"https:\/\/mekulo.com\/no\/produkt\/spylesett-for-avlopsrensing\/#primaryimage"},"thumbnailUrl":"https:\/\/mekulo.com\/no\/wp-content\/uploads\/sites\/10\/2026\/01\/6p48txt-1.jpg","datePublished":"2026-01-08T14:15:15+00:00","dateModified":"2026-01-08T15:07:26+00:00","breadcrumb":{"@id":"https:\/\/mekulo.com\/no\/produkt\/spylesett-for-avlopsrensing\/#breadcrumb"},"inLanguage":"nb-NO","potentialAction":[{"@type":"ReadAction","target":["https:\/\/mekulo.com\/no\/produkt\/spylesett-for-avlopsrensing\/"]}]},{"@type":"ImageObject","inLanguage":"nb-NO","@id":"https:\/\/mekulo.com\/no\/produkt\/spylesett-for-avlopsrensing\/#primaryimage","url":"https:\/\/mekulo.com\/no\/wp-content\/uploads\/sites\/10\/2026\/01\/6p48txt-1.jpg","contentUrl":"https:\/\/mekulo.com\/no\/wp-content\/uploads\/sites\/10\/2026\/01\/6p48txt-1.jpg","width":1080,"height":1080},{"@type":"BreadcrumbList","@id":"https:\/\/mekulo.com\/no\/produkt\/spylesett-for-avlopsrensing\/#breadcrumb","itemListElement":[{"@type":"ListItem","position":1,"name":"Home","item":"https:\/\/mekulo.com\/no\/"},{"@type":"ListItem","position":2,"name":"Butikk","item":"https:\/\/mekulo.com\/no\/butikk\/"},{"@type":"ListItem","position":3,"name":"Spylesett for avl\u00f8psrensing"}]},{"@type":"WebSite","@id":"https:\/\/mekulo.com\/no\/#website","url":"https:\/\/mekulo.com\/no\/","name":"Mekulo NO","description":"","publisher":{"@id":"https:\/\/mekulo.com\/no\/#organization"},"potentialAction":[{"@type":"SearchAction","target":{"@type":"EntryPoint","urlTemplate":"https:\/\/mekulo.com\/no\/?s={search_term_string}"},"query-input":{"@type":"PropertyValueSpecification","valueRequired":true,"valueName":"search_term_string"}}],"inLanguage":"nb-NO"},{"@type":"Organization","@id":"https:\/\/mekulo.com\/no\/#organization","name":"Mekulo","url":"https:\/\/mekulo.com\/no\/","logo":{"@type":"ImageObject","inLanguage":"nb-NO","@id":"https:\/\/mekulo.com\/no\/#\/schema\/logo\/image\/","url":"https:\/\/mekulo.com\/no\/wp-content\/uploads\/sites\/10\/2025\/12\/favicon_mekulo.png","contentUrl":"https:\/\/mekulo.com\/no\/wp-content\/uploads\/sites\/10\/2025\/12\/favicon_mekulo.png","width":50,"height":50,"caption":"Mekulo"},"image":{"@id":"https:\/\/mekulo.com\/no\/#\/schema\/logo\/image\/"}}]}},"_links":{"self":[{"href":"https:\/\/mekulo.com\/no\/wp-json\/wp\/v2\/product\/15573","targetHints":{"allow":["GET"]}}],"collection":[{"href":"https:\/\/mekulo.com\/no\/wp-json\/wp\/v2\/product"}],"about":[{"href":"https:\/\/mekulo.com\/no\/wp-json\/wp\/v2\/types\/product"}],"replies":[{"embeddable":true,"href":"https:\/\/mekulo.com\/no\/wp-json\/wp\/v2\/comments?post=15573"}],"wp:featuredmedia":[{"embeddable":true,"href":"https:\/\/mekulo.com\/no\/wp-json\/wp\/v2\/media\/15569"}],"wp:attachment":[{"href":"https:\/\/mekulo.com\/no\/wp-json\/wp\/v2\/media?parent=15573"}],"wp:term":[{"taxonomy":"product_brand","embeddable":true,"href":"https:\/\/mekulo.com\/no\/wp-json\/wp\/v2\/product_brand?post=15573"},{"taxonomy":"product_cat","embeddable":true,"href":"https:\/\/mekulo.com\/no\/wp-json\/wp\/v2\/product_cat?post=15573"},{"taxonomy":"product_tag","embeddable":true,"href":"https:\/\/mekulo.com\/no\/wp-json\/wp\/v2\/product_tag?post=15573"}],"curies":[{"name":"wp","href":"https:\/\/api.w.org\/{rel}","templated":true}]}}