{"id":15564,"date":"2026-01-08T16:13:33","date_gmt":"2026-01-08T14:13:33","guid":{"rendered":"https:\/\/mekulo.com\/no\/produkt\/kreative-byggeklosser\/"},"modified":"2026-01-08T17:02:55","modified_gmt":"2026-01-08T15:02:55","slug":"kreative-byggeklosser","status":"publish","type":"product","link":"https:\/\/mekulo.com\/no\/produkt\/kreative-byggeklosser\/","title":{"rendered":"Kreative byggeklosser"},"content":{"rendered":"<div class=\"flex max-w-full flex-col grow\">\n<div class=\"min-h-8 text-message relative flex w-full flex-col items-end gap-2 text-start break-words whitespace-normal [.text-message+&amp;]:mt-1\" dir=\"auto\" data-message-author-role=\"assistant\" data-message-id=\"be1b1bf9-dade-45cd-86bd-ff7ef8b8e4fc\" data-message-model-slug=\"gpt-5-2\">\n<div class=\"flex w-full flex-col gap-1 empty:hidden first:pt-[1px]\">\n<div class=\"markdown prose dark:prose-invert w-full break-words light markdown-new-styling\">\n<p style=\"text-align: center;\" data-start=\"0\" data-end=\"67\"><strong data-start=\"0\" data-end=\"67\">Bygg, Tenk Og Skap Med Praktisk Konstruksjonsmoro I Tre. \ud83e\udde0<\/strong><\/p>\n<p data-start=\"69\" data-end=\"294\"><img fetchpriority=\"high\" decoding=\"async\" class=\"size-full wp-image-46904 aligncenter\" src=\"https:\/\/keluvo.com\/template\/wp-content\/uploads\/sites\/5\/2025\/12\/122122-ezgif.com-video-to-webp-converter.webp\" alt=\"\" width=\"500\" height=\"500\" \/><\/p>\n<h2 style=\"text-align: center;\" data-start=\"301\" data-end=\"320\">\u2b50 Hovedfordeler<\/h2>\n<p data-start=\"323\" data-end=\"398\">\ud83e\udde0 \u00d8ker den romlige fantasien \u2013 Oppmuntrer til 3D-tenkning og kreativitet.<\/p>\n<p data-start=\"401\" data-end=\"476\">\u270b Trener finmotorikken \u2013 Forbedrer h\u00e5nd-\u00f8ye-koordinasjon og fokus.<\/p>\n<p data-start=\"479\" data-end=\"572\">\ud83c\udfd7\ufe0f Ekte konstruksjonsl\u00e6ring \u2013 Tapp- og tappforbindelser l\u00e6rer deg hvordan ting passer sammen.<\/p>\n<p data-start=\"575\" data-end=\"659\">\ud83d\udd0d Utvikler logisk tenkning \u2013 Probleml\u00f8sning gjennom pr\u00f8ving og eksperimentering.<\/p>\n<p data-start=\"662\" data-end=\"738\">\ud83c\udf31 Trygt, naturlig tre \u2013 Glatte, giftfrie og barnevennlige materialer.<\/p>\n<p data-start=\"662\" data-end=\"738\"><img decoding=\"async\" class=\"size-full wp-image-46905 aligncenter\" src=\"https:\/\/keluvo.com\/template\/wp-content\/uploads\/sites\/5\/2025\/12\/122121-ezgif.com-video-to-webp-converter.webp\" alt=\"\" width=\"500\" height=\"500\" \/><\/p>\n<h2 style=\"text-align: center;\" data-start=\"745\" data-end=\"762\">\u25b6\ufe0f Slik Bruker Du Det<\/h2>\n<ol data-start=\"763\" data-end=\"1021\">\n<li data-start=\"763\" data-end=\"808\">\n<p data-start=\"766\" data-end=\"808\">\u00c5pne esken og sorter treklossene.<\/p>\n<\/li>\n<li data-start=\"809\" data-end=\"870\">\n<p data-start=\"812\" data-end=\"870\">F\u00f8lg bruksanvisningen eller lag ditt eget design.<\/p>\n<\/li>\n<li data-start=\"871\" data-end=\"926\">\n<p data-start=\"874\" data-end=\"926\">Sett sammen brikkene ved hjelp av tapp- og tappforbindelser.<\/p>\n<\/li>\n<li data-start=\"927\" data-end=\"977\">\n<p data-start=\"930\" data-end=\"977\">Legg til dekorative figurer for \u00e5 fullf\u00f8re bygget.<\/p>\n<\/li>\n<li data-start=\"978\" data-end=\"1021\">\n<p data-start=\"981\" data-end=\"1021\">Ta det fra hverandre og bygg det om p\u00e5 nye m\u00e5ter.<\/p>\n<\/li>\n<\/ol>\n<h2 style=\"text-align: center;\" data-start=\"1028\" data-end=\"1050\">\ud83d\udccf Produktdetaljer<\/h2>\n<ul data-start=\"1051\" data-end=\"1249\">\n<li data-start=\"1094\" data-end=\"1131\">\n<p data-start=\"1096\" data-end=\"1131\">Materiale: Massivt tre av h\u00f8y kvalitet<\/p>\n<\/li>\n<li data-start=\"1132\" data-end=\"1154\">\n<p data-start=\"1134\" data-end=\"1154\">Farge: Beige-brun<\/p>\n<\/li>\n<li data-start=\"1155\" data-end=\"1188\">\n<p data-start=\"1157\" data-end=\"1188\">Sammenf\u00f8yningstype: Tapp og tapp<\/p>\n<\/li>\n<li data-start=\"1189\" data-end=\"1249\">\n<p data-start=\"1191\" data-end=\"1249\">Pedagogisk fokus: Romlig tenkning, logikk, motorikk<\/p>\n<\/li>\n<\/ul>\n<h2 style=\"text-align: center;\" data-start=\"1256\" data-end=\"1279\">\ud83d\udce6 Pakken inneholder<\/h2>\n<ul data-start=\"1280\" data-end=\"1365\" data-is-last-node=\"\" data-is-only-node=\"\">\n<li data-start=\"1280\" data-end=\"1312\">\n<p data-start=\"1282\" data-end=\"1312\">107x byggeklosser i tre<\/p>\n<\/li>\n<li data-start=\"1313\" data-end=\"1340\">\n<p data-start=\"1315\" data-end=\"1340\">15x dekorative figurer<\/p>\n<\/li>\n<li data-start=\"1341\" data-end=\"1365\" data-is-last-node=\"\">\n<p data-start=\"1343\" data-end=\"1365\" data-is-last-node=\"\">1x bruksanvisning.<\/p>\n<\/li>\n<\/ul>\n<\/div>\n<\/div>\n<\/div>\n<\/div>\n","protected":false},"excerpt":{"rendered":"<p>Disse kreative byggeklossene gj\u00f8r leken til en praktisk l\u00e6ringsopplevelse ved \u00e5 la barna bygge ekte 3D-strukturer av solide trebiter. Ved \u00e5 sette sammen, ta fra hverandre og bygge opp igjen hus og figurer utvikler barna romforst\u00e5else, logisk tenkning og probleml\u00f8sningsferdigheter p\u00e5 en naturlig m\u00e5te. Den taktile byggeprosessen gj\u00f8r at barna er fokuserte, engasjerte og stolte av det de skaper, slik at l\u00e6ringen f\u00f8les morsom i stedet for p\u00e5tvunget.<\/p>\n","protected":false},"featured_media":15560,"comment_status":"open","ping_status":"closed","template":"","meta":{"site-sidebar-layout":"default","site-content-layout":"","ast-site-content-layout":"default","site-content-style":"default","site-sidebar-style":"default","ast-global-header-display":"","ast-banner-title-visibility":"","ast-main-header-display":"","ast-hfb-above-header-display":"","ast-hfb-below-header-display":"","ast-hfb-mobile-header-display":"","site-post-title":"","ast-breadcrumbs-content":"","ast-featured-img":"","footer-sml-layout":"","theme-transparent-header-meta":"default","adv-header-id-meta":"","stick-header-meta":"","header-above-stick-meta":"","header-main-stick-meta":"","header-below-stick-meta":"","astra-migrate-meta-layouts":"set","ast-page-background-enabled":"default","ast-page-background-meta":{"desktop":{"background-color":"var(--ast-global-color-5)","background-image":"","background-repeat":"repeat","background-position":"center center","background-size":"auto","background-attachment":"scroll","background-type":"","background-media":"","overlay-type":"","overlay-color":"","overlay-opacity":"","overlay-gradient":""},"tablet":{"background-color":"","background-image":"","background-repeat":"repeat","background-position":"center center","background-size":"auto","background-attachment":"scroll","background-type":"","background-media":"","overlay-type":"","overlay-color":"","overlay-opacity":"","overlay-gradient":""},"mobile":{"background-color":"","background-image":"","background-repeat":"repeat","background-position":"center center","background-size":"auto","background-attachment":"scroll","background-type":"","background-media":"","overlay-type":"","overlay-color":"","overlay-opacity":"","overlay-gradient":""}},"ast-content-background-meta":{"desktop":{"background-color":"var(--ast-global-color-4)","background-image":"","background-repeat":"repeat","background-position":"center center","background-size":"auto","background-attachment":"scroll","background-type":"","background-media":"","overlay-type":"","overlay-color":"","overlay-opacity":"","overlay-gradient":""},"tablet":{"background-color":"var(--ast-global-color-4)","background-image":"","background-repeat":"repeat","background-position":"center center","background-size":"auto","background-attachment":"scroll","background-type":"","background-media":"","overlay-type":"","overlay-color":"","overlay-opacity":"","overlay-gradient":""},"mobile":{"background-color":"var(--ast-global-color-4)","background-image":"","background-repeat":"repeat","background-position":"center center","background-size":"auto","background-attachment":"scroll","background-type":"","background-media":"","overlay-type":"","overlay-color":"","overlay-opacity":"","overlay-gradient":""}}},"product_brand":[],"product_cat":[15],"product_tag":[],"class_list":{"0":"post-15564","1":"product","2":"type-product","3":"status-publish","4":"has-post-thumbnail","6":"product_cat-uncategorized","7":"desktop-align-left","8":"tablet-align-left","9":"mobile-align-left","11":"first","12":"instock","13":"shipping-taxable","14":"purchasable","15":"product-type-simple"},"yoast_head":"<!-- This site is optimized with the Yoast SEO plugin v26.6 - https:\/\/yoast.com\/wordpress\/plugins\/seo\/ -->\n<title>Kreative byggeklosser - Mekulo NO<\/title>\n<meta name=\"robots\" content=\"index, follow, max-snippet:-1, max-image-preview:large, max-video-preview:-1\" \/>\n<link rel=\"canonical\" href=\"https:\/\/mekulo.com\/no\/produkt\/kreative-byggeklosser\/\" \/>\n<meta property=\"og:locale\" content=\"nb_NO\" \/>\n<meta property=\"og:type\" content=\"article\" \/>\n<meta property=\"og:title\" content=\"Kreative byggeklosser - Mekulo NO\" \/>\n<meta property=\"og:description\" content=\"Disse kreative byggeklossene gj\u00f8r leken til en praktisk l\u00e6ringsopplevelse ved \u00e5 la barna bygge ekte 3D-strukturer av solide trebiter. Ved \u00e5 sette sammen, ta fra hverandre og bygge opp igjen hus og figurer utvikler barna romforst\u00e5else, logisk tenkning og probleml\u00f8sningsferdigheter p\u00e5 en naturlig m\u00e5te. Den taktile byggeprosessen gj\u00f8r at barna er fokuserte, engasjerte og stolte av det de skaper, slik at l\u00e6ringen f\u00f8les morsom i stedet for p\u00e5tvunget.\" \/>\n<meta property=\"og:url\" content=\"https:\/\/mekulo.com\/no\/produkt\/kreative-byggeklosser\/\" \/>\n<meta property=\"og:site_name\" content=\"Mekulo NO\" \/>\n<meta property=\"article:modified_time\" content=\"2026-01-08T15:02:55+00:00\" \/>\n<meta property=\"og:image\" content=\"https:\/\/mekulo.com\/no\/wp-content\/uploads\/sites\/10\/2026\/01\/oecn12q-1.webp\" \/>\n\t<meta property=\"og:image:width\" content=\"713\" \/>\n\t<meta property=\"og:image:height\" content=\"713\" \/>\n\t<meta property=\"og:image:type\" content=\"image\/webp\" \/>\n<meta name=\"twitter:card\" content=\"summary_large_image\" \/>\n<meta name=\"twitter:label1\" content=\"Ansl. lesetid\" \/>\n\t<meta name=\"twitter:data1\" content=\"2 minutter\" \/>\n<script type=\"application\/ld+json\" class=\"yoast-schema-graph\">{\"@context\":\"https:\/\/schema.org\",\"@graph\":[{\"@type\":\"WebPage\",\"@id\":\"https:\/\/mekulo.com\/no\/produkt\/kreative-byggeklosser\/\",\"url\":\"https:\/\/mekulo.com\/no\/produkt\/kreative-byggeklosser\/\",\"name\":\"Kreative byggeklosser - Mekulo NO\",\"isPartOf\":{\"@id\":\"https:\/\/mekulo.com\/no\/#website\"},\"primaryImageOfPage\":{\"@id\":\"https:\/\/mekulo.com\/no\/produkt\/kreative-byggeklosser\/#primaryimage\"},\"image\":{\"@id\":\"https:\/\/mekulo.com\/no\/produkt\/kreative-byggeklosser\/#primaryimage\"},\"thumbnailUrl\":\"https:\/\/mekulo.com\/no\/wp-content\/uploads\/sites\/10\/2026\/01\/oecn12q-1.webp\",\"datePublished\":\"2026-01-08T14:13:33+00:00\",\"dateModified\":\"2026-01-08T15:02:55+00:00\",\"breadcrumb\":{\"@id\":\"https:\/\/mekulo.com\/no\/produkt\/kreative-byggeklosser\/#breadcrumb\"},\"inLanguage\":\"nb-NO\",\"potentialAction\":[{\"@type\":\"ReadAction\",\"target\":[\"https:\/\/mekulo.com\/no\/produkt\/kreative-byggeklosser\/\"]}]},{\"@type\":\"ImageObject\",\"inLanguage\":\"nb-NO\",\"@id\":\"https:\/\/mekulo.com\/no\/produkt\/kreative-byggeklosser\/#primaryimage\",\"url\":\"https:\/\/mekulo.com\/no\/wp-content\/uploads\/sites\/10\/2026\/01\/oecn12q-1.webp\",\"contentUrl\":\"https:\/\/mekulo.com\/no\/wp-content\/uploads\/sites\/10\/2026\/01\/oecn12q-1.webp\",\"width\":713,\"height\":713},{\"@type\":\"BreadcrumbList\",\"@id\":\"https:\/\/mekulo.com\/no\/produkt\/kreative-byggeklosser\/#breadcrumb\",\"itemListElement\":[{\"@type\":\"ListItem\",\"position\":1,\"name\":\"Home\",\"item\":\"https:\/\/mekulo.com\/no\/\"},{\"@type\":\"ListItem\",\"position\":2,\"name\":\"Butikk\",\"item\":\"https:\/\/mekulo.com\/no\/butikk\/\"},{\"@type\":\"ListItem\",\"position\":3,\"name\":\"Kreative byggeklosser\"}]},{\"@type\":\"WebSite\",\"@id\":\"https:\/\/mekulo.com\/no\/#website\",\"url\":\"https:\/\/mekulo.com\/no\/\",\"name\":\"Mekulo NO\",\"description\":\"\",\"publisher\":{\"@id\":\"https:\/\/mekulo.com\/no\/#organization\"},\"potentialAction\":[{\"@type\":\"SearchAction\",\"target\":{\"@type\":\"EntryPoint\",\"urlTemplate\":\"https:\/\/mekulo.com\/no\/?s={search_term_string}\"},\"query-input\":{\"@type\":\"PropertyValueSpecification\",\"valueRequired\":true,\"valueName\":\"search_term_string\"}}],\"inLanguage\":\"nb-NO\"},{\"@type\":\"Organization\",\"@id\":\"https:\/\/mekulo.com\/no\/#organization\",\"name\":\"Mekulo\",\"url\":\"https:\/\/mekulo.com\/no\/\",\"logo\":{\"@type\":\"ImageObject\",\"inLanguage\":\"nb-NO\",\"@id\":\"https:\/\/mekulo.com\/no\/#\/schema\/logo\/image\/\",\"url\":\"https:\/\/mekulo.com\/no\/wp-content\/uploads\/sites\/10\/2025\/12\/favicon_mekulo.png\",\"contentUrl\":\"https:\/\/mekulo.com\/no\/wp-content\/uploads\/sites\/10\/2025\/12\/favicon_mekulo.png\",\"width\":50,\"height\":50,\"caption\":\"Mekulo\"},\"image\":{\"@id\":\"https:\/\/mekulo.com\/no\/#\/schema\/logo\/image\/\"}}]}<\/script>\n<!-- \/ Yoast SEO plugin. -->","yoast_head_json":{"title":"Kreative byggeklosser - Mekulo NO","robots":{"index":"index","follow":"follow","max-snippet":"max-snippet:-1","max-image-preview":"max-image-preview:large","max-video-preview":"max-video-preview:-1"},"canonical":"https:\/\/mekulo.com\/no\/produkt\/kreative-byggeklosser\/","og_locale":"nb_NO","og_type":"article","og_title":"Kreative byggeklosser - Mekulo NO","og_description":"Disse kreative byggeklossene gj\u00f8r leken til en praktisk l\u00e6ringsopplevelse ved \u00e5 la barna bygge ekte 3D-strukturer av solide trebiter. Ved \u00e5 sette sammen, ta fra hverandre og bygge opp igjen hus og figurer utvikler barna romforst\u00e5else, logisk tenkning og probleml\u00f8sningsferdigheter p\u00e5 en naturlig m\u00e5te. Den taktile byggeprosessen gj\u00f8r at barna er fokuserte, engasjerte og stolte av det de skaper, slik at l\u00e6ringen f\u00f8les morsom i stedet for p\u00e5tvunget.","og_url":"https:\/\/mekulo.com\/no\/produkt\/kreative-byggeklosser\/","og_site_name":"Mekulo NO","article_modified_time":"2026-01-08T15:02:55+00:00","og_image":[{"width":713,"height":713,"url":"https:\/\/mekulo.com\/no\/wp-content\/uploads\/sites\/10\/2026\/01\/oecn12q-1.webp","type":"image\/webp"}],"twitter_card":"summary_large_image","twitter_misc":{"Ansl. lesetid":"2 minutter"},"schema":{"@context":"https:\/\/schema.org","@graph":[{"@type":"WebPage","@id":"https:\/\/mekulo.com\/no\/produkt\/kreative-byggeklosser\/","url":"https:\/\/mekulo.com\/no\/produkt\/kreative-byggeklosser\/","name":"Kreative byggeklosser - Mekulo NO","isPartOf":{"@id":"https:\/\/mekulo.com\/no\/#website"},"primaryImageOfPage":{"@id":"https:\/\/mekulo.com\/no\/produkt\/kreative-byggeklosser\/#primaryimage"},"image":{"@id":"https:\/\/mekulo.com\/no\/produkt\/kreative-byggeklosser\/#primaryimage"},"thumbnailUrl":"https:\/\/mekulo.com\/no\/wp-content\/uploads\/sites\/10\/2026\/01\/oecn12q-1.webp","datePublished":"2026-01-08T14:13:33+00:00","dateModified":"2026-01-08T15:02:55+00:00","breadcrumb":{"@id":"https:\/\/mekulo.com\/no\/produkt\/kreative-byggeklosser\/#breadcrumb"},"inLanguage":"nb-NO","potentialAction":[{"@type":"ReadAction","target":["https:\/\/mekulo.com\/no\/produkt\/kreative-byggeklosser\/"]}]},{"@type":"ImageObject","inLanguage":"nb-NO","@id":"https:\/\/mekulo.com\/no\/produkt\/kreative-byggeklosser\/#primaryimage","url":"https:\/\/mekulo.com\/no\/wp-content\/uploads\/sites\/10\/2026\/01\/oecn12q-1.webp","contentUrl":"https:\/\/mekulo.com\/no\/wp-content\/uploads\/sites\/10\/2026\/01\/oecn12q-1.webp","width":713,"height":713},{"@type":"BreadcrumbList","@id":"https:\/\/mekulo.com\/no\/produkt\/kreative-byggeklosser\/#breadcrumb","itemListElement":[{"@type":"ListItem","position":1,"name":"Home","item":"https:\/\/mekulo.com\/no\/"},{"@type":"ListItem","position":2,"name":"Butikk","item":"https:\/\/mekulo.com\/no\/butikk\/"},{"@type":"ListItem","position":3,"name":"Kreative byggeklosser"}]},{"@type":"WebSite","@id":"https:\/\/mekulo.com\/no\/#website","url":"https:\/\/mekulo.com\/no\/","name":"Mekulo NO","description":"","publisher":{"@id":"https:\/\/mekulo.com\/no\/#organization"},"potentialAction":[{"@type":"SearchAction","target":{"@type":"EntryPoint","urlTemplate":"https:\/\/mekulo.com\/no\/?s={search_term_string}"},"query-input":{"@type":"PropertyValueSpecification","valueRequired":true,"valueName":"search_term_string"}}],"inLanguage":"nb-NO"},{"@type":"Organization","@id":"https:\/\/mekulo.com\/no\/#organization","name":"Mekulo","url":"https:\/\/mekulo.com\/no\/","logo":{"@type":"ImageObject","inLanguage":"nb-NO","@id":"https:\/\/mekulo.com\/no\/#\/schema\/logo\/image\/","url":"https:\/\/mekulo.com\/no\/wp-content\/uploads\/sites\/10\/2025\/12\/favicon_mekulo.png","contentUrl":"https:\/\/mekulo.com\/no\/wp-content\/uploads\/sites\/10\/2025\/12\/favicon_mekulo.png","width":50,"height":50,"caption":"Mekulo"},"image":{"@id":"https:\/\/mekulo.com\/no\/#\/schema\/logo\/image\/"}}]}},"_links":{"self":[{"href":"https:\/\/mekulo.com\/no\/wp-json\/wp\/v2\/product\/15564","targetHints":{"allow":["GET"]}}],"collection":[{"href":"https:\/\/mekulo.com\/no\/wp-json\/wp\/v2\/product"}],"about":[{"href":"https:\/\/mekulo.com\/no\/wp-json\/wp\/v2\/types\/product"}],"replies":[{"embeddable":true,"href":"https:\/\/mekulo.com\/no\/wp-json\/wp\/v2\/comments?post=15564"}],"wp:featuredmedia":[{"embeddable":true,"href":"https:\/\/mekulo.com\/no\/wp-json\/wp\/v2\/media\/15560"}],"wp:attachment":[{"href":"https:\/\/mekulo.com\/no\/wp-json\/wp\/v2\/media?parent=15564"}],"wp:term":[{"taxonomy":"product_brand","embeddable":true,"href":"https:\/\/mekulo.com\/no\/wp-json\/wp\/v2\/product_brand?post=15564"},{"taxonomy":"product_cat","embeddable":true,"href":"https:\/\/mekulo.com\/no\/wp-json\/wp\/v2\/product_cat?post=15564"},{"taxonomy":"product_tag","embeddable":true,"href":"https:\/\/mekulo.com\/no\/wp-json\/wp\/v2\/product_tag?post=15564"}],"curies":[{"name":"wp","href":"https:\/\/api.w.org\/{rel}","templated":true}]}}