{"id":15538,"date":"2026-01-08T16:10:14","date_gmt":"2026-01-08T14:10:14","guid":{"rendered":"https:\/\/mekulo.com\/no\/produkt\/dekompresjonsbelte\/"},"modified":"2026-01-08T17:09:33","modified_gmt":"2026-01-08T15:09:33","slug":"dekompresjonsbelte","status":"publish","type":"product","link":"https:\/\/mekulo.com\/no\/produkt\/dekompresjonsbelte\/","title":{"rendered":"Dekompresjonsbelte"},"content":{"rendered":"<p style=\"text-align: center;\" data-start=\"43\" data-end=\"117\"><strong>Lindre Smerter I Korsryggen Ved \u00c5 Dekomprimere Og St\u00f8tte Ryggraden Forsiktig. \ud83e\uddb4<\/strong><\/p>\n<p data-start=\"142\" data-end=\"554\"><img fetchpriority=\"high\" decoding=\"async\" class=\"size-full wp-image-46949 aligncenter\" src=\"https:\/\/keluvo.com\/template\/wp-content\/uploads\/sites\/5\/2025\/12\/122127-ezgif.com-video-to-webp-converter.webp\" alt=\"\" width=\"500\" height=\"281\" \/><\/p>\n<h2 style=\"text-align: center;\" data-start=\"561\" data-end=\"582\">\u2b50 Hovedfordeler<\/h2>\n<p data-start=\"585\" data-end=\"661\">\ud83d\udca8 Dekompresjonsst\u00f8tte for ryggraden &#8211; Reduserer trykket p\u00e5 skiver og nerver.<\/p>\n<p data-start=\"664\" data-end=\"753\">\ud83e\uddb4 Lindrer smerter i korsryggen &#8211; Hjelper mot hernierte, utbulende og degenerative skiver.<\/p>\n<p data-start=\"756\" data-end=\"818\">\ud83e\uddcd Forbedrer holdningen &#8211; Stabiliserer korsryggen og kjernemuskulaturen.<\/p>\n<p data-start=\"821\" data-end=\"891\">\ud83d\udcaa Styrker kjernemuskulaturen &#8211; St\u00f8tter ryggraden under bevegelse.<\/p>\n<p data-start=\"894\" data-end=\"970\">\ud83d\ude97 Perfekt for langvarig sitting eller kj\u00f8ring &#8211; Reduserer stivhet og utmattelse.<\/p>\n<p data-start=\"973\" data-end=\"1050\">\ud83d\udecf\ufe0f Hjelper med daglig restitusjon &#8211; Ideell for arbeid, hvile og s\u00f8vnst\u00f8tte.<\/p>\n<p data-start=\"973\" data-end=\"1050\"><img decoding=\"async\" class=\"size-full wp-image-46948 aligncenter\" src=\"https:\/\/keluvo.com\/template\/wp-content\/uploads\/sites\/5\/2025\/12\/122128-ezgif.com-video-to-webp-converter.webp\" alt=\"\" width=\"500\" height=\"281\" \/><\/p>\n<h2 style=\"text-align: center;\" data-start=\"1057\" data-end=\"1077\">\ud83d\udee0\ufe0f Slik Bruker Du<\/h2>\n<ol data-start=\"1078\" data-end=\"1348\">\n<li data-start=\"1078\" data-end=\"1152\">\n<p data-start=\"1081\" data-end=\"1152\">Beltet rundt midjen og fest det med borrel\u00e5sstroppene.<\/p>\n<\/li>\n<li data-start=\"1153\" data-end=\"1191\">\n<p data-start=\"1156\" data-end=\"1191\">Fest luftpumpen til ventilen.<\/p>\n<\/li>\n<li data-start=\"1192\" data-end=\"1257\">\n<p data-start=\"1195\" data-end=\"1257\">Pump luften sakte til du f\u00f8ler fast, men behagelig st\u00f8tte.<\/p>\n<\/li>\n<li data-start=\"1258\" data-end=\"1304\">\n<p data-start=\"1261\" data-end=\"1304\">Bruk i 20-30 minutter eller som anbefalt.<\/p>\n<\/li>\n<li data-start=\"1305\" data-end=\"1348\">\n<p data-start=\"1308\" data-end=\"1348\">T\u00f8m luften etter bruk og fjern beltet.<\/p>\n<\/li>\n<\/ol>\n<h2 style=\"text-align: center;\" data-start=\"1355\" data-end=\"1379\">\ud83d\udccf Produktdetaljer<\/h2>\n<ul data-start=\"1380\" data-end=\"1730\">\n<li data-start=\"1380\" data-end=\"1414\">\n<p data-start=\"1382\" data-end=\"1414\">Ytre lag: PU (polyuretan)<\/p>\n<\/li>\n<li data-start=\"1415\" data-end=\"1438\">\n<p data-start=\"1417\" data-end=\"1438\">Indre lag: Bomull<\/p>\n<\/li>\n<li data-start=\"1439\" data-end=\"1481\">\n<p data-start=\"1441\" data-end=\"1481\">Luftoppbl\u00e5singslag: TPU mykt materiale<\/p>\n<\/li>\n<li data-start=\"1482\" data-end=\"1522\">\n<p data-start=\"1484\" data-end=\"1522\">Maist\u00f8rrelse: 73-122 cm<\/p>\n<\/li>\n<li data-start=\"1523\" data-end=\"1560\">\n<p data-start=\"1525\" data-end=\"1560\">Trekkbelte lengde: 110 cm<\/p>\n<\/li>\n<li data-start=\"1561\" data-end=\"1598\">\n<p data-start=\"1563\" data-end=\"1598\">Forlengelsesbelte lengde: 20 cm<\/p>\n<\/li>\n<li data-start=\"1599\" data-end=\"1637\">\n<p data-start=\"1601\" data-end=\"1637\">Bredde f\u00f8r oppbl\u00e5sing: 13 cm<\/p>\n<\/li>\n<li data-start=\"1638\" data-end=\"1675\">\n<p data-start=\"1640\" data-end=\"1675\">Bredde etter oppbl\u00e5sing: 20 cm<\/p>\n<\/li>\n<li data-start=\"1676\" data-end=\"1730\">\n<p data-start=\"1678\" data-end=\"1730\">Funksjon: Dekompresjon av korsryggen og holdningsst\u00f8tte<\/p>\n<\/li>\n<\/ul>\n<h2 style=\"text-align: center;\" data-start=\"1737\" data-end=\"1762\">\ud83d\udce6 Pakken inkluderer<\/h2>\n<ul data-start=\"1763\" data-end=\"1847\" data-is-last-node=\"\" data-is-only-node=\"\">\n<li data-start=\"1763\" data-end=\"1789\">\n<p data-start=\"1765\" data-end=\"1789\">1x dekompresjonsbelte<\/p>\n<\/li>\n<li data-start=\"1790\" data-end=\"1806\">\n<p data-start=\"1792\" data-end=\"1806\">1x luftpumpe<\/p>\n<\/li>\n<li data-start=\"1807\" data-end=\"1829\">\n<p data-start=\"1809\" data-end=\"1829\">1x forlengelsesbelte<\/p>\n<\/li>\n<li data-start=\"1830\" data-end=\"1847\" data-is-last-node=\"\">\n<p data-start=\"1832\" data-end=\"1847\" data-is-last-node=\"\">1x brukerh\u00e5ndbok.<\/p>\n<\/li>\n<\/ul>\n","protected":false},"excerpt":{"rendered":"<p>Dette dekompresjonsbeltet bruker luft for \u00e5 lette trykket p\u00e5 korsryggen, noe som bidrar til \u00e5 redusere smerter for\u00e5rsaket av langvarig sitting, tungt arbeid eller ryggproblemer. N\u00e5r beltet bl\u00e5ses opp, t\u00f8yer det ryggraden forsiktig, skaper plass mellom ryggvirvlene og reduserer trykket p\u00e5 mellomvirvelskiver og nerver. Det er ideelt for daglig bruk hjemme, p\u00e5 jobb, under bilkj\u00f8ring eller ved rekonvalesens, og gir ryggen st\u00f8tte uten bruk av medisiner eller invasive behandlinger.<\/p>\n","protected":false},"featured_media":15534,"comment_status":"open","ping_status":"closed","template":"","meta":{"site-sidebar-layout":"default","site-content-layout":"","ast-site-content-layout":"default","site-content-style":"default","site-sidebar-style":"default","ast-global-header-display":"","ast-banner-title-visibility":"","ast-main-header-display":"","ast-hfb-above-header-display":"","ast-hfb-below-header-display":"","ast-hfb-mobile-header-display":"","site-post-title":"","ast-breadcrumbs-content":"","ast-featured-img":"","footer-sml-layout":"","theme-transparent-header-meta":"default","adv-header-id-meta":"","stick-header-meta":"","header-above-stick-meta":"","header-main-stick-meta":"","header-below-stick-meta":"","astra-migrate-meta-layouts":"set","ast-page-background-enabled":"default","ast-page-background-meta":{"desktop":{"background-color":"var(--ast-global-color-5)","background-image":"","background-repeat":"repeat","background-position":"center center","background-size":"auto","background-attachment":"scroll","background-type":"","background-media":"","overlay-type":"","overlay-color":"","overlay-opacity":"","overlay-gradient":""},"tablet":{"background-color":"","background-image":"","background-repeat":"repeat","background-position":"center center","background-size":"auto","background-attachment":"scroll","background-type":"","background-media":"","overlay-type":"","overlay-color":"","overlay-opacity":"","overlay-gradient":""},"mobile":{"background-color":"","background-image":"","background-repeat":"repeat","background-position":"center center","background-size":"auto","background-attachment":"scroll","background-type":"","background-media":"","overlay-type":"","overlay-color":"","overlay-opacity":"","overlay-gradient":""}},"ast-content-background-meta":{"desktop":{"background-color":"var(--ast-global-color-4)","background-image":"","background-repeat":"repeat","background-position":"center center","background-size":"auto","background-attachment":"scroll","background-type":"","background-media":"","overlay-type":"","overlay-color":"","overlay-opacity":"","overlay-gradient":""},"tablet":{"background-color":"var(--ast-global-color-4)","background-image":"","background-repeat":"repeat","background-position":"center center","background-size":"auto","background-attachment":"scroll","background-type":"","background-media":"","overlay-type":"","overlay-color":"","overlay-opacity":"","overlay-gradient":""},"mobile":{"background-color":"var(--ast-global-color-4)","background-image":"","background-repeat":"repeat","background-position":"center center","background-size":"auto","background-attachment":"scroll","background-type":"","background-media":"","overlay-type":"","overlay-color":"","overlay-opacity":"","overlay-gradient":""}}},"product_brand":[],"product_cat":[15],"product_tag":[],"class_list":{"0":"post-15538","1":"product","2":"type-product","3":"status-publish","4":"has-post-thumbnail","6":"product_cat-uncategorized","7":"pa_62785_5xtp9tpr-beige","8":"pa_62785_5xtp9tpr-svart","9":"desktop-align-left","10":"tablet-align-left","11":"mobile-align-left","13":"first","14":"instock","15":"shipping-taxable","16":"purchasable","17":"product-type-variable"},"yoast_head":"<!-- This site is optimized with the Yoast SEO plugin v26.6 - https:\/\/yoast.com\/wordpress\/plugins\/seo\/ -->\n<title>Dekompresjonsbelte - Mekulo NO<\/title>\n<meta name=\"robots\" content=\"index, follow, max-snippet:-1, max-image-preview:large, max-video-preview:-1\" \/>\n<link rel=\"canonical\" href=\"https:\/\/mekulo.com\/no\/produkt\/dekompresjonsbelte\/\" \/>\n<meta property=\"og:locale\" content=\"nb_NO\" \/>\n<meta property=\"og:type\" content=\"article\" \/>\n<meta property=\"og:title\" content=\"Dekompresjonsbelte - Mekulo NO\" \/>\n<meta property=\"og:description\" content=\"Dette dekompresjonsbeltet bruker luft for \u00e5 lette trykket p\u00e5 korsryggen, noe som bidrar til \u00e5 redusere smerter for\u00e5rsaket av langvarig sitting, tungt arbeid eller ryggproblemer. N\u00e5r beltet bl\u00e5ses opp, t\u00f8yer det ryggraden forsiktig, skaper plass mellom ryggvirvlene og reduserer trykket p\u00e5 mellomvirvelskiver og nerver. Det er ideelt for daglig bruk hjemme, p\u00e5 jobb, under bilkj\u00f8ring eller ved rekonvalesens, og gir ryggen st\u00f8tte uten bruk av medisiner eller invasive behandlinger.\" \/>\n<meta property=\"og:url\" content=\"https:\/\/mekulo.com\/no\/produkt\/dekompresjonsbelte\/\" \/>\n<meta property=\"og:site_name\" content=\"Mekulo NO\" \/>\n<meta property=\"article:modified_time\" content=\"2026-01-08T15:09:33+00:00\" \/>\n<meta property=\"og:image\" content=\"https:\/\/mekulo.com\/no\/wp-content\/uploads\/sites\/10\/2026\/01\/0vyyy95-1.jpeg\" \/>\n\t<meta property=\"og:image:width\" content=\"1000\" \/>\n\t<meta property=\"og:image:height\" content=\"1000\" \/>\n\t<meta property=\"og:image:type\" content=\"image\/jpeg\" \/>\n<meta name=\"twitter:card\" content=\"summary_large_image\" \/>\n<meta name=\"twitter:label1\" content=\"Ansl. lesetid\" \/>\n\t<meta name=\"twitter:data1\" content=\"2 minutter\" \/>\n<script type=\"application\/ld+json\" class=\"yoast-schema-graph\">{\"@context\":\"https:\/\/schema.org\",\"@graph\":[{\"@type\":\"WebPage\",\"@id\":\"https:\/\/mekulo.com\/no\/produkt\/dekompresjonsbelte\/\",\"url\":\"https:\/\/mekulo.com\/no\/produkt\/dekompresjonsbelte\/\",\"name\":\"Dekompresjonsbelte - Mekulo NO\",\"isPartOf\":{\"@id\":\"https:\/\/mekulo.com\/no\/#website\"},\"primaryImageOfPage\":{\"@id\":\"https:\/\/mekulo.com\/no\/produkt\/dekompresjonsbelte\/#primaryimage\"},\"image\":{\"@id\":\"https:\/\/mekulo.com\/no\/produkt\/dekompresjonsbelte\/#primaryimage\"},\"thumbnailUrl\":\"https:\/\/mekulo.com\/no\/wp-content\/uploads\/sites\/10\/2026\/01\/0vyyy95-1.jpeg\",\"datePublished\":\"2026-01-08T14:10:14+00:00\",\"dateModified\":\"2026-01-08T15:09:33+00:00\",\"breadcrumb\":{\"@id\":\"https:\/\/mekulo.com\/no\/produkt\/dekompresjonsbelte\/#breadcrumb\"},\"inLanguage\":\"nb-NO\",\"potentialAction\":[{\"@type\":\"ReadAction\",\"target\":[\"https:\/\/mekulo.com\/no\/produkt\/dekompresjonsbelte\/\"]}]},{\"@type\":\"ImageObject\",\"inLanguage\":\"nb-NO\",\"@id\":\"https:\/\/mekulo.com\/no\/produkt\/dekompresjonsbelte\/#primaryimage\",\"url\":\"https:\/\/mekulo.com\/no\/wp-content\/uploads\/sites\/10\/2026\/01\/0vyyy95-1.jpeg\",\"contentUrl\":\"https:\/\/mekulo.com\/no\/wp-content\/uploads\/sites\/10\/2026\/01\/0vyyy95-1.jpeg\",\"width\":1000,\"height\":1000},{\"@type\":\"BreadcrumbList\",\"@id\":\"https:\/\/mekulo.com\/no\/produkt\/dekompresjonsbelte\/#breadcrumb\",\"itemListElement\":[{\"@type\":\"ListItem\",\"position\":1,\"name\":\"Home\",\"item\":\"https:\/\/mekulo.com\/no\/\"},{\"@type\":\"ListItem\",\"position\":2,\"name\":\"Butikk\",\"item\":\"https:\/\/mekulo.com\/no\/butikk\/\"},{\"@type\":\"ListItem\",\"position\":3,\"name\":\"Dekompresjonsbelte\"}]},{\"@type\":\"WebSite\",\"@id\":\"https:\/\/mekulo.com\/no\/#website\",\"url\":\"https:\/\/mekulo.com\/no\/\",\"name\":\"Mekulo NO\",\"description\":\"\",\"publisher\":{\"@id\":\"https:\/\/mekulo.com\/no\/#organization\"},\"potentialAction\":[{\"@type\":\"SearchAction\",\"target\":{\"@type\":\"EntryPoint\",\"urlTemplate\":\"https:\/\/mekulo.com\/no\/?s={search_term_string}\"},\"query-input\":{\"@type\":\"PropertyValueSpecification\",\"valueRequired\":true,\"valueName\":\"search_term_string\"}}],\"inLanguage\":\"nb-NO\"},{\"@type\":\"Organization\",\"@id\":\"https:\/\/mekulo.com\/no\/#organization\",\"name\":\"Mekulo\",\"url\":\"https:\/\/mekulo.com\/no\/\",\"logo\":{\"@type\":\"ImageObject\",\"inLanguage\":\"nb-NO\",\"@id\":\"https:\/\/mekulo.com\/no\/#\/schema\/logo\/image\/\",\"url\":\"https:\/\/mekulo.com\/no\/wp-content\/uploads\/sites\/10\/2025\/12\/favicon_mekulo.png\",\"contentUrl\":\"https:\/\/mekulo.com\/no\/wp-content\/uploads\/sites\/10\/2025\/12\/favicon_mekulo.png\",\"width\":50,\"height\":50,\"caption\":\"Mekulo\"},\"image\":{\"@id\":\"https:\/\/mekulo.com\/no\/#\/schema\/logo\/image\/\"}}]}<\/script>\n<!-- \/ Yoast SEO plugin. -->","yoast_head_json":{"title":"Dekompresjonsbelte - Mekulo NO","robots":{"index":"index","follow":"follow","max-snippet":"max-snippet:-1","max-image-preview":"max-image-preview:large","max-video-preview":"max-video-preview:-1"},"canonical":"https:\/\/mekulo.com\/no\/produkt\/dekompresjonsbelte\/","og_locale":"nb_NO","og_type":"article","og_title":"Dekompresjonsbelte - Mekulo NO","og_description":"Dette dekompresjonsbeltet bruker luft for \u00e5 lette trykket p\u00e5 korsryggen, noe som bidrar til \u00e5 redusere smerter for\u00e5rsaket av langvarig sitting, tungt arbeid eller ryggproblemer. N\u00e5r beltet bl\u00e5ses opp, t\u00f8yer det ryggraden forsiktig, skaper plass mellom ryggvirvlene og reduserer trykket p\u00e5 mellomvirvelskiver og nerver. Det er ideelt for daglig bruk hjemme, p\u00e5 jobb, under bilkj\u00f8ring eller ved rekonvalesens, og gir ryggen st\u00f8tte uten bruk av medisiner eller invasive behandlinger.","og_url":"https:\/\/mekulo.com\/no\/produkt\/dekompresjonsbelte\/","og_site_name":"Mekulo NO","article_modified_time":"2026-01-08T15:09:33+00:00","og_image":[{"width":1000,"height":1000,"url":"https:\/\/mekulo.com\/no\/wp-content\/uploads\/sites\/10\/2026\/01\/0vyyy95-1.jpeg","type":"image\/jpeg"}],"twitter_card":"summary_large_image","twitter_misc":{"Ansl. lesetid":"2 minutter"},"schema":{"@context":"https:\/\/schema.org","@graph":[{"@type":"WebPage","@id":"https:\/\/mekulo.com\/no\/produkt\/dekompresjonsbelte\/","url":"https:\/\/mekulo.com\/no\/produkt\/dekompresjonsbelte\/","name":"Dekompresjonsbelte - Mekulo NO","isPartOf":{"@id":"https:\/\/mekulo.com\/no\/#website"},"primaryImageOfPage":{"@id":"https:\/\/mekulo.com\/no\/produkt\/dekompresjonsbelte\/#primaryimage"},"image":{"@id":"https:\/\/mekulo.com\/no\/produkt\/dekompresjonsbelte\/#primaryimage"},"thumbnailUrl":"https:\/\/mekulo.com\/no\/wp-content\/uploads\/sites\/10\/2026\/01\/0vyyy95-1.jpeg","datePublished":"2026-01-08T14:10:14+00:00","dateModified":"2026-01-08T15:09:33+00:00","breadcrumb":{"@id":"https:\/\/mekulo.com\/no\/produkt\/dekompresjonsbelte\/#breadcrumb"},"inLanguage":"nb-NO","potentialAction":[{"@type":"ReadAction","target":["https:\/\/mekulo.com\/no\/produkt\/dekompresjonsbelte\/"]}]},{"@type":"ImageObject","inLanguage":"nb-NO","@id":"https:\/\/mekulo.com\/no\/produkt\/dekompresjonsbelte\/#primaryimage","url":"https:\/\/mekulo.com\/no\/wp-content\/uploads\/sites\/10\/2026\/01\/0vyyy95-1.jpeg","contentUrl":"https:\/\/mekulo.com\/no\/wp-content\/uploads\/sites\/10\/2026\/01\/0vyyy95-1.jpeg","width":1000,"height":1000},{"@type":"BreadcrumbList","@id":"https:\/\/mekulo.com\/no\/produkt\/dekompresjonsbelte\/#breadcrumb","itemListElement":[{"@type":"ListItem","position":1,"name":"Home","item":"https:\/\/mekulo.com\/no\/"},{"@type":"ListItem","position":2,"name":"Butikk","item":"https:\/\/mekulo.com\/no\/butikk\/"},{"@type":"ListItem","position":3,"name":"Dekompresjonsbelte"}]},{"@type":"WebSite","@id":"https:\/\/mekulo.com\/no\/#website","url":"https:\/\/mekulo.com\/no\/","name":"Mekulo NO","description":"","publisher":{"@id":"https:\/\/mekulo.com\/no\/#organization"},"potentialAction":[{"@type":"SearchAction","target":{"@type":"EntryPoint","urlTemplate":"https:\/\/mekulo.com\/no\/?s={search_term_string}"},"query-input":{"@type":"PropertyValueSpecification","valueRequired":true,"valueName":"search_term_string"}}],"inLanguage":"nb-NO"},{"@type":"Organization","@id":"https:\/\/mekulo.com\/no\/#organization","name":"Mekulo","url":"https:\/\/mekulo.com\/no\/","logo":{"@type":"ImageObject","inLanguage":"nb-NO","@id":"https:\/\/mekulo.com\/no\/#\/schema\/logo\/image\/","url":"https:\/\/mekulo.com\/no\/wp-content\/uploads\/sites\/10\/2025\/12\/favicon_mekulo.png","contentUrl":"https:\/\/mekulo.com\/no\/wp-content\/uploads\/sites\/10\/2025\/12\/favicon_mekulo.png","width":50,"height":50,"caption":"Mekulo"},"image":{"@id":"https:\/\/mekulo.com\/no\/#\/schema\/logo\/image\/"}}]}},"_links":{"self":[{"href":"https:\/\/mekulo.com\/no\/wp-json\/wp\/v2\/product\/15538","targetHints":{"allow":["GET"]}}],"collection":[{"href":"https:\/\/mekulo.com\/no\/wp-json\/wp\/v2\/product"}],"about":[{"href":"https:\/\/mekulo.com\/no\/wp-json\/wp\/v2\/types\/product"}],"replies":[{"embeddable":true,"href":"https:\/\/mekulo.com\/no\/wp-json\/wp\/v2\/comments?post=15538"}],"wp:featuredmedia":[{"embeddable":true,"href":"https:\/\/mekulo.com\/no\/wp-json\/wp\/v2\/media\/15534"}],"wp:attachment":[{"href":"https:\/\/mekulo.com\/no\/wp-json\/wp\/v2\/media?parent=15538"}],"wp:term":[{"taxonomy":"product_brand","embeddable":true,"href":"https:\/\/mekulo.com\/no\/wp-json\/wp\/v2\/product_brand?post=15538"},{"taxonomy":"product_cat","embeddable":true,"href":"https:\/\/mekulo.com\/no\/wp-json\/wp\/v2\/product_cat?post=15538"},{"taxonomy":"product_tag","embeddable":true,"href":"https:\/\/mekulo.com\/no\/wp-json\/wp\/v2\/product_tag?post=15538"}],"curies":[{"name":"wp","href":"https:\/\/api.w.org\/{rel}","templated":true}]}}