{"id":15514,"date":"2026-01-08T16:06:56","date_gmt":"2026-01-08T14:06:56","guid":{"rendered":"https:\/\/mekulo.com\/no\/produkt\/baerbar-minitorketrommel\/"},"modified":"2026-01-08T17:01:33","modified_gmt":"2026-01-08T15:01:33","slug":"baerbar-minitorketrommel","status":"publish","type":"product","link":"https:\/\/mekulo.com\/no\/produkt\/baerbar-minitorketrommel\/","title":{"rendered":"B\u00e6rbar minit\u00f8rketrommel"},"content":{"rendered":"<div class=\"flex max-w-full flex-col grow\">\n<div class=\"min-h-8 text-message relative flex w-full flex-col items-end gap-2 text-start break-words whitespace-normal [.text-message+&amp;]:mt-1\" dir=\"auto\" data-message-author-role=\"assistant\" data-message-id=\"7653627f-5402-4558-83d9-73134c0caccd\" data-message-model-slug=\"gpt-5-2\">\n<div class=\"flex w-full flex-col gap-1 empty:hidden first:pt-[1px]\">\n<div class=\"markdown prose dark:prose-invert w-full break-words light markdown-new-styling\">\n<p style=\"text-align: center;\" data-start=\"0\" data-end=\"61\"><strong data-start=\"0\" data-end=\"61\">T\u00f8rk Kl\u00e6rne Dine Raskt Hvor Som Helst Uten Store Maskiner. \ud83e\uddf3<\/strong><\/p>\n<p data-start=\"63\" data-end=\"273\"><img fetchpriority=\"high\" decoding=\"async\" class=\"size-full wp-image-46898 aligncenter\" src=\"https:\/\/keluvo.com\/template\/wp-content\/uploads\/sites\/5\/2025\/12\/122119-ezgif.com-video-to-webp-converter.webp\" alt=\"\" width=\"500\" height=\"500\" \/><\/p>\n<h2 style=\"text-align: center;\" data-start=\"280\" data-end=\"299\">\u2b50 Hovedfordeler<\/h2>\n<p data-start=\"302\" data-end=\"383\">\ud83e\uddf3 Sammenleggbar og b\u00e6rbar &#8211; Enkel \u00e5 oppbevare, perfekt for reiser og sm\u00e5 rom.<\/p>\n<p data-start=\"386\" data-end=\"448\">\ud83d\udd04 360\u00b0 varmluftst\u00f8rking &#8211; Jevn luftstr\u00f8m uten fuktige flekker.<\/p>\n<p data-start=\"451\" data-end=\"514\">\ud83e\udda0 Desinfiserende varme &#8211; Bidrar til \u00e5 redusere bakterier og st\u00f8vmidd.<\/p>\n<p data-start=\"517\" data-end=\"585\">\ud83c\udf2c\ufe0f Luktfjerning &#8211; Negativ ioneteknologi holder kl\u00e6rne friske.<\/p>\n<p data-start=\"588\" data-end=\"651\">\ud83d\udd07 Stille drift &#8211; Ideell for nattbruk eller delte rom.<\/p>\n<p data-start=\"654\" data-end=\"708\">\ud83d\udc55 Stor kapasitet &#8211; rommer opptil 10 kg kl\u00e6r.<\/p>\n<p data-start=\"654\" data-end=\"708\"><img decoding=\"async\" class=\"size-full wp-image-46897 aligncenter\" src=\"https:\/\/keluvo.com\/template\/wp-content\/uploads\/sites\/5\/2025\/12\/122120-ezgif.com-video-to-webp-converter.webp\" alt=\"\" width=\"500\" height=\"500\" \/><\/p>\n<h2 style=\"text-align: center;\" data-start=\"715\" data-end=\"732\">\u25b6\ufe0f Slik Bruker Du Den<\/h2>\n<ol data-start=\"733\" data-end=\"946\">\n<li data-start=\"733\" data-end=\"786\">\n<p data-start=\"736\" data-end=\"786\">\u00c5pne t\u00f8rketrommelen og plasser den p\u00e5 et stabilt underlag.<\/p>\n<\/li>\n<li data-start=\"787\" data-end=\"835\">\n<p data-start=\"790\" data-end=\"835\">Heng kl\u00e6rne jevnt inne i t\u00f8rkeomr\u00e5det.<\/p>\n<\/li>\n<li data-start=\"836\" data-end=\"865\">\n<p data-start=\"839\" data-end=\"865\">Koble til str\u00f8mkabelen.<\/p>\n<\/li>\n<li data-start=\"866\" data-end=\"894\">\n<p data-start=\"869\" data-end=\"894\">Velg en tidsinnstilling.<\/p>\n<\/li>\n<li data-start=\"895\" data-end=\"946\">\n<p data-start=\"898\" data-end=\"946\">La t\u00f8rketrommelen g\u00e5 til kl\u00e6rne er helt t\u00f8rre.<\/p>\n<\/li>\n<\/ol>\n<h2 style=\"text-align: center;\" data-start=\"953\" data-end=\"975\">\ud83d\udccf Produktdetaljer<\/h2>\n<ul data-start=\"976\" data-end=\"1220\">\n<li data-start=\"1014\" data-end=\"1030\">\n<p data-start=\"1016\" data-end=\"1030\">Farge: Hvit<\/p>\n<\/li>\n<li data-start=\"1031\" data-end=\"1046\">\n<p data-start=\"1033\" data-end=\"1046\">Effekt: 600W<\/p>\n<\/li>\n<li data-start=\"1047\" data-end=\"1079\">\n<p data-start=\"1049\" data-end=\"1079\">Spenningsalternativer: 110V \/ 220V<\/p>\n<\/li>\n<li data-start=\"1080\" data-end=\"1111\">\n<p data-start=\"1082\" data-end=\"1111\">Oppvarmingsmetode: PTC varmluft<\/p>\n<\/li>\n<li data-start=\"1112\" data-end=\"1136\">\n<p data-start=\"1114\" data-end=\"1136\">Kapasitet: Opptil 10 kg<\/p>\n<\/li>\n<li data-start=\"1137\" data-end=\"1154\">\n<p data-start=\"1139\" data-end=\"1154\">Vekt: 1,5 kg<\/p>\n<\/li>\n<li data-start=\"1155\" data-end=\"1191\">\n<p data-start=\"1157\" data-end=\"1191\">Brakettmateriale: Aluminiumslegering<\/p>\n<\/li>\n<li data-start=\"1192\" data-end=\"1220\">\n<p data-start=\"1194\" data-end=\"1220\">Pluggtype: EU-kontakt<\/p>\n<\/li>\n<li data-start=\"1192\" data-end=\"1220\">St\u00f8rrelse: 94.5 x 54 x 25 cm<\/li>\n<\/ul>\n<h2 style=\"text-align: center;\" data-start=\"1227\" data-end=\"1250\">\ud83d\udce6 Pakken inneholder<\/h2>\n<ul data-start=\"1251\" data-end=\"1276\" data-is-last-node=\"\" data-is-only-node=\"\">\n<li data-start=\"1251\" data-end=\"1276\" data-is-last-node=\"\">\n<p data-start=\"1253\" data-end=\"1276\" data-is-last-node=\"\">1x b\u00e6rbar minit\u00f8rketrommel.<\/p>\n<\/li>\n<\/ul>\n<\/div>\n<\/div>\n<\/div>\n<\/div>\n","protected":false},"excerpt":{"rendered":"<p>Denne b\u00e6rbare minit\u00f8rketrommelen er en kompakt, sammenleggbar l\u00f8sning for rask og jevn t\u00f8rking hjemme eller p\u00e5 farten. Den bruker 360\u00b0 varmluftsirkulasjon for \u00e5 t\u00f8rke kl\u00e6rne effektivt og samtidig holde dem friske, rene og luktfrie.<\/p>\n","protected":false},"featured_media":15510,"comment_status":"open","ping_status":"closed","template":"","meta":{"site-sidebar-layout":"default","site-content-layout":"","ast-site-content-layout":"default","site-content-style":"default","site-sidebar-style":"default","ast-global-header-display":"","ast-banner-title-visibility":"","ast-main-header-display":"","ast-hfb-above-header-display":"","ast-hfb-below-header-display":"","ast-hfb-mobile-header-display":"","site-post-title":"","ast-breadcrumbs-content":"","ast-featured-img":"","footer-sml-layout":"","theme-transparent-header-meta":"default","adv-header-id-meta":"","stick-header-meta":"","header-above-stick-meta":"","header-main-stick-meta":"","header-below-stick-meta":"","astra-migrate-meta-layouts":"set","ast-page-background-enabled":"default","ast-page-background-meta":{"desktop":{"background-color":"var(--ast-global-color-5)","background-image":"","background-repeat":"repeat","background-position":"center center","background-size":"auto","background-attachment":"scroll","background-type":"","background-media":"","overlay-type":"","overlay-color":"","overlay-opacity":"","overlay-gradient":""},"tablet":{"background-color":"","background-image":"","background-repeat":"repeat","background-position":"center center","background-size":"auto","background-attachment":"scroll","background-type":"","background-media":"","overlay-type":"","overlay-color":"","overlay-opacity":"","overlay-gradient":""},"mobile":{"background-color":"","background-image":"","background-repeat":"repeat","background-position":"center center","background-size":"auto","background-attachment":"scroll","background-type":"","background-media":"","overlay-type":"","overlay-color":"","overlay-opacity":"","overlay-gradient":""}},"ast-content-background-meta":{"desktop":{"background-color":"var(--ast-global-color-4)","background-image":"","background-repeat":"repeat","background-position":"center center","background-size":"auto","background-attachment":"scroll","background-type":"","background-media":"","overlay-type":"","overlay-color":"","overlay-opacity":"","overlay-gradient":""},"tablet":{"background-color":"var(--ast-global-color-4)","background-image":"","background-repeat":"repeat","background-position":"center center","background-size":"auto","background-attachment":"scroll","background-type":"","background-media":"","overlay-type":"","overlay-color":"","overlay-opacity":"","overlay-gradient":""},"mobile":{"background-color":"var(--ast-global-color-4)","background-image":"","background-repeat":"repeat","background-position":"center center","background-size":"auto","background-attachment":"scroll","background-type":"","background-media":"","overlay-type":"","overlay-color":"","overlay-opacity":"","overlay-gradient":""}}},"product_brand":[],"product_cat":[15],"product_tag":[],"class_list":{"0":"post-15514","1":"product","2":"type-product","3":"status-publish","4":"has-post-thumbnail","6":"product_cat-uncategorized","7":"desktop-align-left","8":"tablet-align-left","9":"mobile-align-left","11":"first","12":"instock","13":"shipping-taxable","14":"purchasable","15":"product-type-simple"},"yoast_head":"<!-- This site is optimized with the Yoast SEO plugin v26.6 - https:\/\/yoast.com\/wordpress\/plugins\/seo\/ -->\n<title>B\u00e6rbar minit\u00f8rketrommel - Mekulo NO<\/title>\n<meta name=\"robots\" content=\"index, follow, max-snippet:-1, max-image-preview:large, max-video-preview:-1\" \/>\n<link rel=\"canonical\" href=\"https:\/\/mekulo.com\/no\/produkt\/baerbar-minitorketrommel\/\" \/>\n<meta property=\"og:locale\" content=\"nb_NO\" \/>\n<meta property=\"og:type\" content=\"article\" \/>\n<meta property=\"og:title\" content=\"B\u00e6rbar minit\u00f8rketrommel - Mekulo NO\" \/>\n<meta property=\"og:description\" content=\"Denne b\u00e6rbare minit\u00f8rketrommelen er en kompakt, sammenleggbar l\u00f8sning for rask og jevn t\u00f8rking hjemme eller p\u00e5 farten. Den bruker 360\u00b0 varmluftsirkulasjon for \u00e5 t\u00f8rke kl\u00e6rne effektivt og samtidig holde dem friske, rene og luktfrie.\" \/>\n<meta property=\"og:url\" content=\"https:\/\/mekulo.com\/no\/produkt\/baerbar-minitorketrommel\/\" \/>\n<meta property=\"og:site_name\" content=\"Mekulo NO\" \/>\n<meta property=\"article:modified_time\" content=\"2026-01-08T15:01:33+00:00\" \/>\n<meta property=\"og:image\" content=\"https:\/\/mekulo.com\/no\/wp-content\/uploads\/sites\/10\/2026\/01\/drgpmr1-1.jpg\" \/>\n\t<meta property=\"og:image:width\" content=\"1080\" \/>\n\t<meta property=\"og:image:height\" content=\"1080\" \/>\n\t<meta property=\"og:image:type\" content=\"image\/jpeg\" \/>\n<meta name=\"twitter:card\" content=\"summary_large_image\" \/>\n<meta name=\"twitter:label1\" content=\"Ansl. lesetid\" \/>\n\t<meta name=\"twitter:data1\" content=\"2 minutter\" \/>\n<script type=\"application\/ld+json\" class=\"yoast-schema-graph\">{\"@context\":\"https:\/\/schema.org\",\"@graph\":[{\"@type\":\"WebPage\",\"@id\":\"https:\/\/mekulo.com\/no\/produkt\/baerbar-minitorketrommel\/\",\"url\":\"https:\/\/mekulo.com\/no\/produkt\/baerbar-minitorketrommel\/\",\"name\":\"B\u00e6rbar minit\u00f8rketrommel - Mekulo NO\",\"isPartOf\":{\"@id\":\"https:\/\/mekulo.com\/no\/#website\"},\"primaryImageOfPage\":{\"@id\":\"https:\/\/mekulo.com\/no\/produkt\/baerbar-minitorketrommel\/#primaryimage\"},\"image\":{\"@id\":\"https:\/\/mekulo.com\/no\/produkt\/baerbar-minitorketrommel\/#primaryimage\"},\"thumbnailUrl\":\"https:\/\/mekulo.com\/no\/wp-content\/uploads\/sites\/10\/2026\/01\/drgpmr1-1.jpg\",\"datePublished\":\"2026-01-08T14:06:56+00:00\",\"dateModified\":\"2026-01-08T15:01:33+00:00\",\"breadcrumb\":{\"@id\":\"https:\/\/mekulo.com\/no\/produkt\/baerbar-minitorketrommel\/#breadcrumb\"},\"inLanguage\":\"nb-NO\",\"potentialAction\":[{\"@type\":\"ReadAction\",\"target\":[\"https:\/\/mekulo.com\/no\/produkt\/baerbar-minitorketrommel\/\"]}]},{\"@type\":\"ImageObject\",\"inLanguage\":\"nb-NO\",\"@id\":\"https:\/\/mekulo.com\/no\/produkt\/baerbar-minitorketrommel\/#primaryimage\",\"url\":\"https:\/\/mekulo.com\/no\/wp-content\/uploads\/sites\/10\/2026\/01\/drgpmr1-1.jpg\",\"contentUrl\":\"https:\/\/mekulo.com\/no\/wp-content\/uploads\/sites\/10\/2026\/01\/drgpmr1-1.jpg\",\"width\":1080,\"height\":1080},{\"@type\":\"BreadcrumbList\",\"@id\":\"https:\/\/mekulo.com\/no\/produkt\/baerbar-minitorketrommel\/#breadcrumb\",\"itemListElement\":[{\"@type\":\"ListItem\",\"position\":1,\"name\":\"Home\",\"item\":\"https:\/\/mekulo.com\/no\/\"},{\"@type\":\"ListItem\",\"position\":2,\"name\":\"Butikk\",\"item\":\"https:\/\/mekulo.com\/no\/butikk\/\"},{\"@type\":\"ListItem\",\"position\":3,\"name\":\"B\u00e6rbar minit\u00f8rketrommel\"}]},{\"@type\":\"WebSite\",\"@id\":\"https:\/\/mekulo.com\/no\/#website\",\"url\":\"https:\/\/mekulo.com\/no\/\",\"name\":\"Mekulo NO\",\"description\":\"\",\"publisher\":{\"@id\":\"https:\/\/mekulo.com\/no\/#organization\"},\"potentialAction\":[{\"@type\":\"SearchAction\",\"target\":{\"@type\":\"EntryPoint\",\"urlTemplate\":\"https:\/\/mekulo.com\/no\/?s={search_term_string}\"},\"query-input\":{\"@type\":\"PropertyValueSpecification\",\"valueRequired\":true,\"valueName\":\"search_term_string\"}}],\"inLanguage\":\"nb-NO\"},{\"@type\":\"Organization\",\"@id\":\"https:\/\/mekulo.com\/no\/#organization\",\"name\":\"Mekulo\",\"url\":\"https:\/\/mekulo.com\/no\/\",\"logo\":{\"@type\":\"ImageObject\",\"inLanguage\":\"nb-NO\",\"@id\":\"https:\/\/mekulo.com\/no\/#\/schema\/logo\/image\/\",\"url\":\"https:\/\/mekulo.com\/no\/wp-content\/uploads\/sites\/10\/2025\/12\/favicon_mekulo.png\",\"contentUrl\":\"https:\/\/mekulo.com\/no\/wp-content\/uploads\/sites\/10\/2025\/12\/favicon_mekulo.png\",\"width\":50,\"height\":50,\"caption\":\"Mekulo\"},\"image\":{\"@id\":\"https:\/\/mekulo.com\/no\/#\/schema\/logo\/image\/\"}}]}<\/script>\n<!-- \/ Yoast SEO plugin. -->","yoast_head_json":{"title":"B\u00e6rbar minit\u00f8rketrommel - Mekulo NO","robots":{"index":"index","follow":"follow","max-snippet":"max-snippet:-1","max-image-preview":"max-image-preview:large","max-video-preview":"max-video-preview:-1"},"canonical":"https:\/\/mekulo.com\/no\/produkt\/baerbar-minitorketrommel\/","og_locale":"nb_NO","og_type":"article","og_title":"B\u00e6rbar minit\u00f8rketrommel - Mekulo NO","og_description":"Denne b\u00e6rbare minit\u00f8rketrommelen er en kompakt, sammenleggbar l\u00f8sning for rask og jevn t\u00f8rking hjemme eller p\u00e5 farten. Den bruker 360\u00b0 varmluftsirkulasjon for \u00e5 t\u00f8rke kl\u00e6rne effektivt og samtidig holde dem friske, rene og luktfrie.","og_url":"https:\/\/mekulo.com\/no\/produkt\/baerbar-minitorketrommel\/","og_site_name":"Mekulo NO","article_modified_time":"2026-01-08T15:01:33+00:00","og_image":[{"width":1080,"height":1080,"url":"https:\/\/mekulo.com\/no\/wp-content\/uploads\/sites\/10\/2026\/01\/drgpmr1-1.jpg","type":"image\/jpeg"}],"twitter_card":"summary_large_image","twitter_misc":{"Ansl. lesetid":"2 minutter"},"schema":{"@context":"https:\/\/schema.org","@graph":[{"@type":"WebPage","@id":"https:\/\/mekulo.com\/no\/produkt\/baerbar-minitorketrommel\/","url":"https:\/\/mekulo.com\/no\/produkt\/baerbar-minitorketrommel\/","name":"B\u00e6rbar minit\u00f8rketrommel - Mekulo NO","isPartOf":{"@id":"https:\/\/mekulo.com\/no\/#website"},"primaryImageOfPage":{"@id":"https:\/\/mekulo.com\/no\/produkt\/baerbar-minitorketrommel\/#primaryimage"},"image":{"@id":"https:\/\/mekulo.com\/no\/produkt\/baerbar-minitorketrommel\/#primaryimage"},"thumbnailUrl":"https:\/\/mekulo.com\/no\/wp-content\/uploads\/sites\/10\/2026\/01\/drgpmr1-1.jpg","datePublished":"2026-01-08T14:06:56+00:00","dateModified":"2026-01-08T15:01:33+00:00","breadcrumb":{"@id":"https:\/\/mekulo.com\/no\/produkt\/baerbar-minitorketrommel\/#breadcrumb"},"inLanguage":"nb-NO","potentialAction":[{"@type":"ReadAction","target":["https:\/\/mekulo.com\/no\/produkt\/baerbar-minitorketrommel\/"]}]},{"@type":"ImageObject","inLanguage":"nb-NO","@id":"https:\/\/mekulo.com\/no\/produkt\/baerbar-minitorketrommel\/#primaryimage","url":"https:\/\/mekulo.com\/no\/wp-content\/uploads\/sites\/10\/2026\/01\/drgpmr1-1.jpg","contentUrl":"https:\/\/mekulo.com\/no\/wp-content\/uploads\/sites\/10\/2026\/01\/drgpmr1-1.jpg","width":1080,"height":1080},{"@type":"BreadcrumbList","@id":"https:\/\/mekulo.com\/no\/produkt\/baerbar-minitorketrommel\/#breadcrumb","itemListElement":[{"@type":"ListItem","position":1,"name":"Home","item":"https:\/\/mekulo.com\/no\/"},{"@type":"ListItem","position":2,"name":"Butikk","item":"https:\/\/mekulo.com\/no\/butikk\/"},{"@type":"ListItem","position":3,"name":"B\u00e6rbar minit\u00f8rketrommel"}]},{"@type":"WebSite","@id":"https:\/\/mekulo.com\/no\/#website","url":"https:\/\/mekulo.com\/no\/","name":"Mekulo NO","description":"","publisher":{"@id":"https:\/\/mekulo.com\/no\/#organization"},"potentialAction":[{"@type":"SearchAction","target":{"@type":"EntryPoint","urlTemplate":"https:\/\/mekulo.com\/no\/?s={search_term_string}"},"query-input":{"@type":"PropertyValueSpecification","valueRequired":true,"valueName":"search_term_string"}}],"inLanguage":"nb-NO"},{"@type":"Organization","@id":"https:\/\/mekulo.com\/no\/#organization","name":"Mekulo","url":"https:\/\/mekulo.com\/no\/","logo":{"@type":"ImageObject","inLanguage":"nb-NO","@id":"https:\/\/mekulo.com\/no\/#\/schema\/logo\/image\/","url":"https:\/\/mekulo.com\/no\/wp-content\/uploads\/sites\/10\/2025\/12\/favicon_mekulo.png","contentUrl":"https:\/\/mekulo.com\/no\/wp-content\/uploads\/sites\/10\/2025\/12\/favicon_mekulo.png","width":50,"height":50,"caption":"Mekulo"},"image":{"@id":"https:\/\/mekulo.com\/no\/#\/schema\/logo\/image\/"}}]}},"_links":{"self":[{"href":"https:\/\/mekulo.com\/no\/wp-json\/wp\/v2\/product\/15514","targetHints":{"allow":["GET"]}}],"collection":[{"href":"https:\/\/mekulo.com\/no\/wp-json\/wp\/v2\/product"}],"about":[{"href":"https:\/\/mekulo.com\/no\/wp-json\/wp\/v2\/types\/product"}],"replies":[{"embeddable":true,"href":"https:\/\/mekulo.com\/no\/wp-json\/wp\/v2\/comments?post=15514"}],"wp:featuredmedia":[{"embeddable":true,"href":"https:\/\/mekulo.com\/no\/wp-json\/wp\/v2\/media\/15510"}],"wp:attachment":[{"href":"https:\/\/mekulo.com\/no\/wp-json\/wp\/v2\/media?parent=15514"}],"wp:term":[{"taxonomy":"product_brand","embeddable":true,"href":"https:\/\/mekulo.com\/no\/wp-json\/wp\/v2\/product_brand?post=15514"},{"taxonomy":"product_cat","embeddable":true,"href":"https:\/\/mekulo.com\/no\/wp-json\/wp\/v2\/product_cat?post=15514"},{"taxonomy":"product_tag","embeddable":true,"href":"https:\/\/mekulo.com\/no\/wp-json\/wp\/v2\/product_tag?post=15514"}],"curies":[{"name":"wp","href":"https:\/\/api.w.org\/{rel}","templated":true}]}}