{"id":15456,"date":"2026-01-07T21:54:23","date_gmt":"2026-01-07T19:54:23","guid":{"rendered":"https:\/\/mekulo.com\/no\/produkt\/grytelysholdere\/"},"modified":"2026-01-22T18:13:55","modified_gmt":"2026-01-22T16:13:55","slug":"grytelysholdere","status":"publish","type":"product","link":"https:\/\/mekulo.com\/no\/produkt\/grytelysholdere\/","title":{"rendered":"Grytelysholdere"},"content":{"rendered":"<p style=\"text-align: center;\" data-start=\"21\" data-end=\"77\"><strong data-start=\"21\" data-end=\"77\">Hold Grytelokkene Dine Ryddige, Synlige Og Lett Tilgjengelige. \ud83c\udf72<\/strong><\/p>\n<p data-start=\"79\" data-end=\"252\"><img fetchpriority=\"high\" decoding=\"async\" class=\"size-full wp-image-47873 aligncenter\" src=\"https:\/\/keluvo.com\/template\/wp-content\/uploads\/sites\/5\/2025\/12\/122126-ezgif.com-video-to-webp-converter-1.webp\" alt=\"\" width=\"500\" height=\"500\" \/><\/p>\n<h2 style=\"text-align: center;\" data-start=\"259\" data-end=\"281\">\ud83e\udde9 Hovedfordeler<\/h2>\n<p data-start=\"284\" data-end=\"341\">\ud83e\uddf1 Ingen boring n\u00f8dvendig \u2013 Sterk selvklebende design.<\/p>\n<p data-start=\"344\" data-end=\"403\">\ud83c\udf73 Universell passform \u2013 Holder de fleste grytelokk og grytedeksler.<\/p>\n<p data-start=\"406\" data-end=\"458\">\ud83d\udce6 Sparer plass \u2013 Frigj\u00f8r skuffer og skap.<\/p>\n<p data-start=\"461\" data-end=\"508\">\ud83e\uddfc Enkel \u00e5 rengj\u00f8re \u2013 T\u00f8rk av med en fuktig klut.<\/p>\n<p data-start=\"511\" data-end=\"558\">\ud83c\udfa8 Enkel design \u2013 Passer til enhver kj\u00f8kkenstil.<\/p>\n<p data-start=\"561\" data-end=\"616\">\ud83d\udd01 Fleksibelt oppsett \u2013 Bruk 1, 2, eller flere holdere.<\/p>\n<p data-start=\"561\" data-end=\"616\"><img decoding=\"async\" class=\"size-full wp-image-47875 aligncenter\" src=\"https:\/\/keluvo.com\/template\/wp-content\/uploads\/sites\/5\/2025\/12\/S7ddcf26c6048409d8ef1f591ba68f9f0w.webp\" alt=\"\" width=\"800\" height=\"800\" \/><\/p>\n<h2 style=\"text-align: center;\" data-start=\"623\" data-end=\"642\">\u25b6\ufe0f Slik Bruker Du Det<\/h2>\n<ol data-start=\"643\" data-end=\"841\">\n<li data-start=\"643\" data-end=\"679\">\n<p data-start=\"646\" data-end=\"679\">Rengj\u00f8r og t\u00f8rk veggoverflaten.<\/p>\n<\/li>\n<li data-start=\"680\" data-end=\"715\">\n<p data-start=\"683\" data-end=\"715\">Trekk av den selvklebende baksiden.<\/p>\n<\/li>\n<li data-start=\"716\" data-end=\"757\">\n<p data-start=\"719\" data-end=\"757\">Fest holderen godt p\u00e5 veggen.<\/p>\n<\/li>\n<li data-start=\"758\" data-end=\"796\">\n<p data-start=\"761\" data-end=\"796\">Trykk og hold i noen sekunder.<\/p>\n<\/li>\n<li data-start=\"797\" data-end=\"841\">\n<p data-start=\"800\" data-end=\"841\">Plasser grytelokket eller grytedekselet inni.<\/p>\n<\/li>\n<\/ol>\n<h2 style=\"text-align: center;\" data-start=\"848\" data-end=\"872\">\ud83d\udccf Produktdetaljer<\/h2>\n<ul data-start=\"873\" data-end=\"1168\">\n<li data-start=\"873\" data-end=\"902\">\n<p data-start=\"875\" data-end=\"902\">Materiale: Slitesterk plast<\/p>\n<\/li>\n<li data-start=\"903\" data-end=\"949\">\n<p data-start=\"905\" data-end=\"949\">Monteringstype: Veggmontert, selvklebende<\/p>\n<\/li>\n<li data-start=\"981\" data-end=\"1089\">\n<p data-start=\"983\" data-end=\"998\">St\u00f8rrelse: 18,8 x 3,5 x 2,1 cm<\/p>\n<\/li>\n<li data-start=\"1090\" data-end=\"1132\">\n<p data-start=\"1092\" data-end=\"1132\">Funksjon: Holder for grytelokk og grytedeksel<\/p>\n<\/li>\n<li data-start=\"1090\" data-end=\"1132\">Farge: Svart<\/li>\n<\/ul>\n<h2 style=\"text-align: center;\" data-start=\"1175\" data-end=\"1200\">\ud83d\udce6 Pakken Inneholder<\/h2>\n<ul data-start=\"1201\" data-end=\"1247\">\n<li data-start=\"1201\" data-end=\"1247\">\n<p data-start=\"1203\" data-end=\"1247\">4, 8x grytelokkholdere.<\/p>\n<\/li>\n<\/ul>\n","protected":false},"excerpt":{"rendered":"<p>Disse veggmonterte grytelokkholderne er designet for \u00e5 l\u00f8se det vanlige problemet med rotete skap og stablede lokk som faller ned n\u00e5r du \u00e5pner d\u00f8ren. De har en sterk, selvklebende bakside som monteres p\u00e5 sekunder uten \u00e5 bore, og hjelper deg med \u00e5 oppbevare grytelokk, pannelokk og til og med skj\u00e6rebrett p\u00e5 en ren, synlig og lett tilgjengelig m\u00e5te.<\/p>\n","protected":false},"featured_media":15452,"comment_status":"open","ping_status":"closed","template":"","meta":{"site-sidebar-layout":"default","site-content-layout":"","ast-site-content-layout":"default","site-content-style":"default","site-sidebar-style":"default","ast-global-header-display":"","ast-banner-title-visibility":"","ast-main-header-display":"","ast-hfb-above-header-display":"","ast-hfb-below-header-display":"","ast-hfb-mobile-header-display":"","site-post-title":"","ast-breadcrumbs-content":"","ast-featured-img":"","footer-sml-layout":"","theme-transparent-header-meta":"default","adv-header-id-meta":"","stick-header-meta":"","header-above-stick-meta":"","header-main-stick-meta":"","header-below-stick-meta":"","astra-migrate-meta-layouts":"set","ast-page-background-enabled":"default","ast-page-background-meta":{"desktop":{"background-color":"var(--ast-global-color-5)","background-image":"","background-repeat":"repeat","background-position":"center center","background-size":"auto","background-attachment":"scroll","background-type":"","background-media":"","overlay-type":"","overlay-color":"","overlay-opacity":"","overlay-gradient":""},"tablet":{"background-color":"","background-image":"","background-repeat":"repeat","background-position":"center center","background-size":"auto","background-attachment":"scroll","background-type":"","background-media":"","overlay-type":"","overlay-color":"","overlay-opacity":"","overlay-gradient":""},"mobile":{"background-color":"","background-image":"","background-repeat":"repeat","background-position":"center center","background-size":"auto","background-attachment":"scroll","background-type":"","background-media":"","overlay-type":"","overlay-color":"","overlay-opacity":"","overlay-gradient":""}},"ast-content-background-meta":{"desktop":{"background-color":"var(--ast-global-color-4)","background-image":"","background-repeat":"repeat","background-position":"center center","background-size":"auto","background-attachment":"scroll","background-type":"","background-media":"","overlay-type":"","overlay-color":"","overlay-opacity":"","overlay-gradient":""},"tablet":{"background-color":"var(--ast-global-color-4)","background-image":"","background-repeat":"repeat","background-position":"center center","background-size":"auto","background-attachment":"scroll","background-type":"","background-media":"","overlay-type":"","overlay-color":"","overlay-opacity":"","overlay-gradient":""},"mobile":{"background-color":"var(--ast-global-color-4)","background-image":"","background-repeat":"repeat","background-position":"center center","background-size":"auto","background-attachment":"scroll","background-type":"","background-media":"","overlay-type":"","overlay-color":"","overlay-opacity":"","overlay-gradient":""}}},"product_brand":[],"product_cat":[15],"product_tag":[],"class_list":{"0":"post-15456","1":"product","2":"type-product","3":"status-publish","4":"has-post-thumbnail","6":"product_cat-uncategorized","7":"pa_68734_b1fhhqfl-4-stk","8":"pa_68734_b1fhhqfl-8-stk","9":"desktop-align-left","10":"tablet-align-left","11":"mobile-align-left","13":"first","14":"instock","15":"shipping-taxable","16":"purchasable","17":"product-type-variable"},"yoast_head":"<!-- This site is optimized with the Yoast SEO plugin v26.6 - https:\/\/yoast.com\/wordpress\/plugins\/seo\/ -->\n<title>Grytelysholdere - Mekulo NO<\/title>\n<meta name=\"robots\" content=\"index, follow, max-snippet:-1, max-image-preview:large, max-video-preview:-1\" \/>\n<link rel=\"canonical\" href=\"https:\/\/mekulo.com\/no\/produkt\/grytelysholdere\/\" \/>\n<meta property=\"og:locale\" content=\"nb_NO\" \/>\n<meta property=\"og:type\" content=\"article\" \/>\n<meta property=\"og:title\" content=\"Grytelysholdere - Mekulo NO\" \/>\n<meta property=\"og:description\" content=\"Disse veggmonterte grytelokkholderne er designet for \u00e5 l\u00f8se det vanlige problemet med rotete skap og stablede lokk som faller ned n\u00e5r du \u00e5pner d\u00f8ren. De har en sterk, selvklebende bakside som monteres p\u00e5 sekunder uten \u00e5 bore, og hjelper deg med \u00e5 oppbevare grytelokk, pannelokk og til og med skj\u00e6rebrett p\u00e5 en ren, synlig og lett tilgjengelig m\u00e5te.\" \/>\n<meta property=\"og:url\" content=\"https:\/\/mekulo.com\/no\/produkt\/grytelysholdere\/\" \/>\n<meta property=\"og:site_name\" content=\"Mekulo NO\" \/>\n<meta property=\"article:modified_time\" content=\"2026-01-22T16:13:55+00:00\" \/>\n<meta property=\"og:image\" content=\"https:\/\/mekulo.com\/no\/wp-content\/uploads\/sites\/10\/2026\/01\/lms228z-1.webp\" \/>\n\t<meta property=\"og:image:width\" content=\"800\" \/>\n\t<meta property=\"og:image:height\" content=\"800\" \/>\n\t<meta property=\"og:image:type\" content=\"image\/webp\" \/>\n<meta name=\"twitter:card\" content=\"summary_large_image\" \/>\n<meta name=\"twitter:label1\" content=\"Ansl. lesetid\" \/>\n\t<meta name=\"twitter:data1\" content=\"2 minutter\" \/>\n<script type=\"application\/ld+json\" class=\"yoast-schema-graph\">{\"@context\":\"https:\/\/schema.org\",\"@graph\":[{\"@type\":\"WebPage\",\"@id\":\"https:\/\/mekulo.com\/no\/produkt\/grytelysholdere\/\",\"url\":\"https:\/\/mekulo.com\/no\/produkt\/grytelysholdere\/\",\"name\":\"Grytelysholdere - Mekulo NO\",\"isPartOf\":{\"@id\":\"https:\/\/mekulo.com\/no\/#website\"},\"primaryImageOfPage\":{\"@id\":\"https:\/\/mekulo.com\/no\/produkt\/grytelysholdere\/#primaryimage\"},\"image\":{\"@id\":\"https:\/\/mekulo.com\/no\/produkt\/grytelysholdere\/#primaryimage\"},\"thumbnailUrl\":\"https:\/\/mekulo.com\/no\/wp-content\/uploads\/sites\/10\/2026\/01\/lms228z-1.webp\",\"datePublished\":\"2026-01-07T19:54:23+00:00\",\"dateModified\":\"2026-01-22T16:13:55+00:00\",\"breadcrumb\":{\"@id\":\"https:\/\/mekulo.com\/no\/produkt\/grytelysholdere\/#breadcrumb\"},\"inLanguage\":\"nb-NO\",\"potentialAction\":[{\"@type\":\"ReadAction\",\"target\":[\"https:\/\/mekulo.com\/no\/produkt\/grytelysholdere\/\"]}]},{\"@type\":\"ImageObject\",\"inLanguage\":\"nb-NO\",\"@id\":\"https:\/\/mekulo.com\/no\/produkt\/grytelysholdere\/#primaryimage\",\"url\":\"https:\/\/mekulo.com\/no\/wp-content\/uploads\/sites\/10\/2026\/01\/lms228z-1.webp\",\"contentUrl\":\"https:\/\/mekulo.com\/no\/wp-content\/uploads\/sites\/10\/2026\/01\/lms228z-1.webp\",\"width\":800,\"height\":800},{\"@type\":\"BreadcrumbList\",\"@id\":\"https:\/\/mekulo.com\/no\/produkt\/grytelysholdere\/#breadcrumb\",\"itemListElement\":[{\"@type\":\"ListItem\",\"position\":1,\"name\":\"Home\",\"item\":\"https:\/\/mekulo.com\/no\/\"},{\"@type\":\"ListItem\",\"position\":2,\"name\":\"Butikk\",\"item\":\"https:\/\/mekulo.com\/no\/butikk\/\"},{\"@type\":\"ListItem\",\"position\":3,\"name\":\"Grytelysholdere\"}]},{\"@type\":\"WebSite\",\"@id\":\"https:\/\/mekulo.com\/no\/#website\",\"url\":\"https:\/\/mekulo.com\/no\/\",\"name\":\"Mekulo NO\",\"description\":\"\",\"publisher\":{\"@id\":\"https:\/\/mekulo.com\/no\/#organization\"},\"potentialAction\":[{\"@type\":\"SearchAction\",\"target\":{\"@type\":\"EntryPoint\",\"urlTemplate\":\"https:\/\/mekulo.com\/no\/?s={search_term_string}\"},\"query-input\":{\"@type\":\"PropertyValueSpecification\",\"valueRequired\":true,\"valueName\":\"search_term_string\"}}],\"inLanguage\":\"nb-NO\"},{\"@type\":\"Organization\",\"@id\":\"https:\/\/mekulo.com\/no\/#organization\",\"name\":\"Mekulo\",\"url\":\"https:\/\/mekulo.com\/no\/\",\"logo\":{\"@type\":\"ImageObject\",\"inLanguage\":\"nb-NO\",\"@id\":\"https:\/\/mekulo.com\/no\/#\/schema\/logo\/image\/\",\"url\":\"https:\/\/mekulo.com\/no\/wp-content\/uploads\/sites\/10\/2025\/12\/favicon_mekulo.png\",\"contentUrl\":\"https:\/\/mekulo.com\/no\/wp-content\/uploads\/sites\/10\/2025\/12\/favicon_mekulo.png\",\"width\":50,\"height\":50,\"caption\":\"Mekulo\"},\"image\":{\"@id\":\"https:\/\/mekulo.com\/no\/#\/schema\/logo\/image\/\"}}]}<\/script>\n<!-- \/ Yoast SEO plugin. -->","yoast_head_json":{"title":"Grytelysholdere - Mekulo NO","robots":{"index":"index","follow":"follow","max-snippet":"max-snippet:-1","max-image-preview":"max-image-preview:large","max-video-preview":"max-video-preview:-1"},"canonical":"https:\/\/mekulo.com\/no\/produkt\/grytelysholdere\/","og_locale":"nb_NO","og_type":"article","og_title":"Grytelysholdere - Mekulo NO","og_description":"Disse veggmonterte grytelokkholderne er designet for \u00e5 l\u00f8se det vanlige problemet med rotete skap og stablede lokk som faller ned n\u00e5r du \u00e5pner d\u00f8ren. De har en sterk, selvklebende bakside som monteres p\u00e5 sekunder uten \u00e5 bore, og hjelper deg med \u00e5 oppbevare grytelokk, pannelokk og til og med skj\u00e6rebrett p\u00e5 en ren, synlig og lett tilgjengelig m\u00e5te.","og_url":"https:\/\/mekulo.com\/no\/produkt\/grytelysholdere\/","og_site_name":"Mekulo NO","article_modified_time":"2026-01-22T16:13:55+00:00","og_image":[{"width":800,"height":800,"url":"https:\/\/mekulo.com\/no\/wp-content\/uploads\/sites\/10\/2026\/01\/lms228z-1.webp","type":"image\/webp"}],"twitter_card":"summary_large_image","twitter_misc":{"Ansl. lesetid":"2 minutter"},"schema":{"@context":"https:\/\/schema.org","@graph":[{"@type":"WebPage","@id":"https:\/\/mekulo.com\/no\/produkt\/grytelysholdere\/","url":"https:\/\/mekulo.com\/no\/produkt\/grytelysholdere\/","name":"Grytelysholdere - Mekulo NO","isPartOf":{"@id":"https:\/\/mekulo.com\/no\/#website"},"primaryImageOfPage":{"@id":"https:\/\/mekulo.com\/no\/produkt\/grytelysholdere\/#primaryimage"},"image":{"@id":"https:\/\/mekulo.com\/no\/produkt\/grytelysholdere\/#primaryimage"},"thumbnailUrl":"https:\/\/mekulo.com\/no\/wp-content\/uploads\/sites\/10\/2026\/01\/lms228z-1.webp","datePublished":"2026-01-07T19:54:23+00:00","dateModified":"2026-01-22T16:13:55+00:00","breadcrumb":{"@id":"https:\/\/mekulo.com\/no\/produkt\/grytelysholdere\/#breadcrumb"},"inLanguage":"nb-NO","potentialAction":[{"@type":"ReadAction","target":["https:\/\/mekulo.com\/no\/produkt\/grytelysholdere\/"]}]},{"@type":"ImageObject","inLanguage":"nb-NO","@id":"https:\/\/mekulo.com\/no\/produkt\/grytelysholdere\/#primaryimage","url":"https:\/\/mekulo.com\/no\/wp-content\/uploads\/sites\/10\/2026\/01\/lms228z-1.webp","contentUrl":"https:\/\/mekulo.com\/no\/wp-content\/uploads\/sites\/10\/2026\/01\/lms228z-1.webp","width":800,"height":800},{"@type":"BreadcrumbList","@id":"https:\/\/mekulo.com\/no\/produkt\/grytelysholdere\/#breadcrumb","itemListElement":[{"@type":"ListItem","position":1,"name":"Home","item":"https:\/\/mekulo.com\/no\/"},{"@type":"ListItem","position":2,"name":"Butikk","item":"https:\/\/mekulo.com\/no\/butikk\/"},{"@type":"ListItem","position":3,"name":"Grytelysholdere"}]},{"@type":"WebSite","@id":"https:\/\/mekulo.com\/no\/#website","url":"https:\/\/mekulo.com\/no\/","name":"Mekulo NO","description":"","publisher":{"@id":"https:\/\/mekulo.com\/no\/#organization"},"potentialAction":[{"@type":"SearchAction","target":{"@type":"EntryPoint","urlTemplate":"https:\/\/mekulo.com\/no\/?s={search_term_string}"},"query-input":{"@type":"PropertyValueSpecification","valueRequired":true,"valueName":"search_term_string"}}],"inLanguage":"nb-NO"},{"@type":"Organization","@id":"https:\/\/mekulo.com\/no\/#organization","name":"Mekulo","url":"https:\/\/mekulo.com\/no\/","logo":{"@type":"ImageObject","inLanguage":"nb-NO","@id":"https:\/\/mekulo.com\/no\/#\/schema\/logo\/image\/","url":"https:\/\/mekulo.com\/no\/wp-content\/uploads\/sites\/10\/2025\/12\/favicon_mekulo.png","contentUrl":"https:\/\/mekulo.com\/no\/wp-content\/uploads\/sites\/10\/2025\/12\/favicon_mekulo.png","width":50,"height":50,"caption":"Mekulo"},"image":{"@id":"https:\/\/mekulo.com\/no\/#\/schema\/logo\/image\/"}}]}},"_links":{"self":[{"href":"https:\/\/mekulo.com\/no\/wp-json\/wp\/v2\/product\/15456","targetHints":{"allow":["GET"]}}],"collection":[{"href":"https:\/\/mekulo.com\/no\/wp-json\/wp\/v2\/product"}],"about":[{"href":"https:\/\/mekulo.com\/no\/wp-json\/wp\/v2\/types\/product"}],"replies":[{"embeddable":true,"href":"https:\/\/mekulo.com\/no\/wp-json\/wp\/v2\/comments?post=15456"}],"wp:featuredmedia":[{"embeddable":true,"href":"https:\/\/mekulo.com\/no\/wp-json\/wp\/v2\/media\/15452"}],"wp:attachment":[{"href":"https:\/\/mekulo.com\/no\/wp-json\/wp\/v2\/media?parent=15456"}],"wp:term":[{"taxonomy":"product_brand","embeddable":true,"href":"https:\/\/mekulo.com\/no\/wp-json\/wp\/v2\/product_brand?post=15456"},{"taxonomy":"product_cat","embeddable":true,"href":"https:\/\/mekulo.com\/no\/wp-json\/wp\/v2\/product_cat?post=15456"},{"taxonomy":"product_tag","embeddable":true,"href":"https:\/\/mekulo.com\/no\/wp-json\/wp\/v2\/product_tag?post=15456"}],"curies":[{"name":"wp","href":"https:\/\/api.w.org\/{rel}","templated":true}]}}