{"id":15441,"date":"2026-01-07T21:52:34","date_gmt":"2026-01-07T19:52:34","guid":{"rendered":"https:\/\/mekulo.com\/no\/produkt\/skjaeremal-for-trimmemaskin\/"},"modified":"2026-01-07T21:52:43","modified_gmt":"2026-01-07T19:52:43","slug":"skjaeremal-for-trimmemaskin","status":"publish","type":"product","link":"https:\/\/mekulo.com\/no\/produkt\/skjaeremal-for-trimmemaskin\/","title":{"rendered":"Skj\u00e6remal for trimmemaskin"},"content":{"rendered":"<p style=\"text-align: center\" data-start=\"39\" data-end=\"100\"><strong data-start=\"39\" data-end=\"100\">Lag Rene, Perfekte Hj\u00f8rnekurver Hver Gang Med Letthet. \ud83d\udcd0\ud83e\udeb5<\/strong><\/p>\n<p data-start=\"102\" data-end=\"303\"><img fetchpriority=\"high\" decoding=\"async\" class=\"size-full wp-image-47860 aligncenter\" src=\"https:\/\/keluvo.com\/template\/wp-content\/uploads\/sites\/5\/2025\/12\/122124-ezgif.com-video-to-webp-converter-2.webp\" alt=\"\" width=\"500\" height=\"500\" \/><\/p>\n<h2 style=\"text-align: center\" data-start=\"310\" data-end=\"332\">\ud83d\udd27 Hovedfordeler<\/h2>\n<p data-start=\"335\" data-end=\"403\">\ud83d\udcd0 N\u00f8yaktig filetskj\u00e6ring &#8211; Lag jevne, jevne hj\u00f8rnekurver.<\/p>\n<p data-start=\"406\" data-end=\"477\">\ud83d\udd22 Tydelige m\u00e5leskalaer &#8211; Enkel og presis merking hver gang.<\/p>\n<p data-start=\"480\" data-end=\"540\">\ud83d\udd29 4-i-1-design &#8211; Flere radiusalternativer i ett verkt\u00f8y.<\/p>\n<p data-start=\"543\" data-end=\"608\">\ud83d\udcaa Slitesterkt aluminiumshus &#8211; Slitesterk og bygget for \u00e5 vare.<\/p>\n<p data-start=\"611\" data-end=\"679\">\u26a1 Raskere trebearbeiding &#8211; Sparer tid og reduserer skj\u00e6refeil.<\/p>\n<p data-start=\"682\" data-end=\"746\">\ud83d\udd01 Gjenbrukbar og stabil &#8211; holder seg godt p\u00e5 plass mens du arbeider.<\/p>\n<p data-start=\"682\" data-end=\"746\"><img decoding=\"async\" class=\"size-full wp-image-47859 aligncenter\" src=\"https:\/\/keluvo.com\/template\/wp-content\/uploads\/sites\/5\/2025\/12\/122125-ezgif.com-video-to-webp-converter-2.webp\" alt=\"\" width=\"500\" height=\"500\" \/><\/p>\n<h2 style=\"text-align: center\" data-start=\"753\" data-end=\"772\">\u25b6\ufe0f Slik Bruker Du<\/h2>\n<ol data-start=\"773\" data-end=\"988\">\n<li data-start=\"773\" data-end=\"828\">\n<p data-start=\"776\" data-end=\"828\">Velg den filetradiusen du trenger p\u00e5 malen.<\/p>\n<\/li>\n<li data-start=\"829\" data-end=\"880\">\n<p data-start=\"832\" data-end=\"880\">Plasser malen p\u00e5 hj\u00f8rnet av brettet.<\/p>\n<\/li>\n<li data-start=\"881\" data-end=\"929\">\n<p data-start=\"884\" data-end=\"929\">Bruk skalaen til \u00e5 markere kurven n\u00f8yaktig.<\/p>\n<\/li>\n<li data-start=\"930\" data-end=\"988\">\n<p data-start=\"933\" data-end=\"988\">Skj\u00e6r langs den markerte linjen med trimmemaskinen din.<\/p>\n<\/li>\n<\/ol>\n<h2 style=\"text-align: center\" data-start=\"995\" data-end=\"1019\">\ud83d\udccf Produktdetaljer<\/h2>\n<ul data-start=\"1020\" data-end=\"1268\">\n<li data-start=\"1124\" data-end=\"1146\">\n<p data-start=\"1126\" data-end=\"1146\">Materiale: Aluminium<\/p>\n<\/li>\n<li data-start=\"1147\" data-end=\"1204\">\n<p data-start=\"1149\" data-end=\"1204\">Funksjoner: M\u00e5leskalaer, gjenbrukbare, h\u00f8y holdbarhet<\/p>\n<\/li>\n<li data-start=\"1205\" data-end=\"1268\">\n<p data-start=\"1207\" data-end=\"1268\">Anvendelse: Hj\u00f8rnetrimming og filetskj\u00e6ring i trebearbeiding<\/p>\n<\/li>\n<li data-start=\"1205\" data-end=\"1268\">St\u00f8rrelser: S, L<\/li>\n<\/ul>\n<h2 style=\"text-align: center\" data-start=\"1275\" data-end=\"1300\">\ud83d\udce6 Pakken Inkluderer<\/h2>\n<ul data-start=\"1301\" data-end=\"1342\">\n<li data-start=\"1301\" data-end=\"1342\">\n<p data-start=\"1303\" data-end=\"1342\">1, 2x skj\u00e6remal for trimmemaskin.<\/p>\n<\/li>\n<\/ul>\n","protected":false},"excerpt":{"rendered":"<p>Med denne 4-i-1-klippemalen kan du raskt lage glatte og n\u00f8yaktige avrundede hj\u00f8rner. Den forenkler m\u00e5ling og merking, slik at trearbeidsprosjektene dine ser rene, konsekvente og profesjonelle ut. Et enkelt og p\u00e5litelig verkt\u00f8y for jevne, profesjonelle trebearbeidingsresultater.<\/p>\n","protected":false},"featured_media":15437,"comment_status":"open","ping_status":"closed","template":"","meta":{"site-sidebar-layout":"default","site-content-layout":"","ast-site-content-layout":"default","site-content-style":"default","site-sidebar-style":"default","ast-global-header-display":"","ast-banner-title-visibility":"","ast-main-header-display":"","ast-hfb-above-header-display":"","ast-hfb-below-header-display":"","ast-hfb-mobile-header-display":"","site-post-title":"","ast-breadcrumbs-content":"","ast-featured-img":"","footer-sml-layout":"","theme-transparent-header-meta":"default","adv-header-id-meta":"","stick-header-meta":"","header-above-stick-meta":"","header-main-stick-meta":"","header-below-stick-meta":"","astra-migrate-meta-layouts":"set","ast-page-background-enabled":"default","ast-page-background-meta":{"desktop":{"background-color":"var(--ast-global-color-5)","background-image":"","background-repeat":"repeat","background-position":"center center","background-size":"auto","background-attachment":"scroll","background-type":"","background-media":"","overlay-type":"","overlay-color":"","overlay-opacity":"","overlay-gradient":""},"tablet":{"background-color":"","background-image":"","background-repeat":"repeat","background-position":"center center","background-size":"auto","background-attachment":"scroll","background-type":"","background-media":"","overlay-type":"","overlay-color":"","overlay-opacity":"","overlay-gradient":""},"mobile":{"background-color":"","background-image":"","background-repeat":"repeat","background-position":"center center","background-size":"auto","background-attachment":"scroll","background-type":"","background-media":"","overlay-type":"","overlay-color":"","overlay-opacity":"","overlay-gradient":""}},"ast-content-background-meta":{"desktop":{"background-color":"var(--ast-global-color-4)","background-image":"","background-repeat":"repeat","background-position":"center center","background-size":"auto","background-attachment":"scroll","background-type":"","background-media":"","overlay-type":"","overlay-color":"","overlay-opacity":"","overlay-gradient":""},"tablet":{"background-color":"var(--ast-global-color-4)","background-image":"","background-repeat":"repeat","background-position":"center center","background-size":"auto","background-attachment":"scroll","background-type":"","background-media":"","overlay-type":"","overlay-color":"","overlay-opacity":"","overlay-gradient":""},"mobile":{"background-color":"var(--ast-global-color-4)","background-image":"","background-repeat":"repeat","background-position":"center center","background-size":"auto","background-attachment":"scroll","background-type":"","background-media":"","overlay-type":"","overlay-color":"","overlay-opacity":"","overlay-gradient":""}}},"product_brand":[],"product_cat":[15],"product_tag":[],"class_list":{"0":"post-15441","1":"product","2":"type-product","3":"status-publish","4":"has-post-thumbnail","6":"product_cat-uncategorized","7":"pa_68733_blgscfsj-l","8":"pa_68733_blgscfsj-s","9":"pa_68733_blgscfsj-sett-med-2-stk","10":"desktop-align-left","11":"tablet-align-left","12":"mobile-align-left","14":"first","15":"instock","16":"shipping-taxable","17":"purchasable","18":"product-type-variable"},"yoast_head":"<!-- This site is optimized with the Yoast SEO plugin v26.6 - https:\/\/yoast.com\/wordpress\/plugins\/seo\/ -->\n<title>Skj\u00e6remal for trimmemaskin - Mekulo NO<\/title>\n<meta name=\"robots\" content=\"index, follow, max-snippet:-1, max-image-preview:large, max-video-preview:-1\" \/>\n<link rel=\"canonical\" href=\"https:\/\/mekulo.com\/no\/produkt\/skjaeremal-for-trimmemaskin\/\" \/>\n<meta property=\"og:locale\" content=\"nb_NO\" \/>\n<meta property=\"og:type\" content=\"article\" \/>\n<meta property=\"og:title\" content=\"Skj\u00e6remal for trimmemaskin - Mekulo NO\" \/>\n<meta property=\"og:description\" content=\"Med denne 4-i-1-klippemalen kan du raskt lage glatte og n\u00f8yaktige avrundede hj\u00f8rner. Den forenkler m\u00e5ling og merking, slik at trearbeidsprosjektene dine ser rene, konsekvente og profesjonelle ut. Et enkelt og p\u00e5litelig verkt\u00f8y for jevne, profesjonelle trebearbeidingsresultater.\" \/>\n<meta property=\"og:url\" content=\"https:\/\/mekulo.com\/no\/produkt\/skjaeremal-for-trimmemaskin\/\" \/>\n<meta property=\"og:site_name\" content=\"Mekulo NO\" \/>\n<meta property=\"article:modified_time\" content=\"2026-01-07T19:52:43+00:00\" \/>\n<meta property=\"og:image\" content=\"https:\/\/mekulo.com\/no\/wp-content\/uploads\/sites\/10\/2026\/01\/sxqz4c4-1.jpg\" \/>\n\t<meta property=\"og:image:width\" content=\"1200\" \/>\n\t<meta property=\"og:image:height\" content=\"1200\" \/>\n\t<meta property=\"og:image:type\" content=\"image\/jpeg\" \/>\n<meta name=\"twitter:card\" content=\"summary_large_image\" \/>\n<meta name=\"twitter:label1\" content=\"Ansl. lesetid\" \/>\n\t<meta name=\"twitter:data1\" content=\"2 minutter\" \/>\n<script type=\"application\/ld+json\" class=\"yoast-schema-graph\">{\"@context\":\"https:\/\/schema.org\",\"@graph\":[{\"@type\":\"WebPage\",\"@id\":\"https:\/\/mekulo.com\/no\/produkt\/skjaeremal-for-trimmemaskin\/\",\"url\":\"https:\/\/mekulo.com\/no\/produkt\/skjaeremal-for-trimmemaskin\/\",\"name\":\"Skj\u00e6remal for trimmemaskin - Mekulo NO\",\"isPartOf\":{\"@id\":\"https:\/\/mekulo.com\/no\/#website\"},\"primaryImageOfPage\":{\"@id\":\"https:\/\/mekulo.com\/no\/produkt\/skjaeremal-for-trimmemaskin\/#primaryimage\"},\"image\":{\"@id\":\"https:\/\/mekulo.com\/no\/produkt\/skjaeremal-for-trimmemaskin\/#primaryimage\"},\"thumbnailUrl\":\"https:\/\/mekulo.com\/no\/wp-content\/uploads\/sites\/10\/2026\/01\/sxqz4c4-1.jpg\",\"datePublished\":\"2026-01-07T19:52:34+00:00\",\"dateModified\":\"2026-01-07T19:52:43+00:00\",\"breadcrumb\":{\"@id\":\"https:\/\/mekulo.com\/no\/produkt\/skjaeremal-for-trimmemaskin\/#breadcrumb\"},\"inLanguage\":\"nb-NO\",\"potentialAction\":[{\"@type\":\"ReadAction\",\"target\":[\"https:\/\/mekulo.com\/no\/produkt\/skjaeremal-for-trimmemaskin\/\"]}]},{\"@type\":\"ImageObject\",\"inLanguage\":\"nb-NO\",\"@id\":\"https:\/\/mekulo.com\/no\/produkt\/skjaeremal-for-trimmemaskin\/#primaryimage\",\"url\":\"https:\/\/mekulo.com\/no\/wp-content\/uploads\/sites\/10\/2026\/01\/sxqz4c4-1.jpg\",\"contentUrl\":\"https:\/\/mekulo.com\/no\/wp-content\/uploads\/sites\/10\/2026\/01\/sxqz4c4-1.jpg\",\"width\":1200,\"height\":1200},{\"@type\":\"BreadcrumbList\",\"@id\":\"https:\/\/mekulo.com\/no\/produkt\/skjaeremal-for-trimmemaskin\/#breadcrumb\",\"itemListElement\":[{\"@type\":\"ListItem\",\"position\":1,\"name\":\"Home\",\"item\":\"https:\/\/mekulo.com\/no\/\"},{\"@type\":\"ListItem\",\"position\":2,\"name\":\"Butikk\",\"item\":\"https:\/\/mekulo.com\/no\/butikk\/\"},{\"@type\":\"ListItem\",\"position\":3,\"name\":\"Skj\u00e6remal for trimmemaskin\"}]},{\"@type\":\"WebSite\",\"@id\":\"https:\/\/mekulo.com\/no\/#website\",\"url\":\"https:\/\/mekulo.com\/no\/\",\"name\":\"Mekulo NO\",\"description\":\"\",\"publisher\":{\"@id\":\"https:\/\/mekulo.com\/no\/#organization\"},\"potentialAction\":[{\"@type\":\"SearchAction\",\"target\":{\"@type\":\"EntryPoint\",\"urlTemplate\":\"https:\/\/mekulo.com\/no\/?s={search_term_string}\"},\"query-input\":{\"@type\":\"PropertyValueSpecification\",\"valueRequired\":true,\"valueName\":\"search_term_string\"}}],\"inLanguage\":\"nb-NO\"},{\"@type\":\"Organization\",\"@id\":\"https:\/\/mekulo.com\/no\/#organization\",\"name\":\"Mekulo\",\"url\":\"https:\/\/mekulo.com\/no\/\",\"logo\":{\"@type\":\"ImageObject\",\"inLanguage\":\"nb-NO\",\"@id\":\"https:\/\/mekulo.com\/no\/#\/schema\/logo\/image\/\",\"url\":\"https:\/\/mekulo.com\/no\/wp-content\/uploads\/sites\/10\/2025\/12\/favicon_mekulo.png\",\"contentUrl\":\"https:\/\/mekulo.com\/no\/wp-content\/uploads\/sites\/10\/2025\/12\/favicon_mekulo.png\",\"width\":50,\"height\":50,\"caption\":\"Mekulo\"},\"image\":{\"@id\":\"https:\/\/mekulo.com\/no\/#\/schema\/logo\/image\/\"}}]}<\/script>\n<!-- \/ Yoast SEO plugin. -->","yoast_head_json":{"title":"Skj\u00e6remal for trimmemaskin - Mekulo NO","robots":{"index":"index","follow":"follow","max-snippet":"max-snippet:-1","max-image-preview":"max-image-preview:large","max-video-preview":"max-video-preview:-1"},"canonical":"https:\/\/mekulo.com\/no\/produkt\/skjaeremal-for-trimmemaskin\/","og_locale":"nb_NO","og_type":"article","og_title":"Skj\u00e6remal for trimmemaskin - Mekulo NO","og_description":"Med denne 4-i-1-klippemalen kan du raskt lage glatte og n\u00f8yaktige avrundede hj\u00f8rner. Den forenkler m\u00e5ling og merking, slik at trearbeidsprosjektene dine ser rene, konsekvente og profesjonelle ut. Et enkelt og p\u00e5litelig verkt\u00f8y for jevne, profesjonelle trebearbeidingsresultater.","og_url":"https:\/\/mekulo.com\/no\/produkt\/skjaeremal-for-trimmemaskin\/","og_site_name":"Mekulo NO","article_modified_time":"2026-01-07T19:52:43+00:00","og_image":[{"width":1200,"height":1200,"url":"https:\/\/mekulo.com\/no\/wp-content\/uploads\/sites\/10\/2026\/01\/sxqz4c4-1.jpg","type":"image\/jpeg"}],"twitter_card":"summary_large_image","twitter_misc":{"Ansl. lesetid":"2 minutter"},"schema":{"@context":"https:\/\/schema.org","@graph":[{"@type":"WebPage","@id":"https:\/\/mekulo.com\/no\/produkt\/skjaeremal-for-trimmemaskin\/","url":"https:\/\/mekulo.com\/no\/produkt\/skjaeremal-for-trimmemaskin\/","name":"Skj\u00e6remal for trimmemaskin - Mekulo NO","isPartOf":{"@id":"https:\/\/mekulo.com\/no\/#website"},"primaryImageOfPage":{"@id":"https:\/\/mekulo.com\/no\/produkt\/skjaeremal-for-trimmemaskin\/#primaryimage"},"image":{"@id":"https:\/\/mekulo.com\/no\/produkt\/skjaeremal-for-trimmemaskin\/#primaryimage"},"thumbnailUrl":"https:\/\/mekulo.com\/no\/wp-content\/uploads\/sites\/10\/2026\/01\/sxqz4c4-1.jpg","datePublished":"2026-01-07T19:52:34+00:00","dateModified":"2026-01-07T19:52:43+00:00","breadcrumb":{"@id":"https:\/\/mekulo.com\/no\/produkt\/skjaeremal-for-trimmemaskin\/#breadcrumb"},"inLanguage":"nb-NO","potentialAction":[{"@type":"ReadAction","target":["https:\/\/mekulo.com\/no\/produkt\/skjaeremal-for-trimmemaskin\/"]}]},{"@type":"ImageObject","inLanguage":"nb-NO","@id":"https:\/\/mekulo.com\/no\/produkt\/skjaeremal-for-trimmemaskin\/#primaryimage","url":"https:\/\/mekulo.com\/no\/wp-content\/uploads\/sites\/10\/2026\/01\/sxqz4c4-1.jpg","contentUrl":"https:\/\/mekulo.com\/no\/wp-content\/uploads\/sites\/10\/2026\/01\/sxqz4c4-1.jpg","width":1200,"height":1200},{"@type":"BreadcrumbList","@id":"https:\/\/mekulo.com\/no\/produkt\/skjaeremal-for-trimmemaskin\/#breadcrumb","itemListElement":[{"@type":"ListItem","position":1,"name":"Home","item":"https:\/\/mekulo.com\/no\/"},{"@type":"ListItem","position":2,"name":"Butikk","item":"https:\/\/mekulo.com\/no\/butikk\/"},{"@type":"ListItem","position":3,"name":"Skj\u00e6remal for trimmemaskin"}]},{"@type":"WebSite","@id":"https:\/\/mekulo.com\/no\/#website","url":"https:\/\/mekulo.com\/no\/","name":"Mekulo NO","description":"","publisher":{"@id":"https:\/\/mekulo.com\/no\/#organization"},"potentialAction":[{"@type":"SearchAction","target":{"@type":"EntryPoint","urlTemplate":"https:\/\/mekulo.com\/no\/?s={search_term_string}"},"query-input":{"@type":"PropertyValueSpecification","valueRequired":true,"valueName":"search_term_string"}}],"inLanguage":"nb-NO"},{"@type":"Organization","@id":"https:\/\/mekulo.com\/no\/#organization","name":"Mekulo","url":"https:\/\/mekulo.com\/no\/","logo":{"@type":"ImageObject","inLanguage":"nb-NO","@id":"https:\/\/mekulo.com\/no\/#\/schema\/logo\/image\/","url":"https:\/\/mekulo.com\/no\/wp-content\/uploads\/sites\/10\/2025\/12\/favicon_mekulo.png","contentUrl":"https:\/\/mekulo.com\/no\/wp-content\/uploads\/sites\/10\/2025\/12\/favicon_mekulo.png","width":50,"height":50,"caption":"Mekulo"},"image":{"@id":"https:\/\/mekulo.com\/no\/#\/schema\/logo\/image\/"}}]}},"_links":{"self":[{"href":"https:\/\/mekulo.com\/no\/wp-json\/wp\/v2\/product\/15441","targetHints":{"allow":["GET"]}}],"collection":[{"href":"https:\/\/mekulo.com\/no\/wp-json\/wp\/v2\/product"}],"about":[{"href":"https:\/\/mekulo.com\/no\/wp-json\/wp\/v2\/types\/product"}],"replies":[{"embeddable":true,"href":"https:\/\/mekulo.com\/no\/wp-json\/wp\/v2\/comments?post=15441"}],"wp:featuredmedia":[{"embeddable":true,"href":"https:\/\/mekulo.com\/no\/wp-json\/wp\/v2\/media\/15437"}],"wp:attachment":[{"href":"https:\/\/mekulo.com\/no\/wp-json\/wp\/v2\/media?parent=15441"}],"wp:term":[{"taxonomy":"product_brand","embeddable":true,"href":"https:\/\/mekulo.com\/no\/wp-json\/wp\/v2\/product_brand?post=15441"},{"taxonomy":"product_cat","embeddable":true,"href":"https:\/\/mekulo.com\/no\/wp-json\/wp\/v2\/product_cat?post=15441"},{"taxonomy":"product_tag","embeddable":true,"href":"https:\/\/mekulo.com\/no\/wp-json\/wp\/v2\/product_tag?post=15441"}],"curies":[{"name":"wp","href":"https:\/\/api.w.org\/{rel}","templated":true}]}}