{"id":15379,"date":"2026-01-07T16:09:33","date_gmt":"2026-01-07T14:09:33","guid":{"rendered":"https:\/\/mekulo.com\/no\/produkt\/3d-puslespill-labyrintkube\/"},"modified":"2026-01-07T16:09:50","modified_gmt":"2026-01-07T14:09:50","slug":"3d-puslespill-labyrintkube","status":"publish","type":"product","link":"https:\/\/mekulo.com\/no\/produkt\/3d-puslespill-labyrintkube\/","title":{"rendered":"3D-puslespill labyrintkube"},"content":{"rendered":"<p style=\"text-align: center\" data-start=\"0\" data-end=\"113\"><strong>Utfordre hjernen og avlast stresset med en 3D-puslespillkube som tar probleml\u00f8sning til neste niv\u00e5. \ud83e\udde0\ud83c\udfb2<\/strong><\/p>\n<p data-start=\"115\" data-end=\"383\"><img decoding=\"async\" class=\"size-full wp-image-39298 aligncenter\" src=\"https:\/\/keluvo.com\/template\/wp-content\/uploads\/sites\/5\/2025\/10\/102213-ezgif.com-video-to-webp-converter-1.webp\" alt=\"\" \/><\/p>\n<h2 style=\"text-align: center\" data-start=\"385\" data-end=\"406\"><strong>\u2705 Hovedfordeler<\/strong><\/h2>\n<p data-start=\"409\" data-end=\"484\">\ud83e\udde9 \u00d8ker hjernekapasiteten &#8211; forbedrer probleml\u00f8sning og romlig bevissthet.<\/p>\n<p data-start=\"487\" data-end=\"557\">\ud83e\uddd8 Lindrer stress og angst &#8211; holder hendene og tankene dine engasjert.<\/p>\n<p data-start=\"560\" data-end=\"630\">\u2699\ufe0f Unik roterende labyrint &#8211; vri, snu og vipp for \u00e5 flytte ballen.<\/p>\n<p data-start=\"633\" data-end=\"706\">\ud83c\udfc6 Utfordrende og givende &#8211; perfekt for puslespillelskere og tenkere.<\/p>\n<p data-start=\"709\" data-end=\"786\">\ud83c\udf92 B\u00e6rbar og lett &#8211; perfekt for reiser, pauser p\u00e5 skrivebordet eller lek hjemme.<\/p>\n<p data-start=\"789\" data-end=\"868\">\ud83c\udf81 Flott gaveid\u00e9 &#8211; perfekt for ten\u00e5ringer og voksne som liker hjernetrim.<\/p>\n<p data-start=\"789\" data-end=\"868\"><img decoding=\"async\" class=\"size-full wp-image-39300 aligncenter\" src=\"https:\/\/keluvo.com\/template\/wp-content\/uploads\/sites\/5\/2025\/10\/S76fc17bf18d7495ca34393a122f26d74P.jpg_960x960q75.jpg_.avif\" alt=\"\" \/><\/p>\n<h2 style=\"text-align: center\" data-start=\"870\" data-end=\"890\"><strong>\ud83d\udee0\ufe0f Slik Bruker Du Den<\/strong><\/h2>\n<ol data-start=\"891\" data-end=\"1129\">\n<li data-start=\"891\" data-end=\"945\">\n<p data-start=\"894\" data-end=\"945\">Start med \u00e5 plassere ballen ved startpunktet.<\/p>\n<\/li>\n<li data-start=\"946\" data-end=\"1009\">\n<p data-start=\"949\" data-end=\"1009\">roter og vipp kuben for \u00e5 lede ballen langs labyrinten.<\/p>\n<\/li>\n<li data-start=\"1010\" data-end=\"1067\">\n<p data-start=\"1013\" data-end=\"1067\">hvis du kommer til en blindvei, observer og finn en ny rute.<\/p>\n<\/li>\n<li data-start=\"1068\" data-end=\"1129\">\n<p data-start=\"1071\" data-end=\"1129\">fortsett \u00e5 navigere til ballen n\u00e5r endepunktet.<\/p>\n<\/li>\n<\/ol>\n<h2 style=\"text-align: center\" data-start=\"1131\" data-end=\"1155\"><strong>\ud83d\udccf Produktdetaljer<\/strong><\/h2>\n<ul data-start=\"1156\" data-end=\"1376\">\n<li data-start=\"1156\" data-end=\"1193\">\n<p data-start=\"1158\" data-end=\"1193\">Materiale: Slitesterk plast + metall<\/p>\n<\/li>\n<li data-start=\"1194\" data-end=\"1219\">\n<p data-start=\"1196\" data-end=\"1219\">St\u00f8rrelse: 85 x 85 x 85 mm<\/p>\n<\/li>\n<li data-start=\"1220\" data-end=\"1253\">\n<p data-start=\"1222\" data-end=\"1253\">Vekt: 0,26 kg (lettvekt)<\/p>\n<\/li>\n<li data-start=\"1254\" data-end=\"1305\">\n<p data-start=\"1256\" data-end=\"1305\">Anbefalt alder: 14+ (ideell for ten\u00e5ringer og voksne)<\/p>\n<\/li>\n<li data-start=\"1306\" data-end=\"1342\">\n<p data-start=\"1308\" data-end=\"1342\">Emballasje: Leveres i en sikker eske<\/p>\n<\/li>\n<\/ul>\n<h2 style=\"text-align: center\" data-start=\"1378\" data-end=\"1403\"><strong>\ud83d\udce6 Pakken Inneholder<\/strong><\/h2>\n<ul data-start=\"1404\" data-end=\"1441\">\n<li data-start=\"1404\" data-end=\"1441\">\n<p data-start=\"1406\" data-end=\"1441\">1x 3D-puslespill labyrintkube.<\/p>\n<\/li>\n<\/ul>\n","protected":false},"excerpt":{"rendered":"<p>Denne 3D-puslespillet kombinerer spenningen i et labyrintspill med det morsomme ved \u00e5 vri og vende p\u00e5 en kubekube. F\u00f8r den lille metallkulen gjennom komplekse baner ved \u00e5 rotere og vippe kuben &#8211; det styrker fokus, t\u00e5lmodighet og romlig tenkning samtidig som du har det g\u00f8y.<\/p>\n","protected":false},"featured_media":15375,"comment_status":"open","ping_status":"closed","template":"","meta":{"site-sidebar-layout":"default","site-content-layout":"","ast-site-content-layout":"default","site-content-style":"default","site-sidebar-style":"default","ast-global-header-display":"","ast-banner-title-visibility":"","ast-main-header-display":"","ast-hfb-above-header-display":"","ast-hfb-below-header-display":"","ast-hfb-mobile-header-display":"","site-post-title":"","ast-breadcrumbs-content":"","ast-featured-img":"","footer-sml-layout":"","theme-transparent-header-meta":"default","adv-header-id-meta":"","stick-header-meta":"","header-above-stick-meta":"","header-main-stick-meta":"","header-below-stick-meta":"","astra-migrate-meta-layouts":"set","ast-page-background-enabled":"default","ast-page-background-meta":{"desktop":{"background-color":"var(--ast-global-color-5)","background-image":"","background-repeat":"repeat","background-position":"center center","background-size":"auto","background-attachment":"scroll","background-type":"","background-media":"","overlay-type":"","overlay-color":"","overlay-opacity":"","overlay-gradient":""},"tablet":{"background-color":"","background-image":"","background-repeat":"repeat","background-position":"center center","background-size":"auto","background-attachment":"scroll","background-type":"","background-media":"","overlay-type":"","overlay-color":"","overlay-opacity":"","overlay-gradient":""},"mobile":{"background-color":"","background-image":"","background-repeat":"repeat","background-position":"center center","background-size":"auto","background-attachment":"scroll","background-type":"","background-media":"","overlay-type":"","overlay-color":"","overlay-opacity":"","overlay-gradient":""}},"ast-content-background-meta":{"desktop":{"background-color":"var(--ast-global-color-4)","background-image":"","background-repeat":"repeat","background-position":"center center","background-size":"auto","background-attachment":"scroll","background-type":"","background-media":"","overlay-type":"","overlay-color":"","overlay-opacity":"","overlay-gradient":""},"tablet":{"background-color":"var(--ast-global-color-4)","background-image":"","background-repeat":"repeat","background-position":"center center","background-size":"auto","background-attachment":"scroll","background-type":"","background-media":"","overlay-type":"","overlay-color":"","overlay-opacity":"","overlay-gradient":""},"mobile":{"background-color":"var(--ast-global-color-4)","background-image":"","background-repeat":"repeat","background-position":"center center","background-size":"auto","background-attachment":"scroll","background-type":"","background-media":"","overlay-type":"","overlay-color":"","overlay-opacity":"","overlay-gradient":""}}},"product_brand":[],"product_cat":[172],"product_tag":[],"class_list":{"0":"post-15379","1":"product","2":"type-product","3":"status-publish","4":"has-post-thumbnail","6":"product_cat-leker-barne-og-babyprodukter","7":"pa_49582_uy0r6xm5-gronn","8":"pa_49582_uy0r6xm5-gul","9":"pa_49582_uy0r6xm5-hvit-gjennomsiktig","10":"pa_49582_uy0r6xm5-oransje","11":"pa_49582_uy0r6xm5-oransje-gronn","12":"desktop-align-left","13":"tablet-align-left","14":"mobile-align-left","16":"first","17":"instock","18":"shipping-taxable","19":"purchasable","20":"product-type-variable"},"yoast_head":"<!-- This site is optimized with the Yoast SEO plugin v26.6 - https:\/\/yoast.com\/wordpress\/plugins\/seo\/ -->\n<title>3D-puslespill labyrintkube - Mekulo NO<\/title>\n<meta name=\"robots\" content=\"index, follow, max-snippet:-1, max-image-preview:large, max-video-preview:-1\" \/>\n<link rel=\"canonical\" href=\"https:\/\/mekulo.com\/no\/produkt\/3d-puslespill-labyrintkube\/\" \/>\n<meta property=\"og:locale\" content=\"nb_NO\" \/>\n<meta property=\"og:type\" content=\"article\" \/>\n<meta property=\"og:title\" content=\"3D-puslespill labyrintkube - Mekulo NO\" \/>\n<meta property=\"og:description\" content=\"Denne 3D-puslespillet kombinerer spenningen i et labyrintspill med det morsomme ved \u00e5 vri og vende p\u00e5 en kubekube. F\u00f8r den lille metallkulen gjennom komplekse baner ved \u00e5 rotere og vippe kuben - det styrker fokus, t\u00e5lmodighet og romlig tenkning samtidig som du har det g\u00f8y.\" \/>\n<meta property=\"og:url\" content=\"https:\/\/mekulo.com\/no\/produkt\/3d-puslespill-labyrintkube\/\" \/>\n<meta property=\"og:site_name\" content=\"Mekulo NO\" \/>\n<meta property=\"article:modified_time\" content=\"2026-01-07T14:09:50+00:00\" \/>\n<meta property=\"og:image\" content=\"https:\/\/mekulo.com\/no\/wp-content\/uploads\/sites\/10\/2026\/01\/t0h74cm-1.jpg\" \/>\n\t<meta property=\"og:image:width\" content=\"800\" \/>\n\t<meta property=\"og:image:height\" content=\"800\" \/>\n\t<meta property=\"og:image:type\" content=\"image\/jpeg\" \/>\n<meta name=\"twitter:card\" content=\"summary_large_image\" \/>\n<meta name=\"twitter:label1\" content=\"Ansl. lesetid\" \/>\n\t<meta name=\"twitter:data1\" content=\"2 minutter\" \/>\n<script type=\"application\/ld+json\" class=\"yoast-schema-graph\">{\"@context\":\"https:\/\/schema.org\",\"@graph\":[{\"@type\":\"WebPage\",\"@id\":\"https:\/\/mekulo.com\/no\/produkt\/3d-puslespill-labyrintkube\/\",\"url\":\"https:\/\/mekulo.com\/no\/produkt\/3d-puslespill-labyrintkube\/\",\"name\":\"3D-puslespill labyrintkube - Mekulo NO\",\"isPartOf\":{\"@id\":\"https:\/\/mekulo.com\/no\/#website\"},\"primaryImageOfPage\":{\"@id\":\"https:\/\/mekulo.com\/no\/produkt\/3d-puslespill-labyrintkube\/#primaryimage\"},\"image\":{\"@id\":\"https:\/\/mekulo.com\/no\/produkt\/3d-puslespill-labyrintkube\/#primaryimage\"},\"thumbnailUrl\":\"https:\/\/mekulo.com\/no\/wp-content\/uploads\/sites\/10\/2026\/01\/t0h74cm-1.jpg\",\"datePublished\":\"2026-01-07T14:09:33+00:00\",\"dateModified\":\"2026-01-07T14:09:50+00:00\",\"breadcrumb\":{\"@id\":\"https:\/\/mekulo.com\/no\/produkt\/3d-puslespill-labyrintkube\/#breadcrumb\"},\"inLanguage\":\"nb-NO\",\"potentialAction\":[{\"@type\":\"ReadAction\",\"target\":[\"https:\/\/mekulo.com\/no\/produkt\/3d-puslespill-labyrintkube\/\"]}]},{\"@type\":\"ImageObject\",\"inLanguage\":\"nb-NO\",\"@id\":\"https:\/\/mekulo.com\/no\/produkt\/3d-puslespill-labyrintkube\/#primaryimage\",\"url\":\"https:\/\/mekulo.com\/no\/wp-content\/uploads\/sites\/10\/2026\/01\/t0h74cm-1.jpg\",\"contentUrl\":\"https:\/\/mekulo.com\/no\/wp-content\/uploads\/sites\/10\/2026\/01\/t0h74cm-1.jpg\",\"width\":800,\"height\":800},{\"@type\":\"BreadcrumbList\",\"@id\":\"https:\/\/mekulo.com\/no\/produkt\/3d-puslespill-labyrintkube\/#breadcrumb\",\"itemListElement\":[{\"@type\":\"ListItem\",\"position\":1,\"name\":\"Home\",\"item\":\"https:\/\/mekulo.com\/no\/\"},{\"@type\":\"ListItem\",\"position\":2,\"name\":\"Butikk\",\"item\":\"https:\/\/mekulo.com\/no\/butikk\/\"},{\"@type\":\"ListItem\",\"position\":3,\"name\":\"3D-puslespill labyrintkube\"}]},{\"@type\":\"WebSite\",\"@id\":\"https:\/\/mekulo.com\/no\/#website\",\"url\":\"https:\/\/mekulo.com\/no\/\",\"name\":\"Mekulo NO\",\"description\":\"\",\"publisher\":{\"@id\":\"https:\/\/mekulo.com\/no\/#organization\"},\"potentialAction\":[{\"@type\":\"SearchAction\",\"target\":{\"@type\":\"EntryPoint\",\"urlTemplate\":\"https:\/\/mekulo.com\/no\/?s={search_term_string}\"},\"query-input\":{\"@type\":\"PropertyValueSpecification\",\"valueRequired\":true,\"valueName\":\"search_term_string\"}}],\"inLanguage\":\"nb-NO\"},{\"@type\":\"Organization\",\"@id\":\"https:\/\/mekulo.com\/no\/#organization\",\"name\":\"Mekulo\",\"url\":\"https:\/\/mekulo.com\/no\/\",\"logo\":{\"@type\":\"ImageObject\",\"inLanguage\":\"nb-NO\",\"@id\":\"https:\/\/mekulo.com\/no\/#\/schema\/logo\/image\/\",\"url\":\"https:\/\/mekulo.com\/no\/wp-content\/uploads\/sites\/10\/2025\/12\/favicon_mekulo.png\",\"contentUrl\":\"https:\/\/mekulo.com\/no\/wp-content\/uploads\/sites\/10\/2025\/12\/favicon_mekulo.png\",\"width\":50,\"height\":50,\"caption\":\"Mekulo\"},\"image\":{\"@id\":\"https:\/\/mekulo.com\/no\/#\/schema\/logo\/image\/\"}}]}<\/script>\n<!-- \/ Yoast SEO plugin. -->","yoast_head_json":{"title":"3D-puslespill labyrintkube - Mekulo NO","robots":{"index":"index","follow":"follow","max-snippet":"max-snippet:-1","max-image-preview":"max-image-preview:large","max-video-preview":"max-video-preview:-1"},"canonical":"https:\/\/mekulo.com\/no\/produkt\/3d-puslespill-labyrintkube\/","og_locale":"nb_NO","og_type":"article","og_title":"3D-puslespill labyrintkube - Mekulo NO","og_description":"Denne 3D-puslespillet kombinerer spenningen i et labyrintspill med det morsomme ved \u00e5 vri og vende p\u00e5 en kubekube. F\u00f8r den lille metallkulen gjennom komplekse baner ved \u00e5 rotere og vippe kuben - det styrker fokus, t\u00e5lmodighet og romlig tenkning samtidig som du har det g\u00f8y.","og_url":"https:\/\/mekulo.com\/no\/produkt\/3d-puslespill-labyrintkube\/","og_site_name":"Mekulo NO","article_modified_time":"2026-01-07T14:09:50+00:00","og_image":[{"width":800,"height":800,"url":"https:\/\/mekulo.com\/no\/wp-content\/uploads\/sites\/10\/2026\/01\/t0h74cm-1.jpg","type":"image\/jpeg"}],"twitter_card":"summary_large_image","twitter_misc":{"Ansl. lesetid":"2 minutter"},"schema":{"@context":"https:\/\/schema.org","@graph":[{"@type":"WebPage","@id":"https:\/\/mekulo.com\/no\/produkt\/3d-puslespill-labyrintkube\/","url":"https:\/\/mekulo.com\/no\/produkt\/3d-puslespill-labyrintkube\/","name":"3D-puslespill labyrintkube - Mekulo NO","isPartOf":{"@id":"https:\/\/mekulo.com\/no\/#website"},"primaryImageOfPage":{"@id":"https:\/\/mekulo.com\/no\/produkt\/3d-puslespill-labyrintkube\/#primaryimage"},"image":{"@id":"https:\/\/mekulo.com\/no\/produkt\/3d-puslespill-labyrintkube\/#primaryimage"},"thumbnailUrl":"https:\/\/mekulo.com\/no\/wp-content\/uploads\/sites\/10\/2026\/01\/t0h74cm-1.jpg","datePublished":"2026-01-07T14:09:33+00:00","dateModified":"2026-01-07T14:09:50+00:00","breadcrumb":{"@id":"https:\/\/mekulo.com\/no\/produkt\/3d-puslespill-labyrintkube\/#breadcrumb"},"inLanguage":"nb-NO","potentialAction":[{"@type":"ReadAction","target":["https:\/\/mekulo.com\/no\/produkt\/3d-puslespill-labyrintkube\/"]}]},{"@type":"ImageObject","inLanguage":"nb-NO","@id":"https:\/\/mekulo.com\/no\/produkt\/3d-puslespill-labyrintkube\/#primaryimage","url":"https:\/\/mekulo.com\/no\/wp-content\/uploads\/sites\/10\/2026\/01\/t0h74cm-1.jpg","contentUrl":"https:\/\/mekulo.com\/no\/wp-content\/uploads\/sites\/10\/2026\/01\/t0h74cm-1.jpg","width":800,"height":800},{"@type":"BreadcrumbList","@id":"https:\/\/mekulo.com\/no\/produkt\/3d-puslespill-labyrintkube\/#breadcrumb","itemListElement":[{"@type":"ListItem","position":1,"name":"Home","item":"https:\/\/mekulo.com\/no\/"},{"@type":"ListItem","position":2,"name":"Butikk","item":"https:\/\/mekulo.com\/no\/butikk\/"},{"@type":"ListItem","position":3,"name":"3D-puslespill labyrintkube"}]},{"@type":"WebSite","@id":"https:\/\/mekulo.com\/no\/#website","url":"https:\/\/mekulo.com\/no\/","name":"Mekulo NO","description":"","publisher":{"@id":"https:\/\/mekulo.com\/no\/#organization"},"potentialAction":[{"@type":"SearchAction","target":{"@type":"EntryPoint","urlTemplate":"https:\/\/mekulo.com\/no\/?s={search_term_string}"},"query-input":{"@type":"PropertyValueSpecification","valueRequired":true,"valueName":"search_term_string"}}],"inLanguage":"nb-NO"},{"@type":"Organization","@id":"https:\/\/mekulo.com\/no\/#organization","name":"Mekulo","url":"https:\/\/mekulo.com\/no\/","logo":{"@type":"ImageObject","inLanguage":"nb-NO","@id":"https:\/\/mekulo.com\/no\/#\/schema\/logo\/image\/","url":"https:\/\/mekulo.com\/no\/wp-content\/uploads\/sites\/10\/2025\/12\/favicon_mekulo.png","contentUrl":"https:\/\/mekulo.com\/no\/wp-content\/uploads\/sites\/10\/2025\/12\/favicon_mekulo.png","width":50,"height":50,"caption":"Mekulo"},"image":{"@id":"https:\/\/mekulo.com\/no\/#\/schema\/logo\/image\/"}}]}},"_links":{"self":[{"href":"https:\/\/mekulo.com\/no\/wp-json\/wp\/v2\/product\/15379","targetHints":{"allow":["GET"]}}],"collection":[{"href":"https:\/\/mekulo.com\/no\/wp-json\/wp\/v2\/product"}],"about":[{"href":"https:\/\/mekulo.com\/no\/wp-json\/wp\/v2\/types\/product"}],"replies":[{"embeddable":true,"href":"https:\/\/mekulo.com\/no\/wp-json\/wp\/v2\/comments?post=15379"}],"wp:featuredmedia":[{"embeddable":true,"href":"https:\/\/mekulo.com\/no\/wp-json\/wp\/v2\/media\/15375"}],"wp:attachment":[{"href":"https:\/\/mekulo.com\/no\/wp-json\/wp\/v2\/media?parent=15379"}],"wp:term":[{"taxonomy":"product_brand","embeddable":true,"href":"https:\/\/mekulo.com\/no\/wp-json\/wp\/v2\/product_brand?post=15379"},{"taxonomy":"product_cat","embeddable":true,"href":"https:\/\/mekulo.com\/no\/wp-json\/wp\/v2\/product_cat?post=15379"},{"taxonomy":"product_tag","embeddable":true,"href":"https:\/\/mekulo.com\/no\/wp-json\/wp\/v2\/product_tag?post=15379"}],"curies":[{"name":"wp","href":"https:\/\/api.w.org\/{rel}","templated":true}]}}