{"id":15362,"date":"2026-01-07T12:55:10","date_gmt":"2026-01-07T10:55:10","guid":{"rendered":"https:\/\/mekulo.com\/no\/produkt\/fargerike-dominoblokker\/"},"modified":"2026-01-07T18:36:57","modified_gmt":"2026-01-07T16:36:57","slug":"fargerike-dominoblokker","status":"publish","type":"product","link":"https:\/\/mekulo.com\/no\/produkt\/fargerike-dominoblokker\/","title":{"rendered":"Fargerike dominoblokker"},"content":{"rendered":"<div class=\"flex max-w-full flex-col grow\">\n<div class=\"min-h-8 text-message relative flex w-full flex-col items-end gap-2 text-start break-words whitespace-normal [.text-message+&amp;]:mt-1\" dir=\"auto\" data-message-author-role=\"assistant\" data-message-id=\"a566bec2-e7fe-4544-91fa-4440068dfdf9\" data-message-model-slug=\"gpt-5-2\">\n<div class=\"flex w-full flex-col gap-1 empty:hidden first:pt-[1px]\">\n<div class=\"markdown prose dark:prose-invert w-full break-words light markdown-new-styling\">\n<p style=\"text-align: center;\" data-start=\"0\" data-end=\"82\"><strong data-start=\"0\" data-end=\"82\">Bygg, Still Opp, Og Sl\u00e5 Ned Fargerike Dominobrikker For Endel\u00f8s Moro Og L\u00e6ring.<\/strong><span style=\"font-size: 16px; font-style: normal; font-weight: 400;\">\ud83c\udfa8<\/span><\/p>\n<p data-start=\"84\" data-end=\"292\"><img fetchpriority=\"high\" decoding=\"async\" class=\" wp-image-46664 aligncenter\" src=\"https:\/\/keluvo.com\/template\/wp-content\/uploads\/sites\/5\/2025\/12\/2a014c21a2f7d17384369fd630d5d3b373245b3f9290e5066b02f57554b9c58a.webp\" alt=\"\" width=\"500\" height=\"500\" \/><\/p>\n<h2 style=\"text-align: center;\" data-start=\"570\" data-end=\"589\">\u2b50 Hovedfordeler<\/h2>\n<p data-start=\"592\" data-end=\"645\">\ud83c\udfa8 Sterke farger &#8211; Hjelper med fargegjenkjenning.<\/p>\n<p data-start=\"648\" data-end=\"708\">\ud83e\udde0 \u00d8ker tenkeferdighetene &#8211; St\u00f8tter romlig bevissthet.<\/p>\n<p data-start=\"711\" data-end=\"773\">\u270b Forbedrer motoriske ferdigheter &#8211; Forbedrer h\u00e5nd-\u00f8ye-koordinasjon.<\/p>\n<p data-start=\"776\" data-end=\"837\">\ud83d\udc76 Barnesikker design &#8211; Glatte kanter og giftfri maling.<\/p>\n<p data-start=\"840\" data-end=\"909\">\ud83d\udc68\u200d\ud83d\udc69\u200d\ud83d\udc67 Familiemoro &#8211; Passer utmerket for barn, foreldre og besteforeldre.<\/p>\n<p data-start=\"840\" data-end=\"909\"><img decoding=\"async\" class=\" wp-image-46667 aligncenter\" src=\"https:\/\/keluvo.com\/template\/wp-content\/uploads\/sites\/5\/2025\/12\/bcdd6d6298883c4150cd5348ab7f6f33f549c0c5f43b0cd34a5d972d0ede47f4.webp\" alt=\"\" width=\"500\" height=\"500\" \/><\/p>\n<h2 style=\"text-align: center;\" data-start=\"911\" data-end=\"928\">\ud83e\udde9 Slik bruker du dem<\/h2>\n<ol data-start=\"929\" data-end=\"1171\">\n<li data-start=\"929\" data-end=\"975\">\n<p data-start=\"932\" data-end=\"975\">Plasser dominobrikkene p\u00e5 gulvet eller bordet.<\/p>\n<\/li>\n<li data-start=\"976\" data-end=\"1024\">\n<p data-start=\"979\" data-end=\"1024\">Legg dem p\u00e5 rekke eller i kreative m\u00f8nstre.<\/p>\n<\/li>\n<li data-start=\"1025\" data-end=\"1094\">\n<p data-start=\"1028\" data-end=\"1094\">Trykk og still dem opp for h\u00e5nd eller med et dominotog (hvis det brukes).<\/p>\n<\/li>\n<li data-start=\"1095\" data-end=\"1142\">\n<p data-start=\"1098\" data-end=\"1142\">Trykk p\u00e5 den f\u00f8rste dominobrikken og se dem falle.<\/p>\n<\/li>\n<li data-start=\"1143\" data-end=\"1171\">\n<p data-start=\"1146\" data-end=\"1171\">Bygg opp igjen og lek p\u00e5 nytt.<\/p>\n<\/li>\n<\/ol>\n<h2 style=\"text-align: center;\" data-start=\"1173\" data-end=\"1195\">\ud83d\udccf Produktdetaljer<\/h2>\n<ul data-start=\"1196\" data-end=\"1391\">\n<li data-start=\"1237\" data-end=\"1275\">\n<p data-start=\"1239\" data-end=\"1275\">Materiale: ABS-plast av h\u00f8y kvalitet<\/p>\n<\/li>\n<li data-start=\"1276\" data-end=\"1312\">\n<p data-start=\"1278\" data-end=\"1312\">Maling: Giftfri, blekningsbestandig<\/p>\n<\/li>\n<li data-start=\"1313\" data-end=\"1345\">\n<p data-start=\"1315\" data-end=\"1345\">Kanter: Glatte og barnesikre<\/p>\n<\/li>\n<li data-start=\"1346\" data-end=\"1391\">\n<p data-start=\"1348\" data-end=\"1391\">Passende alder: Sm\u00e5barn og yngre barn<\/p>\n<\/li>\n<\/ul>\n<h2 style=\"text-align: center;\" data-start=\"1393\" data-end=\"1416\">\ud83d\udce6 Pakken inneholder<\/h2>\n<ul data-start=\"1417\" data-end=\"1470\" data-is-last-node=\"\" data-is-only-node=\"\">\n<li data-start=\"1417\" data-end=\"1470\" data-is-last-node=\"\">\n<p data-start=\"1419\" data-end=\"1470\" data-is-last-node=\"\">60x fargerike dominoblokker (kort)<\/p>\n<\/li>\n<li data-start=\"1417\" data-end=\"1470\" data-is-last-node=\"\">\n<p data-start=\"1419\" data-end=\"1470\" data-is-last-node=\"\">1x tog<\/p>\n<\/li>\n<li data-start=\"1417\" data-end=\"1470\" data-is-last-node=\"\">\n<p data-start=\"1419\" data-end=\"1470\" data-is-last-node=\"\">1x kortholder<\/p>\n<\/li>\n<li data-start=\"1417\" data-end=\"1470\" data-is-last-node=\"\">\n<p data-start=\"1419\" data-end=\"1470\" data-is-last-node=\"\">1x styreornament.<\/p>\n<\/li>\n<\/ul>\n<\/div>\n<\/div>\n<\/div>\n<\/div>\n","protected":false},"excerpt":{"rendered":"<p>Disse fargerike dominoblokkene gj\u00f8r leken til en kreativ l\u00e6ringsopplevelse. Barna kan stable, ordne og l\u00f8pe om kapp med dominobrikker samtidig som de forbedrer fargegjenkjenning, koordinasjon og fantasi p\u00e5 en trygg og morsom m\u00e5te. Dominoblokkene er utviklet for at sm\u00e5 barn skal kunne utforske farger, former og rom. Barna kan bygge ulike oppsett, se dominolinjer falle og glede seg over praktisk lek som holder dem engasjert i timevis &#8211; alene eller sammen med familien.<\/p>\n","protected":false},"featured_media":15358,"comment_status":"open","ping_status":"closed","template":"","meta":{"site-sidebar-layout":"default","site-content-layout":"","ast-site-content-layout":"default","site-content-style":"default","site-sidebar-style":"default","ast-global-header-display":"","ast-banner-title-visibility":"","ast-main-header-display":"","ast-hfb-above-header-display":"","ast-hfb-below-header-display":"","ast-hfb-mobile-header-display":"","site-post-title":"","ast-breadcrumbs-content":"","ast-featured-img":"","footer-sml-layout":"","theme-transparent-header-meta":"default","adv-header-id-meta":"","stick-header-meta":"","header-above-stick-meta":"","header-main-stick-meta":"","header-below-stick-meta":"","astra-migrate-meta-layouts":"set","ast-page-background-enabled":"default","ast-page-background-meta":{"desktop":{"background-color":"var(--ast-global-color-5)","background-image":"","background-repeat":"repeat","background-position":"center center","background-size":"auto","background-attachment":"scroll","background-type":"","background-media":"","overlay-type":"","overlay-color":"","overlay-opacity":"","overlay-gradient":""},"tablet":{"background-color":"","background-image":"","background-repeat":"repeat","background-position":"center center","background-size":"auto","background-attachment":"scroll","background-type":"","background-media":"","overlay-type":"","overlay-color":"","overlay-opacity":"","overlay-gradient":""},"mobile":{"background-color":"","background-image":"","background-repeat":"repeat","background-position":"center center","background-size":"auto","background-attachment":"scroll","background-type":"","background-media":"","overlay-type":"","overlay-color":"","overlay-opacity":"","overlay-gradient":""}},"ast-content-background-meta":{"desktop":{"background-color":"var(--ast-global-color-4)","background-image":"","background-repeat":"repeat","background-position":"center center","background-size":"auto","background-attachment":"scroll","background-type":"","background-media":"","overlay-type":"","overlay-color":"","overlay-opacity":"","overlay-gradient":""},"tablet":{"background-color":"var(--ast-global-color-4)","background-image":"","background-repeat":"repeat","background-position":"center center","background-size":"auto","background-attachment":"scroll","background-type":"","background-media":"","overlay-type":"","overlay-color":"","overlay-opacity":"","overlay-gradient":""},"mobile":{"background-color":"var(--ast-global-color-4)","background-image":"","background-repeat":"repeat","background-position":"center center","background-size":"auto","background-attachment":"scroll","background-type":"","background-media":"","overlay-type":"","overlay-color":"","overlay-opacity":"","overlay-gradient":""}}},"product_brand":[],"product_cat":[172],"product_tag":[],"class_list":{"0":"post-15362","1":"product","2":"type-product","3":"status-publish","4":"has-post-thumbnail","6":"product_cat-leker-barne-og-babyprodukter","7":"pa_62117_zda7t8ji-bla","8":"pa_62117_zda7t8ji-rosa","9":"desktop-align-left","10":"tablet-align-left","11":"mobile-align-left","13":"first","14":"instock","15":"shipping-taxable","16":"purchasable","17":"product-type-variable"},"yoast_head":"<!-- This site is optimized with the Yoast SEO plugin v26.6 - https:\/\/yoast.com\/wordpress\/plugins\/seo\/ -->\n<title>Fargerike dominoblokker - Mekulo NO<\/title>\n<meta name=\"robots\" content=\"index, follow, max-snippet:-1, max-image-preview:large, max-video-preview:-1\" \/>\n<link rel=\"canonical\" href=\"https:\/\/mekulo.com\/no\/produkt\/fargerike-dominoblokker\/\" \/>\n<meta property=\"og:locale\" content=\"nb_NO\" \/>\n<meta property=\"og:type\" content=\"article\" \/>\n<meta property=\"og:title\" content=\"Fargerike dominoblokker - Mekulo NO\" \/>\n<meta property=\"og:description\" content=\"Disse fargerike dominoblokkene gj\u00f8r leken til en kreativ l\u00e6ringsopplevelse. Barna kan stable, ordne og l\u00f8pe om kapp med dominobrikker samtidig som de forbedrer fargegjenkjenning, koordinasjon og fantasi p\u00e5 en trygg og morsom m\u00e5te. Dominoblokkene er utviklet for at sm\u00e5 barn skal kunne utforske farger, former og rom. Barna kan bygge ulike oppsett, se dominolinjer falle og glede seg over praktisk lek som holder dem engasjert i timevis - alene eller sammen med familien.\" \/>\n<meta property=\"og:url\" content=\"https:\/\/mekulo.com\/no\/produkt\/fargerike-dominoblokker\/\" \/>\n<meta property=\"og:site_name\" content=\"Mekulo NO\" \/>\n<meta property=\"article:modified_time\" content=\"2026-01-07T16:36:57+00:00\" \/>\n<meta property=\"og:image\" content=\"https:\/\/mekulo.com\/no\/wp-content\/uploads\/sites\/10\/2026\/01\/f53ys6l-1.jpg\" \/>\n\t<meta property=\"og:image:width\" content=\"1080\" \/>\n\t<meta property=\"og:image:height\" content=\"1080\" \/>\n\t<meta property=\"og:image:type\" content=\"image\/jpeg\" \/>\n<meta name=\"twitter:card\" content=\"summary_large_image\" \/>\n<meta name=\"twitter:label1\" content=\"Ansl. lesetid\" \/>\n\t<meta name=\"twitter:data1\" content=\"2 minutter\" \/>\n<script type=\"application\/ld+json\" class=\"yoast-schema-graph\">{\"@context\":\"https:\/\/schema.org\",\"@graph\":[{\"@type\":\"WebPage\",\"@id\":\"https:\/\/mekulo.com\/no\/produkt\/fargerike-dominoblokker\/\",\"url\":\"https:\/\/mekulo.com\/no\/produkt\/fargerike-dominoblokker\/\",\"name\":\"Fargerike dominoblokker - Mekulo NO\",\"isPartOf\":{\"@id\":\"https:\/\/mekulo.com\/no\/#website\"},\"primaryImageOfPage\":{\"@id\":\"https:\/\/mekulo.com\/no\/produkt\/fargerike-dominoblokker\/#primaryimage\"},\"image\":{\"@id\":\"https:\/\/mekulo.com\/no\/produkt\/fargerike-dominoblokker\/#primaryimage\"},\"thumbnailUrl\":\"https:\/\/mekulo.com\/no\/wp-content\/uploads\/sites\/10\/2026\/01\/f53ys6l-1.jpg\",\"datePublished\":\"2026-01-07T10:55:10+00:00\",\"dateModified\":\"2026-01-07T16:36:57+00:00\",\"breadcrumb\":{\"@id\":\"https:\/\/mekulo.com\/no\/produkt\/fargerike-dominoblokker\/#breadcrumb\"},\"inLanguage\":\"nb-NO\",\"potentialAction\":[{\"@type\":\"ReadAction\",\"target\":[\"https:\/\/mekulo.com\/no\/produkt\/fargerike-dominoblokker\/\"]}]},{\"@type\":\"ImageObject\",\"inLanguage\":\"nb-NO\",\"@id\":\"https:\/\/mekulo.com\/no\/produkt\/fargerike-dominoblokker\/#primaryimage\",\"url\":\"https:\/\/mekulo.com\/no\/wp-content\/uploads\/sites\/10\/2026\/01\/f53ys6l-1.jpg\",\"contentUrl\":\"https:\/\/mekulo.com\/no\/wp-content\/uploads\/sites\/10\/2026\/01\/f53ys6l-1.jpg\",\"width\":1080,\"height\":1080},{\"@type\":\"BreadcrumbList\",\"@id\":\"https:\/\/mekulo.com\/no\/produkt\/fargerike-dominoblokker\/#breadcrumb\",\"itemListElement\":[{\"@type\":\"ListItem\",\"position\":1,\"name\":\"Home\",\"item\":\"https:\/\/mekulo.com\/no\/\"},{\"@type\":\"ListItem\",\"position\":2,\"name\":\"Butikk\",\"item\":\"https:\/\/mekulo.com\/no\/butikk\/\"},{\"@type\":\"ListItem\",\"position\":3,\"name\":\"Fargerike dominoblokker\"}]},{\"@type\":\"WebSite\",\"@id\":\"https:\/\/mekulo.com\/no\/#website\",\"url\":\"https:\/\/mekulo.com\/no\/\",\"name\":\"Mekulo NO\",\"description\":\"\",\"publisher\":{\"@id\":\"https:\/\/mekulo.com\/no\/#organization\"},\"potentialAction\":[{\"@type\":\"SearchAction\",\"target\":{\"@type\":\"EntryPoint\",\"urlTemplate\":\"https:\/\/mekulo.com\/no\/?s={search_term_string}\"},\"query-input\":{\"@type\":\"PropertyValueSpecification\",\"valueRequired\":true,\"valueName\":\"search_term_string\"}}],\"inLanguage\":\"nb-NO\"},{\"@type\":\"Organization\",\"@id\":\"https:\/\/mekulo.com\/no\/#organization\",\"name\":\"Mekulo\",\"url\":\"https:\/\/mekulo.com\/no\/\",\"logo\":{\"@type\":\"ImageObject\",\"inLanguage\":\"nb-NO\",\"@id\":\"https:\/\/mekulo.com\/no\/#\/schema\/logo\/image\/\",\"url\":\"https:\/\/mekulo.com\/no\/wp-content\/uploads\/sites\/10\/2025\/12\/favicon_mekulo.png\",\"contentUrl\":\"https:\/\/mekulo.com\/no\/wp-content\/uploads\/sites\/10\/2025\/12\/favicon_mekulo.png\",\"width\":50,\"height\":50,\"caption\":\"Mekulo\"},\"image\":{\"@id\":\"https:\/\/mekulo.com\/no\/#\/schema\/logo\/image\/\"}}]}<\/script>\n<!-- \/ Yoast SEO plugin. -->","yoast_head_json":{"title":"Fargerike dominoblokker - Mekulo NO","robots":{"index":"index","follow":"follow","max-snippet":"max-snippet:-1","max-image-preview":"max-image-preview:large","max-video-preview":"max-video-preview:-1"},"canonical":"https:\/\/mekulo.com\/no\/produkt\/fargerike-dominoblokker\/","og_locale":"nb_NO","og_type":"article","og_title":"Fargerike dominoblokker - Mekulo NO","og_description":"Disse fargerike dominoblokkene gj\u00f8r leken til en kreativ l\u00e6ringsopplevelse. Barna kan stable, ordne og l\u00f8pe om kapp med dominobrikker samtidig som de forbedrer fargegjenkjenning, koordinasjon og fantasi p\u00e5 en trygg og morsom m\u00e5te. Dominoblokkene er utviklet for at sm\u00e5 barn skal kunne utforske farger, former og rom. Barna kan bygge ulike oppsett, se dominolinjer falle og glede seg over praktisk lek som holder dem engasjert i timevis - alene eller sammen med familien.","og_url":"https:\/\/mekulo.com\/no\/produkt\/fargerike-dominoblokker\/","og_site_name":"Mekulo NO","article_modified_time":"2026-01-07T16:36:57+00:00","og_image":[{"width":1080,"height":1080,"url":"https:\/\/mekulo.com\/no\/wp-content\/uploads\/sites\/10\/2026\/01\/f53ys6l-1.jpg","type":"image\/jpeg"}],"twitter_card":"summary_large_image","twitter_misc":{"Ansl. lesetid":"2 minutter"},"schema":{"@context":"https:\/\/schema.org","@graph":[{"@type":"WebPage","@id":"https:\/\/mekulo.com\/no\/produkt\/fargerike-dominoblokker\/","url":"https:\/\/mekulo.com\/no\/produkt\/fargerike-dominoblokker\/","name":"Fargerike dominoblokker - Mekulo NO","isPartOf":{"@id":"https:\/\/mekulo.com\/no\/#website"},"primaryImageOfPage":{"@id":"https:\/\/mekulo.com\/no\/produkt\/fargerike-dominoblokker\/#primaryimage"},"image":{"@id":"https:\/\/mekulo.com\/no\/produkt\/fargerike-dominoblokker\/#primaryimage"},"thumbnailUrl":"https:\/\/mekulo.com\/no\/wp-content\/uploads\/sites\/10\/2026\/01\/f53ys6l-1.jpg","datePublished":"2026-01-07T10:55:10+00:00","dateModified":"2026-01-07T16:36:57+00:00","breadcrumb":{"@id":"https:\/\/mekulo.com\/no\/produkt\/fargerike-dominoblokker\/#breadcrumb"},"inLanguage":"nb-NO","potentialAction":[{"@type":"ReadAction","target":["https:\/\/mekulo.com\/no\/produkt\/fargerike-dominoblokker\/"]}]},{"@type":"ImageObject","inLanguage":"nb-NO","@id":"https:\/\/mekulo.com\/no\/produkt\/fargerike-dominoblokker\/#primaryimage","url":"https:\/\/mekulo.com\/no\/wp-content\/uploads\/sites\/10\/2026\/01\/f53ys6l-1.jpg","contentUrl":"https:\/\/mekulo.com\/no\/wp-content\/uploads\/sites\/10\/2026\/01\/f53ys6l-1.jpg","width":1080,"height":1080},{"@type":"BreadcrumbList","@id":"https:\/\/mekulo.com\/no\/produkt\/fargerike-dominoblokker\/#breadcrumb","itemListElement":[{"@type":"ListItem","position":1,"name":"Home","item":"https:\/\/mekulo.com\/no\/"},{"@type":"ListItem","position":2,"name":"Butikk","item":"https:\/\/mekulo.com\/no\/butikk\/"},{"@type":"ListItem","position":3,"name":"Fargerike dominoblokker"}]},{"@type":"WebSite","@id":"https:\/\/mekulo.com\/no\/#website","url":"https:\/\/mekulo.com\/no\/","name":"Mekulo NO","description":"","publisher":{"@id":"https:\/\/mekulo.com\/no\/#organization"},"potentialAction":[{"@type":"SearchAction","target":{"@type":"EntryPoint","urlTemplate":"https:\/\/mekulo.com\/no\/?s={search_term_string}"},"query-input":{"@type":"PropertyValueSpecification","valueRequired":true,"valueName":"search_term_string"}}],"inLanguage":"nb-NO"},{"@type":"Organization","@id":"https:\/\/mekulo.com\/no\/#organization","name":"Mekulo","url":"https:\/\/mekulo.com\/no\/","logo":{"@type":"ImageObject","inLanguage":"nb-NO","@id":"https:\/\/mekulo.com\/no\/#\/schema\/logo\/image\/","url":"https:\/\/mekulo.com\/no\/wp-content\/uploads\/sites\/10\/2025\/12\/favicon_mekulo.png","contentUrl":"https:\/\/mekulo.com\/no\/wp-content\/uploads\/sites\/10\/2025\/12\/favicon_mekulo.png","width":50,"height":50,"caption":"Mekulo"},"image":{"@id":"https:\/\/mekulo.com\/no\/#\/schema\/logo\/image\/"}}]}},"_links":{"self":[{"href":"https:\/\/mekulo.com\/no\/wp-json\/wp\/v2\/product\/15362","targetHints":{"allow":["GET"]}}],"collection":[{"href":"https:\/\/mekulo.com\/no\/wp-json\/wp\/v2\/product"}],"about":[{"href":"https:\/\/mekulo.com\/no\/wp-json\/wp\/v2\/types\/product"}],"replies":[{"embeddable":true,"href":"https:\/\/mekulo.com\/no\/wp-json\/wp\/v2\/comments?post=15362"}],"wp:featuredmedia":[{"embeddable":true,"href":"https:\/\/mekulo.com\/no\/wp-json\/wp\/v2\/media\/15358"}],"wp:attachment":[{"href":"https:\/\/mekulo.com\/no\/wp-json\/wp\/v2\/media?parent=15362"}],"wp:term":[{"taxonomy":"product_brand","embeddable":true,"href":"https:\/\/mekulo.com\/no\/wp-json\/wp\/v2\/product_brand?post=15362"},{"taxonomy":"product_cat","embeddable":true,"href":"https:\/\/mekulo.com\/no\/wp-json\/wp\/v2\/product_cat?post=15362"},{"taxonomy":"product_tag","embeddable":true,"href":"https:\/\/mekulo.com\/no\/wp-json\/wp\/v2\/product_tag?post=15362"}],"curies":[{"name":"wp","href":"https:\/\/api.w.org\/{rel}","templated":true}]}}