{"id":15353,"date":"2026-01-07T12:54:05","date_gmt":"2026-01-07T10:54:05","guid":{"rendered":"https:\/\/mekulo.com\/no\/produkt\/alt-i-ett-verktoysett-for-kraner\/"},"modified":"2026-01-07T18:35:59","modified_gmt":"2026-01-07T16:35:59","slug":"alt-i-ett-verktoysett-for-kraner","status":"publish","type":"product","link":"https:\/\/mekulo.com\/no\/produkt\/alt-i-ett-verktoysett-for-kraner\/","title":{"rendered":"Alt-i-ett-verkt\u00f8ysett for kraner"},"content":{"rendered":"<div class=\"flex max-w-full flex-col grow\">\n<div class=\"min-h-8 text-message relative flex w-full flex-col items-end gap-2 text-start break-words whitespace-normal [.text-message+&amp;]:mt-1\" dir=\"auto\" data-message-author-role=\"assistant\" data-message-id=\"1cd7bf37-2587-4a26-b24e-75fe5085b8a6\" data-message-model-slug=\"gpt-5-2\">\n<div class=\"flex w-full flex-col gap-1 empty:hidden first:pt-[1px]\">\n<div class=\"markdown prose dark:prose-invert w-full break-words light markdown-new-styling\">\n<p style=\"text-align: center;\" data-start=\"0\" data-end=\"75\"><strong data-start=\"0\" data-end=\"75\">Fiks Og Vedlikehold Kraner Enkelt Med Ett Kompakt Alt-I-Ett-N\u00f8kkelsett.<\/strong><span style=\"font-size: 16px; font-style: normal; font-weight: 400;\">\ud83d\udd27<\/span><\/p>\n<p data-start=\"77\" data-end=\"321\"><img fetchpriority=\"high\" decoding=\"async\" class=\"size-full wp-image-46530 aligncenter\" src=\"https:\/\/keluvo.com\/template\/wp-content\/uploads\/sites\/5\/2025\/12\/102221-ezgif.com-video-to-webp-converter-4.webp\" alt=\"\" width=\"500\" height=\"500\" \/><\/p>\n<h2 style=\"text-align: center;\" data-start=\"596\" data-end=\"615\">\u2b50 Hovedfordeler<\/h2>\n<p data-start=\"618\" data-end=\"682\">\ud83d\udee0\ufe0f Alt-i-ett-design &#8211; Ett verkt\u00f8y for flere kranoppgaver.<\/p>\n<p data-start=\"685\" data-end=\"743\">\ud83e\udd32 Komfortabelt grep &#8211; Reduserer belastningen p\u00e5 hendene under bruk.<\/p>\n<p data-start=\"746\" data-end=\"809\">\ud83d\udeb0 Perfekt for trange rom &#8211; Ideell for vasker og kraner.<\/p>\n<p data-start=\"812\" data-end=\"865\">\ud83e\uddf1 Sterk og holdbar &#8211; Bygget for langvarig bruk.<\/p>\n<p data-start=\"868\" data-end=\"923\">\ud83c\udf92 Kompakt og b\u00e6rbar &#8211; Enkel \u00e5 oppbevare og b\u00e6re.<\/p>\n<p data-start=\"868\" data-end=\"923\"><img decoding=\"async\" class=\"size-full wp-image-46533 aligncenter\" src=\"https:\/\/keluvo.com\/template\/wp-content\/uploads\/sites\/5\/2025\/12\/102220-ezgif.com-video-to-webp-converter-3.webp\" alt=\"\" width=\"500\" height=\"500\" \/><\/p>\n<h2 style=\"text-align: center;\" data-start=\"925\" data-end=\"942\">\ud83e\uddf0 Slik bruker du det<\/h2>\n<ol data-start=\"943\" data-end=\"1189\">\n<li data-start=\"943\" data-end=\"996\">\n<p data-start=\"946\" data-end=\"996\">Velg riktig \u00e5pning for krandelen din.<\/p>\n<\/li>\n<li data-start=\"997\" data-end=\"1050\">\n<p data-start=\"1000\" data-end=\"1050\">Plasser n\u00f8kkelen p\u00e5 lufteventilen eller ventilkjernen.<\/p>\n<\/li>\n<li data-start=\"1051\" data-end=\"1089\">\n<p data-start=\"1054\" data-end=\"1089\">Vri forsiktig for \u00e5 l\u00f8sne eller stramme.<\/p>\n<\/li>\n<li data-start=\"1090\" data-end=\"1148\">\n<p data-start=\"1093\" data-end=\"1148\">Bruk den medf\u00f8lgende sekskantn\u00f8kkelen eller skrutrekkeren om n\u00f8dvendig.<\/p>\n<\/li>\n<li data-start=\"1149\" data-end=\"1189\">\n<p data-start=\"1152\" data-end=\"1189\">Sett krandelen sikkert p\u00e5 plass igjen.<\/p>\n<\/li>\n<\/ol>\n<h2 style=\"text-align: center;\" data-start=\"1191\" data-end=\"1213\">\ud83d\udccf Produktdetaljer<\/h2>\n<ul data-start=\"1214\" data-end=\"1430\">\n<li data-start=\"1270\" data-end=\"1289\">\n<p data-start=\"1272\" data-end=\"1289\">Materiale: Legering<\/p>\n<\/li>\n<li data-start=\"1290\" data-end=\"1323\">\n<p data-start=\"1292\" data-end=\"1323\">Produktst\u00f8rrelse: 10 x 5 x 4,7 cm<\/p>\n<\/li>\n<li data-start=\"1324\" data-end=\"1345\">\n<p data-start=\"1326\" data-end=\"1345\">Nettovekt: 120 g<\/p>\n<\/li>\n<li data-start=\"1372\" data-end=\"1430\">\n<p data-start=\"1374\" data-end=\"1430\">Anvendelse: Kj\u00f8kken- og baderomskraner, dusjhoder<\/p>\n<\/li>\n<\/ul>\n<h2 style=\"text-align: center;\" data-start=\"1432\" data-end=\"1455\">\ud83d\udce6 Pakken inneholder<\/h2>\n<ul data-start=\"1456\" data-end=\"1563\" data-is-last-node=\"\" data-is-only-node=\"\">\n<li data-start=\"1456\" data-end=\"1517\">\n<p data-start=\"1458\" data-end=\"1517\">1x multifunksjonell vedlikeholdsn\u00f8kkel for kj\u00f8kken og bad<\/p>\n<\/li>\n<li data-start=\"1518\" data-end=\"1544\">\n<p data-start=\"1520\" data-end=\"1544\">2x skiften\u00f8kler (2,0 unbrakon\u00f8kkel, 2,5 sekskantet)<\/p>\n<\/li>\n<li data-start=\"1545\" data-end=\"1563\" data-is-last-node=\"\">\n<p data-start=\"1547\" data-end=\"1563\" data-is-last-node=\"\">2x skrutrekkere (65 flate, 65 kryss).<\/p>\n<\/li>\n<\/ul>\n<\/div>\n<\/div>\n<\/div>\n<\/div>\n","protected":false},"excerpt":{"rendered":"<p>Dette alt-i-ett-verkt\u00f8ysettet for kraner hjelper deg med \u00e5 installere, fjerne og reparere kj\u00f8kken- og baderomskraner uten problemer. Den smarte designen gj\u00f8r at du kan komme til p\u00e5 trange steder og h\u00e5ndtere vanlige krandeler, noe som sparer tid og krefter under vedlikehold. Denne multifunksjonelle skiften\u00f8kkelen er ideell for \u00e5 fjerne kranluftere, ventilkjerner og beslag i vasker og dusjsystemer. Det ergonomiske h\u00e5ndtaket gir deg et sikkert grep, noe som gj\u00f8r den komfortabel for b\u00e5de gj\u00f8r-det-selv-brukere og fagfolk.<\/p>\n","protected":false},"featured_media":15349,"comment_status":"open","ping_status":"closed","template":"","meta":{"site-sidebar-layout":"default","site-content-layout":"","ast-site-content-layout":"default","site-content-style":"default","site-sidebar-style":"default","ast-global-header-display":"","ast-banner-title-visibility":"","ast-main-header-display":"","ast-hfb-above-header-display":"","ast-hfb-below-header-display":"","ast-hfb-mobile-header-display":"","site-post-title":"","ast-breadcrumbs-content":"","ast-featured-img":"","footer-sml-layout":"","theme-transparent-header-meta":"default","adv-header-id-meta":"","stick-header-meta":"","header-above-stick-meta":"","header-main-stick-meta":"","header-below-stick-meta":"","astra-migrate-meta-layouts":"set","ast-page-background-enabled":"default","ast-page-background-meta":{"desktop":{"background-color":"var(--ast-global-color-5)","background-image":"","background-repeat":"repeat","background-position":"center center","background-size":"auto","background-attachment":"scroll","background-type":"","background-media":"","overlay-type":"","overlay-color":"","overlay-opacity":"","overlay-gradient":""},"tablet":{"background-color":"","background-image":"","background-repeat":"repeat","background-position":"center center","background-size":"auto","background-attachment":"scroll","background-type":"","background-media":"","overlay-type":"","overlay-color":"","overlay-opacity":"","overlay-gradient":""},"mobile":{"background-color":"","background-image":"","background-repeat":"repeat","background-position":"center center","background-size":"auto","background-attachment":"scroll","background-type":"","background-media":"","overlay-type":"","overlay-color":"","overlay-opacity":"","overlay-gradient":""}},"ast-content-background-meta":{"desktop":{"background-color":"var(--ast-global-color-4)","background-image":"","background-repeat":"repeat","background-position":"center center","background-size":"auto","background-attachment":"scroll","background-type":"","background-media":"","overlay-type":"","overlay-color":"","overlay-opacity":"","overlay-gradient":""},"tablet":{"background-color":"var(--ast-global-color-4)","background-image":"","background-repeat":"repeat","background-position":"center center","background-size":"auto","background-attachment":"scroll","background-type":"","background-media":"","overlay-type":"","overlay-color":"","overlay-opacity":"","overlay-gradient":""},"mobile":{"background-color":"var(--ast-global-color-4)","background-image":"","background-repeat":"repeat","background-position":"center center","background-size":"auto","background-attachment":"scroll","background-type":"","background-media":"","overlay-type":"","overlay-color":"","overlay-opacity":"","overlay-gradient":""}}},"product_brand":[],"product_cat":[168,171],"product_tag":[],"class_list":{"0":"post-15353","1":"product","2":"type-product","3":"status-publish","4":"has-post-thumbnail","6":"product_cat-husholdningsartikler","7":"product_cat-verktoy","8":"desktop-align-left","9":"tablet-align-left","10":"mobile-align-left","12":"first","13":"instock","14":"shipping-taxable","15":"purchasable","16":"product-type-simple"},"yoast_head":"<!-- This site is optimized with the Yoast SEO plugin v26.6 - https:\/\/yoast.com\/wordpress\/plugins\/seo\/ -->\n<title>Alt-i-ett-verkt\u00f8ysett for kraner - Mekulo NO<\/title>\n<meta name=\"robots\" content=\"index, follow, max-snippet:-1, max-image-preview:large, max-video-preview:-1\" \/>\n<link rel=\"canonical\" href=\"https:\/\/mekulo.com\/no\/produkt\/alt-i-ett-verktoysett-for-kraner\/\" \/>\n<meta property=\"og:locale\" content=\"nb_NO\" \/>\n<meta property=\"og:type\" content=\"article\" \/>\n<meta property=\"og:title\" content=\"Alt-i-ett-verkt\u00f8ysett for kraner - Mekulo NO\" \/>\n<meta property=\"og:description\" content=\"Dette alt-i-ett-verkt\u00f8ysettet for kraner hjelper deg med \u00e5 installere, fjerne og reparere kj\u00f8kken- og baderomskraner uten problemer. Den smarte designen gj\u00f8r at du kan komme til p\u00e5 trange steder og h\u00e5ndtere vanlige krandeler, noe som sparer tid og krefter under vedlikehold. Denne multifunksjonelle skiften\u00f8kkelen er ideell for \u00e5 fjerne kranluftere, ventilkjerner og beslag i vasker og dusjsystemer. Det ergonomiske h\u00e5ndtaket gir deg et sikkert grep, noe som gj\u00f8r den komfortabel for b\u00e5de gj\u00f8r-det-selv-brukere og fagfolk.\" \/>\n<meta property=\"og:url\" content=\"https:\/\/mekulo.com\/no\/produkt\/alt-i-ett-verktoysett-for-kraner\/\" \/>\n<meta property=\"og:site_name\" content=\"Mekulo NO\" \/>\n<meta property=\"article:modified_time\" content=\"2026-01-07T16:35:59+00:00\" \/>\n<meta property=\"og:image\" content=\"https:\/\/mekulo.com\/no\/wp-content\/uploads\/sites\/10\/2026\/01\/owlt9oi-1.jpg\" \/>\n\t<meta property=\"og:image:width\" content=\"1080\" \/>\n\t<meta property=\"og:image:height\" content=\"1080\" \/>\n\t<meta property=\"og:image:type\" content=\"image\/jpeg\" \/>\n<meta name=\"twitter:card\" content=\"summary_large_image\" \/>\n<meta name=\"twitter:label1\" content=\"Ansl. lesetid\" \/>\n\t<meta name=\"twitter:data1\" content=\"2 minutter\" \/>\n<script type=\"application\/ld+json\" class=\"yoast-schema-graph\">{\"@context\":\"https:\/\/schema.org\",\"@graph\":[{\"@type\":\"WebPage\",\"@id\":\"https:\/\/mekulo.com\/no\/produkt\/alt-i-ett-verktoysett-for-kraner\/\",\"url\":\"https:\/\/mekulo.com\/no\/produkt\/alt-i-ett-verktoysett-for-kraner\/\",\"name\":\"Alt-i-ett-verkt\u00f8ysett for kraner - Mekulo NO\",\"isPartOf\":{\"@id\":\"https:\/\/mekulo.com\/no\/#website\"},\"primaryImageOfPage\":{\"@id\":\"https:\/\/mekulo.com\/no\/produkt\/alt-i-ett-verktoysett-for-kraner\/#primaryimage\"},\"image\":{\"@id\":\"https:\/\/mekulo.com\/no\/produkt\/alt-i-ett-verktoysett-for-kraner\/#primaryimage\"},\"thumbnailUrl\":\"https:\/\/mekulo.com\/no\/wp-content\/uploads\/sites\/10\/2026\/01\/owlt9oi-1.jpg\",\"datePublished\":\"2026-01-07T10:54:05+00:00\",\"dateModified\":\"2026-01-07T16:35:59+00:00\",\"breadcrumb\":{\"@id\":\"https:\/\/mekulo.com\/no\/produkt\/alt-i-ett-verktoysett-for-kraner\/#breadcrumb\"},\"inLanguage\":\"nb-NO\",\"potentialAction\":[{\"@type\":\"ReadAction\",\"target\":[\"https:\/\/mekulo.com\/no\/produkt\/alt-i-ett-verktoysett-for-kraner\/\"]}]},{\"@type\":\"ImageObject\",\"inLanguage\":\"nb-NO\",\"@id\":\"https:\/\/mekulo.com\/no\/produkt\/alt-i-ett-verktoysett-for-kraner\/#primaryimage\",\"url\":\"https:\/\/mekulo.com\/no\/wp-content\/uploads\/sites\/10\/2026\/01\/owlt9oi-1.jpg\",\"contentUrl\":\"https:\/\/mekulo.com\/no\/wp-content\/uploads\/sites\/10\/2026\/01\/owlt9oi-1.jpg\",\"width\":1080,\"height\":1080},{\"@type\":\"BreadcrumbList\",\"@id\":\"https:\/\/mekulo.com\/no\/produkt\/alt-i-ett-verktoysett-for-kraner\/#breadcrumb\",\"itemListElement\":[{\"@type\":\"ListItem\",\"position\":1,\"name\":\"Home\",\"item\":\"https:\/\/mekulo.com\/no\/\"},{\"@type\":\"ListItem\",\"position\":2,\"name\":\"Butikk\",\"item\":\"https:\/\/mekulo.com\/no\/butikk\/\"},{\"@type\":\"ListItem\",\"position\":3,\"name\":\"Alt-i-ett-verkt\u00f8ysett for kraner\"}]},{\"@type\":\"WebSite\",\"@id\":\"https:\/\/mekulo.com\/no\/#website\",\"url\":\"https:\/\/mekulo.com\/no\/\",\"name\":\"Mekulo NO\",\"description\":\"\",\"publisher\":{\"@id\":\"https:\/\/mekulo.com\/no\/#organization\"},\"potentialAction\":[{\"@type\":\"SearchAction\",\"target\":{\"@type\":\"EntryPoint\",\"urlTemplate\":\"https:\/\/mekulo.com\/no\/?s={search_term_string}\"},\"query-input\":{\"@type\":\"PropertyValueSpecification\",\"valueRequired\":true,\"valueName\":\"search_term_string\"}}],\"inLanguage\":\"nb-NO\"},{\"@type\":\"Organization\",\"@id\":\"https:\/\/mekulo.com\/no\/#organization\",\"name\":\"Mekulo\",\"url\":\"https:\/\/mekulo.com\/no\/\",\"logo\":{\"@type\":\"ImageObject\",\"inLanguage\":\"nb-NO\",\"@id\":\"https:\/\/mekulo.com\/no\/#\/schema\/logo\/image\/\",\"url\":\"https:\/\/mekulo.com\/no\/wp-content\/uploads\/sites\/10\/2025\/12\/favicon_mekulo.png\",\"contentUrl\":\"https:\/\/mekulo.com\/no\/wp-content\/uploads\/sites\/10\/2025\/12\/favicon_mekulo.png\",\"width\":50,\"height\":50,\"caption\":\"Mekulo\"},\"image\":{\"@id\":\"https:\/\/mekulo.com\/no\/#\/schema\/logo\/image\/\"}}]}<\/script>\n<!-- \/ Yoast SEO plugin. -->","yoast_head_json":{"title":"Alt-i-ett-verkt\u00f8ysett for kraner - Mekulo NO","robots":{"index":"index","follow":"follow","max-snippet":"max-snippet:-1","max-image-preview":"max-image-preview:large","max-video-preview":"max-video-preview:-1"},"canonical":"https:\/\/mekulo.com\/no\/produkt\/alt-i-ett-verktoysett-for-kraner\/","og_locale":"nb_NO","og_type":"article","og_title":"Alt-i-ett-verkt\u00f8ysett for kraner - Mekulo NO","og_description":"Dette alt-i-ett-verkt\u00f8ysettet for kraner hjelper deg med \u00e5 installere, fjerne og reparere kj\u00f8kken- og baderomskraner uten problemer. Den smarte designen gj\u00f8r at du kan komme til p\u00e5 trange steder og h\u00e5ndtere vanlige krandeler, noe som sparer tid og krefter under vedlikehold. Denne multifunksjonelle skiften\u00f8kkelen er ideell for \u00e5 fjerne kranluftere, ventilkjerner og beslag i vasker og dusjsystemer. Det ergonomiske h\u00e5ndtaket gir deg et sikkert grep, noe som gj\u00f8r den komfortabel for b\u00e5de gj\u00f8r-det-selv-brukere og fagfolk.","og_url":"https:\/\/mekulo.com\/no\/produkt\/alt-i-ett-verktoysett-for-kraner\/","og_site_name":"Mekulo NO","article_modified_time":"2026-01-07T16:35:59+00:00","og_image":[{"width":1080,"height":1080,"url":"https:\/\/mekulo.com\/no\/wp-content\/uploads\/sites\/10\/2026\/01\/owlt9oi-1.jpg","type":"image\/jpeg"}],"twitter_card":"summary_large_image","twitter_misc":{"Ansl. lesetid":"2 minutter"},"schema":{"@context":"https:\/\/schema.org","@graph":[{"@type":"WebPage","@id":"https:\/\/mekulo.com\/no\/produkt\/alt-i-ett-verktoysett-for-kraner\/","url":"https:\/\/mekulo.com\/no\/produkt\/alt-i-ett-verktoysett-for-kraner\/","name":"Alt-i-ett-verkt\u00f8ysett for kraner - Mekulo NO","isPartOf":{"@id":"https:\/\/mekulo.com\/no\/#website"},"primaryImageOfPage":{"@id":"https:\/\/mekulo.com\/no\/produkt\/alt-i-ett-verktoysett-for-kraner\/#primaryimage"},"image":{"@id":"https:\/\/mekulo.com\/no\/produkt\/alt-i-ett-verktoysett-for-kraner\/#primaryimage"},"thumbnailUrl":"https:\/\/mekulo.com\/no\/wp-content\/uploads\/sites\/10\/2026\/01\/owlt9oi-1.jpg","datePublished":"2026-01-07T10:54:05+00:00","dateModified":"2026-01-07T16:35:59+00:00","breadcrumb":{"@id":"https:\/\/mekulo.com\/no\/produkt\/alt-i-ett-verktoysett-for-kraner\/#breadcrumb"},"inLanguage":"nb-NO","potentialAction":[{"@type":"ReadAction","target":["https:\/\/mekulo.com\/no\/produkt\/alt-i-ett-verktoysett-for-kraner\/"]}]},{"@type":"ImageObject","inLanguage":"nb-NO","@id":"https:\/\/mekulo.com\/no\/produkt\/alt-i-ett-verktoysett-for-kraner\/#primaryimage","url":"https:\/\/mekulo.com\/no\/wp-content\/uploads\/sites\/10\/2026\/01\/owlt9oi-1.jpg","contentUrl":"https:\/\/mekulo.com\/no\/wp-content\/uploads\/sites\/10\/2026\/01\/owlt9oi-1.jpg","width":1080,"height":1080},{"@type":"BreadcrumbList","@id":"https:\/\/mekulo.com\/no\/produkt\/alt-i-ett-verktoysett-for-kraner\/#breadcrumb","itemListElement":[{"@type":"ListItem","position":1,"name":"Home","item":"https:\/\/mekulo.com\/no\/"},{"@type":"ListItem","position":2,"name":"Butikk","item":"https:\/\/mekulo.com\/no\/butikk\/"},{"@type":"ListItem","position":3,"name":"Alt-i-ett-verkt\u00f8ysett for kraner"}]},{"@type":"WebSite","@id":"https:\/\/mekulo.com\/no\/#website","url":"https:\/\/mekulo.com\/no\/","name":"Mekulo NO","description":"","publisher":{"@id":"https:\/\/mekulo.com\/no\/#organization"},"potentialAction":[{"@type":"SearchAction","target":{"@type":"EntryPoint","urlTemplate":"https:\/\/mekulo.com\/no\/?s={search_term_string}"},"query-input":{"@type":"PropertyValueSpecification","valueRequired":true,"valueName":"search_term_string"}}],"inLanguage":"nb-NO"},{"@type":"Organization","@id":"https:\/\/mekulo.com\/no\/#organization","name":"Mekulo","url":"https:\/\/mekulo.com\/no\/","logo":{"@type":"ImageObject","inLanguage":"nb-NO","@id":"https:\/\/mekulo.com\/no\/#\/schema\/logo\/image\/","url":"https:\/\/mekulo.com\/no\/wp-content\/uploads\/sites\/10\/2025\/12\/favicon_mekulo.png","contentUrl":"https:\/\/mekulo.com\/no\/wp-content\/uploads\/sites\/10\/2025\/12\/favicon_mekulo.png","width":50,"height":50,"caption":"Mekulo"},"image":{"@id":"https:\/\/mekulo.com\/no\/#\/schema\/logo\/image\/"}}]}},"_links":{"self":[{"href":"https:\/\/mekulo.com\/no\/wp-json\/wp\/v2\/product\/15353","targetHints":{"allow":["GET"]}}],"collection":[{"href":"https:\/\/mekulo.com\/no\/wp-json\/wp\/v2\/product"}],"about":[{"href":"https:\/\/mekulo.com\/no\/wp-json\/wp\/v2\/types\/product"}],"replies":[{"embeddable":true,"href":"https:\/\/mekulo.com\/no\/wp-json\/wp\/v2\/comments?post=15353"}],"wp:featuredmedia":[{"embeddable":true,"href":"https:\/\/mekulo.com\/no\/wp-json\/wp\/v2\/media\/15349"}],"wp:attachment":[{"href":"https:\/\/mekulo.com\/no\/wp-json\/wp\/v2\/media?parent=15353"}],"wp:term":[{"taxonomy":"product_brand","embeddable":true,"href":"https:\/\/mekulo.com\/no\/wp-json\/wp\/v2\/product_brand?post=15353"},{"taxonomy":"product_cat","embeddable":true,"href":"https:\/\/mekulo.com\/no\/wp-json\/wp\/v2\/product_cat?post=15353"},{"taxonomy":"product_tag","embeddable":true,"href":"https:\/\/mekulo.com\/no\/wp-json\/wp\/v2\/product_tag?post=15353"}],"curies":[{"name":"wp","href":"https:\/\/api.w.org\/{rel}","templated":true}]}}