{"id":15334,"date":"2026-01-07T12:52:52","date_gmt":"2026-01-07T10:52:52","guid":{"rendered":"https:\/\/mekulo.com\/no\/produkt\/multifunksjonell-kraftig-kjokkensaks\/"},"modified":"2026-01-07T18:34:52","modified_gmt":"2026-01-07T16:34:52","slug":"multifunksjonell-kraftig-kjokkensaks","status":"publish","type":"product","link":"https:\/\/mekulo.com\/no\/produkt\/multifunksjonell-kraftig-kjokkensaks\/","title":{"rendered":"Multifunksjonell kraftig kj\u00f8kkensaks"},"content":{"rendered":"<p style=\"text-align: center;\" data-start=\"0\" data-end=\"68\"><strong data-start=\"0\" data-end=\"68\">Kutt, knekk og tilbered mat raskere med ett kraftig kj\u00f8kkenverkt\u00f8y.<\/strong><span style=\"font-size: 16px; font-style: normal; font-weight: 400;\">\ud83c\udf73<\/span><\/p>\n<p data-start=\"70\" data-end=\"302\"><img fetchpriority=\"high\" decoding=\"async\" class=\"size-full wp-image-46439 aligncenter\" src=\"https:\/\/keluvo.com\/template\/wp-content\/uploads\/sites\/5\/2025\/12\/10224-ezgif.com-video-to-webp-converter-1-4.webp\" alt=\"\" width=\"500\" height=\"667\" \/><\/p>\n<h2 style=\"text-align: center;\" data-start=\"582\" data-end=\"602\">\u2702\ufe0f Hovedfordeler<\/h2>\n<p data-start=\"605\" data-end=\"667\">\ud83d\udd2a Ultraskarpe blader &#8211; Kutt kj\u00f8tt, fisk og bein enkelt.<\/p>\n<p data-start=\"670\" data-end=\"738\">\ud83e\uddf0 Alt-i-ett-design &#8211; Kutt, knekk n\u00f8tter, trimm urter, \u00e5pne pakker.<\/p>\n<p data-start=\"741\" data-end=\"802\">\u270b Komfortabelt grep &#8211; Sklisikkert h\u00e5ndtak for sikker enh\u00e5ndsbruk.<\/p>\n<p data-start=\"805\" data-end=\"862\">\ud83e\uddfc Enkel \u00e5 rengj\u00f8re &#8211; Ingen mat som setter seg fast, t\u00e5ler oppvaskmaskin.<\/p>\n<p data-start=\"865\" data-end=\"913\">\ud83c\udf81 Klar til gave &#8211; Leveres i elegant emballasje.<\/p>\n<p data-start=\"865\" data-end=\"913\"><img decoding=\"async\" class=\"size-full wp-image-46438 aligncenter\" src=\"https:\/\/keluvo.com\/template\/wp-content\/uploads\/sites\/5\/2025\/12\/10225-ezgif.com-video-to-webp-converter-1-3.webp\" alt=\"\" width=\"500\" height=\"667\" \/><\/p>\n<h2 style=\"text-align: center;\" data-start=\"915\" data-end=\"932\">\u25b6\ufe0f Slik bruker du<\/h2>\n<ol data-start=\"933\" data-end=\"1147\">\n<li data-start=\"933\" data-end=\"985\">\n<p data-start=\"936\" data-end=\"985\">Saksa holdes godt fast i det ergonomiske h\u00e5ndtaket.<\/p>\n<\/li>\n<li data-start=\"986\" data-end=\"1039\">\n<p data-start=\"989\" data-end=\"1039\">Bruk bladene til \u00e5 kutte mat, bein eller emballasje.<\/p>\n<\/li>\n<li data-start=\"1040\" data-end=\"1091\">\n<p data-start=\"1043\" data-end=\"1091\">Bruk det innebygde grepet til \u00e5 knekke n\u00f8tter ved behov.<\/p>\n<\/li>\n<li data-start=\"1092\" data-end=\"1147\">\n<p data-start=\"1095\" data-end=\"1147\">Vask for h\u00e5nd eller sett i oppvaskmaskinen etter bruk.<\/p>\n<\/li>\n<\/ol>\n<h2 style=\"text-align: center;\" data-start=\"1149\" data-end=\"1171\">\ud83d\udccf Produktdetaljer<\/h2>\n<ul data-start=\"1172\" data-end=\"1427\">\n<li data-start=\"1232\" data-end=\"1291\">\n<p data-start=\"1234\" data-end=\"1291\">Materiale: Blad i rustfritt st\u00e5l, h\u00e5ndtak i aluminiumslegering<\/p>\n<\/li>\n<li data-start=\"1309\" data-end=\"1361\">\n<p data-start=\"1311\" data-end=\"1361\">St\u00f8rrelse: 23,6 x 10,5 x 12,5 cm<\/p>\n<\/li>\n<li data-start=\"1362\" data-end=\"1427\">\n<p data-start=\"1364\" data-end=\"1427\">Funksjoner: Rustbestandig, slitesterk, ergonomisk, t\u00e5ler oppvaskmaskin<\/p>\n<\/li>\n<\/ul>\n<h2 style=\"text-align: center;\" data-start=\"1429\" data-end=\"1452\">\ud83d\udce6 Pakken inneholder<\/h2>\n<ul data-start=\"1453\" data-end=\"1491\" data-is-last-node=\"\" data-is-only-node=\"\">\n<li data-start=\"1453\" data-end=\"1491\" data-is-last-node=\"\">\n<p data-start=\"1455\" data-end=\"1491\" data-is-last-node=\"\">1x kj\u00f8kkensaks i rustfritt st\u00e5l.<\/p>\n<\/li>\n<\/ul>\n","protected":false},"excerpt":{"rendered":"<p>Disse multifunksjonelle, kraftige kj\u00f8kkensaksene erstatter flere verkt\u00f8y p\u00e5 kj\u00f8kkenet og h\u00e5ndterer t\u00f8ffe skj\u00e6reoppgaver med letthet. De sparer tid, krefter og plass i den daglige matlagingen, fra kj\u00f8tt og sj\u00f8mat til urter og emballasje. Saksene er utstyrt med kniver i rustfritt st\u00e5l med sv\u00e6rt h\u00f8yt karboninnhold, og de holder seg skarpe og sterke selv ved hard bruk. Det ergonomiske h\u00e5ndtaket gj\u00f8r dem behagelige \u00e5 bruke, og den rengj\u00f8ringsvennlige designen s\u00f8rger for et hygienisk og problemfritt kj\u00f8kken.<\/p>\n","protected":false},"featured_media":15330,"comment_status":"open","ping_status":"closed","template":"","meta":{"site-sidebar-layout":"default","site-content-layout":"","ast-site-content-layout":"default","site-content-style":"default","site-sidebar-style":"default","ast-global-header-display":"","ast-banner-title-visibility":"","ast-main-header-display":"","ast-hfb-above-header-display":"","ast-hfb-below-header-display":"","ast-hfb-mobile-header-display":"","site-post-title":"","ast-breadcrumbs-content":"","ast-featured-img":"","footer-sml-layout":"","theme-transparent-header-meta":"default","adv-header-id-meta":"","stick-header-meta":"","header-above-stick-meta":"","header-main-stick-meta":"","header-below-stick-meta":"","astra-migrate-meta-layouts":"set","ast-page-background-enabled":"default","ast-page-background-meta":{"desktop":{"background-color":"var(--ast-global-color-5)","background-image":"","background-repeat":"repeat","background-position":"center center","background-size":"auto","background-attachment":"scroll","background-type":"","background-media":"","overlay-type":"","overlay-color":"","overlay-opacity":"","overlay-gradient":""},"tablet":{"background-color":"","background-image":"","background-repeat":"repeat","background-position":"center center","background-size":"auto","background-attachment":"scroll","background-type":"","background-media":"","overlay-type":"","overlay-color":"","overlay-opacity":"","overlay-gradient":""},"mobile":{"background-color":"","background-image":"","background-repeat":"repeat","background-position":"center center","background-size":"auto","background-attachment":"scroll","background-type":"","background-media":"","overlay-type":"","overlay-color":"","overlay-opacity":"","overlay-gradient":""}},"ast-content-background-meta":{"desktop":{"background-color":"var(--ast-global-color-4)","background-image":"","background-repeat":"repeat","background-position":"center center","background-size":"auto","background-attachment":"scroll","background-type":"","background-media":"","overlay-type":"","overlay-color":"","overlay-opacity":"","overlay-gradient":""},"tablet":{"background-color":"var(--ast-global-color-4)","background-image":"","background-repeat":"repeat","background-position":"center center","background-size":"auto","background-attachment":"scroll","background-type":"","background-media":"","overlay-type":"","overlay-color":"","overlay-opacity":"","overlay-gradient":""},"mobile":{"background-color":"var(--ast-global-color-4)","background-image":"","background-repeat":"repeat","background-position":"center center","background-size":"auto","background-attachment":"scroll","background-type":"","background-media":"","overlay-type":"","overlay-color":"","overlay-opacity":"","overlay-gradient":""}}},"product_brand":[],"product_cat":[168],"product_tag":[],"class_list":{"0":"post-15334","1":"product","2":"type-product","3":"status-publish","4":"has-post-thumbnail","6":"product_cat-husholdningsartikler","7":"pa_61872_h4r4cg8e-gronn","8":"pa_61872_h4r4cg8e-gul","9":"pa_61872_h4r4cg8e-rod","10":"pa_61872_h4r4cg8e-solv","11":"pa_61872_h4r4cg8e-svart","12":"desktop-align-left","13":"tablet-align-left","14":"mobile-align-left","16":"first","17":"instock","18":"shipping-taxable","19":"purchasable","20":"product-type-variable"},"yoast_head":"<!-- This site is optimized with the Yoast SEO plugin v26.6 - https:\/\/yoast.com\/wordpress\/plugins\/seo\/ -->\n<title>Multifunksjonell kraftig kj\u00f8kkensaks - Mekulo NO<\/title>\n<meta name=\"robots\" content=\"index, follow, max-snippet:-1, max-image-preview:large, max-video-preview:-1\" \/>\n<link rel=\"canonical\" href=\"https:\/\/mekulo.com\/no\/produkt\/multifunksjonell-kraftig-kjokkensaks\/\" \/>\n<meta property=\"og:locale\" content=\"nb_NO\" \/>\n<meta property=\"og:type\" content=\"article\" \/>\n<meta property=\"og:title\" content=\"Multifunksjonell kraftig kj\u00f8kkensaks - Mekulo NO\" \/>\n<meta property=\"og:description\" content=\"Disse multifunksjonelle, kraftige kj\u00f8kkensaksene erstatter flere verkt\u00f8y p\u00e5 kj\u00f8kkenet og h\u00e5ndterer t\u00f8ffe skj\u00e6reoppgaver med letthet. De sparer tid, krefter og plass i den daglige matlagingen, fra kj\u00f8tt og sj\u00f8mat til urter og emballasje. Saksene er utstyrt med kniver i rustfritt st\u00e5l med sv\u00e6rt h\u00f8yt karboninnhold, og de holder seg skarpe og sterke selv ved hard bruk. Det ergonomiske h\u00e5ndtaket gj\u00f8r dem behagelige \u00e5 bruke, og den rengj\u00f8ringsvennlige designen s\u00f8rger for et hygienisk og problemfritt kj\u00f8kken.\" \/>\n<meta property=\"og:url\" content=\"https:\/\/mekulo.com\/no\/produkt\/multifunksjonell-kraftig-kjokkensaks\/\" \/>\n<meta property=\"og:site_name\" content=\"Mekulo NO\" \/>\n<meta property=\"article:modified_time\" content=\"2026-01-07T16:34:52+00:00\" \/>\n<meta property=\"og:image\" content=\"https:\/\/mekulo.com\/no\/wp-content\/uploads\/sites\/10\/2026\/01\/0ufs6zy-1.jpg\" \/>\n\t<meta property=\"og:image:width\" content=\"960\" \/>\n\t<meta property=\"og:image:height\" content=\"960\" \/>\n\t<meta property=\"og:image:type\" content=\"image\/jpeg\" \/>\n<meta name=\"twitter:card\" content=\"summary_large_image\" \/>\n<meta name=\"twitter:label1\" content=\"Ansl. lesetid\" \/>\n\t<meta name=\"twitter:data1\" content=\"2 minutter\" \/>\n<script type=\"application\/ld+json\" class=\"yoast-schema-graph\">{\"@context\":\"https:\/\/schema.org\",\"@graph\":[{\"@type\":\"WebPage\",\"@id\":\"https:\/\/mekulo.com\/no\/produkt\/multifunksjonell-kraftig-kjokkensaks\/\",\"url\":\"https:\/\/mekulo.com\/no\/produkt\/multifunksjonell-kraftig-kjokkensaks\/\",\"name\":\"Multifunksjonell kraftig kj\u00f8kkensaks - Mekulo NO\",\"isPartOf\":{\"@id\":\"https:\/\/mekulo.com\/no\/#website\"},\"primaryImageOfPage\":{\"@id\":\"https:\/\/mekulo.com\/no\/produkt\/multifunksjonell-kraftig-kjokkensaks\/#primaryimage\"},\"image\":{\"@id\":\"https:\/\/mekulo.com\/no\/produkt\/multifunksjonell-kraftig-kjokkensaks\/#primaryimage\"},\"thumbnailUrl\":\"https:\/\/mekulo.com\/no\/wp-content\/uploads\/sites\/10\/2026\/01\/0ufs6zy-1.jpg\",\"datePublished\":\"2026-01-07T10:52:52+00:00\",\"dateModified\":\"2026-01-07T16:34:52+00:00\",\"breadcrumb\":{\"@id\":\"https:\/\/mekulo.com\/no\/produkt\/multifunksjonell-kraftig-kjokkensaks\/#breadcrumb\"},\"inLanguage\":\"nb-NO\",\"potentialAction\":[{\"@type\":\"ReadAction\",\"target\":[\"https:\/\/mekulo.com\/no\/produkt\/multifunksjonell-kraftig-kjokkensaks\/\"]}]},{\"@type\":\"ImageObject\",\"inLanguage\":\"nb-NO\",\"@id\":\"https:\/\/mekulo.com\/no\/produkt\/multifunksjonell-kraftig-kjokkensaks\/#primaryimage\",\"url\":\"https:\/\/mekulo.com\/no\/wp-content\/uploads\/sites\/10\/2026\/01\/0ufs6zy-1.jpg\",\"contentUrl\":\"https:\/\/mekulo.com\/no\/wp-content\/uploads\/sites\/10\/2026\/01\/0ufs6zy-1.jpg\",\"width\":960,\"height\":960},{\"@type\":\"BreadcrumbList\",\"@id\":\"https:\/\/mekulo.com\/no\/produkt\/multifunksjonell-kraftig-kjokkensaks\/#breadcrumb\",\"itemListElement\":[{\"@type\":\"ListItem\",\"position\":1,\"name\":\"Home\",\"item\":\"https:\/\/mekulo.com\/no\/\"},{\"@type\":\"ListItem\",\"position\":2,\"name\":\"Butikk\",\"item\":\"https:\/\/mekulo.com\/no\/butikk\/\"},{\"@type\":\"ListItem\",\"position\":3,\"name\":\"Multifunksjonell kraftig kj\u00f8kkensaks\"}]},{\"@type\":\"WebSite\",\"@id\":\"https:\/\/mekulo.com\/no\/#website\",\"url\":\"https:\/\/mekulo.com\/no\/\",\"name\":\"Mekulo NO\",\"description\":\"\",\"publisher\":{\"@id\":\"https:\/\/mekulo.com\/no\/#organization\"},\"potentialAction\":[{\"@type\":\"SearchAction\",\"target\":{\"@type\":\"EntryPoint\",\"urlTemplate\":\"https:\/\/mekulo.com\/no\/?s={search_term_string}\"},\"query-input\":{\"@type\":\"PropertyValueSpecification\",\"valueRequired\":true,\"valueName\":\"search_term_string\"}}],\"inLanguage\":\"nb-NO\"},{\"@type\":\"Organization\",\"@id\":\"https:\/\/mekulo.com\/no\/#organization\",\"name\":\"Mekulo\",\"url\":\"https:\/\/mekulo.com\/no\/\",\"logo\":{\"@type\":\"ImageObject\",\"inLanguage\":\"nb-NO\",\"@id\":\"https:\/\/mekulo.com\/no\/#\/schema\/logo\/image\/\",\"url\":\"https:\/\/mekulo.com\/no\/wp-content\/uploads\/sites\/10\/2025\/12\/favicon_mekulo.png\",\"contentUrl\":\"https:\/\/mekulo.com\/no\/wp-content\/uploads\/sites\/10\/2025\/12\/favicon_mekulo.png\",\"width\":50,\"height\":50,\"caption\":\"Mekulo\"},\"image\":{\"@id\":\"https:\/\/mekulo.com\/no\/#\/schema\/logo\/image\/\"}}]}<\/script>\n<!-- \/ Yoast SEO plugin. -->","yoast_head_json":{"title":"Multifunksjonell kraftig kj\u00f8kkensaks - Mekulo NO","robots":{"index":"index","follow":"follow","max-snippet":"max-snippet:-1","max-image-preview":"max-image-preview:large","max-video-preview":"max-video-preview:-1"},"canonical":"https:\/\/mekulo.com\/no\/produkt\/multifunksjonell-kraftig-kjokkensaks\/","og_locale":"nb_NO","og_type":"article","og_title":"Multifunksjonell kraftig kj\u00f8kkensaks - Mekulo NO","og_description":"Disse multifunksjonelle, kraftige kj\u00f8kkensaksene erstatter flere verkt\u00f8y p\u00e5 kj\u00f8kkenet og h\u00e5ndterer t\u00f8ffe skj\u00e6reoppgaver med letthet. De sparer tid, krefter og plass i den daglige matlagingen, fra kj\u00f8tt og sj\u00f8mat til urter og emballasje. Saksene er utstyrt med kniver i rustfritt st\u00e5l med sv\u00e6rt h\u00f8yt karboninnhold, og de holder seg skarpe og sterke selv ved hard bruk. Det ergonomiske h\u00e5ndtaket gj\u00f8r dem behagelige \u00e5 bruke, og den rengj\u00f8ringsvennlige designen s\u00f8rger for et hygienisk og problemfritt kj\u00f8kken.","og_url":"https:\/\/mekulo.com\/no\/produkt\/multifunksjonell-kraftig-kjokkensaks\/","og_site_name":"Mekulo NO","article_modified_time":"2026-01-07T16:34:52+00:00","og_image":[{"width":960,"height":960,"url":"https:\/\/mekulo.com\/no\/wp-content\/uploads\/sites\/10\/2026\/01\/0ufs6zy-1.jpg","type":"image\/jpeg"}],"twitter_card":"summary_large_image","twitter_misc":{"Ansl. lesetid":"2 minutter"},"schema":{"@context":"https:\/\/schema.org","@graph":[{"@type":"WebPage","@id":"https:\/\/mekulo.com\/no\/produkt\/multifunksjonell-kraftig-kjokkensaks\/","url":"https:\/\/mekulo.com\/no\/produkt\/multifunksjonell-kraftig-kjokkensaks\/","name":"Multifunksjonell kraftig kj\u00f8kkensaks - Mekulo NO","isPartOf":{"@id":"https:\/\/mekulo.com\/no\/#website"},"primaryImageOfPage":{"@id":"https:\/\/mekulo.com\/no\/produkt\/multifunksjonell-kraftig-kjokkensaks\/#primaryimage"},"image":{"@id":"https:\/\/mekulo.com\/no\/produkt\/multifunksjonell-kraftig-kjokkensaks\/#primaryimage"},"thumbnailUrl":"https:\/\/mekulo.com\/no\/wp-content\/uploads\/sites\/10\/2026\/01\/0ufs6zy-1.jpg","datePublished":"2026-01-07T10:52:52+00:00","dateModified":"2026-01-07T16:34:52+00:00","breadcrumb":{"@id":"https:\/\/mekulo.com\/no\/produkt\/multifunksjonell-kraftig-kjokkensaks\/#breadcrumb"},"inLanguage":"nb-NO","potentialAction":[{"@type":"ReadAction","target":["https:\/\/mekulo.com\/no\/produkt\/multifunksjonell-kraftig-kjokkensaks\/"]}]},{"@type":"ImageObject","inLanguage":"nb-NO","@id":"https:\/\/mekulo.com\/no\/produkt\/multifunksjonell-kraftig-kjokkensaks\/#primaryimage","url":"https:\/\/mekulo.com\/no\/wp-content\/uploads\/sites\/10\/2026\/01\/0ufs6zy-1.jpg","contentUrl":"https:\/\/mekulo.com\/no\/wp-content\/uploads\/sites\/10\/2026\/01\/0ufs6zy-1.jpg","width":960,"height":960},{"@type":"BreadcrumbList","@id":"https:\/\/mekulo.com\/no\/produkt\/multifunksjonell-kraftig-kjokkensaks\/#breadcrumb","itemListElement":[{"@type":"ListItem","position":1,"name":"Home","item":"https:\/\/mekulo.com\/no\/"},{"@type":"ListItem","position":2,"name":"Butikk","item":"https:\/\/mekulo.com\/no\/butikk\/"},{"@type":"ListItem","position":3,"name":"Multifunksjonell kraftig kj\u00f8kkensaks"}]},{"@type":"WebSite","@id":"https:\/\/mekulo.com\/no\/#website","url":"https:\/\/mekulo.com\/no\/","name":"Mekulo NO","description":"","publisher":{"@id":"https:\/\/mekulo.com\/no\/#organization"},"potentialAction":[{"@type":"SearchAction","target":{"@type":"EntryPoint","urlTemplate":"https:\/\/mekulo.com\/no\/?s={search_term_string}"},"query-input":{"@type":"PropertyValueSpecification","valueRequired":true,"valueName":"search_term_string"}}],"inLanguage":"nb-NO"},{"@type":"Organization","@id":"https:\/\/mekulo.com\/no\/#organization","name":"Mekulo","url":"https:\/\/mekulo.com\/no\/","logo":{"@type":"ImageObject","inLanguage":"nb-NO","@id":"https:\/\/mekulo.com\/no\/#\/schema\/logo\/image\/","url":"https:\/\/mekulo.com\/no\/wp-content\/uploads\/sites\/10\/2025\/12\/favicon_mekulo.png","contentUrl":"https:\/\/mekulo.com\/no\/wp-content\/uploads\/sites\/10\/2025\/12\/favicon_mekulo.png","width":50,"height":50,"caption":"Mekulo"},"image":{"@id":"https:\/\/mekulo.com\/no\/#\/schema\/logo\/image\/"}}]}},"_links":{"self":[{"href":"https:\/\/mekulo.com\/no\/wp-json\/wp\/v2\/product\/15334","targetHints":{"allow":["GET"]}}],"collection":[{"href":"https:\/\/mekulo.com\/no\/wp-json\/wp\/v2\/product"}],"about":[{"href":"https:\/\/mekulo.com\/no\/wp-json\/wp\/v2\/types\/product"}],"replies":[{"embeddable":true,"href":"https:\/\/mekulo.com\/no\/wp-json\/wp\/v2\/comments?post=15334"}],"wp:featuredmedia":[{"embeddable":true,"href":"https:\/\/mekulo.com\/no\/wp-json\/wp\/v2\/media\/15330"}],"wp:attachment":[{"href":"https:\/\/mekulo.com\/no\/wp-json\/wp\/v2\/media?parent=15334"}],"wp:term":[{"taxonomy":"product_brand","embeddable":true,"href":"https:\/\/mekulo.com\/no\/wp-json\/wp\/v2\/product_brand?post=15334"},{"taxonomy":"product_cat","embeddable":true,"href":"https:\/\/mekulo.com\/no\/wp-json\/wp\/v2\/product_cat?post=15334"},{"taxonomy":"product_tag","embeddable":true,"href":"https:\/\/mekulo.com\/no\/wp-json\/wp\/v2\/product_tag?post=15334"}],"curies":[{"name":"wp","href":"https:\/\/api.w.org\/{rel}","templated":true}]}}